{"id":11594,"date":"2021-05-11T13:36:34","date_gmt":"2021-11-30T11:37:00","guid":{"rendered":"https:\/\/gliptoneeurope.com\/product\/glipguard-express-1-gall-3-8l\/"},"modified":"2021-11-30T11:37:00","modified_gmt":"2021-11-30T11:37:00","slug":"glipguard-express-1-gall-3-8l-2","status":"publish","type":"product","link":"https:\/\/gliptoneeurope.com\/fr\/produit\/glipguard-express-1-gall-3-8l-2\/","title":{"rendered":"Glipguard Express 1 Gall (3.8L)"},"content":{"rendered":"<p>Glipguard\u00ae Express est notre mastic polym\u00e8re haute brillance facile \u00e0 utiliser, adapt\u00e9 \u00e0 de multiples applications une fois la surface nettoy\u00e9e.<\/p>\n<p>La formule peut \u00eatre utilis\u00e9e sur toutes les surfaces ext\u00e9rieures humides ou s\u00e8ches, le m\u00e9tal, les panneaux de plastique peints, le grain de bois, le caoutchouc et les garnitures en vinyle.<\/p>\n<p>Ce produit est \u00e9galement disponible en tant que <a href=\"https:\/\/gliptoneeurope.com\/product\/total-body-protection-with-glipguard\/\">protection totale du corps<\/a> , dans un plus petit volume de 650 ml (22 oz).<\/p>\n","protected":false},"excerpt":{"rendered":"<p>Glipguard\u00ae Express est notre mastic polym\u00e8re haute brillance facile \u00e0 utiliser, adapt\u00e9 \u00e0 de multiples applications une fois la surface nettoy\u00e9e. La formule peut \u00eatre utilis\u00e9e sur toutes les surfaces ext\u00e9rieures humides ou s\u00e8ches, le m\u00e9tal, les panneaux de plastique peints, le grain de bois, le caoutchouc et les garnitures en vinyle. Ce produit est [&hellip;]<\/p>\n","protected":false},"featured_media":10918,"template":"","meta":[],"product_brand":[],"product_cat":[94,109],"product_tag":[],"class_list":{"0":"post-11594","1":"product","2":"type-product","3":"status-publish","4":"has-post-thumbnail","6":"product_cat-nouveaux-produits","7":"product_cat-produits-professionnels","9":"first","10":"instock","11":"taxable","12":"shipping-taxable","13":"purchasable","14":"product-type-simple"},"yoast_head":"<!-- This site is optimized with the Yoast SEO Premium plugin v21.4 (Yoast SEO v27.4) - https:\/\/yoast.com\/product\/yoast-seo-premium-wordpress\/ -->\n<title>Glipguard Express 1 Gall (3.8L) - Gliptone Europe<\/title>\n<meta name=\"description\" content=\"Glipguard\u00ae Express est notre mastic polym\u00e8re haute brillance facile \u00e0 utiliser, adapt\u00e9 \u00e0 de multiples applications une fois la surface nettoy\u00e9e.\" \/>\n<meta name=\"robots\" content=\"index, follow, max-snippet:-1, max-image-preview:large, max-video-preview:-1\" \/>\n<link rel=\"canonical\" href=\"https:\/\/gliptoneeurope.com\/produit\/glipguard-express-1-gall-3-8l\/\" \/>\n<meta property=\"og:locale\" content=\"fr_FR\" \/>\n<meta property=\"og:type\" content=\"article\" \/>\n<meta property=\"og:title\" content=\"Glipguard Express 1 Gall (3.8L)\" \/>\n<meta property=\"og:description\" content=\"Glipguard\u00ae Express est notre mastic polym\u00e8re haute brillance facile \u00e0 utiliser, adapt\u00e9 \u00e0 de multiples applications une fois la surface nettoy\u00e9e. La\" \/>\n<meta property=\"og:url\" content=\"https:\/\/gliptoneeurope.com\/produit\/glipguard-express-1-gall-3-8l\/\" \/>\n<meta property=\"og:site_name\" content=\"Gliptone Europe\" \/>\n<meta property=\"article:publisher\" content=\"https:\/\/www.facebook.com\/gliptoneeurope\/\" \/>\n<meta property=\"og:image\" content=\"https:\/\/gliptoneeurope.com\/wp-content\/uploads\/Glipguard-Express-1-Gall-3.8L.jpg\" \/>\n\t<meta property=\"og:image:width\" content=\"1499\" \/>\n\t<meta property=\"og:image:height\" content=\"1499\" \/>\n\t<meta property=\"og:image:type\" content=\"image\/jpeg\" \/>\n<meta name=\"twitter:card\" content=\"summary_large_image\" \/>\n<script type=\"application\/ld+json\" class=\"yoast-schema-graph\">{\"@context\":\"https:\\\/\\\/schema.org\",\"@graph\":[{\"@type\":\"WebPage\",\"@id\":\"https:\\\/\\\/gliptoneeurope.com\\\/produit\\\/glipguard-express-1-gall-3-8l\\\/\",\"url\":\"https:\\\/\\\/gliptoneeurope.com\\\/produit\\\/glipguard-express-1-gall-3-8l\\\/\",\"name\":\"Glipguard Express 1 Gall (3.8L) - Gliptone Europe\",\"isPartOf\":{\"@id\":\"https:\\\/\\\/gliptoneeurope.com\\\/#website\"},\"primaryImageOfPage\":{\"@id\":\"https:\\\/\\\/gliptoneeurope.com\\\/produit\\\/glipguard-express-1-gall-3-8l\\\/#primaryimage\"},\"image\":{\"@id\":\"https:\\\/\\\/gliptoneeurope.com\\\/produit\\\/glipguard-express-1-gall-3-8l\\\/#primaryimage\"},\"thumbnailUrl\":\"https:\\\/\\\/gliptoneeurope.com\\\/wp-content\\\/uploads\\\/Glipguard-Express-1-Gall-3.8L.jpg\",\"datePublished\":\"2021-11-30T11:37:00+00:00\",\"description\":\"Glipguard\u00ae Express est notre mastic polym\u00e8re haute brillance facile \u00e0 utiliser, adapt\u00e9 \u00e0 de multiples applications une fois la surface nettoy\u00e9e.\",\"breadcrumb\":{\"@id\":\"https:\\\/\\\/gliptoneeurope.com\\\/produit\\\/glipguard-express-1-gall-3-8l\\\/#breadcrumb\"},\"inLanguage\":\"fr-FR\",\"potentialAction\":[{\"@type\":\"ReadAction\",\"target\":[\"https:\\\/\\\/gliptoneeurope.com\\\/produit\\\/glipguard-express-1-gall-3-8l\\\/\"]}]},{\"@type\":\"ImageObject\",\"inLanguage\":\"fr-FR\",\"@id\":\"https:\\\/\\\/gliptoneeurope.com\\\/produit\\\/glipguard-express-1-gall-3-8l\\\/#primaryimage\",\"url\":\"https:\\\/\\\/gliptoneeurope.com\\\/wp-content\\\/uploads\\\/Glipguard-Express-1-Gall-3.8L.jpg\",\"contentUrl\":\"https:\\\/\\\/gliptoneeurope.com\\\/wp-content\\\/uploads\\\/Glipguard-Express-1-Gall-3.8L.jpg\",\"width\":1499,\"height\":1499},{\"@type\":\"BreadcrumbList\",\"@id\":\"https:\\\/\\\/gliptoneeurope.com\\\/produit\\\/glipguard-express-1-gall-3-8l\\\/#breadcrumb\",\"itemListElement\":[{\"@type\":\"ListItem\",\"position\":1,\"name\":\"Home\",\"item\":\"https:\\\/\\\/gliptoneeurope.com\\\/\"},{\"@type\":\"ListItem\",\"position\":2,\"name\":\"Boutique\",\"item\":\"https:\\\/\\\/gliptoneeurope.com\\\/fr\\\/boutique\\\/\"},{\"@type\":\"ListItem\",\"position\":3,\"name\":\"Glipguard Express 1 Gall (3.8L)\"}]},{\"@type\":\"WebSite\",\"@id\":\"https:\\\/\\\/gliptoneeurope.com\\\/#website\",\"url\":\"https:\\\/\\\/gliptoneeurope.com\\\/\",\"name\":\"Gliptone Europe\",\"description\":\"Professional Car Detailing Products\",\"publisher\":{\"@id\":\"https:\\\/\\\/gliptoneeurope.com\\\/#organization\"},\"potentialAction\":[{\"@type\":\"SearchAction\",\"target\":{\"@type\":\"EntryPoint\",\"urlTemplate\":\"https:\\\/\\\/gliptoneeurope.com\\\/?s={search_term_string}\"},\"query-input\":{\"@type\":\"PropertyValueSpecification\",\"valueRequired\":true,\"valueName\":\"search_term_string\"}}],\"inLanguage\":\"fr-FR\"},{\"@type\":\"Organization\",\"@id\":\"https:\\\/\\\/gliptoneeurope.com\\\/#organization\",\"name\":\"Gliptone Europe\",\"url\":\"https:\\\/\\\/gliptoneeurope.com\\\/\",\"logo\":{\"@type\":\"ImageObject\",\"inLanguage\":\"fr-FR\",\"@id\":\"https:\\\/\\\/gliptoneeurope.com\\\/#\\\/schema\\\/logo\\\/image\\\/\",\"url\":\"https:\\\/\\\/gliptoneeurope.com\\\/wp-content\\\/uploads\\\/Gliptone_Logo.png\",\"contentUrl\":\"https:\\\/\\\/gliptoneeurope.com\\\/wp-content\\\/uploads\\\/Gliptone_Logo.png\",\"width\":1472,\"height\":607,\"caption\":\"Gliptone Europe\"},\"image\":{\"@id\":\"https:\\\/\\\/gliptoneeurope.com\\\/#\\\/schema\\\/logo\\\/image\\\/\"},\"sameAs\":[\"https:\\\/\\\/www.facebook.com\\\/gliptoneeurope\\\/\",\"https:\\\/\\\/www.instagram.com\\\/gliptoneeurope\\\/\",\"https:\\\/\\\/www.pinterest.co.uk\\\/GliptoneEurope\\\/\"]}]}<\/script>\n<!-- \/ Yoast SEO Premium plugin. -->","yoast_head_json":{"title":"Glipguard Express 1 Gall (3.8L) - Gliptone Europe","description":"Glipguard\u00ae Express est notre mastic polym\u00e8re haute brillance facile \u00e0 utiliser, adapt\u00e9 \u00e0 de multiples applications une fois la surface nettoy\u00e9e.","robots":{"index":"index","follow":"follow","max-snippet":"max-snippet:-1","max-image-preview":"max-image-preview:large","max-video-preview":"max-video-preview:-1"},"canonical":"https:\/\/gliptoneeurope.com\/produit\/glipguard-express-1-gall-3-8l\/","og_locale":"fr_FR","og_type":"article","og_title":"Glipguard Express 1 Gall (3.8L)","og_description":"Glipguard\u00ae Express est notre mastic polym\u00e8re haute brillance facile \u00e0 utiliser, adapt\u00e9 \u00e0 de multiples applications une fois la surface nettoy\u00e9e. La","og_url":"https:\/\/gliptoneeurope.com\/produit\/glipguard-express-1-gall-3-8l\/","og_site_name":"Gliptone Europe","article_publisher":"https:\/\/www.facebook.com\/gliptoneeurope\/","og_image":[{"width":1499,"height":1499,"url":"https:\/\/gliptoneeurope.com\/wp-content\/uploads\/Glipguard-Express-1-Gall-3.8L.jpg","type":"image\/jpeg"}],"twitter_card":"summary_large_image","schema":{"@context":"https:\/\/schema.org","@graph":[{"@type":"WebPage","@id":"https:\/\/gliptoneeurope.com\/produit\/glipguard-express-1-gall-3-8l\/","url":"https:\/\/gliptoneeurope.com\/produit\/glipguard-express-1-gall-3-8l\/","name":"Glipguard Express 1 Gall (3.8L) - Gliptone Europe","isPartOf":{"@id":"https:\/\/gliptoneeurope.com\/#website"},"primaryImageOfPage":{"@id":"https:\/\/gliptoneeurope.com\/produit\/glipguard-express-1-gall-3-8l\/#primaryimage"},"image":{"@id":"https:\/\/gliptoneeurope.com\/produit\/glipguard-express-1-gall-3-8l\/#primaryimage"},"thumbnailUrl":"https:\/\/gliptoneeurope.com\/wp-content\/uploads\/Glipguard-Express-1-Gall-3.8L.jpg","datePublished":"2021-11-30T11:37:00+00:00","description":"Glipguard\u00ae Express est notre mastic polym\u00e8re haute brillance facile \u00e0 utiliser, adapt\u00e9 \u00e0 de multiples applications une fois la surface nettoy\u00e9e.","breadcrumb":{"@id":"https:\/\/gliptoneeurope.com\/produit\/glipguard-express-1-gall-3-8l\/#breadcrumb"},"inLanguage":"fr-FR","potentialAction":[{"@type":"ReadAction","target":["https:\/\/gliptoneeurope.com\/produit\/glipguard-express-1-gall-3-8l\/"]}]},{"@type":"ImageObject","inLanguage":"fr-FR","@id":"https:\/\/gliptoneeurope.com\/produit\/glipguard-express-1-gall-3-8l\/#primaryimage","url":"https:\/\/gliptoneeurope.com\/wp-content\/uploads\/Glipguard-Express-1-Gall-3.8L.jpg","contentUrl":"https:\/\/gliptoneeurope.com\/wp-content\/uploads\/Glipguard-Express-1-Gall-3.8L.jpg","width":1499,"height":1499},{"@type":"BreadcrumbList","@id":"https:\/\/gliptoneeurope.com\/produit\/glipguard-express-1-gall-3-8l\/#breadcrumb","itemListElement":[{"@type":"ListItem","position":1,"name":"Home","item":"https:\/\/gliptoneeurope.com\/"},{"@type":"ListItem","position":2,"name":"Boutique","item":"https:\/\/gliptoneeurope.com\/fr\/boutique\/"},{"@type":"ListItem","position":3,"name":"Glipguard Express 1 Gall (3.8L)"}]},{"@type":"WebSite","@id":"https:\/\/gliptoneeurope.com\/#website","url":"https:\/\/gliptoneeurope.com\/","name":"Gliptone Europe","description":"Professional Car Detailing Products","publisher":{"@id":"https:\/\/gliptoneeurope.com\/#organization"},"potentialAction":[{"@type":"SearchAction","target":{"@type":"EntryPoint","urlTemplate":"https:\/\/gliptoneeurope.com\/?s={search_term_string}"},"query-input":{"@type":"PropertyValueSpecification","valueRequired":true,"valueName":"search_term_string"}}],"inLanguage":"fr-FR"},{"@type":"Organization","@id":"https:\/\/gliptoneeurope.com\/#organization","name":"Gliptone Europe","url":"https:\/\/gliptoneeurope.com\/","logo":{"@type":"ImageObject","inLanguage":"fr-FR","@id":"https:\/\/gliptoneeurope.com\/#\/schema\/logo\/image\/","url":"https:\/\/gliptoneeurope.com\/wp-content\/uploads\/Gliptone_Logo.png","contentUrl":"https:\/\/gliptoneeurope.com\/wp-content\/uploads\/Gliptone_Logo.png","width":1472,"height":607,"caption":"Gliptone Europe"},"image":{"@id":"https:\/\/gliptoneeurope.com\/#\/schema\/logo\/image\/"},"sameAs":["https:\/\/www.facebook.com\/gliptoneeurope\/","https:\/\/www.instagram.com\/gliptoneeurope\/","https:\/\/www.pinterest.co.uk\/GliptoneEurope\/"]}]}},"wcpa_form_fields":null,"_links":{"self":[{"href":"https:\/\/gliptoneeurope.com\/fr\/wp-json\/wp\/v2\/product\/11594","targetHints":{"allow":["GET"]}}],"collection":[{"href":"https:\/\/gliptoneeurope.com\/fr\/wp-json\/wp\/v2\/product"}],"about":[{"href":"https:\/\/gliptoneeurope.com\/fr\/wp-json\/wp\/v2\/types\/product"}],"wp:featuredmedia":[{"embeddable":true,"href":"https:\/\/gliptoneeurope.com\/fr\/wp-json\/wp\/v2\/media\/10918"}],"wp:attachment":[{"href":"https:\/\/gliptoneeurope.com\/fr\/wp-json\/wp\/v2\/media?parent=11594"}],"wp:term":[{"taxonomy":"product_brand","embeddable":true,"href":"https:\/\/gliptoneeurope.com\/fr\/wp-json\/wp\/v2\/product_brand?post=11594"},{"taxonomy":"product_cat","embeddable":true,"href":"https:\/\/gliptoneeurope.com\/fr\/wp-json\/wp\/v2\/product_cat?post=11594"},{"taxonomy":"product_tag","embeddable":true,"href":"https:\/\/gliptoneeurope.com\/fr\/wp-json\/wp\/v2\/product_tag?post=11594"}],"curies":[{"name":"wp","href":"https:\/\/api.w.org\/{rel}","templated":true}]}}