{"id":11584,"date":"2021-05-11T13:36:33","date_gmt":"2021-11-30T11:36:55","guid":{"rendered":"https:\/\/gliptoneeurope.com\/product\/nettoyant-tout-usage-citrus-magic-510g-18oz\/"},"modified":"2021-11-30T11:36:55","modified_gmt":"2021-11-30T11:36:55","slug":"nettoyant-tout-usage-agrume-magic-510g-18oz","status":"publish","type":"product","link":"https:\/\/gliptoneeurope.com\/fr\/produit\/nettoyant-tout-usage-agrume-magic-510g-18oz\/","title":{"rendered":"Nettoyant tout usage Citrus Magic 510g (18oz)"},"content":{"rendered":"<p>Citrus Magic est notre nouveau nettoyant tout usage qui a \u00e9t\u00e9 formul\u00e9 avec des solvants d&#8217;agrumes orange pour \u00e9liminer m\u00eame la salet\u00e9 et la crasse les plus tenaces.<\/p>\n<p>La formule aidera \u00e0 \u00e9liminer les empreintes de mains sales sur les murs et les portes, les \u00e9raflures sur les sols, les anneaux de baignoire, la suie, la graisse, le film de fum\u00e9e, l&#8217;huile, le carbone l\u00e9ger, la poussi\u00e8re, le rouge \u00e0 l\u00e8vres et les marques de crayon.<\/p>\n<p>Une fois appliqu\u00e9, il d\u00e9sodorisera la zone trait\u00e9e tout en la nettoyant, la laissant fra\u00eeche, propre et sentant bon.<\/p>\n<p>Choisissez Citrus Magic plut\u00f4t que notre <a href=\"https:\/\/gliptoneeurope.com\/product\/muscle-foam-multipurpose-aerosol-cleaner\/\">Muscle Foam Cleaner<\/a> &#x2122; pour toutes les applications de nettoyage de surfaces dures telles que les montants de porte et les panneaux.<\/p>\n<p>Notre nettoyant et d\u00e9graissant sp\u00e9cial multi-usages <a href=\"https:\/\/gliptoneeurope.com\/product\/ultra-cleaner-1-gall-3-8l\/\">Ultra Cleaner<\/a> est une excellente alternative pour un usage professionnel, disponible \u00e0 l&#8217;achat dans une bouteille de 3,8 L (1 gallon).<\/p>\n","protected":false},"excerpt":{"rendered":"<p>Citrus Magic est notre nouveau nettoyant tout usage qui a \u00e9t\u00e9 formul\u00e9 avec des solvants d&#8217;agrumes orange pour \u00e9liminer m\u00eame la salet\u00e9 et la crasse les plus tenaces. La formule aidera \u00e0 \u00e9liminer les empreintes de mains sales sur les murs et les portes, les \u00e9raflures sur les sols, les anneaux de baignoire, la suie, [&hellip;]<\/p>\n","protected":false},"featured_media":10928,"template":"","meta":[],"product_brand":[],"product_cat":[94,116],"product_tag":[],"class_list":{"0":"post-11584","1":"product","2":"type-product","3":"status-publish","4":"has-post-thumbnail","6":"product_cat-nouveaux-produits","7":"product_cat-preparation-nettoyage","9":"first","10":"instock","11":"taxable","12":"shipping-taxable","13":"purchasable","14":"product-type-simple"},"yoast_head":"<!-- This site is optimized with the Yoast SEO Premium plugin v21.4 (Yoast SEO v27.5) - https:\/\/yoast.com\/product\/yoast-seo-premium-wordpress\/ -->\n<title>Nettoyant tout usage Citrus Magic 510g (18oz) - Gliptone Europe<\/title>\n<meta name=\"description\" content=\"Citrus Magic est notre nouveau nettoyant tout usage qui a \u00e9t\u00e9 formul\u00e9 avec des solvants d&#039;agrumes orange pour \u00e9liminer m\u00eame la salet\u00e9 et la crasse les plus tenaces.\" \/>\n<meta name=\"robots\" content=\"index, follow, max-snippet:-1, max-image-preview:large, max-video-preview:-1\" \/>\n<link rel=\"canonical\" href=\"https:\/\/gliptoneeurope.com\/fr\/produit\/nettoyant-tout-usage-agrume-magic-510g-18oz\/\" \/>\n<meta property=\"og:locale\" content=\"fr_FR\" \/>\n<meta property=\"og:type\" content=\"article\" \/>\n<meta property=\"og:title\" content=\"Nettoyant tout usage Citrus Magic 510g (18oz)\" \/>\n<meta property=\"og:description\" content=\"Citrus Magic est notre nouveau nettoyant tout usage qui a \u00e9t\u00e9 formul\u00e9 avec des solvants d&#039;agrumes orange pour \u00e9liminer m\u00eame la salet\u00e9 et la crasse les\" \/>\n<meta property=\"og:url\" content=\"https:\/\/gliptoneeurope.com\/fr\/produit\/nettoyant-tout-usage-agrume-magic-510g-18oz\/\" \/>\n<meta property=\"og:site_name\" content=\"Gliptone Europe\" \/>\n<meta property=\"article:publisher\" content=\"https:\/\/www.facebook.com\/gliptoneeurope\/\" \/>\n<meta property=\"og:image\" content=\"https:\/\/gliptoneeurope.com\/wp-content\/uploads\/Citrus-Magic-All-Purpose-Cleaner-510g-18oz.jpg\" \/>\n\t<meta property=\"og:image:width\" content=\"1525\" \/>\n\t<meta property=\"og:image:height\" content=\"1525\" \/>\n\t<meta property=\"og:image:type\" content=\"image\/jpeg\" \/>\n<meta name=\"twitter:card\" content=\"summary_large_image\" \/>\n<meta name=\"twitter:label1\" content=\"Dur\u00e9e de lecture estim\u00e9e\" \/>\n\t<meta name=\"twitter:data1\" content=\"1 minute\" \/>\n<script type=\"application\/ld+json\" class=\"yoast-schema-graph\">{\"@context\":\"https:\\\/\\\/schema.org\",\"@graph\":[{\"@type\":\"WebPage\",\"@id\":\"https:\\\/\\\/gliptoneeurope.com\\\/fr\\\/produit\\\/nettoyant-tout-usage-agrume-magic-510g-18oz\\\/\",\"url\":\"https:\\\/\\\/gliptoneeurope.com\\\/fr\\\/produit\\\/nettoyant-tout-usage-agrume-magic-510g-18oz\\\/\",\"name\":\"Nettoyant tout usage Citrus Magic 510g (18oz) - Gliptone Europe\",\"isPartOf\":{\"@id\":\"https:\\\/\\\/gliptoneeurope.com\\\/#website\"},\"primaryImageOfPage\":{\"@id\":\"https:\\\/\\\/gliptoneeurope.com\\\/fr\\\/produit\\\/nettoyant-tout-usage-agrume-magic-510g-18oz\\\/#primaryimage\"},\"image\":{\"@id\":\"https:\\\/\\\/gliptoneeurope.com\\\/fr\\\/produit\\\/nettoyant-tout-usage-agrume-magic-510g-18oz\\\/#primaryimage\"},\"thumbnailUrl\":\"https:\\\/\\\/gliptoneeurope.com\\\/wp-content\\\/uploads\\\/Citrus-Magic-All-Purpose-Cleaner-510g-18oz.jpg\",\"datePublished\":\"2021-11-30T11:36:55+00:00\",\"description\":\"Citrus Magic est notre nouveau nettoyant tout usage qui a \u00e9t\u00e9 formul\u00e9 avec des solvants d'agrumes orange pour \u00e9liminer m\u00eame la salet\u00e9 et la crasse les plus tenaces.\",\"breadcrumb\":{\"@id\":\"https:\\\/\\\/gliptoneeurope.com\\\/fr\\\/produit\\\/nettoyant-tout-usage-agrume-magic-510g-18oz\\\/#breadcrumb\"},\"inLanguage\":\"fr-FR\",\"potentialAction\":[{\"@type\":\"ReadAction\",\"target\":[\"https:\\\/\\\/gliptoneeurope.com\\\/fr\\\/produit\\\/nettoyant-tout-usage-agrume-magic-510g-18oz\\\/\"]}]},{\"@type\":\"ImageObject\",\"inLanguage\":\"fr-FR\",\"@id\":\"https:\\\/\\\/gliptoneeurope.com\\\/fr\\\/produit\\\/nettoyant-tout-usage-agrume-magic-510g-18oz\\\/#primaryimage\",\"url\":\"https:\\\/\\\/gliptoneeurope.com\\\/wp-content\\\/uploads\\\/Citrus-Magic-All-Purpose-Cleaner-510g-18oz.jpg\",\"contentUrl\":\"https:\\\/\\\/gliptoneeurope.com\\\/wp-content\\\/uploads\\\/Citrus-Magic-All-Purpose-Cleaner-510g-18oz.jpg\",\"width\":1525,\"height\":1525},{\"@type\":\"BreadcrumbList\",\"@id\":\"https:\\\/\\\/gliptoneeurope.com\\\/fr\\\/produit\\\/nettoyant-tout-usage-agrume-magic-510g-18oz\\\/#breadcrumb\",\"itemListElement\":[{\"@type\":\"ListItem\",\"position\":1,\"name\":\"Home\",\"item\":\"https:\\\/\\\/gliptoneeurope.com\\\/\"},{\"@type\":\"ListItem\",\"position\":2,\"name\":\"Boutique\",\"item\":\"https:\\\/\\\/gliptoneeurope.com\\\/fr\\\/boutique\\\/\"},{\"@type\":\"ListItem\",\"position\":3,\"name\":\"Nettoyant tout usage Citrus Magic 510g (18oz)\"}]},{\"@type\":\"WebSite\",\"@id\":\"https:\\\/\\\/gliptoneeurope.com\\\/#website\",\"url\":\"https:\\\/\\\/gliptoneeurope.com\\\/\",\"name\":\"Gliptone Europe\",\"description\":\"Professional Car Detailing Products\",\"publisher\":{\"@id\":\"https:\\\/\\\/gliptoneeurope.com\\\/#organization\"},\"potentialAction\":[{\"@type\":\"SearchAction\",\"target\":{\"@type\":\"EntryPoint\",\"urlTemplate\":\"https:\\\/\\\/gliptoneeurope.com\\\/?s={search_term_string}\"},\"query-input\":{\"@type\":\"PropertyValueSpecification\",\"valueRequired\":true,\"valueName\":\"search_term_string\"}}],\"inLanguage\":\"fr-FR\"},{\"@type\":\"Organization\",\"@id\":\"https:\\\/\\\/gliptoneeurope.com\\\/#organization\",\"name\":\"Gliptone Europe\",\"url\":\"https:\\\/\\\/gliptoneeurope.com\\\/\",\"logo\":{\"@type\":\"ImageObject\",\"inLanguage\":\"fr-FR\",\"@id\":\"https:\\\/\\\/gliptoneeurope.com\\\/#\\\/schema\\\/logo\\\/image\\\/\",\"url\":\"https:\\\/\\\/gliptoneeurope.com\\\/wp-content\\\/uploads\\\/Gliptone_Logo.png\",\"contentUrl\":\"https:\\\/\\\/gliptoneeurope.com\\\/wp-content\\\/uploads\\\/Gliptone_Logo.png\",\"width\":1472,\"height\":607,\"caption\":\"Gliptone Europe\"},\"image\":{\"@id\":\"https:\\\/\\\/gliptoneeurope.com\\\/#\\\/schema\\\/logo\\\/image\\\/\"},\"sameAs\":[\"https:\\\/\\\/www.facebook.com\\\/gliptoneeurope\\\/\",\"https:\\\/\\\/www.instagram.com\\\/gliptoneeurope\\\/\",\"https:\\\/\\\/www.pinterest.co.uk\\\/GliptoneEurope\\\/\"]}]}<\/script>\n<!-- \/ Yoast SEO Premium plugin. -->","yoast_head_json":{"title":"Nettoyant tout usage Citrus Magic 510g (18oz) - Gliptone Europe","description":"Citrus Magic est notre nouveau nettoyant tout usage qui a \u00e9t\u00e9 formul\u00e9 avec des solvants d'agrumes orange pour \u00e9liminer m\u00eame la salet\u00e9 et la crasse les plus tenaces.","robots":{"index":"index","follow":"follow","max-snippet":"max-snippet:-1","max-image-preview":"max-image-preview:large","max-video-preview":"max-video-preview:-1"},"canonical":"https:\/\/gliptoneeurope.com\/fr\/produit\/nettoyant-tout-usage-agrume-magic-510g-18oz\/","og_locale":"fr_FR","og_type":"article","og_title":"Nettoyant tout usage Citrus Magic 510g (18oz)","og_description":"Citrus Magic est notre nouveau nettoyant tout usage qui a \u00e9t\u00e9 formul\u00e9 avec des solvants d'agrumes orange pour \u00e9liminer m\u00eame la salet\u00e9 et la crasse les","og_url":"https:\/\/gliptoneeurope.com\/fr\/produit\/nettoyant-tout-usage-agrume-magic-510g-18oz\/","og_site_name":"Gliptone Europe","article_publisher":"https:\/\/www.facebook.com\/gliptoneeurope\/","og_image":[{"width":1525,"height":1525,"url":"https:\/\/gliptoneeurope.com\/wp-content\/uploads\/Citrus-Magic-All-Purpose-Cleaner-510g-18oz.jpg","type":"image\/jpeg"}],"twitter_card":"summary_large_image","twitter_misc":{"Dur\u00e9e de lecture estim\u00e9e":"1 minute"},"schema":{"@context":"https:\/\/schema.org","@graph":[{"@type":"WebPage","@id":"https:\/\/gliptoneeurope.com\/fr\/produit\/nettoyant-tout-usage-agrume-magic-510g-18oz\/","url":"https:\/\/gliptoneeurope.com\/fr\/produit\/nettoyant-tout-usage-agrume-magic-510g-18oz\/","name":"Nettoyant tout usage Citrus Magic 510g (18oz) - Gliptone Europe","isPartOf":{"@id":"https:\/\/gliptoneeurope.com\/#website"},"primaryImageOfPage":{"@id":"https:\/\/gliptoneeurope.com\/fr\/produit\/nettoyant-tout-usage-agrume-magic-510g-18oz\/#primaryimage"},"image":{"@id":"https:\/\/gliptoneeurope.com\/fr\/produit\/nettoyant-tout-usage-agrume-magic-510g-18oz\/#primaryimage"},"thumbnailUrl":"https:\/\/gliptoneeurope.com\/wp-content\/uploads\/Citrus-Magic-All-Purpose-Cleaner-510g-18oz.jpg","datePublished":"2021-11-30T11:36:55+00:00","description":"Citrus Magic est notre nouveau nettoyant tout usage qui a \u00e9t\u00e9 formul\u00e9 avec des solvants d'agrumes orange pour \u00e9liminer m\u00eame la salet\u00e9 et la crasse les plus tenaces.","breadcrumb":{"@id":"https:\/\/gliptoneeurope.com\/fr\/produit\/nettoyant-tout-usage-agrume-magic-510g-18oz\/#breadcrumb"},"inLanguage":"fr-FR","potentialAction":[{"@type":"ReadAction","target":["https:\/\/gliptoneeurope.com\/fr\/produit\/nettoyant-tout-usage-agrume-magic-510g-18oz\/"]}]},{"@type":"ImageObject","inLanguage":"fr-FR","@id":"https:\/\/gliptoneeurope.com\/fr\/produit\/nettoyant-tout-usage-agrume-magic-510g-18oz\/#primaryimage","url":"https:\/\/gliptoneeurope.com\/wp-content\/uploads\/Citrus-Magic-All-Purpose-Cleaner-510g-18oz.jpg","contentUrl":"https:\/\/gliptoneeurope.com\/wp-content\/uploads\/Citrus-Magic-All-Purpose-Cleaner-510g-18oz.jpg","width":1525,"height":1525},{"@type":"BreadcrumbList","@id":"https:\/\/gliptoneeurope.com\/fr\/produit\/nettoyant-tout-usage-agrume-magic-510g-18oz\/#breadcrumb","itemListElement":[{"@type":"ListItem","position":1,"name":"Home","item":"https:\/\/gliptoneeurope.com\/"},{"@type":"ListItem","position":2,"name":"Boutique","item":"https:\/\/gliptoneeurope.com\/fr\/boutique\/"},{"@type":"ListItem","position":3,"name":"Nettoyant tout usage Citrus Magic 510g (18oz)"}]},{"@type":"WebSite","@id":"https:\/\/gliptoneeurope.com\/#website","url":"https:\/\/gliptoneeurope.com\/","name":"Gliptone Europe","description":"Professional Car Detailing Products","publisher":{"@id":"https:\/\/gliptoneeurope.com\/#organization"},"potentialAction":[{"@type":"SearchAction","target":{"@type":"EntryPoint","urlTemplate":"https:\/\/gliptoneeurope.com\/?s={search_term_string}"},"query-input":{"@type":"PropertyValueSpecification","valueRequired":true,"valueName":"search_term_string"}}],"inLanguage":"fr-FR"},{"@type":"Organization","@id":"https:\/\/gliptoneeurope.com\/#organization","name":"Gliptone Europe","url":"https:\/\/gliptoneeurope.com\/","logo":{"@type":"ImageObject","inLanguage":"fr-FR","@id":"https:\/\/gliptoneeurope.com\/#\/schema\/logo\/image\/","url":"https:\/\/gliptoneeurope.com\/wp-content\/uploads\/Gliptone_Logo.png","contentUrl":"https:\/\/gliptoneeurope.com\/wp-content\/uploads\/Gliptone_Logo.png","width":1472,"height":607,"caption":"Gliptone Europe"},"image":{"@id":"https:\/\/gliptoneeurope.com\/#\/schema\/logo\/image\/"},"sameAs":["https:\/\/www.facebook.com\/gliptoneeurope\/","https:\/\/www.instagram.com\/gliptoneeurope\/","https:\/\/www.pinterest.co.uk\/GliptoneEurope\/"]}]}},"wcpa_form_fields":null,"_links":{"self":[{"href":"https:\/\/gliptoneeurope.com\/fr\/wp-json\/wp\/v2\/product\/11584","targetHints":{"allow":["GET"]}}],"collection":[{"href":"https:\/\/gliptoneeurope.com\/fr\/wp-json\/wp\/v2\/product"}],"about":[{"href":"https:\/\/gliptoneeurope.com\/fr\/wp-json\/wp\/v2\/types\/product"}],"wp:featuredmedia":[{"embeddable":true,"href":"https:\/\/gliptoneeurope.com\/fr\/wp-json\/wp\/v2\/media\/10928"}],"wp:attachment":[{"href":"https:\/\/gliptoneeurope.com\/fr\/wp-json\/wp\/v2\/media?parent=11584"}],"wp:term":[{"taxonomy":"product_brand","embeddable":true,"href":"https:\/\/gliptoneeurope.com\/fr\/wp-json\/wp\/v2\/product_brand?post=11584"},{"taxonomy":"product_cat","embeddable":true,"href":"https:\/\/gliptoneeurope.com\/fr\/wp-json\/wp\/v2\/product_cat?post=11584"},{"taxonomy":"product_tag","embeddable":true,"href":"https:\/\/gliptoneeurope.com\/fr\/wp-json\/wp\/v2\/product_tag?post=11584"}],"curies":[{"name":"wp","href":"https:\/\/api.w.org\/{rel}","templated":true}]}}