{"id":11579,"date":"2021-05-11T13:36:37","date_gmt":"2021-11-30T11:35:30","guid":{"rendered":"https:\/\/gliptoneeurope.com\/product\/ultra-nettoyant-1-gall-3-8l\/"},"modified":"2021-11-30T11:35:30","modified_gmt":"2021-11-30T11:35:30","slug":"ultra-nettoyant-1-gall-3-8l","status":"publish","type":"product","link":"https:\/\/gliptoneeurope.com\/fr\/produit\/ultra-nettoyant-1-gall-3-8l\/","title":{"rendered":"Ultra Nettoyant 1 Gall (3.8L)"},"content":{"rendered":"<p>Notre Ultra Cleaner est un nettoyant et d\u00e9graissant multi-usages sp\u00e9cial pour la plupart des applications int\u00e9rieures et ext\u00e9rieures.<\/p>\n<p>La solution est extr\u00eamement efficace pour dissoudre la salet\u00e9 et les taches tenaces des tapis, des tissus, du vinyle, des moteurs, des pneus, des passages de roues et des montants de porte. Id\u00e9al pour les marques de crayon de fen\u00eatre.<\/p>\n<p>Hautement diluable selon l&#8217;application. Non caustique.<\/p>\n<p>Notre <a href=\"https:\/\/gliptoneeurope.com\/product\/citrus-magic-all-purpose-cleaner-510g-18oz\/\">nettoyant tout usage Citrus Magic et<\/a> notre nettoyant tout usage en <a href=\"https:\/\/gliptoneeurope.com\/product\/muscle-foam-multipurpose-aerosol-cleaner\/\">mousse musculaire<\/a> sont une excellente alternative pour un usage personnel, disponibles \u00e0 l&#8217;achat dans un flacon a\u00e9rosol de 510 g (18 oz).<\/p>\n<p>Pour une alternative \u00e0 un usage professionnel, nous vous recommandons d&#8217;utiliser Bio- <a href=\"https:\/\/gliptoneeurope.com\/product\/bio-zyme-1-gall-3-8l\/\">Zyme<\/a> ou <a href=\"https:\/\/gliptoneeurope.com\/product\/foamy-hd-1-gall-3-8l\/\">Foamy HD<\/a> , tous deux disponibles \u00e0 l&#8217;achat dans une bouteille de 3,8 L (1 gallon).<\/p>\n","protected":false},"excerpt":{"rendered":"<p>Notre Ultra Cleaner est un nettoyant et d\u00e9graissant multi-usages sp\u00e9cial pour la plupart des applications int\u00e9rieures et ext\u00e9rieures. La solution est extr\u00eamement efficace pour dissoudre la salet\u00e9 et les taches tenaces des tapis, des tissus, du vinyle, des moteurs, des pneus, des passages de roues et des montants de porte. Id\u00e9al pour les marques de [&hellip;]<\/p>\n","protected":false},"featured_media":10884,"template":"","meta":[],"product_brand":[],"product_cat":[94,109],"product_tag":[],"class_list":{"0":"post-11579","1":"product","2":"type-product","3":"status-publish","4":"has-post-thumbnail","6":"product_cat-nouveaux-produits","7":"product_cat-produits-professionnels","9":"first","10":"instock","11":"taxable","12":"shipping-taxable","13":"purchasable","14":"product-type-simple"},"yoast_head":"<!-- This site is optimized with the Yoast SEO Premium plugin v21.4 (Yoast SEO v27.4) - https:\/\/yoast.com\/product\/yoast-seo-premium-wordpress\/ -->\n<title>Ultra Nettoyant 1 Gall (3.8L) - Gliptone Europe<\/title>\n<meta name=\"description\" content=\"Notre Ultra Cleaner est un nettoyant et d\u00e9graissant multi-usages sp\u00e9cial pour la plupart des applications int\u00e9rieures et ext\u00e9rieures.\" \/>\n<meta name=\"robots\" content=\"index, follow, max-snippet:-1, max-image-preview:large, max-video-preview:-1\" \/>\n<link rel=\"canonical\" href=\"https:\/\/gliptoneeurope.com\/produit\/ultra-cleaner-1-gall-3-8l\/\" \/>\n<meta property=\"og:locale\" content=\"fr_FR\" \/>\n<meta property=\"og:type\" content=\"article\" \/>\n<meta property=\"og:title\" content=\"Ultra Nettoyant 1 Gall (3.8L)\" \/>\n<meta property=\"og:description\" content=\"Notre Ultra Cleaner est un nettoyant et d\u00e9graissant multi-usages sp\u00e9cial pour la plupart des applications int\u00e9rieures et ext\u00e9rieures. La solution est\" \/>\n<meta property=\"og:url\" content=\"https:\/\/gliptoneeurope.com\/produit\/ultra-cleaner-1-gall-3-8l\/\" \/>\n<meta property=\"og:site_name\" content=\"Gliptone Europe\" \/>\n<meta property=\"article:publisher\" content=\"https:\/\/www.facebook.com\/gliptoneeurope\/\" \/>\n<meta property=\"og:image\" content=\"https:\/\/gliptoneeurope.com\/wp-content\/uploads\/Ultra-Cleaner-1-Gall-3.8L.jpg\" \/>\n\t<meta property=\"og:image:width\" content=\"1487\" \/>\n\t<meta property=\"og:image:height\" content=\"1486\" \/>\n\t<meta property=\"og:image:type\" content=\"image\/jpeg\" \/>\n<meta name=\"twitter:card\" content=\"summary_large_image\" \/>\n<meta name=\"twitter:label1\" content=\"Dur\u00e9e de lecture estim\u00e9e\" \/>\n\t<meta name=\"twitter:data1\" content=\"1 minute\" \/>\n<script type=\"application\/ld+json\" class=\"yoast-schema-graph\">{\"@context\":\"https:\\\/\\\/schema.org\",\"@graph\":[{\"@type\":\"WebPage\",\"@id\":\"https:\\\/\\\/gliptoneeurope.com\\\/produit\\\/ultra-cleaner-1-gall-3-8l\\\/\",\"url\":\"https:\\\/\\\/gliptoneeurope.com\\\/produit\\\/ultra-cleaner-1-gall-3-8l\\\/\",\"name\":\"Ultra Nettoyant 1 Gall (3.8L) - Gliptone Europe\",\"isPartOf\":{\"@id\":\"https:\\\/\\\/gliptoneeurope.com\\\/#website\"},\"primaryImageOfPage\":{\"@id\":\"https:\\\/\\\/gliptoneeurope.com\\\/produit\\\/ultra-cleaner-1-gall-3-8l\\\/#primaryimage\"},\"image\":{\"@id\":\"https:\\\/\\\/gliptoneeurope.com\\\/produit\\\/ultra-cleaner-1-gall-3-8l\\\/#primaryimage\"},\"thumbnailUrl\":\"https:\\\/\\\/gliptoneeurope.com\\\/wp-content\\\/uploads\\\/Ultra-Cleaner-1-Gall-3.8L.jpg\",\"datePublished\":\"2021-11-30T11:35:30+00:00\",\"description\":\"Notre Ultra Cleaner est un nettoyant et d\u00e9graissant multi-usages sp\u00e9cial pour la plupart des applications int\u00e9rieures et ext\u00e9rieures.\",\"breadcrumb\":{\"@id\":\"https:\\\/\\\/gliptoneeurope.com\\\/produit\\\/ultra-cleaner-1-gall-3-8l\\\/#breadcrumb\"},\"inLanguage\":\"fr-FR\",\"potentialAction\":[{\"@type\":\"ReadAction\",\"target\":[\"https:\\\/\\\/gliptoneeurope.com\\\/produit\\\/ultra-cleaner-1-gall-3-8l\\\/\"]}]},{\"@type\":\"ImageObject\",\"inLanguage\":\"fr-FR\",\"@id\":\"https:\\\/\\\/gliptoneeurope.com\\\/produit\\\/ultra-cleaner-1-gall-3-8l\\\/#primaryimage\",\"url\":\"https:\\\/\\\/gliptoneeurope.com\\\/wp-content\\\/uploads\\\/Ultra-Cleaner-1-Gall-3.8L.jpg\",\"contentUrl\":\"https:\\\/\\\/gliptoneeurope.com\\\/wp-content\\\/uploads\\\/Ultra-Cleaner-1-Gall-3.8L.jpg\",\"width\":1487,\"height\":1486},{\"@type\":\"BreadcrumbList\",\"@id\":\"https:\\\/\\\/gliptoneeurope.com\\\/produit\\\/ultra-cleaner-1-gall-3-8l\\\/#breadcrumb\",\"itemListElement\":[{\"@type\":\"ListItem\",\"position\":1,\"name\":\"Home\",\"item\":\"https:\\\/\\\/gliptoneeurope.com\\\/\"},{\"@type\":\"ListItem\",\"position\":2,\"name\":\"Boutique\",\"item\":\"https:\\\/\\\/gliptoneeurope.com\\\/fr\\\/boutique\\\/\"},{\"@type\":\"ListItem\",\"position\":3,\"name\":\"Ultra Nettoyant 1 Gall (3.8L)\"}]},{\"@type\":\"WebSite\",\"@id\":\"https:\\\/\\\/gliptoneeurope.com\\\/#website\",\"url\":\"https:\\\/\\\/gliptoneeurope.com\\\/\",\"name\":\"Gliptone Europe\",\"description\":\"Professional Car Detailing Products\",\"publisher\":{\"@id\":\"https:\\\/\\\/gliptoneeurope.com\\\/#organization\"},\"potentialAction\":[{\"@type\":\"SearchAction\",\"target\":{\"@type\":\"EntryPoint\",\"urlTemplate\":\"https:\\\/\\\/gliptoneeurope.com\\\/?s={search_term_string}\"},\"query-input\":{\"@type\":\"PropertyValueSpecification\",\"valueRequired\":true,\"valueName\":\"search_term_string\"}}],\"inLanguage\":\"fr-FR\"},{\"@type\":\"Organization\",\"@id\":\"https:\\\/\\\/gliptoneeurope.com\\\/#organization\",\"name\":\"Gliptone Europe\",\"url\":\"https:\\\/\\\/gliptoneeurope.com\\\/\",\"logo\":{\"@type\":\"ImageObject\",\"inLanguage\":\"fr-FR\",\"@id\":\"https:\\\/\\\/gliptoneeurope.com\\\/#\\\/schema\\\/logo\\\/image\\\/\",\"url\":\"https:\\\/\\\/gliptoneeurope.com\\\/wp-content\\\/uploads\\\/Gliptone_Logo.png\",\"contentUrl\":\"https:\\\/\\\/gliptoneeurope.com\\\/wp-content\\\/uploads\\\/Gliptone_Logo.png\",\"width\":1472,\"height\":607,\"caption\":\"Gliptone Europe\"},\"image\":{\"@id\":\"https:\\\/\\\/gliptoneeurope.com\\\/#\\\/schema\\\/logo\\\/image\\\/\"},\"sameAs\":[\"https:\\\/\\\/www.facebook.com\\\/gliptoneeurope\\\/\",\"https:\\\/\\\/www.instagram.com\\\/gliptoneeurope\\\/\",\"https:\\\/\\\/www.pinterest.co.uk\\\/GliptoneEurope\\\/\"]}]}<\/script>\n<!-- \/ Yoast SEO Premium plugin. -->","yoast_head_json":{"title":"Ultra Nettoyant 1 Gall (3.8L) - Gliptone Europe","description":"Notre Ultra Cleaner est un nettoyant et d\u00e9graissant multi-usages sp\u00e9cial pour la plupart des applications int\u00e9rieures et ext\u00e9rieures.","robots":{"index":"index","follow":"follow","max-snippet":"max-snippet:-1","max-image-preview":"max-image-preview:large","max-video-preview":"max-video-preview:-1"},"canonical":"https:\/\/gliptoneeurope.com\/produit\/ultra-cleaner-1-gall-3-8l\/","og_locale":"fr_FR","og_type":"article","og_title":"Ultra Nettoyant 1 Gall (3.8L)","og_description":"Notre Ultra Cleaner est un nettoyant et d\u00e9graissant multi-usages sp\u00e9cial pour la plupart des applications int\u00e9rieures et ext\u00e9rieures. La solution est","og_url":"https:\/\/gliptoneeurope.com\/produit\/ultra-cleaner-1-gall-3-8l\/","og_site_name":"Gliptone Europe","article_publisher":"https:\/\/www.facebook.com\/gliptoneeurope\/","og_image":[{"width":1487,"height":1486,"url":"https:\/\/gliptoneeurope.com\/wp-content\/uploads\/Ultra-Cleaner-1-Gall-3.8L.jpg","type":"image\/jpeg"}],"twitter_card":"summary_large_image","twitter_misc":{"Dur\u00e9e de lecture estim\u00e9e":"1 minute"},"schema":{"@context":"https:\/\/schema.org","@graph":[{"@type":"WebPage","@id":"https:\/\/gliptoneeurope.com\/produit\/ultra-cleaner-1-gall-3-8l\/","url":"https:\/\/gliptoneeurope.com\/produit\/ultra-cleaner-1-gall-3-8l\/","name":"Ultra Nettoyant 1 Gall (3.8L) - Gliptone Europe","isPartOf":{"@id":"https:\/\/gliptoneeurope.com\/#website"},"primaryImageOfPage":{"@id":"https:\/\/gliptoneeurope.com\/produit\/ultra-cleaner-1-gall-3-8l\/#primaryimage"},"image":{"@id":"https:\/\/gliptoneeurope.com\/produit\/ultra-cleaner-1-gall-3-8l\/#primaryimage"},"thumbnailUrl":"https:\/\/gliptoneeurope.com\/wp-content\/uploads\/Ultra-Cleaner-1-Gall-3.8L.jpg","datePublished":"2021-11-30T11:35:30+00:00","description":"Notre Ultra Cleaner est un nettoyant et d\u00e9graissant multi-usages sp\u00e9cial pour la plupart des applications int\u00e9rieures et ext\u00e9rieures.","breadcrumb":{"@id":"https:\/\/gliptoneeurope.com\/produit\/ultra-cleaner-1-gall-3-8l\/#breadcrumb"},"inLanguage":"fr-FR","potentialAction":[{"@type":"ReadAction","target":["https:\/\/gliptoneeurope.com\/produit\/ultra-cleaner-1-gall-3-8l\/"]}]},{"@type":"ImageObject","inLanguage":"fr-FR","@id":"https:\/\/gliptoneeurope.com\/produit\/ultra-cleaner-1-gall-3-8l\/#primaryimage","url":"https:\/\/gliptoneeurope.com\/wp-content\/uploads\/Ultra-Cleaner-1-Gall-3.8L.jpg","contentUrl":"https:\/\/gliptoneeurope.com\/wp-content\/uploads\/Ultra-Cleaner-1-Gall-3.8L.jpg","width":1487,"height":1486},{"@type":"BreadcrumbList","@id":"https:\/\/gliptoneeurope.com\/produit\/ultra-cleaner-1-gall-3-8l\/#breadcrumb","itemListElement":[{"@type":"ListItem","position":1,"name":"Home","item":"https:\/\/gliptoneeurope.com\/"},{"@type":"ListItem","position":2,"name":"Boutique","item":"https:\/\/gliptoneeurope.com\/fr\/boutique\/"},{"@type":"ListItem","position":3,"name":"Ultra Nettoyant 1 Gall (3.8L)"}]},{"@type":"WebSite","@id":"https:\/\/gliptoneeurope.com\/#website","url":"https:\/\/gliptoneeurope.com\/","name":"Gliptone Europe","description":"Professional Car Detailing Products","publisher":{"@id":"https:\/\/gliptoneeurope.com\/#organization"},"potentialAction":[{"@type":"SearchAction","target":{"@type":"EntryPoint","urlTemplate":"https:\/\/gliptoneeurope.com\/?s={search_term_string}"},"query-input":{"@type":"PropertyValueSpecification","valueRequired":true,"valueName":"search_term_string"}}],"inLanguage":"fr-FR"},{"@type":"Organization","@id":"https:\/\/gliptoneeurope.com\/#organization","name":"Gliptone Europe","url":"https:\/\/gliptoneeurope.com\/","logo":{"@type":"ImageObject","inLanguage":"fr-FR","@id":"https:\/\/gliptoneeurope.com\/#\/schema\/logo\/image\/","url":"https:\/\/gliptoneeurope.com\/wp-content\/uploads\/Gliptone_Logo.png","contentUrl":"https:\/\/gliptoneeurope.com\/wp-content\/uploads\/Gliptone_Logo.png","width":1472,"height":607,"caption":"Gliptone Europe"},"image":{"@id":"https:\/\/gliptoneeurope.com\/#\/schema\/logo\/image\/"},"sameAs":["https:\/\/www.facebook.com\/gliptoneeurope\/","https:\/\/www.instagram.com\/gliptoneeurope\/","https:\/\/www.pinterest.co.uk\/GliptoneEurope\/"]}]}},"wcpa_form_fields":null,"_links":{"self":[{"href":"https:\/\/gliptoneeurope.com\/fr\/wp-json\/wp\/v2\/product\/11579","targetHints":{"allow":["GET"]}}],"collection":[{"href":"https:\/\/gliptoneeurope.com\/fr\/wp-json\/wp\/v2\/product"}],"about":[{"href":"https:\/\/gliptoneeurope.com\/fr\/wp-json\/wp\/v2\/types\/product"}],"wp:featuredmedia":[{"embeddable":true,"href":"https:\/\/gliptoneeurope.com\/fr\/wp-json\/wp\/v2\/media\/10884"}],"wp:attachment":[{"href":"https:\/\/gliptoneeurope.com\/fr\/wp-json\/wp\/v2\/media?parent=11579"}],"wp:term":[{"taxonomy":"product_brand","embeddable":true,"href":"https:\/\/gliptoneeurope.com\/fr\/wp-json\/wp\/v2\/product_brand?post=11579"},{"taxonomy":"product_cat","embeddable":true,"href":"https:\/\/gliptoneeurope.com\/fr\/wp-json\/wp\/v2\/product_cat?post=11579"},{"taxonomy":"product_tag","embeddable":true,"href":"https:\/\/gliptoneeurope.com\/fr\/wp-json\/wp\/v2\/product_tag?post=11579"}],"curies":[{"name":"wp","href":"https:\/\/api.w.org\/{rel}","templated":true}]}}