{"id":11573,"date":"2021-05-11T13:36:37","date_gmt":"2021-11-30T11:35:26","guid":{"rendered":"https:\/\/gliptoneeurope.com\/product\/decapant-vandale-et-eraflure-425-ml-15-oz\/"},"modified":"2021-11-30T11:35:26","modified_gmt":"2021-11-30T11:35:26","slug":"anti-vandale-et-eraflure-425ml-15oz","status":"publish","type":"product","link":"https:\/\/gliptoneeurope.com\/fr\/produit\/anti-vandale-et-eraflure-425ml-15oz\/","title":{"rendered":"D\u00e9capant vandale et \u00e9raflure 425 ml (15 oz)"},"content":{"rendered":"<p>Notre anti-vandalisme et \u00e9raflure r\u00e9duira le travail impliqu\u00e9 dans la suppression des graffitis et des \u00e9raflures et marques sur votre voiture. Il enl\u00e8vera les marques cr\u00e9\u00e9es par les crayons, les crayons, les encres, les peintures en a\u00e9rosol, le ruban adh\u00e9sif, les cires et le rouge \u00e0 l\u00e8vres.<\/p>\n<p>Il \u00e9liminera \u00e9galement facilement les \u00e9raflures sur les sols et les murs. La formule est con\u00e7ue pour \u00eatre utilis\u00e9e sur n&#8217;importe quelle brique, carrelage, acier, laiton, chrome, aluminium, verre, formica et autres surfaces dures.<\/p>\n<p>Nous vous recommandons d&#8217;utiliser nos <a href=\"https:\/\/gliptoneeurope.com\/product\/multi-purpose-microfibre-cleaning-towels\/\">serviettes de nettoyage en microfibres polyvalentes<\/a> pour aider \u00e0 appliquer la solution.<\/p>\n","protected":false},"excerpt":{"rendered":"<p>Notre anti-vandalisme et \u00e9raflure r\u00e9duira le travail impliqu\u00e9 dans la suppression des graffitis et des \u00e9raflures et marques sur votre voiture. Il enl\u00e8vera les marques cr\u00e9\u00e9es par les crayons, les crayons, les encres, les peintures en a\u00e9rosol, le ruban adh\u00e9sif, les cires et le rouge \u00e0 l\u00e8vres. Il \u00e9liminera \u00e9galement facilement les \u00e9raflures sur les [&hellip;]<\/p>\n","protected":false},"featured_media":10882,"template":"","meta":[],"product_brand":[],"product_cat":[94,116],"product_tag":[],"class_list":{"0":"post-11573","1":"product","2":"type-product","3":"status-publish","4":"has-post-thumbnail","6":"product_cat-nouveaux-produits","7":"product_cat-preparation-nettoyage","9":"first","10":"instock","11":"taxable","12":"shipping-taxable","13":"purchasable","14":"product-type-simple"},"yoast_head":"<!-- This site is optimized with the Yoast SEO Premium plugin v21.4 (Yoast SEO v27.4) - https:\/\/yoast.com\/product\/yoast-seo-premium-wordpress\/ -->\n<title>D\u00e9capant vandale et \u00e9raflure 425 ml (15 oz) - Gliptone Europe<\/title>\n<meta name=\"description\" content=\"Notre anti-vandalisme et \u00e9raflure r\u00e9duira le travail impliqu\u00e9 dans la suppression des graffitis et des \u00e9raflures et marques sur votre voiture.\" \/>\n<meta name=\"robots\" content=\"index, follow, max-snippet:-1, max-image-preview:large, max-video-preview:-1\" \/>\n<link rel=\"canonical\" href=\"https:\/\/gliptoneeurope.com\/fr\/produit\/anti-vandale-et-eraflure-425ml-15oz\/\" \/>\n<meta property=\"og:locale\" content=\"fr_FR\" \/>\n<meta property=\"og:type\" content=\"article\" \/>\n<meta property=\"og:title\" content=\"D\u00e9capant vandale et \u00e9raflure 425 ml (15 oz)\" \/>\n<meta property=\"og:description\" content=\"Notre anti-vandalisme et \u00e9raflure r\u00e9duira le travail impliqu\u00e9 dans la suppression des graffitis et des \u00e9raflures et marques sur votre voiture. Il enl\u00e8vera\" \/>\n<meta property=\"og:url\" content=\"https:\/\/gliptoneeurope.com\/fr\/produit\/anti-vandale-et-eraflure-425ml-15oz\/\" \/>\n<meta property=\"og:site_name\" content=\"Gliptone Europe\" \/>\n<meta property=\"article:publisher\" content=\"https:\/\/www.facebook.com\/gliptoneeurope\/\" \/>\n<meta property=\"og:image\" content=\"https:\/\/gliptoneeurope.com\/wp-content\/uploads\/Vandal-Scuff-Remover-425ml-15oz.jpg\" \/>\n\t<meta property=\"og:image:width\" content=\"1503\" \/>\n\t<meta property=\"og:image:height\" content=\"1503\" \/>\n\t<meta property=\"og:image:type\" content=\"image\/jpeg\" \/>\n<meta name=\"twitter:card\" content=\"summary_large_image\" \/>\n<meta name=\"twitter:label1\" content=\"Dur\u00e9e de lecture estim\u00e9e\" \/>\n\t<meta name=\"twitter:data1\" content=\"1 minute\" \/>\n<script type=\"application\/ld+json\" class=\"yoast-schema-graph\">{\"@context\":\"https:\\\/\\\/schema.org\",\"@graph\":[{\"@type\":\"WebPage\",\"@id\":\"https:\\\/\\\/gliptoneeurope.com\\\/fr\\\/produit\\\/anti-vandale-et-eraflure-425ml-15oz\\\/\",\"url\":\"https:\\\/\\\/gliptoneeurope.com\\\/fr\\\/produit\\\/anti-vandale-et-eraflure-425ml-15oz\\\/\",\"name\":\"D\u00e9capant vandale et \u00e9raflure 425 ml (15 oz) - Gliptone Europe\",\"isPartOf\":{\"@id\":\"https:\\\/\\\/gliptoneeurope.com\\\/#website\"},\"primaryImageOfPage\":{\"@id\":\"https:\\\/\\\/gliptoneeurope.com\\\/fr\\\/produit\\\/anti-vandale-et-eraflure-425ml-15oz\\\/#primaryimage\"},\"image\":{\"@id\":\"https:\\\/\\\/gliptoneeurope.com\\\/fr\\\/produit\\\/anti-vandale-et-eraflure-425ml-15oz\\\/#primaryimage\"},\"thumbnailUrl\":\"https:\\\/\\\/gliptoneeurope.com\\\/wp-content\\\/uploads\\\/Vandal-Scuff-Remover-425ml-15oz.jpg\",\"datePublished\":\"2021-11-30T11:35:26+00:00\",\"description\":\"Notre anti-vandalisme et \u00e9raflure r\u00e9duira le travail impliqu\u00e9 dans la suppression des graffitis et des \u00e9raflures et marques sur votre voiture.\",\"breadcrumb\":{\"@id\":\"https:\\\/\\\/gliptoneeurope.com\\\/fr\\\/produit\\\/anti-vandale-et-eraflure-425ml-15oz\\\/#breadcrumb\"},\"inLanguage\":\"fr-FR\",\"potentialAction\":[{\"@type\":\"ReadAction\",\"target\":[\"https:\\\/\\\/gliptoneeurope.com\\\/fr\\\/produit\\\/anti-vandale-et-eraflure-425ml-15oz\\\/\"]}]},{\"@type\":\"ImageObject\",\"inLanguage\":\"fr-FR\",\"@id\":\"https:\\\/\\\/gliptoneeurope.com\\\/fr\\\/produit\\\/anti-vandale-et-eraflure-425ml-15oz\\\/#primaryimage\",\"url\":\"https:\\\/\\\/gliptoneeurope.com\\\/wp-content\\\/uploads\\\/Vandal-Scuff-Remover-425ml-15oz.jpg\",\"contentUrl\":\"https:\\\/\\\/gliptoneeurope.com\\\/wp-content\\\/uploads\\\/Vandal-Scuff-Remover-425ml-15oz.jpg\",\"width\":1503,\"height\":1503},{\"@type\":\"BreadcrumbList\",\"@id\":\"https:\\\/\\\/gliptoneeurope.com\\\/fr\\\/produit\\\/anti-vandale-et-eraflure-425ml-15oz\\\/#breadcrumb\",\"itemListElement\":[{\"@type\":\"ListItem\",\"position\":1,\"name\":\"Home\",\"item\":\"https:\\\/\\\/gliptoneeurope.com\\\/\"},{\"@type\":\"ListItem\",\"position\":2,\"name\":\"Boutique\",\"item\":\"https:\\\/\\\/gliptoneeurope.com\\\/fr\\\/boutique\\\/\"},{\"@type\":\"ListItem\",\"position\":3,\"name\":\"D\u00e9capant vandale et \u00e9raflure 425 ml (15 oz)\"}]},{\"@type\":\"WebSite\",\"@id\":\"https:\\\/\\\/gliptoneeurope.com\\\/#website\",\"url\":\"https:\\\/\\\/gliptoneeurope.com\\\/\",\"name\":\"Gliptone Europe\",\"description\":\"Professional Car Detailing Products\",\"publisher\":{\"@id\":\"https:\\\/\\\/gliptoneeurope.com\\\/#organization\"},\"potentialAction\":[{\"@type\":\"SearchAction\",\"target\":{\"@type\":\"EntryPoint\",\"urlTemplate\":\"https:\\\/\\\/gliptoneeurope.com\\\/?s={search_term_string}\"},\"query-input\":{\"@type\":\"PropertyValueSpecification\",\"valueRequired\":true,\"valueName\":\"search_term_string\"}}],\"inLanguage\":\"fr-FR\"},{\"@type\":\"Organization\",\"@id\":\"https:\\\/\\\/gliptoneeurope.com\\\/#organization\",\"name\":\"Gliptone Europe\",\"url\":\"https:\\\/\\\/gliptoneeurope.com\\\/\",\"logo\":{\"@type\":\"ImageObject\",\"inLanguage\":\"fr-FR\",\"@id\":\"https:\\\/\\\/gliptoneeurope.com\\\/#\\\/schema\\\/logo\\\/image\\\/\",\"url\":\"https:\\\/\\\/gliptoneeurope.com\\\/wp-content\\\/uploads\\\/Gliptone_Logo.png\",\"contentUrl\":\"https:\\\/\\\/gliptoneeurope.com\\\/wp-content\\\/uploads\\\/Gliptone_Logo.png\",\"width\":1472,\"height\":607,\"caption\":\"Gliptone Europe\"},\"image\":{\"@id\":\"https:\\\/\\\/gliptoneeurope.com\\\/#\\\/schema\\\/logo\\\/image\\\/\"},\"sameAs\":[\"https:\\\/\\\/www.facebook.com\\\/gliptoneeurope\\\/\",\"https:\\\/\\\/www.instagram.com\\\/gliptoneeurope\\\/\",\"https:\\\/\\\/www.pinterest.co.uk\\\/GliptoneEurope\\\/\"]}]}<\/script>\n<!-- \/ Yoast SEO Premium plugin. -->","yoast_head_json":{"title":"D\u00e9capant vandale et \u00e9raflure 425 ml (15 oz) - Gliptone Europe","description":"Notre anti-vandalisme et \u00e9raflure r\u00e9duira le travail impliqu\u00e9 dans la suppression des graffitis et des \u00e9raflures et marques sur votre voiture.","robots":{"index":"index","follow":"follow","max-snippet":"max-snippet:-1","max-image-preview":"max-image-preview:large","max-video-preview":"max-video-preview:-1"},"canonical":"https:\/\/gliptoneeurope.com\/fr\/produit\/anti-vandale-et-eraflure-425ml-15oz\/","og_locale":"fr_FR","og_type":"article","og_title":"D\u00e9capant vandale et \u00e9raflure 425 ml (15 oz)","og_description":"Notre anti-vandalisme et \u00e9raflure r\u00e9duira le travail impliqu\u00e9 dans la suppression des graffitis et des \u00e9raflures et marques sur votre voiture. Il enl\u00e8vera","og_url":"https:\/\/gliptoneeurope.com\/fr\/produit\/anti-vandale-et-eraflure-425ml-15oz\/","og_site_name":"Gliptone Europe","article_publisher":"https:\/\/www.facebook.com\/gliptoneeurope\/","og_image":[{"width":1503,"height":1503,"url":"https:\/\/gliptoneeurope.com\/wp-content\/uploads\/Vandal-Scuff-Remover-425ml-15oz.jpg","type":"image\/jpeg"}],"twitter_card":"summary_large_image","twitter_misc":{"Dur\u00e9e de lecture estim\u00e9e":"1 minute"},"schema":{"@context":"https:\/\/schema.org","@graph":[{"@type":"WebPage","@id":"https:\/\/gliptoneeurope.com\/fr\/produit\/anti-vandale-et-eraflure-425ml-15oz\/","url":"https:\/\/gliptoneeurope.com\/fr\/produit\/anti-vandale-et-eraflure-425ml-15oz\/","name":"D\u00e9capant vandale et \u00e9raflure 425 ml (15 oz) - Gliptone Europe","isPartOf":{"@id":"https:\/\/gliptoneeurope.com\/#website"},"primaryImageOfPage":{"@id":"https:\/\/gliptoneeurope.com\/fr\/produit\/anti-vandale-et-eraflure-425ml-15oz\/#primaryimage"},"image":{"@id":"https:\/\/gliptoneeurope.com\/fr\/produit\/anti-vandale-et-eraflure-425ml-15oz\/#primaryimage"},"thumbnailUrl":"https:\/\/gliptoneeurope.com\/wp-content\/uploads\/Vandal-Scuff-Remover-425ml-15oz.jpg","datePublished":"2021-11-30T11:35:26+00:00","description":"Notre anti-vandalisme et \u00e9raflure r\u00e9duira le travail impliqu\u00e9 dans la suppression des graffitis et des \u00e9raflures et marques sur votre voiture.","breadcrumb":{"@id":"https:\/\/gliptoneeurope.com\/fr\/produit\/anti-vandale-et-eraflure-425ml-15oz\/#breadcrumb"},"inLanguage":"fr-FR","potentialAction":[{"@type":"ReadAction","target":["https:\/\/gliptoneeurope.com\/fr\/produit\/anti-vandale-et-eraflure-425ml-15oz\/"]}]},{"@type":"ImageObject","inLanguage":"fr-FR","@id":"https:\/\/gliptoneeurope.com\/fr\/produit\/anti-vandale-et-eraflure-425ml-15oz\/#primaryimage","url":"https:\/\/gliptoneeurope.com\/wp-content\/uploads\/Vandal-Scuff-Remover-425ml-15oz.jpg","contentUrl":"https:\/\/gliptoneeurope.com\/wp-content\/uploads\/Vandal-Scuff-Remover-425ml-15oz.jpg","width":1503,"height":1503},{"@type":"BreadcrumbList","@id":"https:\/\/gliptoneeurope.com\/fr\/produit\/anti-vandale-et-eraflure-425ml-15oz\/#breadcrumb","itemListElement":[{"@type":"ListItem","position":1,"name":"Home","item":"https:\/\/gliptoneeurope.com\/"},{"@type":"ListItem","position":2,"name":"Boutique","item":"https:\/\/gliptoneeurope.com\/fr\/boutique\/"},{"@type":"ListItem","position":3,"name":"D\u00e9capant vandale et \u00e9raflure 425 ml (15 oz)"}]},{"@type":"WebSite","@id":"https:\/\/gliptoneeurope.com\/#website","url":"https:\/\/gliptoneeurope.com\/","name":"Gliptone Europe","description":"Professional Car Detailing Products","publisher":{"@id":"https:\/\/gliptoneeurope.com\/#organization"},"potentialAction":[{"@type":"SearchAction","target":{"@type":"EntryPoint","urlTemplate":"https:\/\/gliptoneeurope.com\/?s={search_term_string}"},"query-input":{"@type":"PropertyValueSpecification","valueRequired":true,"valueName":"search_term_string"}}],"inLanguage":"fr-FR"},{"@type":"Organization","@id":"https:\/\/gliptoneeurope.com\/#organization","name":"Gliptone Europe","url":"https:\/\/gliptoneeurope.com\/","logo":{"@type":"ImageObject","inLanguage":"fr-FR","@id":"https:\/\/gliptoneeurope.com\/#\/schema\/logo\/image\/","url":"https:\/\/gliptoneeurope.com\/wp-content\/uploads\/Gliptone_Logo.png","contentUrl":"https:\/\/gliptoneeurope.com\/wp-content\/uploads\/Gliptone_Logo.png","width":1472,"height":607,"caption":"Gliptone Europe"},"image":{"@id":"https:\/\/gliptoneeurope.com\/#\/schema\/logo\/image\/"},"sameAs":["https:\/\/www.facebook.com\/gliptoneeurope\/","https:\/\/www.instagram.com\/gliptoneeurope\/","https:\/\/www.pinterest.co.uk\/GliptoneEurope\/"]}]}},"wcpa_form_fields":null,"_links":{"self":[{"href":"https:\/\/gliptoneeurope.com\/fr\/wp-json\/wp\/v2\/product\/11573","targetHints":{"allow":["GET"]}}],"collection":[{"href":"https:\/\/gliptoneeurope.com\/fr\/wp-json\/wp\/v2\/product"}],"about":[{"href":"https:\/\/gliptoneeurope.com\/fr\/wp-json\/wp\/v2\/types\/product"}],"wp:featuredmedia":[{"embeddable":true,"href":"https:\/\/gliptoneeurope.com\/fr\/wp-json\/wp\/v2\/media\/10882"}],"wp:attachment":[{"href":"https:\/\/gliptoneeurope.com\/fr\/wp-json\/wp\/v2\/media?parent=11573"}],"wp:term":[{"taxonomy":"product_brand","embeddable":true,"href":"https:\/\/gliptoneeurope.com\/fr\/wp-json\/wp\/v2\/product_brand?post=11573"},{"taxonomy":"product_cat","embeddable":true,"href":"https:\/\/gliptoneeurope.com\/fr\/wp-json\/wp\/v2\/product_cat?post=11573"},{"taxonomy":"product_tag","embeddable":true,"href":"https:\/\/gliptoneeurope.com\/fr\/wp-json\/wp\/v2\/product_tag?post=11573"}],"curies":[{"name":"wp","href":"https:\/\/api.w.org\/{rel}","templated":true}]}}