{"id":11572,"date":"2021-05-11T13:36:35","date_gmt":"2021-11-30T11:35:26","guid":{"rendered":"https:\/\/gliptoneeurope.com\/product\/une-etape-1-gallon-3-8l\/"},"modified":"2021-11-30T11:35:26","modified_gmt":"2021-11-30T11:35:26","slug":"une-etape-1-gall-3-8l","status":"publish","type":"product","link":"https:\/\/gliptoneeurope.com\/fr\/produit\/une-etape-1-gall-3-8l\/","title":{"rendered":"Une \u00e9tape 1 gallon (3.8L)"},"content":{"rendered":"<p>One Step \u00e9liminera rapidement toutes les rayures ultra-l\u00e9g\u00e8res et les marques de tourbillon, laissant un aspect &#8220;humide&#8221; durable et brillant sur les couches transparentes et les peintures conventionnelles.<\/p>\n<p>La solution peut \u00eatre utilis\u00e9e \u00e0 la main, avec un tampon orbital ou une polisseuse \u00e0 vitesse variable \u00e0 l&#8217;aide de tampons en mousse ou en laine.<\/p>\n<p>L&#8217;action de nettoyage associ\u00e9e \u00e0 cet article serait consid\u00e9r\u00e9e comme la plus \u00ab douce \u00bb des 3 produits de type \u00ab en une \u00e9tape \u00bb qui incluent One Step, Pro Buff et Triple P.<\/p>\n<p><a href=\"https:\/\/gliptoneeurope.com\/product\/extra-heavy-buff-950ml-32oz\/\">Extra Heavy Buff<\/a> est une excellente alternative au compos\u00e9 de polissage pour un usage personnel, disponible \u00e0 l&#8217;achat dans une bouteille de 950 ml (32 oz).<\/p>\n","protected":false},"excerpt":{"rendered":"<p>One Step \u00e9liminera rapidement toutes les rayures ultra-l\u00e9g\u00e8res et les marques de tourbillon, laissant un aspect &#8220;humide&#8221; durable et brillant sur les couches transparentes et les peintures conventionnelles. La solution peut \u00eatre utilis\u00e9e \u00e0 la main, avec un tampon orbital ou une polisseuse \u00e0 vitesse variable \u00e0 l&#8217;aide de tampons en mousse ou en laine. [&hellip;]<\/p>\n","protected":false},"featured_media":10902,"template":"","meta":[],"product_brand":[],"product_cat":[94,109],"product_tag":[],"class_list":{"0":"post-11572","1":"product","2":"type-product","3":"status-publish","4":"has-post-thumbnail","6":"product_cat-nouveaux-produits","7":"product_cat-produits-professionnels","9":"first","10":"instock","11":"taxable","12":"shipping-taxable","13":"purchasable","14":"product-type-simple"},"yoast_head":"<!-- This site is optimized with the Yoast SEO Premium plugin v21.4 (Yoast SEO v27.4) - https:\/\/yoast.com\/product\/yoast-seo-premium-wordpress\/ -->\n<title>Une \u00e9tape 1 gallon (3.8L) - Gliptone Europe<\/title>\n<meta name=\"description\" content=\"One Step \u00e9liminera rapidement toutes les rayures ultra-l\u00e9g\u00e8res et les marques de tourbillon, laissant un aspect &quot;humide&quot; durable et brillant sur les couches transparentes et les peintures conventionnelles.\" \/>\n<meta name=\"robots\" content=\"index, follow, max-snippet:-1, max-image-preview:large, max-video-preview:-1\" \/>\n<link rel=\"canonical\" href=\"https:\/\/gliptoneeurope.com\/produit\/one-step-1-gall-3-8l\/\" \/>\n<meta property=\"og:locale\" content=\"fr_FR\" \/>\n<meta property=\"og:type\" content=\"article\" \/>\n<meta property=\"og:title\" content=\"Une \u00e9tape 1 gallon (3.8L)\" \/>\n<meta property=\"og:description\" content=\"One Step \u00e9liminera rapidement toutes les rayures ultra-l\u00e9g\u00e8res et les marques de tourbillon, laissant un aspect &quot;humide&quot; durable et brillant sur les\" \/>\n<meta property=\"og:url\" content=\"https:\/\/gliptoneeurope.com\/produit\/one-step-1-gall-3-8l\/\" \/>\n<meta property=\"og:site_name\" content=\"Gliptone Europe\" \/>\n<meta property=\"article:publisher\" content=\"https:\/\/www.facebook.com\/gliptoneeurope\/\" \/>\n<meta property=\"og:image\" content=\"https:\/\/gliptoneeurope.com\/wp-content\/uploads\/One-Step-1-Gall-3.8L.jpg\" \/>\n\t<meta property=\"og:image:width\" content=\"1509\" \/>\n\t<meta property=\"og:image:height\" content=\"1510\" \/>\n\t<meta property=\"og:image:type\" content=\"image\/jpeg\" \/>\n<meta name=\"twitter:card\" content=\"summary_large_image\" \/>\n<meta name=\"twitter:label1\" content=\"Dur\u00e9e de lecture estim\u00e9e\" \/>\n\t<meta name=\"twitter:data1\" content=\"1 minute\" \/>\n<script type=\"application\/ld+json\" class=\"yoast-schema-graph\">{\"@context\":\"https:\\\/\\\/schema.org\",\"@graph\":[{\"@type\":\"WebPage\",\"@id\":\"https:\\\/\\\/gliptoneeurope.com\\\/produit\\\/one-step-1-gall-3-8l\\\/\",\"url\":\"https:\\\/\\\/gliptoneeurope.com\\\/produit\\\/one-step-1-gall-3-8l\\\/\",\"name\":\"Une \u00e9tape 1 gallon (3.8L) - Gliptone Europe\",\"isPartOf\":{\"@id\":\"https:\\\/\\\/gliptoneeurope.com\\\/#website\"},\"primaryImageOfPage\":{\"@id\":\"https:\\\/\\\/gliptoneeurope.com\\\/produit\\\/one-step-1-gall-3-8l\\\/#primaryimage\"},\"image\":{\"@id\":\"https:\\\/\\\/gliptoneeurope.com\\\/produit\\\/one-step-1-gall-3-8l\\\/#primaryimage\"},\"thumbnailUrl\":\"https:\\\/\\\/gliptoneeurope.com\\\/wp-content\\\/uploads\\\/One-Step-1-Gall-3.8L.jpg\",\"datePublished\":\"2021-11-30T11:35:26+00:00\",\"description\":\"One Step \u00e9liminera rapidement toutes les rayures ultra-l\u00e9g\u00e8res et les marques de tourbillon, laissant un aspect \\\"humide\\\" durable et brillant sur les couches transparentes et les peintures conventionnelles.\",\"breadcrumb\":{\"@id\":\"https:\\\/\\\/gliptoneeurope.com\\\/produit\\\/one-step-1-gall-3-8l\\\/#breadcrumb\"},\"inLanguage\":\"fr-FR\",\"potentialAction\":[{\"@type\":\"ReadAction\",\"target\":[\"https:\\\/\\\/gliptoneeurope.com\\\/produit\\\/one-step-1-gall-3-8l\\\/\"]}]},{\"@type\":\"ImageObject\",\"inLanguage\":\"fr-FR\",\"@id\":\"https:\\\/\\\/gliptoneeurope.com\\\/produit\\\/one-step-1-gall-3-8l\\\/#primaryimage\",\"url\":\"https:\\\/\\\/gliptoneeurope.com\\\/wp-content\\\/uploads\\\/One-Step-1-Gall-3.8L.jpg\",\"contentUrl\":\"https:\\\/\\\/gliptoneeurope.com\\\/wp-content\\\/uploads\\\/One-Step-1-Gall-3.8L.jpg\",\"width\":1509,\"height\":1510},{\"@type\":\"BreadcrumbList\",\"@id\":\"https:\\\/\\\/gliptoneeurope.com\\\/produit\\\/one-step-1-gall-3-8l\\\/#breadcrumb\",\"itemListElement\":[{\"@type\":\"ListItem\",\"position\":1,\"name\":\"Home\",\"item\":\"https:\\\/\\\/gliptoneeurope.com\\\/\"},{\"@type\":\"ListItem\",\"position\":2,\"name\":\"Boutique\",\"item\":\"https:\\\/\\\/gliptoneeurope.com\\\/fr\\\/boutique\\\/\"},{\"@type\":\"ListItem\",\"position\":3,\"name\":\"Une \u00e9tape 1 gallon (3.8L)\"}]},{\"@type\":\"WebSite\",\"@id\":\"https:\\\/\\\/gliptoneeurope.com\\\/#website\",\"url\":\"https:\\\/\\\/gliptoneeurope.com\\\/\",\"name\":\"Gliptone Europe\",\"description\":\"Professional Car Detailing Products\",\"publisher\":{\"@id\":\"https:\\\/\\\/gliptoneeurope.com\\\/#organization\"},\"potentialAction\":[{\"@type\":\"SearchAction\",\"target\":{\"@type\":\"EntryPoint\",\"urlTemplate\":\"https:\\\/\\\/gliptoneeurope.com\\\/?s={search_term_string}\"},\"query-input\":{\"@type\":\"PropertyValueSpecification\",\"valueRequired\":true,\"valueName\":\"search_term_string\"}}],\"inLanguage\":\"fr-FR\"},{\"@type\":\"Organization\",\"@id\":\"https:\\\/\\\/gliptoneeurope.com\\\/#organization\",\"name\":\"Gliptone Europe\",\"url\":\"https:\\\/\\\/gliptoneeurope.com\\\/\",\"logo\":{\"@type\":\"ImageObject\",\"inLanguage\":\"fr-FR\",\"@id\":\"https:\\\/\\\/gliptoneeurope.com\\\/#\\\/schema\\\/logo\\\/image\\\/\",\"url\":\"https:\\\/\\\/gliptoneeurope.com\\\/wp-content\\\/uploads\\\/Gliptone_Logo.png\",\"contentUrl\":\"https:\\\/\\\/gliptoneeurope.com\\\/wp-content\\\/uploads\\\/Gliptone_Logo.png\",\"width\":1472,\"height\":607,\"caption\":\"Gliptone Europe\"},\"image\":{\"@id\":\"https:\\\/\\\/gliptoneeurope.com\\\/#\\\/schema\\\/logo\\\/image\\\/\"},\"sameAs\":[\"https:\\\/\\\/www.facebook.com\\\/gliptoneeurope\\\/\",\"https:\\\/\\\/www.instagram.com\\\/gliptoneeurope\\\/\",\"https:\\\/\\\/www.pinterest.co.uk\\\/GliptoneEurope\\\/\"]}]}<\/script>\n<!-- \/ Yoast SEO Premium plugin. -->","yoast_head_json":{"title":"Une \u00e9tape 1 gallon (3.8L) - Gliptone Europe","description":"One Step \u00e9liminera rapidement toutes les rayures ultra-l\u00e9g\u00e8res et les marques de tourbillon, laissant un aspect \"humide\" durable et brillant sur les couches transparentes et les peintures conventionnelles.","robots":{"index":"index","follow":"follow","max-snippet":"max-snippet:-1","max-image-preview":"max-image-preview:large","max-video-preview":"max-video-preview:-1"},"canonical":"https:\/\/gliptoneeurope.com\/produit\/one-step-1-gall-3-8l\/","og_locale":"fr_FR","og_type":"article","og_title":"Une \u00e9tape 1 gallon (3.8L)","og_description":"One Step \u00e9liminera rapidement toutes les rayures ultra-l\u00e9g\u00e8res et les marques de tourbillon, laissant un aspect \"humide\" durable et brillant sur les","og_url":"https:\/\/gliptoneeurope.com\/produit\/one-step-1-gall-3-8l\/","og_site_name":"Gliptone Europe","article_publisher":"https:\/\/www.facebook.com\/gliptoneeurope\/","og_image":[{"width":1509,"height":1510,"url":"https:\/\/gliptoneeurope.com\/wp-content\/uploads\/One-Step-1-Gall-3.8L.jpg","type":"image\/jpeg"}],"twitter_card":"summary_large_image","twitter_misc":{"Dur\u00e9e de lecture estim\u00e9e":"1 minute"},"schema":{"@context":"https:\/\/schema.org","@graph":[{"@type":"WebPage","@id":"https:\/\/gliptoneeurope.com\/produit\/one-step-1-gall-3-8l\/","url":"https:\/\/gliptoneeurope.com\/produit\/one-step-1-gall-3-8l\/","name":"Une \u00e9tape 1 gallon (3.8L) - Gliptone Europe","isPartOf":{"@id":"https:\/\/gliptoneeurope.com\/#website"},"primaryImageOfPage":{"@id":"https:\/\/gliptoneeurope.com\/produit\/one-step-1-gall-3-8l\/#primaryimage"},"image":{"@id":"https:\/\/gliptoneeurope.com\/produit\/one-step-1-gall-3-8l\/#primaryimage"},"thumbnailUrl":"https:\/\/gliptoneeurope.com\/wp-content\/uploads\/One-Step-1-Gall-3.8L.jpg","datePublished":"2021-11-30T11:35:26+00:00","description":"One Step \u00e9liminera rapidement toutes les rayures ultra-l\u00e9g\u00e8res et les marques de tourbillon, laissant un aspect \"humide\" durable et brillant sur les couches transparentes et les peintures conventionnelles.","breadcrumb":{"@id":"https:\/\/gliptoneeurope.com\/produit\/one-step-1-gall-3-8l\/#breadcrumb"},"inLanguage":"fr-FR","potentialAction":[{"@type":"ReadAction","target":["https:\/\/gliptoneeurope.com\/produit\/one-step-1-gall-3-8l\/"]}]},{"@type":"ImageObject","inLanguage":"fr-FR","@id":"https:\/\/gliptoneeurope.com\/produit\/one-step-1-gall-3-8l\/#primaryimage","url":"https:\/\/gliptoneeurope.com\/wp-content\/uploads\/One-Step-1-Gall-3.8L.jpg","contentUrl":"https:\/\/gliptoneeurope.com\/wp-content\/uploads\/One-Step-1-Gall-3.8L.jpg","width":1509,"height":1510},{"@type":"BreadcrumbList","@id":"https:\/\/gliptoneeurope.com\/produit\/one-step-1-gall-3-8l\/#breadcrumb","itemListElement":[{"@type":"ListItem","position":1,"name":"Home","item":"https:\/\/gliptoneeurope.com\/"},{"@type":"ListItem","position":2,"name":"Boutique","item":"https:\/\/gliptoneeurope.com\/fr\/boutique\/"},{"@type":"ListItem","position":3,"name":"Une \u00e9tape 1 gallon (3.8L)"}]},{"@type":"WebSite","@id":"https:\/\/gliptoneeurope.com\/#website","url":"https:\/\/gliptoneeurope.com\/","name":"Gliptone Europe","description":"Professional Car Detailing Products","publisher":{"@id":"https:\/\/gliptoneeurope.com\/#organization"},"potentialAction":[{"@type":"SearchAction","target":{"@type":"EntryPoint","urlTemplate":"https:\/\/gliptoneeurope.com\/?s={search_term_string}"},"query-input":{"@type":"PropertyValueSpecification","valueRequired":true,"valueName":"search_term_string"}}],"inLanguage":"fr-FR"},{"@type":"Organization","@id":"https:\/\/gliptoneeurope.com\/#organization","name":"Gliptone Europe","url":"https:\/\/gliptoneeurope.com\/","logo":{"@type":"ImageObject","inLanguage":"fr-FR","@id":"https:\/\/gliptoneeurope.com\/#\/schema\/logo\/image\/","url":"https:\/\/gliptoneeurope.com\/wp-content\/uploads\/Gliptone_Logo.png","contentUrl":"https:\/\/gliptoneeurope.com\/wp-content\/uploads\/Gliptone_Logo.png","width":1472,"height":607,"caption":"Gliptone Europe"},"image":{"@id":"https:\/\/gliptoneeurope.com\/#\/schema\/logo\/image\/"},"sameAs":["https:\/\/www.facebook.com\/gliptoneeurope\/","https:\/\/www.instagram.com\/gliptoneeurope\/","https:\/\/www.pinterest.co.uk\/GliptoneEurope\/"]}]}},"wcpa_form_fields":null,"_links":{"self":[{"href":"https:\/\/gliptoneeurope.com\/fr\/wp-json\/wp\/v2\/product\/11572","targetHints":{"allow":["GET"]}}],"collection":[{"href":"https:\/\/gliptoneeurope.com\/fr\/wp-json\/wp\/v2\/product"}],"about":[{"href":"https:\/\/gliptoneeurope.com\/fr\/wp-json\/wp\/v2\/types\/product"}],"wp:featuredmedia":[{"embeddable":true,"href":"https:\/\/gliptoneeurope.com\/fr\/wp-json\/wp\/v2\/media\/10902"}],"wp:attachment":[{"href":"https:\/\/gliptoneeurope.com\/fr\/wp-json\/wp\/v2\/media?parent=11572"}],"wp:term":[{"taxonomy":"product_brand","embeddable":true,"href":"https:\/\/gliptoneeurope.com\/fr\/wp-json\/wp\/v2\/product_brand?post=11572"},{"taxonomy":"product_cat","embeddable":true,"href":"https:\/\/gliptoneeurope.com\/fr\/wp-json\/wp\/v2\/product_cat?post=11572"},{"taxonomy":"product_tag","embeddable":true,"href":"https:\/\/gliptoneeurope.com\/fr\/wp-json\/wp\/v2\/product_tag?post=11572"}],"curies":[{"name":"wp","href":"https:\/\/api.w.org\/{rel}","templated":true}]}}