{"id":11568,"date":"2021-05-11T13:36:35","date_gmt":"2021-11-30T11:35:24","guid":{"rendered":"https:\/\/gliptoneeurope.com\/product\/rimguard-express-1-gall-3-8l\/"},"modified":"2021-11-30T11:35:24","modified_gmt":"2021-11-30T11:35:24","slug":"garde-jante-express-1-gall-3-8l","status":"publish","type":"product","link":"https:\/\/gliptoneeurope.com\/fr\/produit\/garde-jante-express-1-gall-3-8l\/","title":{"rendered":"Rimguard Express 1 Gall (3.8L)"},"content":{"rendered":"<p>Notre Rimguard Express est un mastic polym\u00e8re naturel, facile \u00e0 appliquer et extr\u00eamement durable. La solution peut \u00eatre utilis\u00e9e sur toutes les surfaces humides ou s\u00e8ches.<\/p>\n<p>Il est excellent pour tous les types de surfaces de roues, y compris les jantes en aluminium, en magn\u00e9sium, anodis\u00e9es, peintes et \u00e0 rev\u00eatement transparent.<\/p>\n<p>Rimguard Express \u00e9claircira et fera briller rapidement la surface tout en cr\u00e9ant une barri\u00e8re de protection qui prot\u00e8ge les jantes contre l&#8217;accumulation de poussi\u00e8re de frein et le film routier.<\/p>\n<p>Une fois appliqu\u00e9, il durera pour plusieurs lavages de la voiture et ne frondera pas, ne laissera pas de traces et ne d\u00e9colorera pas la surface de la roue.<\/p>\n<p>Ce produit est \u00e9galement disponible en tant que <a href=\"https:\/\/gliptoneeurope.com\/product\/rimguard-with-glipguard\/\">Rimguard avec Glipguard<\/a> , dans un plus petit volume de 650 ml (22 oz).<\/p>\n","protected":false},"excerpt":{"rendered":"<p>Notre Rimguard Express est un mastic polym\u00e8re naturel, facile \u00e0 appliquer et extr\u00eamement durable. La solution peut \u00eatre utilis\u00e9e sur toutes les surfaces humides ou s\u00e8ches. Il est excellent pour tous les types de surfaces de roues, y compris les jantes en aluminium, en magn\u00e9sium, anodis\u00e9es, peintes et \u00e0 rev\u00eatement transparent. Rimguard Express \u00e9claircira et [&hellip;]<\/p>\n","protected":false},"featured_media":10898,"template":"","meta":[],"product_brand":[],"product_cat":[94,109],"product_tag":[],"class_list":{"0":"post-11568","1":"product","2":"type-product","3":"status-publish","4":"has-post-thumbnail","6":"product_cat-nouveaux-produits","7":"product_cat-produits-professionnels","9":"first","10":"instock","11":"taxable","12":"shipping-taxable","13":"purchasable","14":"product-type-simple"},"yoast_head":"<!-- This site is optimized with the Yoast SEO Premium plugin v21.4 (Yoast SEO v27.4) - https:\/\/yoast.com\/product\/yoast-seo-premium-wordpress\/ -->\n<title>Rimguard Express 1 Gall (3.8L) - Gliptone Europe<\/title>\n<meta name=\"description\" content=\"Notre Rimguard Express est un mastic polym\u00e8re naturel, facile \u00e0 appliquer et extr\u00eamement durable. La solution peut \u00eatre utilis\u00e9e sur toutes les surfaces humides ou s\u00e8ches.\" \/>\n<meta name=\"robots\" content=\"index, follow, max-snippet:-1, max-image-preview:large, max-video-preview:-1\" \/>\n<link rel=\"canonical\" href=\"https:\/\/gliptoneeurope.com\/produit\/rimguard-express-1-gall-3-8l\/\" \/>\n<meta property=\"og:locale\" content=\"fr_FR\" \/>\n<meta property=\"og:type\" content=\"article\" \/>\n<meta property=\"og:title\" content=\"Rimguard Express 1 Gall (3.8L)\" \/>\n<meta property=\"og:description\" content=\"Notre Rimguard Express est un mastic polym\u00e8re naturel, facile \u00e0 appliquer et extr\u00eamement durable. La solution peut \u00eatre utilis\u00e9e sur toutes les surfaces\" \/>\n<meta property=\"og:url\" content=\"https:\/\/gliptoneeurope.com\/produit\/rimguard-express-1-gall-3-8l\/\" \/>\n<meta property=\"og:site_name\" content=\"Gliptone Europe\" \/>\n<meta property=\"article:publisher\" content=\"https:\/\/www.facebook.com\/gliptoneeurope\/\" \/>\n<meta property=\"og:image\" content=\"https:\/\/gliptoneeurope.com\/wp-content\/uploads\/Rimguard-Express-1-Gall-3.8L.jpg\" \/>\n\t<meta property=\"og:image:width\" content=\"1489\" \/>\n\t<meta property=\"og:image:height\" content=\"1490\" \/>\n\t<meta property=\"og:image:type\" content=\"image\/jpeg\" \/>\n<meta name=\"twitter:card\" content=\"summary_large_image\" \/>\n<meta name=\"twitter:label1\" content=\"Dur\u00e9e de lecture estim\u00e9e\" \/>\n\t<meta name=\"twitter:data1\" content=\"1 minute\" \/>\n<script type=\"application\/ld+json\" class=\"yoast-schema-graph\">{\"@context\":\"https:\\\/\\\/schema.org\",\"@graph\":[{\"@type\":\"WebPage\",\"@id\":\"https:\\\/\\\/gliptoneeurope.com\\\/produit\\\/rimguard-express-1-gall-3-8l\\\/\",\"url\":\"https:\\\/\\\/gliptoneeurope.com\\\/produit\\\/rimguard-express-1-gall-3-8l\\\/\",\"name\":\"Rimguard Express 1 Gall (3.8L) - Gliptone Europe\",\"isPartOf\":{\"@id\":\"https:\\\/\\\/gliptoneeurope.com\\\/#website\"},\"primaryImageOfPage\":{\"@id\":\"https:\\\/\\\/gliptoneeurope.com\\\/produit\\\/rimguard-express-1-gall-3-8l\\\/#primaryimage\"},\"image\":{\"@id\":\"https:\\\/\\\/gliptoneeurope.com\\\/produit\\\/rimguard-express-1-gall-3-8l\\\/#primaryimage\"},\"thumbnailUrl\":\"https:\\\/\\\/gliptoneeurope.com\\\/wp-content\\\/uploads\\\/Rimguard-Express-1-Gall-3.8L.jpg\",\"datePublished\":\"2021-11-30T11:35:24+00:00\",\"description\":\"Notre Rimguard Express est un mastic polym\u00e8re naturel, facile \u00e0 appliquer et extr\u00eamement durable. La solution peut \u00eatre utilis\u00e9e sur toutes les surfaces humides ou s\u00e8ches.\",\"breadcrumb\":{\"@id\":\"https:\\\/\\\/gliptoneeurope.com\\\/produit\\\/rimguard-express-1-gall-3-8l\\\/#breadcrumb\"},\"inLanguage\":\"fr-FR\",\"potentialAction\":[{\"@type\":\"ReadAction\",\"target\":[\"https:\\\/\\\/gliptoneeurope.com\\\/produit\\\/rimguard-express-1-gall-3-8l\\\/\"]}]},{\"@type\":\"ImageObject\",\"inLanguage\":\"fr-FR\",\"@id\":\"https:\\\/\\\/gliptoneeurope.com\\\/produit\\\/rimguard-express-1-gall-3-8l\\\/#primaryimage\",\"url\":\"https:\\\/\\\/gliptoneeurope.com\\\/wp-content\\\/uploads\\\/Rimguard-Express-1-Gall-3.8L.jpg\",\"contentUrl\":\"https:\\\/\\\/gliptoneeurope.com\\\/wp-content\\\/uploads\\\/Rimguard-Express-1-Gall-3.8L.jpg\",\"width\":1489,\"height\":1490},{\"@type\":\"BreadcrumbList\",\"@id\":\"https:\\\/\\\/gliptoneeurope.com\\\/produit\\\/rimguard-express-1-gall-3-8l\\\/#breadcrumb\",\"itemListElement\":[{\"@type\":\"ListItem\",\"position\":1,\"name\":\"Home\",\"item\":\"https:\\\/\\\/gliptoneeurope.com\\\/\"},{\"@type\":\"ListItem\",\"position\":2,\"name\":\"Boutique\",\"item\":\"https:\\\/\\\/gliptoneeurope.com\\\/fr\\\/boutique\\\/\"},{\"@type\":\"ListItem\",\"position\":3,\"name\":\"Rimguard Express 1 Gall (3.8L)\"}]},{\"@type\":\"WebSite\",\"@id\":\"https:\\\/\\\/gliptoneeurope.com\\\/#website\",\"url\":\"https:\\\/\\\/gliptoneeurope.com\\\/\",\"name\":\"Gliptone Europe\",\"description\":\"Professional Car Detailing Products\",\"publisher\":{\"@id\":\"https:\\\/\\\/gliptoneeurope.com\\\/#organization\"},\"potentialAction\":[{\"@type\":\"SearchAction\",\"target\":{\"@type\":\"EntryPoint\",\"urlTemplate\":\"https:\\\/\\\/gliptoneeurope.com\\\/?s={search_term_string}\"},\"query-input\":{\"@type\":\"PropertyValueSpecification\",\"valueRequired\":true,\"valueName\":\"search_term_string\"}}],\"inLanguage\":\"fr-FR\"},{\"@type\":\"Organization\",\"@id\":\"https:\\\/\\\/gliptoneeurope.com\\\/#organization\",\"name\":\"Gliptone Europe\",\"url\":\"https:\\\/\\\/gliptoneeurope.com\\\/\",\"logo\":{\"@type\":\"ImageObject\",\"inLanguage\":\"fr-FR\",\"@id\":\"https:\\\/\\\/gliptoneeurope.com\\\/#\\\/schema\\\/logo\\\/image\\\/\",\"url\":\"https:\\\/\\\/gliptoneeurope.com\\\/wp-content\\\/uploads\\\/Gliptone_Logo.png\",\"contentUrl\":\"https:\\\/\\\/gliptoneeurope.com\\\/wp-content\\\/uploads\\\/Gliptone_Logo.png\",\"width\":1472,\"height\":607,\"caption\":\"Gliptone Europe\"},\"image\":{\"@id\":\"https:\\\/\\\/gliptoneeurope.com\\\/#\\\/schema\\\/logo\\\/image\\\/\"},\"sameAs\":[\"https:\\\/\\\/www.facebook.com\\\/gliptoneeurope\\\/\",\"https:\\\/\\\/www.instagram.com\\\/gliptoneeurope\\\/\",\"https:\\\/\\\/www.pinterest.co.uk\\\/GliptoneEurope\\\/\"]}]}<\/script>\n<!-- \/ Yoast SEO Premium plugin. -->","yoast_head_json":{"title":"Rimguard Express 1 Gall (3.8L) - Gliptone Europe","description":"Notre Rimguard Express est un mastic polym\u00e8re naturel, facile \u00e0 appliquer et extr\u00eamement durable. La solution peut \u00eatre utilis\u00e9e sur toutes les surfaces humides ou s\u00e8ches.","robots":{"index":"index","follow":"follow","max-snippet":"max-snippet:-1","max-image-preview":"max-image-preview:large","max-video-preview":"max-video-preview:-1"},"canonical":"https:\/\/gliptoneeurope.com\/produit\/rimguard-express-1-gall-3-8l\/","og_locale":"fr_FR","og_type":"article","og_title":"Rimguard Express 1 Gall (3.8L)","og_description":"Notre Rimguard Express est un mastic polym\u00e8re naturel, facile \u00e0 appliquer et extr\u00eamement durable. La solution peut \u00eatre utilis\u00e9e sur toutes les surfaces","og_url":"https:\/\/gliptoneeurope.com\/produit\/rimguard-express-1-gall-3-8l\/","og_site_name":"Gliptone Europe","article_publisher":"https:\/\/www.facebook.com\/gliptoneeurope\/","og_image":[{"width":1489,"height":1490,"url":"https:\/\/gliptoneeurope.com\/wp-content\/uploads\/Rimguard-Express-1-Gall-3.8L.jpg","type":"image\/jpeg"}],"twitter_card":"summary_large_image","twitter_misc":{"Dur\u00e9e de lecture estim\u00e9e":"1 minute"},"schema":{"@context":"https:\/\/schema.org","@graph":[{"@type":"WebPage","@id":"https:\/\/gliptoneeurope.com\/produit\/rimguard-express-1-gall-3-8l\/","url":"https:\/\/gliptoneeurope.com\/produit\/rimguard-express-1-gall-3-8l\/","name":"Rimguard Express 1 Gall (3.8L) - Gliptone Europe","isPartOf":{"@id":"https:\/\/gliptoneeurope.com\/#website"},"primaryImageOfPage":{"@id":"https:\/\/gliptoneeurope.com\/produit\/rimguard-express-1-gall-3-8l\/#primaryimage"},"image":{"@id":"https:\/\/gliptoneeurope.com\/produit\/rimguard-express-1-gall-3-8l\/#primaryimage"},"thumbnailUrl":"https:\/\/gliptoneeurope.com\/wp-content\/uploads\/Rimguard-Express-1-Gall-3.8L.jpg","datePublished":"2021-11-30T11:35:24+00:00","description":"Notre Rimguard Express est un mastic polym\u00e8re naturel, facile \u00e0 appliquer et extr\u00eamement durable. La solution peut \u00eatre utilis\u00e9e sur toutes les surfaces humides ou s\u00e8ches.","breadcrumb":{"@id":"https:\/\/gliptoneeurope.com\/produit\/rimguard-express-1-gall-3-8l\/#breadcrumb"},"inLanguage":"fr-FR","potentialAction":[{"@type":"ReadAction","target":["https:\/\/gliptoneeurope.com\/produit\/rimguard-express-1-gall-3-8l\/"]}]},{"@type":"ImageObject","inLanguage":"fr-FR","@id":"https:\/\/gliptoneeurope.com\/produit\/rimguard-express-1-gall-3-8l\/#primaryimage","url":"https:\/\/gliptoneeurope.com\/wp-content\/uploads\/Rimguard-Express-1-Gall-3.8L.jpg","contentUrl":"https:\/\/gliptoneeurope.com\/wp-content\/uploads\/Rimguard-Express-1-Gall-3.8L.jpg","width":1489,"height":1490},{"@type":"BreadcrumbList","@id":"https:\/\/gliptoneeurope.com\/produit\/rimguard-express-1-gall-3-8l\/#breadcrumb","itemListElement":[{"@type":"ListItem","position":1,"name":"Home","item":"https:\/\/gliptoneeurope.com\/"},{"@type":"ListItem","position":2,"name":"Boutique","item":"https:\/\/gliptoneeurope.com\/fr\/boutique\/"},{"@type":"ListItem","position":3,"name":"Rimguard Express 1 Gall (3.8L)"}]},{"@type":"WebSite","@id":"https:\/\/gliptoneeurope.com\/#website","url":"https:\/\/gliptoneeurope.com\/","name":"Gliptone Europe","description":"Professional Car Detailing Products","publisher":{"@id":"https:\/\/gliptoneeurope.com\/#organization"},"potentialAction":[{"@type":"SearchAction","target":{"@type":"EntryPoint","urlTemplate":"https:\/\/gliptoneeurope.com\/?s={search_term_string}"},"query-input":{"@type":"PropertyValueSpecification","valueRequired":true,"valueName":"search_term_string"}}],"inLanguage":"fr-FR"},{"@type":"Organization","@id":"https:\/\/gliptoneeurope.com\/#organization","name":"Gliptone Europe","url":"https:\/\/gliptoneeurope.com\/","logo":{"@type":"ImageObject","inLanguage":"fr-FR","@id":"https:\/\/gliptoneeurope.com\/#\/schema\/logo\/image\/","url":"https:\/\/gliptoneeurope.com\/wp-content\/uploads\/Gliptone_Logo.png","contentUrl":"https:\/\/gliptoneeurope.com\/wp-content\/uploads\/Gliptone_Logo.png","width":1472,"height":607,"caption":"Gliptone Europe"},"image":{"@id":"https:\/\/gliptoneeurope.com\/#\/schema\/logo\/image\/"},"sameAs":["https:\/\/www.facebook.com\/gliptoneeurope\/","https:\/\/www.instagram.com\/gliptoneeurope\/","https:\/\/www.pinterest.co.uk\/GliptoneEurope\/"]}]}},"wcpa_form_fields":null,"_links":{"self":[{"href":"https:\/\/gliptoneeurope.com\/fr\/wp-json\/wp\/v2\/product\/11568","targetHints":{"allow":["GET"]}}],"collection":[{"href":"https:\/\/gliptoneeurope.com\/fr\/wp-json\/wp\/v2\/product"}],"about":[{"href":"https:\/\/gliptoneeurope.com\/fr\/wp-json\/wp\/v2\/types\/product"}],"wp:featuredmedia":[{"embeddable":true,"href":"https:\/\/gliptoneeurope.com\/fr\/wp-json\/wp\/v2\/media\/10898"}],"wp:attachment":[{"href":"https:\/\/gliptoneeurope.com\/fr\/wp-json\/wp\/v2\/media?parent=11568"}],"wp:term":[{"taxonomy":"product_brand","embeddable":true,"href":"https:\/\/gliptoneeurope.com\/fr\/wp-json\/wp\/v2\/product_brand?post=11568"},{"taxonomy":"product_cat","embeddable":true,"href":"https:\/\/gliptoneeurope.com\/fr\/wp-json\/wp\/v2\/product_cat?post=11568"},{"taxonomy":"product_tag","embeddable":true,"href":"https:\/\/gliptoneeurope.com\/fr\/wp-json\/wp\/v2\/product_tag?post=11568"}],"curies":[{"name":"wp","href":"https:\/\/api.w.org\/{rel}","templated":true}]}}