{"id":11566,"date":"2021-05-11T13:36:36","date_gmt":"2021-11-30T11:35:17","guid":{"rendered":"https:\/\/gliptoneeurope.com\/product\/etape-2-glacage-1-gall-38l\/"},"modified":"2021-11-30T11:35:17","modified_gmt":"2021-11-30T11:35:17","slug":"stade-2-glacage-1-gall-3-8l","status":"publish","type":"product","link":"https:\/\/gliptoneeurope.com\/fr\/produit\/stade-2-glacage-1-gall-3-8l\/","title":{"rendered":"\u00c9tape 2 Gla\u00e7age 1 Gall (3,8L)"},"content":{"rendered":"<p>Stage 2 Glaze est un produit de polissage pour voiture \u00ab&nbsp;seconde \u00e9tape&nbsp;\u00bb facile \u00e0 utiliser et non abrasif qui produit une finition brillante et durable sur les rev\u00eatements transparents et les peintures conventionnelles d&#8217;aujourd&#8217;hui.<\/p>\n<p>Peut \u00eatre utilis\u00e9 avec une polisseuse manuelle, orbitale ou \u00e0 vitesse variable \u00e0 l&#8217;aide d&#8217;une mousse de finition douce ou d&#8217;un tampon en laine.<\/p>\n<p>Utilisez l&#8217;\u00e9tape 1 avant pour un syst\u00e8me simple en 2 \u00e9tapes.<\/p>\n<p>Notre <a href=\"https:\/\/gliptoneeurope.com\/product\/clear-coat-polish\/\">vernis<\/a> transparent est une excellente alternative pour un usage personnel, disponible \u00e0 l&#8217;achat dans une bouteille de 470 ml (16 oz).<\/p>\n","protected":false},"excerpt":{"rendered":"<p>Stage 2 Glaze est un produit de polissage pour voiture \u00ab&nbsp;seconde \u00e9tape&nbsp;\u00bb facile \u00e0 utiliser et non abrasif qui produit une finition brillante et durable sur les rev\u00eatements transparents et les peintures conventionnelles d&#8217;aujourd&#8217;hui. Peut \u00eatre utilis\u00e9 avec une polisseuse manuelle, orbitale ou \u00e0 vitesse variable \u00e0 l&#8217;aide d&#8217;une mousse de finition douce ou d&#8217;un [&hellip;]<\/p>\n","protected":false},"featured_media":10890,"template":"","meta":[],"product_brand":[],"product_cat":[94,109],"product_tag":[],"class_list":{"0":"post-11566","1":"product","2":"type-product","3":"status-publish","4":"has-post-thumbnail","6":"product_cat-nouveaux-produits","7":"product_cat-produits-professionnels","9":"first","10":"instock","11":"taxable","12":"shipping-taxable","13":"purchasable","14":"product-type-simple"},"yoast_head":"<!-- This site is optimized with the Yoast SEO Premium plugin v21.4 (Yoast SEO v27.4) - https:\/\/yoast.com\/product\/yoast-seo-premium-wordpress\/ -->\n<title>\u00c9tape 2 Gla\u00e7age 1 Gall (3,8L) - Gliptone Europe<\/title>\n<meta name=\"description\" content=\"Stage 2 Glaze est un produit de polissage pour voiture \u00ab\u00a0seconde \u00e9tape\u00a0\u00bb facile \u00e0 utiliser et non abrasif qui produit une finition brillante et durable sur les rev\u00eatements transparents et les peintures conventionnelles d&#039;aujourd&#039;hui.\" \/>\n<meta name=\"robots\" content=\"index, follow, max-snippet:-1, max-image-preview:large, max-video-preview:-1\" \/>\n<link rel=\"canonical\" href=\"https:\/\/gliptoneeurope.com\/fr\/produit\/stade-2-glacage-1-gall-3-8l\/\" \/>\n<meta property=\"og:locale\" content=\"fr_FR\" \/>\n<meta property=\"og:type\" content=\"article\" \/>\n<meta property=\"og:title\" content=\"\u00c9tape 2 Gla\u00e7age 1 Gall (3,8L)\" \/>\n<meta property=\"og:description\" content=\"Stage 2 Glaze est un produit de polissage pour voiture \u00ab&nbsp;seconde \u00e9tape&nbsp;\u00bb facile \u00e0 utiliser et non abrasif qui produit une finition brillante et\" \/>\n<meta property=\"og:url\" content=\"https:\/\/gliptoneeurope.com\/fr\/produit\/stade-2-glacage-1-gall-3-8l\/\" \/>\n<meta property=\"og:site_name\" content=\"Gliptone Europe\" \/>\n<meta property=\"article:publisher\" content=\"https:\/\/www.facebook.com\/gliptoneeurope\/\" \/>\n<meta property=\"og:image\" content=\"https:\/\/gliptoneeurope.com\/wp-content\/uploads\/Stage-2-Glaze-1-Gall-3.8L.jpg\" \/>\n\t<meta property=\"og:image:width\" content=\"1523\" \/>\n\t<meta property=\"og:image:height\" content=\"1523\" \/>\n\t<meta property=\"og:image:type\" content=\"image\/jpeg\" \/>\n<meta name=\"twitter:card\" content=\"summary_large_image\" \/>\n<script type=\"application\/ld+json\" class=\"yoast-schema-graph\">{\"@context\":\"https:\\\/\\\/schema.org\",\"@graph\":[{\"@type\":\"WebPage\",\"@id\":\"https:\\\/\\\/gliptoneeurope.com\\\/fr\\\/produit\\\/stade-2-glacage-1-gall-3-8l\\\/\",\"url\":\"https:\\\/\\\/gliptoneeurope.com\\\/fr\\\/produit\\\/stade-2-glacage-1-gall-3-8l\\\/\",\"name\":\"\u00c9tape 2 Gla\u00e7age 1 Gall (3,8L) - Gliptone Europe\",\"isPartOf\":{\"@id\":\"https:\\\/\\\/gliptoneeurope.com\\\/#website\"},\"primaryImageOfPage\":{\"@id\":\"https:\\\/\\\/gliptoneeurope.com\\\/fr\\\/produit\\\/stade-2-glacage-1-gall-3-8l\\\/#primaryimage\"},\"image\":{\"@id\":\"https:\\\/\\\/gliptoneeurope.com\\\/fr\\\/produit\\\/stade-2-glacage-1-gall-3-8l\\\/#primaryimage\"},\"thumbnailUrl\":\"https:\\\/\\\/gliptoneeurope.com\\\/wp-content\\\/uploads\\\/Stage-2-Glaze-1-Gall-3.8L.jpg\",\"datePublished\":\"2021-11-30T11:35:17+00:00\",\"description\":\"Stage 2 Glaze est un produit de polissage pour voiture \u00ab\u00a0seconde \u00e9tape\u00a0\u00bb facile \u00e0 utiliser et non abrasif qui produit une finition brillante et durable sur les rev\u00eatements transparents et les peintures conventionnelles d'aujourd'hui.\",\"breadcrumb\":{\"@id\":\"https:\\\/\\\/gliptoneeurope.com\\\/fr\\\/produit\\\/stade-2-glacage-1-gall-3-8l\\\/#breadcrumb\"},\"inLanguage\":\"fr-FR\",\"potentialAction\":[{\"@type\":\"ReadAction\",\"target\":[\"https:\\\/\\\/gliptoneeurope.com\\\/fr\\\/produit\\\/stade-2-glacage-1-gall-3-8l\\\/\"]}]},{\"@type\":\"ImageObject\",\"inLanguage\":\"fr-FR\",\"@id\":\"https:\\\/\\\/gliptoneeurope.com\\\/fr\\\/produit\\\/stade-2-glacage-1-gall-3-8l\\\/#primaryimage\",\"url\":\"https:\\\/\\\/gliptoneeurope.com\\\/wp-content\\\/uploads\\\/Stage-2-Glaze-1-Gall-3.8L.jpg\",\"contentUrl\":\"https:\\\/\\\/gliptoneeurope.com\\\/wp-content\\\/uploads\\\/Stage-2-Glaze-1-Gall-3.8L.jpg\",\"width\":1523,\"height\":1523},{\"@type\":\"BreadcrumbList\",\"@id\":\"https:\\\/\\\/gliptoneeurope.com\\\/fr\\\/produit\\\/stade-2-glacage-1-gall-3-8l\\\/#breadcrumb\",\"itemListElement\":[{\"@type\":\"ListItem\",\"position\":1,\"name\":\"Home\",\"item\":\"https:\\\/\\\/gliptoneeurope.com\\\/\"},{\"@type\":\"ListItem\",\"position\":2,\"name\":\"Boutique\",\"item\":\"https:\\\/\\\/gliptoneeurope.com\\\/fr\\\/boutique\\\/\"},{\"@type\":\"ListItem\",\"position\":3,\"name\":\"\u00c9tape 2 Gla\u00e7age 1 Gall (3,8L)\"}]},{\"@type\":\"WebSite\",\"@id\":\"https:\\\/\\\/gliptoneeurope.com\\\/#website\",\"url\":\"https:\\\/\\\/gliptoneeurope.com\\\/\",\"name\":\"Gliptone Europe\",\"description\":\"Professional Car Detailing Products\",\"publisher\":{\"@id\":\"https:\\\/\\\/gliptoneeurope.com\\\/#organization\"},\"potentialAction\":[{\"@type\":\"SearchAction\",\"target\":{\"@type\":\"EntryPoint\",\"urlTemplate\":\"https:\\\/\\\/gliptoneeurope.com\\\/?s={search_term_string}\"},\"query-input\":{\"@type\":\"PropertyValueSpecification\",\"valueRequired\":true,\"valueName\":\"search_term_string\"}}],\"inLanguage\":\"fr-FR\"},{\"@type\":\"Organization\",\"@id\":\"https:\\\/\\\/gliptoneeurope.com\\\/#organization\",\"name\":\"Gliptone Europe\",\"url\":\"https:\\\/\\\/gliptoneeurope.com\\\/\",\"logo\":{\"@type\":\"ImageObject\",\"inLanguage\":\"fr-FR\",\"@id\":\"https:\\\/\\\/gliptoneeurope.com\\\/#\\\/schema\\\/logo\\\/image\\\/\",\"url\":\"https:\\\/\\\/gliptoneeurope.com\\\/wp-content\\\/uploads\\\/Gliptone_Logo.png\",\"contentUrl\":\"https:\\\/\\\/gliptoneeurope.com\\\/wp-content\\\/uploads\\\/Gliptone_Logo.png\",\"width\":1472,\"height\":607,\"caption\":\"Gliptone Europe\"},\"image\":{\"@id\":\"https:\\\/\\\/gliptoneeurope.com\\\/#\\\/schema\\\/logo\\\/image\\\/\"},\"sameAs\":[\"https:\\\/\\\/www.facebook.com\\\/gliptoneeurope\\\/\",\"https:\\\/\\\/www.instagram.com\\\/gliptoneeurope\\\/\",\"https:\\\/\\\/www.pinterest.co.uk\\\/GliptoneEurope\\\/\"]}]}<\/script>\n<!-- \/ Yoast SEO Premium plugin. -->","yoast_head_json":{"title":"\u00c9tape 2 Gla\u00e7age 1 Gall (3,8L) - Gliptone Europe","description":"Stage 2 Glaze est un produit de polissage pour voiture \u00ab\u00a0seconde \u00e9tape\u00a0\u00bb facile \u00e0 utiliser et non abrasif qui produit une finition brillante et durable sur les rev\u00eatements transparents et les peintures conventionnelles d'aujourd'hui.","robots":{"index":"index","follow":"follow","max-snippet":"max-snippet:-1","max-image-preview":"max-image-preview:large","max-video-preview":"max-video-preview:-1"},"canonical":"https:\/\/gliptoneeurope.com\/fr\/produit\/stade-2-glacage-1-gall-3-8l\/","og_locale":"fr_FR","og_type":"article","og_title":"\u00c9tape 2 Gla\u00e7age 1 Gall (3,8L)","og_description":"Stage 2 Glaze est un produit de polissage pour voiture \u00ab&nbsp;seconde \u00e9tape&nbsp;\u00bb facile \u00e0 utiliser et non abrasif qui produit une finition brillante et","og_url":"https:\/\/gliptoneeurope.com\/fr\/produit\/stade-2-glacage-1-gall-3-8l\/","og_site_name":"Gliptone Europe","article_publisher":"https:\/\/www.facebook.com\/gliptoneeurope\/","og_image":[{"width":1523,"height":1523,"url":"https:\/\/gliptoneeurope.com\/wp-content\/uploads\/Stage-2-Glaze-1-Gall-3.8L.jpg","type":"image\/jpeg"}],"twitter_card":"summary_large_image","schema":{"@context":"https:\/\/schema.org","@graph":[{"@type":"WebPage","@id":"https:\/\/gliptoneeurope.com\/fr\/produit\/stade-2-glacage-1-gall-3-8l\/","url":"https:\/\/gliptoneeurope.com\/fr\/produit\/stade-2-glacage-1-gall-3-8l\/","name":"\u00c9tape 2 Gla\u00e7age 1 Gall (3,8L) - Gliptone Europe","isPartOf":{"@id":"https:\/\/gliptoneeurope.com\/#website"},"primaryImageOfPage":{"@id":"https:\/\/gliptoneeurope.com\/fr\/produit\/stade-2-glacage-1-gall-3-8l\/#primaryimage"},"image":{"@id":"https:\/\/gliptoneeurope.com\/fr\/produit\/stade-2-glacage-1-gall-3-8l\/#primaryimage"},"thumbnailUrl":"https:\/\/gliptoneeurope.com\/wp-content\/uploads\/Stage-2-Glaze-1-Gall-3.8L.jpg","datePublished":"2021-11-30T11:35:17+00:00","description":"Stage 2 Glaze est un produit de polissage pour voiture \u00ab\u00a0seconde \u00e9tape\u00a0\u00bb facile \u00e0 utiliser et non abrasif qui produit une finition brillante et durable sur les rev\u00eatements transparents et les peintures conventionnelles d'aujourd'hui.","breadcrumb":{"@id":"https:\/\/gliptoneeurope.com\/fr\/produit\/stade-2-glacage-1-gall-3-8l\/#breadcrumb"},"inLanguage":"fr-FR","potentialAction":[{"@type":"ReadAction","target":["https:\/\/gliptoneeurope.com\/fr\/produit\/stade-2-glacage-1-gall-3-8l\/"]}]},{"@type":"ImageObject","inLanguage":"fr-FR","@id":"https:\/\/gliptoneeurope.com\/fr\/produit\/stade-2-glacage-1-gall-3-8l\/#primaryimage","url":"https:\/\/gliptoneeurope.com\/wp-content\/uploads\/Stage-2-Glaze-1-Gall-3.8L.jpg","contentUrl":"https:\/\/gliptoneeurope.com\/wp-content\/uploads\/Stage-2-Glaze-1-Gall-3.8L.jpg","width":1523,"height":1523},{"@type":"BreadcrumbList","@id":"https:\/\/gliptoneeurope.com\/fr\/produit\/stade-2-glacage-1-gall-3-8l\/#breadcrumb","itemListElement":[{"@type":"ListItem","position":1,"name":"Home","item":"https:\/\/gliptoneeurope.com\/"},{"@type":"ListItem","position":2,"name":"Boutique","item":"https:\/\/gliptoneeurope.com\/fr\/boutique\/"},{"@type":"ListItem","position":3,"name":"\u00c9tape 2 Gla\u00e7age 1 Gall (3,8L)"}]},{"@type":"WebSite","@id":"https:\/\/gliptoneeurope.com\/#website","url":"https:\/\/gliptoneeurope.com\/","name":"Gliptone Europe","description":"Professional Car Detailing Products","publisher":{"@id":"https:\/\/gliptoneeurope.com\/#organization"},"potentialAction":[{"@type":"SearchAction","target":{"@type":"EntryPoint","urlTemplate":"https:\/\/gliptoneeurope.com\/?s={search_term_string}"},"query-input":{"@type":"PropertyValueSpecification","valueRequired":true,"valueName":"search_term_string"}}],"inLanguage":"fr-FR"},{"@type":"Organization","@id":"https:\/\/gliptoneeurope.com\/#organization","name":"Gliptone Europe","url":"https:\/\/gliptoneeurope.com\/","logo":{"@type":"ImageObject","inLanguage":"fr-FR","@id":"https:\/\/gliptoneeurope.com\/#\/schema\/logo\/image\/","url":"https:\/\/gliptoneeurope.com\/wp-content\/uploads\/Gliptone_Logo.png","contentUrl":"https:\/\/gliptoneeurope.com\/wp-content\/uploads\/Gliptone_Logo.png","width":1472,"height":607,"caption":"Gliptone Europe"},"image":{"@id":"https:\/\/gliptoneeurope.com\/#\/schema\/logo\/image\/"},"sameAs":["https:\/\/www.facebook.com\/gliptoneeurope\/","https:\/\/www.instagram.com\/gliptoneeurope\/","https:\/\/www.pinterest.co.uk\/GliptoneEurope\/"]}]}},"wcpa_form_fields":null,"_links":{"self":[{"href":"https:\/\/gliptoneeurope.com\/fr\/wp-json\/wp\/v2\/product\/11566","targetHints":{"allow":["GET"]}}],"collection":[{"href":"https:\/\/gliptoneeurope.com\/fr\/wp-json\/wp\/v2\/product"}],"about":[{"href":"https:\/\/gliptoneeurope.com\/fr\/wp-json\/wp\/v2\/types\/product"}],"wp:featuredmedia":[{"embeddable":true,"href":"https:\/\/gliptoneeurope.com\/fr\/wp-json\/wp\/v2\/media\/10890"}],"wp:attachment":[{"href":"https:\/\/gliptoneeurope.com\/fr\/wp-json\/wp\/v2\/media?parent=11566"}],"wp:term":[{"taxonomy":"product_brand","embeddable":true,"href":"https:\/\/gliptoneeurope.com\/fr\/wp-json\/wp\/v2\/product_brand?post=11566"},{"taxonomy":"product_cat","embeddable":true,"href":"https:\/\/gliptoneeurope.com\/fr\/wp-json\/wp\/v2\/product_cat?post=11566"},{"taxonomy":"product_tag","embeddable":true,"href":"https:\/\/gliptoneeurope.com\/fr\/wp-json\/wp\/v2\/product_tag?post=11566"}],"curies":[{"name":"wp","href":"https:\/\/api.w.org\/{rel}","templated":true}]}}