{"id":11564,"date":"2021-05-11T14:07:59","date_gmt":"2021-11-30T11:35:17","guid":{"rendered":"https:\/\/gliptoneeurope.com\/product\/pinceaux-de-finition-paquet-de-3\/"},"modified":"2021-11-30T11:35:17","modified_gmt":"2021-11-30T11:35:17","slug":"pinceaux-detailing-pack-of-3","status":"publish","type":"product","link":"https:\/\/gliptoneeurope.com\/fr\/produit\/pinceaux-detailing-pack-of-3\/","title":{"rendered":"Pinceaux de finition &#8211; Paquet de 3"},"content":{"rendered":"<p>Nos brosses de finition sont l&#8217;outil parfait pour vos besoins de nettoyage de voiture, d\u00e9velopp\u00e9es pour vous aider \u00e0 appliquer le produit sur les zones int\u00e9rieures et ext\u00e9rieures difficiles \u00e0 atteindre.<\/p>\n<p>Fabriqu\u00e9 avec des poils doux et un manche en plastique solide et durable pour cr\u00e9er une brosse de finition de haute qualit\u00e9 \u00e0 utiliser avec tous les produits de finition.<\/p>\n<p>Nous vous recommandons d&#8217;utiliser nos brosses de finition qui sont polyvalentes pour vous aider \u00e0 appliquer les produits de finition n\u00e9cessaires sur votre sellerie, votre compartiment moteur, votre int\u00e9rieur et m\u00eame sur vos roues.<\/p>\n","protected":false},"excerpt":{"rendered":"<p>Nos brosses de finition sont l&#8217;outil parfait pour vos besoins de nettoyage de voiture, d\u00e9velopp\u00e9es pour vous aider \u00e0 appliquer le produit sur les zones int\u00e9rieures et ext\u00e9rieures difficiles \u00e0 atteindre. Fabriqu\u00e9 avec des poils doux et un manche en plastique solide et durable pour cr\u00e9er une brosse de finition de haute qualit\u00e9 \u00e0 utiliser [&hellip;]<\/p>\n","protected":false},"featured_media":10874,"template":"","meta":[],"product_brand":[],"product_cat":[118,94,109],"product_tag":[],"class_list":{"0":"post-11564","1":"product","2":"type-product","3":"status-publish","4":"has-post-thumbnail","6":"product_cat-accessoires-fr","7":"product_cat-nouveaux-produits","8":"product_cat-produits-professionnels","10":"first","11":"instock","12":"taxable","13":"shipping-taxable","14":"purchasable","15":"product-type-simple"},"yoast_head":"<!-- This site is optimized with the Yoast SEO Premium plugin v21.4 (Yoast SEO v27.4) - https:\/\/yoast.com\/product\/yoast-seo-premium-wordpress\/ -->\n<title>Pinceaux de finition - Paquet de 3 - Gliptone Europe<\/title>\n<meta name=\"description\" content=\"Nos brosses de finition sont l&#039;outil parfait pour vos besoins de nettoyage de voiture, vous aidant \u00e0 appliquer le produit dans les zones int\u00e9rieures et ext\u00e9rieures difficiles \u00e0 atteindre.\" \/>\n<meta name=\"robots\" content=\"index, follow, max-snippet:-1, max-image-preview:large, max-video-preview:-1\" \/>\n<link rel=\"canonical\" href=\"https:\/\/gliptoneeurope.com\/fr\/produit\/pinceaux-detailing-pack-of-3\/\" \/>\n<meta property=\"og:locale\" content=\"fr_FR\" \/>\n<meta property=\"og:type\" content=\"article\" \/>\n<meta property=\"og:title\" content=\"Pinceaux de finition - Paquet de 3\" \/>\n<meta property=\"og:description\" content=\"Nos brosses de finition sont l&#039;outil parfait pour vos besoins de nettoyage de voiture, d\u00e9velopp\u00e9es pour vous aider \u00e0 appliquer le produit sur les zones\" \/>\n<meta property=\"og:url\" content=\"https:\/\/gliptoneeurope.com\/fr\/produit\/pinceaux-detailing-pack-of-3\/\" \/>\n<meta property=\"og:site_name\" content=\"Gliptone Europe\" \/>\n<meta property=\"article:publisher\" content=\"https:\/\/www.facebook.com\/gliptoneeurope\/\" \/>\n<meta property=\"og:image\" content=\"https:\/\/gliptoneeurope.com\/wp-content\/uploads\/Detailing-Brushes.jpg\" \/>\n\t<meta property=\"og:image:width\" content=\"1398\" \/>\n\t<meta property=\"og:image:height\" content=\"1398\" \/>\n\t<meta property=\"og:image:type\" content=\"image\/jpeg\" \/>\n<meta name=\"twitter:card\" content=\"summary_large_image\" \/>\n<script type=\"application\/ld+json\" class=\"yoast-schema-graph\">{\"@context\":\"https:\\\/\\\/schema.org\",\"@graph\":[{\"@type\":\"WebPage\",\"@id\":\"https:\\\/\\\/gliptoneeurope.com\\\/fr\\\/produit\\\/pinceaux-detailing-pack-of-3\\\/\",\"url\":\"https:\\\/\\\/gliptoneeurope.com\\\/fr\\\/produit\\\/pinceaux-detailing-pack-of-3\\\/\",\"name\":\"Pinceaux de finition - Paquet de 3 - Gliptone Europe\",\"isPartOf\":{\"@id\":\"https:\\\/\\\/gliptoneeurope.com\\\/#website\"},\"primaryImageOfPage\":{\"@id\":\"https:\\\/\\\/gliptoneeurope.com\\\/fr\\\/produit\\\/pinceaux-detailing-pack-of-3\\\/#primaryimage\"},\"image\":{\"@id\":\"https:\\\/\\\/gliptoneeurope.com\\\/fr\\\/produit\\\/pinceaux-detailing-pack-of-3\\\/#primaryimage\"},\"thumbnailUrl\":\"https:\\\/\\\/gliptoneeurope.com\\\/wp-content\\\/uploads\\\/Detailing-Brushes.jpg\",\"datePublished\":\"2021-11-30T11:35:17+00:00\",\"description\":\"Nos brosses de finition sont l'outil parfait pour vos besoins de nettoyage de voiture, vous aidant \u00e0 appliquer le produit dans les zones int\u00e9rieures et ext\u00e9rieures difficiles \u00e0 atteindre.\",\"breadcrumb\":{\"@id\":\"https:\\\/\\\/gliptoneeurope.com\\\/fr\\\/produit\\\/pinceaux-detailing-pack-of-3\\\/#breadcrumb\"},\"inLanguage\":\"fr-FR\",\"potentialAction\":[{\"@type\":\"ReadAction\",\"target\":[\"https:\\\/\\\/gliptoneeurope.com\\\/fr\\\/produit\\\/pinceaux-detailing-pack-of-3\\\/\"]}]},{\"@type\":\"ImageObject\",\"inLanguage\":\"fr-FR\",\"@id\":\"https:\\\/\\\/gliptoneeurope.com\\\/fr\\\/produit\\\/pinceaux-detailing-pack-of-3\\\/#primaryimage\",\"url\":\"https:\\\/\\\/gliptoneeurope.com\\\/wp-content\\\/uploads\\\/Detailing-Brushes.jpg\",\"contentUrl\":\"https:\\\/\\\/gliptoneeurope.com\\\/wp-content\\\/uploads\\\/Detailing-Brushes.jpg\",\"width\":1398,\"height\":1398},{\"@type\":\"BreadcrumbList\",\"@id\":\"https:\\\/\\\/gliptoneeurope.com\\\/fr\\\/produit\\\/pinceaux-detailing-pack-of-3\\\/#breadcrumb\",\"itemListElement\":[{\"@type\":\"ListItem\",\"position\":1,\"name\":\"Home\",\"item\":\"https:\\\/\\\/gliptoneeurope.com\\\/\"},{\"@type\":\"ListItem\",\"position\":2,\"name\":\"Boutique\",\"item\":\"https:\\\/\\\/gliptoneeurope.com\\\/fr\\\/boutique\\\/\"},{\"@type\":\"ListItem\",\"position\":3,\"name\":\"Pinceaux de finition &#8211; Paquet de 3\"}]},{\"@type\":\"WebSite\",\"@id\":\"https:\\\/\\\/gliptoneeurope.com\\\/#website\",\"url\":\"https:\\\/\\\/gliptoneeurope.com\\\/\",\"name\":\"Gliptone Europe\",\"description\":\"Professional Car Detailing Products\",\"publisher\":{\"@id\":\"https:\\\/\\\/gliptoneeurope.com\\\/#organization\"},\"potentialAction\":[{\"@type\":\"SearchAction\",\"target\":{\"@type\":\"EntryPoint\",\"urlTemplate\":\"https:\\\/\\\/gliptoneeurope.com\\\/?s={search_term_string}\"},\"query-input\":{\"@type\":\"PropertyValueSpecification\",\"valueRequired\":true,\"valueName\":\"search_term_string\"}}],\"inLanguage\":\"fr-FR\"},{\"@type\":\"Organization\",\"@id\":\"https:\\\/\\\/gliptoneeurope.com\\\/#organization\",\"name\":\"Gliptone Europe\",\"url\":\"https:\\\/\\\/gliptoneeurope.com\\\/\",\"logo\":{\"@type\":\"ImageObject\",\"inLanguage\":\"fr-FR\",\"@id\":\"https:\\\/\\\/gliptoneeurope.com\\\/#\\\/schema\\\/logo\\\/image\\\/\",\"url\":\"https:\\\/\\\/gliptoneeurope.com\\\/wp-content\\\/uploads\\\/Gliptone_Logo.png\",\"contentUrl\":\"https:\\\/\\\/gliptoneeurope.com\\\/wp-content\\\/uploads\\\/Gliptone_Logo.png\",\"width\":1472,\"height\":607,\"caption\":\"Gliptone Europe\"},\"image\":{\"@id\":\"https:\\\/\\\/gliptoneeurope.com\\\/#\\\/schema\\\/logo\\\/image\\\/\"},\"sameAs\":[\"https:\\\/\\\/www.facebook.com\\\/gliptoneeurope\\\/\",\"https:\\\/\\\/www.instagram.com\\\/gliptoneeurope\\\/\",\"https:\\\/\\\/www.pinterest.co.uk\\\/GliptoneEurope\\\/\"]}]}<\/script>\n<!-- \/ Yoast SEO Premium plugin. -->","yoast_head_json":{"title":"Pinceaux de finition - Paquet de 3 - Gliptone Europe","description":"Nos brosses de finition sont l'outil parfait pour vos besoins de nettoyage de voiture, vous aidant \u00e0 appliquer le produit dans les zones int\u00e9rieures et ext\u00e9rieures difficiles \u00e0 atteindre.","robots":{"index":"index","follow":"follow","max-snippet":"max-snippet:-1","max-image-preview":"max-image-preview:large","max-video-preview":"max-video-preview:-1"},"canonical":"https:\/\/gliptoneeurope.com\/fr\/produit\/pinceaux-detailing-pack-of-3\/","og_locale":"fr_FR","og_type":"article","og_title":"Pinceaux de finition - Paquet de 3","og_description":"Nos brosses de finition sont l'outil parfait pour vos besoins de nettoyage de voiture, d\u00e9velopp\u00e9es pour vous aider \u00e0 appliquer le produit sur les zones","og_url":"https:\/\/gliptoneeurope.com\/fr\/produit\/pinceaux-detailing-pack-of-3\/","og_site_name":"Gliptone Europe","article_publisher":"https:\/\/www.facebook.com\/gliptoneeurope\/","og_image":[{"width":1398,"height":1398,"url":"https:\/\/gliptoneeurope.com\/wp-content\/uploads\/Detailing-Brushes.jpg","type":"image\/jpeg"}],"twitter_card":"summary_large_image","schema":{"@context":"https:\/\/schema.org","@graph":[{"@type":"WebPage","@id":"https:\/\/gliptoneeurope.com\/fr\/produit\/pinceaux-detailing-pack-of-3\/","url":"https:\/\/gliptoneeurope.com\/fr\/produit\/pinceaux-detailing-pack-of-3\/","name":"Pinceaux de finition - Paquet de 3 - Gliptone Europe","isPartOf":{"@id":"https:\/\/gliptoneeurope.com\/#website"},"primaryImageOfPage":{"@id":"https:\/\/gliptoneeurope.com\/fr\/produit\/pinceaux-detailing-pack-of-3\/#primaryimage"},"image":{"@id":"https:\/\/gliptoneeurope.com\/fr\/produit\/pinceaux-detailing-pack-of-3\/#primaryimage"},"thumbnailUrl":"https:\/\/gliptoneeurope.com\/wp-content\/uploads\/Detailing-Brushes.jpg","datePublished":"2021-11-30T11:35:17+00:00","description":"Nos brosses de finition sont l'outil parfait pour vos besoins de nettoyage de voiture, vous aidant \u00e0 appliquer le produit dans les zones int\u00e9rieures et ext\u00e9rieures difficiles \u00e0 atteindre.","breadcrumb":{"@id":"https:\/\/gliptoneeurope.com\/fr\/produit\/pinceaux-detailing-pack-of-3\/#breadcrumb"},"inLanguage":"fr-FR","potentialAction":[{"@type":"ReadAction","target":["https:\/\/gliptoneeurope.com\/fr\/produit\/pinceaux-detailing-pack-of-3\/"]}]},{"@type":"ImageObject","inLanguage":"fr-FR","@id":"https:\/\/gliptoneeurope.com\/fr\/produit\/pinceaux-detailing-pack-of-3\/#primaryimage","url":"https:\/\/gliptoneeurope.com\/wp-content\/uploads\/Detailing-Brushes.jpg","contentUrl":"https:\/\/gliptoneeurope.com\/wp-content\/uploads\/Detailing-Brushes.jpg","width":1398,"height":1398},{"@type":"BreadcrumbList","@id":"https:\/\/gliptoneeurope.com\/fr\/produit\/pinceaux-detailing-pack-of-3\/#breadcrumb","itemListElement":[{"@type":"ListItem","position":1,"name":"Home","item":"https:\/\/gliptoneeurope.com\/"},{"@type":"ListItem","position":2,"name":"Boutique","item":"https:\/\/gliptoneeurope.com\/fr\/boutique\/"},{"@type":"ListItem","position":3,"name":"Pinceaux de finition &#8211; Paquet de 3"}]},{"@type":"WebSite","@id":"https:\/\/gliptoneeurope.com\/#website","url":"https:\/\/gliptoneeurope.com\/","name":"Gliptone Europe","description":"Professional Car Detailing Products","publisher":{"@id":"https:\/\/gliptoneeurope.com\/#organization"},"potentialAction":[{"@type":"SearchAction","target":{"@type":"EntryPoint","urlTemplate":"https:\/\/gliptoneeurope.com\/?s={search_term_string}"},"query-input":{"@type":"PropertyValueSpecification","valueRequired":true,"valueName":"search_term_string"}}],"inLanguage":"fr-FR"},{"@type":"Organization","@id":"https:\/\/gliptoneeurope.com\/#organization","name":"Gliptone Europe","url":"https:\/\/gliptoneeurope.com\/","logo":{"@type":"ImageObject","inLanguage":"fr-FR","@id":"https:\/\/gliptoneeurope.com\/#\/schema\/logo\/image\/","url":"https:\/\/gliptoneeurope.com\/wp-content\/uploads\/Gliptone_Logo.png","contentUrl":"https:\/\/gliptoneeurope.com\/wp-content\/uploads\/Gliptone_Logo.png","width":1472,"height":607,"caption":"Gliptone Europe"},"image":{"@id":"https:\/\/gliptoneeurope.com\/#\/schema\/logo\/image\/"},"sameAs":["https:\/\/www.facebook.com\/gliptoneeurope\/","https:\/\/www.instagram.com\/gliptoneeurope\/","https:\/\/www.pinterest.co.uk\/GliptoneEurope\/"]}]}},"wcpa_form_fields":null,"_links":{"self":[{"href":"https:\/\/gliptoneeurope.com\/fr\/wp-json\/wp\/v2\/product\/11564","targetHints":{"allow":["GET"]}}],"collection":[{"href":"https:\/\/gliptoneeurope.com\/fr\/wp-json\/wp\/v2\/product"}],"about":[{"href":"https:\/\/gliptoneeurope.com\/fr\/wp-json\/wp\/v2\/types\/product"}],"wp:featuredmedia":[{"embeddable":true,"href":"https:\/\/gliptoneeurope.com\/fr\/wp-json\/wp\/v2\/media\/10874"}],"wp:attachment":[{"href":"https:\/\/gliptoneeurope.com\/fr\/wp-json\/wp\/v2\/media?parent=11564"}],"wp:term":[{"taxonomy":"product_brand","embeddable":true,"href":"https:\/\/gliptoneeurope.com\/fr\/wp-json\/wp\/v2\/product_brand?post=11564"},{"taxonomy":"product_cat","embeddable":true,"href":"https:\/\/gliptoneeurope.com\/fr\/wp-json\/wp\/v2\/product_cat?post=11564"},{"taxonomy":"product_tag","embeddable":true,"href":"https:\/\/gliptoneeurope.com\/fr\/wp-json\/wp\/v2\/product_tag?post=11564"}],"curies":[{"name":"wp","href":"https:\/\/api.w.org\/{rel}","templated":true}]}}