{"id":11563,"date":"2021-05-11T13:36:37","date_gmt":"2021-11-30T11:35:17","guid":{"rendered":"https:\/\/gliptoneeurope.com\/product\/disparition-950-ml-32-oz\/"},"modified":"2021-11-30T11:35:17","modified_gmt":"2021-11-30T11:35:17","slug":"disparaitre-950ml-32oz","status":"publish","type":"product","link":"https:\/\/gliptoneeurope.com\/fr\/produit\/disparaitre-950ml-32oz\/","title":{"rendered":"Disparition 950 ml (32 oz)"},"content":{"rendered":"<p>Vanish est un d\u00e9tergent concentr\u00e9 hautement alcalin \u00e0 utiliser lors de tout pr\u00e9-trempage, en tant que pi\u00e8ce extr\u00eamement efficace dans tous les types de syst\u00e8mes de lavage de voiture.<\/p>\n<p>Vanish dissout une grande vari\u00e9t\u00e9 de sols, de min\u00e9raux et de carbones au contact et avec une agitation minimale ou nulle. Peut \u00eatre utilis\u00e9 efficacement dans les syst\u00e8mes \u00ab&nbsp;sans contact&nbsp;\u00bb et hybrides, via des pistolets de pr\u00e9paration et\/ou une arche de pr\u00e9-trempage.<\/p>\n<p>Vanish peut \u00eatre combin\u00e9 avec nos <a href=\"https:\/\/gliptoneeurope.com\/product\/vanish-foam-cannon-kit\/\">canons \u00e0 mousse \u00e0 neige<\/a> pour cr\u00e9er une mousse riche, somptueuse et \u00e9paisse qui adh\u00e8re \u00e0 la surface plus longtemps, ce qui signifie un temps de s\u00e9jour beaucoup plus facile, ce qui facilite le nettoyage de la carrosserie de la voiture.<\/p>\n<p>Ce produit peut \u00eatre facilement lav\u00e9 de votre voiture en utilisant l&#8217;un de nos <a href=\"https:\/\/gliptoneeurope.com\/product\/high-pressure-car-cleaning-gun-black\/\">pistolets de nettoyage haute pression<\/a> \u00e9quip\u00e9s d&#8217;une g\u00e2chette de s\u00e9curit\u00e9 le rendant facile \u00e0 utiliser.<\/p>\n<p>Pour un autre d\u00e9tergent de pr\u00e9lavage, nous recommandons <a href=\"https:\/\/gliptoneeurope.com\/product\/bright-wash-low-ph-950ml-32oz\/\">Bright Wash<\/a> , notre d\u00e9tergent \u00e0 faible pH qui dissoudra une grande vari\u00e9t\u00e9 de salissures, de min\u00e9raux et de carbone au contact.<\/p>\n<p>Une fois le pr\u00e9lavage termin\u00e9, utilisez <a href=\"https:\/\/gliptoneeurope.com\/product\/wash-n-glow\/\">Wash-n-Glow<\/a> , notre shampooing pour voiture de qualit\u00e9 sup\u00e9rieure au pH neutre, sans danger pour toutes les finitions \u00e0 la cire, et ne laissera aucun r\u00e9sidu ou tache d&#8217;eau apr\u00e8s utilisation.<\/p>\n<p>Cette formule peut \u00eatre utilis\u00e9e sans danger sur n&#8217;importe quelle peinture et est \u00e9galement compatible avec le syst\u00e8me Reclaim. Pour l&#8217;utiliser, diluer simplement 150:1 \u00e0 350:1.<\/p>\n<p>Ce produit se trouve dans notre <a href=\"https:\/\/gliptoneeurope.com\/product\/decontamination-kit\/\">kit de d\u00e9contamination<\/a> qui contient tout ce dont vous aurez besoin pour \u00e9liminer en toute s\u00e9curit\u00e9 tout contaminant de votre peinture.<\/p>\n","protected":false},"excerpt":{"rendered":"<p>Vanish est un d\u00e9tergent concentr\u00e9 hautement alcalin \u00e0 utiliser lors de tout pr\u00e9-trempage, en tant que pi\u00e8ce extr\u00eamement efficace dans tous les types de syst\u00e8mes de lavage de voiture. Vanish dissout une grande vari\u00e9t\u00e9 de sols, de min\u00e9raux et de carbones au contact et avec une agitation minimale ou nulle. Peut \u00eatre utilis\u00e9 efficacement dans [&hellip;]<\/p>\n","protected":false},"featured_media":10886,"template":"","meta":[],"product_brand":[],"product_cat":[94,116],"product_tag":[],"class_list":{"0":"post-11563","1":"product","2":"type-product","3":"status-publish","4":"has-post-thumbnail","6":"product_cat-nouveaux-produits","7":"product_cat-preparation-nettoyage","9":"first","10":"instock","11":"taxable","12":"shipping-taxable","13":"purchasable","14":"product-type-variable","15":"has-default-attributes"},"yoast_head":"<!-- This site is optimized with the Yoast SEO Premium plugin v21.4 (Yoast SEO v27.4) - https:\/\/yoast.com\/product\/yoast-seo-premium-wordpress\/ -->\n<title>Disparition 950 ml (32 oz) - Gliptone Europe<\/title>\n<meta name=\"description\" content=\"Vanish est un d\u00e9tergent concentr\u00e9 hautement alcalin \u00e0 utiliser lors de tout pr\u00e9-trempage, en tant que pi\u00e8ce extr\u00eamement efficace dans tous les types de syst\u00e8mes de lavage de voiture.\" \/>\n<meta name=\"robots\" content=\"index, follow, max-snippet:-1, max-image-preview:large, max-video-preview:-1\" \/>\n<link rel=\"canonical\" href=\"https:\/\/gliptoneeurope.com\/fr\/produit\/disparaitre-950ml-32oz\/\" \/>\n<meta property=\"og:locale\" content=\"fr_FR\" \/>\n<meta property=\"og:type\" content=\"article\" \/>\n<meta property=\"og:title\" content=\"Disparition 950 ml (32 oz)\" \/>\n<meta property=\"og:description\" content=\"Vanish est un d\u00e9tergent concentr\u00e9 hautement alcalin \u00e0 utiliser lors de tout pr\u00e9-trempage, en tant que pi\u00e8ce extr\u00eamement efficace dans tous les types de\" \/>\n<meta property=\"og:url\" content=\"https:\/\/gliptoneeurope.com\/fr\/produit\/disparaitre-950ml-32oz\/\" \/>\n<meta property=\"og:site_name\" content=\"Gliptone Europe\" \/>\n<meta property=\"article:publisher\" content=\"https:\/\/www.facebook.com\/gliptoneeurope\/\" \/>\n<meta property=\"og:image\" content=\"https:\/\/gliptoneeurope.com\/wp-content\/uploads\/Vanish-High-pH-950ml-32oz.jpg\" \/>\n\t<meta property=\"og:image:width\" content=\"1411\" \/>\n\t<meta property=\"og:image:height\" content=\"1412\" \/>\n\t<meta property=\"og:image:type\" content=\"image\/jpeg\" \/>\n<meta name=\"twitter:card\" content=\"summary_large_image\" \/>\n<meta name=\"twitter:label1\" content=\"Dur\u00e9e de lecture estim\u00e9e\" \/>\n\t<meta name=\"twitter:data1\" content=\"1 minute\" \/>\n<script type=\"application\/ld+json\" class=\"yoast-schema-graph\">{\"@context\":\"https:\\\/\\\/schema.org\",\"@graph\":[{\"@type\":\"WebPage\",\"@id\":\"https:\\\/\\\/gliptoneeurope.com\\\/fr\\\/produit\\\/disparaitre-950ml-32oz\\\/\",\"url\":\"https:\\\/\\\/gliptoneeurope.com\\\/fr\\\/produit\\\/disparaitre-950ml-32oz\\\/\",\"name\":\"Disparition 950 ml (32 oz) - Gliptone Europe\",\"isPartOf\":{\"@id\":\"https:\\\/\\\/gliptoneeurope.com\\\/#website\"},\"primaryImageOfPage\":{\"@id\":\"https:\\\/\\\/gliptoneeurope.com\\\/fr\\\/produit\\\/disparaitre-950ml-32oz\\\/#primaryimage\"},\"image\":{\"@id\":\"https:\\\/\\\/gliptoneeurope.com\\\/fr\\\/produit\\\/disparaitre-950ml-32oz\\\/#primaryimage\"},\"thumbnailUrl\":\"https:\\\/\\\/gliptoneeurope.com\\\/wp-content\\\/uploads\\\/Vanish-High-pH-950ml-32oz.jpg\",\"datePublished\":\"2021-11-30T11:35:17+00:00\",\"description\":\"Vanish est un d\u00e9tergent concentr\u00e9 hautement alcalin \u00e0 utiliser lors de tout pr\u00e9-trempage, en tant que pi\u00e8ce extr\u00eamement efficace dans tous les types de syst\u00e8mes de lavage de voiture.\",\"breadcrumb\":{\"@id\":\"https:\\\/\\\/gliptoneeurope.com\\\/fr\\\/produit\\\/disparaitre-950ml-32oz\\\/#breadcrumb\"},\"inLanguage\":\"fr-FR\",\"potentialAction\":[{\"@type\":\"ReadAction\",\"target\":[\"https:\\\/\\\/gliptoneeurope.com\\\/fr\\\/produit\\\/disparaitre-950ml-32oz\\\/\"]}]},{\"@type\":\"ImageObject\",\"inLanguage\":\"fr-FR\",\"@id\":\"https:\\\/\\\/gliptoneeurope.com\\\/fr\\\/produit\\\/disparaitre-950ml-32oz\\\/#primaryimage\",\"url\":\"https:\\\/\\\/gliptoneeurope.com\\\/wp-content\\\/uploads\\\/Vanish-High-pH-950ml-32oz.jpg\",\"contentUrl\":\"https:\\\/\\\/gliptoneeurope.com\\\/wp-content\\\/uploads\\\/Vanish-High-pH-950ml-32oz.jpg\",\"width\":1411,\"height\":1412},{\"@type\":\"BreadcrumbList\",\"@id\":\"https:\\\/\\\/gliptoneeurope.com\\\/fr\\\/produit\\\/disparaitre-950ml-32oz\\\/#breadcrumb\",\"itemListElement\":[{\"@type\":\"ListItem\",\"position\":1,\"name\":\"Home\",\"item\":\"https:\\\/\\\/gliptoneeurope.com\\\/\"},{\"@type\":\"ListItem\",\"position\":2,\"name\":\"Boutique\",\"item\":\"https:\\\/\\\/gliptoneeurope.com\\\/fr\\\/boutique\\\/\"},{\"@type\":\"ListItem\",\"position\":3,\"name\":\"Disparition 950 ml (32 oz)\"}]},{\"@type\":\"WebSite\",\"@id\":\"https:\\\/\\\/gliptoneeurope.com\\\/#website\",\"url\":\"https:\\\/\\\/gliptoneeurope.com\\\/\",\"name\":\"Gliptone Europe\",\"description\":\"Professional Car Detailing Products\",\"publisher\":{\"@id\":\"https:\\\/\\\/gliptoneeurope.com\\\/#organization\"},\"potentialAction\":[{\"@type\":\"SearchAction\",\"target\":{\"@type\":\"EntryPoint\",\"urlTemplate\":\"https:\\\/\\\/gliptoneeurope.com\\\/?s={search_term_string}\"},\"query-input\":{\"@type\":\"PropertyValueSpecification\",\"valueRequired\":true,\"valueName\":\"search_term_string\"}}],\"inLanguage\":\"fr-FR\"},{\"@type\":\"Organization\",\"@id\":\"https:\\\/\\\/gliptoneeurope.com\\\/#organization\",\"name\":\"Gliptone Europe\",\"url\":\"https:\\\/\\\/gliptoneeurope.com\\\/\",\"logo\":{\"@type\":\"ImageObject\",\"inLanguage\":\"fr-FR\",\"@id\":\"https:\\\/\\\/gliptoneeurope.com\\\/#\\\/schema\\\/logo\\\/image\\\/\",\"url\":\"https:\\\/\\\/gliptoneeurope.com\\\/wp-content\\\/uploads\\\/Gliptone_Logo.png\",\"contentUrl\":\"https:\\\/\\\/gliptoneeurope.com\\\/wp-content\\\/uploads\\\/Gliptone_Logo.png\",\"width\":1472,\"height\":607,\"caption\":\"Gliptone Europe\"},\"image\":{\"@id\":\"https:\\\/\\\/gliptoneeurope.com\\\/#\\\/schema\\\/logo\\\/image\\\/\"},\"sameAs\":[\"https:\\\/\\\/www.facebook.com\\\/gliptoneeurope\\\/\",\"https:\\\/\\\/www.instagram.com\\\/gliptoneeurope\\\/\",\"https:\\\/\\\/www.pinterest.co.uk\\\/GliptoneEurope\\\/\"]}]}<\/script>\n<!-- \/ Yoast SEO Premium plugin. -->","yoast_head_json":{"title":"Disparition 950 ml (32 oz) - Gliptone Europe","description":"Vanish est un d\u00e9tergent concentr\u00e9 hautement alcalin \u00e0 utiliser lors de tout pr\u00e9-trempage, en tant que pi\u00e8ce extr\u00eamement efficace dans tous les types de syst\u00e8mes de lavage de voiture.","robots":{"index":"index","follow":"follow","max-snippet":"max-snippet:-1","max-image-preview":"max-image-preview:large","max-video-preview":"max-video-preview:-1"},"canonical":"https:\/\/gliptoneeurope.com\/fr\/produit\/disparaitre-950ml-32oz\/","og_locale":"fr_FR","og_type":"article","og_title":"Disparition 950 ml (32 oz)","og_description":"Vanish est un d\u00e9tergent concentr\u00e9 hautement alcalin \u00e0 utiliser lors de tout pr\u00e9-trempage, en tant que pi\u00e8ce extr\u00eamement efficace dans tous les types de","og_url":"https:\/\/gliptoneeurope.com\/fr\/produit\/disparaitre-950ml-32oz\/","og_site_name":"Gliptone Europe","article_publisher":"https:\/\/www.facebook.com\/gliptoneeurope\/","og_image":[{"width":1411,"height":1412,"url":"https:\/\/gliptoneeurope.com\/wp-content\/uploads\/Vanish-High-pH-950ml-32oz.jpg","type":"image\/jpeg"}],"twitter_card":"summary_large_image","twitter_misc":{"Dur\u00e9e de lecture estim\u00e9e":"1 minute"},"schema":{"@context":"https:\/\/schema.org","@graph":[{"@type":"WebPage","@id":"https:\/\/gliptoneeurope.com\/fr\/produit\/disparaitre-950ml-32oz\/","url":"https:\/\/gliptoneeurope.com\/fr\/produit\/disparaitre-950ml-32oz\/","name":"Disparition 950 ml (32 oz) - Gliptone Europe","isPartOf":{"@id":"https:\/\/gliptoneeurope.com\/#website"},"primaryImageOfPage":{"@id":"https:\/\/gliptoneeurope.com\/fr\/produit\/disparaitre-950ml-32oz\/#primaryimage"},"image":{"@id":"https:\/\/gliptoneeurope.com\/fr\/produit\/disparaitre-950ml-32oz\/#primaryimage"},"thumbnailUrl":"https:\/\/gliptoneeurope.com\/wp-content\/uploads\/Vanish-High-pH-950ml-32oz.jpg","datePublished":"2021-11-30T11:35:17+00:00","description":"Vanish est un d\u00e9tergent concentr\u00e9 hautement alcalin \u00e0 utiliser lors de tout pr\u00e9-trempage, en tant que pi\u00e8ce extr\u00eamement efficace dans tous les types de syst\u00e8mes de lavage de voiture.","breadcrumb":{"@id":"https:\/\/gliptoneeurope.com\/fr\/produit\/disparaitre-950ml-32oz\/#breadcrumb"},"inLanguage":"fr-FR","potentialAction":[{"@type":"ReadAction","target":["https:\/\/gliptoneeurope.com\/fr\/produit\/disparaitre-950ml-32oz\/"]}]},{"@type":"ImageObject","inLanguage":"fr-FR","@id":"https:\/\/gliptoneeurope.com\/fr\/produit\/disparaitre-950ml-32oz\/#primaryimage","url":"https:\/\/gliptoneeurope.com\/wp-content\/uploads\/Vanish-High-pH-950ml-32oz.jpg","contentUrl":"https:\/\/gliptoneeurope.com\/wp-content\/uploads\/Vanish-High-pH-950ml-32oz.jpg","width":1411,"height":1412},{"@type":"BreadcrumbList","@id":"https:\/\/gliptoneeurope.com\/fr\/produit\/disparaitre-950ml-32oz\/#breadcrumb","itemListElement":[{"@type":"ListItem","position":1,"name":"Home","item":"https:\/\/gliptoneeurope.com\/"},{"@type":"ListItem","position":2,"name":"Boutique","item":"https:\/\/gliptoneeurope.com\/fr\/boutique\/"},{"@type":"ListItem","position":3,"name":"Disparition 950 ml (32 oz)"}]},{"@type":"WebSite","@id":"https:\/\/gliptoneeurope.com\/#website","url":"https:\/\/gliptoneeurope.com\/","name":"Gliptone Europe","description":"Professional Car Detailing Products","publisher":{"@id":"https:\/\/gliptoneeurope.com\/#organization"},"potentialAction":[{"@type":"SearchAction","target":{"@type":"EntryPoint","urlTemplate":"https:\/\/gliptoneeurope.com\/?s={search_term_string}"},"query-input":{"@type":"PropertyValueSpecification","valueRequired":true,"valueName":"search_term_string"}}],"inLanguage":"fr-FR"},{"@type":"Organization","@id":"https:\/\/gliptoneeurope.com\/#organization","name":"Gliptone Europe","url":"https:\/\/gliptoneeurope.com\/","logo":{"@type":"ImageObject","inLanguage":"fr-FR","@id":"https:\/\/gliptoneeurope.com\/#\/schema\/logo\/image\/","url":"https:\/\/gliptoneeurope.com\/wp-content\/uploads\/Gliptone_Logo.png","contentUrl":"https:\/\/gliptoneeurope.com\/wp-content\/uploads\/Gliptone_Logo.png","width":1472,"height":607,"caption":"Gliptone Europe"},"image":{"@id":"https:\/\/gliptoneeurope.com\/#\/schema\/logo\/image\/"},"sameAs":["https:\/\/www.facebook.com\/gliptoneeurope\/","https:\/\/www.instagram.com\/gliptoneeurope\/","https:\/\/www.pinterest.co.uk\/GliptoneEurope\/"]}]}},"wcpa_form_fields":null,"_links":{"self":[{"href":"https:\/\/gliptoneeurope.com\/fr\/wp-json\/wp\/v2\/product\/11563","targetHints":{"allow":["GET"]}}],"collection":[{"href":"https:\/\/gliptoneeurope.com\/fr\/wp-json\/wp\/v2\/product"}],"about":[{"href":"https:\/\/gliptoneeurope.com\/fr\/wp-json\/wp\/v2\/types\/product"}],"wp:featuredmedia":[{"embeddable":true,"href":"https:\/\/gliptoneeurope.com\/fr\/wp-json\/wp\/v2\/media\/10886"}],"wp:attachment":[{"href":"https:\/\/gliptoneeurope.com\/fr\/wp-json\/wp\/v2\/media?parent=11563"}],"wp:term":[{"taxonomy":"product_brand","embeddable":true,"href":"https:\/\/gliptoneeurope.com\/fr\/wp-json\/wp\/v2\/product_brand?post=11563"},{"taxonomy":"product_cat","embeddable":true,"href":"https:\/\/gliptoneeurope.com\/fr\/wp-json\/wp\/v2\/product_cat?post=11563"},{"taxonomy":"product_tag","embeddable":true,"href":"https:\/\/gliptoneeurope.com\/fr\/wp-json\/wp\/v2\/product_tag?post=11563"}],"curies":[{"name":"wp","href":"https:\/\/api.w.org\/{rel}","templated":true}]}}