{"id":11561,"date":"2021-05-11T14:07:59","date_gmt":"2021-11-30T11:35:15","guid":{"rendered":"https:\/\/gliptoneeurope.com\/product\/kit-de-cire-de-carrosserie-de-voiture\/"},"modified":"2023-02-03T14:45:20","modified_gmt":"2023-02-03T14:45:20","slug":"kit-cire-carrosserie-auto","status":"publish","type":"product","link":"https:\/\/gliptoneeurope.com\/fr\/produit\/kit-cire-carrosserie-auto\/","title":{"rendered":"Kit de cire de carrosserie de voiture"},"content":{"rendered":"<p>Notre kit de cire pour carrosserie est la combinaison parfaite pour polir et laisser la surface ext\u00e9rieure de votre voiture propre et bien entretenue.<\/p>\n<p>Apr\u00e8s avoir lav\u00e9 votre voiture avec notre shampooing au pH neutre <a href=\"https:\/\/gliptoneeurope.com\/product\/wash-n-glow\/\">Wash-n-Glow<\/a> , vous pouvez suivre un processus en trois \u00e9tapes en commen\u00e7ant par notre <a href=\"https:\/\/gliptoneeurope.com\/product\/clear-coat-compound\/\">compos\u00e9<\/a> transparent pour aider \u00e0 pr\u00e9parer tous les vernis et \u00e9liminer les rayures ou les marques de tourbillon avant d&#8217;utiliser notre <a href=\"https:\/\/gliptoneeurope.com\/product\/clear-coat-polish\/\">vernis<\/a> transparent pour polir et prot\u00e9ger votre peinture ext\u00e9rieure.<\/p>\n<p>Enfin, terminez avec <a href=\"https:\/\/gliptoneeurope.com\/product\/platinum-cream-wax\/\">Platinum Cream Wax<\/a> , une formule de cr\u00e8me facile \u00e0 utiliser, parfaite pour tout polissage ext\u00e9rieur.<\/p>\n","protected":false},"excerpt":{"rendered":"<p>Notre kit de cire pour carrosserie est la combinaison parfaite pour polir et laisser la surface ext\u00e9rieure de votre voiture propre et bien entretenue. Apr\u00e8s avoir lav\u00e9 votre voiture avec notre shampooing au pH neutre Wash-n-Glow , vous pouvez suivre un processus en trois \u00e9tapes en commen\u00e7ant par notre compos\u00e9 transparent pour aider \u00e0 pr\u00e9parer [&hellip;]<\/p>\n","protected":false},"featured_media":11018,"template":"","meta":[],"product_brand":[],"product_cat":[103,94,97],"product_tag":[],"class_list":{"0":"post-11561","1":"product","2":"type-product","3":"status-publish","4":"has-post-thumbnail","6":"product_cat-decorateurs-dexterieur-polissoirs","7":"product_cat-nouveaux-produits","8":"product_cat-trousses","10":"first","11":"instock","12":"taxable","13":"shipping-taxable","14":"purchasable","15":"product-type-simple"},"yoast_head":"<!-- This site is optimized with the Yoast SEO Premium plugin v21.4 (Yoast SEO v27.4) - https:\/\/yoast.com\/product\/yoast-seo-premium-wordpress\/ -->\n<title>Gliptone Europe - Notre nouveau Kit de cire de carrosserie de voiture Disponible maintenant<\/title>\n<meta name=\"description\" content=\"Notre kit de cire pour carrosserie est la combinaison parfaite pour polir et laisser la surface ext\u00e9rieure de votre voiture propre et bien entretenue.\" \/>\n<meta name=\"robots\" content=\"index, follow, max-snippet:-1, max-image-preview:large, max-video-preview:-1\" \/>\n<link rel=\"canonical\" href=\"https:\/\/gliptoneeurope.com\/fr\/produit\/kit-cire-carrosserie-auto\/\" \/>\n<meta property=\"og:locale\" content=\"fr_FR\" \/>\n<meta property=\"og:type\" content=\"article\" \/>\n<meta property=\"og:title\" content=\"Kit de cire de carrosserie de voiture\" \/>\n<meta property=\"og:description\" content=\"Notre kit de cire pour carrosserie est la combinaison parfaite pour polir et laisser la surface ext\u00e9rieure de votre voiture propre et bien entretenue.\" \/>\n<meta property=\"og:url\" content=\"https:\/\/gliptoneeurope.com\/fr\/produit\/kit-cire-carrosserie-auto\/\" \/>\n<meta property=\"og:site_name\" content=\"Gliptone Europe\" \/>\n<meta property=\"article:publisher\" content=\"https:\/\/www.facebook.com\/gliptoneeurope\/\" \/>\n<meta property=\"article:modified_time\" content=\"2023-02-03T14:45:20+00:00\" \/>\n<meta property=\"og:image\" content=\"https:\/\/gliptoneeurope.com\/wp-content\/uploads\/Car-Bodywork-Wax-Kit.jpg\" \/>\n\t<meta property=\"og:image:width\" content=\"1701\" \/>\n\t<meta property=\"og:image:height\" content=\"1701\" \/>\n\t<meta property=\"og:image:type\" content=\"image\/jpeg\" \/>\n<meta name=\"twitter:card\" content=\"summary_large_image\" \/>\n<meta name=\"twitter:label1\" content=\"Dur\u00e9e de lecture estim\u00e9e\" \/>\n\t<meta name=\"twitter:data1\" content=\"1 minute\" \/>\n<script type=\"application\/ld+json\" class=\"yoast-schema-graph\">{\"@context\":\"https:\\\/\\\/schema.org\",\"@graph\":[{\"@type\":\"WebPage\",\"@id\":\"https:\\\/\\\/gliptoneeurope.com\\\/fr\\\/produit\\\/kit-cire-carrosserie-auto\\\/\",\"url\":\"https:\\\/\\\/gliptoneeurope.com\\\/fr\\\/produit\\\/kit-cire-carrosserie-auto\\\/\",\"name\":\"Gliptone Europe - Notre nouveau Kit de cire de carrosserie de voiture Disponible maintenant\",\"isPartOf\":{\"@id\":\"https:\\\/\\\/gliptoneeurope.com\\\/#website\"},\"primaryImageOfPage\":{\"@id\":\"https:\\\/\\\/gliptoneeurope.com\\\/fr\\\/produit\\\/kit-cire-carrosserie-auto\\\/#primaryimage\"},\"image\":{\"@id\":\"https:\\\/\\\/gliptoneeurope.com\\\/fr\\\/produit\\\/kit-cire-carrosserie-auto\\\/#primaryimage\"},\"thumbnailUrl\":\"https:\\\/\\\/gliptoneeurope.com\\\/wp-content\\\/uploads\\\/Car-Bodywork-Wax-Kit.jpg\",\"datePublished\":\"2021-11-30T11:35:15+00:00\",\"dateModified\":\"2023-02-03T14:45:20+00:00\",\"description\":\"Notre kit de cire pour carrosserie est la combinaison parfaite pour polir et laisser la surface ext\u00e9rieure de votre voiture propre et bien entretenue.\",\"breadcrumb\":{\"@id\":\"https:\\\/\\\/gliptoneeurope.com\\\/fr\\\/produit\\\/kit-cire-carrosserie-auto\\\/#breadcrumb\"},\"inLanguage\":\"fr-FR\",\"potentialAction\":[{\"@type\":\"ReadAction\",\"target\":[\"https:\\\/\\\/gliptoneeurope.com\\\/fr\\\/produit\\\/kit-cire-carrosserie-auto\\\/\"]}]},{\"@type\":\"ImageObject\",\"inLanguage\":\"fr-FR\",\"@id\":\"https:\\\/\\\/gliptoneeurope.com\\\/fr\\\/produit\\\/kit-cire-carrosserie-auto\\\/#primaryimage\",\"url\":\"https:\\\/\\\/gliptoneeurope.com\\\/wp-content\\\/uploads\\\/Car-Bodywork-Wax-Kit.jpg\",\"contentUrl\":\"https:\\\/\\\/gliptoneeurope.com\\\/wp-content\\\/uploads\\\/Car-Bodywork-Wax-Kit.jpg\",\"width\":1701,\"height\":1701},{\"@type\":\"BreadcrumbList\",\"@id\":\"https:\\\/\\\/gliptoneeurope.com\\\/fr\\\/produit\\\/kit-cire-carrosserie-auto\\\/#breadcrumb\",\"itemListElement\":[{\"@type\":\"ListItem\",\"position\":1,\"name\":\"Home\",\"item\":\"https:\\\/\\\/gliptoneeurope.com\\\/\"},{\"@type\":\"ListItem\",\"position\":2,\"name\":\"Boutique\",\"item\":\"https:\\\/\\\/gliptoneeurope.com\\\/fr\\\/boutique\\\/\"},{\"@type\":\"ListItem\",\"position\":3,\"name\":\"Kit de cire de carrosserie de voiture\"}]},{\"@type\":\"WebSite\",\"@id\":\"https:\\\/\\\/gliptoneeurope.com\\\/#website\",\"url\":\"https:\\\/\\\/gliptoneeurope.com\\\/\",\"name\":\"Gliptone Europe\",\"description\":\"Professional Car Detailing Products\",\"publisher\":{\"@id\":\"https:\\\/\\\/gliptoneeurope.com\\\/#organization\"},\"potentialAction\":[{\"@type\":\"SearchAction\",\"target\":{\"@type\":\"EntryPoint\",\"urlTemplate\":\"https:\\\/\\\/gliptoneeurope.com\\\/?s={search_term_string}\"},\"query-input\":{\"@type\":\"PropertyValueSpecification\",\"valueRequired\":true,\"valueName\":\"search_term_string\"}}],\"inLanguage\":\"fr-FR\"},{\"@type\":\"Organization\",\"@id\":\"https:\\\/\\\/gliptoneeurope.com\\\/#organization\",\"name\":\"Gliptone Europe\",\"url\":\"https:\\\/\\\/gliptoneeurope.com\\\/\",\"logo\":{\"@type\":\"ImageObject\",\"inLanguage\":\"fr-FR\",\"@id\":\"https:\\\/\\\/gliptoneeurope.com\\\/#\\\/schema\\\/logo\\\/image\\\/\",\"url\":\"https:\\\/\\\/gliptoneeurope.com\\\/wp-content\\\/uploads\\\/Gliptone_Logo.png\",\"contentUrl\":\"https:\\\/\\\/gliptoneeurope.com\\\/wp-content\\\/uploads\\\/Gliptone_Logo.png\",\"width\":1472,\"height\":607,\"caption\":\"Gliptone Europe\"},\"image\":{\"@id\":\"https:\\\/\\\/gliptoneeurope.com\\\/#\\\/schema\\\/logo\\\/image\\\/\"},\"sameAs\":[\"https:\\\/\\\/www.facebook.com\\\/gliptoneeurope\\\/\",\"https:\\\/\\\/www.instagram.com\\\/gliptoneeurope\\\/\",\"https:\\\/\\\/www.pinterest.co.uk\\\/GliptoneEurope\\\/\"]}]}<\/script>\n<!-- \/ Yoast SEO Premium plugin. -->","yoast_head_json":{"title":"Gliptone Europe - Notre nouveau Kit de cire de carrosserie de voiture Disponible maintenant","description":"Notre kit de cire pour carrosserie est la combinaison parfaite pour polir et laisser la surface ext\u00e9rieure de votre voiture propre et bien entretenue.","robots":{"index":"index","follow":"follow","max-snippet":"max-snippet:-1","max-image-preview":"max-image-preview:large","max-video-preview":"max-video-preview:-1"},"canonical":"https:\/\/gliptoneeurope.com\/fr\/produit\/kit-cire-carrosserie-auto\/","og_locale":"fr_FR","og_type":"article","og_title":"Kit de cire de carrosserie de voiture","og_description":"Notre kit de cire pour carrosserie est la combinaison parfaite pour polir et laisser la surface ext\u00e9rieure de votre voiture propre et bien entretenue.","og_url":"https:\/\/gliptoneeurope.com\/fr\/produit\/kit-cire-carrosserie-auto\/","og_site_name":"Gliptone Europe","article_publisher":"https:\/\/www.facebook.com\/gliptoneeurope\/","article_modified_time":"2023-02-03T14:45:20+00:00","og_image":[{"width":1701,"height":1701,"url":"https:\/\/gliptoneeurope.com\/wp-content\/uploads\/Car-Bodywork-Wax-Kit.jpg","type":"image\/jpeg"}],"twitter_card":"summary_large_image","twitter_misc":{"Dur\u00e9e de lecture estim\u00e9e":"1 minute"},"schema":{"@context":"https:\/\/schema.org","@graph":[{"@type":"WebPage","@id":"https:\/\/gliptoneeurope.com\/fr\/produit\/kit-cire-carrosserie-auto\/","url":"https:\/\/gliptoneeurope.com\/fr\/produit\/kit-cire-carrosserie-auto\/","name":"Gliptone Europe - Notre nouveau Kit de cire de carrosserie de voiture Disponible maintenant","isPartOf":{"@id":"https:\/\/gliptoneeurope.com\/#website"},"primaryImageOfPage":{"@id":"https:\/\/gliptoneeurope.com\/fr\/produit\/kit-cire-carrosserie-auto\/#primaryimage"},"image":{"@id":"https:\/\/gliptoneeurope.com\/fr\/produit\/kit-cire-carrosserie-auto\/#primaryimage"},"thumbnailUrl":"https:\/\/gliptoneeurope.com\/wp-content\/uploads\/Car-Bodywork-Wax-Kit.jpg","datePublished":"2021-11-30T11:35:15+00:00","dateModified":"2023-02-03T14:45:20+00:00","description":"Notre kit de cire pour carrosserie est la combinaison parfaite pour polir et laisser la surface ext\u00e9rieure de votre voiture propre et bien entretenue.","breadcrumb":{"@id":"https:\/\/gliptoneeurope.com\/fr\/produit\/kit-cire-carrosserie-auto\/#breadcrumb"},"inLanguage":"fr-FR","potentialAction":[{"@type":"ReadAction","target":["https:\/\/gliptoneeurope.com\/fr\/produit\/kit-cire-carrosserie-auto\/"]}]},{"@type":"ImageObject","inLanguage":"fr-FR","@id":"https:\/\/gliptoneeurope.com\/fr\/produit\/kit-cire-carrosserie-auto\/#primaryimage","url":"https:\/\/gliptoneeurope.com\/wp-content\/uploads\/Car-Bodywork-Wax-Kit.jpg","contentUrl":"https:\/\/gliptoneeurope.com\/wp-content\/uploads\/Car-Bodywork-Wax-Kit.jpg","width":1701,"height":1701},{"@type":"BreadcrumbList","@id":"https:\/\/gliptoneeurope.com\/fr\/produit\/kit-cire-carrosserie-auto\/#breadcrumb","itemListElement":[{"@type":"ListItem","position":1,"name":"Home","item":"https:\/\/gliptoneeurope.com\/"},{"@type":"ListItem","position":2,"name":"Boutique","item":"https:\/\/gliptoneeurope.com\/fr\/boutique\/"},{"@type":"ListItem","position":3,"name":"Kit de cire de carrosserie de voiture"}]},{"@type":"WebSite","@id":"https:\/\/gliptoneeurope.com\/#website","url":"https:\/\/gliptoneeurope.com\/","name":"Gliptone Europe","description":"Professional Car Detailing Products","publisher":{"@id":"https:\/\/gliptoneeurope.com\/#organization"},"potentialAction":[{"@type":"SearchAction","target":{"@type":"EntryPoint","urlTemplate":"https:\/\/gliptoneeurope.com\/?s={search_term_string}"},"query-input":{"@type":"PropertyValueSpecification","valueRequired":true,"valueName":"search_term_string"}}],"inLanguage":"fr-FR"},{"@type":"Organization","@id":"https:\/\/gliptoneeurope.com\/#organization","name":"Gliptone Europe","url":"https:\/\/gliptoneeurope.com\/","logo":{"@type":"ImageObject","inLanguage":"fr-FR","@id":"https:\/\/gliptoneeurope.com\/#\/schema\/logo\/image\/","url":"https:\/\/gliptoneeurope.com\/wp-content\/uploads\/Gliptone_Logo.png","contentUrl":"https:\/\/gliptoneeurope.com\/wp-content\/uploads\/Gliptone_Logo.png","width":1472,"height":607,"caption":"Gliptone Europe"},"image":{"@id":"https:\/\/gliptoneeurope.com\/#\/schema\/logo\/image\/"},"sameAs":["https:\/\/www.facebook.com\/gliptoneeurope\/","https:\/\/www.instagram.com\/gliptoneeurope\/","https:\/\/www.pinterest.co.uk\/GliptoneEurope\/"]}]}},"wcpa_form_fields":null,"_links":{"self":[{"href":"https:\/\/gliptoneeurope.com\/fr\/wp-json\/wp\/v2\/product\/11561","targetHints":{"allow":["GET"]}}],"collection":[{"href":"https:\/\/gliptoneeurope.com\/fr\/wp-json\/wp\/v2\/product"}],"about":[{"href":"https:\/\/gliptoneeurope.com\/fr\/wp-json\/wp\/v2\/types\/product"}],"wp:featuredmedia":[{"embeddable":true,"href":"https:\/\/gliptoneeurope.com\/fr\/wp-json\/wp\/v2\/media\/11018"}],"wp:attachment":[{"href":"https:\/\/gliptoneeurope.com\/fr\/wp-json\/wp\/v2\/media?parent=11561"}],"wp:term":[{"taxonomy":"product_brand","embeddable":true,"href":"https:\/\/gliptoneeurope.com\/fr\/wp-json\/wp\/v2\/product_brand?post=11561"},{"taxonomy":"product_cat","embeddable":true,"href":"https:\/\/gliptoneeurope.com\/fr\/wp-json\/wp\/v2\/product_cat?post=11561"},{"taxonomy":"product_tag","embeddable":true,"href":"https:\/\/gliptoneeurope.com\/fr\/wp-json\/wp\/v2\/product_tag?post=11561"}],"curies":[{"name":"wp","href":"https:\/\/api.w.org\/{rel}","templated":true}]}}