{"id":11557,"date":"2021-05-11T13:36:36","date_gmt":"2021-11-30T11:35:13","guid":{"rendered":"https:\/\/gliptoneeurope.com\/product\/super-dress-all-1-gall-3-8l\/"},"modified":"2021-11-30T11:35:13","modified_gmt":"2021-11-30T11:35:13","slug":"super-robe-all-1-gall-3-8l","status":"publish","type":"product","link":"https:\/\/gliptoneeurope.com\/fr\/produit\/super-robe-all-1-gall-3-8l\/","title":{"rendered":"Super Dress-All 1 Gall (3.8L)"},"content":{"rendered":"<p>Super Dress-All est un habillage de voiture \u00e0 base d&#8217;eau de qualit\u00e9 sup\u00e9rieure. Il fonctionne tr\u00e8s bien sur les int\u00e9rieurs, les ext\u00e9rieurs et les compartiments moteur.<\/p>\n<p>Laisse un superbe \u00e9clat sur les tableaux de bord, les panneaux de porte, les bouches d&#8217;a\u00e9ration, le vinyle et les garnitures en plastique.<\/p>\n<p>Dilue jusqu&#8217;\u00e0 4:1 pour une \u00e9conomie maximale.<\/p>\n<p>Ce produit est \u00e9galement disponible en tant que <a href=\"https:\/\/gliptoneeurope.com\/product\/white-satin-protectant\/\">White Satin Protectant<\/a> , dans un plus petit volume de 650 ml (22 oz).<\/p>\n","protected":false},"excerpt":{"rendered":"<p>Super Dress-All est un habillage de voiture \u00e0 base d&#8217;eau de qualit\u00e9 sup\u00e9rieure. Il fonctionne tr\u00e8s bien sur les int\u00e9rieurs, les ext\u00e9rieurs et les compartiments moteur. Laisse un superbe \u00e9clat sur les tableaux de bord, les panneaux de porte, les bouches d&#8217;a\u00e9ration, le vinyle et les garnitures en plastique. Dilue jusqu&#8217;\u00e0 4:1 pour une \u00e9conomie [&hellip;]<\/p>\n","protected":false},"featured_media":10892,"template":"","meta":[],"product_brand":[],"product_cat":[94,109],"product_tag":[],"class_list":{"0":"post-11557","1":"product","2":"type-product","3":"status-publish","4":"has-post-thumbnail","6":"product_cat-nouveaux-produits","7":"product_cat-produits-professionnels","9":"first","10":"instock","11":"taxable","12":"shipping-taxable","13":"purchasable","14":"product-type-simple"},"yoast_head":"<!-- This site is optimized with the Yoast SEO Premium plugin v21.4 (Yoast SEO v27.4) - https:\/\/yoast.com\/product\/yoast-seo-premium-wordpress\/ -->\n<title>Super Dress-All 1 Gall (3.8L) - Gliptone Europe<\/title>\n<meta name=\"description\" content=\"Super Dress-All est un habillage de voiture \u00e0 base d&#039;eau de qualit\u00e9 sup\u00e9rieure. Il fonctionne tr\u00e8s bien sur les int\u00e9rieurs, les ext\u00e9rieurs et les compartiments moteur.\" \/>\n<meta name=\"robots\" content=\"index, follow, max-snippet:-1, max-image-preview:large, max-video-preview:-1\" \/>\n<link rel=\"canonical\" href=\"https:\/\/gliptoneeurope.com\/produit\/super-dress-all-1-gall-3-8l\/\" \/>\n<meta property=\"og:locale\" content=\"fr_FR\" \/>\n<meta property=\"og:type\" content=\"article\" \/>\n<meta property=\"og:title\" content=\"Super Dress-All 1 Gall (3.8L)\" \/>\n<meta property=\"og:description\" content=\"Super Dress-All est un habillage de voiture \u00e0 base d&#039;eau de qualit\u00e9 sup\u00e9rieure. Il fonctionne tr\u00e8s bien sur les int\u00e9rieurs, les ext\u00e9rieurs et les\" \/>\n<meta property=\"og:url\" content=\"https:\/\/gliptoneeurope.com\/produit\/super-dress-all-1-gall-3-8l\/\" \/>\n<meta property=\"og:site_name\" content=\"Gliptone Europe\" \/>\n<meta property=\"article:publisher\" content=\"https:\/\/www.facebook.com\/gliptoneeurope\/\" \/>\n<meta property=\"og:image\" content=\"https:\/\/gliptoneeurope.com\/wp-content\/uploads\/Super-Dress-All-1-Gall-3.8L.jpg\" \/>\n\t<meta property=\"og:image:width\" content=\"1497\" \/>\n\t<meta property=\"og:image:height\" content=\"1497\" \/>\n\t<meta property=\"og:image:type\" content=\"image\/jpeg\" \/>\n<meta name=\"twitter:card\" content=\"summary_large_image\" \/>\n<script type=\"application\/ld+json\" class=\"yoast-schema-graph\">{\"@context\":\"https:\\\/\\\/schema.org\",\"@graph\":[{\"@type\":\"WebPage\",\"@id\":\"https:\\\/\\\/gliptoneeurope.com\\\/produit\\\/super-dress-all-1-gall-3-8l\\\/\",\"url\":\"https:\\\/\\\/gliptoneeurope.com\\\/produit\\\/super-dress-all-1-gall-3-8l\\\/\",\"name\":\"Super Dress-All 1 Gall (3.8L) - Gliptone Europe\",\"isPartOf\":{\"@id\":\"https:\\\/\\\/gliptoneeurope.com\\\/#website\"},\"primaryImageOfPage\":{\"@id\":\"https:\\\/\\\/gliptoneeurope.com\\\/produit\\\/super-dress-all-1-gall-3-8l\\\/#primaryimage\"},\"image\":{\"@id\":\"https:\\\/\\\/gliptoneeurope.com\\\/produit\\\/super-dress-all-1-gall-3-8l\\\/#primaryimage\"},\"thumbnailUrl\":\"https:\\\/\\\/gliptoneeurope.com\\\/wp-content\\\/uploads\\\/Super-Dress-All-1-Gall-3.8L.jpg\",\"datePublished\":\"2021-11-30T11:35:13+00:00\",\"description\":\"Super Dress-All est un habillage de voiture \u00e0 base d'eau de qualit\u00e9 sup\u00e9rieure. Il fonctionne tr\u00e8s bien sur les int\u00e9rieurs, les ext\u00e9rieurs et les compartiments moteur.\",\"breadcrumb\":{\"@id\":\"https:\\\/\\\/gliptoneeurope.com\\\/produit\\\/super-dress-all-1-gall-3-8l\\\/#breadcrumb\"},\"inLanguage\":\"fr-FR\",\"potentialAction\":[{\"@type\":\"ReadAction\",\"target\":[\"https:\\\/\\\/gliptoneeurope.com\\\/produit\\\/super-dress-all-1-gall-3-8l\\\/\"]}]},{\"@type\":\"ImageObject\",\"inLanguage\":\"fr-FR\",\"@id\":\"https:\\\/\\\/gliptoneeurope.com\\\/produit\\\/super-dress-all-1-gall-3-8l\\\/#primaryimage\",\"url\":\"https:\\\/\\\/gliptoneeurope.com\\\/wp-content\\\/uploads\\\/Super-Dress-All-1-Gall-3.8L.jpg\",\"contentUrl\":\"https:\\\/\\\/gliptoneeurope.com\\\/wp-content\\\/uploads\\\/Super-Dress-All-1-Gall-3.8L.jpg\",\"width\":1497,\"height\":1497},{\"@type\":\"BreadcrumbList\",\"@id\":\"https:\\\/\\\/gliptoneeurope.com\\\/produit\\\/super-dress-all-1-gall-3-8l\\\/#breadcrumb\",\"itemListElement\":[{\"@type\":\"ListItem\",\"position\":1,\"name\":\"Home\",\"item\":\"https:\\\/\\\/gliptoneeurope.com\\\/\"},{\"@type\":\"ListItem\",\"position\":2,\"name\":\"Boutique\",\"item\":\"https:\\\/\\\/gliptoneeurope.com\\\/fr\\\/boutique\\\/\"},{\"@type\":\"ListItem\",\"position\":3,\"name\":\"Super Dress-All 1 Gall (3.8L)\"}]},{\"@type\":\"WebSite\",\"@id\":\"https:\\\/\\\/gliptoneeurope.com\\\/#website\",\"url\":\"https:\\\/\\\/gliptoneeurope.com\\\/\",\"name\":\"Gliptone Europe\",\"description\":\"Professional Car Detailing Products\",\"publisher\":{\"@id\":\"https:\\\/\\\/gliptoneeurope.com\\\/#organization\"},\"potentialAction\":[{\"@type\":\"SearchAction\",\"target\":{\"@type\":\"EntryPoint\",\"urlTemplate\":\"https:\\\/\\\/gliptoneeurope.com\\\/?s={search_term_string}\"},\"query-input\":{\"@type\":\"PropertyValueSpecification\",\"valueRequired\":true,\"valueName\":\"search_term_string\"}}],\"inLanguage\":\"fr-FR\"},{\"@type\":\"Organization\",\"@id\":\"https:\\\/\\\/gliptoneeurope.com\\\/#organization\",\"name\":\"Gliptone Europe\",\"url\":\"https:\\\/\\\/gliptoneeurope.com\\\/\",\"logo\":{\"@type\":\"ImageObject\",\"inLanguage\":\"fr-FR\",\"@id\":\"https:\\\/\\\/gliptoneeurope.com\\\/#\\\/schema\\\/logo\\\/image\\\/\",\"url\":\"https:\\\/\\\/gliptoneeurope.com\\\/wp-content\\\/uploads\\\/Gliptone_Logo.png\",\"contentUrl\":\"https:\\\/\\\/gliptoneeurope.com\\\/wp-content\\\/uploads\\\/Gliptone_Logo.png\",\"width\":1472,\"height\":607,\"caption\":\"Gliptone Europe\"},\"image\":{\"@id\":\"https:\\\/\\\/gliptoneeurope.com\\\/#\\\/schema\\\/logo\\\/image\\\/\"},\"sameAs\":[\"https:\\\/\\\/www.facebook.com\\\/gliptoneeurope\\\/\",\"https:\\\/\\\/www.instagram.com\\\/gliptoneeurope\\\/\",\"https:\\\/\\\/www.pinterest.co.uk\\\/GliptoneEurope\\\/\"]}]}<\/script>\n<!-- \/ Yoast SEO Premium plugin. -->","yoast_head_json":{"title":"Super Dress-All 1 Gall (3.8L) - Gliptone Europe","description":"Super Dress-All est un habillage de voiture \u00e0 base d'eau de qualit\u00e9 sup\u00e9rieure. Il fonctionne tr\u00e8s bien sur les int\u00e9rieurs, les ext\u00e9rieurs et les compartiments moteur.","robots":{"index":"index","follow":"follow","max-snippet":"max-snippet:-1","max-image-preview":"max-image-preview:large","max-video-preview":"max-video-preview:-1"},"canonical":"https:\/\/gliptoneeurope.com\/produit\/super-dress-all-1-gall-3-8l\/","og_locale":"fr_FR","og_type":"article","og_title":"Super Dress-All 1 Gall (3.8L)","og_description":"Super Dress-All est un habillage de voiture \u00e0 base d'eau de qualit\u00e9 sup\u00e9rieure. Il fonctionne tr\u00e8s bien sur les int\u00e9rieurs, les ext\u00e9rieurs et les","og_url":"https:\/\/gliptoneeurope.com\/produit\/super-dress-all-1-gall-3-8l\/","og_site_name":"Gliptone Europe","article_publisher":"https:\/\/www.facebook.com\/gliptoneeurope\/","og_image":[{"width":1497,"height":1497,"url":"https:\/\/gliptoneeurope.com\/wp-content\/uploads\/Super-Dress-All-1-Gall-3.8L.jpg","type":"image\/jpeg"}],"twitter_card":"summary_large_image","schema":{"@context":"https:\/\/schema.org","@graph":[{"@type":"WebPage","@id":"https:\/\/gliptoneeurope.com\/produit\/super-dress-all-1-gall-3-8l\/","url":"https:\/\/gliptoneeurope.com\/produit\/super-dress-all-1-gall-3-8l\/","name":"Super Dress-All 1 Gall (3.8L) - Gliptone Europe","isPartOf":{"@id":"https:\/\/gliptoneeurope.com\/#website"},"primaryImageOfPage":{"@id":"https:\/\/gliptoneeurope.com\/produit\/super-dress-all-1-gall-3-8l\/#primaryimage"},"image":{"@id":"https:\/\/gliptoneeurope.com\/produit\/super-dress-all-1-gall-3-8l\/#primaryimage"},"thumbnailUrl":"https:\/\/gliptoneeurope.com\/wp-content\/uploads\/Super-Dress-All-1-Gall-3.8L.jpg","datePublished":"2021-11-30T11:35:13+00:00","description":"Super Dress-All est un habillage de voiture \u00e0 base d'eau de qualit\u00e9 sup\u00e9rieure. Il fonctionne tr\u00e8s bien sur les int\u00e9rieurs, les ext\u00e9rieurs et les compartiments moteur.","breadcrumb":{"@id":"https:\/\/gliptoneeurope.com\/produit\/super-dress-all-1-gall-3-8l\/#breadcrumb"},"inLanguage":"fr-FR","potentialAction":[{"@type":"ReadAction","target":["https:\/\/gliptoneeurope.com\/produit\/super-dress-all-1-gall-3-8l\/"]}]},{"@type":"ImageObject","inLanguage":"fr-FR","@id":"https:\/\/gliptoneeurope.com\/produit\/super-dress-all-1-gall-3-8l\/#primaryimage","url":"https:\/\/gliptoneeurope.com\/wp-content\/uploads\/Super-Dress-All-1-Gall-3.8L.jpg","contentUrl":"https:\/\/gliptoneeurope.com\/wp-content\/uploads\/Super-Dress-All-1-Gall-3.8L.jpg","width":1497,"height":1497},{"@type":"BreadcrumbList","@id":"https:\/\/gliptoneeurope.com\/produit\/super-dress-all-1-gall-3-8l\/#breadcrumb","itemListElement":[{"@type":"ListItem","position":1,"name":"Home","item":"https:\/\/gliptoneeurope.com\/"},{"@type":"ListItem","position":2,"name":"Boutique","item":"https:\/\/gliptoneeurope.com\/fr\/boutique\/"},{"@type":"ListItem","position":3,"name":"Super Dress-All 1 Gall (3.8L)"}]},{"@type":"WebSite","@id":"https:\/\/gliptoneeurope.com\/#website","url":"https:\/\/gliptoneeurope.com\/","name":"Gliptone Europe","description":"Professional Car Detailing Products","publisher":{"@id":"https:\/\/gliptoneeurope.com\/#organization"},"potentialAction":[{"@type":"SearchAction","target":{"@type":"EntryPoint","urlTemplate":"https:\/\/gliptoneeurope.com\/?s={search_term_string}"},"query-input":{"@type":"PropertyValueSpecification","valueRequired":true,"valueName":"search_term_string"}}],"inLanguage":"fr-FR"},{"@type":"Organization","@id":"https:\/\/gliptoneeurope.com\/#organization","name":"Gliptone Europe","url":"https:\/\/gliptoneeurope.com\/","logo":{"@type":"ImageObject","inLanguage":"fr-FR","@id":"https:\/\/gliptoneeurope.com\/#\/schema\/logo\/image\/","url":"https:\/\/gliptoneeurope.com\/wp-content\/uploads\/Gliptone_Logo.png","contentUrl":"https:\/\/gliptoneeurope.com\/wp-content\/uploads\/Gliptone_Logo.png","width":1472,"height":607,"caption":"Gliptone Europe"},"image":{"@id":"https:\/\/gliptoneeurope.com\/#\/schema\/logo\/image\/"},"sameAs":["https:\/\/www.facebook.com\/gliptoneeurope\/","https:\/\/www.instagram.com\/gliptoneeurope\/","https:\/\/www.pinterest.co.uk\/GliptoneEurope\/"]}]}},"wcpa_form_fields":null,"_links":{"self":[{"href":"https:\/\/gliptoneeurope.com\/fr\/wp-json\/wp\/v2\/product\/11557","targetHints":{"allow":["GET"]}}],"collection":[{"href":"https:\/\/gliptoneeurope.com\/fr\/wp-json\/wp\/v2\/product"}],"about":[{"href":"https:\/\/gliptoneeurope.com\/fr\/wp-json\/wp\/v2\/types\/product"}],"wp:featuredmedia":[{"embeddable":true,"href":"https:\/\/gliptoneeurope.com\/fr\/wp-json\/wp\/v2\/media\/10892"}],"wp:attachment":[{"href":"https:\/\/gliptoneeurope.com\/fr\/wp-json\/wp\/v2\/media?parent=11557"}],"wp:term":[{"taxonomy":"product_brand","embeddable":true,"href":"https:\/\/gliptoneeurope.com\/fr\/wp-json\/wp\/v2\/product_brand?post=11557"},{"taxonomy":"product_cat","embeddable":true,"href":"https:\/\/gliptoneeurope.com\/fr\/wp-json\/wp\/v2\/product_cat?post=11557"},{"taxonomy":"product_tag","embeddable":true,"href":"https:\/\/gliptoneeurope.com\/fr\/wp-json\/wp\/v2\/product_tag?post=11557"}],"curies":[{"name":"wp","href":"https:\/\/api.w.org\/{rel}","templated":true}]}}