{"id":11548,"date":"2021-05-11T14:07:59","date_gmt":"2021-11-30T11:35:11","guid":{"rendered":"https:\/\/gliptoneeurope.com\/product\/kit-de-decontamination\/"},"modified":"2021-11-30T11:35:11","modified_gmt":"2021-11-30T11:35:11","slug":"kit-de-decontamination","status":"publish","type":"product","link":"https:\/\/gliptoneeurope.com\/fr\/produit\/kit-de-decontamination\/","title":{"rendered":"Kit de d\u00e9contamination"},"content":{"rendered":"<p>Notre kit de d\u00e9contamination contient tout ce dont vous aurez besoin pour \u00e9liminer en toute s\u00e9curit\u00e9 tout contaminant de votre peinture.<\/p>\n<p>Utilisez <a href=\"https:\/\/gliptoneeurope.com\/product\/vanish-950ml-32oz\/\">Vanish<\/a> avant de laver votre voiture pour commencer \u00e0 dissoudre tous les contaminants pr\u00e9sents avant d&#8217;appliquer notre <a href=\"https:\/\/gliptoneeurope.com\/product\/gt-iron-eater-brake-dust-remover\/\">GT Iron Eater<\/a> pour \u00e9liminer toutes les retomb\u00e9es encore pr\u00e9sentes \u00e0 l&#8217;ext\u00e9rieur.<\/p>\n<p>Pour finir, combinez simplement notre <a href=\"https:\/\/gliptoneeurope.com\/product\/body-bar-clay-bar\/\">Body Bar, Clay Bar<\/a> avec <a href=\"https:\/\/gliptoneeurope.com\/product\/express-interior-detailer\/\">Express Exterior Detailer<\/a> pour \u00e9liminer les contaminants et laisser la surface pr\u00eate \u00e0 \u00eatre polie avec notre <a href=\"https:\/\/gliptoneeurope.com\/product\/clear-coat-polish\/\">Clearcoat Polish<\/a> .<\/p>\n","protected":false},"excerpt":{"rendered":"<p>Notre kit de d\u00e9contamination contient tout ce dont vous aurez besoin pour \u00e9liminer en toute s\u00e9curit\u00e9 tout contaminant de votre peinture. Utilisez Vanish avant de laver votre voiture pour commencer \u00e0 dissoudre tous les contaminants pr\u00e9sents avant d&#8217;appliquer notre GT Iron Eater pour \u00e9liminer toutes les retomb\u00e9es encore pr\u00e9sentes \u00e0 l&#8217;ext\u00e9rieur. Pour finir, combinez simplement [&hellip;]<\/p>\n","protected":false},"featured_media":10864,"template":"","meta":[],"product_brand":[],"product_cat":[94,116,97],"product_tag":[],"class_list":{"0":"post-11548","1":"product","2":"type-product","3":"status-publish","4":"has-post-thumbnail","6":"product_cat-nouveaux-produits","7":"product_cat-preparation-nettoyage","8":"product_cat-trousses","10":"first","11":"instock","12":"taxable","13":"shipping-taxable","14":"purchasable","15":"product-type-simple"},"yoast_head":"<!-- This site is optimized with the Yoast SEO Premium plugin v21.4 (Yoast SEO v27.4) - https:\/\/yoast.com\/product\/yoast-seo-premium-wordpress\/ -->\n<title>Kit de d\u00e9contamination - Gliptone Europe<\/title>\n<meta name=\"description\" content=\"Notre kit de d\u00e9contamination contient tout ce dont vous aurez besoin pour \u00e9liminer en toute s\u00e9curit\u00e9 tout contaminant de votre peinture.\" \/>\n<meta name=\"robots\" content=\"index, follow, max-snippet:-1, max-image-preview:large, max-video-preview:-1\" \/>\n<link rel=\"canonical\" href=\"https:\/\/gliptoneeurope.com\/fr\/produit\/kit-de-decontamination\/\" \/>\n<meta property=\"og:locale\" content=\"fr_FR\" \/>\n<meta property=\"og:type\" content=\"article\" \/>\n<meta property=\"og:title\" content=\"Kit de d\u00e9contamination\" \/>\n<meta property=\"og:description\" content=\"Notre kit de d\u00e9contamination contient tout ce dont vous aurez besoin pour \u00e9liminer en toute s\u00e9curit\u00e9 tout contaminant de votre peinture. Utilisez Vanish\" \/>\n<meta property=\"og:url\" content=\"https:\/\/gliptoneeurope.com\/fr\/produit\/kit-de-decontamination\/\" \/>\n<meta property=\"og:site_name\" content=\"Gliptone Europe\" \/>\n<meta property=\"article:publisher\" content=\"https:\/\/www.facebook.com\/gliptoneeurope\/\" \/>\n<meta property=\"og:image\" content=\"https:\/\/gliptoneeurope.com\/wp-content\/uploads\/DecontaminationKit.jpg\" \/>\n\t<meta property=\"og:image:width\" content=\"1534\" \/>\n\t<meta property=\"og:image:height\" content=\"1533\" \/>\n\t<meta property=\"og:image:type\" content=\"image\/jpeg\" \/>\n<meta name=\"twitter:card\" content=\"summary_large_image\" \/>\n<script type=\"application\/ld+json\" class=\"yoast-schema-graph\">{\"@context\":\"https:\\\/\\\/schema.org\",\"@graph\":[{\"@type\":\"WebPage\",\"@id\":\"https:\\\/\\\/gliptoneeurope.com\\\/fr\\\/produit\\\/kit-de-decontamination\\\/\",\"url\":\"https:\\\/\\\/gliptoneeurope.com\\\/fr\\\/produit\\\/kit-de-decontamination\\\/\",\"name\":\"Kit de d\u00e9contamination - Gliptone Europe\",\"isPartOf\":{\"@id\":\"https:\\\/\\\/gliptoneeurope.com\\\/#website\"},\"primaryImageOfPage\":{\"@id\":\"https:\\\/\\\/gliptoneeurope.com\\\/fr\\\/produit\\\/kit-de-decontamination\\\/#primaryimage\"},\"image\":{\"@id\":\"https:\\\/\\\/gliptoneeurope.com\\\/fr\\\/produit\\\/kit-de-decontamination\\\/#primaryimage\"},\"thumbnailUrl\":\"https:\\\/\\\/gliptoneeurope.com\\\/wp-content\\\/uploads\\\/DecontaminationKit.jpg\",\"datePublished\":\"2021-11-30T11:35:11+00:00\",\"description\":\"Notre kit de d\u00e9contamination contient tout ce dont vous aurez besoin pour \u00e9liminer en toute s\u00e9curit\u00e9 tout contaminant de votre peinture.\",\"breadcrumb\":{\"@id\":\"https:\\\/\\\/gliptoneeurope.com\\\/fr\\\/produit\\\/kit-de-decontamination\\\/#breadcrumb\"},\"inLanguage\":\"fr-FR\",\"potentialAction\":[{\"@type\":\"ReadAction\",\"target\":[\"https:\\\/\\\/gliptoneeurope.com\\\/fr\\\/produit\\\/kit-de-decontamination\\\/\"]}]},{\"@type\":\"ImageObject\",\"inLanguage\":\"fr-FR\",\"@id\":\"https:\\\/\\\/gliptoneeurope.com\\\/fr\\\/produit\\\/kit-de-decontamination\\\/#primaryimage\",\"url\":\"https:\\\/\\\/gliptoneeurope.com\\\/wp-content\\\/uploads\\\/DecontaminationKit.jpg\",\"contentUrl\":\"https:\\\/\\\/gliptoneeurope.com\\\/wp-content\\\/uploads\\\/DecontaminationKit.jpg\",\"width\":1534,\"height\":1533},{\"@type\":\"BreadcrumbList\",\"@id\":\"https:\\\/\\\/gliptoneeurope.com\\\/fr\\\/produit\\\/kit-de-decontamination\\\/#breadcrumb\",\"itemListElement\":[{\"@type\":\"ListItem\",\"position\":1,\"name\":\"Home\",\"item\":\"https:\\\/\\\/gliptoneeurope.com\\\/\"},{\"@type\":\"ListItem\",\"position\":2,\"name\":\"Boutique\",\"item\":\"https:\\\/\\\/gliptoneeurope.com\\\/fr\\\/boutique\\\/\"},{\"@type\":\"ListItem\",\"position\":3,\"name\":\"Kit de d\u00e9contamination\"}]},{\"@type\":\"WebSite\",\"@id\":\"https:\\\/\\\/gliptoneeurope.com\\\/#website\",\"url\":\"https:\\\/\\\/gliptoneeurope.com\\\/\",\"name\":\"Gliptone Europe\",\"description\":\"Professional Car Detailing Products\",\"publisher\":{\"@id\":\"https:\\\/\\\/gliptoneeurope.com\\\/#organization\"},\"potentialAction\":[{\"@type\":\"SearchAction\",\"target\":{\"@type\":\"EntryPoint\",\"urlTemplate\":\"https:\\\/\\\/gliptoneeurope.com\\\/?s={search_term_string}\"},\"query-input\":{\"@type\":\"PropertyValueSpecification\",\"valueRequired\":true,\"valueName\":\"search_term_string\"}}],\"inLanguage\":\"fr-FR\"},{\"@type\":\"Organization\",\"@id\":\"https:\\\/\\\/gliptoneeurope.com\\\/#organization\",\"name\":\"Gliptone Europe\",\"url\":\"https:\\\/\\\/gliptoneeurope.com\\\/\",\"logo\":{\"@type\":\"ImageObject\",\"inLanguage\":\"fr-FR\",\"@id\":\"https:\\\/\\\/gliptoneeurope.com\\\/#\\\/schema\\\/logo\\\/image\\\/\",\"url\":\"https:\\\/\\\/gliptoneeurope.com\\\/wp-content\\\/uploads\\\/Gliptone_Logo.png\",\"contentUrl\":\"https:\\\/\\\/gliptoneeurope.com\\\/wp-content\\\/uploads\\\/Gliptone_Logo.png\",\"width\":1472,\"height\":607,\"caption\":\"Gliptone Europe\"},\"image\":{\"@id\":\"https:\\\/\\\/gliptoneeurope.com\\\/#\\\/schema\\\/logo\\\/image\\\/\"},\"sameAs\":[\"https:\\\/\\\/www.facebook.com\\\/gliptoneeurope\\\/\",\"https:\\\/\\\/www.instagram.com\\\/gliptoneeurope\\\/\",\"https:\\\/\\\/www.pinterest.co.uk\\\/GliptoneEurope\\\/\"]}]}<\/script>\n<!-- \/ Yoast SEO Premium plugin. -->","yoast_head_json":{"title":"Kit de d\u00e9contamination - Gliptone Europe","description":"Notre kit de d\u00e9contamination contient tout ce dont vous aurez besoin pour \u00e9liminer en toute s\u00e9curit\u00e9 tout contaminant de votre peinture.","robots":{"index":"index","follow":"follow","max-snippet":"max-snippet:-1","max-image-preview":"max-image-preview:large","max-video-preview":"max-video-preview:-1"},"canonical":"https:\/\/gliptoneeurope.com\/fr\/produit\/kit-de-decontamination\/","og_locale":"fr_FR","og_type":"article","og_title":"Kit de d\u00e9contamination","og_description":"Notre kit de d\u00e9contamination contient tout ce dont vous aurez besoin pour \u00e9liminer en toute s\u00e9curit\u00e9 tout contaminant de votre peinture. Utilisez Vanish","og_url":"https:\/\/gliptoneeurope.com\/fr\/produit\/kit-de-decontamination\/","og_site_name":"Gliptone Europe","article_publisher":"https:\/\/www.facebook.com\/gliptoneeurope\/","og_image":[{"width":1534,"height":1533,"url":"https:\/\/gliptoneeurope.com\/wp-content\/uploads\/DecontaminationKit.jpg","type":"image\/jpeg"}],"twitter_card":"summary_large_image","schema":{"@context":"https:\/\/schema.org","@graph":[{"@type":"WebPage","@id":"https:\/\/gliptoneeurope.com\/fr\/produit\/kit-de-decontamination\/","url":"https:\/\/gliptoneeurope.com\/fr\/produit\/kit-de-decontamination\/","name":"Kit de d\u00e9contamination - Gliptone Europe","isPartOf":{"@id":"https:\/\/gliptoneeurope.com\/#website"},"primaryImageOfPage":{"@id":"https:\/\/gliptoneeurope.com\/fr\/produit\/kit-de-decontamination\/#primaryimage"},"image":{"@id":"https:\/\/gliptoneeurope.com\/fr\/produit\/kit-de-decontamination\/#primaryimage"},"thumbnailUrl":"https:\/\/gliptoneeurope.com\/wp-content\/uploads\/DecontaminationKit.jpg","datePublished":"2021-11-30T11:35:11+00:00","description":"Notre kit de d\u00e9contamination contient tout ce dont vous aurez besoin pour \u00e9liminer en toute s\u00e9curit\u00e9 tout contaminant de votre peinture.","breadcrumb":{"@id":"https:\/\/gliptoneeurope.com\/fr\/produit\/kit-de-decontamination\/#breadcrumb"},"inLanguage":"fr-FR","potentialAction":[{"@type":"ReadAction","target":["https:\/\/gliptoneeurope.com\/fr\/produit\/kit-de-decontamination\/"]}]},{"@type":"ImageObject","inLanguage":"fr-FR","@id":"https:\/\/gliptoneeurope.com\/fr\/produit\/kit-de-decontamination\/#primaryimage","url":"https:\/\/gliptoneeurope.com\/wp-content\/uploads\/DecontaminationKit.jpg","contentUrl":"https:\/\/gliptoneeurope.com\/wp-content\/uploads\/DecontaminationKit.jpg","width":1534,"height":1533},{"@type":"BreadcrumbList","@id":"https:\/\/gliptoneeurope.com\/fr\/produit\/kit-de-decontamination\/#breadcrumb","itemListElement":[{"@type":"ListItem","position":1,"name":"Home","item":"https:\/\/gliptoneeurope.com\/"},{"@type":"ListItem","position":2,"name":"Boutique","item":"https:\/\/gliptoneeurope.com\/fr\/boutique\/"},{"@type":"ListItem","position":3,"name":"Kit de d\u00e9contamination"}]},{"@type":"WebSite","@id":"https:\/\/gliptoneeurope.com\/#website","url":"https:\/\/gliptoneeurope.com\/","name":"Gliptone Europe","description":"Professional Car Detailing Products","publisher":{"@id":"https:\/\/gliptoneeurope.com\/#organization"},"potentialAction":[{"@type":"SearchAction","target":{"@type":"EntryPoint","urlTemplate":"https:\/\/gliptoneeurope.com\/?s={search_term_string}"},"query-input":{"@type":"PropertyValueSpecification","valueRequired":true,"valueName":"search_term_string"}}],"inLanguage":"fr-FR"},{"@type":"Organization","@id":"https:\/\/gliptoneeurope.com\/#organization","name":"Gliptone Europe","url":"https:\/\/gliptoneeurope.com\/","logo":{"@type":"ImageObject","inLanguage":"fr-FR","@id":"https:\/\/gliptoneeurope.com\/#\/schema\/logo\/image\/","url":"https:\/\/gliptoneeurope.com\/wp-content\/uploads\/Gliptone_Logo.png","contentUrl":"https:\/\/gliptoneeurope.com\/wp-content\/uploads\/Gliptone_Logo.png","width":1472,"height":607,"caption":"Gliptone Europe"},"image":{"@id":"https:\/\/gliptoneeurope.com\/#\/schema\/logo\/image\/"},"sameAs":["https:\/\/www.facebook.com\/gliptoneeurope\/","https:\/\/www.instagram.com\/gliptoneeurope\/","https:\/\/www.pinterest.co.uk\/GliptoneEurope\/"]}]}},"wcpa_form_fields":null,"_links":{"self":[{"href":"https:\/\/gliptoneeurope.com\/fr\/wp-json\/wp\/v2\/product\/11548","targetHints":{"allow":["GET"]}}],"collection":[{"href":"https:\/\/gliptoneeurope.com\/fr\/wp-json\/wp\/v2\/product"}],"about":[{"href":"https:\/\/gliptoneeurope.com\/fr\/wp-json\/wp\/v2\/types\/product"}],"wp:featuredmedia":[{"embeddable":true,"href":"https:\/\/gliptoneeurope.com\/fr\/wp-json\/wp\/v2\/media\/10864"}],"wp:attachment":[{"href":"https:\/\/gliptoneeurope.com\/fr\/wp-json\/wp\/v2\/media?parent=11548"}],"wp:term":[{"taxonomy":"product_brand","embeddable":true,"href":"https:\/\/gliptoneeurope.com\/fr\/wp-json\/wp\/v2\/product_brand?post=11548"},{"taxonomy":"product_cat","embeddable":true,"href":"https:\/\/gliptoneeurope.com\/fr\/wp-json\/wp\/v2\/product_cat?post=11548"},{"taxonomy":"product_tag","embeddable":true,"href":"https:\/\/gliptoneeurope.com\/fr\/wp-json\/wp\/v2\/product_tag?post=11548"}],"curies":[{"name":"wp","href":"https:\/\/api.w.org\/{rel}","templated":true}]}}