{"id":11546,"date":"2021-05-11T14:07:59","date_gmt":"2021-11-30T11:35:09","guid":{"rendered":"https:\/\/gliptoneeurope.com\/product\/seau-detailing-bleu\/"},"modified":"2022-05-01T05:38:05","modified_gmt":"2022-05-01T05:38:05","slug":"detaillant-seau-bleu","status":"publish","type":"product","link":"https:\/\/gliptoneeurope.com\/fr\/produit\/detaillant-seau-bleu\/","title":{"rendered":"Seau Detailing &#8211; Bleu"},"content":{"rendered":"<p>Nos seaux de finition disponibles dans une vari\u00e9t\u00e9 de couleurs peuvent contenir jusqu&#8217;\u00e0 20 litres, ce qui est essentiel pour nettoyer votre voiture.<\/p>\n<p>Chaque couleur correspond aux diff\u00e9rentes \u00e9tapes de finition de votre voiture depuis le pr\u00e9lavage jusqu&#8217;au polissage final donn\u00e9 \u00e0 l&#8217;ext\u00e9rieur de votre voiture.<\/p>\n<p>Nous vous recommandons d&#8217;utiliser ce seau avec notre <a href=\"https:\/\/gliptoneeurope.com\/product\/grit-guard-blue\/\">Grit Guard<\/a> lors du nettoyage de votre voiture en gardant la salet\u00e9 et la crasse au fond du seau.<\/p>\n","protected":false},"excerpt":{"rendered":"<p>Nos seaux de finition disponibles dans une vari\u00e9t\u00e9 de couleurs peuvent contenir jusqu&#8217;\u00e0 20 litres, ce qui est essentiel pour nettoyer votre voiture. Chaque couleur correspond aux diff\u00e9rentes \u00e9tapes de finition de votre voiture depuis le pr\u00e9lavage jusqu&#8217;au polissage final donn\u00e9 \u00e0 l&#8217;ext\u00e9rieur de votre voiture. Nous vous recommandons d&#8217;utiliser ce seau avec notre Grit [&hellip;]<\/p>\n","protected":false},"featured_media":10950,"template":"","meta":[],"product_brand":[],"product_cat":[118,94],"product_tag":[],"class_list":{"0":"post-11546","1":"product","2":"type-product","3":"status-publish","4":"has-post-thumbnail","6":"product_cat-accessoires-fr","7":"product_cat-nouveaux-produits","9":"first","10":"instock","11":"taxable","12":"shipping-taxable","13":"purchasable","14":"product-type-simple"},"yoast_head":"<!-- This site is optimized with the Yoast SEO Premium plugin v21.4 (Yoast SEO v27.4) - https:\/\/yoast.com\/product\/yoast-seo-premium-wordpress\/ -->\n<title>Seau Detailing - Bleu - Gliptone Europe<\/title>\n<meta name=\"description\" content=\"Nos seaux de finition disponibles dans une vari\u00e9t\u00e9 de couleurs peuvent contenir jusqu&#039;\u00e0 20 litres, ce qui est essentiel pour nettoyer votre voiture.\" \/>\n<meta name=\"robots\" content=\"index, follow, max-snippet:-1, max-image-preview:large, max-video-preview:-1\" \/>\n<link rel=\"canonical\" href=\"https:\/\/gliptoneeurope.com\/fr\/produit\/detaillant-seau-bleu\/\" \/>\n<meta property=\"og:locale\" content=\"fr_FR\" \/>\n<meta property=\"og:type\" content=\"article\" \/>\n<meta property=\"og:title\" content=\"Seau Detailing - Bleu\" \/>\n<meta property=\"og:description\" content=\"Nos seaux de finition disponibles dans une vari\u00e9t\u00e9 de couleurs peuvent contenir jusqu&#039;\u00e0 20 litres, ce qui est essentiel pour nettoyer votre voiture.\" \/>\n<meta property=\"og:url\" content=\"https:\/\/gliptoneeurope.com\/fr\/produit\/detaillant-seau-bleu\/\" \/>\n<meta property=\"og:site_name\" content=\"Gliptone Europe\" \/>\n<meta property=\"article:publisher\" content=\"https:\/\/www.facebook.com\/gliptoneeurope\/\" \/>\n<meta property=\"article:modified_time\" content=\"2022-05-01T05:38:05+00:00\" \/>\n<meta property=\"og:image\" content=\"https:\/\/gliptoneeurope.com\/wp-content\/uploads\/Detailing-Bucket-Blue.jpg\" \/>\n\t<meta property=\"og:image:width\" content=\"1751\" \/>\n\t<meta property=\"og:image:height\" content=\"1751\" \/>\n\t<meta property=\"og:image:type\" content=\"image\/jpeg\" \/>\n<meta name=\"twitter:card\" content=\"summary_large_image\" \/>\n<script type=\"application\/ld+json\" class=\"yoast-schema-graph\">{\"@context\":\"https:\\\/\\\/schema.org\",\"@graph\":[{\"@type\":\"WebPage\",\"@id\":\"https:\\\/\\\/gliptoneeurope.com\\\/fr\\\/produit\\\/detaillant-seau-bleu\\\/\",\"url\":\"https:\\\/\\\/gliptoneeurope.com\\\/fr\\\/produit\\\/detaillant-seau-bleu\\\/\",\"name\":\"Seau Detailing - Bleu - Gliptone Europe\",\"isPartOf\":{\"@id\":\"https:\\\/\\\/gliptoneeurope.com\\\/#website\"},\"primaryImageOfPage\":{\"@id\":\"https:\\\/\\\/gliptoneeurope.com\\\/fr\\\/produit\\\/detaillant-seau-bleu\\\/#primaryimage\"},\"image\":{\"@id\":\"https:\\\/\\\/gliptoneeurope.com\\\/fr\\\/produit\\\/detaillant-seau-bleu\\\/#primaryimage\"},\"thumbnailUrl\":\"https:\\\/\\\/gliptoneeurope.com\\\/wp-content\\\/uploads\\\/Detailing-Bucket-Blue.jpg\",\"datePublished\":\"2021-11-30T11:35:09+00:00\",\"dateModified\":\"2022-05-01T05:38:05+00:00\",\"description\":\"Nos seaux de finition disponibles dans une vari\u00e9t\u00e9 de couleurs peuvent contenir jusqu'\u00e0 20 litres, ce qui est essentiel pour nettoyer votre voiture.\",\"breadcrumb\":{\"@id\":\"https:\\\/\\\/gliptoneeurope.com\\\/fr\\\/produit\\\/detaillant-seau-bleu\\\/#breadcrumb\"},\"inLanguage\":\"fr-FR\",\"potentialAction\":[{\"@type\":\"ReadAction\",\"target\":[\"https:\\\/\\\/gliptoneeurope.com\\\/fr\\\/produit\\\/detaillant-seau-bleu\\\/\"]}]},{\"@type\":\"ImageObject\",\"inLanguage\":\"fr-FR\",\"@id\":\"https:\\\/\\\/gliptoneeurope.com\\\/fr\\\/produit\\\/detaillant-seau-bleu\\\/#primaryimage\",\"url\":\"https:\\\/\\\/gliptoneeurope.com\\\/wp-content\\\/uploads\\\/Detailing-Bucket-Blue.jpg\",\"contentUrl\":\"https:\\\/\\\/gliptoneeurope.com\\\/wp-content\\\/uploads\\\/Detailing-Bucket-Blue.jpg\",\"width\":1751,\"height\":1751},{\"@type\":\"BreadcrumbList\",\"@id\":\"https:\\\/\\\/gliptoneeurope.com\\\/fr\\\/produit\\\/detaillant-seau-bleu\\\/#breadcrumb\",\"itemListElement\":[{\"@type\":\"ListItem\",\"position\":1,\"name\":\"Home\",\"item\":\"https:\\\/\\\/gliptoneeurope.com\\\/\"},{\"@type\":\"ListItem\",\"position\":2,\"name\":\"Boutique\",\"item\":\"https:\\\/\\\/gliptoneeurope.com\\\/fr\\\/boutique\\\/\"},{\"@type\":\"ListItem\",\"position\":3,\"name\":\"Seau Detailing &#8211; Bleu\"}]},{\"@type\":\"WebSite\",\"@id\":\"https:\\\/\\\/gliptoneeurope.com\\\/#website\",\"url\":\"https:\\\/\\\/gliptoneeurope.com\\\/\",\"name\":\"Gliptone Europe\",\"description\":\"Professional Car Detailing Products\",\"publisher\":{\"@id\":\"https:\\\/\\\/gliptoneeurope.com\\\/#organization\"},\"potentialAction\":[{\"@type\":\"SearchAction\",\"target\":{\"@type\":\"EntryPoint\",\"urlTemplate\":\"https:\\\/\\\/gliptoneeurope.com\\\/?s={search_term_string}\"},\"query-input\":{\"@type\":\"PropertyValueSpecification\",\"valueRequired\":true,\"valueName\":\"search_term_string\"}}],\"inLanguage\":\"fr-FR\"},{\"@type\":\"Organization\",\"@id\":\"https:\\\/\\\/gliptoneeurope.com\\\/#organization\",\"name\":\"Gliptone Europe\",\"url\":\"https:\\\/\\\/gliptoneeurope.com\\\/\",\"logo\":{\"@type\":\"ImageObject\",\"inLanguage\":\"fr-FR\",\"@id\":\"https:\\\/\\\/gliptoneeurope.com\\\/#\\\/schema\\\/logo\\\/image\\\/\",\"url\":\"https:\\\/\\\/gliptoneeurope.com\\\/wp-content\\\/uploads\\\/Gliptone_Logo.png\",\"contentUrl\":\"https:\\\/\\\/gliptoneeurope.com\\\/wp-content\\\/uploads\\\/Gliptone_Logo.png\",\"width\":1472,\"height\":607,\"caption\":\"Gliptone Europe\"},\"image\":{\"@id\":\"https:\\\/\\\/gliptoneeurope.com\\\/#\\\/schema\\\/logo\\\/image\\\/\"},\"sameAs\":[\"https:\\\/\\\/www.facebook.com\\\/gliptoneeurope\\\/\",\"https:\\\/\\\/www.instagram.com\\\/gliptoneeurope\\\/\",\"https:\\\/\\\/www.pinterest.co.uk\\\/GliptoneEurope\\\/\"]}]}<\/script>\n<!-- \/ Yoast SEO Premium plugin. -->","yoast_head_json":{"title":"Seau Detailing - Bleu - Gliptone Europe","description":"Nos seaux de finition disponibles dans une vari\u00e9t\u00e9 de couleurs peuvent contenir jusqu'\u00e0 20 litres, ce qui est essentiel pour nettoyer votre voiture.","robots":{"index":"index","follow":"follow","max-snippet":"max-snippet:-1","max-image-preview":"max-image-preview:large","max-video-preview":"max-video-preview:-1"},"canonical":"https:\/\/gliptoneeurope.com\/fr\/produit\/detaillant-seau-bleu\/","og_locale":"fr_FR","og_type":"article","og_title":"Seau Detailing - Bleu","og_description":"Nos seaux de finition disponibles dans une vari\u00e9t\u00e9 de couleurs peuvent contenir jusqu'\u00e0 20 litres, ce qui est essentiel pour nettoyer votre voiture.","og_url":"https:\/\/gliptoneeurope.com\/fr\/produit\/detaillant-seau-bleu\/","og_site_name":"Gliptone Europe","article_publisher":"https:\/\/www.facebook.com\/gliptoneeurope\/","article_modified_time":"2022-05-01T05:38:05+00:00","og_image":[{"width":1751,"height":1751,"url":"https:\/\/gliptoneeurope.com\/wp-content\/uploads\/Detailing-Bucket-Blue.jpg","type":"image\/jpeg"}],"twitter_card":"summary_large_image","schema":{"@context":"https:\/\/schema.org","@graph":[{"@type":"WebPage","@id":"https:\/\/gliptoneeurope.com\/fr\/produit\/detaillant-seau-bleu\/","url":"https:\/\/gliptoneeurope.com\/fr\/produit\/detaillant-seau-bleu\/","name":"Seau Detailing - Bleu - Gliptone Europe","isPartOf":{"@id":"https:\/\/gliptoneeurope.com\/#website"},"primaryImageOfPage":{"@id":"https:\/\/gliptoneeurope.com\/fr\/produit\/detaillant-seau-bleu\/#primaryimage"},"image":{"@id":"https:\/\/gliptoneeurope.com\/fr\/produit\/detaillant-seau-bleu\/#primaryimage"},"thumbnailUrl":"https:\/\/gliptoneeurope.com\/wp-content\/uploads\/Detailing-Bucket-Blue.jpg","datePublished":"2021-11-30T11:35:09+00:00","dateModified":"2022-05-01T05:38:05+00:00","description":"Nos seaux de finition disponibles dans une vari\u00e9t\u00e9 de couleurs peuvent contenir jusqu'\u00e0 20 litres, ce qui est essentiel pour nettoyer votre voiture.","breadcrumb":{"@id":"https:\/\/gliptoneeurope.com\/fr\/produit\/detaillant-seau-bleu\/#breadcrumb"},"inLanguage":"fr-FR","potentialAction":[{"@type":"ReadAction","target":["https:\/\/gliptoneeurope.com\/fr\/produit\/detaillant-seau-bleu\/"]}]},{"@type":"ImageObject","inLanguage":"fr-FR","@id":"https:\/\/gliptoneeurope.com\/fr\/produit\/detaillant-seau-bleu\/#primaryimage","url":"https:\/\/gliptoneeurope.com\/wp-content\/uploads\/Detailing-Bucket-Blue.jpg","contentUrl":"https:\/\/gliptoneeurope.com\/wp-content\/uploads\/Detailing-Bucket-Blue.jpg","width":1751,"height":1751},{"@type":"BreadcrumbList","@id":"https:\/\/gliptoneeurope.com\/fr\/produit\/detaillant-seau-bleu\/#breadcrumb","itemListElement":[{"@type":"ListItem","position":1,"name":"Home","item":"https:\/\/gliptoneeurope.com\/"},{"@type":"ListItem","position":2,"name":"Boutique","item":"https:\/\/gliptoneeurope.com\/fr\/boutique\/"},{"@type":"ListItem","position":3,"name":"Seau Detailing &#8211; Bleu"}]},{"@type":"WebSite","@id":"https:\/\/gliptoneeurope.com\/#website","url":"https:\/\/gliptoneeurope.com\/","name":"Gliptone Europe","description":"Professional Car Detailing Products","publisher":{"@id":"https:\/\/gliptoneeurope.com\/#organization"},"potentialAction":[{"@type":"SearchAction","target":{"@type":"EntryPoint","urlTemplate":"https:\/\/gliptoneeurope.com\/?s={search_term_string}"},"query-input":{"@type":"PropertyValueSpecification","valueRequired":true,"valueName":"search_term_string"}}],"inLanguage":"fr-FR"},{"@type":"Organization","@id":"https:\/\/gliptoneeurope.com\/#organization","name":"Gliptone Europe","url":"https:\/\/gliptoneeurope.com\/","logo":{"@type":"ImageObject","inLanguage":"fr-FR","@id":"https:\/\/gliptoneeurope.com\/#\/schema\/logo\/image\/","url":"https:\/\/gliptoneeurope.com\/wp-content\/uploads\/Gliptone_Logo.png","contentUrl":"https:\/\/gliptoneeurope.com\/wp-content\/uploads\/Gliptone_Logo.png","width":1472,"height":607,"caption":"Gliptone Europe"},"image":{"@id":"https:\/\/gliptoneeurope.com\/#\/schema\/logo\/image\/"},"sameAs":["https:\/\/www.facebook.com\/gliptoneeurope\/","https:\/\/www.instagram.com\/gliptoneeurope\/","https:\/\/www.pinterest.co.uk\/GliptoneEurope\/"]}]}},"wcpa_form_fields":null,"_links":{"self":[{"href":"https:\/\/gliptoneeurope.com\/fr\/wp-json\/wp\/v2\/product\/11546","targetHints":{"allow":["GET"]}}],"collection":[{"href":"https:\/\/gliptoneeurope.com\/fr\/wp-json\/wp\/v2\/product"}],"about":[{"href":"https:\/\/gliptoneeurope.com\/fr\/wp-json\/wp\/v2\/types\/product"}],"wp:featuredmedia":[{"embeddable":true,"href":"https:\/\/gliptoneeurope.com\/fr\/wp-json\/wp\/v2\/media\/10950"}],"wp:attachment":[{"href":"https:\/\/gliptoneeurope.com\/fr\/wp-json\/wp\/v2\/media?parent=11546"}],"wp:term":[{"taxonomy":"product_brand","embeddable":true,"href":"https:\/\/gliptoneeurope.com\/fr\/wp-json\/wp\/v2\/product_brand?post=11546"},{"taxonomy":"product_cat","embeddable":true,"href":"https:\/\/gliptoneeurope.com\/fr\/wp-json\/wp\/v2\/product_cat?post=11546"},{"taxonomy":"product_tag","embeddable":true,"href":"https:\/\/gliptoneeurope.com\/fr\/wp-json\/wp\/v2\/product_tag?post=11546"}],"curies":[{"name":"wp","href":"https:\/\/api.w.org\/{rel}","templated":true}]}}