{"id":11544,"date":"2021-05-11T13:36:38","date_gmt":"2021-11-30T11:35:08","guid":{"rendered":"https:\/\/gliptoneeurope.com\/product\/cire-creme-jaune-1-gall-3-8l\/"},"modified":"2021-11-30T11:35:08","modified_gmt":"2021-11-30T11:35:08","slug":"jaune-creme-cire-1-gall-3-8l","status":"publish","type":"product","link":"https:\/\/gliptoneeurope.com\/fr\/produit\/jaune-creme-cire-1-gall-3-8l\/","title":{"rendered":"Cire Cr\u00e8me Jaune 1 Gall (3.8L)"},"content":{"rendered":"<p>Notre cire cr\u00e8me jaune aide \u00e0 laisser une finition de salle d&#8217;exposition sur toute peinture neuve ou usag\u00e9e. La cire redonnera \u00e9galement couleur et brillance \u00e0 toutes les finitions.<\/p>\n<p>Contient de la carnauba et des polym\u00e8res r\u00e9sistants aux d\u00e9tergents pour un brillant \u00ab aspect mouill\u00e9 \u00bb durable. Utilisation \u00e0 la main ou \u00e0 la machine. Formule facile \u00e0 utiliser.<\/p>\n<p>Ce produit est un excellent choix pour une utilisation dans un service de cire express, une alternative \u00e0 l&#8217;utilisation de ce produit serait notre <a href=\"https:\/\/gliptoneeurope.com\/product\/platinum-cream-wax\/\">Platinum Cream Wax<\/a> ou <a href=\"https:\/\/gliptoneeurope.com\/product\/show-gloss\/\">Show Gloss<\/a> qui sont tous deux disponibles \u00e0 l&#8217;achat en flacon de 470 ml.<\/p>\n","protected":false},"excerpt":{"rendered":"<p>Notre cire cr\u00e8me jaune aide \u00e0 laisser une finition de salle d&#8217;exposition sur toute peinture neuve ou usag\u00e9e. La cire redonnera \u00e9galement couleur et brillance \u00e0 toutes les finitions. Contient de la carnauba et des polym\u00e8res r\u00e9sistants aux d\u00e9tergents pour un brillant \u00ab aspect mouill\u00e9 \u00bb durable. Utilisation \u00e0 la main ou \u00e0 la machine. [&hellip;]<\/p>\n","protected":false},"featured_media":10878,"template":"","meta":[],"product_brand":[],"product_cat":[94,109],"product_tag":[],"class_list":{"0":"post-11544","1":"product","2":"type-product","3":"status-publish","4":"has-post-thumbnail","6":"product_cat-nouveaux-produits","7":"product_cat-produits-professionnels","9":"first","10":"instock","11":"taxable","12":"shipping-taxable","13":"purchasable","14":"product-type-simple"},"yoast_head":"<!-- This site is optimized with the Yoast SEO Premium plugin v21.4 (Yoast SEO v27.5) - https:\/\/yoast.com\/product\/yoast-seo-premium-wordpress\/ -->\n<title>Cire Cr\u00e8me Jaune 1 Gall (3.8L) - Gliptone Europe<\/title>\n<meta name=\"description\" content=\"Notre cire cr\u00e8me jaune aide \u00e0 laisser une finition de salle d&#039;exposition sur toute peinture neuve ou usag\u00e9e. La cire redonnera \u00e9galement couleur et brillance \u00e0 toutes les finitions.\" \/>\n<meta name=\"robots\" content=\"index, follow, max-snippet:-1, max-image-preview:large, max-video-preview:-1\" \/>\n<link rel=\"canonical\" href=\"https:\/\/gliptoneeurope.com\/produit\/yellow-cream-wax-1-gall-3-8l\/\" \/>\n<meta property=\"og:locale\" content=\"fr_FR\" \/>\n<meta property=\"og:type\" content=\"article\" \/>\n<meta property=\"og:title\" content=\"Cire Cr\u00e8me Jaune 1 Gall (3.8L)\" \/>\n<meta property=\"og:description\" content=\"Notre cire cr\u00e8me jaune aide \u00e0 laisser une finition de salle d&#039;exposition sur toute peinture neuve ou usag\u00e9e. La cire redonnera \u00e9galement couleur et\" \/>\n<meta property=\"og:url\" content=\"https:\/\/gliptoneeurope.com\/produit\/yellow-cream-wax-1-gall-3-8l\/\" \/>\n<meta property=\"og:site_name\" content=\"Gliptone Europe\" \/>\n<meta property=\"article:publisher\" content=\"https:\/\/www.facebook.com\/gliptoneeurope\/\" \/>\n<meta property=\"og:image\" content=\"https:\/\/gliptoneeurope.com\/wp-content\/uploads\/Yellow-Cream-Wax-1-Gall-3.8L.jpg\" \/>\n\t<meta property=\"og:image:width\" content=\"1481\" \/>\n\t<meta property=\"og:image:height\" content=\"1481\" \/>\n\t<meta property=\"og:image:type\" content=\"image\/jpeg\" \/>\n<meta name=\"twitter:card\" content=\"summary_large_image\" \/>\n<script type=\"application\/ld+json\" class=\"yoast-schema-graph\">{\"@context\":\"https:\\\/\\\/schema.org\",\"@graph\":[{\"@type\":\"WebPage\",\"@id\":\"https:\\\/\\\/gliptoneeurope.com\\\/produit\\\/yellow-cream-wax-1-gall-3-8l\\\/\",\"url\":\"https:\\\/\\\/gliptoneeurope.com\\\/produit\\\/yellow-cream-wax-1-gall-3-8l\\\/\",\"name\":\"Cire Cr\u00e8me Jaune 1 Gall (3.8L) - Gliptone Europe\",\"isPartOf\":{\"@id\":\"https:\\\/\\\/gliptoneeurope.com\\\/#website\"},\"primaryImageOfPage\":{\"@id\":\"https:\\\/\\\/gliptoneeurope.com\\\/produit\\\/yellow-cream-wax-1-gall-3-8l\\\/#primaryimage\"},\"image\":{\"@id\":\"https:\\\/\\\/gliptoneeurope.com\\\/produit\\\/yellow-cream-wax-1-gall-3-8l\\\/#primaryimage\"},\"thumbnailUrl\":\"https:\\\/\\\/gliptoneeurope.com\\\/wp-content\\\/uploads\\\/Yellow-Cream-Wax-1-Gall-3.8L.jpg\",\"datePublished\":\"2021-11-30T11:35:08+00:00\",\"description\":\"Notre cire cr\u00e8me jaune aide \u00e0 laisser une finition de salle d'exposition sur toute peinture neuve ou usag\u00e9e. La cire redonnera \u00e9galement couleur et brillance \u00e0 toutes les finitions.\",\"breadcrumb\":{\"@id\":\"https:\\\/\\\/gliptoneeurope.com\\\/produit\\\/yellow-cream-wax-1-gall-3-8l\\\/#breadcrumb\"},\"inLanguage\":\"fr-FR\",\"potentialAction\":[{\"@type\":\"ReadAction\",\"target\":[\"https:\\\/\\\/gliptoneeurope.com\\\/produit\\\/yellow-cream-wax-1-gall-3-8l\\\/\"]}]},{\"@type\":\"ImageObject\",\"inLanguage\":\"fr-FR\",\"@id\":\"https:\\\/\\\/gliptoneeurope.com\\\/produit\\\/yellow-cream-wax-1-gall-3-8l\\\/#primaryimage\",\"url\":\"https:\\\/\\\/gliptoneeurope.com\\\/wp-content\\\/uploads\\\/Yellow-Cream-Wax-1-Gall-3.8L.jpg\",\"contentUrl\":\"https:\\\/\\\/gliptoneeurope.com\\\/wp-content\\\/uploads\\\/Yellow-Cream-Wax-1-Gall-3.8L.jpg\",\"width\":1481,\"height\":1481},{\"@type\":\"BreadcrumbList\",\"@id\":\"https:\\\/\\\/gliptoneeurope.com\\\/produit\\\/yellow-cream-wax-1-gall-3-8l\\\/#breadcrumb\",\"itemListElement\":[{\"@type\":\"ListItem\",\"position\":1,\"name\":\"Home\",\"item\":\"https:\\\/\\\/gliptoneeurope.com\\\/\"},{\"@type\":\"ListItem\",\"position\":2,\"name\":\"Boutique\",\"item\":\"https:\\\/\\\/gliptoneeurope.com\\\/fr\\\/boutique\\\/\"},{\"@type\":\"ListItem\",\"position\":3,\"name\":\"Cire Cr\u00e8me Jaune 1 Gall (3.8L)\"}]},{\"@type\":\"WebSite\",\"@id\":\"https:\\\/\\\/gliptoneeurope.com\\\/#website\",\"url\":\"https:\\\/\\\/gliptoneeurope.com\\\/\",\"name\":\"Gliptone Europe\",\"description\":\"Professional Car Detailing Products\",\"publisher\":{\"@id\":\"https:\\\/\\\/gliptoneeurope.com\\\/#organization\"},\"potentialAction\":[{\"@type\":\"SearchAction\",\"target\":{\"@type\":\"EntryPoint\",\"urlTemplate\":\"https:\\\/\\\/gliptoneeurope.com\\\/?s={search_term_string}\"},\"query-input\":{\"@type\":\"PropertyValueSpecification\",\"valueRequired\":true,\"valueName\":\"search_term_string\"}}],\"inLanguage\":\"fr-FR\"},{\"@type\":\"Organization\",\"@id\":\"https:\\\/\\\/gliptoneeurope.com\\\/#organization\",\"name\":\"Gliptone Europe\",\"url\":\"https:\\\/\\\/gliptoneeurope.com\\\/\",\"logo\":{\"@type\":\"ImageObject\",\"inLanguage\":\"fr-FR\",\"@id\":\"https:\\\/\\\/gliptoneeurope.com\\\/#\\\/schema\\\/logo\\\/image\\\/\",\"url\":\"https:\\\/\\\/gliptoneeurope.com\\\/wp-content\\\/uploads\\\/Gliptone_Logo.png\",\"contentUrl\":\"https:\\\/\\\/gliptoneeurope.com\\\/wp-content\\\/uploads\\\/Gliptone_Logo.png\",\"width\":1472,\"height\":607,\"caption\":\"Gliptone Europe\"},\"image\":{\"@id\":\"https:\\\/\\\/gliptoneeurope.com\\\/#\\\/schema\\\/logo\\\/image\\\/\"},\"sameAs\":[\"https:\\\/\\\/www.facebook.com\\\/gliptoneeurope\\\/\",\"https:\\\/\\\/www.instagram.com\\\/gliptoneeurope\\\/\",\"https:\\\/\\\/www.pinterest.co.uk\\\/GliptoneEurope\\\/\"]}]}<\/script>\n<!-- \/ Yoast SEO Premium plugin. -->","yoast_head_json":{"title":"Cire Cr\u00e8me Jaune 1 Gall (3.8L) - Gliptone Europe","description":"Notre cire cr\u00e8me jaune aide \u00e0 laisser une finition de salle d'exposition sur toute peinture neuve ou usag\u00e9e. La cire redonnera \u00e9galement couleur et brillance \u00e0 toutes les finitions.","robots":{"index":"index","follow":"follow","max-snippet":"max-snippet:-1","max-image-preview":"max-image-preview:large","max-video-preview":"max-video-preview:-1"},"canonical":"https:\/\/gliptoneeurope.com\/produit\/yellow-cream-wax-1-gall-3-8l\/","og_locale":"fr_FR","og_type":"article","og_title":"Cire Cr\u00e8me Jaune 1 Gall (3.8L)","og_description":"Notre cire cr\u00e8me jaune aide \u00e0 laisser une finition de salle d'exposition sur toute peinture neuve ou usag\u00e9e. La cire redonnera \u00e9galement couleur et","og_url":"https:\/\/gliptoneeurope.com\/produit\/yellow-cream-wax-1-gall-3-8l\/","og_site_name":"Gliptone Europe","article_publisher":"https:\/\/www.facebook.com\/gliptoneeurope\/","og_image":[{"width":1481,"height":1481,"url":"https:\/\/gliptoneeurope.com\/wp-content\/uploads\/Yellow-Cream-Wax-1-Gall-3.8L.jpg","type":"image\/jpeg"}],"twitter_card":"summary_large_image","schema":{"@context":"https:\/\/schema.org","@graph":[{"@type":"WebPage","@id":"https:\/\/gliptoneeurope.com\/produit\/yellow-cream-wax-1-gall-3-8l\/","url":"https:\/\/gliptoneeurope.com\/produit\/yellow-cream-wax-1-gall-3-8l\/","name":"Cire Cr\u00e8me Jaune 1 Gall (3.8L) - Gliptone Europe","isPartOf":{"@id":"https:\/\/gliptoneeurope.com\/#website"},"primaryImageOfPage":{"@id":"https:\/\/gliptoneeurope.com\/produit\/yellow-cream-wax-1-gall-3-8l\/#primaryimage"},"image":{"@id":"https:\/\/gliptoneeurope.com\/produit\/yellow-cream-wax-1-gall-3-8l\/#primaryimage"},"thumbnailUrl":"https:\/\/gliptoneeurope.com\/wp-content\/uploads\/Yellow-Cream-Wax-1-Gall-3.8L.jpg","datePublished":"2021-11-30T11:35:08+00:00","description":"Notre cire cr\u00e8me jaune aide \u00e0 laisser une finition de salle d'exposition sur toute peinture neuve ou usag\u00e9e. La cire redonnera \u00e9galement couleur et brillance \u00e0 toutes les finitions.","breadcrumb":{"@id":"https:\/\/gliptoneeurope.com\/produit\/yellow-cream-wax-1-gall-3-8l\/#breadcrumb"},"inLanguage":"fr-FR","potentialAction":[{"@type":"ReadAction","target":["https:\/\/gliptoneeurope.com\/produit\/yellow-cream-wax-1-gall-3-8l\/"]}]},{"@type":"ImageObject","inLanguage":"fr-FR","@id":"https:\/\/gliptoneeurope.com\/produit\/yellow-cream-wax-1-gall-3-8l\/#primaryimage","url":"https:\/\/gliptoneeurope.com\/wp-content\/uploads\/Yellow-Cream-Wax-1-Gall-3.8L.jpg","contentUrl":"https:\/\/gliptoneeurope.com\/wp-content\/uploads\/Yellow-Cream-Wax-1-Gall-3.8L.jpg","width":1481,"height":1481},{"@type":"BreadcrumbList","@id":"https:\/\/gliptoneeurope.com\/produit\/yellow-cream-wax-1-gall-3-8l\/#breadcrumb","itemListElement":[{"@type":"ListItem","position":1,"name":"Home","item":"https:\/\/gliptoneeurope.com\/"},{"@type":"ListItem","position":2,"name":"Boutique","item":"https:\/\/gliptoneeurope.com\/fr\/boutique\/"},{"@type":"ListItem","position":3,"name":"Cire Cr\u00e8me Jaune 1 Gall (3.8L)"}]},{"@type":"WebSite","@id":"https:\/\/gliptoneeurope.com\/#website","url":"https:\/\/gliptoneeurope.com\/","name":"Gliptone Europe","description":"Professional Car Detailing Products","publisher":{"@id":"https:\/\/gliptoneeurope.com\/#organization"},"potentialAction":[{"@type":"SearchAction","target":{"@type":"EntryPoint","urlTemplate":"https:\/\/gliptoneeurope.com\/?s={search_term_string}"},"query-input":{"@type":"PropertyValueSpecification","valueRequired":true,"valueName":"search_term_string"}}],"inLanguage":"fr-FR"},{"@type":"Organization","@id":"https:\/\/gliptoneeurope.com\/#organization","name":"Gliptone Europe","url":"https:\/\/gliptoneeurope.com\/","logo":{"@type":"ImageObject","inLanguage":"fr-FR","@id":"https:\/\/gliptoneeurope.com\/#\/schema\/logo\/image\/","url":"https:\/\/gliptoneeurope.com\/wp-content\/uploads\/Gliptone_Logo.png","contentUrl":"https:\/\/gliptoneeurope.com\/wp-content\/uploads\/Gliptone_Logo.png","width":1472,"height":607,"caption":"Gliptone Europe"},"image":{"@id":"https:\/\/gliptoneeurope.com\/#\/schema\/logo\/image\/"},"sameAs":["https:\/\/www.facebook.com\/gliptoneeurope\/","https:\/\/www.instagram.com\/gliptoneeurope\/","https:\/\/www.pinterest.co.uk\/GliptoneEurope\/"]}]}},"wcpa_form_fields":null,"_links":{"self":[{"href":"https:\/\/gliptoneeurope.com\/fr\/wp-json\/wp\/v2\/product\/11544","targetHints":{"allow":["GET"]}}],"collection":[{"href":"https:\/\/gliptoneeurope.com\/fr\/wp-json\/wp\/v2\/product"}],"about":[{"href":"https:\/\/gliptoneeurope.com\/fr\/wp-json\/wp\/v2\/types\/product"}],"wp:featuredmedia":[{"embeddable":true,"href":"https:\/\/gliptoneeurope.com\/fr\/wp-json\/wp\/v2\/media\/10878"}],"wp:attachment":[{"href":"https:\/\/gliptoneeurope.com\/fr\/wp-json\/wp\/v2\/media?parent=11544"}],"wp:term":[{"taxonomy":"product_brand","embeddable":true,"href":"https:\/\/gliptoneeurope.com\/fr\/wp-json\/wp\/v2\/product_brand?post=11544"},{"taxonomy":"product_cat","embeddable":true,"href":"https:\/\/gliptoneeurope.com\/fr\/wp-json\/wp\/v2\/product_cat?post=11544"},{"taxonomy":"product_tag","embeddable":true,"href":"https:\/\/gliptoneeurope.com\/fr\/wp-json\/wp\/v2\/product_tag?post=11544"}],"curies":[{"name":"wp","href":"https:\/\/api.w.org\/{rel}","templated":true}]}}