{"id":11538,"date":"2021-05-11T14:08:00","date_gmt":"2021-11-30T11:34:05","guid":{"rendered":"https:\/\/gliptoneeurope.com\/product\/tasse-en-ceramique-gliptone-bleu\/"},"modified":"2021-11-30T11:34:05","modified_gmt":"2021-11-30T11:34:05","slug":"mug-gliptone-ceramique-bleu","status":"publish","type":"product","link":"https:\/\/gliptoneeurope.com\/fr\/produit\/mug-gliptone-ceramique-bleu\/","title":{"rendered":"Tasse en c\u00e9ramique Gliptone &#8211; Bleu"},"content":{"rendered":"<p>Profitez de votre infusion dans nos tasses en c\u00e9ramique Gliptone Bluee, les tasses sont de haute qualit\u00e9, \u00e9galement disponibles en <a href=\"https:\/\/gliptoneeurope.com\/product\/gliptone-ceramic-mug-white\/\">blanc<\/a> .<\/p>\n","protected":false},"excerpt":{"rendered":"<p>Profitez de votre infusion dans nos tasses en c\u00e9ramique Gliptone Bluee, les tasses sont de haute qualit\u00e9, \u00e9galement disponibles en blanc .<\/p>\n","protected":false},"featured_media":10850,"template":"","meta":[],"product_brand":[],"product_cat":[118,94],"product_tag":[],"class_list":{"0":"post-11538","1":"product","2":"type-product","3":"status-publish","4":"has-post-thumbnail","6":"product_cat-accessoires-fr","7":"product_cat-nouveaux-produits","9":"first","10":"instock","11":"taxable","12":"shipping-taxable","13":"purchasable","14":"product-type-simple"},"yoast_head":"<!-- This site is optimized with the Yoast SEO Premium plugin v21.4 (Yoast SEO v27.4) - https:\/\/yoast.com\/product\/yoast-seo-premium-wordpress\/ -->\n<title>Tasse en c\u00e9ramique Gliptone - Bleu - Gliptone Europe<\/title>\n<meta name=\"description\" content=\"D\u00e9gustez votre infusion dans nos tasses en c\u00e9ramique Gliptone, les tasses sont de haute qualit\u00e9, disponibles en bleu ou en blanc.\" \/>\n<meta name=\"robots\" content=\"index, follow, max-snippet:-1, max-image-preview:large, max-video-preview:-1\" \/>\n<link rel=\"canonical\" href=\"https:\/\/gliptoneeurope.com\/fr\/produit\/mug-gliptone-ceramique-bleu\/\" \/>\n<meta property=\"og:locale\" content=\"fr_FR\" \/>\n<meta property=\"og:type\" content=\"article\" \/>\n<meta property=\"og:title\" content=\"Tasse en c\u00e9ramique Gliptone - Bleu\" \/>\n<meta property=\"og:description\" content=\"Profitez de votre infusion dans nos tasses en c\u00e9ramique Gliptone Bluee, les tasses sont de haute qualit\u00e9, \u00e9galement disponibles en blanc .\" \/>\n<meta property=\"og:url\" content=\"https:\/\/gliptoneeurope.com\/fr\/produit\/mug-gliptone-ceramique-bleu\/\" \/>\n<meta property=\"og:site_name\" content=\"Gliptone Europe\" \/>\n<meta property=\"article:publisher\" content=\"https:\/\/www.facebook.com\/gliptoneeurope\/\" \/>\n<meta property=\"og:image\" content=\"https:\/\/gliptoneeurope.com\/wp-content\/uploads\/Gliptone-Blue-Ceramic-Mug.jpg\" \/>\n\t<meta property=\"og:image:width\" content=\"1273\" \/>\n\t<meta property=\"og:image:height\" content=\"1273\" \/>\n\t<meta property=\"og:image:type\" content=\"image\/jpeg\" \/>\n<meta name=\"twitter:card\" content=\"summary_large_image\" \/>\n<script type=\"application\/ld+json\" class=\"yoast-schema-graph\">{\"@context\":\"https:\\\/\\\/schema.org\",\"@graph\":[{\"@type\":\"WebPage\",\"@id\":\"https:\\\/\\\/gliptoneeurope.com\\\/fr\\\/produit\\\/mug-gliptone-ceramique-bleu\\\/\",\"url\":\"https:\\\/\\\/gliptoneeurope.com\\\/fr\\\/produit\\\/mug-gliptone-ceramique-bleu\\\/\",\"name\":\"Tasse en c\u00e9ramique Gliptone - Bleu - Gliptone Europe\",\"isPartOf\":{\"@id\":\"https:\\\/\\\/gliptoneeurope.com\\\/#website\"},\"primaryImageOfPage\":{\"@id\":\"https:\\\/\\\/gliptoneeurope.com\\\/fr\\\/produit\\\/mug-gliptone-ceramique-bleu\\\/#primaryimage\"},\"image\":{\"@id\":\"https:\\\/\\\/gliptoneeurope.com\\\/fr\\\/produit\\\/mug-gliptone-ceramique-bleu\\\/#primaryimage\"},\"thumbnailUrl\":\"https:\\\/\\\/gliptoneeurope.com\\\/wp-content\\\/uploads\\\/Gliptone-Blue-Ceramic-Mug.jpg\",\"datePublished\":\"2021-11-30T11:34:05+00:00\",\"description\":\"D\u00e9gustez votre infusion dans nos tasses en c\u00e9ramique Gliptone, les tasses sont de haute qualit\u00e9, disponibles en bleu ou en blanc.\",\"breadcrumb\":{\"@id\":\"https:\\\/\\\/gliptoneeurope.com\\\/fr\\\/produit\\\/mug-gliptone-ceramique-bleu\\\/#breadcrumb\"},\"inLanguage\":\"fr-FR\",\"potentialAction\":[{\"@type\":\"ReadAction\",\"target\":[\"https:\\\/\\\/gliptoneeurope.com\\\/fr\\\/produit\\\/mug-gliptone-ceramique-bleu\\\/\"]}]},{\"@type\":\"ImageObject\",\"inLanguage\":\"fr-FR\",\"@id\":\"https:\\\/\\\/gliptoneeurope.com\\\/fr\\\/produit\\\/mug-gliptone-ceramique-bleu\\\/#primaryimage\",\"url\":\"https:\\\/\\\/gliptoneeurope.com\\\/wp-content\\\/uploads\\\/Gliptone-Blue-Ceramic-Mug.jpg\",\"contentUrl\":\"https:\\\/\\\/gliptoneeurope.com\\\/wp-content\\\/uploads\\\/Gliptone-Blue-Ceramic-Mug.jpg\",\"width\":1273,\"height\":1273},{\"@type\":\"BreadcrumbList\",\"@id\":\"https:\\\/\\\/gliptoneeurope.com\\\/fr\\\/produit\\\/mug-gliptone-ceramique-bleu\\\/#breadcrumb\",\"itemListElement\":[{\"@type\":\"ListItem\",\"position\":1,\"name\":\"Home\",\"item\":\"https:\\\/\\\/gliptoneeurope.com\\\/\"},{\"@type\":\"ListItem\",\"position\":2,\"name\":\"Boutique\",\"item\":\"https:\\\/\\\/gliptoneeurope.com\\\/fr\\\/boutique\\\/\"},{\"@type\":\"ListItem\",\"position\":3,\"name\":\"Tasse en c\u00e9ramique Gliptone &#8211; Bleu\"}]},{\"@type\":\"WebSite\",\"@id\":\"https:\\\/\\\/gliptoneeurope.com\\\/#website\",\"url\":\"https:\\\/\\\/gliptoneeurope.com\\\/\",\"name\":\"Gliptone Europe\",\"description\":\"Professional Car Detailing Products\",\"publisher\":{\"@id\":\"https:\\\/\\\/gliptoneeurope.com\\\/#organization\"},\"potentialAction\":[{\"@type\":\"SearchAction\",\"target\":{\"@type\":\"EntryPoint\",\"urlTemplate\":\"https:\\\/\\\/gliptoneeurope.com\\\/?s={search_term_string}\"},\"query-input\":{\"@type\":\"PropertyValueSpecification\",\"valueRequired\":true,\"valueName\":\"search_term_string\"}}],\"inLanguage\":\"fr-FR\"},{\"@type\":\"Organization\",\"@id\":\"https:\\\/\\\/gliptoneeurope.com\\\/#organization\",\"name\":\"Gliptone Europe\",\"url\":\"https:\\\/\\\/gliptoneeurope.com\\\/\",\"logo\":{\"@type\":\"ImageObject\",\"inLanguage\":\"fr-FR\",\"@id\":\"https:\\\/\\\/gliptoneeurope.com\\\/#\\\/schema\\\/logo\\\/image\\\/\",\"url\":\"https:\\\/\\\/gliptoneeurope.com\\\/wp-content\\\/uploads\\\/Gliptone_Logo.png\",\"contentUrl\":\"https:\\\/\\\/gliptoneeurope.com\\\/wp-content\\\/uploads\\\/Gliptone_Logo.png\",\"width\":1472,\"height\":607,\"caption\":\"Gliptone Europe\"},\"image\":{\"@id\":\"https:\\\/\\\/gliptoneeurope.com\\\/#\\\/schema\\\/logo\\\/image\\\/\"},\"sameAs\":[\"https:\\\/\\\/www.facebook.com\\\/gliptoneeurope\\\/\",\"https:\\\/\\\/www.instagram.com\\\/gliptoneeurope\\\/\",\"https:\\\/\\\/www.pinterest.co.uk\\\/GliptoneEurope\\\/\"]}]}<\/script>\n<!-- \/ Yoast SEO Premium plugin. -->","yoast_head_json":{"title":"Tasse en c\u00e9ramique Gliptone - Bleu - Gliptone Europe","description":"D\u00e9gustez votre infusion dans nos tasses en c\u00e9ramique Gliptone, les tasses sont de haute qualit\u00e9, disponibles en bleu ou en blanc.","robots":{"index":"index","follow":"follow","max-snippet":"max-snippet:-1","max-image-preview":"max-image-preview:large","max-video-preview":"max-video-preview:-1"},"canonical":"https:\/\/gliptoneeurope.com\/fr\/produit\/mug-gliptone-ceramique-bleu\/","og_locale":"fr_FR","og_type":"article","og_title":"Tasse en c\u00e9ramique Gliptone - Bleu","og_description":"Profitez de votre infusion dans nos tasses en c\u00e9ramique Gliptone Bluee, les tasses sont de haute qualit\u00e9, \u00e9galement disponibles en blanc .","og_url":"https:\/\/gliptoneeurope.com\/fr\/produit\/mug-gliptone-ceramique-bleu\/","og_site_name":"Gliptone Europe","article_publisher":"https:\/\/www.facebook.com\/gliptoneeurope\/","og_image":[{"width":1273,"height":1273,"url":"https:\/\/gliptoneeurope.com\/wp-content\/uploads\/Gliptone-Blue-Ceramic-Mug.jpg","type":"image\/jpeg"}],"twitter_card":"summary_large_image","schema":{"@context":"https:\/\/schema.org","@graph":[{"@type":"WebPage","@id":"https:\/\/gliptoneeurope.com\/fr\/produit\/mug-gliptone-ceramique-bleu\/","url":"https:\/\/gliptoneeurope.com\/fr\/produit\/mug-gliptone-ceramique-bleu\/","name":"Tasse en c\u00e9ramique Gliptone - Bleu - Gliptone Europe","isPartOf":{"@id":"https:\/\/gliptoneeurope.com\/#website"},"primaryImageOfPage":{"@id":"https:\/\/gliptoneeurope.com\/fr\/produit\/mug-gliptone-ceramique-bleu\/#primaryimage"},"image":{"@id":"https:\/\/gliptoneeurope.com\/fr\/produit\/mug-gliptone-ceramique-bleu\/#primaryimage"},"thumbnailUrl":"https:\/\/gliptoneeurope.com\/wp-content\/uploads\/Gliptone-Blue-Ceramic-Mug.jpg","datePublished":"2021-11-30T11:34:05+00:00","description":"D\u00e9gustez votre infusion dans nos tasses en c\u00e9ramique Gliptone, les tasses sont de haute qualit\u00e9, disponibles en bleu ou en blanc.","breadcrumb":{"@id":"https:\/\/gliptoneeurope.com\/fr\/produit\/mug-gliptone-ceramique-bleu\/#breadcrumb"},"inLanguage":"fr-FR","potentialAction":[{"@type":"ReadAction","target":["https:\/\/gliptoneeurope.com\/fr\/produit\/mug-gliptone-ceramique-bleu\/"]}]},{"@type":"ImageObject","inLanguage":"fr-FR","@id":"https:\/\/gliptoneeurope.com\/fr\/produit\/mug-gliptone-ceramique-bleu\/#primaryimage","url":"https:\/\/gliptoneeurope.com\/wp-content\/uploads\/Gliptone-Blue-Ceramic-Mug.jpg","contentUrl":"https:\/\/gliptoneeurope.com\/wp-content\/uploads\/Gliptone-Blue-Ceramic-Mug.jpg","width":1273,"height":1273},{"@type":"BreadcrumbList","@id":"https:\/\/gliptoneeurope.com\/fr\/produit\/mug-gliptone-ceramique-bleu\/#breadcrumb","itemListElement":[{"@type":"ListItem","position":1,"name":"Home","item":"https:\/\/gliptoneeurope.com\/"},{"@type":"ListItem","position":2,"name":"Boutique","item":"https:\/\/gliptoneeurope.com\/fr\/boutique\/"},{"@type":"ListItem","position":3,"name":"Tasse en c\u00e9ramique Gliptone &#8211; Bleu"}]},{"@type":"WebSite","@id":"https:\/\/gliptoneeurope.com\/#website","url":"https:\/\/gliptoneeurope.com\/","name":"Gliptone Europe","description":"Professional Car Detailing Products","publisher":{"@id":"https:\/\/gliptoneeurope.com\/#organization"},"potentialAction":[{"@type":"SearchAction","target":{"@type":"EntryPoint","urlTemplate":"https:\/\/gliptoneeurope.com\/?s={search_term_string}"},"query-input":{"@type":"PropertyValueSpecification","valueRequired":true,"valueName":"search_term_string"}}],"inLanguage":"fr-FR"},{"@type":"Organization","@id":"https:\/\/gliptoneeurope.com\/#organization","name":"Gliptone Europe","url":"https:\/\/gliptoneeurope.com\/","logo":{"@type":"ImageObject","inLanguage":"fr-FR","@id":"https:\/\/gliptoneeurope.com\/#\/schema\/logo\/image\/","url":"https:\/\/gliptoneeurope.com\/wp-content\/uploads\/Gliptone_Logo.png","contentUrl":"https:\/\/gliptoneeurope.com\/wp-content\/uploads\/Gliptone_Logo.png","width":1472,"height":607,"caption":"Gliptone Europe"},"image":{"@id":"https:\/\/gliptoneeurope.com\/#\/schema\/logo\/image\/"},"sameAs":["https:\/\/www.facebook.com\/gliptoneeurope\/","https:\/\/www.instagram.com\/gliptoneeurope\/","https:\/\/www.pinterest.co.uk\/GliptoneEurope\/"]}]}},"wcpa_form_fields":null,"_links":{"self":[{"href":"https:\/\/gliptoneeurope.com\/fr\/wp-json\/wp\/v2\/product\/11538","targetHints":{"allow":["GET"]}}],"collection":[{"href":"https:\/\/gliptoneeurope.com\/fr\/wp-json\/wp\/v2\/product"}],"about":[{"href":"https:\/\/gliptoneeurope.com\/fr\/wp-json\/wp\/v2\/types\/product"}],"wp:featuredmedia":[{"embeddable":true,"href":"https:\/\/gliptoneeurope.com\/fr\/wp-json\/wp\/v2\/media\/10850"}],"wp:attachment":[{"href":"https:\/\/gliptoneeurope.com\/fr\/wp-json\/wp\/v2\/media?parent=11538"}],"wp:term":[{"taxonomy":"product_brand","embeddable":true,"href":"https:\/\/gliptoneeurope.com\/fr\/wp-json\/wp\/v2\/product_brand?post=11538"},{"taxonomy":"product_cat","embeddable":true,"href":"https:\/\/gliptoneeurope.com\/fr\/wp-json\/wp\/v2\/product_cat?post=11538"},{"taxonomy":"product_tag","embeddable":true,"href":"https:\/\/gliptoneeurope.com\/fr\/wp-json\/wp\/v2\/product_tag?post=11538"}],"curies":[{"name":"wp","href":"https:\/\/api.w.org\/{rel}","templated":true}]}}