{"id":11516,"date":"2021-05-11T14:08:02","date_gmt":"2021-11-30T11:33:46","guid":{"rendered":"https:\/\/gliptoneeurope.com\/product\/gant-dargile-pour-preparation-corporelle\/"},"modified":"2022-02-23T04:29:48","modified_gmt":"2022-02-23T04:29:48","slug":"gant-de-toilette-en-argile","status":"publish","type":"product","link":"https:\/\/gliptoneeurope.com\/fr\/produit\/gant-de-toilette-en-argile\/","title":{"rendered":"Gant d&#8217;argile pour pr\u00e9paration corporelle"},"content":{"rendered":"<p>Utilisez notre Body Prep Clay Mitt comme alternative \u00e0 notre <a href=\"https:\/\/gliptoneeurope.com\/product\/body-bar-clay-bar\/\">Body Bar Clay Bar<\/a> . Il est facile \u00e0 utiliser, il suffit de rincer et de recommencer.<\/p>\n<p>Le gant est polyvalent et peut \u00eatre utilis\u00e9 pour argiler votre voiture, mais \u00e9galement pour \u00e9liminer toute salet\u00e9 incrust\u00e9e, poussi\u00e8re de frein, rouille l\u00e9g\u00e8re, insectes, s\u00e8ve d&#8217;arbre et pollen.<\/p>\n<p>Le Clay Mitt ne rayera pas la peinture ou d&#8217;autres surfaces. Il n&#8217;a pas besoin de lubrifiants sp\u00e9ciaux, glisse simplement sur la peinture lorsqu&#8217;il est utilis\u00e9 avec de l&#8217;eau ti\u00e8de<\/p>\n<p>Id\u00e9al \u00e0 utiliser avant de laver votre voiture avec notre shampooing au pH neutre Wash- <a href=\"https:\/\/gliptoneeurope.com\/product\/wash-n-glow\/\">n-Glow<\/a> .<\/p>\n<p>La <a href=\"https:\/\/gliptoneeurope.com\/product\/magic-microfibre-clay-cleaning-towel\/\">serviette de nettoyage en argile magique en microfibre<\/a> est \u00e9galement disponible comme une autre option pour le gant de lavage en argile en fonction de vos pr\u00e9f\u00e9rences de nettoyage.<\/p>\n","protected":false},"excerpt":{"rendered":"<p>Utilisez notre Body Prep Clay Mitt comme alternative \u00e0 notre Body Bar Clay Bar . Il est facile \u00e0 utiliser, il suffit de rincer et de recommencer. Le gant est polyvalent et peut \u00eatre utilis\u00e9 pour argiler votre voiture, mais \u00e9galement pour \u00e9liminer toute salet\u00e9 incrust\u00e9e, poussi\u00e8re de frein, rouille l\u00e9g\u00e8re, insectes, s\u00e8ve d&#8217;arbre et [&hellip;]<\/p>\n","protected":false},"featured_media":10834,"template":"","meta":[],"product_brand":[],"product_cat":[118,94],"product_tag":[],"class_list":{"0":"post-11516","1":"product","2":"type-product","3":"status-publish","4":"has-post-thumbnail","6":"product_cat-accessoires-fr","7":"product_cat-nouveaux-produits","9":"first","10":"instock","11":"taxable","12":"shipping-taxable","13":"purchasable","14":"product-type-simple"},"yoast_head":"<!-- This site is optimized with the Yoast SEO Premium plugin v21.4 (Yoast SEO v27.4) - https:\/\/yoast.com\/product\/yoast-seo-premium-wordpress\/ -->\n<title>Gant d&#039;argile pour pr\u00e9paration corporelle - Gliptone Europe<\/title>\n<meta name=\"description\" content=\"Utilisez notre Clay Wash Mitt comme alternative \u00e0 notre Body Bar Clay Bar. Il est facile \u00e0 utiliser, il suffit de rincer et de recommencer.\" \/>\n<meta name=\"robots\" content=\"index, follow, max-snippet:-1, max-image-preview:large, max-video-preview:-1\" \/>\n<link rel=\"canonical\" href=\"https:\/\/gliptoneeurope.com\/fr\/produit\/gant-de-toilette-en-argile\/\" \/>\n<meta property=\"og:locale\" content=\"fr_FR\" \/>\n<meta property=\"og:type\" content=\"article\" \/>\n<meta property=\"og:title\" content=\"Gant d&#039;argile pour pr\u00e9paration corporelle\" \/>\n<meta property=\"og:description\" content=\"Utilisez notre Body Prep Clay Mitt comme alternative \u00e0 notre Body Bar Clay Bar . Il est facile \u00e0 utiliser, il suffit de rincer et de recommencer. Le gant\" \/>\n<meta property=\"og:url\" content=\"https:\/\/gliptoneeurope.com\/fr\/produit\/gant-de-toilette-en-argile\/\" \/>\n<meta property=\"og:site_name\" content=\"Gliptone Europe\" \/>\n<meta property=\"article:publisher\" content=\"https:\/\/www.facebook.com\/gliptoneeurope\/\" \/>\n<meta property=\"article:modified_time\" content=\"2022-02-23T04:29:48+00:00\" \/>\n<meta property=\"og:image\" content=\"https:\/\/gliptoneeurope.com\/wp-content\/uploads\/Wash-Mitt-1.jpg\" \/>\n\t<meta property=\"og:image:width\" content=\"1764\" \/>\n\t<meta property=\"og:image:height\" content=\"1763\" \/>\n\t<meta property=\"og:image:type\" content=\"image\/jpeg\" \/>\n<meta name=\"twitter:card\" content=\"summary_large_image\" \/>\n<meta name=\"twitter:label1\" content=\"Dur\u00e9e de lecture estim\u00e9e\" \/>\n\t<meta name=\"twitter:data1\" content=\"1 minute\" \/>\n<script type=\"application\/ld+json\" class=\"yoast-schema-graph\">{\"@context\":\"https:\\\/\\\/schema.org\",\"@graph\":[{\"@type\":\"WebPage\",\"@id\":\"https:\\\/\\\/gliptoneeurope.com\\\/fr\\\/produit\\\/gant-de-toilette-en-argile\\\/\",\"url\":\"https:\\\/\\\/gliptoneeurope.com\\\/fr\\\/produit\\\/gant-de-toilette-en-argile\\\/\",\"name\":\"Gant d'argile pour pr\u00e9paration corporelle - Gliptone Europe\",\"isPartOf\":{\"@id\":\"https:\\\/\\\/gliptoneeurope.com\\\/#website\"},\"primaryImageOfPage\":{\"@id\":\"https:\\\/\\\/gliptoneeurope.com\\\/fr\\\/produit\\\/gant-de-toilette-en-argile\\\/#primaryimage\"},\"image\":{\"@id\":\"https:\\\/\\\/gliptoneeurope.com\\\/fr\\\/produit\\\/gant-de-toilette-en-argile\\\/#primaryimage\"},\"thumbnailUrl\":\"https:\\\/\\\/gliptoneeurope.com\\\/wp-content\\\/uploads\\\/Wash-Mitt-1.jpg\",\"datePublished\":\"2021-11-30T11:33:46+00:00\",\"dateModified\":\"2022-02-23T04:29:48+00:00\",\"description\":\"Utilisez notre Clay Wash Mitt comme alternative \u00e0 notre Body Bar Clay Bar. Il est facile \u00e0 utiliser, il suffit de rincer et de recommencer.\",\"breadcrumb\":{\"@id\":\"https:\\\/\\\/gliptoneeurope.com\\\/fr\\\/produit\\\/gant-de-toilette-en-argile\\\/#breadcrumb\"},\"inLanguage\":\"fr-FR\",\"potentialAction\":[{\"@type\":\"ReadAction\",\"target\":[\"https:\\\/\\\/gliptoneeurope.com\\\/fr\\\/produit\\\/gant-de-toilette-en-argile\\\/\"]}]},{\"@type\":\"ImageObject\",\"inLanguage\":\"fr-FR\",\"@id\":\"https:\\\/\\\/gliptoneeurope.com\\\/fr\\\/produit\\\/gant-de-toilette-en-argile\\\/#primaryimage\",\"url\":\"https:\\\/\\\/gliptoneeurope.com\\\/wp-content\\\/uploads\\\/Wash-Mitt-1.jpg\",\"contentUrl\":\"https:\\\/\\\/gliptoneeurope.com\\\/wp-content\\\/uploads\\\/Wash-Mitt-1.jpg\",\"width\":1764,\"height\":1763},{\"@type\":\"BreadcrumbList\",\"@id\":\"https:\\\/\\\/gliptoneeurope.com\\\/fr\\\/produit\\\/gant-de-toilette-en-argile\\\/#breadcrumb\",\"itemListElement\":[{\"@type\":\"ListItem\",\"position\":1,\"name\":\"Home\",\"item\":\"https:\\\/\\\/gliptoneeurope.com\\\/\"},{\"@type\":\"ListItem\",\"position\":2,\"name\":\"Boutique\",\"item\":\"https:\\\/\\\/gliptoneeurope.com\\\/fr\\\/boutique\\\/\"},{\"@type\":\"ListItem\",\"position\":3,\"name\":\"Gant d&#8217;argile pour pr\u00e9paration corporelle\"}]},{\"@type\":\"WebSite\",\"@id\":\"https:\\\/\\\/gliptoneeurope.com\\\/#website\",\"url\":\"https:\\\/\\\/gliptoneeurope.com\\\/\",\"name\":\"Gliptone Europe\",\"description\":\"Professional Car Detailing Products\",\"publisher\":{\"@id\":\"https:\\\/\\\/gliptoneeurope.com\\\/#organization\"},\"potentialAction\":[{\"@type\":\"SearchAction\",\"target\":{\"@type\":\"EntryPoint\",\"urlTemplate\":\"https:\\\/\\\/gliptoneeurope.com\\\/?s={search_term_string}\"},\"query-input\":{\"@type\":\"PropertyValueSpecification\",\"valueRequired\":true,\"valueName\":\"search_term_string\"}}],\"inLanguage\":\"fr-FR\"},{\"@type\":\"Organization\",\"@id\":\"https:\\\/\\\/gliptoneeurope.com\\\/#organization\",\"name\":\"Gliptone Europe\",\"url\":\"https:\\\/\\\/gliptoneeurope.com\\\/\",\"logo\":{\"@type\":\"ImageObject\",\"inLanguage\":\"fr-FR\",\"@id\":\"https:\\\/\\\/gliptoneeurope.com\\\/#\\\/schema\\\/logo\\\/image\\\/\",\"url\":\"https:\\\/\\\/gliptoneeurope.com\\\/wp-content\\\/uploads\\\/Gliptone_Logo.png\",\"contentUrl\":\"https:\\\/\\\/gliptoneeurope.com\\\/wp-content\\\/uploads\\\/Gliptone_Logo.png\",\"width\":1472,\"height\":607,\"caption\":\"Gliptone Europe\"},\"image\":{\"@id\":\"https:\\\/\\\/gliptoneeurope.com\\\/#\\\/schema\\\/logo\\\/image\\\/\"},\"sameAs\":[\"https:\\\/\\\/www.facebook.com\\\/gliptoneeurope\\\/\",\"https:\\\/\\\/www.instagram.com\\\/gliptoneeurope\\\/\",\"https:\\\/\\\/www.pinterest.co.uk\\\/GliptoneEurope\\\/\"]}]}<\/script>\n<!-- \/ Yoast SEO Premium plugin. -->","yoast_head_json":{"title":"Gant d'argile pour pr\u00e9paration corporelle - Gliptone Europe","description":"Utilisez notre Clay Wash Mitt comme alternative \u00e0 notre Body Bar Clay Bar. Il est facile \u00e0 utiliser, il suffit de rincer et de recommencer.","robots":{"index":"index","follow":"follow","max-snippet":"max-snippet:-1","max-image-preview":"max-image-preview:large","max-video-preview":"max-video-preview:-1"},"canonical":"https:\/\/gliptoneeurope.com\/fr\/produit\/gant-de-toilette-en-argile\/","og_locale":"fr_FR","og_type":"article","og_title":"Gant d'argile pour pr\u00e9paration corporelle","og_description":"Utilisez notre Body Prep Clay Mitt comme alternative \u00e0 notre Body Bar Clay Bar . Il est facile \u00e0 utiliser, il suffit de rincer et de recommencer. Le gant","og_url":"https:\/\/gliptoneeurope.com\/fr\/produit\/gant-de-toilette-en-argile\/","og_site_name":"Gliptone Europe","article_publisher":"https:\/\/www.facebook.com\/gliptoneeurope\/","article_modified_time":"2022-02-23T04:29:48+00:00","og_image":[{"width":1764,"height":1763,"url":"https:\/\/gliptoneeurope.com\/wp-content\/uploads\/Wash-Mitt-1.jpg","type":"image\/jpeg"}],"twitter_card":"summary_large_image","twitter_misc":{"Dur\u00e9e de lecture estim\u00e9e":"1 minute"},"schema":{"@context":"https:\/\/schema.org","@graph":[{"@type":"WebPage","@id":"https:\/\/gliptoneeurope.com\/fr\/produit\/gant-de-toilette-en-argile\/","url":"https:\/\/gliptoneeurope.com\/fr\/produit\/gant-de-toilette-en-argile\/","name":"Gant d'argile pour pr\u00e9paration corporelle - Gliptone Europe","isPartOf":{"@id":"https:\/\/gliptoneeurope.com\/#website"},"primaryImageOfPage":{"@id":"https:\/\/gliptoneeurope.com\/fr\/produit\/gant-de-toilette-en-argile\/#primaryimage"},"image":{"@id":"https:\/\/gliptoneeurope.com\/fr\/produit\/gant-de-toilette-en-argile\/#primaryimage"},"thumbnailUrl":"https:\/\/gliptoneeurope.com\/wp-content\/uploads\/Wash-Mitt-1.jpg","datePublished":"2021-11-30T11:33:46+00:00","dateModified":"2022-02-23T04:29:48+00:00","description":"Utilisez notre Clay Wash Mitt comme alternative \u00e0 notre Body Bar Clay Bar. Il est facile \u00e0 utiliser, il suffit de rincer et de recommencer.","breadcrumb":{"@id":"https:\/\/gliptoneeurope.com\/fr\/produit\/gant-de-toilette-en-argile\/#breadcrumb"},"inLanguage":"fr-FR","potentialAction":[{"@type":"ReadAction","target":["https:\/\/gliptoneeurope.com\/fr\/produit\/gant-de-toilette-en-argile\/"]}]},{"@type":"ImageObject","inLanguage":"fr-FR","@id":"https:\/\/gliptoneeurope.com\/fr\/produit\/gant-de-toilette-en-argile\/#primaryimage","url":"https:\/\/gliptoneeurope.com\/wp-content\/uploads\/Wash-Mitt-1.jpg","contentUrl":"https:\/\/gliptoneeurope.com\/wp-content\/uploads\/Wash-Mitt-1.jpg","width":1764,"height":1763},{"@type":"BreadcrumbList","@id":"https:\/\/gliptoneeurope.com\/fr\/produit\/gant-de-toilette-en-argile\/#breadcrumb","itemListElement":[{"@type":"ListItem","position":1,"name":"Home","item":"https:\/\/gliptoneeurope.com\/"},{"@type":"ListItem","position":2,"name":"Boutique","item":"https:\/\/gliptoneeurope.com\/fr\/boutique\/"},{"@type":"ListItem","position":3,"name":"Gant d&#8217;argile pour pr\u00e9paration corporelle"}]},{"@type":"WebSite","@id":"https:\/\/gliptoneeurope.com\/#website","url":"https:\/\/gliptoneeurope.com\/","name":"Gliptone Europe","description":"Professional Car Detailing Products","publisher":{"@id":"https:\/\/gliptoneeurope.com\/#organization"},"potentialAction":[{"@type":"SearchAction","target":{"@type":"EntryPoint","urlTemplate":"https:\/\/gliptoneeurope.com\/?s={search_term_string}"},"query-input":{"@type":"PropertyValueSpecification","valueRequired":true,"valueName":"search_term_string"}}],"inLanguage":"fr-FR"},{"@type":"Organization","@id":"https:\/\/gliptoneeurope.com\/#organization","name":"Gliptone Europe","url":"https:\/\/gliptoneeurope.com\/","logo":{"@type":"ImageObject","inLanguage":"fr-FR","@id":"https:\/\/gliptoneeurope.com\/#\/schema\/logo\/image\/","url":"https:\/\/gliptoneeurope.com\/wp-content\/uploads\/Gliptone_Logo.png","contentUrl":"https:\/\/gliptoneeurope.com\/wp-content\/uploads\/Gliptone_Logo.png","width":1472,"height":607,"caption":"Gliptone Europe"},"image":{"@id":"https:\/\/gliptoneeurope.com\/#\/schema\/logo\/image\/"},"sameAs":["https:\/\/www.facebook.com\/gliptoneeurope\/","https:\/\/www.instagram.com\/gliptoneeurope\/","https:\/\/www.pinterest.co.uk\/GliptoneEurope\/"]}]}},"wcpa_form_fields":null,"_links":{"self":[{"href":"https:\/\/gliptoneeurope.com\/fr\/wp-json\/wp\/v2\/product\/11516","targetHints":{"allow":["GET"]}}],"collection":[{"href":"https:\/\/gliptoneeurope.com\/fr\/wp-json\/wp\/v2\/product"}],"about":[{"href":"https:\/\/gliptoneeurope.com\/fr\/wp-json\/wp\/v2\/types\/product"}],"wp:featuredmedia":[{"embeddable":true,"href":"https:\/\/gliptoneeurope.com\/fr\/wp-json\/wp\/v2\/media\/10834"}],"wp:attachment":[{"href":"https:\/\/gliptoneeurope.com\/fr\/wp-json\/wp\/v2\/media?parent=11516"}],"wp:term":[{"taxonomy":"product_brand","embeddable":true,"href":"https:\/\/gliptoneeurope.com\/fr\/wp-json\/wp\/v2\/product_brand?post=11516"},{"taxonomy":"product_cat","embeddable":true,"href":"https:\/\/gliptoneeurope.com\/fr\/wp-json\/wp\/v2\/product_cat?post=11516"},{"taxonomy":"product_tag","embeddable":true,"href":"https:\/\/gliptoneeurope.com\/fr\/wp-json\/wp\/v2\/product_tag?post=11516"}],"curies":[{"name":"wp","href":"https:\/\/api.w.org\/{rel}","templated":true}]}}