{"id":11512,"date":"2021-05-11T14:08:01","date_gmt":"2021-11-30T11:33:45","guid":{"rendered":"https:\/\/gliptoneeurope.com\/product\/linge-de-toilette-en-microfibre-xl\/"},"modified":"2021-11-30T11:33:45","modified_gmt":"2021-11-30T11:33:45","slug":"microfibre-xl-washpad-2","status":"publish","type":"product","link":"https:\/\/gliptoneeurope.com\/fr\/produit\/microfibre-xl-washpad-2\/","title":{"rendered":"Linge de toilette en microfibre XL"},"content":{"rendered":"<p>Le Microfibre Washpad XL est l&#8217;outil de lavage parfait pour tous ceux qui lavent leur voiture et souhaitent obtenir une couverture maximale. Nous vous recommandons de l&#8217;utiliser avec notre shampooing au pH neutre <a href=\"https:\/\/gliptoneeurope.com\/product\/wash-n-glow\/\">Wash-n-Glow<\/a> pour un lavage int\u00e9gral efficace de votre voiture.<\/p>\n<p>Le Washpad a une \u00e9ponge int\u00e9gr\u00e9e qui absorbe une \u00e9norme quantit\u00e9 d&#8217;eau, ce qui signifie que vous pouvez nettoyer votre voiture plus longtemps. Le tas dense de microfibres reste efficacement l&#8217;accumulation de salet\u00e9 et de crasse de votre peinture et reste pi\u00e9g\u00e9 dans le gant de lavage.<\/p>\n<p>L&#8217;utilisation du tampon de lavage minimisera les rayures sur votre peinture et constitue donc une excellente alternative avec la m\u00eame sensation d&#8217;une \u00e9ponge sans endommager votre voiture.<\/p>\n<p>Le Microfibre Washpad XL est durable et recouvert du m\u00eame mat\u00e9riau que le <a href=\"https:\/\/gliptoneeurope.com\/product\/microfibre-wash-mitt\/\">Microfibre Wash Mitt<\/a> .<\/p>\n<p>Le Washpad a une \u00e9paisseur de 4 cm, passe au lave-linge et au s\u00e8che-linge et est livr\u00e9 dans un sac refermable pour un rangement facile.<\/p>\n","protected":false},"excerpt":{"rendered":"<p>Le Microfibre Washpad XL est l&#8217;outil de lavage parfait pour tous ceux qui lavent leur voiture et souhaitent obtenir une couverture maximale. Nous vous recommandons de l&#8217;utiliser avec notre shampooing au pH neutre Wash-n-Glow pour un lavage int\u00e9gral efficace de votre voiture. Le Washpad a une \u00e9ponge int\u00e9gr\u00e9e qui absorbe une \u00e9norme quantit\u00e9 d&#8217;eau, ce [&hellip;]<\/p>\n","protected":false},"featured_media":10856,"template":"","meta":[],"product_brand":[],"product_cat":[118,94],"product_tag":[],"class_list":{"0":"post-11512","1":"product","2":"type-product","3":"status-publish","4":"has-post-thumbnail","6":"product_cat-accessoires-fr","7":"product_cat-nouveaux-produits","9":"first","10":"instock","11":"taxable","12":"shipping-taxable","13":"purchasable","14":"product-type-simple"},"yoast_head":"<!-- This site is optimized with the Yoast SEO Premium plugin v21.4 (Yoast SEO v27.4) - https:\/\/yoast.com\/product\/yoast-seo-premium-wordpress\/ -->\n<title>Linge de toilette en microfibre XL - Gliptone Europe<\/title>\n<meta name=\"description\" content=\"Le Microfibre Washpad XL est l&#039;outil de lavage parfait pour tous ceux qui lavent leur voiture et souhaitent obtenir une couverture maximale.\" \/>\n<meta name=\"robots\" content=\"index, follow, max-snippet:-1, max-image-preview:large, max-video-preview:-1\" \/>\n<link rel=\"canonical\" href=\"https:\/\/gliptoneeurope.com\/fr\/produit\/microfibre-xl-washpad-2\/\" \/>\n<meta property=\"og:locale\" content=\"fr_FR\" \/>\n<meta property=\"og:type\" content=\"article\" \/>\n<meta property=\"og:title\" content=\"Linge de toilette en microfibre XL\" \/>\n<meta property=\"og:description\" content=\"Le Microfibre Washpad XL est l&#039;outil de lavage parfait pour tous ceux qui lavent leur voiture et souhaitent obtenir une couverture maximale. Nous vous\" \/>\n<meta property=\"og:url\" content=\"https:\/\/gliptoneeurope.com\/fr\/produit\/microfibre-xl-washpad-2\/\" \/>\n<meta property=\"og:site_name\" content=\"Gliptone Europe\" \/>\n<meta property=\"article:publisher\" content=\"https:\/\/www.facebook.com\/gliptoneeurope\/\" \/>\n<meta property=\"og:image\" content=\"https:\/\/gliptoneeurope.com\/wp-content\/uploads\/Softouch-Premium-Microfibre-Wash-Block-Blue.jpg\" \/>\n\t<meta property=\"og:image:width\" content=\"1414\" \/>\n\t<meta property=\"og:image:height\" content=\"1415\" \/>\n\t<meta property=\"og:image:type\" content=\"image\/jpeg\" \/>\n<meta name=\"twitter:card\" content=\"summary_large_image\" \/>\n<meta name=\"twitter:label1\" content=\"Dur\u00e9e de lecture estim\u00e9e\" \/>\n\t<meta name=\"twitter:data1\" content=\"1 minute\" \/>\n<script type=\"application\/ld+json\" class=\"yoast-schema-graph\">{\"@context\":\"https:\\\/\\\/schema.org\",\"@graph\":[{\"@type\":\"WebPage\",\"@id\":\"https:\\\/\\\/gliptoneeurope.com\\\/fr\\\/produit\\\/microfibre-xl-washpad-2\\\/\",\"url\":\"https:\\\/\\\/gliptoneeurope.com\\\/fr\\\/produit\\\/microfibre-xl-washpad-2\\\/\",\"name\":\"Linge de toilette en microfibre XL - Gliptone Europe\",\"isPartOf\":{\"@id\":\"https:\\\/\\\/gliptoneeurope.com\\\/#website\"},\"primaryImageOfPage\":{\"@id\":\"https:\\\/\\\/gliptoneeurope.com\\\/fr\\\/produit\\\/microfibre-xl-washpad-2\\\/#primaryimage\"},\"image\":{\"@id\":\"https:\\\/\\\/gliptoneeurope.com\\\/fr\\\/produit\\\/microfibre-xl-washpad-2\\\/#primaryimage\"},\"thumbnailUrl\":\"https:\\\/\\\/gliptoneeurope.com\\\/wp-content\\\/uploads\\\/Softouch-Premium-Microfibre-Wash-Block-Blue.jpg\",\"datePublished\":\"2021-11-30T11:33:45+00:00\",\"description\":\"Le Microfibre Washpad XL est l'outil de lavage parfait pour tous ceux qui lavent leur voiture et souhaitent obtenir une couverture maximale.\",\"breadcrumb\":{\"@id\":\"https:\\\/\\\/gliptoneeurope.com\\\/fr\\\/produit\\\/microfibre-xl-washpad-2\\\/#breadcrumb\"},\"inLanguage\":\"fr-FR\",\"potentialAction\":[{\"@type\":\"ReadAction\",\"target\":[\"https:\\\/\\\/gliptoneeurope.com\\\/fr\\\/produit\\\/microfibre-xl-washpad-2\\\/\"]}]},{\"@type\":\"ImageObject\",\"inLanguage\":\"fr-FR\",\"@id\":\"https:\\\/\\\/gliptoneeurope.com\\\/fr\\\/produit\\\/microfibre-xl-washpad-2\\\/#primaryimage\",\"url\":\"https:\\\/\\\/gliptoneeurope.com\\\/wp-content\\\/uploads\\\/Softouch-Premium-Microfibre-Wash-Block-Blue.jpg\",\"contentUrl\":\"https:\\\/\\\/gliptoneeurope.com\\\/wp-content\\\/uploads\\\/Softouch-Premium-Microfibre-Wash-Block-Blue.jpg\",\"width\":1414,\"height\":1415},{\"@type\":\"BreadcrumbList\",\"@id\":\"https:\\\/\\\/gliptoneeurope.com\\\/fr\\\/produit\\\/microfibre-xl-washpad-2\\\/#breadcrumb\",\"itemListElement\":[{\"@type\":\"ListItem\",\"position\":1,\"name\":\"Home\",\"item\":\"https:\\\/\\\/gliptoneeurope.com\\\/\"},{\"@type\":\"ListItem\",\"position\":2,\"name\":\"Boutique\",\"item\":\"https:\\\/\\\/gliptoneeurope.com\\\/fr\\\/boutique\\\/\"},{\"@type\":\"ListItem\",\"position\":3,\"name\":\"Linge de toilette en microfibre XL\"}]},{\"@type\":\"WebSite\",\"@id\":\"https:\\\/\\\/gliptoneeurope.com\\\/#website\",\"url\":\"https:\\\/\\\/gliptoneeurope.com\\\/\",\"name\":\"Gliptone Europe\",\"description\":\"Professional Car Detailing Products\",\"publisher\":{\"@id\":\"https:\\\/\\\/gliptoneeurope.com\\\/#organization\"},\"potentialAction\":[{\"@type\":\"SearchAction\",\"target\":{\"@type\":\"EntryPoint\",\"urlTemplate\":\"https:\\\/\\\/gliptoneeurope.com\\\/?s={search_term_string}\"},\"query-input\":{\"@type\":\"PropertyValueSpecification\",\"valueRequired\":true,\"valueName\":\"search_term_string\"}}],\"inLanguage\":\"fr-FR\"},{\"@type\":\"Organization\",\"@id\":\"https:\\\/\\\/gliptoneeurope.com\\\/#organization\",\"name\":\"Gliptone Europe\",\"url\":\"https:\\\/\\\/gliptoneeurope.com\\\/\",\"logo\":{\"@type\":\"ImageObject\",\"inLanguage\":\"fr-FR\",\"@id\":\"https:\\\/\\\/gliptoneeurope.com\\\/#\\\/schema\\\/logo\\\/image\\\/\",\"url\":\"https:\\\/\\\/gliptoneeurope.com\\\/wp-content\\\/uploads\\\/Gliptone_Logo.png\",\"contentUrl\":\"https:\\\/\\\/gliptoneeurope.com\\\/wp-content\\\/uploads\\\/Gliptone_Logo.png\",\"width\":1472,\"height\":607,\"caption\":\"Gliptone Europe\"},\"image\":{\"@id\":\"https:\\\/\\\/gliptoneeurope.com\\\/#\\\/schema\\\/logo\\\/image\\\/\"},\"sameAs\":[\"https:\\\/\\\/www.facebook.com\\\/gliptoneeurope\\\/\",\"https:\\\/\\\/www.instagram.com\\\/gliptoneeurope\\\/\",\"https:\\\/\\\/www.pinterest.co.uk\\\/GliptoneEurope\\\/\"]}]}<\/script>\n<!-- \/ Yoast SEO Premium plugin. -->","yoast_head_json":{"title":"Linge de toilette en microfibre XL - Gliptone Europe","description":"Le Microfibre Washpad XL est l'outil de lavage parfait pour tous ceux qui lavent leur voiture et souhaitent obtenir une couverture maximale.","robots":{"index":"index","follow":"follow","max-snippet":"max-snippet:-1","max-image-preview":"max-image-preview:large","max-video-preview":"max-video-preview:-1"},"canonical":"https:\/\/gliptoneeurope.com\/fr\/produit\/microfibre-xl-washpad-2\/","og_locale":"fr_FR","og_type":"article","og_title":"Linge de toilette en microfibre XL","og_description":"Le Microfibre Washpad XL est l'outil de lavage parfait pour tous ceux qui lavent leur voiture et souhaitent obtenir une couverture maximale. Nous vous","og_url":"https:\/\/gliptoneeurope.com\/fr\/produit\/microfibre-xl-washpad-2\/","og_site_name":"Gliptone Europe","article_publisher":"https:\/\/www.facebook.com\/gliptoneeurope\/","og_image":[{"width":1414,"height":1415,"url":"https:\/\/gliptoneeurope.com\/wp-content\/uploads\/Softouch-Premium-Microfibre-Wash-Block-Blue.jpg","type":"image\/jpeg"}],"twitter_card":"summary_large_image","twitter_misc":{"Dur\u00e9e de lecture estim\u00e9e":"1 minute"},"schema":{"@context":"https:\/\/schema.org","@graph":[{"@type":"WebPage","@id":"https:\/\/gliptoneeurope.com\/fr\/produit\/microfibre-xl-washpad-2\/","url":"https:\/\/gliptoneeurope.com\/fr\/produit\/microfibre-xl-washpad-2\/","name":"Linge de toilette en microfibre XL - Gliptone Europe","isPartOf":{"@id":"https:\/\/gliptoneeurope.com\/#website"},"primaryImageOfPage":{"@id":"https:\/\/gliptoneeurope.com\/fr\/produit\/microfibre-xl-washpad-2\/#primaryimage"},"image":{"@id":"https:\/\/gliptoneeurope.com\/fr\/produit\/microfibre-xl-washpad-2\/#primaryimage"},"thumbnailUrl":"https:\/\/gliptoneeurope.com\/wp-content\/uploads\/Softouch-Premium-Microfibre-Wash-Block-Blue.jpg","datePublished":"2021-11-30T11:33:45+00:00","description":"Le Microfibre Washpad XL est l'outil de lavage parfait pour tous ceux qui lavent leur voiture et souhaitent obtenir une couverture maximale.","breadcrumb":{"@id":"https:\/\/gliptoneeurope.com\/fr\/produit\/microfibre-xl-washpad-2\/#breadcrumb"},"inLanguage":"fr-FR","potentialAction":[{"@type":"ReadAction","target":["https:\/\/gliptoneeurope.com\/fr\/produit\/microfibre-xl-washpad-2\/"]}]},{"@type":"ImageObject","inLanguage":"fr-FR","@id":"https:\/\/gliptoneeurope.com\/fr\/produit\/microfibre-xl-washpad-2\/#primaryimage","url":"https:\/\/gliptoneeurope.com\/wp-content\/uploads\/Softouch-Premium-Microfibre-Wash-Block-Blue.jpg","contentUrl":"https:\/\/gliptoneeurope.com\/wp-content\/uploads\/Softouch-Premium-Microfibre-Wash-Block-Blue.jpg","width":1414,"height":1415},{"@type":"BreadcrumbList","@id":"https:\/\/gliptoneeurope.com\/fr\/produit\/microfibre-xl-washpad-2\/#breadcrumb","itemListElement":[{"@type":"ListItem","position":1,"name":"Home","item":"https:\/\/gliptoneeurope.com\/"},{"@type":"ListItem","position":2,"name":"Boutique","item":"https:\/\/gliptoneeurope.com\/fr\/boutique\/"},{"@type":"ListItem","position":3,"name":"Linge de toilette en microfibre XL"}]},{"@type":"WebSite","@id":"https:\/\/gliptoneeurope.com\/#website","url":"https:\/\/gliptoneeurope.com\/","name":"Gliptone Europe","description":"Professional Car Detailing Products","publisher":{"@id":"https:\/\/gliptoneeurope.com\/#organization"},"potentialAction":[{"@type":"SearchAction","target":{"@type":"EntryPoint","urlTemplate":"https:\/\/gliptoneeurope.com\/?s={search_term_string}"},"query-input":{"@type":"PropertyValueSpecification","valueRequired":true,"valueName":"search_term_string"}}],"inLanguage":"fr-FR"},{"@type":"Organization","@id":"https:\/\/gliptoneeurope.com\/#organization","name":"Gliptone Europe","url":"https:\/\/gliptoneeurope.com\/","logo":{"@type":"ImageObject","inLanguage":"fr-FR","@id":"https:\/\/gliptoneeurope.com\/#\/schema\/logo\/image\/","url":"https:\/\/gliptoneeurope.com\/wp-content\/uploads\/Gliptone_Logo.png","contentUrl":"https:\/\/gliptoneeurope.com\/wp-content\/uploads\/Gliptone_Logo.png","width":1472,"height":607,"caption":"Gliptone Europe"},"image":{"@id":"https:\/\/gliptoneeurope.com\/#\/schema\/logo\/image\/"},"sameAs":["https:\/\/www.facebook.com\/gliptoneeurope\/","https:\/\/www.instagram.com\/gliptoneeurope\/","https:\/\/www.pinterest.co.uk\/GliptoneEurope\/"]}]}},"wcpa_form_fields":null,"_links":{"self":[{"href":"https:\/\/gliptoneeurope.com\/fr\/wp-json\/wp\/v2\/product\/11512","targetHints":{"allow":["GET"]}}],"collection":[{"href":"https:\/\/gliptoneeurope.com\/fr\/wp-json\/wp\/v2\/product"}],"about":[{"href":"https:\/\/gliptoneeurope.com\/fr\/wp-json\/wp\/v2\/types\/product"}],"wp:featuredmedia":[{"embeddable":true,"href":"https:\/\/gliptoneeurope.com\/fr\/wp-json\/wp\/v2\/media\/10856"}],"wp:attachment":[{"href":"https:\/\/gliptoneeurope.com\/fr\/wp-json\/wp\/v2\/media?parent=11512"}],"wp:term":[{"taxonomy":"product_brand","embeddable":true,"href":"https:\/\/gliptoneeurope.com\/fr\/wp-json\/wp\/v2\/product_brand?post=11512"},{"taxonomy":"product_cat","embeddable":true,"href":"https:\/\/gliptoneeurope.com\/fr\/wp-json\/wp\/v2\/product_cat?post=11512"},{"taxonomy":"product_tag","embeddable":true,"href":"https:\/\/gliptoneeurope.com\/fr\/wp-json\/wp\/v2\/product_tag?post=11512"}],"curies":[{"name":"wp","href":"https:\/\/api.w.org\/{rel}","templated":true}]}}