{"id":11509,"date":"2021-05-11T14:08:02","date_gmt":"2021-11-30T11:33:43","guid":{"rendered":"https:\/\/gliptoneeurope.com\/product\/trousse-de-serviettes-et-chiffons-de-finition\/"},"modified":"2021-11-30T11:33:43","modified_gmt":"2021-11-30T11:33:43","slug":"detailing-serviettes-chiffons-kit","status":"publish","type":"product","link":"https:\/\/gliptoneeurope.com\/fr\/produit\/detailing-serviettes-chiffons-kit\/","title":{"rendered":"Trousse de serviettes et chiffons de finition"},"content":{"rendered":"<p>Toutes les serviettes et chiffons dont vous avez besoin pour nettoyer et nettoyer votre voiture se trouvent d\u00e9sormais dans notre kit de serviettes et chiffons de nettoyage.<\/p>\n<p>Le kit contient :<\/p>\n<p><a href=\"https:\/\/gliptoneeurope.com\/product\/1000-gsm-twisted-loop-drying-towel\/\">Serviette de s\u00e9chage \u00e0 boucle torsad\u00e9e 1000 g\/m\u00b2<\/a> &#8211; super \u00e9paisse \u00e0 1 000 g\/m\u00b2, ce qui rend l&#8217;\u00e9limination de l&#8217;eau incroyablement facile en raison de l&#8217;incroyable capacit\u00e9 d&#8217;absorption de l&#8217;eau, ce qui signifie qu&#8217;il n&#8217;y a pas de meilleur moyen de s\u00e9cher votre voiture.<\/p>\n<p><a href=\"https:\/\/gliptoneeurope.com\/product\/drying-cleaning-waffle-microfiber-towel\/\">Serviette en microfibre gaufr\u00e9e de s\u00e9chage\/nettoyage Softouch<\/a> &#8211; pr\u00e9sente une finition \u00ab&nbsp;tissage gaufr\u00e9 robuste&nbsp;\u00bb qui est excellente pour le nettoyage et l&#8217;absorption, et elle est pratiquement indestructible.<\/p>\n<p><a href=\"https:\/\/gliptoneeurope.com\/product\/polishing-buffing-550gsm-edgeless-plush-microfibre\/\">Serviette en microfibre pelucheuse sans bords 550 g\/m\u00b2 de polissage \/ polissage<\/a> &#8211; les serviettes parfaites pour tout polissage, polissage, \u00e9limination de cire et de mastic, s\u00e9chage de petites zones ainsi que de nombreuses autres applications.<\/p>\n<p><a href=\"https:\/\/gliptoneeurope.com\/product\/this-is-a-high-quality-warp-knitted-microfibre-cloth-with-a-high-30-polyamide-content-very-popular-cloth-with-all-trades-and-applications-vary-infinitely-safe-to-use-on-all-surfaces-and-wit\/\">Serviettes de nettoyage en microfibre polyvalentes<\/a> &#8211; Il s&#8217;agit d&#8217;un chiffon en microfibre tricot\u00e9 en cha\u00eene de haute qualit\u00e9 avec une teneur \u00e9lev\u00e9e (30 %) en polyamide. Tissu tr\u00e8s appr\u00e9ci\u00e9 aupr\u00e8s de tous les m\u00e9tiers et les applications varient \u00e0 l&#8217;infini.<\/p>\n","protected":false},"excerpt":{"rendered":"<p>Toutes les serviettes et chiffons dont vous avez besoin pour nettoyer et nettoyer votre voiture se trouvent d\u00e9sormais dans notre kit de serviettes et chiffons de nettoyage. Le kit contient : Serviette de s\u00e9chage \u00e0 boucle torsad\u00e9e 1000 g\/m\u00b2 &#8211; super \u00e9paisse \u00e0 1 000 g\/m\u00b2, ce qui rend l&#8217;\u00e9limination de l&#8217;eau incroyablement facile en [&hellip;]<\/p>\n","protected":false},"featured_media":10838,"template":"","meta":[],"product_brand":[],"product_cat":[118,94,97],"product_tag":[],"class_list":{"0":"post-11509","1":"product","2":"type-product","3":"status-publish","4":"has-post-thumbnail","6":"product_cat-accessoires-fr","7":"product_cat-nouveaux-produits","8":"product_cat-trousses","10":"first","11":"instock","12":"taxable","13":"shipping-taxable","14":"purchasable","15":"product-type-simple"},"yoast_head":"<!-- This site is optimized with the Yoast SEO Premium plugin v21.4 (Yoast SEO v27.5) - https:\/\/yoast.com\/product\/yoast-seo-premium-wordpress\/ -->\n<title>Trousse de serviettes et chiffons de finition - Gliptone Europe<\/title>\n<meta name=\"description\" content=\"Toutes les serviettes et chiffons dont vous avez besoin pour nettoyer et nettoyer votre voiture se trouvent d\u00e9sormais dans notre kit de serviettes et chiffons de nettoyage.\" \/>\n<meta name=\"robots\" content=\"index, follow, max-snippet:-1, max-image-preview:large, max-video-preview:-1\" \/>\n<link rel=\"canonical\" href=\"https:\/\/gliptoneeurope.com\/fr\/produit\/detailing-serviettes-chiffons-kit\/\" \/>\n<meta property=\"og:locale\" content=\"fr_FR\" \/>\n<meta property=\"og:type\" content=\"article\" \/>\n<meta property=\"og:title\" content=\"Trousse de serviettes et chiffons de finition\" \/>\n<meta property=\"og:description\" content=\"Toutes les serviettes et chiffons dont vous avez besoin pour nettoyer et nettoyer votre voiture se trouvent d\u00e9sormais dans notre kit de serviettes et\" \/>\n<meta property=\"og:url\" content=\"https:\/\/gliptoneeurope.com\/fr\/produit\/detailing-serviettes-chiffons-kit\/\" \/>\n<meta property=\"og:site_name\" content=\"Gliptone Europe\" \/>\n<meta property=\"article:publisher\" content=\"https:\/\/www.facebook.com\/gliptoneeurope\/\" \/>\n<meta property=\"og:image\" content=\"https:\/\/gliptoneeurope.com\/wp-content\/uploads\/Towel-Kit.jpg\" \/>\n\t<meta property=\"og:image:width\" content=\"1801\" \/>\n\t<meta property=\"og:image:height\" content=\"1801\" \/>\n\t<meta property=\"og:image:type\" content=\"image\/jpeg\" \/>\n<meta name=\"twitter:card\" content=\"summary_large_image\" \/>\n<meta name=\"twitter:label1\" content=\"Dur\u00e9e de lecture estim\u00e9e\" \/>\n\t<meta name=\"twitter:data1\" content=\"1 minute\" \/>\n<script type=\"application\/ld+json\" class=\"yoast-schema-graph\">{\"@context\":\"https:\\\/\\\/schema.org\",\"@graph\":[{\"@type\":\"WebPage\",\"@id\":\"https:\\\/\\\/gliptoneeurope.com\\\/fr\\\/produit\\\/detailing-serviettes-chiffons-kit\\\/\",\"url\":\"https:\\\/\\\/gliptoneeurope.com\\\/fr\\\/produit\\\/detailing-serviettes-chiffons-kit\\\/\",\"name\":\"Trousse de serviettes et chiffons de finition - Gliptone Europe\",\"isPartOf\":{\"@id\":\"https:\\\/\\\/gliptoneeurope.com\\\/#website\"},\"primaryImageOfPage\":{\"@id\":\"https:\\\/\\\/gliptoneeurope.com\\\/fr\\\/produit\\\/detailing-serviettes-chiffons-kit\\\/#primaryimage\"},\"image\":{\"@id\":\"https:\\\/\\\/gliptoneeurope.com\\\/fr\\\/produit\\\/detailing-serviettes-chiffons-kit\\\/#primaryimage\"},\"thumbnailUrl\":\"https:\\\/\\\/gliptoneeurope.com\\\/wp-content\\\/uploads\\\/Towel-Kit.jpg\",\"datePublished\":\"2021-11-30T11:33:43+00:00\",\"description\":\"Toutes les serviettes et chiffons dont vous avez besoin pour nettoyer et nettoyer votre voiture se trouvent d\u00e9sormais dans notre kit de serviettes et chiffons de nettoyage.\",\"breadcrumb\":{\"@id\":\"https:\\\/\\\/gliptoneeurope.com\\\/fr\\\/produit\\\/detailing-serviettes-chiffons-kit\\\/#breadcrumb\"},\"inLanguage\":\"fr-FR\",\"potentialAction\":[{\"@type\":\"ReadAction\",\"target\":[\"https:\\\/\\\/gliptoneeurope.com\\\/fr\\\/produit\\\/detailing-serviettes-chiffons-kit\\\/\"]}]},{\"@type\":\"ImageObject\",\"inLanguage\":\"fr-FR\",\"@id\":\"https:\\\/\\\/gliptoneeurope.com\\\/fr\\\/produit\\\/detailing-serviettes-chiffons-kit\\\/#primaryimage\",\"url\":\"https:\\\/\\\/gliptoneeurope.com\\\/wp-content\\\/uploads\\\/Towel-Kit.jpg\",\"contentUrl\":\"https:\\\/\\\/gliptoneeurope.com\\\/wp-content\\\/uploads\\\/Towel-Kit.jpg\",\"width\":1801,\"height\":1801},{\"@type\":\"BreadcrumbList\",\"@id\":\"https:\\\/\\\/gliptoneeurope.com\\\/fr\\\/produit\\\/detailing-serviettes-chiffons-kit\\\/#breadcrumb\",\"itemListElement\":[{\"@type\":\"ListItem\",\"position\":1,\"name\":\"Home\",\"item\":\"https:\\\/\\\/gliptoneeurope.com\\\/\"},{\"@type\":\"ListItem\",\"position\":2,\"name\":\"Boutique\",\"item\":\"https:\\\/\\\/gliptoneeurope.com\\\/fr\\\/boutique\\\/\"},{\"@type\":\"ListItem\",\"position\":3,\"name\":\"Trousse de serviettes et chiffons de finition\"}]},{\"@type\":\"WebSite\",\"@id\":\"https:\\\/\\\/gliptoneeurope.com\\\/#website\",\"url\":\"https:\\\/\\\/gliptoneeurope.com\\\/\",\"name\":\"Gliptone Europe\",\"description\":\"Professional Car Detailing Products\",\"publisher\":{\"@id\":\"https:\\\/\\\/gliptoneeurope.com\\\/#organization\"},\"potentialAction\":[{\"@type\":\"SearchAction\",\"target\":{\"@type\":\"EntryPoint\",\"urlTemplate\":\"https:\\\/\\\/gliptoneeurope.com\\\/?s={search_term_string}\"},\"query-input\":{\"@type\":\"PropertyValueSpecification\",\"valueRequired\":true,\"valueName\":\"search_term_string\"}}],\"inLanguage\":\"fr-FR\"},{\"@type\":\"Organization\",\"@id\":\"https:\\\/\\\/gliptoneeurope.com\\\/#organization\",\"name\":\"Gliptone Europe\",\"url\":\"https:\\\/\\\/gliptoneeurope.com\\\/\",\"logo\":{\"@type\":\"ImageObject\",\"inLanguage\":\"fr-FR\",\"@id\":\"https:\\\/\\\/gliptoneeurope.com\\\/#\\\/schema\\\/logo\\\/image\\\/\",\"url\":\"https:\\\/\\\/gliptoneeurope.com\\\/wp-content\\\/uploads\\\/Gliptone_Logo.png\",\"contentUrl\":\"https:\\\/\\\/gliptoneeurope.com\\\/wp-content\\\/uploads\\\/Gliptone_Logo.png\",\"width\":1472,\"height\":607,\"caption\":\"Gliptone Europe\"},\"image\":{\"@id\":\"https:\\\/\\\/gliptoneeurope.com\\\/#\\\/schema\\\/logo\\\/image\\\/\"},\"sameAs\":[\"https:\\\/\\\/www.facebook.com\\\/gliptoneeurope\\\/\",\"https:\\\/\\\/www.instagram.com\\\/gliptoneeurope\\\/\",\"https:\\\/\\\/www.pinterest.co.uk\\\/GliptoneEurope\\\/\"]}]}<\/script>\n<!-- \/ Yoast SEO Premium plugin. -->","yoast_head_json":{"title":"Trousse de serviettes et chiffons de finition - Gliptone Europe","description":"Toutes les serviettes et chiffons dont vous avez besoin pour nettoyer et nettoyer votre voiture se trouvent d\u00e9sormais dans notre kit de serviettes et chiffons de nettoyage.","robots":{"index":"index","follow":"follow","max-snippet":"max-snippet:-1","max-image-preview":"max-image-preview:large","max-video-preview":"max-video-preview:-1"},"canonical":"https:\/\/gliptoneeurope.com\/fr\/produit\/detailing-serviettes-chiffons-kit\/","og_locale":"fr_FR","og_type":"article","og_title":"Trousse de serviettes et chiffons de finition","og_description":"Toutes les serviettes et chiffons dont vous avez besoin pour nettoyer et nettoyer votre voiture se trouvent d\u00e9sormais dans notre kit de serviettes et","og_url":"https:\/\/gliptoneeurope.com\/fr\/produit\/detailing-serviettes-chiffons-kit\/","og_site_name":"Gliptone Europe","article_publisher":"https:\/\/www.facebook.com\/gliptoneeurope\/","og_image":[{"width":1801,"height":1801,"url":"https:\/\/gliptoneeurope.com\/wp-content\/uploads\/Towel-Kit.jpg","type":"image\/jpeg"}],"twitter_card":"summary_large_image","twitter_misc":{"Dur\u00e9e de lecture estim\u00e9e":"1 minute"},"schema":{"@context":"https:\/\/schema.org","@graph":[{"@type":"WebPage","@id":"https:\/\/gliptoneeurope.com\/fr\/produit\/detailing-serviettes-chiffons-kit\/","url":"https:\/\/gliptoneeurope.com\/fr\/produit\/detailing-serviettes-chiffons-kit\/","name":"Trousse de serviettes et chiffons de finition - Gliptone Europe","isPartOf":{"@id":"https:\/\/gliptoneeurope.com\/#website"},"primaryImageOfPage":{"@id":"https:\/\/gliptoneeurope.com\/fr\/produit\/detailing-serviettes-chiffons-kit\/#primaryimage"},"image":{"@id":"https:\/\/gliptoneeurope.com\/fr\/produit\/detailing-serviettes-chiffons-kit\/#primaryimage"},"thumbnailUrl":"https:\/\/gliptoneeurope.com\/wp-content\/uploads\/Towel-Kit.jpg","datePublished":"2021-11-30T11:33:43+00:00","description":"Toutes les serviettes et chiffons dont vous avez besoin pour nettoyer et nettoyer votre voiture se trouvent d\u00e9sormais dans notre kit de serviettes et chiffons de nettoyage.","breadcrumb":{"@id":"https:\/\/gliptoneeurope.com\/fr\/produit\/detailing-serviettes-chiffons-kit\/#breadcrumb"},"inLanguage":"fr-FR","potentialAction":[{"@type":"ReadAction","target":["https:\/\/gliptoneeurope.com\/fr\/produit\/detailing-serviettes-chiffons-kit\/"]}]},{"@type":"ImageObject","inLanguage":"fr-FR","@id":"https:\/\/gliptoneeurope.com\/fr\/produit\/detailing-serviettes-chiffons-kit\/#primaryimage","url":"https:\/\/gliptoneeurope.com\/wp-content\/uploads\/Towel-Kit.jpg","contentUrl":"https:\/\/gliptoneeurope.com\/wp-content\/uploads\/Towel-Kit.jpg","width":1801,"height":1801},{"@type":"BreadcrumbList","@id":"https:\/\/gliptoneeurope.com\/fr\/produit\/detailing-serviettes-chiffons-kit\/#breadcrumb","itemListElement":[{"@type":"ListItem","position":1,"name":"Home","item":"https:\/\/gliptoneeurope.com\/"},{"@type":"ListItem","position":2,"name":"Boutique","item":"https:\/\/gliptoneeurope.com\/fr\/boutique\/"},{"@type":"ListItem","position":3,"name":"Trousse de serviettes et chiffons de finition"}]},{"@type":"WebSite","@id":"https:\/\/gliptoneeurope.com\/#website","url":"https:\/\/gliptoneeurope.com\/","name":"Gliptone Europe","description":"Professional Car Detailing Products","publisher":{"@id":"https:\/\/gliptoneeurope.com\/#organization"},"potentialAction":[{"@type":"SearchAction","target":{"@type":"EntryPoint","urlTemplate":"https:\/\/gliptoneeurope.com\/?s={search_term_string}"},"query-input":{"@type":"PropertyValueSpecification","valueRequired":true,"valueName":"search_term_string"}}],"inLanguage":"fr-FR"},{"@type":"Organization","@id":"https:\/\/gliptoneeurope.com\/#organization","name":"Gliptone Europe","url":"https:\/\/gliptoneeurope.com\/","logo":{"@type":"ImageObject","inLanguage":"fr-FR","@id":"https:\/\/gliptoneeurope.com\/#\/schema\/logo\/image\/","url":"https:\/\/gliptoneeurope.com\/wp-content\/uploads\/Gliptone_Logo.png","contentUrl":"https:\/\/gliptoneeurope.com\/wp-content\/uploads\/Gliptone_Logo.png","width":1472,"height":607,"caption":"Gliptone Europe"},"image":{"@id":"https:\/\/gliptoneeurope.com\/#\/schema\/logo\/image\/"},"sameAs":["https:\/\/www.facebook.com\/gliptoneeurope\/","https:\/\/www.instagram.com\/gliptoneeurope\/","https:\/\/www.pinterest.co.uk\/GliptoneEurope\/"]}]}},"wcpa_form_fields":null,"_links":{"self":[{"href":"https:\/\/gliptoneeurope.com\/fr\/wp-json\/wp\/v2\/product\/11509","targetHints":{"allow":["GET"]}}],"collection":[{"href":"https:\/\/gliptoneeurope.com\/fr\/wp-json\/wp\/v2\/product"}],"about":[{"href":"https:\/\/gliptoneeurope.com\/fr\/wp-json\/wp\/v2\/types\/product"}],"wp:featuredmedia":[{"embeddable":true,"href":"https:\/\/gliptoneeurope.com\/fr\/wp-json\/wp\/v2\/media\/10838"}],"wp:attachment":[{"href":"https:\/\/gliptoneeurope.com\/fr\/wp-json\/wp\/v2\/media?parent=11509"}],"wp:term":[{"taxonomy":"product_brand","embeddable":true,"href":"https:\/\/gliptoneeurope.com\/fr\/wp-json\/wp\/v2\/product_brand?post=11509"},{"taxonomy":"product_cat","embeddable":true,"href":"https:\/\/gliptoneeurope.com\/fr\/wp-json\/wp\/v2\/product_cat?post=11509"},{"taxonomy":"product_tag","embeddable":true,"href":"https:\/\/gliptoneeurope.com\/fr\/wp-json\/wp\/v2\/product_tag?post=11509"}],"curies":[{"name":"wp","href":"https:\/\/api.w.org\/{rel}","templated":true}]}}