{"id":11507,"date":"2021-05-11T14:08:01","date_gmt":"2021-05-11T14:08:01","guid":{"rendered":"https:\/\/gliptoneeurope.com\/product\/kit-dentretien-du-cuir-de-voiture\/"},"modified":"2021-11-30T11:33:42","modified_gmt":"2021-11-30T11:33:42","slug":"kit-entretien-cuir-auto","status":"publish","type":"product","link":"https:\/\/gliptoneeurope.com\/fr\/produit\/kit-entretien-cuir-auto\/","title":{"rendered":"Kit d&#8217;entretien du cuir de voiture"},"content":{"rendered":"<p>Notre kit d&#8217;entretien du cuir de voiture contient tous les produits de finition pour nettoyer, prot\u00e9ger et entretenir l&#8217;int\u00e9rieur en cuir de votre voiture.<\/p>\n<p>Le kit contient notre <a href=\"https:\/\/gliptoneeurope.com\/product\/gentle-leather-cleaner\/\">Nettoyant Doux<\/a> qui nettoiera tous les cuirs scell\u00e9s et \u00e0 grain l\u00e9g\u00e8rement souill\u00e9s, notre Nettoyant <a href=\"https:\/\/gliptoneeurope.com\/product\/intensive-cleaner\/\">Intensif<\/a> pour nettoyer le cuir extr\u00eamement sale avant le conditionnement.<\/p>\n<p>L&#8217;int\u00e9rieur de votre voiture est alors pr\u00eat \u00e0 \u00eatre conditionn\u00e9 \u00e0 l&#8217;aide de notre Apr\u00e8s- <a href=\"https:\/\/gliptoneeurope.com\/product\/leather-conditioner\/\">shampooing pour cuir<\/a> pour recourir \u00e0 la douceur du cuir et lui redonner l&#8217;odeur du cuir \u00e0 l&#8217;ancienne.<\/p>\n","protected":false},"excerpt":{"rendered":"<p>Notre kit d&#8217;entretien du cuir de voiture contient tous les produits de finition pour nettoyer, prot\u00e9ger et entretenir l&#8217;int\u00e9rieur en cuir de votre voiture. Le kit contient notre Nettoyant Doux qui nettoiera tous les cuirs scell\u00e9s et \u00e0 grain l\u00e9g\u00e8rement souill\u00e9s, notre Nettoyant Intensif pour nettoyer le cuir extr\u00eamement sale avant le conditionnement. L&#8217;int\u00e9rieur de [&hellip;]<\/p>\n","protected":false},"featured_media":39537,"template":"","meta":[],"product_brand":[],"product_cat":[114,124,94,97],"product_tag":[],"class_list":{"0":"post-11507","1":"product","2":"type-product","3":"status-publish","4":"has-post-thumbnail","6":"product_cat-cuir","7":"product_cat-interieur","8":"product_cat-nouveaux-produits","9":"product_cat-trousses","11":"first","12":"instock","13":"taxable","14":"shipping-taxable","15":"purchasable","16":"product-type-simple"},"yoast_head":"<!-- This site is optimized with the Yoast SEO Premium plugin v21.4 (Yoast SEO v27.4) - https:\/\/yoast.com\/product\/yoast-seo-premium-wordpress\/ -->\n<title>Kit d&#039;entretien du cuir de voiture - Gliptone Europe<\/title>\n<meta name=\"description\" content=\"Notre kit d&#039;entretien du cuir de voiture contient tous les produits de finition pour nettoyer, prot\u00e9ger et entretenir l&#039;int\u00e9rieur en cuir de votre voiture.\" \/>\n<meta name=\"robots\" content=\"index, follow, max-snippet:-1, max-image-preview:large, max-video-preview:-1\" \/>\n<link rel=\"canonical\" href=\"https:\/\/gliptoneeurope.com\/fr\/produit\/kit-entretien-cuir-auto\/\" \/>\n<meta property=\"og:locale\" content=\"fr_FR\" \/>\n<meta property=\"og:type\" content=\"article\" \/>\n<meta property=\"og:title\" content=\"Kit d&#039;entretien du cuir de voiture\" \/>\n<meta property=\"og:description\" content=\"Notre kit d&#039;entretien du cuir de voiture contient tous les produits de finition pour nettoyer, prot\u00e9ger et entretenir l&#039;int\u00e9rieur en cuir de votre\" \/>\n<meta property=\"og:url\" content=\"https:\/\/gliptoneeurope.com\/fr\/produit\/kit-entretien-cuir-auto\/\" \/>\n<meta property=\"og:site_name\" content=\"Gliptone Europe\" \/>\n<meta property=\"article:publisher\" content=\"https:\/\/www.facebook.com\/gliptoneeurope\/\" \/>\n<meta property=\"article:modified_time\" content=\"2021-11-30T11:33:42+00:00\" \/>\n<meta property=\"og:image\" content=\"https:\/\/gliptoneeurope.com\/wp-content\/uploads\/Leather-Care-Kit.jpg\" \/>\n\t<meta property=\"og:image:width\" content=\"1403\" \/>\n\t<meta property=\"og:image:height\" content=\"1403\" \/>\n\t<meta property=\"og:image:type\" content=\"image\/jpeg\" \/>\n<meta name=\"twitter:card\" content=\"summary_large_image\" \/>\n<script type=\"application\/ld+json\" class=\"yoast-schema-graph\">{\"@context\":\"https:\\\/\\\/schema.org\",\"@graph\":[{\"@type\":\"WebPage\",\"@id\":\"https:\\\/\\\/gliptoneeurope.com\\\/fr\\\/produit\\\/kit-entretien-cuir-auto\\\/\",\"url\":\"https:\\\/\\\/gliptoneeurope.com\\\/fr\\\/produit\\\/kit-entretien-cuir-auto\\\/\",\"name\":\"Kit d'entretien du cuir de voiture - Gliptone Europe\",\"isPartOf\":{\"@id\":\"https:\\\/\\\/gliptoneeurope.com\\\/#website\"},\"primaryImageOfPage\":{\"@id\":\"https:\\\/\\\/gliptoneeurope.com\\\/fr\\\/produit\\\/kit-entretien-cuir-auto\\\/#primaryimage\"},\"image\":{\"@id\":\"https:\\\/\\\/gliptoneeurope.com\\\/fr\\\/produit\\\/kit-entretien-cuir-auto\\\/#primaryimage\"},\"thumbnailUrl\":\"https:\\\/\\\/gliptoneeurope.com\\\/wp-content\\\/uploads\\\/gt-leather-care-kit-scaled.jpg\",\"datePublished\":\"2021-05-11T14:08:01+00:00\",\"dateModified\":\"2021-11-30T11:33:42+00:00\",\"description\":\"Notre kit d'entretien du cuir de voiture contient tous les produits de finition pour nettoyer, prot\u00e9ger et entretenir l'int\u00e9rieur en cuir de votre voiture.\",\"breadcrumb\":{\"@id\":\"https:\\\/\\\/gliptoneeurope.com\\\/fr\\\/produit\\\/kit-entretien-cuir-auto\\\/#breadcrumb\"},\"inLanguage\":\"fr-FR\",\"potentialAction\":[{\"@type\":\"ReadAction\",\"target\":[\"https:\\\/\\\/gliptoneeurope.com\\\/fr\\\/produit\\\/kit-entretien-cuir-auto\\\/\"]}]},{\"@type\":\"ImageObject\",\"inLanguage\":\"fr-FR\",\"@id\":\"https:\\\/\\\/gliptoneeurope.com\\\/fr\\\/produit\\\/kit-entretien-cuir-auto\\\/#primaryimage\",\"url\":\"https:\\\/\\\/gliptoneeurope.com\\\/wp-content\\\/uploads\\\/gt-leather-care-kit-scaled.jpg\",\"contentUrl\":\"https:\\\/\\\/gliptoneeurope.com\\\/wp-content\\\/uploads\\\/gt-leather-care-kit-scaled.jpg\",\"width\":1920,\"height\":2560},{\"@type\":\"BreadcrumbList\",\"@id\":\"https:\\\/\\\/gliptoneeurope.com\\\/fr\\\/produit\\\/kit-entretien-cuir-auto\\\/#breadcrumb\",\"itemListElement\":[{\"@type\":\"ListItem\",\"position\":1,\"name\":\"Home\",\"item\":\"https:\\\/\\\/gliptoneeurope.com\\\/\"},{\"@type\":\"ListItem\",\"position\":2,\"name\":\"Boutique\",\"item\":\"https:\\\/\\\/gliptoneeurope.com\\\/fr\\\/boutique\\\/\"},{\"@type\":\"ListItem\",\"position\":3,\"name\":\"Kit d&#8217;entretien du cuir de voiture\"}]},{\"@type\":\"WebSite\",\"@id\":\"https:\\\/\\\/gliptoneeurope.com\\\/#website\",\"url\":\"https:\\\/\\\/gliptoneeurope.com\\\/\",\"name\":\"Gliptone Europe\",\"description\":\"Professional Car Detailing Products\",\"publisher\":{\"@id\":\"https:\\\/\\\/gliptoneeurope.com\\\/#organization\"},\"potentialAction\":[{\"@type\":\"SearchAction\",\"target\":{\"@type\":\"EntryPoint\",\"urlTemplate\":\"https:\\\/\\\/gliptoneeurope.com\\\/?s={search_term_string}\"},\"query-input\":{\"@type\":\"PropertyValueSpecification\",\"valueRequired\":true,\"valueName\":\"search_term_string\"}}],\"inLanguage\":\"fr-FR\"},{\"@type\":\"Organization\",\"@id\":\"https:\\\/\\\/gliptoneeurope.com\\\/#organization\",\"name\":\"Gliptone Europe\",\"url\":\"https:\\\/\\\/gliptoneeurope.com\\\/\",\"logo\":{\"@type\":\"ImageObject\",\"inLanguage\":\"fr-FR\",\"@id\":\"https:\\\/\\\/gliptoneeurope.com\\\/#\\\/schema\\\/logo\\\/image\\\/\",\"url\":\"https:\\\/\\\/gliptoneeurope.com\\\/wp-content\\\/uploads\\\/Gliptone_Logo.png\",\"contentUrl\":\"https:\\\/\\\/gliptoneeurope.com\\\/wp-content\\\/uploads\\\/Gliptone_Logo.png\",\"width\":1472,\"height\":607,\"caption\":\"Gliptone Europe\"},\"image\":{\"@id\":\"https:\\\/\\\/gliptoneeurope.com\\\/#\\\/schema\\\/logo\\\/image\\\/\"},\"sameAs\":[\"https:\\\/\\\/www.facebook.com\\\/gliptoneeurope\\\/\",\"https:\\\/\\\/www.instagram.com\\\/gliptoneeurope\\\/\",\"https:\\\/\\\/www.pinterest.co.uk\\\/GliptoneEurope\\\/\"]}]}<\/script>\n<!-- \/ Yoast SEO Premium plugin. -->","yoast_head_json":{"title":"Kit d'entretien du cuir de voiture - Gliptone Europe","description":"Notre kit d'entretien du cuir de voiture contient tous les produits de finition pour nettoyer, prot\u00e9ger et entretenir l'int\u00e9rieur en cuir de votre voiture.","robots":{"index":"index","follow":"follow","max-snippet":"max-snippet:-1","max-image-preview":"max-image-preview:large","max-video-preview":"max-video-preview:-1"},"canonical":"https:\/\/gliptoneeurope.com\/fr\/produit\/kit-entretien-cuir-auto\/","og_locale":"fr_FR","og_type":"article","og_title":"Kit d'entretien du cuir de voiture","og_description":"Notre kit d'entretien du cuir de voiture contient tous les produits de finition pour nettoyer, prot\u00e9ger et entretenir l'int\u00e9rieur en cuir de votre","og_url":"https:\/\/gliptoneeurope.com\/fr\/produit\/kit-entretien-cuir-auto\/","og_site_name":"Gliptone Europe","article_publisher":"https:\/\/www.facebook.com\/gliptoneeurope\/","article_modified_time":"2021-11-30T11:33:42+00:00","og_image":[{"width":1403,"height":1403,"url":"https:\/\/gliptoneeurope.com\/wp-content\/uploads\/Leather-Care-Kit.jpg","type":"image\/jpeg"}],"twitter_card":"summary_large_image","schema":{"@context":"https:\/\/schema.org","@graph":[{"@type":"WebPage","@id":"https:\/\/gliptoneeurope.com\/fr\/produit\/kit-entretien-cuir-auto\/","url":"https:\/\/gliptoneeurope.com\/fr\/produit\/kit-entretien-cuir-auto\/","name":"Kit d'entretien du cuir de voiture - Gliptone Europe","isPartOf":{"@id":"https:\/\/gliptoneeurope.com\/#website"},"primaryImageOfPage":{"@id":"https:\/\/gliptoneeurope.com\/fr\/produit\/kit-entretien-cuir-auto\/#primaryimage"},"image":{"@id":"https:\/\/gliptoneeurope.com\/fr\/produit\/kit-entretien-cuir-auto\/#primaryimage"},"thumbnailUrl":"https:\/\/gliptoneeurope.com\/wp-content\/uploads\/gt-leather-care-kit-scaled.jpg","datePublished":"2021-05-11T14:08:01+00:00","dateModified":"2021-11-30T11:33:42+00:00","description":"Notre kit d'entretien du cuir de voiture contient tous les produits de finition pour nettoyer, prot\u00e9ger et entretenir l'int\u00e9rieur en cuir de votre voiture.","breadcrumb":{"@id":"https:\/\/gliptoneeurope.com\/fr\/produit\/kit-entretien-cuir-auto\/#breadcrumb"},"inLanguage":"fr-FR","potentialAction":[{"@type":"ReadAction","target":["https:\/\/gliptoneeurope.com\/fr\/produit\/kit-entretien-cuir-auto\/"]}]},{"@type":"ImageObject","inLanguage":"fr-FR","@id":"https:\/\/gliptoneeurope.com\/fr\/produit\/kit-entretien-cuir-auto\/#primaryimage","url":"https:\/\/gliptoneeurope.com\/wp-content\/uploads\/gt-leather-care-kit-scaled.jpg","contentUrl":"https:\/\/gliptoneeurope.com\/wp-content\/uploads\/gt-leather-care-kit-scaled.jpg","width":1920,"height":2560},{"@type":"BreadcrumbList","@id":"https:\/\/gliptoneeurope.com\/fr\/produit\/kit-entretien-cuir-auto\/#breadcrumb","itemListElement":[{"@type":"ListItem","position":1,"name":"Home","item":"https:\/\/gliptoneeurope.com\/"},{"@type":"ListItem","position":2,"name":"Boutique","item":"https:\/\/gliptoneeurope.com\/fr\/boutique\/"},{"@type":"ListItem","position":3,"name":"Kit d&#8217;entretien du cuir de voiture"}]},{"@type":"WebSite","@id":"https:\/\/gliptoneeurope.com\/#website","url":"https:\/\/gliptoneeurope.com\/","name":"Gliptone Europe","description":"Professional Car Detailing Products","publisher":{"@id":"https:\/\/gliptoneeurope.com\/#organization"},"potentialAction":[{"@type":"SearchAction","target":{"@type":"EntryPoint","urlTemplate":"https:\/\/gliptoneeurope.com\/?s={search_term_string}"},"query-input":{"@type":"PropertyValueSpecification","valueRequired":true,"valueName":"search_term_string"}}],"inLanguage":"fr-FR"},{"@type":"Organization","@id":"https:\/\/gliptoneeurope.com\/#organization","name":"Gliptone Europe","url":"https:\/\/gliptoneeurope.com\/","logo":{"@type":"ImageObject","inLanguage":"fr-FR","@id":"https:\/\/gliptoneeurope.com\/#\/schema\/logo\/image\/","url":"https:\/\/gliptoneeurope.com\/wp-content\/uploads\/Gliptone_Logo.png","contentUrl":"https:\/\/gliptoneeurope.com\/wp-content\/uploads\/Gliptone_Logo.png","width":1472,"height":607,"caption":"Gliptone Europe"},"image":{"@id":"https:\/\/gliptoneeurope.com\/#\/schema\/logo\/image\/"},"sameAs":["https:\/\/www.facebook.com\/gliptoneeurope\/","https:\/\/www.instagram.com\/gliptoneeurope\/","https:\/\/www.pinterest.co.uk\/GliptoneEurope\/"]}]}},"wcpa_form_fields":null,"_links":{"self":[{"href":"https:\/\/gliptoneeurope.com\/fr\/wp-json\/wp\/v2\/product\/11507","targetHints":{"allow":["GET"]}}],"collection":[{"href":"https:\/\/gliptoneeurope.com\/fr\/wp-json\/wp\/v2\/product"}],"about":[{"href":"https:\/\/gliptoneeurope.com\/fr\/wp-json\/wp\/v2\/types\/product"}],"wp:featuredmedia":[{"embeddable":true,"href":"https:\/\/gliptoneeurope.com\/fr\/wp-json\/wp\/v2\/media\/39537"}],"wp:attachment":[{"href":"https:\/\/gliptoneeurope.com\/fr\/wp-json\/wp\/v2\/media?parent=11507"}],"wp:term":[{"taxonomy":"product_brand","embeddable":true,"href":"https:\/\/gliptoneeurope.com\/fr\/wp-json\/wp\/v2\/product_brand?post=11507"},{"taxonomy":"product_cat","embeddable":true,"href":"https:\/\/gliptoneeurope.com\/fr\/wp-json\/wp\/v2\/product_cat?post=11507"},{"taxonomy":"product_tag","embeddable":true,"href":"https:\/\/gliptoneeurope.com\/fr\/wp-json\/wp\/v2\/product_tag?post=11507"}],"curies":[{"name":"wp","href":"https:\/\/api.w.org\/{rel}","templated":true}]}}