{"id":11504,"date":"2021-05-11T14:08:02","date_gmt":"2021-11-30T11:33:40","guid":{"rendered":"https:\/\/gliptoneeurope.com\/product\/canon-a-mousse-de-neige\/"},"modified":"2021-11-30T11:33:40","modified_gmt":"2021-11-30T11:33:40","slug":"canon-a-mousse","status":"publish","type":"product","link":"https:\/\/gliptoneeurope.com\/fr\/produit\/canon-a-mousse\/","title":{"rendered":"Canon \u00e0 mousse de neige"},"content":{"rendered":"<p>Le canon \u00e0 mousse \u00e0 neige de Gliptone est fabriqu\u00e9 \u00e0 partir de plastique ABS de haute qualit\u00e9 et d&#8217;int\u00e9rieurs enti\u00e8rement en laiton.<\/p>\n<p>La lance en mousse, lorsqu&#8217;elle est associ\u00e9e \u00e0 un savon mousse \u00e0 neige comme <a href=\"https:\/\/gliptoneeurope.com\/product\/foam-blizzard-foam-cannon-soap\/\">Foam Blizzard<\/a> ou un d\u00e9tergent de pr\u00e9lavage comme <a href=\"https:\/\/gliptoneeurope.com\/product\/vanish-950ml-32oz\/\">Vanish<\/a> , cr\u00e9era une mousse riche, somptueuse et \u00e9paisse qui adh\u00e8re \u00e0 la surface plus longtemps, ce qui signifie un temps de s\u00e9jour plus long et un nettoyage beaucoup plus facile de la carrosserie du auto.<\/p>\n<p>La lance en mousse est livr\u00e9e avec un raccord \u00ab&nbsp;quick release&nbsp;\u00bb mais est interchangeable avec n&#8217;importe quel raccord 1\/4 BSP.<\/p>\n<p>Vous pouvez r\u00e9gler la pression de la mousse avec la buse de pulv\u00e9risation r\u00e9glable, ce qui permet de nettoyer la voiture plus rapidement et de r\u00e9duire le temps de lavage.<\/p>\n<p>L&#8217;utilisation d&#8217;une lance en mousse est un accessoire parfait pour tout entretien hebdomadaire de votre voiture, sans danger pour tous les produits \u00e0 base de cire et ne laisse aucun r\u00e9sidu.<\/p>\n","protected":false},"excerpt":{"rendered":"<p>Le canon \u00e0 mousse \u00e0 neige de Gliptone est fabriqu\u00e9 \u00e0 partir de plastique ABS de haute qualit\u00e9 et d&#8217;int\u00e9rieurs enti\u00e8rement en laiton. La lance en mousse, lorsqu&#8217;elle est associ\u00e9e \u00e0 un savon mousse \u00e0 neige comme Foam Blizzard ou un d\u00e9tergent de pr\u00e9lavage comme Vanish , cr\u00e9era une mousse riche, somptueuse et \u00e9paisse qui [&hellip;]<\/p>\n","protected":false},"featured_media":10840,"template":"","meta":[],"product_brand":[],"product_cat":[118,116,109],"product_tag":[122,123,121,120],"class_list":{"0":"post-11504","1":"product","2":"type-product","3":"status-publish","4":"has-post-thumbnail","6":"product_cat-accessoires-fr","7":"product_cat-preparation-nettoyage","8":"product_cat-produits-professionnels","9":"product_tag-canon-a-mousse","10":"product_tag-lance-en-mousse","11":"product_tag-mousse-de-neige","12":"product_tag-nettoyage","14":"first","15":"instock","16":"taxable","17":"shipping-taxable","18":"purchasable","19":"product-type-simple"},"yoast_head":"<!-- This site is optimized with the Yoast SEO Premium plugin v21.4 (Yoast SEO v27.4) - https:\/\/yoast.com\/product\/yoast-seo-premium-wordpress\/ -->\n<title>Canon \u00e0 mousse de neige - Gliptone Europe<\/title>\n<meta name=\"description\" content=\"Notre Snow Foam Cannon professionnel aide \u00e0 combiner un d\u00e9bit d&#039;eau \u00e0 haute pression m\u00e9lang\u00e9 avec notre d\u00e9tergent \u00e0 savon Foam Blizzard produisant une mousse \u00e9paisse qui s&#039;accrochera \u00e0 votre voiture.\" \/>\n<meta name=\"robots\" content=\"index, follow, max-snippet:-1, max-image-preview:large, max-video-preview:-1\" \/>\n<link rel=\"canonical\" href=\"https:\/\/gliptoneeurope.com\/fr\/produit\/canon-a-mousse\/\" \/>\n<meta property=\"og:locale\" content=\"fr_FR\" \/>\n<meta property=\"og:type\" content=\"article\" \/>\n<meta property=\"og:title\" content=\"Canon \u00e0 mousse de neige\" \/>\n<meta property=\"og:description\" content=\"Le canon \u00e0 mousse \u00e0 neige de Gliptone est fabriqu\u00e9 \u00e0 partir de plastique ABS de haute qualit\u00e9 et d&#039;int\u00e9rieurs enti\u00e8rement en laiton. La lance en mousse,\" \/>\n<meta property=\"og:url\" content=\"https:\/\/gliptoneeurope.com\/fr\/produit\/canon-a-mousse\/\" \/>\n<meta property=\"og:site_name\" content=\"Gliptone Europe\" \/>\n<meta property=\"article:publisher\" content=\"https:\/\/www.facebook.com\/gliptoneeurope\/\" \/>\n<meta property=\"og:image\" content=\"https:\/\/gliptoneeurope.com\/wp-content\/uploads\/White-Foam-Cannon.jpg\" \/>\n\t<meta property=\"og:image:width\" content=\"1475\" \/>\n\t<meta property=\"og:image:height\" content=\"1474\" \/>\n\t<meta property=\"og:image:type\" content=\"image\/jpeg\" \/>\n<meta name=\"twitter:card\" content=\"summary_large_image\" \/>\n<meta name=\"twitter:label1\" content=\"Dur\u00e9e de lecture estim\u00e9e\" \/>\n\t<meta name=\"twitter:data1\" content=\"1 minute\" \/>\n<script type=\"application\/ld+json\" class=\"yoast-schema-graph\">{\"@context\":\"https:\\\/\\\/schema.org\",\"@graph\":[{\"@type\":\"WebPage\",\"@id\":\"https:\\\/\\\/gliptoneeurope.com\\\/fr\\\/produit\\\/canon-a-mousse\\\/\",\"url\":\"https:\\\/\\\/gliptoneeurope.com\\\/fr\\\/produit\\\/canon-a-mousse\\\/\",\"name\":\"Canon \u00e0 mousse de neige - Gliptone Europe\",\"isPartOf\":{\"@id\":\"https:\\\/\\\/gliptoneeurope.com\\\/#website\"},\"primaryImageOfPage\":{\"@id\":\"https:\\\/\\\/gliptoneeurope.com\\\/fr\\\/produit\\\/canon-a-mousse\\\/#primaryimage\"},\"image\":{\"@id\":\"https:\\\/\\\/gliptoneeurope.com\\\/fr\\\/produit\\\/canon-a-mousse\\\/#primaryimage\"},\"thumbnailUrl\":\"https:\\\/\\\/gliptoneeurope.com\\\/wp-content\\\/uploads\\\/White-Foam-Cannon.jpg\",\"datePublished\":\"2021-11-30T11:33:40+00:00\",\"description\":\"Notre Snow Foam Cannon professionnel aide \u00e0 combiner un d\u00e9bit d'eau \u00e0 haute pression m\u00e9lang\u00e9 avec notre d\u00e9tergent \u00e0 savon Foam Blizzard produisant une mousse \u00e9paisse qui s'accrochera \u00e0 votre voiture.\",\"breadcrumb\":{\"@id\":\"https:\\\/\\\/gliptoneeurope.com\\\/fr\\\/produit\\\/canon-a-mousse\\\/#breadcrumb\"},\"inLanguage\":\"fr-FR\",\"potentialAction\":[{\"@type\":\"ReadAction\",\"target\":[\"https:\\\/\\\/gliptoneeurope.com\\\/fr\\\/produit\\\/canon-a-mousse\\\/\"]}]},{\"@type\":\"ImageObject\",\"inLanguage\":\"fr-FR\",\"@id\":\"https:\\\/\\\/gliptoneeurope.com\\\/fr\\\/produit\\\/canon-a-mousse\\\/#primaryimage\",\"url\":\"https:\\\/\\\/gliptoneeurope.com\\\/wp-content\\\/uploads\\\/White-Foam-Cannon.jpg\",\"contentUrl\":\"https:\\\/\\\/gliptoneeurope.com\\\/wp-content\\\/uploads\\\/White-Foam-Cannon.jpg\",\"width\":1475,\"height\":1474},{\"@type\":\"BreadcrumbList\",\"@id\":\"https:\\\/\\\/gliptoneeurope.com\\\/fr\\\/produit\\\/canon-a-mousse\\\/#breadcrumb\",\"itemListElement\":[{\"@type\":\"ListItem\",\"position\":1,\"name\":\"Home\",\"item\":\"https:\\\/\\\/gliptoneeurope.com\\\/\"},{\"@type\":\"ListItem\",\"position\":2,\"name\":\"Boutique\",\"item\":\"https:\\\/\\\/gliptoneeurope.com\\\/fr\\\/boutique\\\/\"},{\"@type\":\"ListItem\",\"position\":3,\"name\":\"Canon \u00e0 mousse de neige\"}]},{\"@type\":\"WebSite\",\"@id\":\"https:\\\/\\\/gliptoneeurope.com\\\/#website\",\"url\":\"https:\\\/\\\/gliptoneeurope.com\\\/\",\"name\":\"Gliptone Europe\",\"description\":\"Professional Car Detailing Products\",\"publisher\":{\"@id\":\"https:\\\/\\\/gliptoneeurope.com\\\/#organization\"},\"potentialAction\":[{\"@type\":\"SearchAction\",\"target\":{\"@type\":\"EntryPoint\",\"urlTemplate\":\"https:\\\/\\\/gliptoneeurope.com\\\/?s={search_term_string}\"},\"query-input\":{\"@type\":\"PropertyValueSpecification\",\"valueRequired\":true,\"valueName\":\"search_term_string\"}}],\"inLanguage\":\"fr-FR\"},{\"@type\":\"Organization\",\"@id\":\"https:\\\/\\\/gliptoneeurope.com\\\/#organization\",\"name\":\"Gliptone Europe\",\"url\":\"https:\\\/\\\/gliptoneeurope.com\\\/\",\"logo\":{\"@type\":\"ImageObject\",\"inLanguage\":\"fr-FR\",\"@id\":\"https:\\\/\\\/gliptoneeurope.com\\\/#\\\/schema\\\/logo\\\/image\\\/\",\"url\":\"https:\\\/\\\/gliptoneeurope.com\\\/wp-content\\\/uploads\\\/Gliptone_Logo.png\",\"contentUrl\":\"https:\\\/\\\/gliptoneeurope.com\\\/wp-content\\\/uploads\\\/Gliptone_Logo.png\",\"width\":1472,\"height\":607,\"caption\":\"Gliptone Europe\"},\"image\":{\"@id\":\"https:\\\/\\\/gliptoneeurope.com\\\/#\\\/schema\\\/logo\\\/image\\\/\"},\"sameAs\":[\"https:\\\/\\\/www.facebook.com\\\/gliptoneeurope\\\/\",\"https:\\\/\\\/www.instagram.com\\\/gliptoneeurope\\\/\",\"https:\\\/\\\/www.pinterest.co.uk\\\/GliptoneEurope\\\/\"]}]}<\/script>\n<!-- \/ Yoast SEO Premium plugin. -->","yoast_head_json":{"title":"Canon \u00e0 mousse de neige - Gliptone Europe","description":"Notre Snow Foam Cannon professionnel aide \u00e0 combiner un d\u00e9bit d'eau \u00e0 haute pression m\u00e9lang\u00e9 avec notre d\u00e9tergent \u00e0 savon Foam Blizzard produisant une mousse \u00e9paisse qui s'accrochera \u00e0 votre voiture.","robots":{"index":"index","follow":"follow","max-snippet":"max-snippet:-1","max-image-preview":"max-image-preview:large","max-video-preview":"max-video-preview:-1"},"canonical":"https:\/\/gliptoneeurope.com\/fr\/produit\/canon-a-mousse\/","og_locale":"fr_FR","og_type":"article","og_title":"Canon \u00e0 mousse de neige","og_description":"Le canon \u00e0 mousse \u00e0 neige de Gliptone est fabriqu\u00e9 \u00e0 partir de plastique ABS de haute qualit\u00e9 et d'int\u00e9rieurs enti\u00e8rement en laiton. La lance en mousse,","og_url":"https:\/\/gliptoneeurope.com\/fr\/produit\/canon-a-mousse\/","og_site_name":"Gliptone Europe","article_publisher":"https:\/\/www.facebook.com\/gliptoneeurope\/","og_image":[{"width":1475,"height":1474,"url":"https:\/\/gliptoneeurope.com\/wp-content\/uploads\/White-Foam-Cannon.jpg","type":"image\/jpeg"}],"twitter_card":"summary_large_image","twitter_misc":{"Dur\u00e9e de lecture estim\u00e9e":"1 minute"},"schema":{"@context":"https:\/\/schema.org","@graph":[{"@type":"WebPage","@id":"https:\/\/gliptoneeurope.com\/fr\/produit\/canon-a-mousse\/","url":"https:\/\/gliptoneeurope.com\/fr\/produit\/canon-a-mousse\/","name":"Canon \u00e0 mousse de neige - Gliptone Europe","isPartOf":{"@id":"https:\/\/gliptoneeurope.com\/#website"},"primaryImageOfPage":{"@id":"https:\/\/gliptoneeurope.com\/fr\/produit\/canon-a-mousse\/#primaryimage"},"image":{"@id":"https:\/\/gliptoneeurope.com\/fr\/produit\/canon-a-mousse\/#primaryimage"},"thumbnailUrl":"https:\/\/gliptoneeurope.com\/wp-content\/uploads\/White-Foam-Cannon.jpg","datePublished":"2021-11-30T11:33:40+00:00","description":"Notre Snow Foam Cannon professionnel aide \u00e0 combiner un d\u00e9bit d'eau \u00e0 haute pression m\u00e9lang\u00e9 avec notre d\u00e9tergent \u00e0 savon Foam Blizzard produisant une mousse \u00e9paisse qui s'accrochera \u00e0 votre voiture.","breadcrumb":{"@id":"https:\/\/gliptoneeurope.com\/fr\/produit\/canon-a-mousse\/#breadcrumb"},"inLanguage":"fr-FR","potentialAction":[{"@type":"ReadAction","target":["https:\/\/gliptoneeurope.com\/fr\/produit\/canon-a-mousse\/"]}]},{"@type":"ImageObject","inLanguage":"fr-FR","@id":"https:\/\/gliptoneeurope.com\/fr\/produit\/canon-a-mousse\/#primaryimage","url":"https:\/\/gliptoneeurope.com\/wp-content\/uploads\/White-Foam-Cannon.jpg","contentUrl":"https:\/\/gliptoneeurope.com\/wp-content\/uploads\/White-Foam-Cannon.jpg","width":1475,"height":1474},{"@type":"BreadcrumbList","@id":"https:\/\/gliptoneeurope.com\/fr\/produit\/canon-a-mousse\/#breadcrumb","itemListElement":[{"@type":"ListItem","position":1,"name":"Home","item":"https:\/\/gliptoneeurope.com\/"},{"@type":"ListItem","position":2,"name":"Boutique","item":"https:\/\/gliptoneeurope.com\/fr\/boutique\/"},{"@type":"ListItem","position":3,"name":"Canon \u00e0 mousse de neige"}]},{"@type":"WebSite","@id":"https:\/\/gliptoneeurope.com\/#website","url":"https:\/\/gliptoneeurope.com\/","name":"Gliptone Europe","description":"Professional Car Detailing Products","publisher":{"@id":"https:\/\/gliptoneeurope.com\/#organization"},"potentialAction":[{"@type":"SearchAction","target":{"@type":"EntryPoint","urlTemplate":"https:\/\/gliptoneeurope.com\/?s={search_term_string}"},"query-input":{"@type":"PropertyValueSpecification","valueRequired":true,"valueName":"search_term_string"}}],"inLanguage":"fr-FR"},{"@type":"Organization","@id":"https:\/\/gliptoneeurope.com\/#organization","name":"Gliptone Europe","url":"https:\/\/gliptoneeurope.com\/","logo":{"@type":"ImageObject","inLanguage":"fr-FR","@id":"https:\/\/gliptoneeurope.com\/#\/schema\/logo\/image\/","url":"https:\/\/gliptoneeurope.com\/wp-content\/uploads\/Gliptone_Logo.png","contentUrl":"https:\/\/gliptoneeurope.com\/wp-content\/uploads\/Gliptone_Logo.png","width":1472,"height":607,"caption":"Gliptone Europe"},"image":{"@id":"https:\/\/gliptoneeurope.com\/#\/schema\/logo\/image\/"},"sameAs":["https:\/\/www.facebook.com\/gliptoneeurope\/","https:\/\/www.instagram.com\/gliptoneeurope\/","https:\/\/www.pinterest.co.uk\/GliptoneEurope\/"]}]}},"wcpa_form_fields":null,"_links":{"self":[{"href":"https:\/\/gliptoneeurope.com\/fr\/wp-json\/wp\/v2\/product\/11504","targetHints":{"allow":["GET"]}}],"collection":[{"href":"https:\/\/gliptoneeurope.com\/fr\/wp-json\/wp\/v2\/product"}],"about":[{"href":"https:\/\/gliptoneeurope.com\/fr\/wp-json\/wp\/v2\/types\/product"}],"wp:featuredmedia":[{"embeddable":true,"href":"https:\/\/gliptoneeurope.com\/fr\/wp-json\/wp\/v2\/media\/10840"}],"wp:attachment":[{"href":"https:\/\/gliptoneeurope.com\/fr\/wp-json\/wp\/v2\/media?parent=11504"}],"wp:term":[{"taxonomy":"product_brand","embeddable":true,"href":"https:\/\/gliptoneeurope.com\/fr\/wp-json\/wp\/v2\/product_brand?post=11504"},{"taxonomy":"product_cat","embeddable":true,"href":"https:\/\/gliptoneeurope.com\/fr\/wp-json\/wp\/v2\/product_cat?post=11504"},{"taxonomy":"product_tag","embeddable":true,"href":"https:\/\/gliptoneeurope.com\/fr\/wp-json\/wp\/v2\/product_tag?post=11504"}],"curies":[{"name":"wp","href":"https:\/\/api.w.org\/{rel}","templated":true}]}}