{"id":11460,"date":"2021-05-19T11:06:45","date_gmt":"2021-05-19T11:06:45","guid":{"rendered":"https:\/\/gliptoneeurope.com\/product\/fireline-beach-hut-t-shirt-decontracte-des-etats-unis-cramoisi\/"},"modified":"2021-11-30T11:32:31","modified_gmt":"2021-11-30T11:32:31","slug":"cabane-de-plage-decontractee","status":"publish","type":"product","link":"https:\/\/gliptoneeurope.com\/fr\/produit\/cabane-de-plage-decontractee\/","title":{"rendered":"FIRELINE BEACH HUT \u2013 T-shirt d\u00e9contract\u00e9 des \u00c9tats-Unis (cramoisi)"},"content":{"rendered":"<p><a href=\"https:\/\/gliptoneeurope.com\/wp-content\/uploads\/\/Laid-Back_Logo-300x134.png\"><img loading=\"lazy\" decoding=\"async\" class=\"alignnone size-medium wp-image-6198\" src=\"https:\/\/gliptoneeurope.com\/wp-content\/uploads\/\/Laid-Back_Logo-300x134.png\" alt=\"\" width=\"300\" height=\"134\" srcset=\"https:\/\/gliptoneeurope.com\/wp-content\/uploads\/Laid-Back_Logo-300x134.png 300w, https:\/\/gliptoneeurope.com\/wp-content\/uploads\/Laid-Back_Logo.png 518w\" sizes=\"auto, (max-width: 300px) 100vw, 300px\" \/><\/a><\/p>\n<p>Laid-Back est une entreprise de t-shirts pour hommes avec un probl\u00e8me de voiture. Des designs de style vintage et des mat\u00e9riaux de haute qualit\u00e9 en feront votre nouveau favori !<\/p>\n<p>Si vous aimez Laid-Back, diffusez la bonne ambiance et partagez Laid-Back avec vos amis. Con\u00e7u et imprim\u00e9 aux \u00c9tats-Unis.<\/p>\n","protected":false},"excerpt":{"rendered":"<p>Laid-Back est une entreprise de t-shirts pour hommes avec un probl\u00e8me de voiture. Des designs de style vintage et des mat\u00e9riaux de haute qualit\u00e9 en feront votre nouveau favori ! Si vous aimez Laid-Back, diffusez la bonne ambiance et partagez Laid-Back avec vos amis. Con\u00e7u et imprim\u00e9 aux \u00c9tats-Unis.<\/p>\n","protected":false},"featured_media":10996,"template":"","meta":[],"product_brand":[],"product_cat":[94,92],"product_tag":[],"class_list":{"0":"post-11460","1":"product","2":"type-product","3":"status-publish","4":"has-post-thumbnail","6":"product_cat-nouveaux-produits","7":"product_cat-t-shirts-fr","9":"first","10":"instock","11":"taxable","12":"shipping-taxable","13":"purchasable","14":"product-type-variable"},"yoast_head":"<!-- This site is optimized with the Yoast SEO Premium plugin v21.4 (Yoast SEO v27.4) - https:\/\/yoast.com\/product\/yoast-seo-premium-wordpress\/ -->\n<title>FIRELINE BEACH HUT \u2013 T-shirt d\u00e9contract\u00e9 des \u00c9tats-Unis (cramoisi) - Gliptone Europe<\/title>\n<meta name=\"description\" content=\"Laid-Back est une entreprise de t-shirts pour hommes avec un probl\u00e8me de voiture. Des designs de style vintage et des mat\u00e9riaux de haute qualit\u00e9 en feront votre nouveau favori !\" \/>\n<meta name=\"robots\" content=\"index, follow, max-snippet:-1, max-image-preview:large, max-video-preview:-1\" \/>\n<link rel=\"canonical\" href=\"https:\/\/gliptoneeurope.com\/produit\/laid-back-fireline-beach-hut\/\" \/>\n<meta property=\"og:locale\" content=\"fr_FR\" \/>\n<meta property=\"og:type\" content=\"article\" \/>\n<meta property=\"og:title\" content=\"FIRELINE BEACH HUT \u2013 T-shirt d\u00e9contract\u00e9 des \u00c9tats-Unis (cramoisi)\" \/>\n<meta property=\"og:description\" content=\"Laid-Back est une entreprise de t-shirts pour hommes avec un probl\u00e8me de voiture. Des designs de style vintage et des mat\u00e9riaux de haute qualit\u00e9 en feront\" \/>\n<meta property=\"og:url\" content=\"https:\/\/gliptoneeurope.com\/produit\/laid-back-fireline-beach-hut\/\" \/>\n<meta property=\"og:site_name\" content=\"Gliptone Europe\" \/>\n<meta property=\"article:publisher\" content=\"https:\/\/www.facebook.com\/gliptoneeurope\/\" \/>\n<meta property=\"article:modified_time\" content=\"2021-11-30T11:32:31+00:00\" \/>\n<meta property=\"og:image\" content=\"https:\/\/gliptoneeurope.com\/wp-content\/uploads\/LB-FIRELINE-BEACH-HUT-FR.png\" \/>\n\t<meta property=\"og:image:width\" content=\"783\" \/>\n\t<meta property=\"og:image:height\" content=\"963\" \/>\n\t<meta property=\"og:image:type\" content=\"image\/png\" \/>\n<meta name=\"twitter:card\" content=\"summary_large_image\" \/>\n<script type=\"application\/ld+json\" class=\"yoast-schema-graph\">{\"@context\":\"https:\\\/\\\/schema.org\",\"@graph\":[{\"@type\":\"WebPage\",\"@id\":\"https:\\\/\\\/gliptoneeurope.com\\\/produit\\\/laid-back-fireline-beach-hut\\\/\",\"url\":\"https:\\\/\\\/gliptoneeurope.com\\\/produit\\\/laid-back-fireline-beach-hut\\\/\",\"name\":\"FIRELINE BEACH HUT \u2013 T-shirt d\u00e9contract\u00e9 des \u00c9tats-Unis (cramoisi) - Gliptone Europe\",\"isPartOf\":{\"@id\":\"https:\\\/\\\/gliptoneeurope.com\\\/#website\"},\"primaryImageOfPage\":{\"@id\":\"https:\\\/\\\/gliptoneeurope.com\\\/produit\\\/laid-back-fireline-beach-hut\\\/#primaryimage\"},\"image\":{\"@id\":\"https:\\\/\\\/gliptoneeurope.com\\\/produit\\\/laid-back-fireline-beach-hut\\\/#primaryimage\"},\"thumbnailUrl\":\"https:\\\/\\\/gliptoneeurope.com\\\/wp-content\\\/uploads\\\/LB-FIRELINE-BEACH-HUT-FR.png\",\"datePublished\":\"2021-05-19T11:06:45+00:00\",\"dateModified\":\"2021-11-30T11:32:31+00:00\",\"description\":\"Laid-Back est une entreprise de t-shirts pour hommes avec un probl\u00e8me de voiture. Des designs de style vintage et des mat\u00e9riaux de haute qualit\u00e9 en feront votre nouveau favori !\",\"breadcrumb\":{\"@id\":\"https:\\\/\\\/gliptoneeurope.com\\\/produit\\\/laid-back-fireline-beach-hut\\\/#breadcrumb\"},\"inLanguage\":\"fr-FR\",\"potentialAction\":[{\"@type\":\"ReadAction\",\"target\":[\"https:\\\/\\\/gliptoneeurope.com\\\/produit\\\/laid-back-fireline-beach-hut\\\/\"]}]},{\"@type\":\"ImageObject\",\"inLanguage\":\"fr-FR\",\"@id\":\"https:\\\/\\\/gliptoneeurope.com\\\/produit\\\/laid-back-fireline-beach-hut\\\/#primaryimage\",\"url\":\"https:\\\/\\\/gliptoneeurope.com\\\/wp-content\\\/uploads\\\/LB-FIRELINE-BEACH-HUT-FR.png\",\"contentUrl\":\"https:\\\/\\\/gliptoneeurope.com\\\/wp-content\\\/uploads\\\/LB-FIRELINE-BEACH-HUT-FR.png\",\"width\":783,\"height\":963},{\"@type\":\"BreadcrumbList\",\"@id\":\"https:\\\/\\\/gliptoneeurope.com\\\/produit\\\/laid-back-fireline-beach-hut\\\/#breadcrumb\",\"itemListElement\":[{\"@type\":\"ListItem\",\"position\":1,\"name\":\"Home\",\"item\":\"https:\\\/\\\/gliptoneeurope.com\\\/\"},{\"@type\":\"ListItem\",\"position\":2,\"name\":\"Boutique\",\"item\":\"https:\\\/\\\/gliptoneeurope.com\\\/fr\\\/boutique\\\/\"},{\"@type\":\"ListItem\",\"position\":3,\"name\":\"FIRELINE BEACH HUT \u2013 T-shirt d\u00e9contract\u00e9 des \u00c9tats-Unis (cramoisi)\"}]},{\"@type\":\"WebSite\",\"@id\":\"https:\\\/\\\/gliptoneeurope.com\\\/#website\",\"url\":\"https:\\\/\\\/gliptoneeurope.com\\\/\",\"name\":\"Gliptone Europe\",\"description\":\"Professional Car Detailing Products\",\"publisher\":{\"@id\":\"https:\\\/\\\/gliptoneeurope.com\\\/#organization\"},\"potentialAction\":[{\"@type\":\"SearchAction\",\"target\":{\"@type\":\"EntryPoint\",\"urlTemplate\":\"https:\\\/\\\/gliptoneeurope.com\\\/?s={search_term_string}\"},\"query-input\":{\"@type\":\"PropertyValueSpecification\",\"valueRequired\":true,\"valueName\":\"search_term_string\"}}],\"inLanguage\":\"fr-FR\"},{\"@type\":\"Organization\",\"@id\":\"https:\\\/\\\/gliptoneeurope.com\\\/#organization\",\"name\":\"Gliptone Europe\",\"url\":\"https:\\\/\\\/gliptoneeurope.com\\\/\",\"logo\":{\"@type\":\"ImageObject\",\"inLanguage\":\"fr-FR\",\"@id\":\"https:\\\/\\\/gliptoneeurope.com\\\/#\\\/schema\\\/logo\\\/image\\\/\",\"url\":\"https:\\\/\\\/gliptoneeurope.com\\\/wp-content\\\/uploads\\\/Gliptone_Logo.png\",\"contentUrl\":\"https:\\\/\\\/gliptoneeurope.com\\\/wp-content\\\/uploads\\\/Gliptone_Logo.png\",\"width\":1472,\"height\":607,\"caption\":\"Gliptone Europe\"},\"image\":{\"@id\":\"https:\\\/\\\/gliptoneeurope.com\\\/#\\\/schema\\\/logo\\\/image\\\/\"},\"sameAs\":[\"https:\\\/\\\/www.facebook.com\\\/gliptoneeurope\\\/\",\"https:\\\/\\\/www.instagram.com\\\/gliptoneeurope\\\/\",\"https:\\\/\\\/www.pinterest.co.uk\\\/GliptoneEurope\\\/\"]}]}<\/script>\n<!-- \/ Yoast SEO Premium plugin. -->","yoast_head_json":{"title":"FIRELINE BEACH HUT \u2013 T-shirt d\u00e9contract\u00e9 des \u00c9tats-Unis (cramoisi) - Gliptone Europe","description":"Laid-Back est une entreprise de t-shirts pour hommes avec un probl\u00e8me de voiture. Des designs de style vintage et des mat\u00e9riaux de haute qualit\u00e9 en feront votre nouveau favori !","robots":{"index":"index","follow":"follow","max-snippet":"max-snippet:-1","max-image-preview":"max-image-preview:large","max-video-preview":"max-video-preview:-1"},"canonical":"https:\/\/gliptoneeurope.com\/produit\/laid-back-fireline-beach-hut\/","og_locale":"fr_FR","og_type":"article","og_title":"FIRELINE BEACH HUT \u2013 T-shirt d\u00e9contract\u00e9 des \u00c9tats-Unis (cramoisi)","og_description":"Laid-Back est une entreprise de t-shirts pour hommes avec un probl\u00e8me de voiture. Des designs de style vintage et des mat\u00e9riaux de haute qualit\u00e9 en feront","og_url":"https:\/\/gliptoneeurope.com\/produit\/laid-back-fireline-beach-hut\/","og_site_name":"Gliptone Europe","article_publisher":"https:\/\/www.facebook.com\/gliptoneeurope\/","article_modified_time":"2021-11-30T11:32:31+00:00","og_image":[{"width":783,"height":963,"url":"https:\/\/gliptoneeurope.com\/wp-content\/uploads\/LB-FIRELINE-BEACH-HUT-FR.png","type":"image\/png"}],"twitter_card":"summary_large_image","schema":{"@context":"https:\/\/schema.org","@graph":[{"@type":"WebPage","@id":"https:\/\/gliptoneeurope.com\/produit\/laid-back-fireline-beach-hut\/","url":"https:\/\/gliptoneeurope.com\/produit\/laid-back-fireline-beach-hut\/","name":"FIRELINE BEACH HUT \u2013 T-shirt d\u00e9contract\u00e9 des \u00c9tats-Unis (cramoisi) - Gliptone Europe","isPartOf":{"@id":"https:\/\/gliptoneeurope.com\/#website"},"primaryImageOfPage":{"@id":"https:\/\/gliptoneeurope.com\/produit\/laid-back-fireline-beach-hut\/#primaryimage"},"image":{"@id":"https:\/\/gliptoneeurope.com\/produit\/laid-back-fireline-beach-hut\/#primaryimage"},"thumbnailUrl":"https:\/\/gliptoneeurope.com\/wp-content\/uploads\/LB-FIRELINE-BEACH-HUT-FR.png","datePublished":"2021-05-19T11:06:45+00:00","dateModified":"2021-11-30T11:32:31+00:00","description":"Laid-Back est une entreprise de t-shirts pour hommes avec un probl\u00e8me de voiture. Des designs de style vintage et des mat\u00e9riaux de haute qualit\u00e9 en feront votre nouveau favori !","breadcrumb":{"@id":"https:\/\/gliptoneeurope.com\/produit\/laid-back-fireline-beach-hut\/#breadcrumb"},"inLanguage":"fr-FR","potentialAction":[{"@type":"ReadAction","target":["https:\/\/gliptoneeurope.com\/produit\/laid-back-fireline-beach-hut\/"]}]},{"@type":"ImageObject","inLanguage":"fr-FR","@id":"https:\/\/gliptoneeurope.com\/produit\/laid-back-fireline-beach-hut\/#primaryimage","url":"https:\/\/gliptoneeurope.com\/wp-content\/uploads\/LB-FIRELINE-BEACH-HUT-FR.png","contentUrl":"https:\/\/gliptoneeurope.com\/wp-content\/uploads\/LB-FIRELINE-BEACH-HUT-FR.png","width":783,"height":963},{"@type":"BreadcrumbList","@id":"https:\/\/gliptoneeurope.com\/produit\/laid-back-fireline-beach-hut\/#breadcrumb","itemListElement":[{"@type":"ListItem","position":1,"name":"Home","item":"https:\/\/gliptoneeurope.com\/"},{"@type":"ListItem","position":2,"name":"Boutique","item":"https:\/\/gliptoneeurope.com\/fr\/boutique\/"},{"@type":"ListItem","position":3,"name":"FIRELINE BEACH HUT \u2013 T-shirt d\u00e9contract\u00e9 des \u00c9tats-Unis (cramoisi)"}]},{"@type":"WebSite","@id":"https:\/\/gliptoneeurope.com\/#website","url":"https:\/\/gliptoneeurope.com\/","name":"Gliptone Europe","description":"Professional Car Detailing Products","publisher":{"@id":"https:\/\/gliptoneeurope.com\/#organization"},"potentialAction":[{"@type":"SearchAction","target":{"@type":"EntryPoint","urlTemplate":"https:\/\/gliptoneeurope.com\/?s={search_term_string}"},"query-input":{"@type":"PropertyValueSpecification","valueRequired":true,"valueName":"search_term_string"}}],"inLanguage":"fr-FR"},{"@type":"Organization","@id":"https:\/\/gliptoneeurope.com\/#organization","name":"Gliptone Europe","url":"https:\/\/gliptoneeurope.com\/","logo":{"@type":"ImageObject","inLanguage":"fr-FR","@id":"https:\/\/gliptoneeurope.com\/#\/schema\/logo\/image\/","url":"https:\/\/gliptoneeurope.com\/wp-content\/uploads\/Gliptone_Logo.png","contentUrl":"https:\/\/gliptoneeurope.com\/wp-content\/uploads\/Gliptone_Logo.png","width":1472,"height":607,"caption":"Gliptone Europe"},"image":{"@id":"https:\/\/gliptoneeurope.com\/#\/schema\/logo\/image\/"},"sameAs":["https:\/\/www.facebook.com\/gliptoneeurope\/","https:\/\/www.instagram.com\/gliptoneeurope\/","https:\/\/www.pinterest.co.uk\/GliptoneEurope\/"]}]}},"wcpa_form_fields":null,"_links":{"self":[{"href":"https:\/\/gliptoneeurope.com\/fr\/wp-json\/wp\/v2\/product\/11460","targetHints":{"allow":["GET"]}}],"collection":[{"href":"https:\/\/gliptoneeurope.com\/fr\/wp-json\/wp\/v2\/product"}],"about":[{"href":"https:\/\/gliptoneeurope.com\/fr\/wp-json\/wp\/v2\/types\/product"}],"wp:featuredmedia":[{"embeddable":true,"href":"https:\/\/gliptoneeurope.com\/fr\/wp-json\/wp\/v2\/media\/10996"}],"wp:attachment":[{"href":"https:\/\/gliptoneeurope.com\/fr\/wp-json\/wp\/v2\/media?parent=11460"}],"wp:term":[{"taxonomy":"product_brand","embeddable":true,"href":"https:\/\/gliptoneeurope.com\/fr\/wp-json\/wp\/v2\/product_brand?post=11460"},{"taxonomy":"product_cat","embeddable":true,"href":"https:\/\/gliptoneeurope.com\/fr\/wp-json\/wp\/v2\/product_cat?post=11460"},{"taxonomy":"product_tag","embeddable":true,"href":"https:\/\/gliptoneeurope.com\/fr\/wp-json\/wp\/v2\/product_tag?post=11460"}],"curies":[{"name":"wp","href":"https:\/\/api.w.org\/{rel}","templated":true}]}}