{"id":11459,"date":"2021-05-26T11:16:58","date_gmt":"2021-11-30T11:32:29","guid":{"rendered":"https:\/\/gliptoneeurope.com\/product\/65ml-echantillon-gratuit-du-nettoyant-intensif-gt12\/"},"modified":"2023-12-04T16:46:20","modified_gmt":"2023-12-04T16:46:20","slug":"65ml-gt12-intensif-nettoyant-echantillon-gratuit","status":"publish","type":"product","link":"https:\/\/gliptoneeurope.com\/fr\/produit\/65ml-gt12-intensif-nettoyant-echantillon-gratuit\/","title":{"rendered":"65ml &#8211; \u00c9chantillon GRATUIT du Nettoyant Intensif GT12"},"content":{"rendered":"<p>GT12 Intensive Cleaner est un nettoyant pour cuir \u00e9pais, concentr\u00e9 et au pH neutre, id\u00e9al pour pr\u00e9parer le cuir sale avant le conditionnement. Contenant de la glyc\u00e9rine, il nettoie en toute s\u00e9curit\u00e9 le cuir tr\u00e8s sale rapidement et en profondeur sans endommager les coutures.<\/p>\n<p>Ce produit se trouve dans notre <a href=\"https:\/\/gliptoneeurope.com\/product\/car-leather-care-kit\/\">Car Leather Care Kit<\/a> contenant tous les produits de finition pour nettoyer, prot\u00e9ger et entretenir l&#8217;int\u00e9rieur en cuir de votre voiture.<\/p>\n<p>\u00c9chantillon GRATUIT de 65 ml.<\/p>\n","protected":false},"excerpt":{"rendered":"<p>GT12 Intensive Cleaner est un nettoyant pour cuir \u00e9pais, concentr\u00e9 et au pH neutre, id\u00e9al pour pr\u00e9parer le cuir sale avant le conditionnement. Contenant de la glyc\u00e9rine, il nettoie en toute s\u00e9curit\u00e9 le cuir tr\u00e8s sale rapidement et en profondeur sans endommager les coutures. Ce produit se trouve dans notre Car Leather Care Kit contenant [&hellip;]<\/p>\n","protected":false},"featured_media":10678,"template":"","meta":[],"product_brand":[],"product_cat":[114],"product_tag":[],"class_list":{"0":"post-11459","1":"product","2":"type-product","3":"status-publish","4":"has-post-thumbnail","6":"product_cat-cuir","8":"first","9":"instock","10":"taxable","11":"shipping-taxable","12":"purchasable","13":"product-type-simple"},"yoast_head":"<!-- This site is optimized with the Yoast SEO Premium plugin v21.4 (Yoast SEO v27.5) - https:\/\/yoast.com\/product\/yoast-seo-premium-wordpress\/ -->\n<title>65ml - \u00c9chantillon GRATUIT du Nettoyant Intensif GT12 - Gliptone Europe<\/title>\n<meta name=\"description\" content=\"Notre revitalisant pour cuir GT11 est une cr\u00e8me \u00e9paisse et non grasse qui p\u00e9n\u00e8tre dans le cuir en le laissant doux sans finition collante ou brillante.\" \/>\n<meta name=\"robots\" content=\"index, follow, max-snippet:-1, max-image-preview:large, max-video-preview:-1\" \/>\n<link rel=\"canonical\" href=\"https:\/\/gliptoneeurope.com\/fr\/produit\/65ml-gt12-intensif-nettoyant-echantillon-gratuit\/\" \/>\n<meta property=\"og:locale\" content=\"fr_FR\" \/>\n<meta property=\"og:type\" content=\"article\" \/>\n<meta property=\"og:title\" content=\"65ml - \u00c9chantillon GRATUIT du Nettoyant Intensif GT12\" \/>\n<meta property=\"og:description\" content=\"GT12 Intensive Cleaner est un nettoyant pour cuir \u00e9pais, concentr\u00e9 et au pH neutre, id\u00e9al pour pr\u00e9parer le cuir sale avant le conditionnement. Contenant\" \/>\n<meta property=\"og:url\" content=\"https:\/\/gliptoneeurope.com\/fr\/produit\/65ml-gt12-intensif-nettoyant-echantillon-gratuit\/\" \/>\n<meta property=\"og:site_name\" content=\"Gliptone Europe\" \/>\n<meta property=\"article:publisher\" content=\"https:\/\/www.facebook.com\/gliptoneeurope\/\" \/>\n<meta property=\"article:modified_time\" content=\"2023-12-04T16:46:20+00:00\" \/>\n<meta property=\"og:image\" content=\"https:\/\/gliptoneeurope.com\/wp-content\/uploads\/Intensive-Cleaner-1L.jpg\" \/>\n\t<meta property=\"og:image:width\" content=\"1403\" \/>\n\t<meta property=\"og:image:height\" content=\"1402\" \/>\n\t<meta property=\"og:image:type\" content=\"image\/jpeg\" \/>\n<meta name=\"twitter:card\" content=\"summary_large_image\" \/>\n<meta name=\"twitter:label1\" content=\"Dur\u00e9e de lecture estim\u00e9e\" \/>\n\t<meta name=\"twitter:data1\" content=\"1 minute\" \/>\n<script type=\"application\/ld+json\" class=\"yoast-schema-graph\">{\"@context\":\"https:\\\/\\\/schema.org\",\"@graph\":[{\"@type\":\"WebPage\",\"@id\":\"https:\\\/\\\/gliptoneeurope.com\\\/fr\\\/produit\\\/65ml-gt12-intensif-nettoyant-echantillon-gratuit\\\/\",\"url\":\"https:\\\/\\\/gliptoneeurope.com\\\/fr\\\/produit\\\/65ml-gt12-intensif-nettoyant-echantillon-gratuit\\\/\",\"name\":\"65ml - \u00c9chantillon GRATUIT du Nettoyant Intensif GT12 - Gliptone Europe\",\"isPartOf\":{\"@id\":\"https:\\\/\\\/gliptoneeurope.com\\\/#website\"},\"primaryImageOfPage\":{\"@id\":\"https:\\\/\\\/gliptoneeurope.com\\\/fr\\\/produit\\\/65ml-gt12-intensif-nettoyant-echantillon-gratuit\\\/#primaryimage\"},\"image\":{\"@id\":\"https:\\\/\\\/gliptoneeurope.com\\\/fr\\\/produit\\\/65ml-gt12-intensif-nettoyant-echantillon-gratuit\\\/#primaryimage\"},\"thumbnailUrl\":\"https:\\\/\\\/gliptoneeurope.com\\\/wp-content\\\/uploads\\\/Intensive-Cleaner-1L.jpg\",\"datePublished\":\"2021-11-30T11:32:29+00:00\",\"dateModified\":\"2023-12-04T16:46:20+00:00\",\"description\":\"Notre revitalisant pour cuir GT11 est une cr\u00e8me \u00e9paisse et non grasse qui p\u00e9n\u00e8tre dans le cuir en le laissant doux sans finition collante ou brillante.\",\"breadcrumb\":{\"@id\":\"https:\\\/\\\/gliptoneeurope.com\\\/fr\\\/produit\\\/65ml-gt12-intensif-nettoyant-echantillon-gratuit\\\/#breadcrumb\"},\"inLanguage\":\"fr-FR\",\"potentialAction\":[{\"@type\":\"ReadAction\",\"target\":[\"https:\\\/\\\/gliptoneeurope.com\\\/fr\\\/produit\\\/65ml-gt12-intensif-nettoyant-echantillon-gratuit\\\/\"]}]},{\"@type\":\"ImageObject\",\"inLanguage\":\"fr-FR\",\"@id\":\"https:\\\/\\\/gliptoneeurope.com\\\/fr\\\/produit\\\/65ml-gt12-intensif-nettoyant-echantillon-gratuit\\\/#primaryimage\",\"url\":\"https:\\\/\\\/gliptoneeurope.com\\\/wp-content\\\/uploads\\\/Intensive-Cleaner-1L.jpg\",\"contentUrl\":\"https:\\\/\\\/gliptoneeurope.com\\\/wp-content\\\/uploads\\\/Intensive-Cleaner-1L.jpg\",\"width\":1403,\"height\":1402},{\"@type\":\"BreadcrumbList\",\"@id\":\"https:\\\/\\\/gliptoneeurope.com\\\/fr\\\/produit\\\/65ml-gt12-intensif-nettoyant-echantillon-gratuit\\\/#breadcrumb\",\"itemListElement\":[{\"@type\":\"ListItem\",\"position\":1,\"name\":\"Home\",\"item\":\"https:\\\/\\\/gliptoneeurope.com\\\/\"},{\"@type\":\"ListItem\",\"position\":2,\"name\":\"Boutique\",\"item\":\"https:\\\/\\\/gliptoneeurope.com\\\/fr\\\/boutique\\\/\"},{\"@type\":\"ListItem\",\"position\":3,\"name\":\"65ml &#8211; \u00c9chantillon GRATUIT du Nettoyant Intensif GT12\"}]},{\"@type\":\"WebSite\",\"@id\":\"https:\\\/\\\/gliptoneeurope.com\\\/#website\",\"url\":\"https:\\\/\\\/gliptoneeurope.com\\\/\",\"name\":\"Gliptone Europe\",\"description\":\"Professional Car Detailing Products\",\"publisher\":{\"@id\":\"https:\\\/\\\/gliptoneeurope.com\\\/#organization\"},\"potentialAction\":[{\"@type\":\"SearchAction\",\"target\":{\"@type\":\"EntryPoint\",\"urlTemplate\":\"https:\\\/\\\/gliptoneeurope.com\\\/?s={search_term_string}\"},\"query-input\":{\"@type\":\"PropertyValueSpecification\",\"valueRequired\":true,\"valueName\":\"search_term_string\"}}],\"inLanguage\":\"fr-FR\"},{\"@type\":\"Organization\",\"@id\":\"https:\\\/\\\/gliptoneeurope.com\\\/#organization\",\"name\":\"Gliptone Europe\",\"url\":\"https:\\\/\\\/gliptoneeurope.com\\\/\",\"logo\":{\"@type\":\"ImageObject\",\"inLanguage\":\"fr-FR\",\"@id\":\"https:\\\/\\\/gliptoneeurope.com\\\/#\\\/schema\\\/logo\\\/image\\\/\",\"url\":\"https:\\\/\\\/gliptoneeurope.com\\\/wp-content\\\/uploads\\\/Gliptone_Logo.png\",\"contentUrl\":\"https:\\\/\\\/gliptoneeurope.com\\\/wp-content\\\/uploads\\\/Gliptone_Logo.png\",\"width\":1472,\"height\":607,\"caption\":\"Gliptone Europe\"},\"image\":{\"@id\":\"https:\\\/\\\/gliptoneeurope.com\\\/#\\\/schema\\\/logo\\\/image\\\/\"},\"sameAs\":[\"https:\\\/\\\/www.facebook.com\\\/gliptoneeurope\\\/\",\"https:\\\/\\\/www.instagram.com\\\/gliptoneeurope\\\/\",\"https:\\\/\\\/www.pinterest.co.uk\\\/GliptoneEurope\\\/\"]}]}<\/script>\n<!-- \/ Yoast SEO Premium plugin. -->","yoast_head_json":{"title":"65ml - \u00c9chantillon GRATUIT du Nettoyant Intensif GT12 - Gliptone Europe","description":"Notre revitalisant pour cuir GT11 est une cr\u00e8me \u00e9paisse et non grasse qui p\u00e9n\u00e8tre dans le cuir en le laissant doux sans finition collante ou brillante.","robots":{"index":"index","follow":"follow","max-snippet":"max-snippet:-1","max-image-preview":"max-image-preview:large","max-video-preview":"max-video-preview:-1"},"canonical":"https:\/\/gliptoneeurope.com\/fr\/produit\/65ml-gt12-intensif-nettoyant-echantillon-gratuit\/","og_locale":"fr_FR","og_type":"article","og_title":"65ml - \u00c9chantillon GRATUIT du Nettoyant Intensif GT12","og_description":"GT12 Intensive Cleaner est un nettoyant pour cuir \u00e9pais, concentr\u00e9 et au pH neutre, id\u00e9al pour pr\u00e9parer le cuir sale avant le conditionnement. Contenant","og_url":"https:\/\/gliptoneeurope.com\/fr\/produit\/65ml-gt12-intensif-nettoyant-echantillon-gratuit\/","og_site_name":"Gliptone Europe","article_publisher":"https:\/\/www.facebook.com\/gliptoneeurope\/","article_modified_time":"2023-12-04T16:46:20+00:00","og_image":[{"width":1403,"height":1402,"url":"https:\/\/gliptoneeurope.com\/wp-content\/uploads\/Intensive-Cleaner-1L.jpg","type":"image\/jpeg"}],"twitter_card":"summary_large_image","twitter_misc":{"Dur\u00e9e de lecture estim\u00e9e":"1 minute"},"schema":{"@context":"https:\/\/schema.org","@graph":[{"@type":"WebPage","@id":"https:\/\/gliptoneeurope.com\/fr\/produit\/65ml-gt12-intensif-nettoyant-echantillon-gratuit\/","url":"https:\/\/gliptoneeurope.com\/fr\/produit\/65ml-gt12-intensif-nettoyant-echantillon-gratuit\/","name":"65ml - \u00c9chantillon GRATUIT du Nettoyant Intensif GT12 - Gliptone Europe","isPartOf":{"@id":"https:\/\/gliptoneeurope.com\/#website"},"primaryImageOfPage":{"@id":"https:\/\/gliptoneeurope.com\/fr\/produit\/65ml-gt12-intensif-nettoyant-echantillon-gratuit\/#primaryimage"},"image":{"@id":"https:\/\/gliptoneeurope.com\/fr\/produit\/65ml-gt12-intensif-nettoyant-echantillon-gratuit\/#primaryimage"},"thumbnailUrl":"https:\/\/gliptoneeurope.com\/wp-content\/uploads\/Intensive-Cleaner-1L.jpg","datePublished":"2021-11-30T11:32:29+00:00","dateModified":"2023-12-04T16:46:20+00:00","description":"Notre revitalisant pour cuir GT11 est une cr\u00e8me \u00e9paisse et non grasse qui p\u00e9n\u00e8tre dans le cuir en le laissant doux sans finition collante ou brillante.","breadcrumb":{"@id":"https:\/\/gliptoneeurope.com\/fr\/produit\/65ml-gt12-intensif-nettoyant-echantillon-gratuit\/#breadcrumb"},"inLanguage":"fr-FR","potentialAction":[{"@type":"ReadAction","target":["https:\/\/gliptoneeurope.com\/fr\/produit\/65ml-gt12-intensif-nettoyant-echantillon-gratuit\/"]}]},{"@type":"ImageObject","inLanguage":"fr-FR","@id":"https:\/\/gliptoneeurope.com\/fr\/produit\/65ml-gt12-intensif-nettoyant-echantillon-gratuit\/#primaryimage","url":"https:\/\/gliptoneeurope.com\/wp-content\/uploads\/Intensive-Cleaner-1L.jpg","contentUrl":"https:\/\/gliptoneeurope.com\/wp-content\/uploads\/Intensive-Cleaner-1L.jpg","width":1403,"height":1402},{"@type":"BreadcrumbList","@id":"https:\/\/gliptoneeurope.com\/fr\/produit\/65ml-gt12-intensif-nettoyant-echantillon-gratuit\/#breadcrumb","itemListElement":[{"@type":"ListItem","position":1,"name":"Home","item":"https:\/\/gliptoneeurope.com\/"},{"@type":"ListItem","position":2,"name":"Boutique","item":"https:\/\/gliptoneeurope.com\/fr\/boutique\/"},{"@type":"ListItem","position":3,"name":"65ml &#8211; \u00c9chantillon GRATUIT du Nettoyant Intensif GT12"}]},{"@type":"WebSite","@id":"https:\/\/gliptoneeurope.com\/#website","url":"https:\/\/gliptoneeurope.com\/","name":"Gliptone Europe","description":"Professional Car Detailing Products","publisher":{"@id":"https:\/\/gliptoneeurope.com\/#organization"},"potentialAction":[{"@type":"SearchAction","target":{"@type":"EntryPoint","urlTemplate":"https:\/\/gliptoneeurope.com\/?s={search_term_string}"},"query-input":{"@type":"PropertyValueSpecification","valueRequired":true,"valueName":"search_term_string"}}],"inLanguage":"fr-FR"},{"@type":"Organization","@id":"https:\/\/gliptoneeurope.com\/#organization","name":"Gliptone Europe","url":"https:\/\/gliptoneeurope.com\/","logo":{"@type":"ImageObject","inLanguage":"fr-FR","@id":"https:\/\/gliptoneeurope.com\/#\/schema\/logo\/image\/","url":"https:\/\/gliptoneeurope.com\/wp-content\/uploads\/Gliptone_Logo.png","contentUrl":"https:\/\/gliptoneeurope.com\/wp-content\/uploads\/Gliptone_Logo.png","width":1472,"height":607,"caption":"Gliptone Europe"},"image":{"@id":"https:\/\/gliptoneeurope.com\/#\/schema\/logo\/image\/"},"sameAs":["https:\/\/www.facebook.com\/gliptoneeurope\/","https:\/\/www.instagram.com\/gliptoneeurope\/","https:\/\/www.pinterest.co.uk\/GliptoneEurope\/"]}]}},"wcpa_form_fields":null,"_links":{"self":[{"href":"https:\/\/gliptoneeurope.com\/fr\/wp-json\/wp\/v2\/product\/11459","targetHints":{"allow":["GET"]}}],"collection":[{"href":"https:\/\/gliptoneeurope.com\/fr\/wp-json\/wp\/v2\/product"}],"about":[{"href":"https:\/\/gliptoneeurope.com\/fr\/wp-json\/wp\/v2\/types\/product"}],"wp:featuredmedia":[{"embeddable":true,"href":"https:\/\/gliptoneeurope.com\/fr\/wp-json\/wp\/v2\/media\/10678"}],"wp:attachment":[{"href":"https:\/\/gliptoneeurope.com\/fr\/wp-json\/wp\/v2\/media?parent=11459"}],"wp:term":[{"taxonomy":"product_brand","embeddable":true,"href":"https:\/\/gliptoneeurope.com\/fr\/wp-json\/wp\/v2\/product_brand?post=11459"},{"taxonomy":"product_cat","embeddable":true,"href":"https:\/\/gliptoneeurope.com\/fr\/wp-json\/wp\/v2\/product_cat?post=11459"},{"taxonomy":"product_tag","embeddable":true,"href":"https:\/\/gliptoneeurope.com\/fr\/wp-json\/wp\/v2\/product_tag?post=11459"}],"curies":[{"name":"wp","href":"https:\/\/api.w.org\/{rel}","templated":true}]}}