{"id":11433,"date":"2021-05-26T14:29:19","date_gmt":"2021-05-26T14:29:19","guid":{"rendered":"https:\/\/gliptoneeurope.com\/product\/gliptone-1947-t-shirt-blanc\/"},"modified":"2021-11-30T11:32:23","modified_gmt":"2021-11-30T11:32:23","slug":"gliptone-1947-t-shirt-blanc","status":"publish","type":"product","link":"https:\/\/gliptoneeurope.com\/fr\/produit\/gliptone-1947-t-shirt-blanc\/","title":{"rendered":"GLIPTONE 1947- T-Shirt (Blanc)"},"content":{"rendered":"<p>Nos T-shirts Gliptone 1947 sont d\u00e9sormais disponibles en <a href=\"https:\/\/gliptoneeurope.com\/product\/gliptone-1947-t-shirt-black\/\">noir<\/a> , <a href=\"https:\/\/gliptoneeurope.com\/product\/gliptone-1947-t-shirt-grey\/\">gris<\/a> et blanc.<\/p>\n<p>Gliptone d\u00e9veloppe des produits d&#8217;esth\u00e9tique automobile haut de gamme depuis plus de 70 ans en utilisant les derni\u00e8res technologies pour offrir aux d\u00e9taillants professionnels et aux passionn\u00e9s des solutions d&#8217;entretien automobile de qualit\u00e9 sup\u00e9rieure.<\/p>\n","protected":false},"excerpt":{"rendered":"<p>Nos T-shirts Gliptone 1947 sont d\u00e9sormais disponibles en noir , gris et blanc. Gliptone d\u00e9veloppe des produits d&#8217;esth\u00e9tique automobile haut de gamme depuis plus de 70 ans en utilisant les derni\u00e8res technologies pour offrir aux d\u00e9taillants professionnels et aux passionn\u00e9s des solutions d&#8217;entretien automobile de qualit\u00e9 sup\u00e9rieure.<\/p>\n","protected":false},"featured_media":11032,"template":"","meta":[],"product_brand":[],"product_cat":[94,92],"product_tag":[],"class_list":{"0":"post-11433","1":"product","2":"type-product","3":"status-publish","4":"has-post-thumbnail","6":"product_cat-nouveaux-produits","7":"product_cat-t-shirts-fr","9":"first","10":"instock","11":"taxable","12":"shipping-taxable","13":"purchasable","14":"product-type-variable"},"yoast_head":"<!-- This site is optimized with the Yoast SEO Premium plugin v21.4 (Yoast SEO v27.4) - https:\/\/yoast.com\/product\/yoast-seo-premium-wordpress\/ -->\n<title>GLIPTONE 1947- T-Shirt (Blanc) - Gliptone Europe<\/title>\n<meta name=\"description\" content=\"Nos T-shirts Gliptone 1947 sont d\u00e9sormais disponibles en noir, gris et blanc.\" \/>\n<meta name=\"robots\" content=\"index, follow, max-snippet:-1, max-image-preview:large, max-video-preview:-1\" \/>\n<link rel=\"canonical\" href=\"https:\/\/gliptoneeurope.com\/produit\/gliptone-1947-t-shirt-white\/\" \/>\n<meta property=\"og:locale\" content=\"fr_FR\" \/>\n<meta property=\"og:type\" content=\"article\" \/>\n<meta property=\"og:title\" content=\"GLIPTONE 1947- T-Shirt (Blanc)\" \/>\n<meta property=\"og:description\" content=\"Nos T-shirts Gliptone 1947 sont d\u00e9sormais disponibles en noir , gris et blanc. Gliptone d\u00e9veloppe des produits d&#039;esth\u00e9tique automobile haut de gamme\" \/>\n<meta property=\"og:url\" content=\"https:\/\/gliptoneeurope.com\/produit\/gliptone-1947-t-shirt-white\/\" \/>\n<meta property=\"og:site_name\" content=\"Gliptone Europe\" \/>\n<meta property=\"article:publisher\" content=\"https:\/\/www.facebook.com\/gliptoneeurope\/\" \/>\n<meta property=\"article:modified_time\" content=\"2021-11-30T11:32:23+00:00\" \/>\n<meta property=\"og:image\" content=\"https:\/\/gliptoneeurope.com\/wp-content\/uploads\/86A7349-Edit.jpg\" \/>\n\t<meta property=\"og:image:width\" content=\"1701\" \/>\n\t<meta property=\"og:image:height\" content=\"1701\" \/>\n\t<meta property=\"og:image:type\" content=\"image\/jpeg\" \/>\n<meta name=\"twitter:card\" content=\"summary_large_image\" \/>\n<script type=\"application\/ld+json\" class=\"yoast-schema-graph\">{\"@context\":\"https:\\\/\\\/schema.org\",\"@graph\":[{\"@type\":\"WebPage\",\"@id\":\"https:\\\/\\\/gliptoneeurope.com\\\/produit\\\/gliptone-1947-t-shirt-white\\\/\",\"url\":\"https:\\\/\\\/gliptoneeurope.com\\\/produit\\\/gliptone-1947-t-shirt-white\\\/\",\"name\":\"GLIPTONE 1947- T-Shirt (Blanc) - Gliptone Europe\",\"isPartOf\":{\"@id\":\"https:\\\/\\\/gliptoneeurope.com\\\/#website\"},\"primaryImageOfPage\":{\"@id\":\"https:\\\/\\\/gliptoneeurope.com\\\/produit\\\/gliptone-1947-t-shirt-white\\\/#primaryimage\"},\"image\":{\"@id\":\"https:\\\/\\\/gliptoneeurope.com\\\/produit\\\/gliptone-1947-t-shirt-white\\\/#primaryimage\"},\"thumbnailUrl\":\"https:\\\/\\\/gliptoneeurope.com\\\/wp-content\\\/uploads\\\/86A7349-Edit.jpg\",\"datePublished\":\"2021-05-26T14:29:19+00:00\",\"dateModified\":\"2021-11-30T11:32:23+00:00\",\"description\":\"Nos T-shirts Gliptone 1947 sont d\u00e9sormais disponibles en noir, gris et blanc.\",\"breadcrumb\":{\"@id\":\"https:\\\/\\\/gliptoneeurope.com\\\/produit\\\/gliptone-1947-t-shirt-white\\\/#breadcrumb\"},\"inLanguage\":\"fr-FR\",\"potentialAction\":[{\"@type\":\"ReadAction\",\"target\":[\"https:\\\/\\\/gliptoneeurope.com\\\/produit\\\/gliptone-1947-t-shirt-white\\\/\"]}]},{\"@type\":\"ImageObject\",\"inLanguage\":\"fr-FR\",\"@id\":\"https:\\\/\\\/gliptoneeurope.com\\\/produit\\\/gliptone-1947-t-shirt-white\\\/#primaryimage\",\"url\":\"https:\\\/\\\/gliptoneeurope.com\\\/wp-content\\\/uploads\\\/86A7349-Edit.jpg\",\"contentUrl\":\"https:\\\/\\\/gliptoneeurope.com\\\/wp-content\\\/uploads\\\/86A7349-Edit.jpg\",\"width\":1701,\"height\":1701},{\"@type\":\"BreadcrumbList\",\"@id\":\"https:\\\/\\\/gliptoneeurope.com\\\/produit\\\/gliptone-1947-t-shirt-white\\\/#breadcrumb\",\"itemListElement\":[{\"@type\":\"ListItem\",\"position\":1,\"name\":\"Home\",\"item\":\"https:\\\/\\\/gliptoneeurope.com\\\/\"},{\"@type\":\"ListItem\",\"position\":2,\"name\":\"Boutique\",\"item\":\"https:\\\/\\\/gliptoneeurope.com\\\/fr\\\/boutique\\\/\"},{\"@type\":\"ListItem\",\"position\":3,\"name\":\"GLIPTONE 1947- T-Shirt (Blanc)\"}]},{\"@type\":\"WebSite\",\"@id\":\"https:\\\/\\\/gliptoneeurope.com\\\/#website\",\"url\":\"https:\\\/\\\/gliptoneeurope.com\\\/\",\"name\":\"Gliptone Europe\",\"description\":\"Professional Car Detailing Products\",\"publisher\":{\"@id\":\"https:\\\/\\\/gliptoneeurope.com\\\/#organization\"},\"potentialAction\":[{\"@type\":\"SearchAction\",\"target\":{\"@type\":\"EntryPoint\",\"urlTemplate\":\"https:\\\/\\\/gliptoneeurope.com\\\/?s={search_term_string}\"},\"query-input\":{\"@type\":\"PropertyValueSpecification\",\"valueRequired\":true,\"valueName\":\"search_term_string\"}}],\"inLanguage\":\"fr-FR\"},{\"@type\":\"Organization\",\"@id\":\"https:\\\/\\\/gliptoneeurope.com\\\/#organization\",\"name\":\"Gliptone Europe\",\"url\":\"https:\\\/\\\/gliptoneeurope.com\\\/\",\"logo\":{\"@type\":\"ImageObject\",\"inLanguage\":\"fr-FR\",\"@id\":\"https:\\\/\\\/gliptoneeurope.com\\\/#\\\/schema\\\/logo\\\/image\\\/\",\"url\":\"https:\\\/\\\/gliptoneeurope.com\\\/wp-content\\\/uploads\\\/Gliptone_Logo.png\",\"contentUrl\":\"https:\\\/\\\/gliptoneeurope.com\\\/wp-content\\\/uploads\\\/Gliptone_Logo.png\",\"width\":1472,\"height\":607,\"caption\":\"Gliptone Europe\"},\"image\":{\"@id\":\"https:\\\/\\\/gliptoneeurope.com\\\/#\\\/schema\\\/logo\\\/image\\\/\"},\"sameAs\":[\"https:\\\/\\\/www.facebook.com\\\/gliptoneeurope\\\/\",\"https:\\\/\\\/www.instagram.com\\\/gliptoneeurope\\\/\",\"https:\\\/\\\/www.pinterest.co.uk\\\/GliptoneEurope\\\/\"]}]}<\/script>\n<!-- \/ Yoast SEO Premium plugin. -->","yoast_head_json":{"title":"GLIPTONE 1947- T-Shirt (Blanc) - Gliptone Europe","description":"Nos T-shirts Gliptone 1947 sont d\u00e9sormais disponibles en noir, gris et blanc.","robots":{"index":"index","follow":"follow","max-snippet":"max-snippet:-1","max-image-preview":"max-image-preview:large","max-video-preview":"max-video-preview:-1"},"canonical":"https:\/\/gliptoneeurope.com\/produit\/gliptone-1947-t-shirt-white\/","og_locale":"fr_FR","og_type":"article","og_title":"GLIPTONE 1947- T-Shirt (Blanc)","og_description":"Nos T-shirts Gliptone 1947 sont d\u00e9sormais disponibles en noir , gris et blanc. Gliptone d\u00e9veloppe des produits d'esth\u00e9tique automobile haut de gamme","og_url":"https:\/\/gliptoneeurope.com\/produit\/gliptone-1947-t-shirt-white\/","og_site_name":"Gliptone Europe","article_publisher":"https:\/\/www.facebook.com\/gliptoneeurope\/","article_modified_time":"2021-11-30T11:32:23+00:00","og_image":[{"width":1701,"height":1701,"url":"https:\/\/gliptoneeurope.com\/wp-content\/uploads\/86A7349-Edit.jpg","type":"image\/jpeg"}],"twitter_card":"summary_large_image","schema":{"@context":"https:\/\/schema.org","@graph":[{"@type":"WebPage","@id":"https:\/\/gliptoneeurope.com\/produit\/gliptone-1947-t-shirt-white\/","url":"https:\/\/gliptoneeurope.com\/produit\/gliptone-1947-t-shirt-white\/","name":"GLIPTONE 1947- T-Shirt (Blanc) - Gliptone Europe","isPartOf":{"@id":"https:\/\/gliptoneeurope.com\/#website"},"primaryImageOfPage":{"@id":"https:\/\/gliptoneeurope.com\/produit\/gliptone-1947-t-shirt-white\/#primaryimage"},"image":{"@id":"https:\/\/gliptoneeurope.com\/produit\/gliptone-1947-t-shirt-white\/#primaryimage"},"thumbnailUrl":"https:\/\/gliptoneeurope.com\/wp-content\/uploads\/86A7349-Edit.jpg","datePublished":"2021-05-26T14:29:19+00:00","dateModified":"2021-11-30T11:32:23+00:00","description":"Nos T-shirts Gliptone 1947 sont d\u00e9sormais disponibles en noir, gris et blanc.","breadcrumb":{"@id":"https:\/\/gliptoneeurope.com\/produit\/gliptone-1947-t-shirt-white\/#breadcrumb"},"inLanguage":"fr-FR","potentialAction":[{"@type":"ReadAction","target":["https:\/\/gliptoneeurope.com\/produit\/gliptone-1947-t-shirt-white\/"]}]},{"@type":"ImageObject","inLanguage":"fr-FR","@id":"https:\/\/gliptoneeurope.com\/produit\/gliptone-1947-t-shirt-white\/#primaryimage","url":"https:\/\/gliptoneeurope.com\/wp-content\/uploads\/86A7349-Edit.jpg","contentUrl":"https:\/\/gliptoneeurope.com\/wp-content\/uploads\/86A7349-Edit.jpg","width":1701,"height":1701},{"@type":"BreadcrumbList","@id":"https:\/\/gliptoneeurope.com\/produit\/gliptone-1947-t-shirt-white\/#breadcrumb","itemListElement":[{"@type":"ListItem","position":1,"name":"Home","item":"https:\/\/gliptoneeurope.com\/"},{"@type":"ListItem","position":2,"name":"Boutique","item":"https:\/\/gliptoneeurope.com\/fr\/boutique\/"},{"@type":"ListItem","position":3,"name":"GLIPTONE 1947- T-Shirt (Blanc)"}]},{"@type":"WebSite","@id":"https:\/\/gliptoneeurope.com\/#website","url":"https:\/\/gliptoneeurope.com\/","name":"Gliptone Europe","description":"Professional Car Detailing Products","publisher":{"@id":"https:\/\/gliptoneeurope.com\/#organization"},"potentialAction":[{"@type":"SearchAction","target":{"@type":"EntryPoint","urlTemplate":"https:\/\/gliptoneeurope.com\/?s={search_term_string}"},"query-input":{"@type":"PropertyValueSpecification","valueRequired":true,"valueName":"search_term_string"}}],"inLanguage":"fr-FR"},{"@type":"Organization","@id":"https:\/\/gliptoneeurope.com\/#organization","name":"Gliptone Europe","url":"https:\/\/gliptoneeurope.com\/","logo":{"@type":"ImageObject","inLanguage":"fr-FR","@id":"https:\/\/gliptoneeurope.com\/#\/schema\/logo\/image\/","url":"https:\/\/gliptoneeurope.com\/wp-content\/uploads\/Gliptone_Logo.png","contentUrl":"https:\/\/gliptoneeurope.com\/wp-content\/uploads\/Gliptone_Logo.png","width":1472,"height":607,"caption":"Gliptone Europe"},"image":{"@id":"https:\/\/gliptoneeurope.com\/#\/schema\/logo\/image\/"},"sameAs":["https:\/\/www.facebook.com\/gliptoneeurope\/","https:\/\/www.instagram.com\/gliptoneeurope\/","https:\/\/www.pinterest.co.uk\/GliptoneEurope\/"]}]}},"wcpa_form_fields":null,"_links":{"self":[{"href":"https:\/\/gliptoneeurope.com\/fr\/wp-json\/wp\/v2\/product\/11433","targetHints":{"allow":["GET"]}}],"collection":[{"href":"https:\/\/gliptoneeurope.com\/fr\/wp-json\/wp\/v2\/product"}],"about":[{"href":"https:\/\/gliptoneeurope.com\/fr\/wp-json\/wp\/v2\/types\/product"}],"wp:featuredmedia":[{"embeddable":true,"href":"https:\/\/gliptoneeurope.com\/fr\/wp-json\/wp\/v2\/media\/11032"}],"wp:attachment":[{"href":"https:\/\/gliptoneeurope.com\/fr\/wp-json\/wp\/v2\/media?parent=11433"}],"wp:term":[{"taxonomy":"product_brand","embeddable":true,"href":"https:\/\/gliptoneeurope.com\/fr\/wp-json\/wp\/v2\/product_brand?post=11433"},{"taxonomy":"product_cat","embeddable":true,"href":"https:\/\/gliptoneeurope.com\/fr\/wp-json\/wp\/v2\/product_cat?post=11433"},{"taxonomy":"product_tag","embeddable":true,"href":"https:\/\/gliptoneeurope.com\/fr\/wp-json\/wp\/v2\/product_tag?post=11433"}],"curies":[{"name":"wp","href":"https:\/\/api.w.org\/{rel}","templated":true}]}}