{"id":11405,"date":"2021-06-17T10:20:41","date_gmt":"2021-11-30T11:32:14","guid":{"rendered":"https:\/\/gliptoneeurope.com\/product\/kit-de-demarrage-de-detailer\/"},"modified":"2023-02-02T13:37:56","modified_gmt":"2023-02-02T13:37:56","slug":"detailer-starter-kit-2","status":"publish","type":"product","link":"https:\/\/gliptoneeurope.com\/fr\/produit\/detailer-starter-kit-2\/","title":{"rendered":"Kit de d\u00e9marrage de detailer"},"content":{"rendered":"<p>Notre kit de d\u00e9marrage Detailer est parfait pour donner \u00e0 votre voiture un peu de TLC. Livr\u00e9 avec tous les produits de finition pour obtenir une finition professionnelle.<\/p>\n<p>Les produits inclus dans cette offre sont notre shampooing Wash-n-Glow au pH neutre de qualit\u00e9 sup\u00e9rieure, notre barre d&#8217;argile corporelle, notre nettoyant ext\u00e9rieur express, notre cire apr\u00e8s lavage Glipgloss, notre nettoyant int\u00e9rieur express et un paquet de 5 serviettes de nettoyage en microfibre polyvalentes.<\/p>\n<p>Utilisez <a href=\"https:\/\/gliptoneeurope.com\/product\/wash-n-glow\/\">Wash-n-Glow<\/a> pour \u00e9liminer toute salet\u00e9 et crasse de surface avant d&#8217;\u00e9liminer tout contaminant tel que la poussi\u00e8re de frein et les r\u00e9sidus d&#8217;insectes de la voiture avec notre <a href=\"https:\/\/gliptoneeurope.com\/product\/body-bar-clay-bar\/\">Body Clay Bar<\/a> en utilisant <a href=\"https:\/\/gliptoneeurope.com\/product\/express-exterior-detailer\/\">Express Interior Detailer<\/a> comme lubrifiant. Une fois que l&#8217;ext\u00e9rieur de la voiture est propre, appliquez simplement notre <a href=\"https:\/\/gliptoneeurope.com\/product\/glipgloss-wax-after-wash\/\">Glipgloss Wax-after Wash<\/a> pour lui donner une brillance et une finition sup\u00e9rieures.<\/p>\n<p>Pour l&#8217;int\u00e9rieur de votre voiture, utilisez notre <a href=\"https:\/\/gliptoneeurope.com\/product\/express-interior-detailer\/\">Express Interior Detailer,<\/a> vaporisez simplement sur l&#8217;une de nos <a href=\"https:\/\/gliptoneeurope.com\/product\/multi-purpose-microfibre-cleaning-towels\/\">serviettes de nettoyage<\/a> en microfibre et appliquez-la sur le tableau de bord, le volant, l&#8217;\u00e9cran, etc.<\/p>\n","protected":false},"excerpt":{"rendered":"<p>Notre kit de d\u00e9marrage Detailer est parfait pour donner \u00e0 votre voiture un peu de TLC. Livr\u00e9 avec tous les produits de finition pour obtenir une finition professionnelle. Les produits inclus dans cette offre sont notre shampooing Wash-n-Glow au pH neutre de qualit\u00e9 sup\u00e9rieure, notre barre d&#8217;argile corporelle, notre nettoyant ext\u00e9rieur express, notre cire apr\u00e8s [&hellip;]<\/p>\n","protected":false},"featured_media":11062,"template":"","meta":[],"product_brand":[],"product_cat":[94,97],"product_tag":[],"class_list":{"0":"post-11405","1":"product","2":"type-product","3":"status-publish","4":"has-post-thumbnail","6":"product_cat-nouveaux-produits","7":"product_cat-trousses","9":"first","10":"instock","11":"taxable","12":"shipping-taxable","13":"purchasable","14":"product-type-simple"},"yoast_head":"<!-- This site is optimized with the Yoast SEO Premium plugin v21.4 (Yoast SEO v27.4) - https:\/\/yoast.com\/product\/yoast-seo-premium-wordpress\/ -->\n<title>Kit de d\u00e9marrage de detailer - Gliptone Europe<\/title>\n<meta name=\"description\" content=\"Notre kit de d\u00e9marrage Detailer est parfait pour donner \u00e0 votre voiture un peu de TLC. Livr\u00e9 avec tous les produits de finition pour obtenir une finition professionnelle.\" \/>\n<meta name=\"robots\" content=\"index, follow, max-snippet:-1, max-image-preview:large, max-video-preview:-1\" \/>\n<link rel=\"canonical\" href=\"https:\/\/gliptoneeurope.com\/fr\/produit\/detailer-starter-kit-2\/\" \/>\n<meta property=\"og:locale\" content=\"fr_FR\" \/>\n<meta property=\"og:type\" content=\"article\" \/>\n<meta property=\"og:title\" content=\"Kit de d\u00e9marrage de detailer\" \/>\n<meta property=\"og:description\" content=\"Notre kit de d\u00e9marrage Detailer est parfait pour donner \u00e0 votre voiture un peu de TLC. Livr\u00e9 avec tous les produits de finition pour obtenir une finition\" \/>\n<meta property=\"og:url\" content=\"https:\/\/gliptoneeurope.com\/fr\/produit\/detailer-starter-kit-2\/\" \/>\n<meta property=\"og:site_name\" content=\"Gliptone Europe\" \/>\n<meta property=\"article:publisher\" content=\"https:\/\/www.facebook.com\/gliptoneeurope\/\" \/>\n<meta property=\"article:modified_time\" content=\"2023-02-02T13:37:56+00:00\" \/>\n<meta property=\"og:image\" content=\"https:\/\/gliptoneeurope.com\/wp-content\/uploads\/Fathers-Day-Dill-_-xxl_print-scaled.jpg\" \/>\n\t<meta property=\"og:image:width\" content=\"2560\" \/>\n\t<meta property=\"og:image:height\" content=\"1707\" \/>\n\t<meta property=\"og:image:type\" content=\"image\/jpeg\" \/>\n<meta name=\"twitter:card\" content=\"summary_large_image\" \/>\n<meta name=\"twitter:label1\" content=\"Dur\u00e9e de lecture estim\u00e9e\" \/>\n\t<meta name=\"twitter:data1\" content=\"1 minute\" \/>\n<script type=\"application\/ld+json\" class=\"yoast-schema-graph\">{\"@context\":\"https:\\\/\\\/schema.org\",\"@graph\":[{\"@type\":\"WebPage\",\"@id\":\"https:\\\/\\\/gliptoneeurope.com\\\/fr\\\/produit\\\/detailer-starter-kit-2\\\/\",\"url\":\"https:\\\/\\\/gliptoneeurope.com\\\/fr\\\/produit\\\/detailer-starter-kit-2\\\/\",\"name\":\"Kit de d\u00e9marrage de detailer - Gliptone Europe\",\"isPartOf\":{\"@id\":\"https:\\\/\\\/gliptoneeurope.com\\\/#website\"},\"primaryImageOfPage\":{\"@id\":\"https:\\\/\\\/gliptoneeurope.com\\\/fr\\\/produit\\\/detailer-starter-kit-2\\\/#primaryimage\"},\"image\":{\"@id\":\"https:\\\/\\\/gliptoneeurope.com\\\/fr\\\/produit\\\/detailer-starter-kit-2\\\/#primaryimage\"},\"thumbnailUrl\":\"https:\\\/\\\/gliptoneeurope.com\\\/wp-content\\\/uploads\\\/Fathers-Day-Dill-_-xxl_print-scaled.jpg\",\"datePublished\":\"2021-11-30T11:32:14+00:00\",\"dateModified\":\"2023-02-02T13:37:56+00:00\",\"description\":\"Notre kit de d\u00e9marrage Detailer est parfait pour donner \u00e0 votre voiture un peu de TLC. Livr\u00e9 avec tous les produits de finition pour obtenir une finition professionnelle.\",\"breadcrumb\":{\"@id\":\"https:\\\/\\\/gliptoneeurope.com\\\/fr\\\/produit\\\/detailer-starter-kit-2\\\/#breadcrumb\"},\"inLanguage\":\"fr-FR\",\"potentialAction\":[{\"@type\":\"ReadAction\",\"target\":[\"https:\\\/\\\/gliptoneeurope.com\\\/fr\\\/produit\\\/detailer-starter-kit-2\\\/\"]}]},{\"@type\":\"ImageObject\",\"inLanguage\":\"fr-FR\",\"@id\":\"https:\\\/\\\/gliptoneeurope.com\\\/fr\\\/produit\\\/detailer-starter-kit-2\\\/#primaryimage\",\"url\":\"https:\\\/\\\/gliptoneeurope.com\\\/wp-content\\\/uploads\\\/Fathers-Day-Dill-_-xxl_print-scaled.jpg\",\"contentUrl\":\"https:\\\/\\\/gliptoneeurope.com\\\/wp-content\\\/uploads\\\/Fathers-Day-Dill-_-xxl_print-scaled.jpg\",\"width\":2560,\"height\":1707},{\"@type\":\"BreadcrumbList\",\"@id\":\"https:\\\/\\\/gliptoneeurope.com\\\/fr\\\/produit\\\/detailer-starter-kit-2\\\/#breadcrumb\",\"itemListElement\":[{\"@type\":\"ListItem\",\"position\":1,\"name\":\"Home\",\"item\":\"https:\\\/\\\/gliptoneeurope.com\\\/\"},{\"@type\":\"ListItem\",\"position\":2,\"name\":\"Boutique\",\"item\":\"https:\\\/\\\/gliptoneeurope.com\\\/fr\\\/boutique\\\/\"},{\"@type\":\"ListItem\",\"position\":3,\"name\":\"Kit de d\u00e9marrage de detailer\"}]},{\"@type\":\"WebSite\",\"@id\":\"https:\\\/\\\/gliptoneeurope.com\\\/#website\",\"url\":\"https:\\\/\\\/gliptoneeurope.com\\\/\",\"name\":\"Gliptone Europe\",\"description\":\"Professional Car Detailing Products\",\"publisher\":{\"@id\":\"https:\\\/\\\/gliptoneeurope.com\\\/#organization\"},\"potentialAction\":[{\"@type\":\"SearchAction\",\"target\":{\"@type\":\"EntryPoint\",\"urlTemplate\":\"https:\\\/\\\/gliptoneeurope.com\\\/?s={search_term_string}\"},\"query-input\":{\"@type\":\"PropertyValueSpecification\",\"valueRequired\":true,\"valueName\":\"search_term_string\"}}],\"inLanguage\":\"fr-FR\"},{\"@type\":\"Organization\",\"@id\":\"https:\\\/\\\/gliptoneeurope.com\\\/#organization\",\"name\":\"Gliptone Europe\",\"url\":\"https:\\\/\\\/gliptoneeurope.com\\\/\",\"logo\":{\"@type\":\"ImageObject\",\"inLanguage\":\"fr-FR\",\"@id\":\"https:\\\/\\\/gliptoneeurope.com\\\/#\\\/schema\\\/logo\\\/image\\\/\",\"url\":\"https:\\\/\\\/gliptoneeurope.com\\\/wp-content\\\/uploads\\\/Gliptone_Logo.png\",\"contentUrl\":\"https:\\\/\\\/gliptoneeurope.com\\\/wp-content\\\/uploads\\\/Gliptone_Logo.png\",\"width\":1472,\"height\":607,\"caption\":\"Gliptone Europe\"},\"image\":{\"@id\":\"https:\\\/\\\/gliptoneeurope.com\\\/#\\\/schema\\\/logo\\\/image\\\/\"},\"sameAs\":[\"https:\\\/\\\/www.facebook.com\\\/gliptoneeurope\\\/\",\"https:\\\/\\\/www.instagram.com\\\/gliptoneeurope\\\/\",\"https:\\\/\\\/www.pinterest.co.uk\\\/GliptoneEurope\\\/\"]}]}<\/script>\n<!-- \/ Yoast SEO Premium plugin. -->","yoast_head_json":{"title":"Kit de d\u00e9marrage de detailer - Gliptone Europe","description":"Notre kit de d\u00e9marrage Detailer est parfait pour donner \u00e0 votre voiture un peu de TLC. Livr\u00e9 avec tous les produits de finition pour obtenir une finition professionnelle.","robots":{"index":"index","follow":"follow","max-snippet":"max-snippet:-1","max-image-preview":"max-image-preview:large","max-video-preview":"max-video-preview:-1"},"canonical":"https:\/\/gliptoneeurope.com\/fr\/produit\/detailer-starter-kit-2\/","og_locale":"fr_FR","og_type":"article","og_title":"Kit de d\u00e9marrage de detailer","og_description":"Notre kit de d\u00e9marrage Detailer est parfait pour donner \u00e0 votre voiture un peu de TLC. Livr\u00e9 avec tous les produits de finition pour obtenir une finition","og_url":"https:\/\/gliptoneeurope.com\/fr\/produit\/detailer-starter-kit-2\/","og_site_name":"Gliptone Europe","article_publisher":"https:\/\/www.facebook.com\/gliptoneeurope\/","article_modified_time":"2023-02-02T13:37:56+00:00","og_image":[{"width":2560,"height":1707,"url":"https:\/\/gliptoneeurope.com\/wp-content\/uploads\/Fathers-Day-Dill-_-xxl_print-scaled.jpg","type":"image\/jpeg"}],"twitter_card":"summary_large_image","twitter_misc":{"Dur\u00e9e de lecture estim\u00e9e":"1 minute"},"schema":{"@context":"https:\/\/schema.org","@graph":[{"@type":"WebPage","@id":"https:\/\/gliptoneeurope.com\/fr\/produit\/detailer-starter-kit-2\/","url":"https:\/\/gliptoneeurope.com\/fr\/produit\/detailer-starter-kit-2\/","name":"Kit de d\u00e9marrage de detailer - Gliptone Europe","isPartOf":{"@id":"https:\/\/gliptoneeurope.com\/#website"},"primaryImageOfPage":{"@id":"https:\/\/gliptoneeurope.com\/fr\/produit\/detailer-starter-kit-2\/#primaryimage"},"image":{"@id":"https:\/\/gliptoneeurope.com\/fr\/produit\/detailer-starter-kit-2\/#primaryimage"},"thumbnailUrl":"https:\/\/gliptoneeurope.com\/wp-content\/uploads\/Fathers-Day-Dill-_-xxl_print-scaled.jpg","datePublished":"2021-11-30T11:32:14+00:00","dateModified":"2023-02-02T13:37:56+00:00","description":"Notre kit de d\u00e9marrage Detailer est parfait pour donner \u00e0 votre voiture un peu de TLC. Livr\u00e9 avec tous les produits de finition pour obtenir une finition professionnelle.","breadcrumb":{"@id":"https:\/\/gliptoneeurope.com\/fr\/produit\/detailer-starter-kit-2\/#breadcrumb"},"inLanguage":"fr-FR","potentialAction":[{"@type":"ReadAction","target":["https:\/\/gliptoneeurope.com\/fr\/produit\/detailer-starter-kit-2\/"]}]},{"@type":"ImageObject","inLanguage":"fr-FR","@id":"https:\/\/gliptoneeurope.com\/fr\/produit\/detailer-starter-kit-2\/#primaryimage","url":"https:\/\/gliptoneeurope.com\/wp-content\/uploads\/Fathers-Day-Dill-_-xxl_print-scaled.jpg","contentUrl":"https:\/\/gliptoneeurope.com\/wp-content\/uploads\/Fathers-Day-Dill-_-xxl_print-scaled.jpg","width":2560,"height":1707},{"@type":"BreadcrumbList","@id":"https:\/\/gliptoneeurope.com\/fr\/produit\/detailer-starter-kit-2\/#breadcrumb","itemListElement":[{"@type":"ListItem","position":1,"name":"Home","item":"https:\/\/gliptoneeurope.com\/"},{"@type":"ListItem","position":2,"name":"Boutique","item":"https:\/\/gliptoneeurope.com\/fr\/boutique\/"},{"@type":"ListItem","position":3,"name":"Kit de d\u00e9marrage de detailer"}]},{"@type":"WebSite","@id":"https:\/\/gliptoneeurope.com\/#website","url":"https:\/\/gliptoneeurope.com\/","name":"Gliptone Europe","description":"Professional Car Detailing Products","publisher":{"@id":"https:\/\/gliptoneeurope.com\/#organization"},"potentialAction":[{"@type":"SearchAction","target":{"@type":"EntryPoint","urlTemplate":"https:\/\/gliptoneeurope.com\/?s={search_term_string}"},"query-input":{"@type":"PropertyValueSpecification","valueRequired":true,"valueName":"search_term_string"}}],"inLanguage":"fr-FR"},{"@type":"Organization","@id":"https:\/\/gliptoneeurope.com\/#organization","name":"Gliptone Europe","url":"https:\/\/gliptoneeurope.com\/","logo":{"@type":"ImageObject","inLanguage":"fr-FR","@id":"https:\/\/gliptoneeurope.com\/#\/schema\/logo\/image\/","url":"https:\/\/gliptoneeurope.com\/wp-content\/uploads\/Gliptone_Logo.png","contentUrl":"https:\/\/gliptoneeurope.com\/wp-content\/uploads\/Gliptone_Logo.png","width":1472,"height":607,"caption":"Gliptone Europe"},"image":{"@id":"https:\/\/gliptoneeurope.com\/#\/schema\/logo\/image\/"},"sameAs":["https:\/\/www.facebook.com\/gliptoneeurope\/","https:\/\/www.instagram.com\/gliptoneeurope\/","https:\/\/www.pinterest.co.uk\/GliptoneEurope\/"]}]}},"wcpa_form_fields":null,"_links":{"self":[{"href":"https:\/\/gliptoneeurope.com\/fr\/wp-json\/wp\/v2\/product\/11405","targetHints":{"allow":["GET"]}}],"collection":[{"href":"https:\/\/gliptoneeurope.com\/fr\/wp-json\/wp\/v2\/product"}],"about":[{"href":"https:\/\/gliptoneeurope.com\/fr\/wp-json\/wp\/v2\/types\/product"}],"wp:featuredmedia":[{"embeddable":true,"href":"https:\/\/gliptoneeurope.com\/fr\/wp-json\/wp\/v2\/media\/11062"}],"wp:attachment":[{"href":"https:\/\/gliptoneeurope.com\/fr\/wp-json\/wp\/v2\/media?parent=11405"}],"wp:term":[{"taxonomy":"product_brand","embeddable":true,"href":"https:\/\/gliptoneeurope.com\/fr\/wp-json\/wp\/v2\/product_brand?post=11405"},{"taxonomy":"product_cat","embeddable":true,"href":"https:\/\/gliptoneeurope.com\/fr\/wp-json\/wp\/v2\/product_cat?post=11405"},{"taxonomy":"product_tag","embeddable":true,"href":"https:\/\/gliptoneeurope.com\/fr\/wp-json\/wp\/v2\/product_tag?post=11405"}],"curies":[{"name":"wp","href":"https:\/\/api.w.org\/{rel}","templated":true}]}}