{"id":15105,"date":"2022-06-30T11:34:54","date_gmt":"2022-06-30T11:34:54","guid":{"rendered":"https:\/\/gliptoneeurope.com\/15105-2\/"},"modified":"2024-01-11T22:41:09","modified_gmt":"2024-01-11T22:41:09","slug":"15105-2","status":"publish","type":"page","link":"https:\/\/gliptoneeurope.com\/fr\/15105-2\/","title":{"rendered":"Acad\u00e9mie de formation"},"content":{"rendered":"\n<style type=\"text\/css\" data-created_by=\"avia_inline_auto\" id=\"style-css-av-kl28d86g-f92699c7a36945e2846cda4eb04c953b\">\n.avia-section.av-kl28d86g-f92699c7a36945e2846cda4eb04c953b{\nbackground-repeat:no-repeat;\nbackground-image:url(https:\/\/gliptoneeurope.com\/wp-content\/uploads\/Leather-Image-scaled.jpg);\nbackground-position:50% 50%;\nbackground-attachment:scroll;\n}\n<\/style>\n<div id='av_section_1'  class='avia-section av-kl28d86g-f92699c7a36945e2846cda4eb04c953b main_color avia-section-default avia-no-border-styling  avia-builder-el-0  el_before_av_hr  avia-builder-el-first  avia-full-stretch avia-bg-style-scroll av-minimum-height av-minimum-height-50 av-height-50  container_wrap fullsize'  data-section-bg-repeat='stretch' data-av_minimum_height_pc='50' data-av_min_height_opt='50'><div class='container av-section-cont-open' ><main  role=\"main\" itemprop=\"mainContentOfPage\"  class='template-page content  av-content-full alpha units'><div class='post-entry post-entry-type-page post-entry-15105'><div class='entry-content-wrapper clearfix'>\n\n<style type=\"text\/css\" data-created_by=\"avia_inline_auto\" id=\"style-css-av-1d2e1n-ea0ff86f24d0eb62b3078ce1bb0ab849\">\n.flex_column.av-1d2e1n-ea0ff86f24d0eb62b3078ce1bb0ab849{\nborder-radius:0px 0px 0px 0px;\npadding:0px 0px 0px 0px;\n}\n<\/style>\n<div  class='flex_column av-1d2e1n-ea0ff86f24d0eb62b3078ce1bb0ab849 av_one_full  avia-builder-el-1  avia-builder-el-no-sibling  first flex_column_div av-zero-column-padding  '     ><style type=\"text\/css\" data-created_by=\"avia_inline_auto\" id=\"style-css-av-l50yyiqd-6e457550d4ef38ad85e4cf5906931725\">\n#top .av-special-heading.av-l50yyiqd-6e457550d4ef38ad85e4cf5906931725{\npadding-bottom:10px;\ncolor:#ffffff;\n}\nbody .av-special-heading.av-l50yyiqd-6e457550d4ef38ad85e4cf5906931725 .av-special-heading-tag .heading-char{\nfont-size:25px;\n}\n.av-special-heading.av-l50yyiqd-6e457550d4ef38ad85e4cf5906931725 .special-heading-inner-border{\nborder-color:#ffffff;\n}\n.av-special-heading.av-l50yyiqd-6e457550d4ef38ad85e4cf5906931725 .av-subheading{\nfont-size:24px;\n}\n<\/style>\n<div  class='av-special-heading av-l50yyiqd-6e457550d4ef38ad85e4cf5906931725 av-special-heading-h1 custom-color-heading blockquote elegant-quote elegant-centered  avia-builder-el-2  avia-builder-el-no-sibling  shadow'><h1 class='av-special-heading-tag '  itemprop=\"headline\"  ><span class=\"heading-wrap\">ACAD\u00c9MIE DE FORMATION<\/span><\/h1><div class=\"special-heading-border\"><div class=\"special-heading-inner-border\"><\/div><\/div><\/div><\/div>\n<\/div><\/div><\/main><!-- close content main element --><\/div><\/div><div id='after_section_1'  class='main_color av_default_container_wrap container_wrap fullsize'  ><div class='container av-section-cont-open' ><div class='template-page content  av-content-full alpha units'><div class='post-entry post-entry-type-page post-entry-15105'><div class='entry-content-wrapper clearfix'>\n\n<style type=\"text\/css\" data-created_by=\"avia_inline_auto\" id=\"style-css-av-l50yifky-586e7a19d6885f48c4a88fb1c751a245\">\n#top .hr.hr-invisible.av-l50yifky-586e7a19d6885f48c4a88fb1c751a245{\nheight:35px;\n}\n<\/style>\n<div  class='hr av-l50yifky-586e7a19d6885f48c4a88fb1c751a245 hr-invisible  avia-builder-el-3  el_after_av_section  el_before_av_textblock  avia-builder-el-first '><span class='hr-inner '><span class=\"hr-inner-style\"><\/span><\/span><\/div>\n\n<style type=\"text\/css\" data-created_by=\"avia_inline_auto\" id=\"style-css-av-kl28jx8m-58668288bf7f69e2035db03bbe6f7b16\">\n#top .av_textblock_section.av-kl28jx8m-58668288bf7f69e2035db03bbe6f7b16 .avia_textblock{\nfont-size:18px;\n}\n<\/style>\n<section  class='av_textblock_section av-kl28jx8m-58668288bf7f69e2035db03bbe6f7b16 '   itemscope=\"itemscope\" itemtype=\"https:\/\/schema.org\/CreativeWork\" ><div class='avia_textblock'  itemprop=\"text\" ><h2 style=\"font-weight: 400; text-align: center;\"><strong>Apprendre le m\u00e9tier&#8230; Apprendre les comp\u00e9tences&#8230;. Gagnez vos ailes de Gliptone<\/strong><\/h2>\n<\/div><\/section>\n\n<style type=\"text\/css\" data-created_by=\"avia_inline_auto\" id=\"style-css-av-cbvcpn-54d1b64839e0263cc7c7094f867d55bc\">\n.flex_column.av-cbvcpn-54d1b64839e0263cc7c7094f867d55bc{\nborder-radius:0px 0px 0px 0px;\npadding:0px 0px 0px 0px;\n}\n<\/style>\n<div  class='flex_column av-cbvcpn-54d1b64839e0263cc7c7094f867d55bc av_two_third  avia-builder-el-5  el_after_av_textblock  el_before_av_one_third  first flex_column_div av-zero-column-padding  column-top-margin'     ><section  class='av_textblock_section av-kl2iu6kj-e85d78408ff83f8cceaa77fe1cb26483 '   itemscope=\"itemscope\" itemtype=\"https:\/\/schema.org\/CreativeWork\" ><div class='avia_textblock'  itemprop=\"text\" ><p style=\"font-weight: 400;\">John Severn, notre expert en cuir et formateur attitr\u00e9, a cr\u00e9\u00e9 depuis 2008 un programme complet d&#8217;entretien et de r\u00e9paration du cuir qui s&#8217;adresse aussi bien aux amateurs de voitures qu&#8217;aux grandes entreprises. La cl\u00e9 de son succ\u00e8s est la passion pour la finition parfaite et le respect des \u00e9tapes cl\u00e9s de la restauration du cuir \u00e0 l&#8217;aide de son syst\u00e8me de r\u00e9paration de pointe et de la gamme de performance sp\u00e9cialis\u00e9e de Gliptone.<\/p>\n<p style=\"font-weight: 400;\">Nous proposons une gamme de cours de 1 \u00e0 3 jours, disponibles en ligne ou dans nos locaux du Cheshire. Pour r\u00e9server, parlez \u00e0 nos conseillers au 01244 726695.<\/p>\n<p style=\"font-weight: 400;\">Les cours d&#8217;une journ\u00e9e en ligne sur mesure comprennent les kits correspondants, ce qui vous permet d&#8217;adapter les cours \u00e0 vos besoins ou \u00e0 ceux de vos \u00e9quipes.<\/p>\n<p style=\"font-weight: 400;\"><strong>Tarifs :<\/strong> Les cours de jour en ligne sur mesure sont disponibles sur demande.<\/p>\n<\/div><\/section><br \/>\n\n<style type=\"text\/css\" data-created_by=\"avia_inline_auto\" id=\"style-css-av-l50yifky-9-3d64d628c3bd70cf7c2cf91a0cb88117\">\n#top .hr.av-l50yifky-9-3d64d628c3bd70cf7c2cf91a0cb88117{\nmargin-top:30px;\nmargin-bottom:30px;\n}\n.hr.av-l50yifky-9-3d64d628c3bd70cf7c2cf91a0cb88117 .hr-inner{\nwidth:100%;\nborder-color:#afafaf;\n}\n<\/style>\n<div  class='hr av-l50yifky-9-3d64d628c3bd70cf7c2cf91a0cb88117 hr-custom  avia-builder-el-7  el_after_av_textblock  el_before_av_textblock  hr-center hr-icon-no'><span class='hr-inner inner-border-av-border-thin'><span class=\"hr-inner-style\"><\/span><\/span><\/div><br \/>\n<section  class='av_textblock_section av-kl2iu6kj-8-ac5937fcff3f4c88f5d48e27ba49bd4d '   itemscope=\"itemscope\" itemtype=\"https:\/\/schema.org\/CreativeWork\" ><div class='avia_textblock'  itemprop=\"text\" ><h2><span style=\"color: #ff6600;\">Informations sur le cours<\/span><\/h2>\n<\/div><\/section><br \/>\n<section  class='av_textblock_section av-kl2iu6kj-6-11beb18cf965570ba06c4bb1cea1e137 '   itemscope=\"itemscope\" itemtype=\"https:\/\/schema.org\/CreativeWork\" ><div class='avia_textblock'  itemprop=\"text\" ><h4><span style=\"color: #000000;\"><strong>Cours d&#8217;un jour<\/strong><\/span><\/h4>\n<p>Ce cours s&#8217;adresse \u00e0 tout le monde, que vous souhaitiez cr\u00e9er votre propre entreprise, avoir une remise \u00e0 niveau ou m\u00eame si vous travaillez d\u00e9j\u00e0 dans l&#8217;industrie du cuir. Vous repartirez avec une meilleure compr\u00e9hension du cuir dans son ensemble et vous explorerez les diff\u00e9rents types et qualit\u00e9s de cuir disponibles. En vous donnant la confiance et les connaissances n\u00e9cessaires pour communiquer plus efficacement lorsque vous discutez du cuir avec les clients.<\/p>\n<p>Nous passerons en revue les diff\u00e9rents types de cuir, les finitions et les techniques permettant de d\u00e9terminer le type de cuir auquel vous avez affaire.<\/p>\n<p>Nous aborderons les r\u00e9parations mineures, notamment les petites \u00e9raflures, les fissures, l&#8217;\u00e9limination des transferts de teinture et les diff\u00e9rentes m\u00e9thodes de nettoyage.<\/p>\n<p>Vous devriez repartir avec confiance et une base de connaissances plus enrichie sur le cuir et ses r\u00e9parations.<\/p>\n<h4><span style=\"color: #000000;\"><strong>Cours de 2 jours<\/strong><\/span><\/h4>\n<p>Dans notre cours de deux jours, vous acquerrez une connaissance beaucoup plus approfondie des r\u00e9parations, des changements de couleur, de la restauration \u00e0 l&#8217;aniline, de la restauration par traction, de l&#8217;\u00e9limination des graisses et des r\u00e9parations majeures telles que les trous, les d\u00e9chirures et les d\u00e9chirures. Nous aborderons \u00e9galement la reproduction du grain et la correspondance des couleurs et de la brillance. Ce cours conviendrait parfaitement \u00e0 tout technicien du cuir d\u00e9sireux d&#8217;approfondir ses connaissances.<\/p>\n<h4><span style=\"color: #000000;\"><strong>Cours de 3 jours<\/strong><\/span><\/h4>\n<p>Le cours de 3 jours a le m\u00eame contenu que les 2 jours mais nous consacrons une journ\u00e9e \u00e0 la correspondance des couleurs. La correspondance des couleurs est une forme d&#8217;art. Nous vous montrerons les principes de base pour obtenir une correspondance de couleur et, surtout, les ajustements subtils de la couleur et de la brillance pour obtenir une finition parfaite. C&#8217;est en pratiquant que l&#8217;on devient parfait en mati\u00e8re de correspondance des couleurs, mais en suivant l&#8217;expertise et les connaissances de John, vous pouvez devenir un v\u00e9ritable ma\u00eetre de la couleur.<\/p>\n<\/div><\/section><br \/>\n\n<style type=\"text\/css\" data-created_by=\"avia_inline_auto\" id=\"style-css-av-l50yifky-7-4d35389c6cac4e7c1555f04d27eed7fd\">\n#top .hr.av-l50yifky-7-4d35389c6cac4e7c1555f04d27eed7fd{\nmargin-top:30px;\nmargin-bottom:30px;\n}\n.hr.av-l50yifky-7-4d35389c6cac4e7c1555f04d27eed7fd .hr-inner{\nwidth:100%;\nborder-color:#afafaf;\n}\n<\/style>\n<div  class='hr av-l50yifky-7-4d35389c6cac4e7c1555f04d27eed7fd hr-custom hr-center hr-icon-no'><span class='hr-inner inner-border-av-border-thin'><span class=\"hr-inner-style\"><\/span><\/span><\/div><br \/>\n<section  class='av_textblock_section av-kl2iu6kj-5-2508548a20c37abb7b8b04387560040e '   itemscope=\"itemscope\" itemtype=\"https:\/\/schema.org\/CreativeWork\" ><div class='avia_textblock'  itemprop=\"text\" ><p style=\"font-weight: 400;\"><strong>Cours dans notre \u00e9tablissement du Cheshire :<\/strong><\/p>\n<table style=\"font-weight: 400;\" width=\"498\">\n<thead>\n<tr>\n<td><strong>Nom du cours<\/strong><\/td>\n<td><strong>Dur\u00e9e<\/strong><\/td>\n<td><strong>Prix (par personne)<\/strong><\/td>\n<\/tr>\n<\/thead>\n<tbody>\n<tr>\n<td>Introduction au cuir<\/p>\n<p>&amp; R\u00e9parations mineures<\/td>\n<td>1 jour<\/td>\n<td>\u00a3240<\/td>\n<\/tr>\n<tr>\n<td>Restauration et r\u00e9paration du cuir<\/td>\n<td>2 jours<\/td>\n<td>\u00a3420<\/td>\n<\/tr>\n<tr>\n<td>Restauration et r\u00e9paration du cuir<\/p>\n<p>et la correspondance des couleurs<\/td>\n<td>3 jours<\/td>\n<td>\u00a3550<\/td>\n<\/tr>\n<tr>\n<td>Harmonisation des couleurs<\/td>\n<td>1 jour<\/td>\n<td>\u00a3240<\/td>\n<\/tr>\n<\/tbody>\n<\/table>\n<\/div><\/section><\/p><\/div>\n<style type=\"text\/css\" data-created_by=\"avia_inline_auto\" id=\"style-css-av-of2ucd-acfd379bc7b417594eacc681feba462b\">\n.flex_column.av-of2ucd-acfd379bc7b417594eacc681feba462b{\nborder-radius:0px 0px 0px 0px;\npadding:0px 0px 0px 0px;\n}\n<\/style>\n<div  class='flex_column av-of2ucd-acfd379bc7b417594eacc681feba462b av_one_third flex_column_div av-zero-column-padding  column-top-margin'     ><p>\n<style type=\"text\/css\" data-created_by=\"avia_inline_auto\" id=\"style-css-av-l50yqh75-d83ff92b3fa0280d83efcf605c8a8ab9\">\n.avia-image-container.av-l50yqh75-d83ff92b3fa0280d83efcf605c8a8ab9 img.avia_image{\nbox-shadow:none;\n}\n.avia-image-container.av-l50yqh75-d83ff92b3fa0280d83efcf605c8a8ab9 .av-image-caption-overlay-center{\ncolor:#ffffff;\n}\n<\/style>\n<div  class='avia-image-container av-l50yqh75-d83ff92b3fa0280d83efcf605c8a8ab9 av-styling- avia-align-center'   itemprop=\"image\" itemscope=\"itemscope\" itemtype=\"https:\/\/schema.org\/ImageObject\" ><div class=\"avia-image-container-inner\"><div class=\"avia-image-overlay-wrap\"><img decoding=\"async\" fetchpriority=\"high\" class='wp-image-15197 avia-img-lazy-loading-not-15197 avia_image ' src=\"https:\/\/gliptoneeurope.com\/wp-content\/uploads\/Training-1024x1024.jpg\" alt='' title='Formation'  height=\"1024\" width=\"1024\"  itemprop=\"thumbnailUrl\" srcset=\"https:\/\/gliptoneeurope.com\/wp-content\/uploads\/Training-1024x1024.jpg 1024w, https:\/\/gliptoneeurope.com\/wp-content\/uploads\/Training-300x300.jpg 300w, https:\/\/gliptoneeurope.com\/wp-content\/uploads\/Training-150x150.jpg 150w, https:\/\/gliptoneeurope.com\/wp-content\/uploads\/Training-768x768.jpg 768w, https:\/\/gliptoneeurope.com\/wp-content\/uploads\/Training-36x36.jpg 36w, https:\/\/gliptoneeurope.com\/wp-content\/uploads\/Training-180x180.jpg 180w, https:\/\/gliptoneeurope.com\/wp-content\/uploads\/Training-705x705.jpg 705w, https:\/\/gliptoneeurope.com\/wp-content\/uploads\/Training-100x100.jpg 100w, https:\/\/gliptoneeurope.com\/wp-content\/uploads\/Training-600x600.jpg 600w, https:\/\/gliptoneeurope.com\/wp-content\/uploads\/Training-32x32.jpg 32w, https:\/\/gliptoneeurope.com\/wp-content\/uploads\/Training.jpg 1122w\" sizes=\"(max-width: 1024px) 100vw, 1024px\" \/><\/div><\/div><\/div><br \/>\n\n<style type=\"text\/css\" data-created_by=\"avia_inline_auto\" id=\"style-css-av-l50yifky-4-a06454eb85d32a93663b7cd13bf7ccf8\">\n#top .hr.hr-invisible.av-l50yifky-4-a06454eb85d32a93663b7cd13bf7ccf8{\nheight:20px;\n}\n<\/style>\n<div  class='hr av-l50yifky-4-a06454eb85d32a93663b7cd13bf7ccf8 hr-invisible'><span class='hr-inner '><span class=\"hr-inner-style\"><\/span><\/span><\/div><br \/>\n\n<style type=\"text\/css\" data-created_by=\"avia_inline_auto\" id=\"style-css-av-l50yqh75-3-8db277291227a9531b0bb45d94430876\">\n.avia-image-container.av-l50yqh75-3-8db277291227a9531b0bb45d94430876 img.avia_image{\nbox-shadow:none;\n}\n.avia-image-container.av-l50yqh75-3-8db277291227a9531b0bb45d94430876 .av-image-caption-overlay-center{\ncolor:#ffffff;\n}\n<\/style>\n<div  class='avia-image-container av-l50yqh75-3-8db277291227a9531b0bb45d94430876 av-styling- avia-align-center'   itemprop=\"image\" itemscope=\"itemscope\" itemtype=\"https:\/\/schema.org\/ImageObject\" ><div class=\"avia-image-container-inner\"><div class=\"avia-image-overlay-wrap\"><img decoding=\"async\" fetchpriority=\"high\" class='wp-image-15175 avia-img-lazy-loading-not-15175 avia_image ' src=\"https:\/\/gliptoneeurope.com\/wp-content\/uploads\/BeforeAfter17-1024x1024-1.jpg\" alt='' title='BeforeAfter17-1024x1024'  height=\"1024\" width=\"1024\"  itemprop=\"thumbnailUrl\" srcset=\"https:\/\/gliptoneeurope.com\/wp-content\/uploads\/BeforeAfter17-1024x1024-1.jpg 1024w, https:\/\/gliptoneeurope.com\/wp-content\/uploads\/BeforeAfter17-1024x1024-1-300x300.jpg 300w, https:\/\/gliptoneeurope.com\/wp-content\/uploads\/BeforeAfter17-1024x1024-1-150x150.jpg 150w, https:\/\/gliptoneeurope.com\/wp-content\/uploads\/BeforeAfter17-1024x1024-1-768x768.jpg 768w, https:\/\/gliptoneeurope.com\/wp-content\/uploads\/BeforeAfter17-1024x1024-1-36x36.jpg 36w, https:\/\/gliptoneeurope.com\/wp-content\/uploads\/BeforeAfter17-1024x1024-1-180x180.jpg 180w, https:\/\/gliptoneeurope.com\/wp-content\/uploads\/BeforeAfter17-1024x1024-1-705x705.jpg 705w, https:\/\/gliptoneeurope.com\/wp-content\/uploads\/BeforeAfter17-1024x1024-1-100x100.jpg 100w, https:\/\/gliptoneeurope.com\/wp-content\/uploads\/BeforeAfter17-1024x1024-1-600x600.jpg 600w, https:\/\/gliptoneeurope.com\/wp-content\/uploads\/BeforeAfter17-1024x1024-1-32x32.jpg 32w\" sizes=\"(max-width: 1024px) 100vw, 1024px\" \/><\/div><\/div><\/div><br \/>\n\n<style type=\"text\/css\" data-created_by=\"avia_inline_auto\" id=\"style-css-av-l50yifky-2-f4a226950e2d6d12799f0549efe7fd3f\">\n#top .hr.hr-invisible.av-l50yifky-2-f4a226950e2d6d12799f0549efe7fd3f{\nheight:20px;\n}\n<\/style>\n<div  class='hr av-l50yifky-2-f4a226950e2d6d12799f0549efe7fd3f hr-invisible'><span class='hr-inner '><span class=\"hr-inner-style\"><\/span><\/span><\/div><br \/>\n\n<style type=\"text\/css\" data-created_by=\"avia_inline_auto\" id=\"style-css-av-l50yqh75-1-e98a3656c8db6949a7870707138f5831\">\n.avia-image-container.av-l50yqh75-1-e98a3656c8db6949a7870707138f5831 img.avia_image{\nbox-shadow:none;\n}\n.avia-image-container.av-l50yqh75-1-e98a3656c8db6949a7870707138f5831 .av-image-caption-overlay-center{\ncolor:#ffffff;\n}\n<\/style>\n<div  class='avia-image-container av-l50yqh75-1-e98a3656c8db6949a7870707138f5831 av-styling- avia-align-center'   itemprop=\"image\" itemscope=\"itemscope\" itemtype=\"https:\/\/schema.org\/ImageObject\" ><div class=\"avia-image-container-inner\"><div class=\"avia-image-overlay-wrap\"><img decoding=\"async\" fetchpriority=\"high\" class='wp-image-15200 avia-img-lazy-loading-not-15200 avia_image ' src=\"https:\/\/gliptoneeurope.com\/wp-content\/uploads\/Before-After.jpg\" alt='' title='Avant et apr\u00e8s'  height=\"952\" width=\"948\"  itemprop=\"thumbnailUrl\" srcset=\"https:\/\/gliptoneeurope.com\/wp-content\/uploads\/Before-After.jpg 948w, https:\/\/gliptoneeurope.com\/wp-content\/uploads\/Before-After-300x300.jpg 300w, https:\/\/gliptoneeurope.com\/wp-content\/uploads\/Before-After-150x150.jpg 150w, https:\/\/gliptoneeurope.com\/wp-content\/uploads\/Before-After-768x771.jpg 768w, https:\/\/gliptoneeurope.com\/wp-content\/uploads\/Before-After-36x36.jpg 36w, https:\/\/gliptoneeurope.com\/wp-content\/uploads\/Before-After-180x180.jpg 180w, https:\/\/gliptoneeurope.com\/wp-content\/uploads\/Before-After-702x705.jpg 702w, https:\/\/gliptoneeurope.com\/wp-content\/uploads\/Before-After-100x100.jpg 100w, https:\/\/gliptoneeurope.com\/wp-content\/uploads\/Before-After-600x603.jpg 600w, https:\/\/gliptoneeurope.com\/wp-content\/uploads\/Before-After-32x32.jpg 32w\" sizes=\"(max-width: 948px) 100vw, 948px\" \/><\/div><\/div><\/div><\/p><\/div><\/p>\n","protected":false},"excerpt":{"rendered":"","protected":false},"author":13,"featured_media":0,"parent":0,"menu_order":0,"comment_status":"closed","ping_status":"closed","template":"","meta":{"footnotes":""},"class_list":["post-15105","page","type-page","status-publish","hentry"],"yoast_head":"<!-- This site is optimized with the Yoast SEO Premium plugin v21.4 (Yoast SEO v27.5) - https:\/\/yoast.com\/product\/yoast-seo-premium-wordpress\/ -->\n<title>Acad\u00e9mie de formation - Gliptone Europe<\/title>\n<meta name=\"robots\" content=\"index, follow, max-snippet:-1, max-image-preview:large, max-video-preview:-1\" \/>\n<link rel=\"canonical\" href=\"https:\/\/gliptoneeurope.com\/fr\/15105-2\/\" \/>\n<meta property=\"og:locale\" content=\"fr_FR\" \/>\n<meta property=\"og:type\" content=\"article\" \/>\n<meta property=\"og:title\" content=\"Acad\u00e9mie de formation\" \/>\n<meta property=\"og:url\" content=\"https:\/\/gliptoneeurope.com\/fr\/15105-2\/\" \/>\n<meta property=\"og:site_name\" content=\"Gliptone Europe\" \/>\n<meta property=\"article:publisher\" content=\"https:\/\/www.facebook.com\/gliptoneeurope\/\" \/>\n<meta property=\"article:modified_time\" content=\"2024-01-11T22:41:09+00:00\" \/>\n<meta property=\"og:image\" content=\"https:\/\/gliptoneeurope.com\/wp-content\/uploads\/Gliptone_Logo.png\" \/>\n\t<meta property=\"og:image:width\" content=\"1472\" \/>\n\t<meta property=\"og:image:height\" content=\"607\" \/>\n\t<meta property=\"og:image:type\" content=\"image\/png\" \/>\n<meta name=\"twitter:card\" content=\"summary_large_image\" \/>\n<meta name=\"twitter:label1\" content=\"Dur\u00e9e de lecture estim\u00e9e\" \/>\n\t<meta name=\"twitter:data1\" content=\"9 minutes\" \/>\n<script type=\"application\/ld+json\" class=\"yoast-schema-graph\">{\"@context\":\"https:\\\/\\\/schema.org\",\"@graph\":[{\"@type\":\"WebPage\",\"@id\":\"https:\\\/\\\/gliptoneeurope.com\\\/fr\\\/15105-2\\\/\",\"url\":\"https:\\\/\\\/gliptoneeurope.com\\\/fr\\\/15105-2\\\/\",\"name\":\"Acad\u00e9mie de formation - Gliptone Europe\",\"isPartOf\":{\"@id\":\"https:\\\/\\\/gliptoneeurope.com\\\/#website\"},\"datePublished\":\"2022-06-30T11:34:54+00:00\",\"dateModified\":\"2024-01-11T22:41:09+00:00\",\"breadcrumb\":{\"@id\":\"https:\\\/\\\/gliptoneeurope.com\\\/fr\\\/15105-2\\\/#breadcrumb\"},\"inLanguage\":\"fr-FR\",\"potentialAction\":[{\"@type\":\"ReadAction\",\"target\":[\"https:\\\/\\\/gliptoneeurope.com\\\/fr\\\/15105-2\\\/\"]}]},{\"@type\":\"BreadcrumbList\",\"@id\":\"https:\\\/\\\/gliptoneeurope.com\\\/fr\\\/15105-2\\\/#breadcrumb\",\"itemListElement\":[{\"@type\":\"ListItem\",\"position\":1,\"name\":\"Home\",\"item\":\"https:\\\/\\\/gliptoneeurope.com\\\/\"},{\"@type\":\"ListItem\",\"position\":2,\"name\":\"Acad\u00e9mie de formation\"}]},{\"@type\":\"WebSite\",\"@id\":\"https:\\\/\\\/gliptoneeurope.com\\\/#website\",\"url\":\"https:\\\/\\\/gliptoneeurope.com\\\/\",\"name\":\"Gliptone Europe\",\"description\":\"Professional Car Detailing Products\",\"publisher\":{\"@id\":\"https:\\\/\\\/gliptoneeurope.com\\\/#organization\"},\"potentialAction\":[{\"@type\":\"SearchAction\",\"target\":{\"@type\":\"EntryPoint\",\"urlTemplate\":\"https:\\\/\\\/gliptoneeurope.com\\\/?s={search_term_string}\"},\"query-input\":{\"@type\":\"PropertyValueSpecification\",\"valueRequired\":true,\"valueName\":\"search_term_string\"}}],\"inLanguage\":\"fr-FR\"},{\"@type\":\"Organization\",\"@id\":\"https:\\\/\\\/gliptoneeurope.com\\\/#organization\",\"name\":\"Gliptone Europe\",\"url\":\"https:\\\/\\\/gliptoneeurope.com\\\/\",\"logo\":{\"@type\":\"ImageObject\",\"inLanguage\":\"fr-FR\",\"@id\":\"https:\\\/\\\/gliptoneeurope.com\\\/#\\\/schema\\\/logo\\\/image\\\/\",\"url\":\"https:\\\/\\\/gliptoneeurope.com\\\/wp-content\\\/uploads\\\/Gliptone_Logo.png\",\"contentUrl\":\"https:\\\/\\\/gliptoneeurope.com\\\/wp-content\\\/uploads\\\/Gliptone_Logo.png\",\"width\":1472,\"height\":607,\"caption\":\"Gliptone Europe\"},\"image\":{\"@id\":\"https:\\\/\\\/gliptoneeurope.com\\\/#\\\/schema\\\/logo\\\/image\\\/\"},\"sameAs\":[\"https:\\\/\\\/www.facebook.com\\\/gliptoneeurope\\\/\",\"https:\\\/\\\/www.instagram.com\\\/gliptoneeurope\\\/\",\"https:\\\/\\\/www.pinterest.co.uk\\\/GliptoneEurope\\\/\"]}]}<\/script>\n<!-- \/ Yoast SEO Premium plugin. -->","yoast_head_json":{"title":"Acad\u00e9mie de formation - Gliptone Europe","robots":{"index":"index","follow":"follow","max-snippet":"max-snippet:-1","max-image-preview":"max-image-preview:large","max-video-preview":"max-video-preview:-1"},"canonical":"https:\/\/gliptoneeurope.com\/fr\/15105-2\/","og_locale":"fr_FR","og_type":"article","og_title":"Acad\u00e9mie de formation","og_url":"https:\/\/gliptoneeurope.com\/fr\/15105-2\/","og_site_name":"Gliptone Europe","article_publisher":"https:\/\/www.facebook.com\/gliptoneeurope\/","article_modified_time":"2024-01-11T22:41:09+00:00","og_image":[{"width":1472,"height":607,"url":"https:\/\/gliptoneeurope.com\/wp-content\/uploads\/Gliptone_Logo.png","type":"image\/png"}],"twitter_card":"summary_large_image","twitter_misc":{"Dur\u00e9e de lecture estim\u00e9e":"9 minutes"},"schema":{"@context":"https:\/\/schema.org","@graph":[{"@type":"WebPage","@id":"https:\/\/gliptoneeurope.com\/fr\/15105-2\/","url":"https:\/\/gliptoneeurope.com\/fr\/15105-2\/","name":"Acad\u00e9mie de formation - Gliptone Europe","isPartOf":{"@id":"https:\/\/gliptoneeurope.com\/#website"},"datePublished":"2022-06-30T11:34:54+00:00","dateModified":"2024-01-11T22:41:09+00:00","breadcrumb":{"@id":"https:\/\/gliptoneeurope.com\/fr\/15105-2\/#breadcrumb"},"inLanguage":"fr-FR","potentialAction":[{"@type":"ReadAction","target":["https:\/\/gliptoneeurope.com\/fr\/15105-2\/"]}]},{"@type":"BreadcrumbList","@id":"https:\/\/gliptoneeurope.com\/fr\/15105-2\/#breadcrumb","itemListElement":[{"@type":"ListItem","position":1,"name":"Home","item":"https:\/\/gliptoneeurope.com\/"},{"@type":"ListItem","position":2,"name":"Acad\u00e9mie de formation"}]},{"@type":"WebSite","@id":"https:\/\/gliptoneeurope.com\/#website","url":"https:\/\/gliptoneeurope.com\/","name":"Gliptone Europe","description":"Professional Car Detailing Products","publisher":{"@id":"https:\/\/gliptoneeurope.com\/#organization"},"potentialAction":[{"@type":"SearchAction","target":{"@type":"EntryPoint","urlTemplate":"https:\/\/gliptoneeurope.com\/?s={search_term_string}"},"query-input":{"@type":"PropertyValueSpecification","valueRequired":true,"valueName":"search_term_string"}}],"inLanguage":"fr-FR"},{"@type":"Organization","@id":"https:\/\/gliptoneeurope.com\/#organization","name":"Gliptone Europe","url":"https:\/\/gliptoneeurope.com\/","logo":{"@type":"ImageObject","inLanguage":"fr-FR","@id":"https:\/\/gliptoneeurope.com\/#\/schema\/logo\/image\/","url":"https:\/\/gliptoneeurope.com\/wp-content\/uploads\/Gliptone_Logo.png","contentUrl":"https:\/\/gliptoneeurope.com\/wp-content\/uploads\/Gliptone_Logo.png","width":1472,"height":607,"caption":"Gliptone Europe"},"image":{"@id":"https:\/\/gliptoneeurope.com\/#\/schema\/logo\/image\/"},"sameAs":["https:\/\/www.facebook.com\/gliptoneeurope\/","https:\/\/www.instagram.com\/gliptoneeurope\/","https:\/\/www.pinterest.co.uk\/GliptoneEurope\/"]}]}},"_links":{"self":[{"href":"https:\/\/gliptoneeurope.com\/fr\/wp-json\/wp\/v2\/pages\/15105","targetHints":{"allow":["GET"]}}],"collection":[{"href":"https:\/\/gliptoneeurope.com\/fr\/wp-json\/wp\/v2\/pages"}],"about":[{"href":"https:\/\/gliptoneeurope.com\/fr\/wp-json\/wp\/v2\/types\/page"}],"author":[{"embeddable":true,"href":"https:\/\/gliptoneeurope.com\/fr\/wp-json\/wp\/v2\/users\/13"}],"replies":[{"embeddable":true,"href":"https:\/\/gliptoneeurope.com\/fr\/wp-json\/wp\/v2\/comments?post=15105"}],"version-history":[{"count":5,"href":"https:\/\/gliptoneeurope.com\/fr\/wp-json\/wp\/v2\/pages\/15105\/revisions"}],"predecessor-version":[{"id":31525,"href":"https:\/\/gliptoneeurope.com\/fr\/wp-json\/wp\/v2\/pages\/15105\/revisions\/31525"}],"wp:attachment":[{"href":"https:\/\/gliptoneeurope.com\/fr\/wp-json\/wp\/v2\/media?parent=15105"}],"curies":[{"name":"wp","href":"https:\/\/api.w.org\/{rel}","templated":true}]}}