{"id":11350,"date":"2021-11-30T10:28:31","date_gmt":"2021-11-30T10:28:31","guid":{"rendered":"https:\/\/gliptoneeurope.com\/points-de-recompense\/"},"modified":"2021-11-30T10:28:34","modified_gmt":"2021-11-30T10:28:34","slug":"points-de-recompense","status":"publish","type":"page","link":"https:\/\/gliptoneeurope.com\/fr\/points-de-recompense\/","title":{"rendered":"Points de r\u00e9compense"},"content":{"rendered":"\n<style type=\"text\/css\" data-created_by=\"avia_inline_auto\" id=\"style-css-av-kl28d86g-c4519b267f0c75dbb75d14712b4cb50c\">\n.avia-section.av-kl28d86g-c4519b267f0c75dbb75d14712b4cb50c{\nbackground-repeat:no-repeat;\nbackground-image:url(https:\/\/gliptoneeurope.com\/wp-content\/uploads\/our-story-1024x683-1.jpg);\nbackground-position:50% 50%;\nbackground-attachment:scroll;\n}\n<\/style>\n<div id='av_section_1'  class='avia-section av-kl28d86g-c4519b267f0c75dbb75d14712b4cb50c main_color avia-section-default avia-no-border-styling  avia-builder-el-0  el_before_av_one_full  avia-builder-el-first  avia-full-stretch avia-bg-style-scroll av-minimum-height av-minimum-height-50 av-height-50  container_wrap fullsize'  data-section-bg-repeat='stretch' data-av_minimum_height_pc='50' data-av_min_height_opt='50'><div class='container av-section-cont-open' ><main  role=\"main\" itemprop=\"mainContentOfPage\"  class='template-page content  av-content-full alpha units'><div class='post-entry post-entry-type-page post-entry-11350'><div class='entry-content-wrapper clearfix'>\n\n<style type=\"text\/css\" data-created_by=\"avia_inline_auto\" id=\"style-css-av-1d2e1n-ea0ff86f24d0eb62b3078ce1bb0ab849\">\n.flex_column.av-1d2e1n-ea0ff86f24d0eb62b3078ce1bb0ab849{\nborder-radius:0px 0px 0px 0px;\npadding:0px 0px 0px 0px;\n}\n<\/style>\n<div  class='flex_column av-1d2e1n-ea0ff86f24d0eb62b3078ce1bb0ab849 av_one_full  avia-builder-el-1  avia-builder-el-no-sibling  first flex_column_div av-zero-column-padding  '     ><style type=\"text\/css\" data-created_by=\"avia_inline_auto\" id=\"style-css-av-knpzu9is-e56a74c24e576b99a78a756353d323f7\">\n#top .av-special-heading.av-knpzu9is-e56a74c24e576b99a78a756353d323f7{\npadding-bottom:10px;\ncolor:#ffffff;\n}\nbody .av-special-heading.av-knpzu9is-e56a74c24e576b99a78a756353d323f7 .av-special-heading-tag .heading-char{\nfont-size:25px;\n}\n.av-special-heading.av-knpzu9is-e56a74c24e576b99a78a756353d323f7 .special-heading-inner-border{\nborder-color:#ffffff;\n}\n.av-special-heading.av-knpzu9is-e56a74c24e576b99a78a756353d323f7 .av-subheading{\nfont-size:24px;\n}\n<\/style>\n<div  class='av-special-heading av-knpzu9is-e56a74c24e576b99a78a756353d323f7 av-special-heading-h1 custom-color-heading blockquote elegant-quote elegant-centered  avia-builder-el-2  avia-builder-el-no-sibling  shadow'><h1 class='av-special-heading-tag '  itemprop=\"headline\"  ><span class=\"heading-wrap\">POINTS DE R\u00c9COMPENSE GLIPTONE<\/span><\/h1><div class='av_custom_color av-subheading av-subheading_below'><p>Comment \u00e7a marche?<\/p>\n<\/div><div class=\"special-heading-border\"><div class=\"special-heading-inner-border\"><\/div><\/div><\/div><\/div>\n<\/div><\/div><\/main><!-- close content main element --><\/div><\/div><div id='after_section_1'  class='main_color av_default_container_wrap container_wrap fullsize'  ><div class='container av-section-cont-open' ><div class='template-page content  av-content-full alpha units'><div class='post-entry post-entry-type-page post-entry-11350'><div class='entry-content-wrapper clearfix'>\n\n<style type=\"text\/css\" data-created_by=\"avia_inline_auto\" id=\"style-css-av-cbvcpn-54d1b64839e0263cc7c7094f867d55bc\">\n.flex_column.av-cbvcpn-54d1b64839e0263cc7c7094f867d55bc{\nborder-radius:0px 0px 0px 0px;\npadding:0px 0px 0px 0px;\n}\n<\/style>\n<div  class='flex_column av-cbvcpn-54d1b64839e0263cc7c7094f867d55bc av_one_full  avia-builder-el-3  el_after_av_section  avia-builder-el-no-sibling  first flex_column_div av-zero-column-padding  '     ><style type=\"text\/css\" data-created_by=\"avia_inline_auto\" id=\"style-css-av-kl28jx8m-58668288bf7f69e2035db03bbe6f7b16\">\n#top .av_textblock_section.av-kl28jx8m-58668288bf7f69e2035db03bbe6f7b16 .avia_textblock{\nfont-size:18px;\n}\n<\/style>\n<section  class='av_textblock_section av-kl28jx8m-58668288bf7f69e2035db03bbe6f7b16 '   itemscope=\"itemscope\" itemtype=\"https:\/\/schema.org\/CreativeWork\" ><div class='avia_textblock'  itemprop=\"text\" ><h2 style=\"text-align: center;\">Avec Gliptone, plus vous d\u00e9pensez, plus vous gagnez de points !<\/h2>\n<\/div><\/section><br \/>\n\n<style type=\"text\/css\" data-created_by=\"avia_inline_auto\" id=\"style-css-av-1xopww-dea7aa0408ac05c48079211eadf9c804\">\n#top .hr.hr-invisible.av-1xopww-dea7aa0408ac05c48079211eadf9c804{\nheight:35px;\n}\n<\/style>\n<div  class='hr av-1xopww-dea7aa0408ac05c48079211eadf9c804 hr-invisible  avia-builder-el-5  el_after_av_textblock  el_before_av_textblock '><span class='hr-inner '><span class=\"hr-inner-style\"><\/span><\/span><\/div><br \/>\n<section  class='av_textblock_section av-knpzqet6-20c392fc932234ef19390aefefedacc7 '   itemscope=\"itemscope\" itemtype=\"https:\/\/schema.org\/CreativeWork\" ><div class='avia_textblock'  itemprop=\"text\" ><div class=\"us_content\" style=\"text-align: center;\">\n<div>\n<div class=\"points-word points-border points-head\">\n<p>Lorsque vous vous inscrivez chez nous, vous gagnez des points \u00e0 chaque achat, d\u00e8s le d\u00e9but.<\/p>\n<p>Vous pouvez soit utiliser vos points sur votre prochaine commande, soit les \u00e9conomiser pour quelque chose de sp\u00e9cial. C&#8217;est notre fa\u00e7on de vous remercier d&#8217;\u00eatre un de nos clients.<\/p>\n<p>Vous pouvez vous inscrire pour devenir membre Gliptone Europe lorsque vous passez une commande.<\/p>\n<\/div>\n<div>\n<hr>\n<\/div>\n<\/div>\n<div>\n<div class=\"points-word\">\n<p><strong>Y a-t-il des frais pour adh\u00e9rer ?<\/strong><br \/>\nNon, cr\u00e9ez simplement un compte chez nous, recevez 5 \u00a3 (500 points) et vous \u00eates pr\u00eat \u00e0 partir&nbsp;!<\/p>\n<p><a href=\"https:\/\/gliptoneeurope.com\/my-account\/\">Vous pouvez vous inscrire ici !<\/a><\/p>\n<hr>\n<p><strong>Quand puis-je utiliser mes points Gliptone Europe Rewards ?<\/strong><br \/>\n*Vous pouvez utiliser vos points Gliptone Europe lors de votre deuxi\u00e8me commande sur www.gliptoneeurope.com<\/p>\n<hr>\n<p><strong>Puis-je transf\u00e9rer mes points Gliptone Europe Rewards ?<\/strong><br \/>\nD\u00e9sol\u00e9, vous ne pouvez pas les transf\u00e9rer \u00e0 quelqu&#8217;un d&#8217;autre. De plus, ils ne sont pas \u00e9changeables contre de l&#8217;argent ou quoi que ce soit d&#8217;autre que des produits Gliptone Europe.<\/p>\n<hr>\n<p><strong>Comment appliquer mes points Gliptone Europe Rewards \u00e0 ma commande ?<\/strong><br \/>\nLors de votre commande, vous aurez la possibilit\u00e9 d&#8217;appliquer vos points accumul\u00e9s.<\/p>\n<p>L\u00e0, vous pourrez s\u00e9lectionner le nombre de points que vous souhaitez utiliser sur votre commande et voir votre prix mis \u00e0 jour.<\/p>\n<hr>\n<p><strong>Comment puis-je v\u00e9rifier mes points ?<\/strong><br \/>\nVous pouvez \u00e0 tout moment v\u00e9rifier vos points sur votre compte Gliptone Europe.<\/p>\n<hr>\n<p><strong>Combien de points dois-je accumuler avant de pouvoir les \u00e9changer contre des produits ?<\/strong><br \/>\nIl n&#8217;y a pas de limite minimale. Cela d\u00e9pend de ce que vous voulez, 100 points = 1 \u00a3, alors cumulez vos points et choisissez le produit que vous voulez.<\/p>\n<hr>\n<p><strong>Combien de points puis-je obtenir pour chaque achat ?<\/strong><br \/>\nR\u00e9gulier : 1 \u00a3 d\u00e9pens\u00e9 = 5 points<br \/>\nTous les 100 points = 1 \u00a3 \u00e0 utiliser lors de votre prochain achat.<\/p>\n<hr>\n<p><strong>Les points peuvent-ils m&#8217;\u00eatre retir\u00e9s ?<\/strong><br \/>\nLes points peuvent \u00eatre remis lors de l&#8217;utilisation et seront \u00e9galement remis si le produit achet\u00e9 est retourn\u00e9.<\/p>\n<hr>\n<p><em>*Le programme de r\u00e9compenses Gliptone Europe est susceptible d&#8217;\u00eatre modifi\u00e9 ou interrompu sans pr\u00e9avis<\/em><\/p>\n<\/div>\n<\/div>\n<\/div>\n<\/div><\/section><\/p><\/div>\n","protected":false},"excerpt":{"rendered":"","protected":false},"author":13,"featured_media":0,"parent":0,"menu_order":0,"comment_status":"closed","ping_status":"closed","template":"","meta":{"footnotes":""},"class_list":["post-11350","page","type-page","status-publish","hentry"],"yoast_head":"<!-- This site is optimized with the Yoast SEO Premium plugin v21.4 (Yoast SEO v27.4) - https:\/\/yoast.com\/product\/yoast-seo-premium-wordpress\/ -->\n<title>Points de r\u00e9compense - Gliptone Europe<\/title>\n<meta name=\"robots\" content=\"index, follow, max-snippet:-1, max-image-preview:large, max-video-preview:-1\" \/>\n<link rel=\"canonical\" href=\"https:\/\/gliptoneeurope.com\/fr\/points-de-recompense\/\" \/>\n<meta property=\"og:locale\" content=\"fr_FR\" \/>\n<meta property=\"og:type\" content=\"article\" \/>\n<meta property=\"og:title\" content=\"Points de r\u00e9compense\" \/>\n<meta property=\"og:url\" content=\"https:\/\/gliptoneeurope.com\/fr\/points-de-recompense\/\" \/>\n<meta property=\"og:site_name\" content=\"Gliptone Europe\" \/>\n<meta property=\"article:publisher\" content=\"https:\/\/www.facebook.com\/gliptoneeurope\/\" \/>\n<meta property=\"article:modified_time\" content=\"2021-11-30T10:28:34+00:00\" \/>\n<meta property=\"og:image\" content=\"https:\/\/gliptoneeurope.com\/wp-content\/uploads\/Gliptone_Logo.png\" \/>\n\t<meta property=\"og:image:width\" content=\"1472\" \/>\n\t<meta property=\"og:image:height\" content=\"607\" \/>\n\t<meta property=\"og:image:type\" content=\"image\/png\" \/>\n<meta name=\"twitter:card\" content=\"summary_large_image\" \/>\n<meta name=\"twitter:label1\" content=\"Dur\u00e9e de lecture estim\u00e9e\" \/>\n\t<meta name=\"twitter:data1\" content=\"5 minutes\" \/>\n<script type=\"application\/ld+json\" class=\"yoast-schema-graph\">{\"@context\":\"https:\\\/\\\/schema.org\",\"@graph\":[{\"@type\":\"WebPage\",\"@id\":\"https:\\\/\\\/gliptoneeurope.com\\\/fr\\\/points-de-recompense\\\/\",\"url\":\"https:\\\/\\\/gliptoneeurope.com\\\/fr\\\/points-de-recompense\\\/\",\"name\":\"Points de r\u00e9compense - Gliptone Europe\",\"isPartOf\":{\"@id\":\"https:\\\/\\\/gliptoneeurope.com\\\/#website\"},\"datePublished\":\"2021-11-30T10:28:31+00:00\",\"dateModified\":\"2021-11-30T10:28:34+00:00\",\"breadcrumb\":{\"@id\":\"https:\\\/\\\/gliptoneeurope.com\\\/fr\\\/points-de-recompense\\\/#breadcrumb\"},\"inLanguage\":\"fr-FR\",\"potentialAction\":[{\"@type\":\"ReadAction\",\"target\":[\"https:\\\/\\\/gliptoneeurope.com\\\/fr\\\/points-de-recompense\\\/\"]}]},{\"@type\":\"BreadcrumbList\",\"@id\":\"https:\\\/\\\/gliptoneeurope.com\\\/fr\\\/points-de-recompense\\\/#breadcrumb\",\"itemListElement\":[{\"@type\":\"ListItem\",\"position\":1,\"name\":\"Home\",\"item\":\"https:\\\/\\\/gliptoneeurope.com\\\/\"},{\"@type\":\"ListItem\",\"position\":2,\"name\":\"Points de r\u00e9compense\"}]},{\"@type\":\"WebSite\",\"@id\":\"https:\\\/\\\/gliptoneeurope.com\\\/#website\",\"url\":\"https:\\\/\\\/gliptoneeurope.com\\\/\",\"name\":\"Gliptone Europe\",\"description\":\"Professional Car Detailing Products\",\"publisher\":{\"@id\":\"https:\\\/\\\/gliptoneeurope.com\\\/#organization\"},\"potentialAction\":[{\"@type\":\"SearchAction\",\"target\":{\"@type\":\"EntryPoint\",\"urlTemplate\":\"https:\\\/\\\/gliptoneeurope.com\\\/?s={search_term_string}\"},\"query-input\":{\"@type\":\"PropertyValueSpecification\",\"valueRequired\":true,\"valueName\":\"search_term_string\"}}],\"inLanguage\":\"fr-FR\"},{\"@type\":\"Organization\",\"@id\":\"https:\\\/\\\/gliptoneeurope.com\\\/#organization\",\"name\":\"Gliptone Europe\",\"url\":\"https:\\\/\\\/gliptoneeurope.com\\\/\",\"logo\":{\"@type\":\"ImageObject\",\"inLanguage\":\"fr-FR\",\"@id\":\"https:\\\/\\\/gliptoneeurope.com\\\/#\\\/schema\\\/logo\\\/image\\\/\",\"url\":\"https:\\\/\\\/gliptoneeurope.com\\\/wp-content\\\/uploads\\\/Gliptone_Logo.png\",\"contentUrl\":\"https:\\\/\\\/gliptoneeurope.com\\\/wp-content\\\/uploads\\\/Gliptone_Logo.png\",\"width\":1472,\"height\":607,\"caption\":\"Gliptone Europe\"},\"image\":{\"@id\":\"https:\\\/\\\/gliptoneeurope.com\\\/#\\\/schema\\\/logo\\\/image\\\/\"},\"sameAs\":[\"https:\\\/\\\/www.facebook.com\\\/gliptoneeurope\\\/\",\"https:\\\/\\\/www.instagram.com\\\/gliptoneeurope\\\/\",\"https:\\\/\\\/www.pinterest.co.uk\\\/GliptoneEurope\\\/\"]}]}<\/script>\n<!-- \/ Yoast SEO Premium plugin. -->","yoast_head_json":{"title":"Points de r\u00e9compense - Gliptone Europe","robots":{"index":"index","follow":"follow","max-snippet":"max-snippet:-1","max-image-preview":"max-image-preview:large","max-video-preview":"max-video-preview:-1"},"canonical":"https:\/\/gliptoneeurope.com\/fr\/points-de-recompense\/","og_locale":"fr_FR","og_type":"article","og_title":"Points de r\u00e9compense","og_url":"https:\/\/gliptoneeurope.com\/fr\/points-de-recompense\/","og_site_name":"Gliptone Europe","article_publisher":"https:\/\/www.facebook.com\/gliptoneeurope\/","article_modified_time":"2021-11-30T10:28:34+00:00","og_image":[{"width":1472,"height":607,"url":"https:\/\/gliptoneeurope.com\/wp-content\/uploads\/Gliptone_Logo.png","type":"image\/png"}],"twitter_card":"summary_large_image","twitter_misc":{"Dur\u00e9e de lecture estim\u00e9e":"5 minutes"},"schema":{"@context":"https:\/\/schema.org","@graph":[{"@type":"WebPage","@id":"https:\/\/gliptoneeurope.com\/fr\/points-de-recompense\/","url":"https:\/\/gliptoneeurope.com\/fr\/points-de-recompense\/","name":"Points de r\u00e9compense - Gliptone Europe","isPartOf":{"@id":"https:\/\/gliptoneeurope.com\/#website"},"datePublished":"2021-11-30T10:28:31+00:00","dateModified":"2021-11-30T10:28:34+00:00","breadcrumb":{"@id":"https:\/\/gliptoneeurope.com\/fr\/points-de-recompense\/#breadcrumb"},"inLanguage":"fr-FR","potentialAction":[{"@type":"ReadAction","target":["https:\/\/gliptoneeurope.com\/fr\/points-de-recompense\/"]}]},{"@type":"BreadcrumbList","@id":"https:\/\/gliptoneeurope.com\/fr\/points-de-recompense\/#breadcrumb","itemListElement":[{"@type":"ListItem","position":1,"name":"Home","item":"https:\/\/gliptoneeurope.com\/"},{"@type":"ListItem","position":2,"name":"Points de r\u00e9compense"}]},{"@type":"WebSite","@id":"https:\/\/gliptoneeurope.com\/#website","url":"https:\/\/gliptoneeurope.com\/","name":"Gliptone Europe","description":"Professional Car Detailing Products","publisher":{"@id":"https:\/\/gliptoneeurope.com\/#organization"},"potentialAction":[{"@type":"SearchAction","target":{"@type":"EntryPoint","urlTemplate":"https:\/\/gliptoneeurope.com\/?s={search_term_string}"},"query-input":{"@type":"PropertyValueSpecification","valueRequired":true,"valueName":"search_term_string"}}],"inLanguage":"fr-FR"},{"@type":"Organization","@id":"https:\/\/gliptoneeurope.com\/#organization","name":"Gliptone Europe","url":"https:\/\/gliptoneeurope.com\/","logo":{"@type":"ImageObject","inLanguage":"fr-FR","@id":"https:\/\/gliptoneeurope.com\/#\/schema\/logo\/image\/","url":"https:\/\/gliptoneeurope.com\/wp-content\/uploads\/Gliptone_Logo.png","contentUrl":"https:\/\/gliptoneeurope.com\/wp-content\/uploads\/Gliptone_Logo.png","width":1472,"height":607,"caption":"Gliptone Europe"},"image":{"@id":"https:\/\/gliptoneeurope.com\/#\/schema\/logo\/image\/"},"sameAs":["https:\/\/www.facebook.com\/gliptoneeurope\/","https:\/\/www.instagram.com\/gliptoneeurope\/","https:\/\/www.pinterest.co.uk\/GliptoneEurope\/"]}]}},"_links":{"self":[{"href":"https:\/\/gliptoneeurope.com\/fr\/wp-json\/wp\/v2\/pages\/11350","targetHints":{"allow":["GET"]}}],"collection":[{"href":"https:\/\/gliptoneeurope.com\/fr\/wp-json\/wp\/v2\/pages"}],"about":[{"href":"https:\/\/gliptoneeurope.com\/fr\/wp-json\/wp\/v2\/types\/page"}],"author":[{"embeddable":true,"href":"https:\/\/gliptoneeurope.com\/fr\/wp-json\/wp\/v2\/users\/13"}],"replies":[{"embeddable":true,"href":"https:\/\/gliptoneeurope.com\/fr\/wp-json\/wp\/v2\/comments?post=11350"}],"version-history":[{"count":1,"href":"https:\/\/gliptoneeurope.com\/fr\/wp-json\/wp\/v2\/pages\/11350\/revisions"}],"predecessor-version":[{"id":11361,"href":"https:\/\/gliptoneeurope.com\/fr\/wp-json\/wp\/v2\/pages\/11350\/revisions\/11361"}],"wp:attachment":[{"href":"https:\/\/gliptoneeurope.com\/fr\/wp-json\/wp\/v2\/media?parent=11350"}],"curies":[{"name":"wp","href":"https:\/\/api.w.org\/{rel}","templated":true}]}}