{"id":11342,"date":"2021-11-30T10:28:29","date_gmt":"2021-11-30T10:28:29","guid":{"rendered":"https:\/\/gliptoneeurope.com\/politique-de-confidentialite\/"},"modified":"2024-02-13T15:01:18","modified_gmt":"2024-02-13T15:01:18","slug":"politique-de-confidentialite","status":"publish","type":"page","link":"https:\/\/gliptoneeurope.com\/fr\/politique-de-confidentialite\/","title":{"rendered":"Politique de confidentialit\u00e9"},"content":{"rendered":"<h1>Politique de confidentialit\u00e9<\/h1>\n<p>gliptoneeurope.com est un site exploit\u00e9 par Detailing Industry Supplies Ltd.<\/p>\n<h2>introduction<\/h2>\n<p>Detailing Industry Supplies Ltd s&#8217;engage \u00e0 prot\u00e9ger la vie priv\u00e9e de ses clients, de ses fournisseurs, des visiteurs de son site Web et de son personnel ; dans cette politique, nous expliquons comment nous traiterons vos informations personnelles.<\/p>\n<p>Nous vous demanderons de consentir \u00e0 notre utilisation des cookies conform\u00e9ment aux termes de cette politique lors de votre premi\u00e8re visite sur notre site Web.<\/p>\n<h2><strong>Qui sommes nous<\/strong><\/h2>\n<p>Detailing Industry Supplies Ltd est enregistr\u00e9e en Angleterre et au Pays de Galles sous le num\u00e9ro 11573067 et notre si\u00e8ge social est c\/o Dufton Kellner, Barnston House, Beacon Lane, Heswall, Wirral, CH60 0EE.<\/p>\n<p>Nous sommes enregistr\u00e9s aupr\u00e8s du Bureau du Commissaire \u00e0 l&#8217;information du Royaume-Uni.<\/p>\n<p>Vous pouvez nous contacter par courriel \u00e0 info@staingard.co.uk ou par t\u00e9l\u00e9phone au <a href=\"tel:+441244888658\">01244 888658<\/a>.<\/p>\n<h2>Quelles informations personnelles nous collectons<\/h2>\n<p>Nous pouvons collecter, stocker et utiliser les types d&#8217;informations personnelles suivants&nbsp;:<\/p>\n<ul>\n<li>les informations que vous nous fournissez lors de l&#8217;utilisation de nos services, ou qui sont g\u00e9n\u00e9r\u00e9es au cours de l&#8217;utilisation de ces services.<\/li>\n<li>informations relatives \u00e0 tout achat que vous effectuez.<\/li>\n<li>les informations contenues dans ou relatives \u00e0 toute communication que vous nous envoyez ou envoyez via notre site Web.<\/li>\n<li>des informations sur le personnel employ\u00e9 par Detailing Industry Supplies Ltd afin de g\u00e9rer leur emploi.<\/li>\n<\/ul>\n<h2><span style=\"font-size: 28px; font-weight: 600;\">Comment utilisons-nous vos informations personnelles<\/span><\/h2>\n<p>Nous pouvons utiliser vos informations personnelles pour :<\/p>\n<ol>\n<li>vous envoyer des relev\u00e9s, des factures et des rappels de paiement.<\/li>\n<li>vous envoyer des notifications par e-mail que vous avez sp\u00e9cifiquement demand\u00e9es.<\/li>\n<li>vous envoyer des communications marketing relatives \u00e0 notre entreprise que nous pensons susceptibles de vous int\u00e9resser, par courrier, par e-mail ou par une technologie similaire (vous pouvez nous informer \u00e0 tout moment si vous n&#8217;avez plus besoin de communications marketing).<\/li>\n<li>traiter les demandes de renseignements et les plaintes formul\u00e9es par vous ou \u00e0 votre sujet concernant notre site Web ou tout autre service qui vous est fourni par Staingard Ltd.<\/li>\n<li>pour soutenir vos droits en vertu de la loi sur la protection des donn\u00e9es en ce qui concerne notre utilisation de vos informations personnelles (voir la section 9 ci-dessous).<\/li>\n<li>g\u00e9rer votre emploi lorsque vous \u00eates employ\u00e9 par Detailing Industry Supplies Ltd.<\/li>\n<li>administrer notre site Web et notre entreprise, y compris&nbsp;:<\/li>\n<\/ol>\n<ul>\n<li>Assurer la s\u00e9curit\u00e9 de notre site Web et pr\u00e9venir la fraude.<\/li>\n<li>Les informations personnelles qui nous sont soumises via notre site Web seront utilis\u00e9es aux fins sp\u00e9cifi\u00e9es dans la pr\u00e9sente politique ou sur les pages pertinentes du site Web.<\/li>\n<li>Nous ne fournirons pas, sans votre consentement expr\u00e8s, vos informations personnelles \u00e0 des tiers aux fins de leur marketing direct ou de celui de tout autre tiers.<\/li>\n<li>Les donn\u00e9es personnelles que nous d\u00e9tenons \u00e0 votre sujet ne seront utilis\u00e9es que conform\u00e9ment aux finalit\u00e9s d\u00e9taill\u00e9es ci-dessus et la base l\u00e9gale pour cela sera soit pour le<br \/>\nl&#8217;administration d&#8217;un contrat que nous avons conclu avec vous ou conform\u00e9ment aux int\u00e9r\u00eats l\u00e9gitimes de notre entreprise dans la fourniture de services de gouvernance de l&#8217;information et de s\u00e9curit\u00e9 informatique (en veillant \u00e0 ce que cela n&#8217;affecte pas vos droits ou libert\u00e9s en mati\u00e8re de confidentialit\u00e9) ou divulgu\u00e9 comme requis par loi.<\/li>\n<li>Staingard Ltd n&#8217;a aucune raison de traiter des informations sensibles (cat\u00e9gories sp\u00e9ciales ou donn\u00e9es de condamnations p\u00e9nales) vous concernant.<\/li>\n<\/ul>\n<h2>Divulgation de renseignements personnels<\/h2>\n<p>Nous pouvons divulguer vos informations personnelles \u00e0 l&#8217;un de nos employ\u00e9s, agents, fournisseurs ou sous-traitants dans la mesure o\u00f9 cela est raisonnablement n\u00e9cessaire aux fins \u00e9nonc\u00e9es dans la pr\u00e9sente politique.<\/p>\n<p>Nous pouvons divulguer vos informations personnelles :<\/p>\n<ul>\n<li>dans la mesure o\u00f9 nous y sommes tenus par la loi.<\/li>\n<li>dans le cadre de toute proc\u00e9dure judiciaire en cours ou future.<\/li>\n<li>afin d&#8217;\u00e9tablir, d&#8217;exercer ou de d\u00e9fendre nos droits l\u00e9gaux (y compris<br \/>\nfournir des informations \u00e0 des tiers \u00e0 des fins de pr\u00e9vention de la fraude et<br \/>\nr\u00e9duction du risque de cr\u00e9dit).<\/li>\n<li>\u00e0 toute personne dont nous pensons raisonnablement qu&#8217;elle peut demander \u00e0 un tribunal ou \u00e0 une autre autorit\u00e9 comp\u00e9tente la divulgation de ces informations personnelles lorsque, \u00e0 notre avis raisonnable, ce tribunal ou cette autorit\u00e9 serait raisonnablement susceptible d&#8217;ordonner la divulgation de ces informations personnelles.<\/li>\n<\/ul>\n<p>Sauf indication contraire dans cette politique, nous ne fournirons pas vos informations personnelles<br \/>\n\u00e0 des tiers.<\/p>\n<h2>Transferts de donn\u00e9es internationaux<\/h2>\n<p>Les informations que nous collectons ne seront stock\u00e9es et trait\u00e9es qu&#8217;au Royaume-Uni et sont prot\u00e9g\u00e9es par les lois britanniques sur la protection des donn\u00e9es.<\/p>\n<h2>Conservation des informations personnelles<\/h2>\n<p>Cette section \u00e9nonce nos politiques et proc\u00e9dures de conservation des donn\u00e9es, qui sont con\u00e7ues pour garantir que nous respectons nos obligations l\u00e9gales en mati\u00e8re de conservation et de suppression des informations personnelles.<\/p>\n<p>Les informations personnelles que nous traitons \u00e0 quelque fin que ce soit ne seront pas conserv\u00e9es plus longtemps que n\u00e9cessaire \u00e0 cette ou ces fins.<\/p>\n<p>Nonobstant les autres dispositions de la pr\u00e9sente section, nous conserverons les documents (y compris les documents \u00e9lectroniques) contenant des donn\u00e9es personnelles&nbsp;:<\/p>\n<ul>\n<li>dans la mesure o\u00f9 nous y sommes tenus par la loi.<\/li>\n<li>si nous pensons que les documents peuvent \u00eatre pertinents pour toute proc\u00e9dure judiciaire en cours ou future.<\/li>\n<li>afin d&#8217;\u00e9tablir, d&#8217;exercer ou de d\u00e9fendre nos droits l\u00e9gaux (y compris la fourniture d&#8217;informations \u00e0 des tiers \u00e0 des fins de pr\u00e9vention de la fraude et de r\u00e9duction du risque de cr\u00e9dit).<\/li>\n<li>pour soutenir les objectifs commerciaux continus de Staingard Ltd comme sp\u00e9cifi\u00e9 dans la section 4 (en tenant d\u00fbment compte des droits et libert\u00e9s de la vie priv\u00e9e des individus)<\/li>\n<\/ul>\n<p>Si vous souhaitez plus de d\u00e9tails sur la mani\u00e8re dont les donn\u00e9es personnelles sont conserv\u00e9es par notre organisation, veuillez nous contacter directement.<\/p>\n<h2>S\u00e9curit\u00e9 de vos informations personnelles<\/h2>\n<ul>\n<li>Nous prendrons toutes les pr\u00e9cautions techniques et organisationnelles raisonnables pour emp\u00eacher la perte, l&#8217;utilisation abusive ou l&#8217;alt\u00e9ration de vos informations personnelles.<\/li>\n<li>Nous prendrons toutes les pr\u00e9cautions techniques et organisationnelles raisonnables pour emp\u00eacher la perte, l&#8217;utilisation abusive ou l&#8217;alt\u00e9ration de vos informations personnelles.<\/li>\n<li>Nous stockerons toutes les informations personnelles que vous fournissez sur nos serveurs s\u00e9curis\u00e9s.<\/li>\n<li>Vous reconnaissez que la transmission d&#8217;informations sur Internet est intrins\u00e8quement non s\u00e9curis\u00e9e, et nous ne pouvons garantir la s\u00e9curit\u00e9 des donn\u00e9es qui nous sont envoy\u00e9es sur Internet.<\/li>\n<\/ul>\n<h2>Tes droits<\/h2>\n<p>Vous disposez d&#8217;un certain nombre de droits en vertu de la loi sur la protection des donn\u00e9es, notamment :<\/p>\n<ul>\n<li>Le droit d&#8217;\u00eatre inform\u00e9 de la collecte et de l&#8217;utilisation de vos donn\u00e9es personnelles, par exemple via cette d\u00e9claration de confidentialit\u00e9.<\/li>\n<li>Le droit d&#8217;acc\u00e9der \u00e0 vos donn\u00e9es personnelles.<\/li>\n<li>Le droit de faire rectifier ou compl\u00e9ter toute donn\u00e9e personnelle inexacte si elle est incompl\u00e8te.<\/li>\n<li>Le droit de faire effacer vos donn\u00e9es personnelles dans certaines circonstances.<\/li>\n<li>Le droit de demander la restriction ou la suppression de leurs donn\u00e9es personnelles dans certaines circonstances.<\/li>\n<li>Le droit \u00e0 la portabilit\u00e9 des donn\u00e9es \u2013 pour obtenir et r\u00e9utiliser vos donn\u00e9es personnelles \u00e0 vos propres fins \u00e0 travers diff\u00e9rents services.<\/li>\n<li>Le droit de vous opposer \u00e0 notre utilisation de vos informations dans certaines circonstances, par exemple \u00e0 des fins de marketing ou de profilage.<\/li>\n<\/ul>\n<p>Si vous souhaitez acc\u00e9der \u00e0 vos informations personnelles ou exercer l&#8217;un des droits d\u00e9crits ci-dessus, veuillez nous contacter par courrier \u00e9lectronique \u00e0 info@staingard.co.uk ou par t\u00e9l\u00e9phone au <a href=\"tel:+441244888658\">01244 888658<\/a>.<\/p>\n<p>Dans la majorit\u00e9 des cas, nous r\u00e9pondrons \u00e0 votre demande dans les 30 jours suivant la r\u00e9ception des informations n\u00e9cessaires au traitement de votre demande.<\/p>\n<p>Nous pouvons vous demander de fournir une preuve appropri\u00e9e de votre identit\u00e9 (\u00e0 cette fin, nous accepterons g\u00e9n\u00e9ralement une photocopie de votre passeport ainsi qu&#8217;une copie originale d&#8217;une facture de services publics indiquant votre adresse actuelle) et toute information suppl\u00e9mentaire pour nous aider \u00e0 traiter votre demande effectivement.<\/p>\n<p>Il peut y avoir des exceptions au traitement de vos droits comme sp\u00e9cifi\u00e9 dans la loi sur la protection des donn\u00e9es, mais Staingard Ltd s&#8217;assurera que vous en soyez pleinement inform\u00e9 dans les 30 jours suivant la r\u00e9ception de votre demande.<\/p>\n<p>Nous n&#8217;effectuons aucun profilage ni aucune prise de d\u00e9cision automatis\u00e9e sur la base de vos donn\u00e9es personnelles.<\/p>\n<p>Toutes les informations sur vos droits en vertu de la loi Informatique et Libert\u00e9s sont disponibles sur le lien suivant :<\/p>\n<p><a href=\"https:\/\/ico.org.uk\/for-organisations\/guide-to-the-general-data-protection-regulation-%20gdpr\/individual-rights\/\">https:\/\/ico.org.uk\/for-organisations\/guide-to-the-general-data-protection-regulation-gdpr\/individual-rights\/<\/a><\/p>\n<h2><strong>Modifications<\/strong><\/h2>\n<p>Nous pouvons mettre \u00e0 jour cette politique de temps \u00e0 autre en publiant une nouvelle version sur notre site Web.<\/p>\n<p>Vous devriez v\u00e9rifier cette page de temps en temps pour vous assurer que vous \u00eates satisfait de tout changement apport\u00e9 \u00e0 cette politique.<\/p>\n<p>Cette politique sera mise \u00e0 jour conform\u00e9ment au r\u00e8glement g\u00e9n\u00e9ral de l&#8217;UE sur la protection des donn\u00e9es une fois qu&#8217;il aura \u00e9t\u00e9 traduit dans la loi britannique.<\/p>\n<h2>Si vous avez des inqui\u00e9tudes quant \u00e0 la fa\u00e7on dont vos donn\u00e9es sont trait\u00e9es<\/h2>\n<p>Si vous n&#8217;\u00eates pas satisfait de l&#8217;utilisation de vos donn\u00e9es personnelles, veuillez nous contacter directement et nous essaierons de r\u00e9soudre votre probl\u00e8me. Vous pouvez \u00e9galement faire part de vos pr\u00e9occupations directement au bureau du commissaire \u00e0 l&#8217;information. Vous trouverez plus de d\u00e9tails sur la fa\u00e7on de proc\u00e9der \u00e0 partir du lien suivant&nbsp;: https:\/\/ico.org.uk\/concerns\/<\/p>\n<h2>Informations compl\u00e9mentaires<\/h2>\n<p>Si vous avez des questions auxquelles le pr\u00e9sent avis de confidentialit\u00e9 ne r\u00e9pond pas, vous pouvez nous contacter par courrier \u00e9lectronique \u00e0 l&#8217;adresse info@staingard.co.uk ou par t\u00e9l\u00e9phone au <a href=\"tel:+441244888658\">01244 888658<\/a>.<\/p>\n<p>Unit\u00e9 9, chemin Telford, Ellesmere Port, CH65 5EU<\/p>\n","protected":false},"excerpt":{"rendered":"<p>Politique de confidentialit\u00e9 gliptoneeurope.com est un site exploit\u00e9 par Detailing Industry Supplies Ltd. introduction Detailing Industry Supplies Ltd s&#8217;engage \u00e0 prot\u00e9ger la vie priv\u00e9e de ses clients, de ses fournisseurs, des visiteurs de son site Web et de son personnel ; dans cette politique, nous expliquons comment nous traiterons vos informations personnelles. Nous vous demanderons [&hellip;]<\/p>\n","protected":false},"author":13,"featured_media":0,"parent":0,"menu_order":0,"comment_status":"closed","ping_status":"closed","template":"","meta":{"footnotes":""},"class_list":["post-11342","page","type-page","status-publish","hentry"],"yoast_head":"<!-- This site is optimized with the Yoast SEO Premium plugin v21.4 (Yoast SEO v27.5) - https:\/\/yoast.com\/product\/yoast-seo-premium-wordpress\/ -->\n<title>Politique de confidentialit\u00e9 - Gliptone Europe<\/title>\n<meta name=\"robots\" content=\"index, follow, max-snippet:-1, max-image-preview:large, max-video-preview:-1\" \/>\n<link rel=\"canonical\" href=\"https:\/\/gliptoneeurope.com\/fr\/politique-de-confidentialite\/\" \/>\n<meta property=\"og:locale\" content=\"fr_FR\" \/>\n<meta property=\"og:type\" content=\"article\" \/>\n<meta property=\"og:title\" content=\"Politique de confidentialit\u00e9\" \/>\n<meta property=\"og:description\" content=\"Politique de confidentialit\u00e9 gliptoneeurope.com est un site exploit\u00e9 par Detailing Industry Supplies Ltd. introduction Detailing Industry Supplies Ltd\" \/>\n<meta property=\"og:url\" content=\"https:\/\/gliptoneeurope.com\/fr\/politique-de-confidentialite\/\" \/>\n<meta property=\"og:site_name\" content=\"Gliptone Europe\" \/>\n<meta property=\"article:publisher\" content=\"https:\/\/www.facebook.com\/gliptoneeurope\/\" \/>\n<meta property=\"article:modified_time\" content=\"2024-02-13T15:01:18+00:00\" \/>\n<meta property=\"og:image\" content=\"https:\/\/gliptoneeurope.com\/wp-content\/uploads\/Gliptone_Logo.png\" \/>\n\t<meta property=\"og:image:width\" content=\"1472\" \/>\n\t<meta property=\"og:image:height\" content=\"607\" \/>\n\t<meta property=\"og:image:type\" content=\"image\/png\" \/>\n<meta name=\"twitter:card\" content=\"summary_large_image\" \/>\n<meta name=\"twitter:label1\" content=\"Dur\u00e9e de lecture estim\u00e9e\" \/>\n\t<meta name=\"twitter:data1\" content=\"8 minutes\" \/>\n<script type=\"application\/ld+json\" class=\"yoast-schema-graph\">{\"@context\":\"https:\\\/\\\/schema.org\",\"@graph\":[{\"@type\":\"WebPage\",\"@id\":\"https:\\\/\\\/gliptoneeurope.com\\\/fr\\\/politique-de-confidentialite\\\/\",\"url\":\"https:\\\/\\\/gliptoneeurope.com\\\/fr\\\/politique-de-confidentialite\\\/\",\"name\":\"Politique de confidentialit\u00e9 - Gliptone Europe\",\"isPartOf\":{\"@id\":\"https:\\\/\\\/gliptoneeurope.com\\\/#website\"},\"datePublished\":\"2021-11-30T10:28:29+00:00\",\"dateModified\":\"2024-02-13T15:01:18+00:00\",\"breadcrumb\":{\"@id\":\"https:\\\/\\\/gliptoneeurope.com\\\/fr\\\/politique-de-confidentialite\\\/#breadcrumb\"},\"inLanguage\":\"fr-FR\",\"potentialAction\":[{\"@type\":\"ReadAction\",\"target\":[\"https:\\\/\\\/gliptoneeurope.com\\\/fr\\\/politique-de-confidentialite\\\/\"]}]},{\"@type\":\"BreadcrumbList\",\"@id\":\"https:\\\/\\\/gliptoneeurope.com\\\/fr\\\/politique-de-confidentialite\\\/#breadcrumb\",\"itemListElement\":[{\"@type\":\"ListItem\",\"position\":1,\"name\":\"Home\",\"item\":\"https:\\\/\\\/gliptoneeurope.com\\\/\"},{\"@type\":\"ListItem\",\"position\":2,\"name\":\"Politique de confidentialit\u00e9\"}]},{\"@type\":\"WebSite\",\"@id\":\"https:\\\/\\\/gliptoneeurope.com\\\/#website\",\"url\":\"https:\\\/\\\/gliptoneeurope.com\\\/\",\"name\":\"Gliptone Europe\",\"description\":\"Professional Car Detailing Products\",\"publisher\":{\"@id\":\"https:\\\/\\\/gliptoneeurope.com\\\/#organization\"},\"potentialAction\":[{\"@type\":\"SearchAction\",\"target\":{\"@type\":\"EntryPoint\",\"urlTemplate\":\"https:\\\/\\\/gliptoneeurope.com\\\/?s={search_term_string}\"},\"query-input\":{\"@type\":\"PropertyValueSpecification\",\"valueRequired\":true,\"valueName\":\"search_term_string\"}}],\"inLanguage\":\"fr-FR\"},{\"@type\":\"Organization\",\"@id\":\"https:\\\/\\\/gliptoneeurope.com\\\/#organization\",\"name\":\"Gliptone Europe\",\"url\":\"https:\\\/\\\/gliptoneeurope.com\\\/\",\"logo\":{\"@type\":\"ImageObject\",\"inLanguage\":\"fr-FR\",\"@id\":\"https:\\\/\\\/gliptoneeurope.com\\\/#\\\/schema\\\/logo\\\/image\\\/\",\"url\":\"https:\\\/\\\/gliptoneeurope.com\\\/wp-content\\\/uploads\\\/Gliptone_Logo.png\",\"contentUrl\":\"https:\\\/\\\/gliptoneeurope.com\\\/wp-content\\\/uploads\\\/Gliptone_Logo.png\",\"width\":1472,\"height\":607,\"caption\":\"Gliptone Europe\"},\"image\":{\"@id\":\"https:\\\/\\\/gliptoneeurope.com\\\/#\\\/schema\\\/logo\\\/image\\\/\"},\"sameAs\":[\"https:\\\/\\\/www.facebook.com\\\/gliptoneeurope\\\/\",\"https:\\\/\\\/www.instagram.com\\\/gliptoneeurope\\\/\",\"https:\\\/\\\/www.pinterest.co.uk\\\/GliptoneEurope\\\/\"]}]}<\/script>\n<!-- \/ Yoast SEO Premium plugin. -->","yoast_head_json":{"title":"Politique de confidentialit\u00e9 - Gliptone Europe","robots":{"index":"index","follow":"follow","max-snippet":"max-snippet:-1","max-image-preview":"max-image-preview:large","max-video-preview":"max-video-preview:-1"},"canonical":"https:\/\/gliptoneeurope.com\/fr\/politique-de-confidentialite\/","og_locale":"fr_FR","og_type":"article","og_title":"Politique de confidentialit\u00e9","og_description":"Politique de confidentialit\u00e9 gliptoneeurope.com est un site exploit\u00e9 par Detailing Industry Supplies Ltd. introduction Detailing Industry Supplies Ltd","og_url":"https:\/\/gliptoneeurope.com\/fr\/politique-de-confidentialite\/","og_site_name":"Gliptone Europe","article_publisher":"https:\/\/www.facebook.com\/gliptoneeurope\/","article_modified_time":"2024-02-13T15:01:18+00:00","og_image":[{"width":1472,"height":607,"url":"https:\/\/gliptoneeurope.com\/wp-content\/uploads\/Gliptone_Logo.png","type":"image\/png"}],"twitter_card":"summary_large_image","twitter_misc":{"Dur\u00e9e de lecture estim\u00e9e":"8 minutes"},"schema":{"@context":"https:\/\/schema.org","@graph":[{"@type":"WebPage","@id":"https:\/\/gliptoneeurope.com\/fr\/politique-de-confidentialite\/","url":"https:\/\/gliptoneeurope.com\/fr\/politique-de-confidentialite\/","name":"Politique de confidentialit\u00e9 - Gliptone Europe","isPartOf":{"@id":"https:\/\/gliptoneeurope.com\/#website"},"datePublished":"2021-11-30T10:28:29+00:00","dateModified":"2024-02-13T15:01:18+00:00","breadcrumb":{"@id":"https:\/\/gliptoneeurope.com\/fr\/politique-de-confidentialite\/#breadcrumb"},"inLanguage":"fr-FR","potentialAction":[{"@type":"ReadAction","target":["https:\/\/gliptoneeurope.com\/fr\/politique-de-confidentialite\/"]}]},{"@type":"BreadcrumbList","@id":"https:\/\/gliptoneeurope.com\/fr\/politique-de-confidentialite\/#breadcrumb","itemListElement":[{"@type":"ListItem","position":1,"name":"Home","item":"https:\/\/gliptoneeurope.com\/"},{"@type":"ListItem","position":2,"name":"Politique de confidentialit\u00e9"}]},{"@type":"WebSite","@id":"https:\/\/gliptoneeurope.com\/#website","url":"https:\/\/gliptoneeurope.com\/","name":"Gliptone Europe","description":"Professional Car Detailing Products","publisher":{"@id":"https:\/\/gliptoneeurope.com\/#organization"},"potentialAction":[{"@type":"SearchAction","target":{"@type":"EntryPoint","urlTemplate":"https:\/\/gliptoneeurope.com\/?s={search_term_string}"},"query-input":{"@type":"PropertyValueSpecification","valueRequired":true,"valueName":"search_term_string"}}],"inLanguage":"fr-FR"},{"@type":"Organization","@id":"https:\/\/gliptoneeurope.com\/#organization","name":"Gliptone Europe","url":"https:\/\/gliptoneeurope.com\/","logo":{"@type":"ImageObject","inLanguage":"fr-FR","@id":"https:\/\/gliptoneeurope.com\/#\/schema\/logo\/image\/","url":"https:\/\/gliptoneeurope.com\/wp-content\/uploads\/Gliptone_Logo.png","contentUrl":"https:\/\/gliptoneeurope.com\/wp-content\/uploads\/Gliptone_Logo.png","width":1472,"height":607,"caption":"Gliptone Europe"},"image":{"@id":"https:\/\/gliptoneeurope.com\/#\/schema\/logo\/image\/"},"sameAs":["https:\/\/www.facebook.com\/gliptoneeurope\/","https:\/\/www.instagram.com\/gliptoneeurope\/","https:\/\/www.pinterest.co.uk\/GliptoneEurope\/"]}]}},"_links":{"self":[{"href":"https:\/\/gliptoneeurope.com\/fr\/wp-json\/wp\/v2\/pages\/11342","targetHints":{"allow":["GET"]}}],"collection":[{"href":"https:\/\/gliptoneeurope.com\/fr\/wp-json\/wp\/v2\/pages"}],"about":[{"href":"https:\/\/gliptoneeurope.com\/fr\/wp-json\/wp\/v2\/types\/page"}],"author":[{"embeddable":true,"href":"https:\/\/gliptoneeurope.com\/fr\/wp-json\/wp\/v2\/users\/13"}],"replies":[{"embeddable":true,"href":"https:\/\/gliptoneeurope.com\/fr\/wp-json\/wp\/v2\/comments?post=11342"}],"version-history":[{"count":5,"href":"https:\/\/gliptoneeurope.com\/fr\/wp-json\/wp\/v2\/pages\/11342\/revisions"}],"predecessor-version":[{"id":32081,"href":"https:\/\/gliptoneeurope.com\/fr\/wp-json\/wp\/v2\/pages\/11342\/revisions\/32081"}],"wp:attachment":[{"href":"https:\/\/gliptoneeurope.com\/fr\/wp-json\/wp\/v2\/media?parent=11342"}],"curies":[{"name":"wp","href":"https:\/\/api.w.org\/{rel}","templated":true}]}}