{"id":11279,"date":"2021-11-30T10:28:01","date_gmt":"2021-11-30T10:28:01","guid":{"rendered":"https:\/\/gliptoneeurope.com\/notre-histoire\/"},"modified":"2021-11-30T10:28:05","modified_gmt":"2021-11-30T10:28:05","slug":"notre-histoire","status":"publish","type":"page","link":"https:\/\/gliptoneeurope.com\/fr\/notre-histoire\/","title":{"rendered":"Notre histoire"},"content":{"rendered":"\n<style type=\"text\/css\" data-created_by=\"avia_inline_auto\" id=\"style-css-av-kl28d86g-2baa946d4e2853b2b4414cc95c94534e\">\n.avia-section.av-kl28d86g-2baa946d4e2853b2b4414cc95c94534e{\nbackground-repeat:no-repeat;\nbackground-image:url(https:\/\/gliptoneeurope.com\/wp-content\/uploads\/our-story-1024x683.jpg);\nbackground-position:50% 50%;\nbackground-attachment:scroll;\n}\n<\/style>\n<div id='av_section_1'  class='avia-section av-kl28d86g-2baa946d4e2853b2b4414cc95c94534e main_color avia-section-default avia-no-border-styling  avia-builder-el-0  el_before_av_one_full  avia-builder-el-first  avia-full-stretch avia-bg-style-scroll av-minimum-height av-minimum-height-50 av-height-50  container_wrap fullsize'  data-section-bg-repeat='stretch' data-av_minimum_height_pc='50' data-av_min_height_opt='50'><div class='container av-section-cont-open' ><main  role=\"main\" itemprop=\"mainContentOfPage\"  class='template-page content  av-content-full alpha units'><div class='post-entry post-entry-type-page post-entry-11279'><div class='entry-content-wrapper clearfix'>\n\n<style type=\"text\/css\" data-created_by=\"avia_inline_auto\" id=\"style-css-av-1d2e1n-ea0ff86f24d0eb62b3078ce1bb0ab849\">\n.flex_column.av-1d2e1n-ea0ff86f24d0eb62b3078ce1bb0ab849{\nborder-radius:0px 0px 0px 0px;\npadding:0px 0px 0px 0px;\n}\n<\/style>\n<div  class='flex_column av-1d2e1n-ea0ff86f24d0eb62b3078ce1bb0ab849 av_one_full  avia-builder-el-1  avia-builder-el-no-sibling  first flex_column_div av-zero-column-padding  '     ><style type=\"text\/css\" data-created_by=\"avia_inline_auto\" id=\"style-css-av-kl2iqm2j-a3f4b58c628516770428752dd00c7d2c\">\n#top .av-special-heading.av-kl2iqm2j-a3f4b58c628516770428752dd00c7d2c{\npadding-bottom:10px;\ncolor:#ffffff;\n}\nbody .av-special-heading.av-kl2iqm2j-a3f4b58c628516770428752dd00c7d2c .av-special-heading-tag .heading-char{\nfont-size:25px;\n}\n.av-special-heading.av-kl2iqm2j-a3f4b58c628516770428752dd00c7d2c .special-heading-inner-border{\nborder-color:#ffffff;\n}\n.av-special-heading.av-kl2iqm2j-a3f4b58c628516770428752dd00c7d2c .av-subheading{\nfont-size:24px;\n}\n<\/style>\n<div  class='av-special-heading av-kl2iqm2j-a3f4b58c628516770428752dd00c7d2c av-special-heading-h1 custom-color-heading blockquote elegant-quote elegant-centered  avia-builder-el-2  avia-builder-el-no-sibling  shadow'><h1 class='av-special-heading-tag '  itemprop=\"headline\"  ><span class=\"heading-wrap\">\u00c0 PROPOS DE NOUS<\/span><\/h1><div class='av_custom_color av-subheading av-subheading_below'><p>Notre histoire<\/p>\n<\/div><div class=\"special-heading-border\"><div class=\"special-heading-inner-border\"><\/div><\/div><\/div><\/div>\n<\/div><\/div><\/main><!-- close content main element --><\/div><\/div><div id='after_section_1'  class='main_color av_default_container_wrap container_wrap fullsize'  ><div class='container av-section-cont-open' ><div class='template-page content  av-content-full alpha units'><div class='post-entry post-entry-type-page post-entry-11279'><div class='entry-content-wrapper clearfix'>\n\n<style type=\"text\/css\" data-created_by=\"avia_inline_auto\" id=\"style-css-av-cbvcpn-54d1b64839e0263cc7c7094f867d55bc\">\n.flex_column.av-cbvcpn-54d1b64839e0263cc7c7094f867d55bc{\nborder-radius:0px 0px 0px 0px;\npadding:0px 0px 0px 0px;\n}\n<\/style>\n<div  class='flex_column av-cbvcpn-54d1b64839e0263cc7c7094f867d55bc av_one_full  avia-builder-el-3  el_after_av_section  avia-builder-el-no-sibling  first flex_column_div av-zero-column-padding  '     ><style type=\"text\/css\" data-created_by=\"avia_inline_auto\" id=\"style-css-av-kl28jx8m-58668288bf7f69e2035db03bbe6f7b16\">\n#top .av_textblock_section.av-kl28jx8m-58668288bf7f69e2035db03bbe6f7b16 .avia_textblock{\nfont-size:18px;\n}\n<\/style>\n<section  class='av_textblock_section av-kl28jx8m-58668288bf7f69e2035db03bbe6f7b16 '   itemscope=\"itemscope\" itemtype=\"https:\/\/schema.org\/CreativeWork\" ><div class='avia_textblock'  itemprop=\"text\" ><h2 style=\"text-align: center;\">UNE TRADITION DE 70 ANS QUI TRANSCEND LES G\u00c9N\u00c9RATIONS<\/h2>\n<\/div><\/section><br \/>\n\n<style type=\"text\/css\" data-created_by=\"avia_inline_auto\" id=\"style-css-av-kl2iv7rl-393904f0a13782a04c7bf716c210c9ab\">\n.avia-image-container.av-kl2iv7rl-393904f0a13782a04c7bf716c210c9ab img.avia_image{\nbox-shadow:none;\n}\n.avia-image-container.av-kl2iv7rl-393904f0a13782a04c7bf716c210c9ab .av-image-caption-overlay-center{\ncolor:#ffffff;\n}\n<\/style>\n<div  class='avia-image-container av-kl2iv7rl-393904f0a13782a04c7bf716c210c9ab av-styling- avia-align-center  avia-builder-el-5  el_after_av_textblock  el_before_av_textblock '   itemprop=\"image\" itemscope=\"itemscope\" itemtype=\"https:\/\/schema.org\/ImageObject\" ><div class=\"avia-image-container-inner\"><div class=\"avia-image-overlay-wrap\"><img decoding=\"async\" fetchpriority=\"high\" class='wp-image-10452 avia-img-lazy-loading-not-10452 avia_image ' src=\"https:\/\/gliptoneeurope.com\/wp-content\/uploads\/Gliptone-StampV3-1-150x150.png\" alt='' title='Gliptone-TamponV3 (1)'  height=\"80\" width=\"80\"  itemprop=\"thumbnailUrl\" srcset=\"https:\/\/gliptoneeurope.com\/wp-content\/uploads\/Gliptone-StampV3-1-150x150.png 150w, https:\/\/gliptoneeurope.com\/wp-content\/uploads\/Gliptone-StampV3-1-300x300.png 300w, https:\/\/gliptoneeurope.com\/wp-content\/uploads\/Gliptone-StampV3-1-100x100.png 100w, https:\/\/gliptoneeurope.com\/wp-content\/uploads\/Gliptone-StampV3-1-600x599.png 600w, https:\/\/gliptoneeurope.com\/wp-content\/uploads\/Gliptone-StampV3-1-1024x1024.png 1024w, https:\/\/gliptoneeurope.com\/wp-content\/uploads\/Gliptone-StampV3-1-768x767.png 768w, https:\/\/gliptoneeurope.com\/wp-content\/uploads\/Gliptone-StampV3-1.png 1044w\" sizes=\"(max-width: 80px) 100vw, 80px\" \/><\/div><\/div><\/div><br \/>\n<section  class='av_textblock_section av-kl2iu6kj-e85d78408ff83f8cceaa77fe1cb26483 '   itemscope=\"itemscope\" itemtype=\"https:\/\/schema.org\/CreativeWork\" ><div class='avia_textblock'  itemprop=\"text\" ><p style=\"text-align: center;\">La cire automobile Gliptone est une tradition de qualit\u00e9 \u00e0 New York depuis 1947. Vendus localement, les passionn\u00e9s de voitures ont compris que des ingr\u00e9dients de qualit\u00e9 avec un processus de qualit\u00e9 \u00e9galent les meilleurs produits. En tant que marque non annonc\u00e9e, la popularit\u00e9 de Gliptone s&#8217;est accrue par le bouche \u00e0 oreille. Les clients satisfaits \u00e9taient impatients de transmettre leur secret pour une finition durable avec une brillance riche et profonde. Nous continuons \u00e0 rester fid\u00e8les \u00e0 notre objectif, en d\u00e9veloppant des produits de qualit\u00e9 ultime pour les finitions de peinture d&#8217;aujourd&#8217;hui sans sacrifier la qualit\u00e9 commenc\u00e9e en 1947.<\/p>\n<p style=\"text-align: center;\">Aujourd&#8217;hui, l&#8217;offre Gliptone comprend une gamme compl\u00e8te de produits de reconditionnement automobile professionnels, de produits chimiques pour tunnels de lavage de voitures professionnels et de produits d&#8217;entretien automobile emball\u00e9s pour la vente au d\u00e9tail. Cela comprend notre c\u00e9l\u00e8bre Body Gloss, Wash N&#8217; Glow, nos cires en p\u00e2te et cr\u00e8me de carnauba originales, nos produits de polissage pour m\u00e9taux liquides et notre nettoyant et revitalisant pour cuir de renomm\u00e9e mondiale.<\/p>\n<p style=\"text-align: center;\">Les produits Gliptone sont utilis\u00e9s par les meilleurs d\u00e9taillants du monde entier. Nos distributeurs et clients utilisateurs finaux ont trouv\u00e9 que notre s\u00e9lection d&#8217;articles de fournitures de d\u00e9tail est de la plus haute qualit\u00e9 et la plus utile dans l&#8217;industrie de d\u00e9tail d&#8217;aujourd&#8217;hui au rythme rapide et ax\u00e9 sur les r\u00e9sultats. La gamme Gliptone de serviettes en microfibre Softouch de qualit\u00e9 sup\u00e9rieure est peut-\u00eatre la plus c\u00e9l\u00e8bre de ce groupe.<\/p>\n<p style=\"text-align: center;\">Gliptone maintient un engagement envers le professionnalisme, l&#8217;environnement et le soutien de l&#8217;industrie gr\u00e2ce \u00e0 notre engagement envers la chimie verte, des pratiques de fabrication respectueuses de l&#8217;environnement, un soutien continu \u00e0 de nombreuses \u00e9coles de m\u00e9tiers pour aider \u00e0 \u00e9duquer davantage les jeunes techniciens sur les bonnes pratiques de reconditionnement utilis\u00e9es dans la main-d&#8217;\u0153uvre d&#8217;aujourd&#8217;hui, ainsi que adh\u00e9sion \u00e0 de nombreuses organisations professionnelles de l&#8217;industrie telles que SEMA, AAPEX et ICA.<\/p>\n<p style=\"text-align: center;\"><strong>Nous proposons \u00e9galement un service d&#8217;entretien et de r\u00e9paration du cuir dans le Cheshire. <a href=\"https:\/\/gliptoneeurope.com\/fr\/service-dentretien-et-de-reparation-du-cuir\/\">Cliquez ici<\/a> pour en savoir plus.<\/strong><\/p>\n<\/div><\/section><\/p><\/div>\n","protected":false},"excerpt":{"rendered":"","protected":false},"author":5,"featured_media":0,"parent":0,"menu_order":0,"comment_status":"closed","ping_status":"closed","template":"","meta":{"footnotes":""},"class_list":["post-11279","page","type-page","status-publish","hentry"],"yoast_head":"<!-- This site is optimized with the Yoast SEO Premium plugin v21.4 (Yoast SEO v27.5) - https:\/\/yoast.com\/product\/yoast-seo-premium-wordpress\/ -->\n<title>Gliptone Europe | Produits de detailing pour le detailer professionnel<\/title>\n<meta name=\"description\" content=\"Commandez aujourd&#039;hui et voyez par vous-m\u00eame pourquoi Gliptone est utilis\u00e9 par les meilleurs d\u00e9taillants du monde entier...\" \/>\n<meta name=\"robots\" content=\"index, follow, max-snippet:-1, max-image-preview:large, max-video-preview:-1\" \/>\n<link rel=\"canonical\" href=\"https:\/\/gliptoneeurope.com\/fr\/notre-histoire\/\" \/>\n<meta property=\"og:locale\" content=\"fr_FR\" \/>\n<meta property=\"og:type\" content=\"article\" \/>\n<meta property=\"og:title\" content=\"Notre histoire\" \/>\n<meta property=\"og:url\" content=\"https:\/\/gliptoneeurope.com\/fr\/notre-histoire\/\" \/>\n<meta property=\"og:site_name\" content=\"Gliptone Europe\" \/>\n<meta property=\"article:publisher\" content=\"https:\/\/www.facebook.com\/gliptoneeurope\/\" \/>\n<meta property=\"article:modified_time\" content=\"2021-11-30T10:28:05+00:00\" \/>\n<meta property=\"og:image\" content=\"https:\/\/gliptoneeurope.com\/wp-content\/uploads\/Gliptone_Logo.png\" \/>\n\t<meta property=\"og:image:width\" content=\"1472\" \/>\n\t<meta property=\"og:image:height\" content=\"607\" \/>\n\t<meta property=\"og:image:type\" content=\"image\/png\" \/>\n<meta name=\"twitter:card\" content=\"summary_large_image\" \/>\n<meta name=\"twitter:label1\" content=\"Dur\u00e9e de lecture estim\u00e9e\" \/>\n\t<meta name=\"twitter:data1\" content=\"5 minutes\" \/>\n<script type=\"application\/ld+json\" class=\"yoast-schema-graph\">{\"@context\":\"https:\\\/\\\/schema.org\",\"@graph\":[{\"@type\":\"WebPage\",\"@id\":\"https:\\\/\\\/gliptoneeurope.com\\\/fr\\\/notre-histoire\\\/\",\"url\":\"https:\\\/\\\/gliptoneeurope.com\\\/fr\\\/notre-histoire\\\/\",\"name\":\"Gliptone Europe | Produits de detailing pour le detailer professionnel\",\"isPartOf\":{\"@id\":\"https:\\\/\\\/gliptoneeurope.com\\\/#website\"},\"datePublished\":\"2021-11-30T10:28:01+00:00\",\"dateModified\":\"2021-11-30T10:28:05+00:00\",\"description\":\"Commandez aujourd'hui et voyez par vous-m\u00eame pourquoi Gliptone est utilis\u00e9 par les meilleurs d\u00e9taillants du monde entier...\",\"breadcrumb\":{\"@id\":\"https:\\\/\\\/gliptoneeurope.com\\\/fr\\\/notre-histoire\\\/#breadcrumb\"},\"inLanguage\":\"fr-FR\",\"potentialAction\":[{\"@type\":\"ReadAction\",\"target\":[\"https:\\\/\\\/gliptoneeurope.com\\\/fr\\\/notre-histoire\\\/\"]}]},{\"@type\":\"BreadcrumbList\",\"@id\":\"https:\\\/\\\/gliptoneeurope.com\\\/fr\\\/notre-histoire\\\/#breadcrumb\",\"itemListElement\":[{\"@type\":\"ListItem\",\"position\":1,\"name\":\"Home\",\"item\":\"https:\\\/\\\/gliptoneeurope.com\\\/\"},{\"@type\":\"ListItem\",\"position\":2,\"name\":\"Notre histoire\"}]},{\"@type\":\"WebSite\",\"@id\":\"https:\\\/\\\/gliptoneeurope.com\\\/#website\",\"url\":\"https:\\\/\\\/gliptoneeurope.com\\\/\",\"name\":\"Gliptone Europe\",\"description\":\"Professional Car Detailing Products\",\"publisher\":{\"@id\":\"https:\\\/\\\/gliptoneeurope.com\\\/#organization\"},\"potentialAction\":[{\"@type\":\"SearchAction\",\"target\":{\"@type\":\"EntryPoint\",\"urlTemplate\":\"https:\\\/\\\/gliptoneeurope.com\\\/?s={search_term_string}\"},\"query-input\":{\"@type\":\"PropertyValueSpecification\",\"valueRequired\":true,\"valueName\":\"search_term_string\"}}],\"inLanguage\":\"fr-FR\"},{\"@type\":\"Organization\",\"@id\":\"https:\\\/\\\/gliptoneeurope.com\\\/#organization\",\"name\":\"Gliptone Europe\",\"url\":\"https:\\\/\\\/gliptoneeurope.com\\\/\",\"logo\":{\"@type\":\"ImageObject\",\"inLanguage\":\"fr-FR\",\"@id\":\"https:\\\/\\\/gliptoneeurope.com\\\/#\\\/schema\\\/logo\\\/image\\\/\",\"url\":\"https:\\\/\\\/gliptoneeurope.com\\\/wp-content\\\/uploads\\\/Gliptone_Logo.png\",\"contentUrl\":\"https:\\\/\\\/gliptoneeurope.com\\\/wp-content\\\/uploads\\\/Gliptone_Logo.png\",\"width\":1472,\"height\":607,\"caption\":\"Gliptone Europe\"},\"image\":{\"@id\":\"https:\\\/\\\/gliptoneeurope.com\\\/#\\\/schema\\\/logo\\\/image\\\/\"},\"sameAs\":[\"https:\\\/\\\/www.facebook.com\\\/gliptoneeurope\\\/\",\"https:\\\/\\\/www.instagram.com\\\/gliptoneeurope\\\/\",\"https:\\\/\\\/www.pinterest.co.uk\\\/GliptoneEurope\\\/\"]}]}<\/script>\n<!-- \/ Yoast SEO Premium plugin. -->","yoast_head_json":{"title":"Gliptone Europe | Produits de detailing pour le detailer professionnel","description":"Commandez aujourd'hui et voyez par vous-m\u00eame pourquoi Gliptone est utilis\u00e9 par les meilleurs d\u00e9taillants du monde entier...","robots":{"index":"index","follow":"follow","max-snippet":"max-snippet:-1","max-image-preview":"max-image-preview:large","max-video-preview":"max-video-preview:-1"},"canonical":"https:\/\/gliptoneeurope.com\/fr\/notre-histoire\/","og_locale":"fr_FR","og_type":"article","og_title":"Notre histoire","og_url":"https:\/\/gliptoneeurope.com\/fr\/notre-histoire\/","og_site_name":"Gliptone Europe","article_publisher":"https:\/\/www.facebook.com\/gliptoneeurope\/","article_modified_time":"2021-11-30T10:28:05+00:00","og_image":[{"width":1472,"height":607,"url":"https:\/\/gliptoneeurope.com\/wp-content\/uploads\/Gliptone_Logo.png","type":"image\/png"}],"twitter_card":"summary_large_image","twitter_misc":{"Dur\u00e9e de lecture estim\u00e9e":"5 minutes"},"schema":{"@context":"https:\/\/schema.org","@graph":[{"@type":"WebPage","@id":"https:\/\/gliptoneeurope.com\/fr\/notre-histoire\/","url":"https:\/\/gliptoneeurope.com\/fr\/notre-histoire\/","name":"Gliptone Europe | Produits de detailing pour le detailer professionnel","isPartOf":{"@id":"https:\/\/gliptoneeurope.com\/#website"},"datePublished":"2021-11-30T10:28:01+00:00","dateModified":"2021-11-30T10:28:05+00:00","description":"Commandez aujourd'hui et voyez par vous-m\u00eame pourquoi Gliptone est utilis\u00e9 par les meilleurs d\u00e9taillants du monde entier...","breadcrumb":{"@id":"https:\/\/gliptoneeurope.com\/fr\/notre-histoire\/#breadcrumb"},"inLanguage":"fr-FR","potentialAction":[{"@type":"ReadAction","target":["https:\/\/gliptoneeurope.com\/fr\/notre-histoire\/"]}]},{"@type":"BreadcrumbList","@id":"https:\/\/gliptoneeurope.com\/fr\/notre-histoire\/#breadcrumb","itemListElement":[{"@type":"ListItem","position":1,"name":"Home","item":"https:\/\/gliptoneeurope.com\/"},{"@type":"ListItem","position":2,"name":"Notre histoire"}]},{"@type":"WebSite","@id":"https:\/\/gliptoneeurope.com\/#website","url":"https:\/\/gliptoneeurope.com\/","name":"Gliptone Europe","description":"Professional Car Detailing Products","publisher":{"@id":"https:\/\/gliptoneeurope.com\/#organization"},"potentialAction":[{"@type":"SearchAction","target":{"@type":"EntryPoint","urlTemplate":"https:\/\/gliptoneeurope.com\/?s={search_term_string}"},"query-input":{"@type":"PropertyValueSpecification","valueRequired":true,"valueName":"search_term_string"}}],"inLanguage":"fr-FR"},{"@type":"Organization","@id":"https:\/\/gliptoneeurope.com\/#organization","name":"Gliptone Europe","url":"https:\/\/gliptoneeurope.com\/","logo":{"@type":"ImageObject","inLanguage":"fr-FR","@id":"https:\/\/gliptoneeurope.com\/#\/schema\/logo\/image\/","url":"https:\/\/gliptoneeurope.com\/wp-content\/uploads\/Gliptone_Logo.png","contentUrl":"https:\/\/gliptoneeurope.com\/wp-content\/uploads\/Gliptone_Logo.png","width":1472,"height":607,"caption":"Gliptone Europe"},"image":{"@id":"https:\/\/gliptoneeurope.com\/#\/schema\/logo\/image\/"},"sameAs":["https:\/\/www.facebook.com\/gliptoneeurope\/","https:\/\/www.instagram.com\/gliptoneeurope\/","https:\/\/www.pinterest.co.uk\/GliptoneEurope\/"]}]}},"_links":{"self":[{"href":"https:\/\/gliptoneeurope.com\/fr\/wp-json\/wp\/v2\/pages\/11279","targetHints":{"allow":["GET"]}}],"collection":[{"href":"https:\/\/gliptoneeurope.com\/fr\/wp-json\/wp\/v2\/pages"}],"about":[{"href":"https:\/\/gliptoneeurope.com\/fr\/wp-json\/wp\/v2\/types\/page"}],"author":[{"embeddable":true,"href":"https:\/\/gliptoneeurope.com\/fr\/wp-json\/wp\/v2\/users\/5"}],"replies":[{"embeddable":true,"href":"https:\/\/gliptoneeurope.com\/fr\/wp-json\/wp\/v2\/comments?post=11279"}],"version-history":[{"count":1,"href":"https:\/\/gliptoneeurope.com\/fr\/wp-json\/wp\/v2\/pages\/11279\/revisions"}],"predecessor-version":[{"id":11291,"href":"https:\/\/gliptoneeurope.com\/fr\/wp-json\/wp\/v2\/pages\/11279\/revisions\/11291"}],"wp:attachment":[{"href":"https:\/\/gliptoneeurope.com\/fr\/wp-json\/wp\/v2\/media?parent=11279"}],"curies":[{"name":"wp","href":"https:\/\/api.w.org\/{rel}","templated":true}]}}