{"id":11275,"date":"2021-11-30T10:28:00","date_gmt":"2021-11-30T10:28:00","guid":{"rendered":"https:\/\/gliptoneeurope.com\/nous-contacter\/"},"modified":"2025-01-24T14:36:28","modified_gmt":"2025-01-24T14:36:28","slug":"nous-contacter","status":"publish","type":"page","link":"https:\/\/gliptoneeurope.com\/fr\/nous-contacter\/","title":{"rendered":"Nous contacter"},"content":{"rendered":"\n<style type=\"text\/css\" data-created_by=\"avia_inline_auto\" id=\"style-css-av-kl28d86g-1c440eef47e1cc0bd072a8898fe91b04\">\n.avia-section.av-kl28d86g-1c440eef47e1cc0bd072a8898fe91b04 .av-parallax .av-parallax-inner{\nbackground-repeat:no-repeat;\nbackground-image:url(https:\/\/gliptoneeurope.com\/wp-content\/uploads\/main-hero-1024x683.png);\nbackground-position:50% 100%;\nbackground-attachment:scroll;\n}\n<\/style>\n<div id='av_section_1'  class='avia-section av-kl28d86g-1c440eef47e1cc0bd072a8898fe91b04 main_color avia-section-default avia-no-border-styling  avia-builder-el-0  el_before_av_one_full  avia-builder-el-first  avia-full-stretch av-parallax-section avia-bg-style-parallax av-minimum-height av-minimum-height-50 av-height-50  container_wrap fullsize'  data-section-bg-repeat='stretch' data-av_minimum_height_pc='50' data-av_min_height_opt='50'><div class='av-parallax' data-avia-parallax-ratio='0.3' ><div class='av-parallax-inner main_color avia-full-stretch'><\/div><\/div><div class='container av-section-cont-open' ><main  role=\"main\" itemprop=\"mainContentOfPage\"  class='template-page content  av-content-full alpha units'><div class='post-entry post-entry-type-page post-entry-11275'><div class='entry-content-wrapper clearfix'>\n\n<style type=\"text\/css\" data-created_by=\"avia_inline_auto\" id=\"style-css-av-1d2e1n-ea0ff86f24d0eb62b3078ce1bb0ab849\">\n.flex_column.av-1d2e1n-ea0ff86f24d0eb62b3078ce1bb0ab849{\nborder-radius:0px 0px 0px 0px;\npadding:0px 0px 0px 0px;\n}\n<\/style>\n<div  class='flex_column av-1d2e1n-ea0ff86f24d0eb62b3078ce1bb0ab849 av_one_full  avia-builder-el-1  avia-builder-el-no-sibling  first flex_column_div av-zero-column-padding  '     ><style type=\"text\/css\" data-created_by=\"avia_inline_auto\" id=\"style-css-av-kl2j03gb-9f047e142d221389719bec7f16ae9b72\">\n#top .av-special-heading.av-kl2j03gb-9f047e142d221389719bec7f16ae9b72{\npadding-bottom:10px;\ncolor:#ffffff;\n}\nbody .av-special-heading.av-kl2j03gb-9f047e142d221389719bec7f16ae9b72 .av-special-heading-tag .heading-char{\nfont-size:25px;\n}\n.av-special-heading.av-kl2j03gb-9f047e142d221389719bec7f16ae9b72 .special-heading-inner-border{\nborder-color:#ffffff;\n}\n.av-special-heading.av-kl2j03gb-9f047e142d221389719bec7f16ae9b72 .av-subheading{\nfont-size:24px;\n}\n<\/style>\n<div  class='av-special-heading av-kl2j03gb-9f047e142d221389719bec7f16ae9b72 av-special-heading-h1 custom-color-heading blockquote elegant-quote elegant-centered  avia-builder-el-2  avia-builder-el-no-sibling  shadow'><h1 class='av-special-heading-tag '  itemprop=\"headline\"  ><span class=\"heading-wrap\">NOUS CONTACTER<\/span><\/h1><div class='av_custom_color av-subheading av-subheading_below'><p>Entrer en contact<\/p>\n<\/div><div class=\"special-heading-border\"><div class=\"special-heading-inner-border\"><\/div><\/div><\/div><\/div>\n<\/div><\/div><\/main><!-- close content main element --><\/div><\/div><div id='after_section_1'  class='main_color av_default_container_wrap container_wrap fullsize'  ><div class='container av-section-cont-open' ><div class='template-page content  av-content-full alpha units'><div class='post-entry post-entry-type-page post-entry-11275'><div class='entry-content-wrapper clearfix'>\n\n<style type=\"text\/css\" data-created_by=\"avia_inline_auto\" id=\"style-css-av-cbvcpn-f39be37ef1636bce1ef2990d63c98e26\">\n.flex_column.av-cbvcpn-f39be37ef1636bce1ef2990d63c98e26{\nborder-radius:0px 0px 0px 0px;\npadding:0px 10% 0px 10%;\n}\n<\/style>\n<div  class='flex_column av-cbvcpn-f39be37ef1636bce1ef2990d63c98e26 av_one_full  avia-builder-el-3  el_after_av_section  el_before_av_section  avia-builder-el-no-sibling  first flex_column_div  '     ><style type=\"text\/css\" data-created_by=\"avia_inline_auto\" id=\"style-css-av-kl28jx8m-58668288bf7f69e2035db03bbe6f7b16\">\n#top .av_textblock_section.av-kl28jx8m-58668288bf7f69e2035db03bbe6f7b16 .avia_textblock{\nfont-size:18px;\n}\n<\/style>\n<section  class='av_textblock_section av-kl28jx8m-58668288bf7f69e2035db03bbe6f7b16 '   itemscope=\"itemscope\" itemtype=\"https:\/\/schema.org\/CreativeWork\" ><div class='avia_textblock'  itemprop=\"text\" ><p>Besoin d&#8217;aide? Pour plus d&#8217;informations ou pour faire une demande g\u00e9n\u00e9rale, veuillez nous contacter en utilisant l&#8217;une des options ci-dessous &#8211; appelez-nous, envoyez-nous un e-mail ou remplissez vos coordonn\u00e9es ci-dessous, en nous indiquant ce dont vous avez besoin et nous vous contacterons au sujet de votre demande.<\/p>\n<\/div><\/section><\/div>\n<\/div><\/div><\/div><!-- close content main div --><\/div><\/div>\n<style type=\"text\/css\" data-created_by=\"avia_inline_auto\" id=\"style-css-av-kl2j8b4v-1ad88ffded8b9977e73fd41bf7ca3021\">\n.avia-section.av-kl2j8b4v-1ad88ffded8b9977e73fd41bf7ca3021{\nbackground-color:#f5f5f5;\nbackground-image:unset;\n}\n<\/style>\n<div id='av_section_2'  class='avia-section av-kl2j8b4v-1ad88ffded8b9977e73fd41bf7ca3021 main_color avia-section-default avia-no-border-styling  avia-builder-el-5  el_after_av_one_full  el_before_av_one_full  avia-bg-style-scroll container_wrap fullsize'  ><div class='container av-section-cont-open' ><div class='template-page content  av-content-full alpha units'><div class='post-entry post-entry-type-page post-entry-11275'><div class='entry-content-wrapper clearfix'>\n\n<style type=\"text\/css\" data-created_by=\"avia_inline_auto\" id=\"style-css-av-kl2jb7zv-6e11db2b08329b1db82fe3bc2a501ab4\">\n.flex_column.av-kl2jb7zv-6e11db2b08329b1db82fe3bc2a501ab4{\nborder-radius:0px 0px 0px 0px;\npadding:0px 10% 0px 10%;\n}\n<\/style>\n<div  class='flex_column av-kl2jb7zv-6e11db2b08329b1db82fe3bc2a501ab4 av_one_full  avia-builder-el-6  avia-builder-el-no-sibling  first flex_column_div  '     ><section  class='av_textblock_section av-kl2j3gow-cd3471fbe8e96ac58a60cc66ca4f715a '   itemscope=\"itemscope\" itemtype=\"https:\/\/schema.org\/CreativeWork\" ><div class='avia_textblock'  itemprop=\"text\" ><h3>PAR EMAIL:<\/h3>\n<p>Envoyez-nous un message en utilisant le formulaire ci-dessous, et nous nous efforcerons de vous r\u00e9pondre d\u00e8s que possible. Vous pouvez \u00e9galement nous envoyer un courriel \u00e0 l&#8217;adresse suivante  <a href=\"mailto:info@staingard.co.uk\">info@staingard.co.uk<\/a><\/p>\n<h3>PAR T\u00c9L\u00c9PHONE:<\/h3>\n<p>T\u00e9l :<strong>  +44 (0)1244 888658<\/strong><\/p>\n<p>Heures d&#8217;ouverture du service client au Royaume-Uni&nbsp;: du lundi au vendredi de 9&nbsp;h&nbsp;00 \u00e0 17&nbsp;h&nbsp;00<\/p>\n<h3>JOURS F\u00c9RI\u00c9S:<\/h3>\n<p>Nous sommes ferm\u00e9s tous les jours f\u00e9ri\u00e9s<\/p>\n<\/div><\/section><\/div><\/div><\/div><\/div><!-- close content main div --><\/div><\/div><div id='after_section_2'  class='main_color av_default_container_wrap container_wrap fullsize'  ><div class='container av-section-cont-open' ><div class='template-page content  av-content-full alpha units'><div class='post-entry post-entry-type-page post-entry-11275'><div class='entry-content-wrapper clearfix'>\n<style type=\"text\/css\" data-created_by=\"avia_inline_auto\" id=\"style-css-av-1ydj9q-34a23146e05d5d40f187f2ed045b7f79\">\n.flex_column.av-1ydj9q-34a23146e05d5d40f187f2ed045b7f79{\nborder-radius:0px 0px 0px 0px;\npadding:0px 10% 0px 10%;\n}\n<\/style>\n<div  class='flex_column av-1ydj9q-34a23146e05d5d40f187f2ed045b7f79 av_one_full  avia-builder-el-8  el_after_av_section  avia-builder-el-no-sibling  first flex_column_div  '     ><\/div><\/p>\n","protected":false},"excerpt":{"rendered":"","protected":false},"author":5,"featured_media":0,"parent":0,"menu_order":0,"comment_status":"closed","ping_status":"closed","template":"","meta":{"footnotes":""},"class_list":["post-11275","page","type-page","status-publish","hentry"],"yoast_head":"<!-- This site is optimized with the Yoast SEO Premium plugin v21.4 (Yoast SEO v27.4) - https:\/\/yoast.com\/product\/yoast-seo-premium-wordpress\/ -->\n<title>Gliptone Europe | Produits de detailing pour le detailer professionnel<\/title>\n<meta name=\"description\" content=\"Commandez aujourd&#039;hui et voyez par vous-m\u00eame pourquoi les produits d&#039;esth\u00e9tique automobile Gliptone sont utilis\u00e9s par certains des meilleurs d\u00e9taillants du monde entier...\" \/>\n<meta name=\"robots\" content=\"index, follow, max-snippet:-1, max-image-preview:large, max-video-preview:-1\" \/>\n<link rel=\"canonical\" href=\"https:\/\/gliptoneeurope.com\/fr\/nous-contacter\/\" \/>\n<meta property=\"og:locale\" content=\"fr_FR\" \/>\n<meta property=\"og:type\" content=\"article\" \/>\n<meta property=\"og:title\" content=\"Nous contacter\" \/>\n<meta property=\"og:url\" content=\"https:\/\/gliptoneeurope.com\/fr\/nous-contacter\/\" \/>\n<meta property=\"og:site_name\" content=\"Gliptone Europe\" \/>\n<meta property=\"article:publisher\" content=\"https:\/\/www.facebook.com\/gliptoneeurope\/\" \/>\n<meta property=\"article:modified_time\" content=\"2025-01-24T14:36:28+00:00\" \/>\n<meta property=\"og:image\" content=\"https:\/\/gliptoneeurope.com\/wp-content\/uploads\/Gliptone_Logo.png\" \/>\n\t<meta property=\"og:image:width\" content=\"1472\" \/>\n\t<meta property=\"og:image:height\" content=\"607\" \/>\n\t<meta property=\"og:image:type\" content=\"image\/png\" \/>\n<meta name=\"twitter:card\" content=\"summary_large_image\" \/>\n<meta name=\"twitter:label1\" content=\"Dur\u00e9e de lecture estim\u00e9e\" \/>\n\t<meta name=\"twitter:data1\" content=\"6 minutes\" \/>\n<script type=\"application\/ld+json\" class=\"yoast-schema-graph\">{\"@context\":\"https:\\\/\\\/schema.org\",\"@graph\":[{\"@type\":\"WebPage\",\"@id\":\"https:\\\/\\\/gliptoneeurope.com\\\/fr\\\/nous-contacter\\\/\",\"url\":\"https:\\\/\\\/gliptoneeurope.com\\\/fr\\\/nous-contacter\\\/\",\"name\":\"Gliptone Europe | Produits de detailing pour le detailer professionnel\",\"isPartOf\":{\"@id\":\"https:\\\/\\\/gliptoneeurope.com\\\/#website\"},\"datePublished\":\"2021-11-30T10:28:00+00:00\",\"dateModified\":\"2025-01-24T14:36:28+00:00\",\"description\":\"Commandez aujourd'hui et voyez par vous-m\u00eame pourquoi les produits d'esth\u00e9tique automobile Gliptone sont utilis\u00e9s par certains des meilleurs d\u00e9taillants du monde entier...\",\"breadcrumb\":{\"@id\":\"https:\\\/\\\/gliptoneeurope.com\\\/fr\\\/nous-contacter\\\/#breadcrumb\"},\"inLanguage\":\"fr-FR\",\"potentialAction\":[{\"@type\":\"ReadAction\",\"target\":[\"https:\\\/\\\/gliptoneeurope.com\\\/fr\\\/nous-contacter\\\/\"]}]},{\"@type\":\"BreadcrumbList\",\"@id\":\"https:\\\/\\\/gliptoneeurope.com\\\/fr\\\/nous-contacter\\\/#breadcrumb\",\"itemListElement\":[{\"@type\":\"ListItem\",\"position\":1,\"name\":\"Home\",\"item\":\"https:\\\/\\\/gliptoneeurope.com\\\/\"},{\"@type\":\"ListItem\",\"position\":2,\"name\":\"Nous contacter\"}]},{\"@type\":\"WebSite\",\"@id\":\"https:\\\/\\\/gliptoneeurope.com\\\/#website\",\"url\":\"https:\\\/\\\/gliptoneeurope.com\\\/\",\"name\":\"Gliptone Europe\",\"description\":\"Professional Car Detailing Products\",\"publisher\":{\"@id\":\"https:\\\/\\\/gliptoneeurope.com\\\/#organization\"},\"potentialAction\":[{\"@type\":\"SearchAction\",\"target\":{\"@type\":\"EntryPoint\",\"urlTemplate\":\"https:\\\/\\\/gliptoneeurope.com\\\/?s={search_term_string}\"},\"query-input\":{\"@type\":\"PropertyValueSpecification\",\"valueRequired\":true,\"valueName\":\"search_term_string\"}}],\"inLanguage\":\"fr-FR\"},{\"@type\":\"Organization\",\"@id\":\"https:\\\/\\\/gliptoneeurope.com\\\/#organization\",\"name\":\"Gliptone Europe\",\"url\":\"https:\\\/\\\/gliptoneeurope.com\\\/\",\"logo\":{\"@type\":\"ImageObject\",\"inLanguage\":\"fr-FR\",\"@id\":\"https:\\\/\\\/gliptoneeurope.com\\\/#\\\/schema\\\/logo\\\/image\\\/\",\"url\":\"https:\\\/\\\/gliptoneeurope.com\\\/wp-content\\\/uploads\\\/Gliptone_Logo.png\",\"contentUrl\":\"https:\\\/\\\/gliptoneeurope.com\\\/wp-content\\\/uploads\\\/Gliptone_Logo.png\",\"width\":1472,\"height\":607,\"caption\":\"Gliptone Europe\"},\"image\":{\"@id\":\"https:\\\/\\\/gliptoneeurope.com\\\/#\\\/schema\\\/logo\\\/image\\\/\"},\"sameAs\":[\"https:\\\/\\\/www.facebook.com\\\/gliptoneeurope\\\/\",\"https:\\\/\\\/www.instagram.com\\\/gliptoneeurope\\\/\",\"https:\\\/\\\/www.pinterest.co.uk\\\/GliptoneEurope\\\/\"]}]}<\/script>\n<!-- \/ Yoast SEO Premium plugin. -->","yoast_head_json":{"title":"Gliptone Europe | Produits de detailing pour le detailer professionnel","description":"Commandez aujourd'hui et voyez par vous-m\u00eame pourquoi les produits d'esth\u00e9tique automobile Gliptone sont utilis\u00e9s par certains des meilleurs d\u00e9taillants du monde entier...","robots":{"index":"index","follow":"follow","max-snippet":"max-snippet:-1","max-image-preview":"max-image-preview:large","max-video-preview":"max-video-preview:-1"},"canonical":"https:\/\/gliptoneeurope.com\/fr\/nous-contacter\/","og_locale":"fr_FR","og_type":"article","og_title":"Nous contacter","og_url":"https:\/\/gliptoneeurope.com\/fr\/nous-contacter\/","og_site_name":"Gliptone Europe","article_publisher":"https:\/\/www.facebook.com\/gliptoneeurope\/","article_modified_time":"2025-01-24T14:36:28+00:00","og_image":[{"width":1472,"height":607,"url":"https:\/\/gliptoneeurope.com\/wp-content\/uploads\/Gliptone_Logo.png","type":"image\/png"}],"twitter_card":"summary_large_image","twitter_misc":{"Dur\u00e9e de lecture estim\u00e9e":"6 minutes"},"schema":{"@context":"https:\/\/schema.org","@graph":[{"@type":"WebPage","@id":"https:\/\/gliptoneeurope.com\/fr\/nous-contacter\/","url":"https:\/\/gliptoneeurope.com\/fr\/nous-contacter\/","name":"Gliptone Europe | Produits de detailing pour le detailer professionnel","isPartOf":{"@id":"https:\/\/gliptoneeurope.com\/#website"},"datePublished":"2021-11-30T10:28:00+00:00","dateModified":"2025-01-24T14:36:28+00:00","description":"Commandez aujourd'hui et voyez par vous-m\u00eame pourquoi les produits d'esth\u00e9tique automobile Gliptone sont utilis\u00e9s par certains des meilleurs d\u00e9taillants du monde entier...","breadcrumb":{"@id":"https:\/\/gliptoneeurope.com\/fr\/nous-contacter\/#breadcrumb"},"inLanguage":"fr-FR","potentialAction":[{"@type":"ReadAction","target":["https:\/\/gliptoneeurope.com\/fr\/nous-contacter\/"]}]},{"@type":"BreadcrumbList","@id":"https:\/\/gliptoneeurope.com\/fr\/nous-contacter\/#breadcrumb","itemListElement":[{"@type":"ListItem","position":1,"name":"Home","item":"https:\/\/gliptoneeurope.com\/"},{"@type":"ListItem","position":2,"name":"Nous contacter"}]},{"@type":"WebSite","@id":"https:\/\/gliptoneeurope.com\/#website","url":"https:\/\/gliptoneeurope.com\/","name":"Gliptone Europe","description":"Professional Car Detailing Products","publisher":{"@id":"https:\/\/gliptoneeurope.com\/#organization"},"potentialAction":[{"@type":"SearchAction","target":{"@type":"EntryPoint","urlTemplate":"https:\/\/gliptoneeurope.com\/?s={search_term_string}"},"query-input":{"@type":"PropertyValueSpecification","valueRequired":true,"valueName":"search_term_string"}}],"inLanguage":"fr-FR"},{"@type":"Organization","@id":"https:\/\/gliptoneeurope.com\/#organization","name":"Gliptone Europe","url":"https:\/\/gliptoneeurope.com\/","logo":{"@type":"ImageObject","inLanguage":"fr-FR","@id":"https:\/\/gliptoneeurope.com\/#\/schema\/logo\/image\/","url":"https:\/\/gliptoneeurope.com\/wp-content\/uploads\/Gliptone_Logo.png","contentUrl":"https:\/\/gliptoneeurope.com\/wp-content\/uploads\/Gliptone_Logo.png","width":1472,"height":607,"caption":"Gliptone Europe"},"image":{"@id":"https:\/\/gliptoneeurope.com\/#\/schema\/logo\/image\/"},"sameAs":["https:\/\/www.facebook.com\/gliptoneeurope\/","https:\/\/www.instagram.com\/gliptoneeurope\/","https:\/\/www.pinterest.co.uk\/GliptoneEurope\/"]}]}},"_links":{"self":[{"href":"https:\/\/gliptoneeurope.com\/fr\/wp-json\/wp\/v2\/pages\/11275","targetHints":{"allow":["GET"]}}],"collection":[{"href":"https:\/\/gliptoneeurope.com\/fr\/wp-json\/wp\/v2\/pages"}],"about":[{"href":"https:\/\/gliptoneeurope.com\/fr\/wp-json\/wp\/v2\/types\/page"}],"author":[{"embeddable":true,"href":"https:\/\/gliptoneeurope.com\/fr\/wp-json\/wp\/v2\/users\/5"}],"replies":[{"embeddable":true,"href":"https:\/\/gliptoneeurope.com\/fr\/wp-json\/wp\/v2\/comments?post=11275"}],"version-history":[{"count":7,"href":"https:\/\/gliptoneeurope.com\/fr\/wp-json\/wp\/v2\/pages\/11275\/revisions"}],"predecessor-version":[{"id":37963,"href":"https:\/\/gliptoneeurope.com\/fr\/wp-json\/wp\/v2\/pages\/11275\/revisions\/37963"}],"wp:attachment":[{"href":"https:\/\/gliptoneeurope.com\/fr\/wp-json\/wp\/v2\/media?parent=11275"}],"curies":[{"name":"wp","href":"https:\/\/api.w.org\/{rel}","templated":true}]}}