{"id":11266,"date":"2021-11-30T10:27:59","date_gmt":"2021-11-30T10:27:59","guid":{"rendered":"https:\/\/gliptoneeurope.com\/cuir\/"},"modified":"2024-01-11T22:35:45","modified_gmt":"2024-01-11T22:35:45","slug":"cuir","status":"publish","type":"page","link":"https:\/\/gliptoneeurope.com\/fr\/cuir\/","title":{"rendered":"Cuir"},"content":{"rendered":"\n<style type=\"text\/css\" data-created_by=\"avia_inline_auto\" id=\"style-css-av-kl28d86g-21b436b23a08eff806711d82a93f1b1e\">\n.avia-section.av-kl28d86g-21b436b23a08eff806711d82a93f1b1e .av-parallax .av-parallax-inner{\nbackground-repeat:no-repeat;\nbackground-image:url(https:\/\/gliptoneeurope.com\/wp-content\/uploads\/leather_mini-1024x768.jpg);\nbackground-position:50% 100%;\nbackground-attachment:scroll;\n}\n<\/style>\n<div id='av_section_1'  class='avia-section av-kl28d86g-21b436b23a08eff806711d82a93f1b1e main_color avia-section-default avia-no-border-styling  avia-builder-el-0  el_before_av_one_full  avia-builder-el-first  avia-full-stretch av-parallax-section avia-bg-style-parallax av-minimum-height av-minimum-height-50 av-height-50  container_wrap fullsize'  data-section-bg-repeat='stretch' data-av_minimum_height_pc='50' data-av_min_height_opt='50'><div class='av-parallax' data-avia-parallax-ratio='0.3' ><div class='av-parallax-inner main_color avia-full-stretch'><\/div><\/div><div class='container av-section-cont-open' ><main  role=\"main\" itemprop=\"mainContentOfPage\"  class='template-page content  av-content-full alpha units'><div class='post-entry post-entry-type-page post-entry-11266'><div class='entry-content-wrapper clearfix'>\n\n<style type=\"text\/css\" data-created_by=\"avia_inline_auto\" id=\"style-css-av-1d2e1n-ea0ff86f24d0eb62b3078ce1bb0ab849\">\n.flex_column.av-1d2e1n-ea0ff86f24d0eb62b3078ce1bb0ab849{\nborder-radius:0px 0px 0px 0px;\npadding:0px 0px 0px 0px;\n}\n<\/style>\n<div  class='flex_column av-1d2e1n-ea0ff86f24d0eb62b3078ce1bb0ab849 av_one_full  avia-builder-el-1  avia-builder-el-no-sibling  first flex_column_div av-zero-column-padding  '     ><style type=\"text\/css\" data-created_by=\"avia_inline_auto\" id=\"style-css-av-kl2e2udu-fa03025f593588be044fc46771586109\">\n#top .av-special-heading.av-kl2e2udu-fa03025f593588be044fc46771586109{\npadding-bottom:10px;\ncolor:#ffffff;\n}\nbody .av-special-heading.av-kl2e2udu-fa03025f593588be044fc46771586109 .av-special-heading-tag .heading-char{\nfont-size:25px;\n}\n.av-special-heading.av-kl2e2udu-fa03025f593588be044fc46771586109 .special-heading-inner-border{\nborder-color:#ffffff;\n}\n.av-special-heading.av-kl2e2udu-fa03025f593588be044fc46771586109 .av-subheading{\nfont-size:24px;\n}\n<\/style>\n<div  class='av-special-heading av-kl2e2udu-fa03025f593588be044fc46771586109 av-special-heading-h1 custom-color-heading blockquote elegant-quote elegant-centered  avia-builder-el-2  avia-builder-el-no-sibling  shadow'><h1 class='av-special-heading-tag '  itemprop=\"headline\"  ><span class=\"heading-wrap\">Cuir<\/span><\/h1><div class='av_custom_color av-subheading av-subheading_below'><p>Produits de nettoyage<\/p>\n<\/div><div class=\"special-heading-border\"><div class=\"special-heading-inner-border\"><\/div><\/div><\/div><\/div>\n<\/div><\/div><\/main><!-- close content main element --><\/div><\/div><div id='after_section_1'  class='main_color av_default_container_wrap container_wrap fullsize'  ><div class='container av-section-cont-open' ><div class='template-page content  av-content-full alpha units'><div class='post-entry post-entry-type-page post-entry-11266'><div class='entry-content-wrapper clearfix'>\n\n<style type=\"text\/css\" data-created_by=\"avia_inline_auto\" id=\"style-css-av-cbvcpn-54d1b64839e0263cc7c7094f867d55bc\">\n.flex_column.av-cbvcpn-54d1b64839e0263cc7c7094f867d55bc{\nborder-radius:0px 0px 0px 0px;\npadding:0px 0px 0px 0px;\n}\n<\/style>\n<div  class='flex_column av-cbvcpn-54d1b64839e0263cc7c7094f867d55bc av_one_full  avia-builder-el-3  el_after_av_section  el_before_av_one_third  avia-builder-el-first  first flex_column_div av-zero-column-padding  '     ><style type=\"text\/css\" data-created_by=\"avia_inline_auto\" id=\"style-css-av-kl28jx8m-58668288bf7f69e2035db03bbe6f7b16\">\n#top .av_textblock_section.av-kl28jx8m-58668288bf7f69e2035db03bbe6f7b16 .avia_textblock{\nfont-size:18px;\n}\n<\/style>\n<section  class='av_textblock_section av-kl28jx8m-58668288bf7f69e2035db03bbe6f7b16 '   itemscope=\"itemscope\" itemtype=\"https:\/\/schema.org\/CreativeWork\" ><div class='avia_textblock'  itemprop=\"text\" ><h2 style=\"text-align: center;\">A l&#8217;int\u00e9rieur comme \u00e0 l&#8217;ext\u00e9rieur, Gliptone prendra soin de votre v\u00e9hicule<\/h2>\n<p style=\"text-align: center;\">Notre expertise de longue date dans les mat\u00e9riaux en cuir pour l&#8217;int\u00e9rieur de votre v\u00e9hicule est la raison pour laquelle nos produits sont choisis par le d\u00e9taillant et restaurateur sp\u00e9cialis\u00e9 jusqu&#8217;aux propri\u00e9taires passionn\u00e9s de voitures, camions, v\u00e9los et bateaux. Notre gamme de produits en cuir est con\u00e7ue pour tirer le meilleur parti de votre cuir. Nos ann\u00e9es de recherche et de tests font de nous le choix des professionnels du monde entier.<\/p>\n<p style=\"text-align: center;\"><strong>Nous proposons \u00e9galement un service d&#8217;entretien et de r\u00e9paration du cuir dans le Cheshire. <a href=\"https:\/\/gliptoneeurope.com\/fr\/service-dentretien-et-de-reparation-du-cuir\/\">Cliquez ici<\/a> pour en savoir plus.<\/strong><\/p>\n<\/div><\/section><\/div>\n\n<style type=\"text\/css\" data-created_by=\"avia_inline_auto\" id=\"style-css-av-8oeucb-e944a14bb504b91d949200232f9dc0ea\">\n.flex_column.av-8oeucb-e944a14bb504b91d949200232f9dc0ea{\nborder-radius:0px 0px 0px 0px;\npadding:0px 0px 0px 0px;\n}\n<\/style>\n<div  class='flex_column av-8oeucb-e944a14bb504b91d949200232f9dc0ea av_one_third  avia-builder-el-5  el_after_av_one_full  el_before_av_one_third  first flex_column_div av-zero-column-padding  column-top-margin'     ><section  class='av_textblock_section av-kl28m2g7-5e28f52fc200a1cb4c84288f51665cf7 '   itemscope=\"itemscope\" itemtype=\"https:\/\/schema.org\/CreativeWork\" ><div class='avia_textblock'  itemprop=\"text\" ><h3 style=\"text-align: center;\">CONSOMMATEUR<\/h3>\n<\/div><\/section><br \/>\n<section  class='av_textblock_section av-kl28mtr6-160837ad58e56adef9c97ca1bafa4a04 '   itemscope=\"itemscope\" itemtype=\"https:\/\/schema.org\/CreativeWork\" ><div class='avia_textblock'  itemprop=\"text\" ><p style=\"text-align: center;\">Reconnu par des sp\u00e9cialistes pour am\u00e9liorer et prot\u00e9ger les rev\u00eatements en cuir de valeur, du cuir des si\u00e8ges, du cuir du volant, du cuir de la garniture de pavillon au tableau de bord et aux composants en cuir de garniture. Commandez vos produits d&#8217;entretien du cuir chez Gliptone et maximisez le potentiel de votre cuir !<\/p>\n<\/div><\/section><\/p><\/div>\n\n<style type=\"text\/css\" data-created_by=\"avia_inline_auto\" id=\"style-css-av-7bqfx7-a2bb98f8f675eb7c73217280a3f73dc2\">\n.flex_column.av-7bqfx7-a2bb98f8f675eb7c73217280a3f73dc2{\nborder-radius:0px 0px 0px 0px;\npadding:0px 0px 0px 0px;\n}\n<\/style>\n<div  class='flex_column av-7bqfx7-a2bb98f8f675eb7c73217280a3f73dc2 av_one_third  avia-builder-el-8  el_after_av_one_third  el_before_av_one_third  flex_column_div av-zero-column-padding  column-top-margin'     ><section  class='av_textblock_section av-kl28m2g7-3-b26f72fde654ec7ab615cb1cb4d840fa '   itemscope=\"itemscope\" itemtype=\"https:\/\/schema.org\/CreativeWork\" ><div class='avia_textblock'  itemprop=\"text\" ><h3 style=\"text-align: center;\">\u00c9TAT<\/h3>\n<\/div><\/section><br \/>\n<section  class='av_textblock_section av-kl28pqav-b2b720e5a2dd230770013f2b8e9c0edf '   itemscope=\"itemscope\" itemtype=\"https:\/\/schema.org\/CreativeWork\" ><div class='avia_textblock'  itemprop=\"text\" ><p style=\"text-align: center;\">Voitures classiques ou modernes avec des composants int\u00e9rieurs en cuir, vous voudrez la garder sous son meilleur jour&nbsp;! Alors nettoyez-le et prot\u00e9gez-le avec un produit approuv\u00e9 par les dessinateurs professionnels. Depuis 1947, Gliptone prot\u00e8ge et embellit le cuir des voitures et des v\u00e9hicules.<\/p>\n<\/div><\/section><\/p><\/div>\n\n<style type=\"text\/css\" data-created_by=\"avia_inline_auto\" id=\"style-css-av-5p0vyj-1206c7457795038de956cec3c020557b\">\n.flex_column.av-5p0vyj-1206c7457795038de956cec3c020557b{\nborder-radius:0px 0px 0px 0px;\npadding:0px 0px 0px 0px;\n}\n<\/style>\n<div  class='flex_column av-5p0vyj-1206c7457795038de956cec3c020557b av_one_third  avia-builder-el-11  el_after_av_one_third  el_before_av_section  avia-builder-el-last  flex_column_div av-zero-column-padding  column-top-margin'     ><section  class='av_textblock_section av-kl28m2g7-2-6c338dbbe0a9c00461967f86a0c948a7 '   itemscope=\"itemscope\" itemtype=\"https:\/\/schema.org\/CreativeWork\" ><div class='avia_textblock'  itemprop=\"text\" ><h3 style=\"text-align: center;\">PROT\u00c9GER<\/h3>\n<\/div><\/section><br \/>\n<section  class='av_textblock_section av-kl28pyjq-29401aeb50bc15ddeada51c0d97d3b55 '   itemscope=\"itemscope\" itemtype=\"https:\/\/schema.org\/CreativeWork\" ><div class='avia_textblock'  itemprop=\"text\" ><p style=\"text-align: center;\">La raison pour laquelle Gliptone est s\u00e9lectionn\u00e9 \u00e0 la fois par les professionnels et les passionn\u00e9s est due \u00e0 notre r\u00e9putation de confiance au cours de sept d\u00e9cennies de fabrication et de fourniture de produits d&#8217;entretien du cuir pour voitures, camions, v\u00e9los et bateaux.<\/p>\n<\/div><\/section><\/p><\/div>\n<\/div><\/div><\/div><!-- close content main div --><\/div><\/div>\n<style type=\"text\/css\" data-created_by=\"avia_inline_auto\" id=\"style-css-av-kl2dno8h-69c6f166879d0bd9eb40784ac692eb94\">\n.avia-section.av-kl2dno8h-69c6f166879d0bd9eb40784ac692eb94{\nbackground-color:#f5f5f5;\nbackground-image:unset;\n}\n<\/style>\n<div id='av_section_2'  class='avia-section av-kl2dno8h-69c6f166879d0bd9eb40784ac692eb94 main_color avia-section-default avia-no-border-styling  avia-builder-el-14  el_after_av_one_third  avia-builder-el-last  avia-bg-style-scroll container_wrap fullsize'  ><div class='container av-section-cont-open' ><div class='template-page content  av-content-full alpha units'><div class='post-entry post-entry-type-page post-entry-11266'><div class='entry-content-wrapper clearfix'>\n\n\n\n","protected":false},"excerpt":{"rendered":"","protected":false},"author":5,"featured_media":0,"parent":0,"menu_order":0,"comment_status":"closed","ping_status":"closed","template":"","meta":{"footnotes":""},"class_list":["post-11266","page","type-page","status-publish","hentry"],"yoast_head":"<!-- This site is optimized with the Yoast SEO Premium plugin v21.4 (Yoast SEO v27.4) - https:\/\/yoast.com\/product\/yoast-seo-premium-wordpress\/ -->\n<title>Produits d&#039;entretien du cuir pour voitures \u00e0 Ellesmere Port, UK<\/title>\n<meta name=\"description\" content=\"En tant que sp\u00e9cialiste de l&#039;esth\u00e9tique choisi par de nombreux propri\u00e9taires de voitures, de camions, de v\u00e9los et de bateaux, nous connaissons exactement le type de soins dont votre cuir int\u00e9rieur a besoin. Commandez en ligne d\u00e8s aujourd&#039;hui.\" \/>\n<meta name=\"robots\" content=\"index, follow, max-snippet:-1, max-image-preview:large, max-video-preview:-1\" \/>\n<link rel=\"canonical\" href=\"https:\/\/gliptoneeurope.com\/fr\/cuir\/\" \/>\n<meta property=\"og:locale\" content=\"fr_FR\" \/>\n<meta property=\"og:type\" content=\"article\" \/>\n<meta property=\"og:title\" content=\"Cuir\" \/>\n<meta property=\"og:url\" content=\"https:\/\/gliptoneeurope.com\/fr\/cuir\/\" \/>\n<meta property=\"og:site_name\" content=\"Gliptone Europe\" \/>\n<meta property=\"article:publisher\" content=\"https:\/\/www.facebook.com\/gliptoneeurope\/\" \/>\n<meta property=\"article:modified_time\" content=\"2024-01-11T22:35:45+00:00\" \/>\n<meta property=\"og:image\" content=\"https:\/\/gliptoneeurope.com\/wp-content\/uploads\/Gliptone_Logo.png\" \/>\n\t<meta property=\"og:image:width\" content=\"1472\" \/>\n\t<meta property=\"og:image:height\" content=\"607\" \/>\n\t<meta property=\"og:image:type\" content=\"image\/png\" \/>\n<meta name=\"twitter:card\" content=\"summary_large_image\" \/>\n<meta name=\"twitter:label1\" content=\"Dur\u00e9e de lecture estim\u00e9e\" \/>\n\t<meta name=\"twitter:data1\" content=\"8 minutes\" \/>\n<script type=\"application\/ld+json\" class=\"yoast-schema-graph\">{\"@context\":\"https:\\\/\\\/schema.org\",\"@graph\":[{\"@type\":\"WebPage\",\"@id\":\"https:\\\/\\\/gliptoneeurope.com\\\/fr\\\/cuir\\\/\",\"url\":\"https:\\\/\\\/gliptoneeurope.com\\\/fr\\\/cuir\\\/\",\"name\":\"Produits d'entretien du cuir pour voitures \u00e0 Ellesmere Port, UK\",\"isPartOf\":{\"@id\":\"https:\\\/\\\/gliptoneeurope.com\\\/#website\"},\"datePublished\":\"2021-11-30T10:27:59+00:00\",\"dateModified\":\"2024-01-11T22:35:45+00:00\",\"description\":\"En tant que sp\u00e9cialiste de l'esth\u00e9tique choisi par de nombreux propri\u00e9taires de voitures, de camions, de v\u00e9los et de bateaux, nous connaissons exactement le type de soins dont votre cuir int\u00e9rieur a besoin. Commandez en ligne d\u00e8s aujourd'hui.\",\"breadcrumb\":{\"@id\":\"https:\\\/\\\/gliptoneeurope.com\\\/fr\\\/cuir\\\/#breadcrumb\"},\"inLanguage\":\"fr-FR\",\"potentialAction\":[{\"@type\":\"ReadAction\",\"target\":[\"https:\\\/\\\/gliptoneeurope.com\\\/fr\\\/cuir\\\/\"]}]},{\"@type\":\"BreadcrumbList\",\"@id\":\"https:\\\/\\\/gliptoneeurope.com\\\/fr\\\/cuir\\\/#breadcrumb\",\"itemListElement\":[{\"@type\":\"ListItem\",\"position\":1,\"name\":\"Home\",\"item\":\"https:\\\/\\\/gliptoneeurope.com\\\/\"},{\"@type\":\"ListItem\",\"position\":2,\"name\":\"Cuir\"}]},{\"@type\":\"WebSite\",\"@id\":\"https:\\\/\\\/gliptoneeurope.com\\\/#website\",\"url\":\"https:\\\/\\\/gliptoneeurope.com\\\/\",\"name\":\"Gliptone Europe\",\"description\":\"Professional Car Detailing Products\",\"publisher\":{\"@id\":\"https:\\\/\\\/gliptoneeurope.com\\\/#organization\"},\"potentialAction\":[{\"@type\":\"SearchAction\",\"target\":{\"@type\":\"EntryPoint\",\"urlTemplate\":\"https:\\\/\\\/gliptoneeurope.com\\\/?s={search_term_string}\"},\"query-input\":{\"@type\":\"PropertyValueSpecification\",\"valueRequired\":true,\"valueName\":\"search_term_string\"}}],\"inLanguage\":\"fr-FR\"},{\"@type\":\"Organization\",\"@id\":\"https:\\\/\\\/gliptoneeurope.com\\\/#organization\",\"name\":\"Gliptone Europe\",\"url\":\"https:\\\/\\\/gliptoneeurope.com\\\/\",\"logo\":{\"@type\":\"ImageObject\",\"inLanguage\":\"fr-FR\",\"@id\":\"https:\\\/\\\/gliptoneeurope.com\\\/#\\\/schema\\\/logo\\\/image\\\/\",\"url\":\"https:\\\/\\\/gliptoneeurope.com\\\/wp-content\\\/uploads\\\/Gliptone_Logo.png\",\"contentUrl\":\"https:\\\/\\\/gliptoneeurope.com\\\/wp-content\\\/uploads\\\/Gliptone_Logo.png\",\"width\":1472,\"height\":607,\"caption\":\"Gliptone Europe\"},\"image\":{\"@id\":\"https:\\\/\\\/gliptoneeurope.com\\\/#\\\/schema\\\/logo\\\/image\\\/\"},\"sameAs\":[\"https:\\\/\\\/www.facebook.com\\\/gliptoneeurope\\\/\",\"https:\\\/\\\/www.instagram.com\\\/gliptoneeurope\\\/\",\"https:\\\/\\\/www.pinterest.co.uk\\\/GliptoneEurope\\\/\"]}]}<\/script>\n<!-- \/ Yoast SEO Premium plugin. -->","yoast_head_json":{"title":"Produits d'entretien du cuir pour voitures \u00e0 Ellesmere Port, UK","description":"En tant que sp\u00e9cialiste de l'esth\u00e9tique choisi par de nombreux propri\u00e9taires de voitures, de camions, de v\u00e9los et de bateaux, nous connaissons exactement le type de soins dont votre cuir int\u00e9rieur a besoin. Commandez en ligne d\u00e8s aujourd'hui.","robots":{"index":"index","follow":"follow","max-snippet":"max-snippet:-1","max-image-preview":"max-image-preview:large","max-video-preview":"max-video-preview:-1"},"canonical":"https:\/\/gliptoneeurope.com\/fr\/cuir\/","og_locale":"fr_FR","og_type":"article","og_title":"Cuir","og_url":"https:\/\/gliptoneeurope.com\/fr\/cuir\/","og_site_name":"Gliptone Europe","article_publisher":"https:\/\/www.facebook.com\/gliptoneeurope\/","article_modified_time":"2024-01-11T22:35:45+00:00","og_image":[{"width":1472,"height":607,"url":"https:\/\/gliptoneeurope.com\/wp-content\/uploads\/Gliptone_Logo.png","type":"image\/png"}],"twitter_card":"summary_large_image","twitter_misc":{"Dur\u00e9e de lecture estim\u00e9e":"8 minutes"},"schema":{"@context":"https:\/\/schema.org","@graph":[{"@type":"WebPage","@id":"https:\/\/gliptoneeurope.com\/fr\/cuir\/","url":"https:\/\/gliptoneeurope.com\/fr\/cuir\/","name":"Produits d'entretien du cuir pour voitures \u00e0 Ellesmere Port, UK","isPartOf":{"@id":"https:\/\/gliptoneeurope.com\/#website"},"datePublished":"2021-11-30T10:27:59+00:00","dateModified":"2024-01-11T22:35:45+00:00","description":"En tant que sp\u00e9cialiste de l'esth\u00e9tique choisi par de nombreux propri\u00e9taires de voitures, de camions, de v\u00e9los et de bateaux, nous connaissons exactement le type de soins dont votre cuir int\u00e9rieur a besoin. Commandez en ligne d\u00e8s aujourd'hui.","breadcrumb":{"@id":"https:\/\/gliptoneeurope.com\/fr\/cuir\/#breadcrumb"},"inLanguage":"fr-FR","potentialAction":[{"@type":"ReadAction","target":["https:\/\/gliptoneeurope.com\/fr\/cuir\/"]}]},{"@type":"BreadcrumbList","@id":"https:\/\/gliptoneeurope.com\/fr\/cuir\/#breadcrumb","itemListElement":[{"@type":"ListItem","position":1,"name":"Home","item":"https:\/\/gliptoneeurope.com\/"},{"@type":"ListItem","position":2,"name":"Cuir"}]},{"@type":"WebSite","@id":"https:\/\/gliptoneeurope.com\/#website","url":"https:\/\/gliptoneeurope.com\/","name":"Gliptone Europe","description":"Professional Car Detailing Products","publisher":{"@id":"https:\/\/gliptoneeurope.com\/#organization"},"potentialAction":[{"@type":"SearchAction","target":{"@type":"EntryPoint","urlTemplate":"https:\/\/gliptoneeurope.com\/?s={search_term_string}"},"query-input":{"@type":"PropertyValueSpecification","valueRequired":true,"valueName":"search_term_string"}}],"inLanguage":"fr-FR"},{"@type":"Organization","@id":"https:\/\/gliptoneeurope.com\/#organization","name":"Gliptone Europe","url":"https:\/\/gliptoneeurope.com\/","logo":{"@type":"ImageObject","inLanguage":"fr-FR","@id":"https:\/\/gliptoneeurope.com\/#\/schema\/logo\/image\/","url":"https:\/\/gliptoneeurope.com\/wp-content\/uploads\/Gliptone_Logo.png","contentUrl":"https:\/\/gliptoneeurope.com\/wp-content\/uploads\/Gliptone_Logo.png","width":1472,"height":607,"caption":"Gliptone Europe"},"image":{"@id":"https:\/\/gliptoneeurope.com\/#\/schema\/logo\/image\/"},"sameAs":["https:\/\/www.facebook.com\/gliptoneeurope\/","https:\/\/www.instagram.com\/gliptoneeurope\/","https:\/\/www.pinterest.co.uk\/GliptoneEurope\/"]}]}},"_links":{"self":[{"href":"https:\/\/gliptoneeurope.com\/fr\/wp-json\/wp\/v2\/pages\/11266","targetHints":{"allow":["GET"]}}],"collection":[{"href":"https:\/\/gliptoneeurope.com\/fr\/wp-json\/wp\/v2\/pages"}],"about":[{"href":"https:\/\/gliptoneeurope.com\/fr\/wp-json\/wp\/v2\/types\/page"}],"author":[{"embeddable":true,"href":"https:\/\/gliptoneeurope.com\/fr\/wp-json\/wp\/v2\/users\/5"}],"replies":[{"embeddable":true,"href":"https:\/\/gliptoneeurope.com\/fr\/wp-json\/wp\/v2\/comments?post=11266"}],"version-history":[{"count":5,"href":"https:\/\/gliptoneeurope.com\/fr\/wp-json\/wp\/v2\/pages\/11266\/revisions"}],"predecessor-version":[{"id":31490,"href":"https:\/\/gliptoneeurope.com\/fr\/wp-json\/wp\/v2\/pages\/11266\/revisions\/31490"}],"wp:attachment":[{"href":"https:\/\/gliptoneeurope.com\/fr\/wp-json\/wp\/v2\/media?parent=11266"}],"curies":[{"name":"wp","href":"https:\/\/api.w.org\/{rel}","templated":true}]}}