{"id":11265,"date":"2021-11-30T10:27:58","date_gmt":"2021-11-30T10:27:58","guid":{"rendered":"https:\/\/gliptoneeurope.com\/livraison\/"},"modified":"2023-08-03T13:35:46","modified_gmt":"2023-08-03T13:35:46","slug":"livraison","status":"publish","type":"page","link":"https:\/\/gliptoneeurope.com\/fr\/livraison\/","title":{"rendered":"Livraison"},"content":{"rendered":"<h1>Livraison<\/h1>\n<p>&nbsp;<\/p>\n<h2><strong>Livraison au Royaume-Uni<\/strong><\/h2>\n<p>Les frais de livraison comprennent l&#8217;emballage et les frais de port. La livraison standard au Royaume-Uni est GRATUITE pour les commandes de 75 \u00a3 ou plus et de 6 \u00a3 pour les commandes inf\u00e9rieures \u00e0 75 \u00a3 (voir les exclusions au Royaume-Uni ci-dessous). Les commandes pass\u00e9es avant 14 heures sont exp\u00e9di\u00e9es le jour m\u00eame. Les commandes sur mesure, telles que notre service d&#8217;harmonisation des couleurs des pigments de cuir, sont exp\u00e9di\u00e9es dans un d\u00e9lai de 3 \u00e0 5 jours. Toutes les commandes n\u00e9cessitent une signature \u00e0 la livraison, veuillez donc nous informer si vous avez des instructions sp\u00e9ciales \u00e0 transmettre au chauffeur-livreur &#8211; c&#8217;est-\u00e0-dire. partir avec un voisin etc\u2026<\/p>\n<p>Exclusions au Royaume-Uni&nbsp;: les commandes vers les Highlands et les \u00eeles \u00e9cossaises, l&#8217;\u00eele de Man, l&#8217;\u00eele de Wight, l&#8217;Irlande du Nord, les \u00eeles Scilly et les \u00eeles anglo-normandes sont exclues de la livraison gratuite et les frais d&#8217;exp\u00e9dition sont de 17,95&nbsp;\u00a3. A compter de la passation de la commande, il faut compter 7 jours ouvr\u00e9s pour la livraison \u2013 en fonction des stocks (voir point 1 ci-dessous).<\/p>\n<h2><strong>Livraison internationale<\/strong><\/h2>\n<p>Nous livrons dans de nombreux pays \u00e0 travers le monde, \u00e0 l&#8217;exception des \u00c9tats-Unis d&#8217;Am\u00e9rique. Les frais d&#8217;exp\u00e9dition sont de 24 \u00a3 pour l&#8217;Europe. Les d\u00e9lais de livraison internationaux varient entre 7 et 14 jours ouvrables apr\u00e8s la passation de votre commande (voir point 1 ci-dessous). Pour les prix de livraison dans les pays hors d&#8217;Europe, veuillez contacter Gliptone Europe <a href=\"info@staingard.co.uk\">info@staingard.co.uk.<\/a><\/p>\n<p>Toutes les livraisons vers des destinations en dehors du Royaume-Uni peuvent \u00eatre soumises \u00e0 des droits et taxes d&#8217;importation &#8211; chacun pr\u00e9lev\u00e9 par le pays importateur lorsque la livraison arrive dans ce pays. Tous les droits, frais et frais suppl\u00e9mentaires applicables au d\u00e9douanement seront \u00e0 la charge du client. Avant de passer une commande, il est de la responsabilit\u00e9 du client de v\u00e9rifier que tous les produits command\u00e9s sur gliptoneeurope.com sont conformes aux r\u00e9glementations nationales et f\u00e9d\u00e9rales en mati\u00e8re d&#8217;importation.<\/p>\n<p>Veuillez noter qu&#8217;en raison de restrictions sur l&#8217;exp\u00e9dition d&#8217;a\u00e9rosols par voie a\u00e9rienne, nous ne sommes pas en mesure de fournir nos laques d&#8217;\u00e9tanch\u00e9it\u00e9 pour cuir ou d&#8217;autres a\u00e9rosols aux pays en dehors du Royaume-Uni et de l&#8217;Europe.<\/p>\n<h2><strong>Important<\/strong><\/h2>\n<p>1. Nous ferons de notre mieux pour respecter nos d\u00e9lais de livraison indiqu\u00e9s, mais ils ne peuvent \u00eatre garantis &#8211; cela est soumis \u00e0 la disponibilit\u00e9 et \u00e0 la demande des stocks et du service de messagerie.<\/p>\n<p>2. En cas de probl\u00e8me de transport d&#8217;articles non standard ou de co\u00fbts \u00e9lev\u00e9s de livraison dans une r\u00e9gion \u00e9loign\u00e9e, nous nous r\u00e9servons le droit de couvrir nos frais de port, mais nous vous contacterons toujours avant d&#8217;exp\u00e9dier votre commande pour vous tenir au courant.<\/p>\n<p>3. Les commandes pesant plus de 5 kg sont susceptibles d&#8217;entra\u00eener des frais de livraison suppl\u00e9mentaires &#8211; nous vous informerons si cela s&#8217;applique avant l&#8217;exp\u00e9dition.<\/p>\n","protected":false},"excerpt":{"rendered":"<p>Livraison &nbsp; Livraison au Royaume-Uni Les frais de livraison comprennent l&#8217;emballage et les frais de port. La livraison standard au Royaume-Uni est GRATUITE pour les commandes de 75 \u00a3 ou plus et de 6 \u00a3 pour les commandes inf\u00e9rieures \u00e0 75 \u00a3 (voir les exclusions au Royaume-Uni ci-dessous). Les commandes pass\u00e9es avant 14 heures sont [&hellip;]<\/p>\n","protected":false},"author":5,"featured_media":0,"parent":0,"menu_order":80,"comment_status":"closed","ping_status":"closed","template":"","meta":{"footnotes":""},"class_list":["post-11265","page","type-page","status-publish","hentry"],"yoast_head":"<!-- This site is optimized with the Yoast SEO Premium plugin v21.4 (Yoast SEO v27.5) - https:\/\/yoast.com\/product\/yoast-seo-premium-wordpress\/ -->\n<title>Gliptone Europe | Produits de detailing pour le detailer professionnel<\/title>\n<meta name=\"description\" content=\"Commandez aujourd&#039;hui et voyez par vous-m\u00eame pourquoi Gliptone est utilis\u00e9 par les meilleurs d\u00e9taillants du monde entier...\" \/>\n<meta name=\"robots\" content=\"index, follow, max-snippet:-1, max-image-preview:large, max-video-preview:-1\" \/>\n<link rel=\"canonical\" href=\"https:\/\/gliptoneeurope.com\/fr\/livraison\/\" \/>\n<meta property=\"og:locale\" content=\"fr_FR\" \/>\n<meta property=\"og:type\" content=\"article\" \/>\n<meta property=\"og:title\" content=\"Livraison\" \/>\n<meta property=\"og:description\" content=\"Livraison &nbsp; Livraison au Royaume-Uni Les frais de livraison comprennent l&#039;emballage et les frais de port. La livraison standard au Royaume-Uni est\" \/>\n<meta property=\"og:url\" content=\"https:\/\/gliptoneeurope.com\/fr\/livraison\/\" \/>\n<meta property=\"og:site_name\" content=\"Gliptone Europe\" \/>\n<meta property=\"article:publisher\" content=\"https:\/\/www.facebook.com\/gliptoneeurope\/\" \/>\n<meta property=\"article:modified_time\" content=\"2023-08-03T13:35:46+00:00\" \/>\n<meta property=\"og:image\" content=\"https:\/\/gliptoneeurope.com\/wp-content\/uploads\/Gliptone_Logo.png\" \/>\n\t<meta property=\"og:image:width\" content=\"1472\" \/>\n\t<meta property=\"og:image:height\" content=\"607\" \/>\n\t<meta property=\"og:image:type\" content=\"image\/png\" \/>\n<meta name=\"twitter:card\" content=\"summary_large_image\" \/>\n<meta name=\"twitter:label1\" content=\"Dur\u00e9e de lecture estim\u00e9e\" \/>\n\t<meta name=\"twitter:data1\" content=\"2 minutes\" \/>\n<script type=\"application\/ld+json\" class=\"yoast-schema-graph\">{\"@context\":\"https:\\\/\\\/schema.org\",\"@graph\":[{\"@type\":\"WebPage\",\"@id\":\"https:\\\/\\\/gliptoneeurope.com\\\/fr\\\/livraison\\\/\",\"url\":\"https:\\\/\\\/gliptoneeurope.com\\\/fr\\\/livraison\\\/\",\"name\":\"Gliptone Europe | Produits de detailing pour le detailer professionnel\",\"isPartOf\":{\"@id\":\"https:\\\/\\\/gliptoneeurope.com\\\/#website\"},\"datePublished\":\"2021-11-30T10:27:58+00:00\",\"dateModified\":\"2023-08-03T13:35:46+00:00\",\"description\":\"Commandez aujourd'hui et voyez par vous-m\u00eame pourquoi Gliptone est utilis\u00e9 par les meilleurs d\u00e9taillants du monde entier...\",\"breadcrumb\":{\"@id\":\"https:\\\/\\\/gliptoneeurope.com\\\/fr\\\/livraison\\\/#breadcrumb\"},\"inLanguage\":\"fr-FR\",\"potentialAction\":[{\"@type\":\"ReadAction\",\"target\":[\"https:\\\/\\\/gliptoneeurope.com\\\/fr\\\/livraison\\\/\"]}]},{\"@type\":\"BreadcrumbList\",\"@id\":\"https:\\\/\\\/gliptoneeurope.com\\\/fr\\\/livraison\\\/#breadcrumb\",\"itemListElement\":[{\"@type\":\"ListItem\",\"position\":1,\"name\":\"Home\",\"item\":\"https:\\\/\\\/gliptoneeurope.com\\\/\"},{\"@type\":\"ListItem\",\"position\":2,\"name\":\"Livraison\"}]},{\"@type\":\"WebSite\",\"@id\":\"https:\\\/\\\/gliptoneeurope.com\\\/#website\",\"url\":\"https:\\\/\\\/gliptoneeurope.com\\\/\",\"name\":\"Gliptone Europe\",\"description\":\"Professional Car Detailing Products\",\"publisher\":{\"@id\":\"https:\\\/\\\/gliptoneeurope.com\\\/#organization\"},\"potentialAction\":[{\"@type\":\"SearchAction\",\"target\":{\"@type\":\"EntryPoint\",\"urlTemplate\":\"https:\\\/\\\/gliptoneeurope.com\\\/?s={search_term_string}\"},\"query-input\":{\"@type\":\"PropertyValueSpecification\",\"valueRequired\":true,\"valueName\":\"search_term_string\"}}],\"inLanguage\":\"fr-FR\"},{\"@type\":\"Organization\",\"@id\":\"https:\\\/\\\/gliptoneeurope.com\\\/#organization\",\"name\":\"Gliptone Europe\",\"url\":\"https:\\\/\\\/gliptoneeurope.com\\\/\",\"logo\":{\"@type\":\"ImageObject\",\"inLanguage\":\"fr-FR\",\"@id\":\"https:\\\/\\\/gliptoneeurope.com\\\/#\\\/schema\\\/logo\\\/image\\\/\",\"url\":\"https:\\\/\\\/gliptoneeurope.com\\\/wp-content\\\/uploads\\\/Gliptone_Logo.png\",\"contentUrl\":\"https:\\\/\\\/gliptoneeurope.com\\\/wp-content\\\/uploads\\\/Gliptone_Logo.png\",\"width\":1472,\"height\":607,\"caption\":\"Gliptone Europe\"},\"image\":{\"@id\":\"https:\\\/\\\/gliptoneeurope.com\\\/#\\\/schema\\\/logo\\\/image\\\/\"},\"sameAs\":[\"https:\\\/\\\/www.facebook.com\\\/gliptoneeurope\\\/\",\"https:\\\/\\\/www.instagram.com\\\/gliptoneeurope\\\/\",\"https:\\\/\\\/www.pinterest.co.uk\\\/GliptoneEurope\\\/\"]}]}<\/script>\n<!-- \/ Yoast SEO Premium plugin. -->","yoast_head_json":{"title":"Gliptone Europe | Produits de detailing pour le detailer professionnel","description":"Commandez aujourd'hui et voyez par vous-m\u00eame pourquoi Gliptone est utilis\u00e9 par les meilleurs d\u00e9taillants du monde entier...","robots":{"index":"index","follow":"follow","max-snippet":"max-snippet:-1","max-image-preview":"max-image-preview:large","max-video-preview":"max-video-preview:-1"},"canonical":"https:\/\/gliptoneeurope.com\/fr\/livraison\/","og_locale":"fr_FR","og_type":"article","og_title":"Livraison","og_description":"Livraison &nbsp; Livraison au Royaume-Uni Les frais de livraison comprennent l'emballage et les frais de port. La livraison standard au Royaume-Uni est","og_url":"https:\/\/gliptoneeurope.com\/fr\/livraison\/","og_site_name":"Gliptone Europe","article_publisher":"https:\/\/www.facebook.com\/gliptoneeurope\/","article_modified_time":"2023-08-03T13:35:46+00:00","og_image":[{"width":1472,"height":607,"url":"https:\/\/gliptoneeurope.com\/wp-content\/uploads\/Gliptone_Logo.png","type":"image\/png"}],"twitter_card":"summary_large_image","twitter_misc":{"Dur\u00e9e de lecture estim\u00e9e":"2 minutes"},"schema":{"@context":"https:\/\/schema.org","@graph":[{"@type":"WebPage","@id":"https:\/\/gliptoneeurope.com\/fr\/livraison\/","url":"https:\/\/gliptoneeurope.com\/fr\/livraison\/","name":"Gliptone Europe | Produits de detailing pour le detailer professionnel","isPartOf":{"@id":"https:\/\/gliptoneeurope.com\/#website"},"datePublished":"2021-11-30T10:27:58+00:00","dateModified":"2023-08-03T13:35:46+00:00","description":"Commandez aujourd'hui et voyez par vous-m\u00eame pourquoi Gliptone est utilis\u00e9 par les meilleurs d\u00e9taillants du monde entier...","breadcrumb":{"@id":"https:\/\/gliptoneeurope.com\/fr\/livraison\/#breadcrumb"},"inLanguage":"fr-FR","potentialAction":[{"@type":"ReadAction","target":["https:\/\/gliptoneeurope.com\/fr\/livraison\/"]}]},{"@type":"BreadcrumbList","@id":"https:\/\/gliptoneeurope.com\/fr\/livraison\/#breadcrumb","itemListElement":[{"@type":"ListItem","position":1,"name":"Home","item":"https:\/\/gliptoneeurope.com\/"},{"@type":"ListItem","position":2,"name":"Livraison"}]},{"@type":"WebSite","@id":"https:\/\/gliptoneeurope.com\/#website","url":"https:\/\/gliptoneeurope.com\/","name":"Gliptone Europe","description":"Professional Car Detailing Products","publisher":{"@id":"https:\/\/gliptoneeurope.com\/#organization"},"potentialAction":[{"@type":"SearchAction","target":{"@type":"EntryPoint","urlTemplate":"https:\/\/gliptoneeurope.com\/?s={search_term_string}"},"query-input":{"@type":"PropertyValueSpecification","valueRequired":true,"valueName":"search_term_string"}}],"inLanguage":"fr-FR"},{"@type":"Organization","@id":"https:\/\/gliptoneeurope.com\/#organization","name":"Gliptone Europe","url":"https:\/\/gliptoneeurope.com\/","logo":{"@type":"ImageObject","inLanguage":"fr-FR","@id":"https:\/\/gliptoneeurope.com\/#\/schema\/logo\/image\/","url":"https:\/\/gliptoneeurope.com\/wp-content\/uploads\/Gliptone_Logo.png","contentUrl":"https:\/\/gliptoneeurope.com\/wp-content\/uploads\/Gliptone_Logo.png","width":1472,"height":607,"caption":"Gliptone Europe"},"image":{"@id":"https:\/\/gliptoneeurope.com\/#\/schema\/logo\/image\/"},"sameAs":["https:\/\/www.facebook.com\/gliptoneeurope\/","https:\/\/www.instagram.com\/gliptoneeurope\/","https:\/\/www.pinterest.co.uk\/GliptoneEurope\/"]}]}},"_links":{"self":[{"href":"https:\/\/gliptoneeurope.com\/fr\/wp-json\/wp\/v2\/pages\/11265","targetHints":{"allow":["GET"]}}],"collection":[{"href":"https:\/\/gliptoneeurope.com\/fr\/wp-json\/wp\/v2\/pages"}],"about":[{"href":"https:\/\/gliptoneeurope.com\/fr\/wp-json\/wp\/v2\/types\/page"}],"author":[{"embeddable":true,"href":"https:\/\/gliptoneeurope.com\/fr\/wp-json\/wp\/v2\/users\/5"}],"replies":[{"embeddable":true,"href":"https:\/\/gliptoneeurope.com\/fr\/wp-json\/wp\/v2\/comments?post=11265"}],"version-history":[{"count":5,"href":"https:\/\/gliptoneeurope.com\/fr\/wp-json\/wp\/v2\/pages\/11265\/revisions"}],"predecessor-version":[{"id":18867,"href":"https:\/\/gliptoneeurope.com\/fr\/wp-json\/wp\/v2\/pages\/11265\/revisions\/18867"}],"wp:attachment":[{"href":"https:\/\/gliptoneeurope.com\/fr\/wp-json\/wp\/v2\/media?parent=11265"}],"curies":[{"name":"wp","href":"https:\/\/api.w.org\/{rel}","templated":true}]}}