{"id":11262,"date":"2021-11-30T10:27:58","date_gmt":"2021-11-30T10:27:58","guid":{"rendered":"https:\/\/gliptoneeurope.com\/carrosserie\/"},"modified":"2024-01-11T22:24:15","modified_gmt":"2024-01-11T22:24:15","slug":"carrosserie","status":"publish","type":"page","link":"https:\/\/gliptoneeurope.com\/fr\/carrosserie\/","title":{"rendered":"Carrosserie"},"content":{"rendered":"\n<style type=\"text\/css\" data-created_by=\"avia_inline_auto\" id=\"style-css-av-kl28d86g-09af6fee6a4bec8cd9b68ae60a185d9e\">\n.avia-section.av-kl28d86g-09af6fee6a4bec8cd9b68ae60a185d9e .av-parallax .av-parallax-inner{\nbackground-repeat:no-repeat;\nbackground-image:url(https:\/\/gliptoneeurope.com\/wp-content\/uploads\/bodywork-hero-1024x683.jpg);\nbackground-position:50% 50%;\nbackground-attachment:scroll;\n}\n<\/style>\n<div id='av_section_1'  class='avia-section av-kl28d86g-09af6fee6a4bec8cd9b68ae60a185d9e main_color avia-section-default avia-no-border-styling  avia-builder-el-0  el_before_av_one_full  avia-builder-el-first  avia-full-stretch av-parallax-section avia-bg-style-parallax av-minimum-height av-minimum-height-50 av-height-50  container_wrap fullsize'  data-section-bg-repeat='stretch' data-av_minimum_height_pc='50' data-av_min_height_opt='50'><div class='av-parallax' data-avia-parallax-ratio='0.3' ><div class='av-parallax-inner main_color avia-full-stretch'><\/div><\/div><div class='container av-section-cont-open' ><main  role=\"main\" itemprop=\"mainContentOfPage\"  class='template-page content  av-content-full alpha units'><div class='post-entry post-entry-type-page post-entry-11262'><div class='entry-content-wrapper clearfix'>\n\n<style type=\"text\/css\" data-created_by=\"avia_inline_auto\" id=\"style-css-av-1d2e1n-ea0ff86f24d0eb62b3078ce1bb0ab849\">\n.flex_column.av-1d2e1n-ea0ff86f24d0eb62b3078ce1bb0ab849{\nborder-radius:0px 0px 0px 0px;\npadding:0px 0px 0px 0px;\n}\n<\/style>\n<div  class='flex_column av-1d2e1n-ea0ff86f24d0eb62b3078ce1bb0ab849 av_one_full  avia-builder-el-1  avia-builder-el-no-sibling  first flex_column_div av-zero-column-padding  '     ><style type=\"text\/css\" data-created_by=\"avia_inline_auto\" id=\"style-css-av-kl294ly7-722dfa66e6ec775f9b1ed6c1477a78d0\">\n#top .av-special-heading.av-kl294ly7-722dfa66e6ec775f9b1ed6c1477a78d0{\npadding-bottom:10px;\ncolor:#ffffff;\n}\nbody .av-special-heading.av-kl294ly7-722dfa66e6ec775f9b1ed6c1477a78d0 .av-special-heading-tag .heading-char{\nfont-size:25px;\n}\n.av-special-heading.av-kl294ly7-722dfa66e6ec775f9b1ed6c1477a78d0 .special-heading-inner-border{\nborder-color:#ffffff;\n}\n.av-special-heading.av-kl294ly7-722dfa66e6ec775f9b1ed6c1477a78d0 .av-subheading{\nfont-size:24px;\n}\n<\/style>\n<div  class='av-special-heading av-kl294ly7-722dfa66e6ec775f9b1ed6c1477a78d0 av-special-heading-h1 custom-color-heading blockquote elegant-quote elegant-centered  avia-builder-el-2  avia-builder-el-no-sibling  shadow'><h1 class='av-special-heading-tag '  itemprop=\"headline\"  ><span class=\"heading-wrap\">Carrosserie<\/span><\/h1><div class='av_custom_color av-subheading av-subheading_below'><p>Produits de nettoyage<\/p>\n<\/div><div class=\"special-heading-border\"><div class=\"special-heading-inner-border\"><\/div><\/div><\/div><\/div>\n<\/div><\/div><\/main><!-- close content main element --><\/div><\/div><div id='after_section_1'  class='main_color av_default_container_wrap container_wrap fullsize'  ><div class='container av-section-cont-open' ><div class='template-page content  av-content-full alpha units'><div class='post-entry post-entry-type-page post-entry-11262'><div class='entry-content-wrapper clearfix'>\n\n<style type=\"text\/css\" data-created_by=\"avia_inline_auto\" id=\"style-css-av-cbvcpn-54d1b64839e0263cc7c7094f867d55bc\">\n.flex_column.av-cbvcpn-54d1b64839e0263cc7c7094f867d55bc{\nborder-radius:0px 0px 0px 0px;\npadding:0px 0px 0px 0px;\n}\n<\/style>\n<div  class='flex_column av-cbvcpn-54d1b64839e0263cc7c7094f867d55bc av_one_full  avia-builder-el-3  el_after_av_section  el_before_av_one_full  avia-builder-el-first  first flex_column_div av-zero-column-padding  '     ><style type=\"text\/css\" data-created_by=\"avia_inline_auto\" id=\"style-css-av-kl28jx8m-3dc8396a0372593a369bd588da173306\">\n#top .av_textblock_section.av-kl28jx8m-3dc8396a0372593a369bd588da173306 .avia_textblock{\nfont-size:18px;\n}\n<\/style>\n<section  class='av_textblock_section av-kl28jx8m-3dc8396a0372593a369bd588da173306 '   itemscope=\"itemscope\" itemtype=\"https:\/\/schema.org\/CreativeWork\" ><div class='avia_textblock'  itemprop=\"text\" ><p style=\"text-align: center;\">Les passionn\u00e9s d&#8217;automobile font confiance \u00e0 nos produits d&#8217;esth\u00e9tique depuis plus de 70 ans. Les d\u00e9tails sont notre passion et nous avons perfectionn\u00e9 les produits de carrosserie en utilisant les meilleurs ingr\u00e9dients, du nettoyage au cirage et tout le reste.<\/p>\n<\/div><\/section><\/div>\n<style type=\"text\/css\" data-created_by=\"avia_inline_auto\" id=\"style-css-av-ap6vbv-2db5a5f7896a9b29e5676ff3d4db63d3\">\n.flex_column.av-ap6vbv-2db5a5f7896a9b29e5676ff3d4db63d3{\nborder-radius:0px 0px 0px 0px;\npadding:0px 0px 0px 0px;\n}\n<\/style>\n<div  class='flex_column av-ap6vbv-2db5a5f7896a9b29e5676ff3d4db63d3 av_one_full  avia-builder-el-5  el_after_av_one_full  el_before_av_one_fourth  first flex_column_div av-zero-column-padding  column-top-margin'     ><style type=\"text\/css\" data-created_by=\"avia_inline_auto\" id=\"style-css-av-kl28krvk-45ec3a94ddefc9a69de2b8671cc7597c\">\n.avia-image-container.av-kl28krvk-45ec3a94ddefc9a69de2b8671cc7597c img.avia_image{\nbox-shadow:none;\n}\n.avia-image-container.av-kl28krvk-45ec3a94ddefc9a69de2b8671cc7597c .av-image-caption-overlay-center{\ncolor:#ffffff;\n}\n<\/style>\n<div  class='avia-image-container av-kl28krvk-45ec3a94ddefc9a69de2b8671cc7597c av-styling- avia-align-center  avia-builder-el-6  avia-builder-el-no-sibling '   itemprop=\"image\" itemscope=\"itemscope\" itemtype=\"https:\/\/schema.org\/ImageObject\" ><div class=\"avia-image-container-inner\"><div class=\"avia-image-overlay-wrap\"><img decoding=\"async\" fetchpriority=\"high\" class='wp-image-10326 avia-img-lazy-loading-not-10326 avia_image ' src=\"https:\/\/gliptoneeurope.com\/wp-content\/uploads\/bodywork-car-new-1024x373.png\" alt='Gliptone Bodywork Products' title='Bodywork'  height=\"373\" width=\"1024\"  itemprop=\"thumbnailUrl\" srcset=\"https:\/\/gliptoneeurope.com\/wp-content\/uploads\/bodywork-car-new-1024x373.png 1024w, https:\/\/gliptoneeurope.com\/wp-content\/uploads\/bodywork-car-new-600x219.png 600w, https:\/\/gliptoneeurope.com\/wp-content\/uploads\/bodywork-car-new-300x109.png 300w, https:\/\/gliptoneeurope.com\/wp-content\/uploads\/bodywork-car-new-768x280.png 768w, https:\/\/gliptoneeurope.com\/wp-content\/uploads\/bodywork-car-new.png 1500w\" sizes=\"(max-width: 1024px) 100vw, 1024px\" \/><\/div><\/div><\/div><\/div><\/p>\n\n<style type=\"text\/css\" data-created_by=\"avia_inline_auto\" id=\"style-css-av-8oeucb-e944a14bb504b91d949200232f9dc0ea\">\n.flex_column.av-8oeucb-e944a14bb504b91d949200232f9dc0ea{\nborder-radius:0px 0px 0px 0px;\npadding:0px 0px 0px 0px;\n}\n<\/style>\n<div  class='flex_column av-8oeucb-e944a14bb504b91d949200232f9dc0ea av_one_fourth  avia-builder-el-7  el_after_av_one_full  el_before_av_one_fourth  first flex_column_div av-zero-column-padding  column-top-margin'     ><section  class='av_textblock_section av-kl28m2g7-5e28f52fc200a1cb4c84288f51665cf7 '   itemscope=\"itemscope\" itemtype=\"https:\/\/schema.org\/CreativeWork\" ><div class='avia_textblock'  itemprop=\"text\" ><h3 style=\"text-align: center;\">NETTOYER<\/h3>\n<\/div><\/section><br \/>\n<section  class='av_textblock_section av-kl28mtr6-160837ad58e56adef9c97ca1bafa4a04 '   itemscope=\"itemscope\" itemtype=\"https:\/\/schema.org\/CreativeWork\" ><div class='avia_textblock'  itemprop=\"text\" ><p style=\"text-align: center;\">Nos formules au pH neutre offrent une solution s\u00fbre mais puissante pour \u00e9liminer les contaminants de votre voiture, cr\u00e9ant une surface ultra-lisse et propre pr\u00eate \u00e0 \u00eatre pr\u00e9par\u00e9e.<\/p>\n<\/div><\/section><\/p><\/div>\n\n<style type=\"text\/css\" data-created_by=\"avia_inline_auto\" id=\"style-css-av-7bqfx7-a2bb98f8f675eb7c73217280a3f73dc2\">\n.flex_column.av-7bqfx7-a2bb98f8f675eb7c73217280a3f73dc2{\nborder-radius:0px 0px 0px 0px;\npadding:0px 0px 0px 0px;\n}\n<\/style>\n<div  class='flex_column av-7bqfx7-a2bb98f8f675eb7c73217280a3f73dc2 av_one_fourth  avia-builder-el-10  el_after_av_one_fourth  el_before_av_one_fourth  flex_column_div av-zero-column-padding  column-top-margin'     ><section  class='av_textblock_section av-kl28m2g7-3-b26f72fde654ec7ab615cb1cb4d840fa '   itemscope=\"itemscope\" itemtype=\"https:\/\/schema.org\/CreativeWork\" ><div class='avia_textblock'  itemprop=\"text\" ><h3 style=\"text-align: center;\">PR\u00c9PARER<\/h3>\n<\/div><\/section><br \/>\n<section  class='av_textblock_section av-kl28pqav-b2b720e5a2dd230770013f2b8e9c0edf '   itemscope=\"itemscope\" itemtype=\"https:\/\/schema.org\/CreativeWork\" ><div class='avia_textblock'  itemprop=\"text\" ><p style=\"text-align: center;\">Utilisant la toute derni\u00e8re technologie de finition, nos produits de pr\u00e9paration \u00e9liminent le film routier et la salet\u00e9 tenaces avant le polissage et le cirage.<\/p>\n<\/div><\/section><\/p><\/div>\n\n<style type=\"text\/css\" data-created_by=\"avia_inline_auto\" id=\"style-css-av-5p0vyj-1206c7457795038de956cec3c020557b\">\n.flex_column.av-5p0vyj-1206c7457795038de956cec3c020557b{\nborder-radius:0px 0px 0px 0px;\npadding:0px 0px 0px 0px;\n}\n<\/style>\n<div  class='flex_column av-5p0vyj-1206c7457795038de956cec3c020557b av_one_fourth  avia-builder-el-13  el_after_av_one_fourth  el_before_av_one_fourth  flex_column_div av-zero-column-padding  column-top-margin'     ><section  class='av_textblock_section av-kl28m2g7-2-6c338dbbe0a9c00461967f86a0c948a7 '   itemscope=\"itemscope\" itemtype=\"https:\/\/schema.org\/CreativeWork\" ><div class='avia_textblock'  itemprop=\"text\" ><h3 style=\"text-align: center;\">POLONAIS<\/h3>\n<\/div><\/section><br \/>\n<section  class='av_textblock_section av-kl28pyjq-29401aeb50bc15ddeada51c0d97d3b55 '   itemscope=\"itemscope\" itemtype=\"https:\/\/schema.org\/CreativeWork\" ><div class='avia_textblock'  itemprop=\"text\" ><p style=\"text-align: center;\">\u00c9liminez les imperfections de surface, telles que les rayures et l&#8217;oxydation, avec notre large s\u00e9lection de vernis con\u00e7us pour prot\u00e9ger la peinture et les garnitures, laissant une finition tr\u00e8s brillante.<\/p>\n<\/div><\/section><\/p><\/div>\n\n<style type=\"text\/css\" data-created_by=\"avia_inline_auto\" id=\"style-css-av-3w3zvf-34534b3aaf5fce92c79758417cdeb156\">\n.flex_column.av-3w3zvf-34534b3aaf5fce92c79758417cdeb156{\nborder-radius:0px 0px 0px 0px;\npadding:0px 0px 0px 0px;\n}\n<\/style>\n<div  class='flex_column av-3w3zvf-34534b3aaf5fce92c79758417cdeb156 av_one_fourth  avia-builder-el-16  el_after_av_one_fourth  el_before_av_section  avia-builder-el-last  flex_column_div av-zero-column-padding  column-top-margin'     ><section  class='av_textblock_section av-kl28m2g7-1-3d65ce38c92ada3b87de5ec78b181156 '   itemscope=\"itemscope\" itemtype=\"https:\/\/schema.org\/CreativeWork\" ><div class='avia_textblock'  itemprop=\"text\" ><h3 style=\"text-align: center;\">LA CIRE<\/h3>\n<\/div><\/section><br \/>\n<section  class='av_textblock_section av-kl28q694-c58d1ef9cf32933c873940ea5625014c '   itemscope=\"itemscope\" itemtype=\"https:\/\/schema.org\/CreativeWork\" ><div class='avia_textblock'  itemprop=\"text\" ><p style=\"text-align: center;\">Notre cire de carnauba et cr\u00e8me facile \u00e0 appliquer avec la technologie nano c\u00e9ramique offre une protection de surface maximale, am\u00e9liorant l&#8217;\u00e9clat de votre voiture \u00e0 la luminosit\u00e9 de la salle d&#8217;exposition.<\/p>\n<\/div><\/section><\/p><\/div>\n<\/div><\/div><\/div><!-- close content main div --><\/div><\/div>\n<style type=\"text\/css\" data-created_by=\"avia_inline_auto\" id=\"style-css-av-kl2duqoe-e9e4045a489a564123ee7ebe0a8919ba\">\n.avia-section.av-kl2duqoe-e9e4045a489a564123ee7ebe0a8919ba{\nbackground-color:#f5f5f5;\nbackground-image:unset;\n}\n<\/style>\n<div id='av_section_2'  class='avia-section av-kl2duqoe-e9e4045a489a564123ee7ebe0a8919ba main_color avia-section-default avia-no-border-styling  avia-builder-el-19  el_after_av_one_fourth  avia-builder-el-last  avia-bg-style-scroll container_wrap fullsize'  ><div class='container av-section-cont-open' ><div class='template-page content  av-content-full alpha units'><div class='post-entry post-entry-type-page post-entry-11262'><div class='entry-content-wrapper clearfix'>\n\n\n","protected":false},"excerpt":{"rendered":"","protected":false},"author":5,"featured_media":0,"parent":0,"menu_order":0,"comment_status":"closed","ping_status":"closed","template":"","meta":{"footnotes":""},"class_list":["post-11262","page","type-page","status-publish","hentry"],"yoast_head":"<!-- This site is optimized with the Yoast SEO Premium plugin v21.4 (Yoast SEO v27.5) - https:\/\/yoast.com\/product\/yoast-seo-premium-wordpress\/ -->\n<title>Produits d&#039;entretien de carrosserie \u00e0 Ellesmere Port, Royaume-Uni<\/title>\n<meta name=\"description\" content=\"En tant que site europ\u00e9en officiel des produits Gilptone, nous sommes experts dans la conception de produits d&#039;esth\u00e9tique automobile qui permettent d&#039;obtenir la meilleure finition. Commandez en ligne d\u00e8s aujourd&#039;hui.\" \/>\n<meta name=\"robots\" content=\"index, follow, max-snippet:-1, max-image-preview:large, max-video-preview:-1\" \/>\n<link rel=\"canonical\" href=\"https:\/\/gliptoneeurope.com\/fr\/carrosserie\/\" \/>\n<meta property=\"og:locale\" content=\"fr_FR\" \/>\n<meta property=\"og:type\" content=\"article\" \/>\n<meta property=\"og:title\" content=\"Carrosserie\" \/>\n<meta property=\"og:url\" content=\"https:\/\/gliptoneeurope.com\/fr\/carrosserie\/\" \/>\n<meta property=\"og:site_name\" content=\"Gliptone Europe\" \/>\n<meta property=\"article:publisher\" content=\"https:\/\/www.facebook.com\/gliptoneeurope\/\" \/>\n<meta property=\"article:modified_time\" content=\"2024-01-11T22:24:15+00:00\" \/>\n<meta property=\"og:image\" content=\"https:\/\/gliptoneeurope.com\/wp-content\/uploads\/Gliptone_Logo.png\" \/>\n\t<meta property=\"og:image:width\" content=\"1472\" \/>\n\t<meta property=\"og:image:height\" content=\"607\" \/>\n\t<meta property=\"og:image:type\" content=\"image\/png\" \/>\n<meta name=\"twitter:card\" content=\"summary_large_image\" \/>\n<meta name=\"twitter:label1\" content=\"Dur\u00e9e de lecture estim\u00e9e\" \/>\n\t<meta name=\"twitter:data1\" content=\"10 minutes\" \/>\n<script type=\"application\/ld+json\" class=\"yoast-schema-graph\">{\"@context\":\"https:\\\/\\\/schema.org\",\"@graph\":[{\"@type\":\"WebPage\",\"@id\":\"https:\\\/\\\/gliptoneeurope.com\\\/fr\\\/carrosserie\\\/\",\"url\":\"https:\\\/\\\/gliptoneeurope.com\\\/fr\\\/carrosserie\\\/\",\"name\":\"Produits d'entretien de carrosserie \u00e0 Ellesmere Port, Royaume-Uni\",\"isPartOf\":{\"@id\":\"https:\\\/\\\/gliptoneeurope.com\\\/#website\"},\"datePublished\":\"2021-11-30T10:27:58+00:00\",\"dateModified\":\"2024-01-11T22:24:15+00:00\",\"description\":\"En tant que site europ\u00e9en officiel des produits Gilptone, nous sommes experts dans la conception de produits d'esth\u00e9tique automobile qui permettent d'obtenir la meilleure finition. Commandez en ligne d\u00e8s aujourd'hui.\",\"breadcrumb\":{\"@id\":\"https:\\\/\\\/gliptoneeurope.com\\\/fr\\\/carrosserie\\\/#breadcrumb\"},\"inLanguage\":\"fr-FR\",\"potentialAction\":[{\"@type\":\"ReadAction\",\"target\":[\"https:\\\/\\\/gliptoneeurope.com\\\/fr\\\/carrosserie\\\/\"]}]},{\"@type\":\"BreadcrumbList\",\"@id\":\"https:\\\/\\\/gliptoneeurope.com\\\/fr\\\/carrosserie\\\/#breadcrumb\",\"itemListElement\":[{\"@type\":\"ListItem\",\"position\":1,\"name\":\"Home\",\"item\":\"https:\\\/\\\/gliptoneeurope.com\\\/\"},{\"@type\":\"ListItem\",\"position\":2,\"name\":\"Carrosserie\"}]},{\"@type\":\"WebSite\",\"@id\":\"https:\\\/\\\/gliptoneeurope.com\\\/#website\",\"url\":\"https:\\\/\\\/gliptoneeurope.com\\\/\",\"name\":\"Gliptone Europe\",\"description\":\"Professional Car Detailing Products\",\"publisher\":{\"@id\":\"https:\\\/\\\/gliptoneeurope.com\\\/#organization\"},\"potentialAction\":[{\"@type\":\"SearchAction\",\"target\":{\"@type\":\"EntryPoint\",\"urlTemplate\":\"https:\\\/\\\/gliptoneeurope.com\\\/?s={search_term_string}\"},\"query-input\":{\"@type\":\"PropertyValueSpecification\",\"valueRequired\":true,\"valueName\":\"search_term_string\"}}],\"inLanguage\":\"fr-FR\"},{\"@type\":\"Organization\",\"@id\":\"https:\\\/\\\/gliptoneeurope.com\\\/#organization\",\"name\":\"Gliptone Europe\",\"url\":\"https:\\\/\\\/gliptoneeurope.com\\\/\",\"logo\":{\"@type\":\"ImageObject\",\"inLanguage\":\"fr-FR\",\"@id\":\"https:\\\/\\\/gliptoneeurope.com\\\/#\\\/schema\\\/logo\\\/image\\\/\",\"url\":\"https:\\\/\\\/gliptoneeurope.com\\\/wp-content\\\/uploads\\\/Gliptone_Logo.png\",\"contentUrl\":\"https:\\\/\\\/gliptoneeurope.com\\\/wp-content\\\/uploads\\\/Gliptone_Logo.png\",\"width\":1472,\"height\":607,\"caption\":\"Gliptone Europe\"},\"image\":{\"@id\":\"https:\\\/\\\/gliptoneeurope.com\\\/#\\\/schema\\\/logo\\\/image\\\/\"},\"sameAs\":[\"https:\\\/\\\/www.facebook.com\\\/gliptoneeurope\\\/\",\"https:\\\/\\\/www.instagram.com\\\/gliptoneeurope\\\/\",\"https:\\\/\\\/www.pinterest.co.uk\\\/GliptoneEurope\\\/\"]}]}<\/script>\n<!-- \/ Yoast SEO Premium plugin. -->","yoast_head_json":{"title":"Produits d'entretien de carrosserie \u00e0 Ellesmere Port, Royaume-Uni","description":"En tant que site europ\u00e9en officiel des produits Gilptone, nous sommes experts dans la conception de produits d'esth\u00e9tique automobile qui permettent d'obtenir la meilleure finition. Commandez en ligne d\u00e8s aujourd'hui.","robots":{"index":"index","follow":"follow","max-snippet":"max-snippet:-1","max-image-preview":"max-image-preview:large","max-video-preview":"max-video-preview:-1"},"canonical":"https:\/\/gliptoneeurope.com\/fr\/carrosserie\/","og_locale":"fr_FR","og_type":"article","og_title":"Carrosserie","og_url":"https:\/\/gliptoneeurope.com\/fr\/carrosserie\/","og_site_name":"Gliptone Europe","article_publisher":"https:\/\/www.facebook.com\/gliptoneeurope\/","article_modified_time":"2024-01-11T22:24:15+00:00","og_image":[{"width":1472,"height":607,"url":"https:\/\/gliptoneeurope.com\/wp-content\/uploads\/Gliptone_Logo.png","type":"image\/png"}],"twitter_card":"summary_large_image","twitter_misc":{"Dur\u00e9e de lecture estim\u00e9e":"10 minutes"},"schema":{"@context":"https:\/\/schema.org","@graph":[{"@type":"WebPage","@id":"https:\/\/gliptoneeurope.com\/fr\/carrosserie\/","url":"https:\/\/gliptoneeurope.com\/fr\/carrosserie\/","name":"Produits d'entretien de carrosserie \u00e0 Ellesmere Port, Royaume-Uni","isPartOf":{"@id":"https:\/\/gliptoneeurope.com\/#website"},"datePublished":"2021-11-30T10:27:58+00:00","dateModified":"2024-01-11T22:24:15+00:00","description":"En tant que site europ\u00e9en officiel des produits Gilptone, nous sommes experts dans la conception de produits d'esth\u00e9tique automobile qui permettent d'obtenir la meilleure finition. Commandez en ligne d\u00e8s aujourd'hui.","breadcrumb":{"@id":"https:\/\/gliptoneeurope.com\/fr\/carrosserie\/#breadcrumb"},"inLanguage":"fr-FR","potentialAction":[{"@type":"ReadAction","target":["https:\/\/gliptoneeurope.com\/fr\/carrosserie\/"]}]},{"@type":"BreadcrumbList","@id":"https:\/\/gliptoneeurope.com\/fr\/carrosserie\/#breadcrumb","itemListElement":[{"@type":"ListItem","position":1,"name":"Home","item":"https:\/\/gliptoneeurope.com\/"},{"@type":"ListItem","position":2,"name":"Carrosserie"}]},{"@type":"WebSite","@id":"https:\/\/gliptoneeurope.com\/#website","url":"https:\/\/gliptoneeurope.com\/","name":"Gliptone Europe","description":"Professional Car Detailing Products","publisher":{"@id":"https:\/\/gliptoneeurope.com\/#organization"},"potentialAction":[{"@type":"SearchAction","target":{"@type":"EntryPoint","urlTemplate":"https:\/\/gliptoneeurope.com\/?s={search_term_string}"},"query-input":{"@type":"PropertyValueSpecification","valueRequired":true,"valueName":"search_term_string"}}],"inLanguage":"fr-FR"},{"@type":"Organization","@id":"https:\/\/gliptoneeurope.com\/#organization","name":"Gliptone Europe","url":"https:\/\/gliptoneeurope.com\/","logo":{"@type":"ImageObject","inLanguage":"fr-FR","@id":"https:\/\/gliptoneeurope.com\/#\/schema\/logo\/image\/","url":"https:\/\/gliptoneeurope.com\/wp-content\/uploads\/Gliptone_Logo.png","contentUrl":"https:\/\/gliptoneeurope.com\/wp-content\/uploads\/Gliptone_Logo.png","width":1472,"height":607,"caption":"Gliptone Europe"},"image":{"@id":"https:\/\/gliptoneeurope.com\/#\/schema\/logo\/image\/"},"sameAs":["https:\/\/www.facebook.com\/gliptoneeurope\/","https:\/\/www.instagram.com\/gliptoneeurope\/","https:\/\/www.pinterest.co.uk\/GliptoneEurope\/"]}]}},"_links":{"self":[{"href":"https:\/\/gliptoneeurope.com\/fr\/wp-json\/wp\/v2\/pages\/11262","targetHints":{"allow":["GET"]}}],"collection":[{"href":"https:\/\/gliptoneeurope.com\/fr\/wp-json\/wp\/v2\/pages"}],"about":[{"href":"https:\/\/gliptoneeurope.com\/fr\/wp-json\/wp\/v2\/types\/page"}],"author":[{"embeddable":true,"href":"https:\/\/gliptoneeurope.com\/fr\/wp-json\/wp\/v2\/users\/5"}],"replies":[{"embeddable":true,"href":"https:\/\/gliptoneeurope.com\/fr\/wp-json\/wp\/v2\/comments?post=11262"}],"version-history":[{"count":5,"href":"https:\/\/gliptoneeurope.com\/fr\/wp-json\/wp\/v2\/pages\/11262\/revisions"}],"predecessor-version":[{"id":31418,"href":"https:\/\/gliptoneeurope.com\/fr\/wp-json\/wp\/v2\/pages\/11262\/revisions\/31418"}],"wp:attachment":[{"href":"https:\/\/gliptoneeurope.com\/fr\/wp-json\/wp\/v2\/media?parent=11262"}],"curies":[{"name":"wp","href":"https:\/\/api.w.org\/{rel}","templated":true}]}}