{"id":11238,"date":"2021-11-30T10:27:55","date_gmt":"2021-11-30T10:27:55","guid":{"rendered":"https:\/\/gliptoneeurope.com\/termes-et-conditions\/"},"modified":"2022-09-14T13:01:13","modified_gmt":"2022-09-14T13:01:13","slug":"termes-et-conditions","status":"publish","type":"page","link":"https:\/\/gliptoneeurope.com\/fr\/termes-et-conditions\/","title":{"rendered":"Termes et conditions"},"content":{"rendered":"<section  class='av_textblock_section av-kl8777g4-eabf94a1d61f0d4c1f66bd8cb69247d6 '   itemscope=\"itemscope\" itemtype=\"https:\/\/schema.org\/CreativeWork\" ><div class='avia_textblock'  itemprop=\"text\" ><h1>TERMES ET CONDITIONS<\/h1>\n<p>En achetant des biens et\/ou des services sur le site Web de Gliptone Europe, vous acceptez les conditions g\u00e9n\u00e9rales ci-dessous, qui peuvent \u00eatre modifi\u00e9es sans pr\u00e9avis.<\/p>\n<h3><strong>Termes et conditions<\/strong><\/h3>\n<p>Gliptone Europe d\u00e9tient toutes les marques d\u00e9pos\u00e9es, droits d&#8217;auteur et droits de propri\u00e9t\u00e9 intellectuelle sur le contenu de ce site Web, sauf indication contraire.<\/p>\n<h3><strong>Clause de non-responsabilit\u00e9 g\u00e9n\u00e9rale<\/strong><\/h3>\n<p>Gliptone Europe s&#8217;efforce de garantir que les informations contenues dans ce site Web sont \u00e0 la fois \u00e0 jour et exactes. Cependant, aucune garantie ou repr\u00e9sentation expresse ou implicite n&#8217;est faite concernant tout ce qui est contenu dans le pr\u00e9sent document. Les informations contenues sur ce site sont destin\u00e9es aux clients de Liquid Leather. Liquid Leather n&#8217;accepte aucune responsabilit\u00e9 pour les pertes ou dommages de quelque nature que ce soit pouvant r\u00e9sulter de la confiance accord\u00e9e aux informations ou aux conseils contenus dans ce site Web ou des erreurs ou omissions typographiques ou autres.<\/p>\n<h3><strong>Protection des donn\u00e9es<\/strong><\/h3>\n<p>Gliptone Europe respecte la vie priv\u00e9e de chaque personne qui visite ce site Web. Les donn\u00e9es personnelles (nom, adresse, num\u00e9ro de t\u00e9l\u00e9phone ou adresse e-mail) ne seront pas collect\u00e9es \u00e0 moins que vous ne les fournissiez volontairement. Toutes les donn\u00e9es personnelles que vous fournissez peuvent \u00eatre stock\u00e9es et potentiellement utilis\u00e9es par Liquid Leather maintenant et \u00e0 l&#8217;avenir \u00e0 des fins de marketing, d&#8217;\u00e9tudes de march\u00e9, de suivi des donn\u00e9es de vente et afin de vous contacter.<\/p>\n<h3><strong>Droit et juridiction<\/strong><\/h3>\n<p>Ce site Web a \u00e9t\u00e9 cr\u00e9\u00e9 et est exploit\u00e9 conform\u00e9ment aux lois d&#8217;Angleterre. Pour trancher tout litige relatif \u00e0 ce site Web, les lois d&#8217;Angleterre s&#8217;appliqueront et les tribunaux d&#8217;Angleterre et du Pays de Galles auront comp\u00e9tence exclusive.<\/p>\n<h3><strong>Politique de confidentialit\u00e9<\/strong><\/h3>\n<p>Nous avons cr\u00e9\u00e9 cette d\u00e9claration afin de d\u00e9montrer notre ferme engagement envers la confidentialit\u00e9. Ce qui suit divulgue nos pratiques de collecte et de diffusion d&#8217;informations pour ce site Web. Nous ne transmettrons aucune information \u00e0 des tiers, sauf si la loi l&#8217;exige. Contacter le site Web \u2013 Si vous avez des questions concernant cette d\u00e9claration de confidentialit\u00e9, les pratiques de ce site ou vos relations avec ce site Web, veuillez nous contacter. Pour notre politique de confidentialit\u00e9, cliquez ici s&#8217;il vous pla\u00eet.<\/p>\n<h3><strong>Acceptation de la commande &#8211; Notre contrat<\/strong><\/h3>\n<p>Lorsque vous passez une commande sur notre site Web, vous affichez une page de confirmation de commande et recevez un e-mail de confirmation de commande de Gliptone Europe. Cette page et cet e-mail confirment la r\u00e9ception de votre commande et de ses d\u00e9tails, ils ne constituent pas un contrat de vente \u00e0 ce stade. Votre commande repr\u00e9sente une offre pour nous d&#8217;acheter un ou plusieurs produits, qui est accept\u00e9e par nous au moment o\u00f9 nous d\u00e9bitons votre carte et vous exp\u00e9dions les marchandises.<\/p>\n<h3><strong>Autoriser les commandes<\/strong><\/h3>\n<p>Lorsque vous passez une commande sur notre site Web, assurez-vous que l&#8217;adresse de votre compte est l&#8217;adresse \u00e0 laquelle votre carte de cr\u00e9dit\/d\u00e9bit est enregistr\u00e9e. Le processus d&#8217;autorisation de votre carte est v\u00e9rifi\u00e9 par rapport \u00e0 l&#8217;adresse de votre compte et si elle n&#8217;est pas correcte, votre carte sera refus\u00e9e et votre commande retard\u00e9e jusqu&#8217;\u00e0 ce que nous recevions les informations correctes de votre part.<\/p>\n<h3><strong>Prix<\/strong><\/h3>\n<p>Essayez comme nous pouvons, il peut arriver qu&#8217;un produit soit mal \u00e9valu\u00e9 sur notre site Web. Soyez assur\u00e9 que nous v\u00e9rifions les prix dans le cadre de notre proc\u00e9dure d&#8217;exp\u00e9dition. Si le prix correct d&#8217;un produit est inf\u00e9rieur \u00e0 celui annonc\u00e9 sur notre site, le prix le plus bas vous sera factur\u00e9. Si le prix correct d&#8217;un produit est sup\u00e9rieur \u00e0 celui annonc\u00e9 sur notre site, nous vous contacterons, \u00e0 notre discr\u00e9tion, pour obtenir des instructions avant l&#8217;exp\u00e9dition ou annulerons votre commande et vous informerons de cette annulation. Les prix incluent actuellement la TVA au taux en vigueur le cas \u00e9ch\u00e9ant.<\/p>\n<h3><strong>Livraison<\/strong><\/h3>\n<p>Nous exp\u00e9dions les produits aux adresses britanniques et dans le monde entier et les commandes sont normalement exp\u00e9di\u00e9es en 3 jours ouvrables.<\/p>\n<p>Toutes les livraisons vers des destinations en dehors du Royaume-Uni peuvent \u00eatre soumises \u00e0 des droits et taxes d&#8217;importation &#8211; chacun pr\u00e9lev\u00e9 par le pays importateur lorsque la livraison arrive dans ce pays. Tous les droits applicables, les frais et toutes les charges suppl\u00e9mentaires pour le d\u00e9douanement seront la responsabilit\u00e9 du client et non de Gliptone Europe. Les retours et les remboursements ne seront en aucun cas accept\u00e9s sur la base d&#8217;un litige ou d&#8217;un d\u00e9saccord avec les frais pr\u00e9lev\u00e9s par l&#8217;administration de la livraison de chaque pays.<\/p>\n<h3><strong>Frais de port et d&#8217;emballage<\/strong><\/h3>\n<p>Les frais de port et d&#8217;emballage des articles command\u00e9s s&#8217;affichent automatiquement dans votre panier lors du processus de commande. Nous ne facturons la livraison qu&#8217;une seule fois par commande, m\u00eame si nous vous envoyons plusieurs colis. L&#8217;int\u00e9gralit\u00e9 des frais de livraison est factur\u00e9e sur le premier colis exp\u00e9di\u00e9.<\/p>\n<h3><strong>Paiement<\/strong><\/h3>\n<p>Nous acceptons la plupart des principales cartes de cr\u00e9dit et de d\u00e9bit et traitons le paiement au moment o\u00f9 une commande est pass\u00e9e.<\/p>\n<\/div><\/section>\n","protected":false},"excerpt":{"rendered":"","protected":false},"author":5,"featured_media":0,"parent":0,"menu_order":95,"comment_status":"closed","ping_status":"closed","template":"","meta":{"footnotes":""},"class_list":["post-11238","page","type-page","status-publish","hentry"],"yoast_head":"<!-- This site is optimized with the Yoast SEO Premium plugin v21.4 (Yoast SEO v27.5) - https:\/\/yoast.com\/product\/yoast-seo-premium-wordpress\/ -->\n<title>Gliptone Europe | Produits de detailing pour le detailer professionnel<\/title>\n<meta name=\"description\" content=\"Commandez aujourd&#039;hui et voyez par vous-m\u00eame pourquoi Gliptone est utilis\u00e9 par les meilleurs d\u00e9taillants du monde entier...\" \/>\n<meta name=\"robots\" content=\"index, follow, max-snippet:-1, max-image-preview:large, max-video-preview:-1\" \/>\n<link rel=\"canonical\" href=\"https:\/\/gliptoneeurope.com\/fr\/termes-et-conditions\/\" \/>\n<meta property=\"og:locale\" content=\"fr_FR\" \/>\n<meta property=\"og:type\" content=\"article\" \/>\n<meta property=\"og:title\" content=\"Termes et conditions\" \/>\n<meta property=\"og:url\" content=\"https:\/\/gliptoneeurope.com\/fr\/termes-et-conditions\/\" \/>\n<meta property=\"og:site_name\" content=\"Gliptone Europe\" \/>\n<meta property=\"article:publisher\" content=\"https:\/\/www.facebook.com\/gliptoneeurope\/\" \/>\n<meta property=\"article:modified_time\" content=\"2022-09-14T13:01:13+00:00\" \/>\n<meta property=\"og:image\" content=\"https:\/\/gliptoneeurope.com\/wp-content\/uploads\/Gliptone_Logo.png\" \/>\n\t<meta property=\"og:image:width\" content=\"1472\" \/>\n\t<meta property=\"og:image:height\" content=\"607\" \/>\n\t<meta property=\"og:image:type\" content=\"image\/png\" \/>\n<meta name=\"twitter:card\" content=\"summary_large_image\" \/>\n<meta name=\"twitter:label1\" content=\"Dur\u00e9e de lecture estim\u00e9e\" \/>\n\t<meta name=\"twitter:data1\" content=\"4 minutes\" \/>\n<script type=\"application\/ld+json\" class=\"yoast-schema-graph\">{\"@context\":\"https:\\\/\\\/schema.org\",\"@graph\":[{\"@type\":\"WebPage\",\"@id\":\"https:\\\/\\\/gliptoneeurope.com\\\/fr\\\/termes-et-conditions\\\/\",\"url\":\"https:\\\/\\\/gliptoneeurope.com\\\/fr\\\/termes-et-conditions\\\/\",\"name\":\"Gliptone Europe | Produits de detailing pour le detailer professionnel\",\"isPartOf\":{\"@id\":\"https:\\\/\\\/gliptoneeurope.com\\\/#website\"},\"datePublished\":\"2021-11-30T10:27:55+00:00\",\"dateModified\":\"2022-09-14T13:01:13+00:00\",\"description\":\"Commandez aujourd'hui et voyez par vous-m\u00eame pourquoi Gliptone est utilis\u00e9 par les meilleurs d\u00e9taillants du monde entier...\",\"breadcrumb\":{\"@id\":\"https:\\\/\\\/gliptoneeurope.com\\\/fr\\\/termes-et-conditions\\\/#breadcrumb\"},\"inLanguage\":\"fr-FR\",\"potentialAction\":[{\"@type\":\"ReadAction\",\"target\":[\"https:\\\/\\\/gliptoneeurope.com\\\/fr\\\/termes-et-conditions\\\/\"]}]},{\"@type\":\"BreadcrumbList\",\"@id\":\"https:\\\/\\\/gliptoneeurope.com\\\/fr\\\/termes-et-conditions\\\/#breadcrumb\",\"itemListElement\":[{\"@type\":\"ListItem\",\"position\":1,\"name\":\"Home\",\"item\":\"https:\\\/\\\/gliptoneeurope.com\\\/\"},{\"@type\":\"ListItem\",\"position\":2,\"name\":\"Termes et conditions\"}]},{\"@type\":\"WebSite\",\"@id\":\"https:\\\/\\\/gliptoneeurope.com\\\/#website\",\"url\":\"https:\\\/\\\/gliptoneeurope.com\\\/\",\"name\":\"Gliptone Europe\",\"description\":\"Professional Car Detailing Products\",\"publisher\":{\"@id\":\"https:\\\/\\\/gliptoneeurope.com\\\/#organization\"},\"potentialAction\":[{\"@type\":\"SearchAction\",\"target\":{\"@type\":\"EntryPoint\",\"urlTemplate\":\"https:\\\/\\\/gliptoneeurope.com\\\/?s={search_term_string}\"},\"query-input\":{\"@type\":\"PropertyValueSpecification\",\"valueRequired\":true,\"valueName\":\"search_term_string\"}}],\"inLanguage\":\"fr-FR\"},{\"@type\":\"Organization\",\"@id\":\"https:\\\/\\\/gliptoneeurope.com\\\/#organization\",\"name\":\"Gliptone Europe\",\"url\":\"https:\\\/\\\/gliptoneeurope.com\\\/\",\"logo\":{\"@type\":\"ImageObject\",\"inLanguage\":\"fr-FR\",\"@id\":\"https:\\\/\\\/gliptoneeurope.com\\\/#\\\/schema\\\/logo\\\/image\\\/\",\"url\":\"https:\\\/\\\/gliptoneeurope.com\\\/wp-content\\\/uploads\\\/Gliptone_Logo.png\",\"contentUrl\":\"https:\\\/\\\/gliptoneeurope.com\\\/wp-content\\\/uploads\\\/Gliptone_Logo.png\",\"width\":1472,\"height\":607,\"caption\":\"Gliptone Europe\"},\"image\":{\"@id\":\"https:\\\/\\\/gliptoneeurope.com\\\/#\\\/schema\\\/logo\\\/image\\\/\"},\"sameAs\":[\"https:\\\/\\\/www.facebook.com\\\/gliptoneeurope\\\/\",\"https:\\\/\\\/www.instagram.com\\\/gliptoneeurope\\\/\",\"https:\\\/\\\/www.pinterest.co.uk\\\/GliptoneEurope\\\/\"]}]}<\/script>\n<!-- \/ Yoast SEO Premium plugin. -->","yoast_head_json":{"title":"Gliptone Europe | Produits de detailing pour le detailer professionnel","description":"Commandez aujourd'hui et voyez par vous-m\u00eame pourquoi Gliptone est utilis\u00e9 par les meilleurs d\u00e9taillants du monde entier...","robots":{"index":"index","follow":"follow","max-snippet":"max-snippet:-1","max-image-preview":"max-image-preview:large","max-video-preview":"max-video-preview:-1"},"canonical":"https:\/\/gliptoneeurope.com\/fr\/termes-et-conditions\/","og_locale":"fr_FR","og_type":"article","og_title":"Termes et conditions","og_url":"https:\/\/gliptoneeurope.com\/fr\/termes-et-conditions\/","og_site_name":"Gliptone Europe","article_publisher":"https:\/\/www.facebook.com\/gliptoneeurope\/","article_modified_time":"2022-09-14T13:01:13+00:00","og_image":[{"width":1472,"height":607,"url":"https:\/\/gliptoneeurope.com\/wp-content\/uploads\/Gliptone_Logo.png","type":"image\/png"}],"twitter_card":"summary_large_image","twitter_misc":{"Dur\u00e9e de lecture estim\u00e9e":"4 minutes"},"schema":{"@context":"https:\/\/schema.org","@graph":[{"@type":"WebPage","@id":"https:\/\/gliptoneeurope.com\/fr\/termes-et-conditions\/","url":"https:\/\/gliptoneeurope.com\/fr\/termes-et-conditions\/","name":"Gliptone Europe | Produits de detailing pour le detailer professionnel","isPartOf":{"@id":"https:\/\/gliptoneeurope.com\/#website"},"datePublished":"2021-11-30T10:27:55+00:00","dateModified":"2022-09-14T13:01:13+00:00","description":"Commandez aujourd'hui et voyez par vous-m\u00eame pourquoi Gliptone est utilis\u00e9 par les meilleurs d\u00e9taillants du monde entier...","breadcrumb":{"@id":"https:\/\/gliptoneeurope.com\/fr\/termes-et-conditions\/#breadcrumb"},"inLanguage":"fr-FR","potentialAction":[{"@type":"ReadAction","target":["https:\/\/gliptoneeurope.com\/fr\/termes-et-conditions\/"]}]},{"@type":"BreadcrumbList","@id":"https:\/\/gliptoneeurope.com\/fr\/termes-et-conditions\/#breadcrumb","itemListElement":[{"@type":"ListItem","position":1,"name":"Home","item":"https:\/\/gliptoneeurope.com\/"},{"@type":"ListItem","position":2,"name":"Termes et conditions"}]},{"@type":"WebSite","@id":"https:\/\/gliptoneeurope.com\/#website","url":"https:\/\/gliptoneeurope.com\/","name":"Gliptone Europe","description":"Professional Car Detailing Products","publisher":{"@id":"https:\/\/gliptoneeurope.com\/#organization"},"potentialAction":[{"@type":"SearchAction","target":{"@type":"EntryPoint","urlTemplate":"https:\/\/gliptoneeurope.com\/?s={search_term_string}"},"query-input":{"@type":"PropertyValueSpecification","valueRequired":true,"valueName":"search_term_string"}}],"inLanguage":"fr-FR"},{"@type":"Organization","@id":"https:\/\/gliptoneeurope.com\/#organization","name":"Gliptone Europe","url":"https:\/\/gliptoneeurope.com\/","logo":{"@type":"ImageObject","inLanguage":"fr-FR","@id":"https:\/\/gliptoneeurope.com\/#\/schema\/logo\/image\/","url":"https:\/\/gliptoneeurope.com\/wp-content\/uploads\/Gliptone_Logo.png","contentUrl":"https:\/\/gliptoneeurope.com\/wp-content\/uploads\/Gliptone_Logo.png","width":1472,"height":607,"caption":"Gliptone Europe"},"image":{"@id":"https:\/\/gliptoneeurope.com\/#\/schema\/logo\/image\/"},"sameAs":["https:\/\/www.facebook.com\/gliptoneeurope\/","https:\/\/www.instagram.com\/gliptoneeurope\/","https:\/\/www.pinterest.co.uk\/GliptoneEurope\/"]}]}},"_links":{"self":[{"href":"https:\/\/gliptoneeurope.com\/fr\/wp-json\/wp\/v2\/pages\/11238","targetHints":{"allow":["GET"]}}],"collection":[{"href":"https:\/\/gliptoneeurope.com\/fr\/wp-json\/wp\/v2\/pages"}],"about":[{"href":"https:\/\/gliptoneeurope.com\/fr\/wp-json\/wp\/v2\/types\/page"}],"author":[{"embeddable":true,"href":"https:\/\/gliptoneeurope.com\/fr\/wp-json\/wp\/v2\/users\/5"}],"replies":[{"embeddable":true,"href":"https:\/\/gliptoneeurope.com\/fr\/wp-json\/wp\/v2\/comments?post=11238"}],"version-history":[{"count":5,"href":"https:\/\/gliptoneeurope.com\/fr\/wp-json\/wp\/v2\/pages\/11238\/revisions"}],"predecessor-version":[{"id":16548,"href":"https:\/\/gliptoneeurope.com\/fr\/wp-json\/wp\/v2\/pages\/11238\/revisions\/16548"}],"wp:attachment":[{"href":"https:\/\/gliptoneeurope.com\/fr\/wp-json\/wp\/v2\/media?parent=11238"}],"curies":[{"name":"wp","href":"https:\/\/api.w.org\/{rel}","templated":true}]}}