{"id":11236,"date":"2021-11-30T10:27:55","date_gmt":"2021-11-30T10:27:55","guid":{"rendered":"https:\/\/gliptoneeurope.com\/produits-professionnels\/"},"modified":"2021-11-30T10:27:58","modified_gmt":"2021-11-30T10:27:58","slug":"produits-professionnels","status":"publish","type":"page","link":"https:\/\/gliptoneeurope.com\/fr\/produits-professionnels\/","title":{"rendered":"Produits Professionnels"},"content":{"rendered":"\n<style type=\"text\/css\" data-created_by=\"avia_inline_auto\" id=\"style-css-av-kl28d86g-af8b0c320cdd836ac2d47bdee46d605a\">\n.avia-section.av-kl28d86g-af8b0c320cdd836ac2d47bdee46d605a .av-parallax .av-parallax-inner{\nbackground-repeat:no-repeat;\nbackground-image:url(https:\/\/gliptoneeurope.com\/wp-content\/uploads\/interior-tile.jpg);\nbackground-position:50% 50%;\nbackground-attachment:scroll;\n}\n<\/style>\n<div id='av_section_1'  class='avia-section av-kl28d86g-af8b0c320cdd836ac2d47bdee46d605a main_color avia-section-default avia-no-border-styling  avia-builder-el-0  el_before_av_one_full  avia-builder-el-first  avia-full-stretch av-parallax-section avia-bg-style-parallax av-minimum-height av-minimum-height-50 av-height-50  container_wrap fullsize'  data-section-bg-repeat='stretch' data-av_minimum_height_pc='50' data-av_min_height_opt='50'><div class='av-parallax' data-avia-parallax-ratio='0.3' ><div class='av-parallax-inner main_color avia-full-stretch'><\/div><\/div><div class='container av-section-cont-open' ><main  role=\"main\" itemprop=\"mainContentOfPage\"  class='template-page content  av-content-full alpha units'><div class='post-entry post-entry-type-page post-entry-11236'><div class='entry-content-wrapper clearfix'>\n\n<style type=\"text\/css\" data-created_by=\"avia_inline_auto\" id=\"style-css-av-1d2e1n-ea0ff86f24d0eb62b3078ce1bb0ab849\">\n.flex_column.av-1d2e1n-ea0ff86f24d0eb62b3078ce1bb0ab849{\nborder-radius:0px 0px 0px 0px;\npadding:0px 0px 0px 0px;\n}\n<\/style>\n<div  class='flex_column av-1d2e1n-ea0ff86f24d0eb62b3078ce1bb0ab849 av_one_full  avia-builder-el-1  avia-builder-el-no-sibling  first flex_column_div av-zero-column-padding  '     ><style type=\"text\/css\" data-created_by=\"avia_inline_auto\" id=\"style-css-av-kl2i92fa-d44df9d605e52703391c8c073bcefa4a\">\n#top .av-special-heading.av-kl2i92fa-d44df9d605e52703391c8c073bcefa4a{\npadding-bottom:10px;\ncolor:#ffffff;\n}\nbody .av-special-heading.av-kl2i92fa-d44df9d605e52703391c8c073bcefa4a .av-special-heading-tag .heading-char{\nfont-size:25px;\n}\n.av-special-heading.av-kl2i92fa-d44df9d605e52703391c8c073bcefa4a .special-heading-inner-border{\nborder-color:#ffffff;\n}\n.av-special-heading.av-kl2i92fa-d44df9d605e52703391c8c073bcefa4a .av-subheading{\nfont-size:24px;\n}\n<\/style>\n<div  class='av-special-heading av-kl2i92fa-d44df9d605e52703391c8c073bcefa4a av-special-heading-h1 custom-color-heading blockquote elegant-quote elegant-centered  avia-builder-el-2  avia-builder-el-no-sibling  shadow'><h1 class='av-special-heading-tag '  itemprop=\"headline\"  ><span class=\"heading-wrap\">PROFESSIONNEL<\/span><\/h1><div class='av_custom_color av-subheading av-subheading_below'><p>Produits de nettoyage<\/p>\n<\/div><div class=\"special-heading-border\"><div class=\"special-heading-inner-border\"><\/div><\/div><\/div><\/div>\n<\/div><\/div><\/main><!-- close content main element --><\/div><\/div><div id='after_section_1'  class='main_color av_default_container_wrap container_wrap fullsize'  ><div class='container av-section-cont-open' ><div class='template-page content  av-content-full alpha units'><div class='post-entry post-entry-type-page post-entry-11236'><div class='entry-content-wrapper clearfix'>\n\n<style type=\"text\/css\" data-created_by=\"avia_inline_auto\" id=\"style-css-av-cbvcpn-54d1b64839e0263cc7c7094f867d55bc\">\n.flex_column.av-cbvcpn-54d1b64839e0263cc7c7094f867d55bc{\nborder-radius:0px 0px 0px 0px;\npadding:0px 0px 0px 0px;\n}\n<\/style>\n<div  class='flex_column av-cbvcpn-54d1b64839e0263cc7c7094f867d55bc av_one_full  avia-builder-el-3  el_after_av_section  el_before_av_section  avia-builder-el-no-sibling  first flex_column_div av-zero-column-padding  '     ><style type=\"text\/css\" data-created_by=\"avia_inline_auto\" id=\"style-css-av-kl28jx8m-189da4c7ee5a2b56000d519b9b966ed3\">\n#top .av_textblock_section.av-kl28jx8m-189da4c7ee5a2b56000d519b9b966ed3 .avia_textblock{\nfont-size:16px;\n}\n<\/style>\n<section  class='av_textblock_section av-kl28jx8m-189da4c7ee5a2b56000d519b9b966ed3 '   itemscope=\"itemscope\" itemtype=\"https:\/\/schema.org\/CreativeWork\" ><div class='avia_textblock'  itemprop=\"text\" ><h2 style=\"text-align: center;\">La gamme professionnelle Gliptone &#8211; Con\u00e7ue pour les dessinateurs<\/h2>\n<p style=\"text-align: center;\">Pour les professionnels qui appr\u00e9cient chaque d\u00e9tail et qui veulent une gamme de produits qui mettront en valeur leur meilleur travail, \u00e0 chaque fois. L&#8217;\u00e9quipe Gliptone travaille en partenariat avec des d\u00e9taillants dans toute l&#8217;Europe, recueillant des commentaires importants pour s&#8217;assurer que notre gamme professionnelle Gliptone r\u00e9pond \u00e0 vos normes !<\/p>\n<p style=\"text-align: center;\">Contactez-nous d\u00e8s aujourd&#8217;hui et devenez membre de notre r\u00e9seau mondial. Commencez \u00e0 profiter des derni\u00e8res offres et recevez les derni\u00e8res nouvelles de l&#8217;\u00e9quipe Gliptone.<\/p>\n<\/div><\/section><br \/>\n<div  class='avia-button-wrap av-kl2ibg3o-2ab4f1bc15183921b945c20017724d11-wrap avia-button-center  avia-builder-el-5  el_after_av_textblock  avia-builder-el-last '><a href='https:\/\/gliptoneeurope.com\/contact-us\/'  class='avia-button av-kl2ibg3o-2ab4f1bc15183921b945c20017724d11 av-link-btn avia-icon_select-no avia-size-large avia-position-center avia-color-theme-color'   aria-label=\"Nous contacter\"><span class='avia_iconbox_title' >Nous contacter<\/span><\/a><\/div><\/p><\/div><\/div><\/div><\/div><!-- close content main div --><\/div><\/div>\n<style type=\"text\/css\" data-created_by=\"avia_inline_auto\" id=\"style-css-av-kl2dno8h-69c6f166879d0bd9eb40784ac692eb94\">\n.avia-section.av-kl2dno8h-69c6f166879d0bd9eb40784ac692eb94{\nbackground-color:#f5f5f5;\nbackground-image:unset;\n}\n<\/style>\n<div id='av_section_2'  class='avia-section av-kl2dno8h-69c6f166879d0bd9eb40784ac692eb94 main_color avia-section-default avia-no-border-styling  avia-builder-el-6  el_after_av_one_full  avia-builder-el-last  avia-bg-style-scroll container_wrap fullsize'  ><div class='container av-section-cont-open' ><div class='template-page content  av-content-full alpha units'><div class='post-entry post-entry-type-page post-entry-11236'><div class='entry-content-wrapper clearfix'>\n\n<\/p>\n","protected":false},"excerpt":{"rendered":"","protected":false},"author":5,"featured_media":0,"parent":0,"menu_order":0,"comment_status":"closed","ping_status":"closed","template":"","meta":{"footnotes":""},"class_list":["post-11236","page","type-page","status-publish","hentry"],"yoast_head":"<!-- This site is optimized with the Yoast SEO Premium plugin v21.4 (Yoast SEO v27.4) - https:\/\/yoast.com\/product\/yoast-seo-premium-wordpress\/ -->\n<title>Gliptone Europe | Kits de nettoyage et d&#039;esth\u00e9tique automobile professionnels<\/title>\n<meta name=\"description\" content=\"Nous avons des kits de nettoyage de voiture pour chaque professionnel, obtenez vos kits d&#039;esth\u00e9tique automobile en toute confiance aupr\u00e8s de Gliptone Europe. Nettoyez en toute confiance.\" \/>\n<meta name=\"robots\" content=\"index, follow, max-snippet:-1, max-image-preview:large, max-video-preview:-1\" \/>\n<link rel=\"canonical\" href=\"https:\/\/gliptoneeurope.com\/fr\/produits-professionnels\/\" \/>\n<meta property=\"og:locale\" content=\"fr_FR\" \/>\n<meta property=\"og:type\" content=\"article\" \/>\n<meta property=\"og:title\" content=\"Produits Professionnels\" \/>\n<meta property=\"og:url\" content=\"https:\/\/gliptoneeurope.com\/fr\/produits-professionnels\/\" \/>\n<meta property=\"og:site_name\" content=\"Gliptone Europe\" \/>\n<meta property=\"article:publisher\" content=\"https:\/\/www.facebook.com\/gliptoneeurope\/\" \/>\n<meta property=\"article:modified_time\" content=\"2021-11-30T10:27:58+00:00\" \/>\n<meta property=\"og:image\" content=\"https:\/\/gliptoneeurope.com\/wp-content\/uploads\/Gliptone_Logo.png\" \/>\n\t<meta property=\"og:image:width\" content=\"1472\" \/>\n\t<meta property=\"og:image:height\" content=\"607\" \/>\n\t<meta property=\"og:image:type\" content=\"image\/png\" \/>\n<meta name=\"twitter:card\" content=\"summary_large_image\" \/>\n<meta name=\"twitter:label1\" content=\"Dur\u00e9e de lecture estim\u00e9e\" \/>\n\t<meta name=\"twitter:data1\" content=\"4 minutes\" \/>\n<script type=\"application\/ld+json\" class=\"yoast-schema-graph\">{\"@context\":\"https:\\\/\\\/schema.org\",\"@graph\":[{\"@type\":\"WebPage\",\"@id\":\"https:\\\/\\\/gliptoneeurope.com\\\/fr\\\/produits-professionnels\\\/\",\"url\":\"https:\\\/\\\/gliptoneeurope.com\\\/fr\\\/produits-professionnels\\\/\",\"name\":\"Gliptone Europe | Kits de nettoyage et d'esth\u00e9tique automobile professionnels\",\"isPartOf\":{\"@id\":\"https:\\\/\\\/gliptoneeurope.com\\\/#website\"},\"datePublished\":\"2021-11-30T10:27:55+00:00\",\"dateModified\":\"2021-11-30T10:27:58+00:00\",\"description\":\"Nous avons des kits de nettoyage de voiture pour chaque professionnel, obtenez vos kits d'esth\u00e9tique automobile en toute confiance aupr\u00e8s de Gliptone Europe. Nettoyez en toute confiance.\",\"breadcrumb\":{\"@id\":\"https:\\\/\\\/gliptoneeurope.com\\\/fr\\\/produits-professionnels\\\/#breadcrumb\"},\"inLanguage\":\"fr-FR\",\"potentialAction\":[{\"@type\":\"ReadAction\",\"target\":[\"https:\\\/\\\/gliptoneeurope.com\\\/fr\\\/produits-professionnels\\\/\"]}]},{\"@type\":\"BreadcrumbList\",\"@id\":\"https:\\\/\\\/gliptoneeurope.com\\\/fr\\\/produits-professionnels\\\/#breadcrumb\",\"itemListElement\":[{\"@type\":\"ListItem\",\"position\":1,\"name\":\"Home\",\"item\":\"https:\\\/\\\/gliptoneeurope.com\\\/\"},{\"@type\":\"ListItem\",\"position\":2,\"name\":\"Produits Professionnels\"}]},{\"@type\":\"WebSite\",\"@id\":\"https:\\\/\\\/gliptoneeurope.com\\\/#website\",\"url\":\"https:\\\/\\\/gliptoneeurope.com\\\/\",\"name\":\"Gliptone Europe\",\"description\":\"Professional Car Detailing Products\",\"publisher\":{\"@id\":\"https:\\\/\\\/gliptoneeurope.com\\\/#organization\"},\"potentialAction\":[{\"@type\":\"SearchAction\",\"target\":{\"@type\":\"EntryPoint\",\"urlTemplate\":\"https:\\\/\\\/gliptoneeurope.com\\\/?s={search_term_string}\"},\"query-input\":{\"@type\":\"PropertyValueSpecification\",\"valueRequired\":true,\"valueName\":\"search_term_string\"}}],\"inLanguage\":\"fr-FR\"},{\"@type\":\"Organization\",\"@id\":\"https:\\\/\\\/gliptoneeurope.com\\\/#organization\",\"name\":\"Gliptone Europe\",\"url\":\"https:\\\/\\\/gliptoneeurope.com\\\/\",\"logo\":{\"@type\":\"ImageObject\",\"inLanguage\":\"fr-FR\",\"@id\":\"https:\\\/\\\/gliptoneeurope.com\\\/#\\\/schema\\\/logo\\\/image\\\/\",\"url\":\"https:\\\/\\\/gliptoneeurope.com\\\/wp-content\\\/uploads\\\/Gliptone_Logo.png\",\"contentUrl\":\"https:\\\/\\\/gliptoneeurope.com\\\/wp-content\\\/uploads\\\/Gliptone_Logo.png\",\"width\":1472,\"height\":607,\"caption\":\"Gliptone Europe\"},\"image\":{\"@id\":\"https:\\\/\\\/gliptoneeurope.com\\\/#\\\/schema\\\/logo\\\/image\\\/\"},\"sameAs\":[\"https:\\\/\\\/www.facebook.com\\\/gliptoneeurope\\\/\",\"https:\\\/\\\/www.instagram.com\\\/gliptoneeurope\\\/\",\"https:\\\/\\\/www.pinterest.co.uk\\\/GliptoneEurope\\\/\"]}]}<\/script>\n<!-- \/ Yoast SEO Premium plugin. -->","yoast_head_json":{"title":"Gliptone Europe | Kits de nettoyage et d'esth\u00e9tique automobile professionnels","description":"Nous avons des kits de nettoyage de voiture pour chaque professionnel, obtenez vos kits d'esth\u00e9tique automobile en toute confiance aupr\u00e8s de Gliptone Europe. Nettoyez en toute confiance.","robots":{"index":"index","follow":"follow","max-snippet":"max-snippet:-1","max-image-preview":"max-image-preview:large","max-video-preview":"max-video-preview:-1"},"canonical":"https:\/\/gliptoneeurope.com\/fr\/produits-professionnels\/","og_locale":"fr_FR","og_type":"article","og_title":"Produits Professionnels","og_url":"https:\/\/gliptoneeurope.com\/fr\/produits-professionnels\/","og_site_name":"Gliptone Europe","article_publisher":"https:\/\/www.facebook.com\/gliptoneeurope\/","article_modified_time":"2021-11-30T10:27:58+00:00","og_image":[{"width":1472,"height":607,"url":"https:\/\/gliptoneeurope.com\/wp-content\/uploads\/Gliptone_Logo.png","type":"image\/png"}],"twitter_card":"summary_large_image","twitter_misc":{"Dur\u00e9e de lecture estim\u00e9e":"4 minutes"},"schema":{"@context":"https:\/\/schema.org","@graph":[{"@type":"WebPage","@id":"https:\/\/gliptoneeurope.com\/fr\/produits-professionnels\/","url":"https:\/\/gliptoneeurope.com\/fr\/produits-professionnels\/","name":"Gliptone Europe | Kits de nettoyage et d'esth\u00e9tique automobile professionnels","isPartOf":{"@id":"https:\/\/gliptoneeurope.com\/#website"},"datePublished":"2021-11-30T10:27:55+00:00","dateModified":"2021-11-30T10:27:58+00:00","description":"Nous avons des kits de nettoyage de voiture pour chaque professionnel, obtenez vos kits d'esth\u00e9tique automobile en toute confiance aupr\u00e8s de Gliptone Europe. Nettoyez en toute confiance.","breadcrumb":{"@id":"https:\/\/gliptoneeurope.com\/fr\/produits-professionnels\/#breadcrumb"},"inLanguage":"fr-FR","potentialAction":[{"@type":"ReadAction","target":["https:\/\/gliptoneeurope.com\/fr\/produits-professionnels\/"]}]},{"@type":"BreadcrumbList","@id":"https:\/\/gliptoneeurope.com\/fr\/produits-professionnels\/#breadcrumb","itemListElement":[{"@type":"ListItem","position":1,"name":"Home","item":"https:\/\/gliptoneeurope.com\/"},{"@type":"ListItem","position":2,"name":"Produits Professionnels"}]},{"@type":"WebSite","@id":"https:\/\/gliptoneeurope.com\/#website","url":"https:\/\/gliptoneeurope.com\/","name":"Gliptone Europe","description":"Professional Car Detailing Products","publisher":{"@id":"https:\/\/gliptoneeurope.com\/#organization"},"potentialAction":[{"@type":"SearchAction","target":{"@type":"EntryPoint","urlTemplate":"https:\/\/gliptoneeurope.com\/?s={search_term_string}"},"query-input":{"@type":"PropertyValueSpecification","valueRequired":true,"valueName":"search_term_string"}}],"inLanguage":"fr-FR"},{"@type":"Organization","@id":"https:\/\/gliptoneeurope.com\/#organization","name":"Gliptone Europe","url":"https:\/\/gliptoneeurope.com\/","logo":{"@type":"ImageObject","inLanguage":"fr-FR","@id":"https:\/\/gliptoneeurope.com\/#\/schema\/logo\/image\/","url":"https:\/\/gliptoneeurope.com\/wp-content\/uploads\/Gliptone_Logo.png","contentUrl":"https:\/\/gliptoneeurope.com\/wp-content\/uploads\/Gliptone_Logo.png","width":1472,"height":607,"caption":"Gliptone Europe"},"image":{"@id":"https:\/\/gliptoneeurope.com\/#\/schema\/logo\/image\/"},"sameAs":["https:\/\/www.facebook.com\/gliptoneeurope\/","https:\/\/www.instagram.com\/gliptoneeurope\/","https:\/\/www.pinterest.co.uk\/GliptoneEurope\/"]}]}},"_links":{"self":[{"href":"https:\/\/gliptoneeurope.com\/fr\/wp-json\/wp\/v2\/pages\/11236","targetHints":{"allow":["GET"]}}],"collection":[{"href":"https:\/\/gliptoneeurope.com\/fr\/wp-json\/wp\/v2\/pages"}],"about":[{"href":"https:\/\/gliptoneeurope.com\/fr\/wp-json\/wp\/v2\/types\/page"}],"author":[{"embeddable":true,"href":"https:\/\/gliptoneeurope.com\/fr\/wp-json\/wp\/v2\/users\/5"}],"replies":[{"embeddable":true,"href":"https:\/\/gliptoneeurope.com\/fr\/wp-json\/wp\/v2\/comments?post=11236"}],"version-history":[{"count":1,"href":"https:\/\/gliptoneeurope.com\/fr\/wp-json\/wp\/v2\/pages\/11236\/revisions"}],"predecessor-version":[{"id":11247,"href":"https:\/\/gliptoneeurope.com\/fr\/wp-json\/wp\/v2\/pages\/11236\/revisions\/11247"}],"wp:attachment":[{"href":"https:\/\/gliptoneeurope.com\/fr\/wp-json\/wp\/v2\/media?parent=11236"}],"curies":[{"name":"wp","href":"https:\/\/api.w.org\/{rel}","templated":true}]}}