{"id":11216,"date":"2021-11-30T10:27:52","date_gmt":"2021-11-30T10:27:52","guid":{"rendered":"https:\/\/gliptoneeurope.com\/retours-et-remboursements\/"},"modified":"2021-11-30T10:28:00","modified_gmt":"2021-11-30T10:28:00","slug":"retours-et-remboursements","status":"publish","type":"page","link":"https:\/\/gliptoneeurope.com\/fr\/retours-et-remboursements\/","title":{"rendered":"Retours et remboursements"},"content":{"rendered":"<section  class='av_textblock_section av-kl87a7gb-c67ed928f049e7aa1843634fb432af8c '   itemscope=\"itemscope\" itemtype=\"https:\/\/schema.org\/CreativeWork\" ><div class='avia_textblock'  itemprop=\"text\" ><h1>RETOURS ET REMBOURSEMENTS<\/h1>\n<h2><strong>ANNULATION<\/strong><\/h2>\n<p>Si vous devez annuler une commande\u2026<\/p>\n<p>Vous pouvez annuler votre commande dans les 14 jours ouvrables. Pour ce faire, nous avons besoin d&#8217;une notification \u00e9crite de votre intention d&#8217;annuler au plus tard 14 jours apr\u00e8s que la commande a \u00e9t\u00e9 pass\u00e9e. Cela peut \u00eatre sous la forme d&#8217;un e-mail ou d&#8217;une lettre et nous confirmerons la r\u00e9ception de cette notification une fois re\u00e7ue.<\/p>\n<p>Si les marchandises ont d\u00e9j\u00e0 \u00e9t\u00e9 re\u00e7ues et sont en cours de retour, veuillez les renvoyer avec des informations claires d\u00e9taillant par qui elles ont \u00e9t\u00e9 retourn\u00e9es (pour inclure la commande, le num\u00e9ro, le nom et les coordonn\u00e9es). Ceux-ci doivent nous \u00eatre retourn\u00e9s dans les 14 jours suivant la notification de votre intention d&#8217;annuler la commande.<\/p>\n<p>Lors de l&#8217;annulation d&#8217;une commande, vous \u00eates responsable des frais de livraison engag\u00e9s pour retourner les marchandises &#8211; veuillez noter que les a\u00e9rosols peuvent ne pas \u00eatre accept\u00e9s par certains transporteurs.<\/p>\n<p>Les produits fabriqu\u00e9s sur mesure (tels que les produits de couleur assortie) ne peuvent pas \u00eatre annul\u00e9s, mais veuillez noter que cela n&#8217;affecte pas vos droits statutaires (voir ci-dessous). Veuillez contacter notre service client dans un premier temps.<\/p>\n<h2><strong>REMBOURSEMENTS<\/strong><\/h2>\n<p>Si vous avez besoin d&#8217;un remboursement\u2026<\/p>\n<p>Vous avez le droit de retourner vos marchandises pour un remboursement dans les 30 jours suivant leur r\u00e9ception.<\/p>\n<p>Si vous souhaitez retourner un produit parce que vous n&#8217;en voulez plus, vous devrez couvrir les frais de livraison associ\u00e9s au retour de l&#8217;article. Le montant du remboursement sera d\u00e9termin\u00e9 une fois que nous aurons confirm\u00e9 que le produit est en bon \u00e9tat une fois re\u00e7u (les articles doivent \u00eatre inutilis\u00e9s et dans leur emballage d&#8217;origine). Veuillez noter que les a\u00e9rosols, ou les kits contenant des a\u00e9rosols, ne peuvent pas \u00eatre envoy\u00e9s via Royal Mail. Si vous souhaitez plus d&#8217;informations \u00e0 ce sujet, veuillez appeler notre service client.<\/p>\n<p>Les produits fabriqu\u00e9s sur mesure (tels que les produits de couleur assortie) ne peuvent pas \u00eatre rembours\u00e9s, mais veuillez noter que cela n&#8217;affecte pas vos droits statutaires (voir ci-dessous). Veuillez contacter notre service client dans un premier temps.<\/p>\n<p>Droits statutaires &#8211; dans le cas o\u00f9 un produit ne fonctionne pas comme indiqu\u00e9, un remboursement complet sera offert dans les 6 mois suivant l&#8217;achat. Si les marchandises doivent \u00eatre retourn\u00e9es, les frais seront couverts par Gliptone Europe.<\/p>\n<p>Veuillez noter que si un produit ne fonctionne pas parce qu&#8217;il a \u00e9t\u00e9 utilis\u00e9 sur le mauvais type de cuir, nous ne pouvons en assumer la responsabilit\u00e9. En cas de doute, notre service client se fera un plaisir de vous conseiller sur tous les aspects de l&#8217;entretien du cuir et sur les produits adapt\u00e9s.<\/p>\n<\/div><\/section>\n","protected":false},"excerpt":{"rendered":"","protected":false},"author":5,"featured_media":0,"parent":0,"menu_order":93,"comment_status":"closed","ping_status":"closed","template":"","meta":{"footnotes":""},"class_list":["post-11216","page","type-page","status-publish","hentry"],"yoast_head":"<!-- This site is optimized with the Yoast SEO Premium plugin v21.4 (Yoast SEO v27.4) - https:\/\/yoast.com\/product\/yoast-seo-premium-wordpress\/ -->\n<title>Gliptone Europe | Produits de detailing pour le detailer professionnel<\/title>\n<meta name=\"description\" content=\"Commandez aujourd&#039;hui et voyez par vous-m\u00eame pourquoi Gliptone est utilis\u00e9 par les meilleurs d\u00e9taillants du monde entier...\" \/>\n<meta name=\"robots\" content=\"index, follow, max-snippet:-1, max-image-preview:large, max-video-preview:-1\" \/>\n<link rel=\"canonical\" href=\"https:\/\/gliptoneeurope.com\/fr\/retours-et-remboursements\/\" \/>\n<meta property=\"og:locale\" content=\"fr_FR\" \/>\n<meta property=\"og:type\" content=\"article\" \/>\n<meta property=\"og:title\" content=\"Retours et remboursements\" \/>\n<meta property=\"og:url\" content=\"https:\/\/gliptoneeurope.com\/fr\/retours-et-remboursements\/\" \/>\n<meta property=\"og:site_name\" content=\"Gliptone Europe\" \/>\n<meta property=\"article:publisher\" content=\"https:\/\/www.facebook.com\/gliptoneeurope\/\" \/>\n<meta property=\"article:modified_time\" content=\"2021-11-30T10:28:00+00:00\" \/>\n<meta property=\"og:image\" content=\"https:\/\/gliptoneeurope.com\/wp-content\/uploads\/Gliptone_Logo.png\" \/>\n\t<meta property=\"og:image:width\" content=\"1472\" \/>\n\t<meta property=\"og:image:height\" content=\"607\" \/>\n\t<meta property=\"og:image:type\" content=\"image\/png\" \/>\n<meta name=\"twitter:card\" content=\"summary_large_image\" \/>\n<meta name=\"twitter:label1\" content=\"Dur\u00e9e de lecture estim\u00e9e\" \/>\n\t<meta name=\"twitter:data1\" content=\"2 minutes\" \/>\n<script type=\"application\/ld+json\" class=\"yoast-schema-graph\">{\"@context\":\"https:\\\/\\\/schema.org\",\"@graph\":[{\"@type\":\"WebPage\",\"@id\":\"https:\\\/\\\/gliptoneeurope.com\\\/fr\\\/retours-et-remboursements\\\/\",\"url\":\"https:\\\/\\\/gliptoneeurope.com\\\/fr\\\/retours-et-remboursements\\\/\",\"name\":\"Gliptone Europe | Produits de detailing pour le detailer professionnel\",\"isPartOf\":{\"@id\":\"https:\\\/\\\/gliptoneeurope.com\\\/#website\"},\"datePublished\":\"2021-11-30T10:27:52+00:00\",\"dateModified\":\"2021-11-30T10:28:00+00:00\",\"description\":\"Commandez aujourd'hui et voyez par vous-m\u00eame pourquoi Gliptone est utilis\u00e9 par les meilleurs d\u00e9taillants du monde entier...\",\"breadcrumb\":{\"@id\":\"https:\\\/\\\/gliptoneeurope.com\\\/fr\\\/retours-et-remboursements\\\/#breadcrumb\"},\"inLanguage\":\"fr-FR\",\"potentialAction\":[{\"@type\":\"ReadAction\",\"target\":[\"https:\\\/\\\/gliptoneeurope.com\\\/fr\\\/retours-et-remboursements\\\/\"]}]},{\"@type\":\"BreadcrumbList\",\"@id\":\"https:\\\/\\\/gliptoneeurope.com\\\/fr\\\/retours-et-remboursements\\\/#breadcrumb\",\"itemListElement\":[{\"@type\":\"ListItem\",\"position\":1,\"name\":\"Home\",\"item\":\"https:\\\/\\\/gliptoneeurope.com\\\/\"},{\"@type\":\"ListItem\",\"position\":2,\"name\":\"Retours et remboursements\"}]},{\"@type\":\"WebSite\",\"@id\":\"https:\\\/\\\/gliptoneeurope.com\\\/#website\",\"url\":\"https:\\\/\\\/gliptoneeurope.com\\\/\",\"name\":\"Gliptone Europe\",\"description\":\"Professional Car Detailing Products\",\"publisher\":{\"@id\":\"https:\\\/\\\/gliptoneeurope.com\\\/#organization\"},\"potentialAction\":[{\"@type\":\"SearchAction\",\"target\":{\"@type\":\"EntryPoint\",\"urlTemplate\":\"https:\\\/\\\/gliptoneeurope.com\\\/?s={search_term_string}\"},\"query-input\":{\"@type\":\"PropertyValueSpecification\",\"valueRequired\":true,\"valueName\":\"search_term_string\"}}],\"inLanguage\":\"fr-FR\"},{\"@type\":\"Organization\",\"@id\":\"https:\\\/\\\/gliptoneeurope.com\\\/#organization\",\"name\":\"Gliptone Europe\",\"url\":\"https:\\\/\\\/gliptoneeurope.com\\\/\",\"logo\":{\"@type\":\"ImageObject\",\"inLanguage\":\"fr-FR\",\"@id\":\"https:\\\/\\\/gliptoneeurope.com\\\/#\\\/schema\\\/logo\\\/image\\\/\",\"url\":\"https:\\\/\\\/gliptoneeurope.com\\\/wp-content\\\/uploads\\\/Gliptone_Logo.png\",\"contentUrl\":\"https:\\\/\\\/gliptoneeurope.com\\\/wp-content\\\/uploads\\\/Gliptone_Logo.png\",\"width\":1472,\"height\":607,\"caption\":\"Gliptone Europe\"},\"image\":{\"@id\":\"https:\\\/\\\/gliptoneeurope.com\\\/#\\\/schema\\\/logo\\\/image\\\/\"},\"sameAs\":[\"https:\\\/\\\/www.facebook.com\\\/gliptoneeurope\\\/\",\"https:\\\/\\\/www.instagram.com\\\/gliptoneeurope\\\/\",\"https:\\\/\\\/www.pinterest.co.uk\\\/GliptoneEurope\\\/\"]}]}<\/script>\n<!-- \/ Yoast SEO Premium plugin. -->","yoast_head_json":{"title":"Gliptone Europe | Produits de detailing pour le detailer professionnel","description":"Commandez aujourd'hui et voyez par vous-m\u00eame pourquoi Gliptone est utilis\u00e9 par les meilleurs d\u00e9taillants du monde entier...","robots":{"index":"index","follow":"follow","max-snippet":"max-snippet:-1","max-image-preview":"max-image-preview:large","max-video-preview":"max-video-preview:-1"},"canonical":"https:\/\/gliptoneeurope.com\/fr\/retours-et-remboursements\/","og_locale":"fr_FR","og_type":"article","og_title":"Retours et remboursements","og_url":"https:\/\/gliptoneeurope.com\/fr\/retours-et-remboursements\/","og_site_name":"Gliptone Europe","article_publisher":"https:\/\/www.facebook.com\/gliptoneeurope\/","article_modified_time":"2021-11-30T10:28:00+00:00","og_image":[{"width":1472,"height":607,"url":"https:\/\/gliptoneeurope.com\/wp-content\/uploads\/Gliptone_Logo.png","type":"image\/png"}],"twitter_card":"summary_large_image","twitter_misc":{"Dur\u00e9e de lecture estim\u00e9e":"2 minutes"},"schema":{"@context":"https:\/\/schema.org","@graph":[{"@type":"WebPage","@id":"https:\/\/gliptoneeurope.com\/fr\/retours-et-remboursements\/","url":"https:\/\/gliptoneeurope.com\/fr\/retours-et-remboursements\/","name":"Gliptone Europe | Produits de detailing pour le detailer professionnel","isPartOf":{"@id":"https:\/\/gliptoneeurope.com\/#website"},"datePublished":"2021-11-30T10:27:52+00:00","dateModified":"2021-11-30T10:28:00+00:00","description":"Commandez aujourd'hui et voyez par vous-m\u00eame pourquoi Gliptone est utilis\u00e9 par les meilleurs d\u00e9taillants du monde entier...","breadcrumb":{"@id":"https:\/\/gliptoneeurope.com\/fr\/retours-et-remboursements\/#breadcrumb"},"inLanguage":"fr-FR","potentialAction":[{"@type":"ReadAction","target":["https:\/\/gliptoneeurope.com\/fr\/retours-et-remboursements\/"]}]},{"@type":"BreadcrumbList","@id":"https:\/\/gliptoneeurope.com\/fr\/retours-et-remboursements\/#breadcrumb","itemListElement":[{"@type":"ListItem","position":1,"name":"Home","item":"https:\/\/gliptoneeurope.com\/"},{"@type":"ListItem","position":2,"name":"Retours et remboursements"}]},{"@type":"WebSite","@id":"https:\/\/gliptoneeurope.com\/#website","url":"https:\/\/gliptoneeurope.com\/","name":"Gliptone Europe","description":"Professional Car Detailing Products","publisher":{"@id":"https:\/\/gliptoneeurope.com\/#organization"},"potentialAction":[{"@type":"SearchAction","target":{"@type":"EntryPoint","urlTemplate":"https:\/\/gliptoneeurope.com\/?s={search_term_string}"},"query-input":{"@type":"PropertyValueSpecification","valueRequired":true,"valueName":"search_term_string"}}],"inLanguage":"fr-FR"},{"@type":"Organization","@id":"https:\/\/gliptoneeurope.com\/#organization","name":"Gliptone Europe","url":"https:\/\/gliptoneeurope.com\/","logo":{"@type":"ImageObject","inLanguage":"fr-FR","@id":"https:\/\/gliptoneeurope.com\/#\/schema\/logo\/image\/","url":"https:\/\/gliptoneeurope.com\/wp-content\/uploads\/Gliptone_Logo.png","contentUrl":"https:\/\/gliptoneeurope.com\/wp-content\/uploads\/Gliptone_Logo.png","width":1472,"height":607,"caption":"Gliptone Europe"},"image":{"@id":"https:\/\/gliptoneeurope.com\/#\/schema\/logo\/image\/"},"sameAs":["https:\/\/www.facebook.com\/gliptoneeurope\/","https:\/\/www.instagram.com\/gliptoneeurope\/","https:\/\/www.pinterest.co.uk\/GliptoneEurope\/"]}]}},"_links":{"self":[{"href":"https:\/\/gliptoneeurope.com\/fr\/wp-json\/wp\/v2\/pages\/11216","targetHints":{"allow":["GET"]}}],"collection":[{"href":"https:\/\/gliptoneeurope.com\/fr\/wp-json\/wp\/v2\/pages"}],"about":[{"href":"https:\/\/gliptoneeurope.com\/fr\/wp-json\/wp\/v2\/types\/page"}],"author":[{"embeddable":true,"href":"https:\/\/gliptoneeurope.com\/fr\/wp-json\/wp\/v2\/users\/5"}],"replies":[{"embeddable":true,"href":"https:\/\/gliptoneeurope.com\/fr\/wp-json\/wp\/v2\/comments?post=11216"}],"version-history":[{"count":5,"href":"https:\/\/gliptoneeurope.com\/fr\/wp-json\/wp\/v2\/pages\/11216\/revisions"}],"predecessor-version":[{"id":11271,"href":"https:\/\/gliptoneeurope.com\/fr\/wp-json\/wp\/v2\/pages\/11216\/revisions\/11271"}],"wp:attachment":[{"href":"https:\/\/gliptoneeurope.com\/fr\/wp-json\/wp\/v2\/media?parent=11216"}],"curies":[{"name":"wp","href":"https:\/\/api.w.org\/{rel}","templated":true}]}}