{"id":11215,"date":"2021-11-30T10:27:52","date_gmt":"2021-11-30T10:27:52","guid":{"rendered":"https:\/\/gliptoneeurope.com\/echanger\/"},"modified":"2021-11-30T10:27:58","modified_gmt":"2021-11-30T10:27:58","slug":"echanger","status":"publish","type":"page","link":"https:\/\/gliptoneeurope.com\/fr\/echanger\/","title":{"rendered":"\u00c9changer"},"content":{"rendered":"\n<style type=\"text\/css\" data-created_by=\"avia_inline_auto\" id=\"style-css-av-kl28d86g-6bc07cd7dc145b574bcc7505eb4ed27a\">\n.avia-section.av-kl28d86g-6bc07cd7dc145b574bcc7505eb4ed27a .av-parallax .av-parallax-inner{\nbackground-repeat:no-repeat;\nbackground-image:url(https:\/\/gliptoneeurope.com\/wp-content\/uploads\/Trade-25.jpg);\nbackground-position:50% 50%;\nbackground-attachment:scroll;\n}\n<\/style>\n<div id='av_section_1'  class='avia-section av-kl28d86g-6bc07cd7dc145b574bcc7505eb4ed27a main_color avia-section-default avia-no-border-styling  avia-builder-el-0  el_before_av_one_full  avia-builder-el-first  avia-full-stretch av-parallax-section avia-bg-style-parallax av-minimum-height av-minimum-height-50 av-height-50  container_wrap fullsize'  data-section-bg-repeat='stretch' data-av_minimum_height_pc='50' data-av_min_height_opt='50'><div class='av-parallax' data-avia-parallax-ratio='0.3' ><div class='av-parallax-inner main_color avia-full-stretch'><\/div><\/div><div class='container av-section-cont-open' ><main  role=\"main\" itemprop=\"mainContentOfPage\"  class='template-page content  av-content-full alpha units'><div class='post-entry post-entry-type-page post-entry-11215'><div class='entry-content-wrapper clearfix'>\n\n<style type=\"text\/css\" data-created_by=\"avia_inline_auto\" id=\"style-css-av-1d2e1n-ea0ff86f24d0eb62b3078ce1bb0ab849\">\n.flex_column.av-1d2e1n-ea0ff86f24d0eb62b3078ce1bb0ab849{\nborder-radius:0px 0px 0px 0px;\npadding:0px 0px 0px 0px;\n}\n<\/style>\n<div  class='flex_column av-1d2e1n-ea0ff86f24d0eb62b3078ce1bb0ab849 av_one_full  avia-builder-el-1  avia-builder-el-no-sibling  first flex_column_div av-zero-column-padding  '     ><style type=\"text\/css\" data-created_by=\"avia_inline_auto\" id=\"style-css-av-kl2ih4rw-e218f5d585b5d8b60c94105f6e13aa96\">\n#top .av-special-heading.av-kl2ih4rw-e218f5d585b5d8b60c94105f6e13aa96{\npadding-bottom:10px;\ncolor:#ffffff;\n}\nbody .av-special-heading.av-kl2ih4rw-e218f5d585b5d8b60c94105f6e13aa96 .av-special-heading-tag .heading-char{\nfont-size:25px;\n}\n.av-special-heading.av-kl2ih4rw-e218f5d585b5d8b60c94105f6e13aa96 .special-heading-inner-border{\nborder-color:#ffffff;\n}\n.av-special-heading.av-kl2ih4rw-e218f5d585b5d8b60c94105f6e13aa96 .av-subheading{\nfont-size:24px;\n}\n<\/style>\n<div  class='av-special-heading av-kl2ih4rw-e218f5d585b5d8b60c94105f6e13aa96 av-special-heading-h1 custom-color-heading blockquote elegant-quote elegant-centered  avia-builder-el-2  avia-builder-el-no-sibling  shadow'><h1 class='av-special-heading-tag '  itemprop=\"headline\"  ><span class=\"heading-wrap\">DANS LE COMMERCE ?<\/span><\/h1><div class=\"special-heading-border\"><div class=\"special-heading-inner-border\"><\/div><\/div><\/div><\/div>\n<\/div><\/div><\/main><!-- close content main element --><\/div><\/div><div id='after_section_1'  class='main_color av_default_container_wrap container_wrap fullsize'  ><div class='container av-section-cont-open' ><div class='template-page content  av-content-full alpha units'><div class='post-entry post-entry-type-page post-entry-11215'><div class='entry-content-wrapper clearfix'>\n\n<style type=\"text\/css\" data-created_by=\"avia_inline_auto\" id=\"style-css-av-cbvcpn-54d1b64839e0263cc7c7094f867d55bc\">\n.flex_column.av-cbvcpn-54d1b64839e0263cc7c7094f867d55bc{\nborder-radius:0px 0px 0px 0px;\npadding:0px 0px 0px 0px;\n}\n<\/style>\n<div  class='flex_column av-cbvcpn-54d1b64839e0263cc7c7094f867d55bc av_one_full  avia-builder-el-3  el_after_av_section  el_before_av_one_full  avia-builder-el-first  first flex_column_div av-zero-column-padding  '     ><style type=\"text\/css\" data-created_by=\"avia_inline_auto\" id=\"style-css-av-kl28jx8m-58668288bf7f69e2035db03bbe6f7b16\">\n#top .av_textblock_section.av-kl28jx8m-58668288bf7f69e2035db03bbe6f7b16 .avia_textblock{\nfont-size:18px;\n}\n<\/style>\n<section  class='av_textblock_section av-kl28jx8m-58668288bf7f69e2035db03bbe6f7b16 '   itemscope=\"itemscope\" itemtype=\"https:\/\/schema.org\/CreativeWork\" ><div class='avia_textblock'  itemprop=\"text\" ><h2 style=\"text-align: center;\">APPLIQU\u00c9 AVEC FIERT\u00c9<\/h2>\n<\/div><\/section><\/div>\n\n<style type=\"text\/css\" data-created_by=\"avia_inline_auto\" id=\"style-css-av-2apfch-0a4ac25dfdb1884c6f6ffad6dcff5f5f\">\n.flex_column.av-2apfch-0a4ac25dfdb1884c6f6ffad6dcff5f5f{\nborder-radius:0px 0px 0px 0px;\npadding:0px 10% 0px 10%;\n}\n<\/style>\n<div  class='flex_column av-2apfch-0a4ac25dfdb1884c6f6ffad6dcff5f5f av_one_full  avia-builder-el-5  el_after_av_one_full  el_before_av_one_full  first flex_column_div  column-top-margin'     ><style type=\"text\/css\" data-created_by=\"avia_inline_auto\" id=\"style-css-av-kl2imu7m-cac9c5e300d2751981e6e5ac0ea7d38d\">\n#top .av_textblock_section.av-kl2imu7m-cac9c5e300d2751981e6e5ac0ea7d38d .avia_textblock{\nfont-size:16px;\n}\n<\/style>\n<section  class='av_textblock_section av-kl2imu7m-cac9c5e300d2751981e6e5ac0ea7d38d '   itemscope=\"itemscope\" itemtype=\"https:\/\/schema.org\/CreativeWork\" ><div class='avia_textblock'  itemprop=\"text\" ><p style=\"text-align: center;\">Nous travaillons en partenariat avec le commerce, les revendeurs et les d\u00e9taillants pour aider \u00e0 offrir \u00e0 vos clients la meilleure s\u00e9lection de produits d&#8217;esth\u00e9tique automobile de qualit\u00e9. Avec un pedigree solide construit sur 70 ans, Gliptone est maintenant disponible en Europe. Pour faire partie de notre r\u00e9seau commercial, veuillez remplir le formulaire ci-dessous et notre \u00e9quipe vous contactera pour plus d&#8217;informations.<\/p>\n<\/div><\/section><br \/>\n\n<style type=\"text\/css\" data-created_by=\"avia_inline_auto\" id=\"style-css-av-kl2ijgfh-c56e6bfeedc3c3596d167e73ff8f947f\">\n.avia-image-container.av-kl2ijgfh-c56e6bfeedc3c3596d167e73ff8f947f img.avia_image{\nbox-shadow:none;\n}\n.avia-image-container.av-kl2ijgfh-c56e6bfeedc3c3596d167e73ff8f947f .av-image-caption-overlay-center{\ncolor:#ffffff;\n}\n<\/style>\n<div  class='avia-image-container av-kl2ijgfh-c56e6bfeedc3c3596d167e73ff8f947f av-styling- avia-align-center  avia-builder-el-7  el_after_av_textblock  el_before_av_textblock '   itemprop=\"image\" itemscope=\"itemscope\" itemtype=\"https:\/\/schema.org\/ImageObject\" ><div class=\"avia-image-container-inner\"><div class=\"avia-image-overlay-wrap\"><img decoding=\"async\" fetchpriority=\"high\" class='wp-image-10504 avia-img-lazy-loading-not-10504 avia_image ' src=\"https:\/\/gliptoneeurope.com\/wp-content\/uploads\/Gliptone_Products.png\" alt='' title='Gliptone_Produits'  height=\"853\" width=\"2362\"  itemprop=\"thumbnailUrl\" srcset=\"https:\/\/gliptoneeurope.com\/wp-content\/uploads\/Gliptone_Products.png 2362w, https:\/\/gliptoneeurope.com\/wp-content\/uploads\/Gliptone_Products-300x108.png 300w, https:\/\/gliptoneeurope.com\/wp-content\/uploads\/Gliptone_Products-1024x370.png 1024w, https:\/\/gliptoneeurope.com\/wp-content\/uploads\/Gliptone_Products-768x277.png 768w, https:\/\/gliptoneeurope.com\/wp-content\/uploads\/Gliptone_Products-1536x555.png 1536w, https:\/\/gliptoneeurope.com\/wp-content\/uploads\/Gliptone_Products-2048x740.png 2048w, https:\/\/gliptoneeurope.com\/wp-content\/uploads\/Gliptone_Products-1500x542.png 1500w, https:\/\/gliptoneeurope.com\/wp-content\/uploads\/Gliptone_Products-705x255.png 705w, https:\/\/gliptoneeurope.com\/wp-content\/uploads\/Gliptone_Products-600x217.png 600w\" sizes=\"(max-width: 2362px) 100vw, 2362px\" \/><\/div><\/div><\/div><br \/>\n<section  class='av_textblock_section av-kl2ik0gr-c8d5bd0d72c6136e60f542743777f743 '   itemscope=\"itemscope\" itemtype=\"https:\/\/schema.org\/CreativeWork\" ><div class='avia_textblock'  itemprop=\"text\" ><h3 style=\"text-align: center;\">Veuillez remplir le formulaire ci-dessous et nous parler un peu de votre organisation afin que nous puissions vous aider.<\/h3>\n<h3 style=\"text-align: center;\">Un membre de notre \u00e9quipe vous recontactera.<\/h3>\n<\/div><\/section><\/p><\/div>\n<style type=\"text\/css\" data-created_by=\"avia_inline_auto\" id=\"style-css-av-2a47gh-87b576079a20dbd3e2602dc2de49b8bd\">\n.flex_column.av-2a47gh-87b576079a20dbd3e2602dc2de49b8bd{\nborder-radius:0px 0px 0px 0px;\npadding:0px 10% 0px 10%;\n}\n<\/style>\n<div  class='flex_column av-2a47gh-87b576079a20dbd3e2602dc2de49b8bd av_one_full  avia-builder-el-9  el_after_av_one_full  avia-builder-el-last  first flex_column_div  column-top-margin'     ><\/div><\/p>\n","protected":false},"excerpt":{"rendered":"","protected":false},"author":5,"featured_media":0,"parent":0,"menu_order":0,"comment_status":"closed","ping_status":"closed","template":"","meta":{"footnotes":""},"class_list":["post-11215","page","type-page","status-publish","hentry"],"yoast_head":"<!-- This site is optimized with the Yoast SEO Premium plugin v21.4 (Yoast SEO v27.4) - https:\/\/yoast.com\/product\/yoast-seo-premium-wordpress\/ -->\n<title>Gliptone Europe | Produits de detailing pour le detailer professionnel<\/title>\n<meta name=\"description\" content=\"Nous travaillons en partenariat avec le commerce, les revendeurs et les d\u00e9taillants pour aider \u00e0 offrir \u00e0 vos clients la meilleure s\u00e9lection de produits d&#039;esth\u00e9tique automobile de qualit\u00e9.\" \/>\n<meta name=\"robots\" content=\"index, follow, max-snippet:-1, max-image-preview:large, max-video-preview:-1\" \/>\n<link rel=\"canonical\" href=\"https:\/\/gliptoneeurope.com\/fr\/echanger\/\" \/>\n<meta property=\"og:locale\" content=\"fr_FR\" \/>\n<meta property=\"og:type\" content=\"article\" \/>\n<meta property=\"og:title\" content=\"\u00c9changer\" \/>\n<meta property=\"og:url\" content=\"https:\/\/gliptoneeurope.com\/fr\/echanger\/\" \/>\n<meta property=\"og:site_name\" content=\"Gliptone Europe\" \/>\n<meta property=\"article:publisher\" content=\"https:\/\/www.facebook.com\/gliptoneeurope\/\" \/>\n<meta property=\"article:modified_time\" content=\"2021-11-30T10:27:58+00:00\" \/>\n<meta property=\"og:image\" content=\"https:\/\/gliptoneeurope.com\/wp-content\/uploads\/Gliptone_Logo.png\" \/>\n\t<meta property=\"og:image:width\" content=\"1472\" \/>\n\t<meta property=\"og:image:height\" content=\"607\" \/>\n\t<meta property=\"og:image:type\" content=\"image\/png\" \/>\n<meta name=\"twitter:card\" content=\"summary_large_image\" \/>\n<meta name=\"twitter:label1\" content=\"Dur\u00e9e de lecture estim\u00e9e\" \/>\n\t<meta name=\"twitter:data1\" content=\"5 minutes\" \/>\n<script type=\"application\/ld+json\" class=\"yoast-schema-graph\">{\"@context\":\"https:\\\/\\\/schema.org\",\"@graph\":[{\"@type\":\"WebPage\",\"@id\":\"https:\\\/\\\/gliptoneeurope.com\\\/fr\\\/echanger\\\/\",\"url\":\"https:\\\/\\\/gliptoneeurope.com\\\/fr\\\/echanger\\\/\",\"name\":\"Gliptone Europe | Produits de detailing pour le detailer professionnel\",\"isPartOf\":{\"@id\":\"https:\\\/\\\/gliptoneeurope.com\\\/#website\"},\"datePublished\":\"2021-11-30T10:27:52+00:00\",\"dateModified\":\"2021-11-30T10:27:58+00:00\",\"description\":\"Nous travaillons en partenariat avec le commerce, les revendeurs et les d\u00e9taillants pour aider \u00e0 offrir \u00e0 vos clients la meilleure s\u00e9lection de produits d'esth\u00e9tique automobile de qualit\u00e9.\",\"breadcrumb\":{\"@id\":\"https:\\\/\\\/gliptoneeurope.com\\\/fr\\\/echanger\\\/#breadcrumb\"},\"inLanguage\":\"fr-FR\",\"potentialAction\":[{\"@type\":\"ReadAction\",\"target\":[\"https:\\\/\\\/gliptoneeurope.com\\\/fr\\\/echanger\\\/\"]}]},{\"@type\":\"BreadcrumbList\",\"@id\":\"https:\\\/\\\/gliptoneeurope.com\\\/fr\\\/echanger\\\/#breadcrumb\",\"itemListElement\":[{\"@type\":\"ListItem\",\"position\":1,\"name\":\"Home\",\"item\":\"https:\\\/\\\/gliptoneeurope.com\\\/\"},{\"@type\":\"ListItem\",\"position\":2,\"name\":\"\u00c9changer\"}]},{\"@type\":\"WebSite\",\"@id\":\"https:\\\/\\\/gliptoneeurope.com\\\/#website\",\"url\":\"https:\\\/\\\/gliptoneeurope.com\\\/\",\"name\":\"Gliptone Europe\",\"description\":\"Professional Car Detailing Products\",\"publisher\":{\"@id\":\"https:\\\/\\\/gliptoneeurope.com\\\/#organization\"},\"potentialAction\":[{\"@type\":\"SearchAction\",\"target\":{\"@type\":\"EntryPoint\",\"urlTemplate\":\"https:\\\/\\\/gliptoneeurope.com\\\/?s={search_term_string}\"},\"query-input\":{\"@type\":\"PropertyValueSpecification\",\"valueRequired\":true,\"valueName\":\"search_term_string\"}}],\"inLanguage\":\"fr-FR\"},{\"@type\":\"Organization\",\"@id\":\"https:\\\/\\\/gliptoneeurope.com\\\/#organization\",\"name\":\"Gliptone Europe\",\"url\":\"https:\\\/\\\/gliptoneeurope.com\\\/\",\"logo\":{\"@type\":\"ImageObject\",\"inLanguage\":\"fr-FR\",\"@id\":\"https:\\\/\\\/gliptoneeurope.com\\\/#\\\/schema\\\/logo\\\/image\\\/\",\"url\":\"https:\\\/\\\/gliptoneeurope.com\\\/wp-content\\\/uploads\\\/Gliptone_Logo.png\",\"contentUrl\":\"https:\\\/\\\/gliptoneeurope.com\\\/wp-content\\\/uploads\\\/Gliptone_Logo.png\",\"width\":1472,\"height\":607,\"caption\":\"Gliptone Europe\"},\"image\":{\"@id\":\"https:\\\/\\\/gliptoneeurope.com\\\/#\\\/schema\\\/logo\\\/image\\\/\"},\"sameAs\":[\"https:\\\/\\\/www.facebook.com\\\/gliptoneeurope\\\/\",\"https:\\\/\\\/www.instagram.com\\\/gliptoneeurope\\\/\",\"https:\\\/\\\/www.pinterest.co.uk\\\/GliptoneEurope\\\/\"]}]}<\/script>\n<!-- \/ Yoast SEO Premium plugin. -->","yoast_head_json":{"title":"Gliptone Europe | Produits de detailing pour le detailer professionnel","description":"Nous travaillons en partenariat avec le commerce, les revendeurs et les d\u00e9taillants pour aider \u00e0 offrir \u00e0 vos clients la meilleure s\u00e9lection de produits d'esth\u00e9tique automobile de qualit\u00e9.","robots":{"index":"index","follow":"follow","max-snippet":"max-snippet:-1","max-image-preview":"max-image-preview:large","max-video-preview":"max-video-preview:-1"},"canonical":"https:\/\/gliptoneeurope.com\/fr\/echanger\/","og_locale":"fr_FR","og_type":"article","og_title":"\u00c9changer","og_url":"https:\/\/gliptoneeurope.com\/fr\/echanger\/","og_site_name":"Gliptone Europe","article_publisher":"https:\/\/www.facebook.com\/gliptoneeurope\/","article_modified_time":"2021-11-30T10:27:58+00:00","og_image":[{"width":1472,"height":607,"url":"https:\/\/gliptoneeurope.com\/wp-content\/uploads\/Gliptone_Logo.png","type":"image\/png"}],"twitter_card":"summary_large_image","twitter_misc":{"Dur\u00e9e de lecture estim\u00e9e":"5 minutes"},"schema":{"@context":"https:\/\/schema.org","@graph":[{"@type":"WebPage","@id":"https:\/\/gliptoneeurope.com\/fr\/echanger\/","url":"https:\/\/gliptoneeurope.com\/fr\/echanger\/","name":"Gliptone Europe | Produits de detailing pour le detailer professionnel","isPartOf":{"@id":"https:\/\/gliptoneeurope.com\/#website"},"datePublished":"2021-11-30T10:27:52+00:00","dateModified":"2021-11-30T10:27:58+00:00","description":"Nous travaillons en partenariat avec le commerce, les revendeurs et les d\u00e9taillants pour aider \u00e0 offrir \u00e0 vos clients la meilleure s\u00e9lection de produits d'esth\u00e9tique automobile de qualit\u00e9.","breadcrumb":{"@id":"https:\/\/gliptoneeurope.com\/fr\/echanger\/#breadcrumb"},"inLanguage":"fr-FR","potentialAction":[{"@type":"ReadAction","target":["https:\/\/gliptoneeurope.com\/fr\/echanger\/"]}]},{"@type":"BreadcrumbList","@id":"https:\/\/gliptoneeurope.com\/fr\/echanger\/#breadcrumb","itemListElement":[{"@type":"ListItem","position":1,"name":"Home","item":"https:\/\/gliptoneeurope.com\/"},{"@type":"ListItem","position":2,"name":"\u00c9changer"}]},{"@type":"WebSite","@id":"https:\/\/gliptoneeurope.com\/#website","url":"https:\/\/gliptoneeurope.com\/","name":"Gliptone Europe","description":"Professional Car Detailing Products","publisher":{"@id":"https:\/\/gliptoneeurope.com\/#organization"},"potentialAction":[{"@type":"SearchAction","target":{"@type":"EntryPoint","urlTemplate":"https:\/\/gliptoneeurope.com\/?s={search_term_string}"},"query-input":{"@type":"PropertyValueSpecification","valueRequired":true,"valueName":"search_term_string"}}],"inLanguage":"fr-FR"},{"@type":"Organization","@id":"https:\/\/gliptoneeurope.com\/#organization","name":"Gliptone Europe","url":"https:\/\/gliptoneeurope.com\/","logo":{"@type":"ImageObject","inLanguage":"fr-FR","@id":"https:\/\/gliptoneeurope.com\/#\/schema\/logo\/image\/","url":"https:\/\/gliptoneeurope.com\/wp-content\/uploads\/Gliptone_Logo.png","contentUrl":"https:\/\/gliptoneeurope.com\/wp-content\/uploads\/Gliptone_Logo.png","width":1472,"height":607,"caption":"Gliptone Europe"},"image":{"@id":"https:\/\/gliptoneeurope.com\/#\/schema\/logo\/image\/"},"sameAs":["https:\/\/www.facebook.com\/gliptoneeurope\/","https:\/\/www.instagram.com\/gliptoneeurope\/","https:\/\/www.pinterest.co.uk\/GliptoneEurope\/"]}]}},"_links":{"self":[{"href":"https:\/\/gliptoneeurope.com\/fr\/wp-json\/wp\/v2\/pages\/11215","targetHints":{"allow":["GET"]}}],"collection":[{"href":"https:\/\/gliptoneeurope.com\/fr\/wp-json\/wp\/v2\/pages"}],"about":[{"href":"https:\/\/gliptoneeurope.com\/fr\/wp-json\/wp\/v2\/types\/page"}],"author":[{"embeddable":true,"href":"https:\/\/gliptoneeurope.com\/fr\/wp-json\/wp\/v2\/users\/5"}],"replies":[{"embeddable":true,"href":"https:\/\/gliptoneeurope.com\/fr\/wp-json\/wp\/v2\/comments?post=11215"}],"version-history":[{"count":1,"href":"https:\/\/gliptoneeurope.com\/fr\/wp-json\/wp\/v2\/pages\/11215\/revisions"}],"predecessor-version":[{"id":11220,"href":"https:\/\/gliptoneeurope.com\/fr\/wp-json\/wp\/v2\/pages\/11215\/revisions\/11220"}],"wp:attachment":[{"href":"https:\/\/gliptoneeurope.com\/fr\/wp-json\/wp\/v2\/media?parent=11215"}],"curies":[{"name":"wp","href":"https:\/\/api.w.org\/{rel}","templated":true}]}}