{"id":11212,"date":"2021-11-30T10:27:51","date_gmt":"2021-11-30T10:27:51","guid":{"rendered":"https:\/\/gliptoneeurope.com\/compartiment-moteur\/"},"modified":"2024-01-11T22:26:38","modified_gmt":"2024-01-11T22:26:38","slug":"compartiment-moteur","status":"publish","type":"page","link":"https:\/\/gliptoneeurope.com\/fr\/compartiment-moteur\/","title":{"rendered":"Compartiment moteur"},"content":{"rendered":"\n<style type=\"text\/css\" data-created_by=\"avia_inline_auto\" id=\"style-css-av-kl28d86g-55771b496be1399a62243b4fed1c9ba2\">\n.avia-section.av-kl28d86g-55771b496be1399a62243b4fed1c9ba2 .av-parallax .av-parallax-inner{\nbackground-repeat:repeat;\nbackground-image:url(https:\/\/gliptoneeurope.com\/wp-content\/uploads\/engine-hero-2.jpg);\nbackground-position:50% 50%;\nbackground-attachment:scroll;\n}\n<\/style>\n<div id='av_section_1'  class='avia-section av-kl28d86g-55771b496be1399a62243b4fed1c9ba2 main_color avia-section-default avia-no-border-styling  avia-builder-el-0  el_before_av_one_full  avia-builder-el-first  av-parallax-section avia-bg-style-parallax av-minimum-height av-minimum-height-50 av-height-50  container_wrap fullsize'  data-section-bg-repeat='repeat' data-av_minimum_height_pc='50' data-av_min_height_opt='50'><div class='av-parallax' data-avia-parallax-ratio='0.3' ><div class='av-parallax-inner main_color '><\/div><\/div><div class='container av-section-cont-open' ><main  role=\"main\" itemprop=\"mainContentOfPage\"  class='template-page content  av-content-full alpha units'><div class='post-entry post-entry-type-page post-entry-11212'><div class='entry-content-wrapper clearfix'>\n\n<style type=\"text\/css\" data-created_by=\"avia_inline_auto\" id=\"style-css-av-1d2e1n-ea0ff86f24d0eb62b3078ce1bb0ab849\">\n.flex_column.av-1d2e1n-ea0ff86f24d0eb62b3078ce1bb0ab849{\nborder-radius:0px 0px 0px 0px;\npadding:0px 0px 0px 0px;\n}\n<\/style>\n<div  class='flex_column av-1d2e1n-ea0ff86f24d0eb62b3078ce1bb0ab849 av_one_full  avia-builder-el-1  avia-builder-el-no-sibling  first flex_column_div av-zero-column-padding  '     ><style type=\"text\/css\" data-created_by=\"avia_inline_auto\" id=\"style-css-av-kl2ebzx3-fbbbc10e27cf23fa53d4971d6182e1d1\">\n#top .av-special-heading.av-kl2ebzx3-fbbbc10e27cf23fa53d4971d6182e1d1{\npadding-bottom:10px;\ncolor:#ffffff;\n}\nbody .av-special-heading.av-kl2ebzx3-fbbbc10e27cf23fa53d4971d6182e1d1 .av-special-heading-tag .heading-char{\nfont-size:25px;\n}\n.av-special-heading.av-kl2ebzx3-fbbbc10e27cf23fa53d4971d6182e1d1 .special-heading-inner-border{\nborder-color:#ffffff;\n}\n.av-special-heading.av-kl2ebzx3-fbbbc10e27cf23fa53d4971d6182e1d1 .av-subheading{\nfont-size:24px;\n}\n<\/style>\n<div  class='av-special-heading av-kl2ebzx3-fbbbc10e27cf23fa53d4971d6182e1d1 av-special-heading-h1 custom-color-heading blockquote elegant-quote elegant-centered  avia-builder-el-2  avia-builder-el-no-sibling  shadow'><h1 class='av-special-heading-tag '  itemprop=\"headline\"  ><span class=\"heading-wrap\">COMPARTIMENT MOTEUR<\/span><\/h1><div class='av_custom_color av-subheading av-subheading_below'><p>Produits de nettoyage<\/p>\n<\/div><div class=\"special-heading-border\"><div class=\"special-heading-inner-border\"><\/div><\/div><\/div><\/div>\n<\/div><\/div><\/main><!-- close content main element --><\/div><\/div><div id='after_section_1'  class='main_color av_default_container_wrap container_wrap fullsize'  ><div class='container av-section-cont-open' ><div class='template-page content  av-content-full alpha units'><div class='post-entry post-entry-type-page post-entry-11212'><div class='entry-content-wrapper clearfix'>\n\n<style type=\"text\/css\" data-created_by=\"avia_inline_auto\" id=\"style-css-av-cbvcpn-54d1b64839e0263cc7c7094f867d55bc\">\n.flex_column.av-cbvcpn-54d1b64839e0263cc7c7094f867d55bc{\nborder-radius:0px 0px 0px 0px;\npadding:0px 0px 0px 0px;\n}\n<\/style>\n<div  class='flex_column av-cbvcpn-54d1b64839e0263cc7c7094f867d55bc av_one_full  avia-builder-el-3  el_after_av_section  el_before_av_section  avia-builder-el-no-sibling  first flex_column_div av-zero-column-padding  '     ><style type=\"text\/css\" data-created_by=\"avia_inline_auto\" id=\"style-css-av-kl28jx8m-58668288bf7f69e2035db03bbe6f7b16\">\n#top .av_textblock_section.av-kl28jx8m-58668288bf7f69e2035db03bbe6f7b16 .avia_textblock{\nfont-size:18px;\n}\n<\/style>\n<section  class='av_textblock_section av-kl28jx8m-58668288bf7f69e2035db03bbe6f7b16 '   itemscope=\"itemscope\" itemtype=\"https:\/\/schema.org\/CreativeWork\" ><div class='avia_textblock'  itemprop=\"text\" ><h2 style=\"text-align: center;\">Nettoyage du moteur<\/h2>\n<p style=\"text-align: center;\">Comme pour le reste de votre v\u00e9hicule, le nettoyage pr\u00e9vient les dommages et maintient une valeur de revente \u00e9lev\u00e9e. Un compartiment moteur recouvert d&#8217;huile et de graisse permet une usure pr\u00e9matur\u00e9e et masque de graves probl\u00e8mes comme les fuites de joint. Gardez votre moteur en bonne sant\u00e9 en utilisant nos produits haut de gamme.<\/p>\n<\/div><\/section><\/div>\n<\/div><\/div><\/div><!-- close content main div --><\/div><\/div>\n<style type=\"text\/css\" data-created_by=\"avia_inline_auto\" id=\"style-css-av-kl2dno8h-69c6f166879d0bd9eb40784ac692eb94\">\n.avia-section.av-kl2dno8h-69c6f166879d0bd9eb40784ac692eb94{\nbackground-color:#f5f5f5;\nbackground-image:unset;\n}\n<\/style>\n<div id='av_section_2'  class='avia-section av-kl2dno8h-69c6f166879d0bd9eb40784ac692eb94 main_color avia-section-default avia-no-border-styling  avia-builder-el-5  el_after_av_one_full  avia-builder-el-last  avia-bg-style-scroll container_wrap fullsize'  ><div class='container av-section-cont-open' ><div class='template-page content  av-content-full alpha units'><div class='post-entry post-entry-type-page post-entry-11212'><div class='entry-content-wrapper clearfix'>\n\n\n","protected":false},"excerpt":{"rendered":"","protected":false},"author":5,"featured_media":0,"parent":0,"menu_order":0,"comment_status":"closed","ping_status":"closed","template":"","meta":{"footnotes":""},"class_list":["post-11212","page","type-page","status-publish","hentry"],"yoast_head":"<!-- This site is optimized with the Yoast SEO Premium plugin v21.4 (Yoast SEO v27.5) - https:\/\/yoast.com\/product\/yoast-seo-premium-wordpress\/ -->\n<title>Produits de nettoyage de moteurs pour voitures \u00e0 Ellesmere Port, UK<\/title>\n<meta name=\"description\" content=\"Comme pour le reste de votre v\u00e9hicule, un nettoyage r\u00e9gulier du moteur pr\u00e9vient les dommages et augmente la valeur de revente de votre voiture. Achetez en ligne d\u00e8s aujourd&#039;hui nos produits sp\u00e9cialis\u00e9s pour les moteurs.\" \/>\n<meta name=\"robots\" content=\"index, follow, max-snippet:-1, max-image-preview:large, max-video-preview:-1\" \/>\n<link rel=\"canonical\" href=\"https:\/\/gliptoneeurope.com\/fr\/compartiment-moteur\/\" \/>\n<meta property=\"og:locale\" content=\"fr_FR\" \/>\n<meta property=\"og:type\" content=\"article\" \/>\n<meta property=\"og:title\" content=\"Compartiment moteur\" \/>\n<meta property=\"og:url\" content=\"https:\/\/gliptoneeurope.com\/fr\/compartiment-moteur\/\" \/>\n<meta property=\"og:site_name\" content=\"Gliptone Europe\" \/>\n<meta property=\"article:publisher\" content=\"https:\/\/www.facebook.com\/gliptoneeurope\/\" \/>\n<meta property=\"article:modified_time\" content=\"2024-01-11T22:26:38+00:00\" \/>\n<meta property=\"og:image\" content=\"https:\/\/gliptoneeurope.com\/wp-content\/uploads\/Gliptone_Logo.png\" \/>\n\t<meta property=\"og:image:width\" content=\"1472\" \/>\n\t<meta property=\"og:image:height\" content=\"607\" \/>\n\t<meta property=\"og:image:type\" content=\"image\/png\" \/>\n<meta name=\"twitter:card\" content=\"summary_large_image\" \/>\n<meta name=\"twitter:label1\" content=\"Dur\u00e9e de lecture estim\u00e9e\" \/>\n\t<meta name=\"twitter:data1\" content=\"4 minutes\" \/>\n<script type=\"application\/ld+json\" class=\"yoast-schema-graph\">{\"@context\":\"https:\\\/\\\/schema.org\",\"@graph\":[{\"@type\":\"WebPage\",\"@id\":\"https:\\\/\\\/gliptoneeurope.com\\\/fr\\\/compartiment-moteur\\\/\",\"url\":\"https:\\\/\\\/gliptoneeurope.com\\\/fr\\\/compartiment-moteur\\\/\",\"name\":\"Produits de nettoyage de moteurs pour voitures \u00e0 Ellesmere Port, UK\",\"isPartOf\":{\"@id\":\"https:\\\/\\\/gliptoneeurope.com\\\/#website\"},\"datePublished\":\"2021-11-30T10:27:51+00:00\",\"dateModified\":\"2024-01-11T22:26:38+00:00\",\"description\":\"Comme pour le reste de votre v\u00e9hicule, un nettoyage r\u00e9gulier du moteur pr\u00e9vient les dommages et augmente la valeur de revente de votre voiture. Achetez en ligne d\u00e8s aujourd'hui nos produits sp\u00e9cialis\u00e9s pour les moteurs.\",\"breadcrumb\":{\"@id\":\"https:\\\/\\\/gliptoneeurope.com\\\/fr\\\/compartiment-moteur\\\/#breadcrumb\"},\"inLanguage\":\"fr-FR\",\"potentialAction\":[{\"@type\":\"ReadAction\",\"target\":[\"https:\\\/\\\/gliptoneeurope.com\\\/fr\\\/compartiment-moteur\\\/\"]}]},{\"@type\":\"BreadcrumbList\",\"@id\":\"https:\\\/\\\/gliptoneeurope.com\\\/fr\\\/compartiment-moteur\\\/#breadcrumb\",\"itemListElement\":[{\"@type\":\"ListItem\",\"position\":1,\"name\":\"Home\",\"item\":\"https:\\\/\\\/gliptoneeurope.com\\\/\"},{\"@type\":\"ListItem\",\"position\":2,\"name\":\"Compartiment moteur\"}]},{\"@type\":\"WebSite\",\"@id\":\"https:\\\/\\\/gliptoneeurope.com\\\/#website\",\"url\":\"https:\\\/\\\/gliptoneeurope.com\\\/\",\"name\":\"Gliptone Europe\",\"description\":\"Professional Car Detailing Products\",\"publisher\":{\"@id\":\"https:\\\/\\\/gliptoneeurope.com\\\/#organization\"},\"potentialAction\":[{\"@type\":\"SearchAction\",\"target\":{\"@type\":\"EntryPoint\",\"urlTemplate\":\"https:\\\/\\\/gliptoneeurope.com\\\/?s={search_term_string}\"},\"query-input\":{\"@type\":\"PropertyValueSpecification\",\"valueRequired\":true,\"valueName\":\"search_term_string\"}}],\"inLanguage\":\"fr-FR\"},{\"@type\":\"Organization\",\"@id\":\"https:\\\/\\\/gliptoneeurope.com\\\/#organization\",\"name\":\"Gliptone Europe\",\"url\":\"https:\\\/\\\/gliptoneeurope.com\\\/\",\"logo\":{\"@type\":\"ImageObject\",\"inLanguage\":\"fr-FR\",\"@id\":\"https:\\\/\\\/gliptoneeurope.com\\\/#\\\/schema\\\/logo\\\/image\\\/\",\"url\":\"https:\\\/\\\/gliptoneeurope.com\\\/wp-content\\\/uploads\\\/Gliptone_Logo.png\",\"contentUrl\":\"https:\\\/\\\/gliptoneeurope.com\\\/wp-content\\\/uploads\\\/Gliptone_Logo.png\",\"width\":1472,\"height\":607,\"caption\":\"Gliptone Europe\"},\"image\":{\"@id\":\"https:\\\/\\\/gliptoneeurope.com\\\/#\\\/schema\\\/logo\\\/image\\\/\"},\"sameAs\":[\"https:\\\/\\\/www.facebook.com\\\/gliptoneeurope\\\/\",\"https:\\\/\\\/www.instagram.com\\\/gliptoneeurope\\\/\",\"https:\\\/\\\/www.pinterest.co.uk\\\/GliptoneEurope\\\/\"]}]}<\/script>\n<!-- \/ Yoast SEO Premium plugin. -->","yoast_head_json":{"title":"Produits de nettoyage de moteurs pour voitures \u00e0 Ellesmere Port, UK","description":"Comme pour le reste de votre v\u00e9hicule, un nettoyage r\u00e9gulier du moteur pr\u00e9vient les dommages et augmente la valeur de revente de votre voiture. Achetez en ligne d\u00e8s aujourd'hui nos produits sp\u00e9cialis\u00e9s pour les moteurs.","robots":{"index":"index","follow":"follow","max-snippet":"max-snippet:-1","max-image-preview":"max-image-preview:large","max-video-preview":"max-video-preview:-1"},"canonical":"https:\/\/gliptoneeurope.com\/fr\/compartiment-moteur\/","og_locale":"fr_FR","og_type":"article","og_title":"Compartiment moteur","og_url":"https:\/\/gliptoneeurope.com\/fr\/compartiment-moteur\/","og_site_name":"Gliptone Europe","article_publisher":"https:\/\/www.facebook.com\/gliptoneeurope\/","article_modified_time":"2024-01-11T22:26:38+00:00","og_image":[{"width":1472,"height":607,"url":"https:\/\/gliptoneeurope.com\/wp-content\/uploads\/Gliptone_Logo.png","type":"image\/png"}],"twitter_card":"summary_large_image","twitter_misc":{"Dur\u00e9e de lecture estim\u00e9e":"4 minutes"},"schema":{"@context":"https:\/\/schema.org","@graph":[{"@type":"WebPage","@id":"https:\/\/gliptoneeurope.com\/fr\/compartiment-moteur\/","url":"https:\/\/gliptoneeurope.com\/fr\/compartiment-moteur\/","name":"Produits de nettoyage de moteurs pour voitures \u00e0 Ellesmere Port, UK","isPartOf":{"@id":"https:\/\/gliptoneeurope.com\/#website"},"datePublished":"2021-11-30T10:27:51+00:00","dateModified":"2024-01-11T22:26:38+00:00","description":"Comme pour le reste de votre v\u00e9hicule, un nettoyage r\u00e9gulier du moteur pr\u00e9vient les dommages et augmente la valeur de revente de votre voiture. Achetez en ligne d\u00e8s aujourd'hui nos produits sp\u00e9cialis\u00e9s pour les moteurs.","breadcrumb":{"@id":"https:\/\/gliptoneeurope.com\/fr\/compartiment-moteur\/#breadcrumb"},"inLanguage":"fr-FR","potentialAction":[{"@type":"ReadAction","target":["https:\/\/gliptoneeurope.com\/fr\/compartiment-moteur\/"]}]},{"@type":"BreadcrumbList","@id":"https:\/\/gliptoneeurope.com\/fr\/compartiment-moteur\/#breadcrumb","itemListElement":[{"@type":"ListItem","position":1,"name":"Home","item":"https:\/\/gliptoneeurope.com\/"},{"@type":"ListItem","position":2,"name":"Compartiment moteur"}]},{"@type":"WebSite","@id":"https:\/\/gliptoneeurope.com\/#website","url":"https:\/\/gliptoneeurope.com\/","name":"Gliptone Europe","description":"Professional Car Detailing Products","publisher":{"@id":"https:\/\/gliptoneeurope.com\/#organization"},"potentialAction":[{"@type":"SearchAction","target":{"@type":"EntryPoint","urlTemplate":"https:\/\/gliptoneeurope.com\/?s={search_term_string}"},"query-input":{"@type":"PropertyValueSpecification","valueRequired":true,"valueName":"search_term_string"}}],"inLanguage":"fr-FR"},{"@type":"Organization","@id":"https:\/\/gliptoneeurope.com\/#organization","name":"Gliptone Europe","url":"https:\/\/gliptoneeurope.com\/","logo":{"@type":"ImageObject","inLanguage":"fr-FR","@id":"https:\/\/gliptoneeurope.com\/#\/schema\/logo\/image\/","url":"https:\/\/gliptoneeurope.com\/wp-content\/uploads\/Gliptone_Logo.png","contentUrl":"https:\/\/gliptoneeurope.com\/wp-content\/uploads\/Gliptone_Logo.png","width":1472,"height":607,"caption":"Gliptone Europe"},"image":{"@id":"https:\/\/gliptoneeurope.com\/#\/schema\/logo\/image\/"},"sameAs":["https:\/\/www.facebook.com\/gliptoneeurope\/","https:\/\/www.instagram.com\/gliptoneeurope\/","https:\/\/www.pinterest.co.uk\/GliptoneEurope\/"]}]}},"_links":{"self":[{"href":"https:\/\/gliptoneeurope.com\/fr\/wp-json\/wp\/v2\/pages\/11212","targetHints":{"allow":["GET"]}}],"collection":[{"href":"https:\/\/gliptoneeurope.com\/fr\/wp-json\/wp\/v2\/pages"}],"about":[{"href":"https:\/\/gliptoneeurope.com\/fr\/wp-json\/wp\/v2\/types\/page"}],"author":[{"embeddable":true,"href":"https:\/\/gliptoneeurope.com\/fr\/wp-json\/wp\/v2\/users\/5"}],"replies":[{"embeddable":true,"href":"https:\/\/gliptoneeurope.com\/fr\/wp-json\/wp\/v2\/comments?post=11212"}],"version-history":[{"count":5,"href":"https:\/\/gliptoneeurope.com\/fr\/wp-json\/wp\/v2\/pages\/11212\/revisions"}],"predecessor-version":[{"id":31438,"href":"https:\/\/gliptoneeurope.com\/fr\/wp-json\/wp\/v2\/pages\/11212\/revisions\/31438"}],"wp:attachment":[{"href":"https:\/\/gliptoneeurope.com\/fr\/wp-json\/wp\/v2\/media?parent=11212"}],"curies":[{"name":"wp","href":"https:\/\/api.w.org\/{rel}","templated":true}]}}