{"id":12253,"date":"2020-03-16T17:47:30","date_gmt":"2021-12-01T10:25:01","guid":{"rendered":"https:\/\/gliptoneeurope.com\/product\/foam-blizzard-schaumkanonenseife\/"},"modified":"2021-12-01T10:25:16","modified_gmt":"2021-12-01T10:25:16","slug":"schaum-blizzard-schaum-kanonen-seife","status":"publish","type":"product","link":"https:\/\/gliptoneeurope.com\/de\/produkt\/schaum-blizzard-schaum-kanonen-seife\/","title":{"rendered":"Foam Blizzard &#8211; Schaumkanonenseife"},"content":{"rendered":"<p>Foam Blizard ist ein speziell entwickeltes Schaumkanonen-Reinigungsmittel, das eine gleichm\u00e4\u00dfige &#8220;schaumige&#8221; Schaumschicht abgibt, die auf allen lackierten, Glas- und Kunststoffoberfl\u00e4chen sicher ist. In Kombination mit dem Softtouch Wash Mitt von GLIPTONE ist dies ein hochwirksames und schonendes Reinigungssystem, das die meisten Formen von Stra\u00dfenbelag und Schmutz anheben und entfernen kann.<\/p>\n<p>16 Unzen.<\/p>\n","protected":false},"excerpt":{"rendered":"<p>Foam Blizard ist ein speziell entwickeltes Schaumkanonen-Reinigungsmittel, das eine gleichm\u00e4\u00dfige &#8220;schaumige&#8221; Schaumschicht abgibt, die auf allen lackierten, Glas- und Kunststoffoberfl\u00e4chen sicher ist. In Kombination mit dem Softtouch Wash Mitt von GLIPTONE ist dies ein hochwirksames und schonendes Reinigungssystem, das die meisten Formen von Stra\u00dfenbelag und Schmutz anheben und entfernen kann. 16 Unzen.<\/p>\n","protected":false},"featured_media":10639,"template":"","meta":[],"product_brand":[],"product_cat":[119],"product_tag":[],"class_list":{"0":"post-12253","1":"product","2":"type-product","3":"status-publish","4":"has-post-thumbnail","6":"product_cat-vorbereitung-reinigung","8":"first","9":"instock","10":"taxable","11":"shipping-taxable","12":"purchasable","13":"product-type-variable"},"yoast_head":"<!-- This site is optimized with the Yoast SEO Premium plugin v21.4 (Yoast SEO v27.4) - https:\/\/yoast.com\/product\/yoast-seo-premium-wordpress\/ -->\n<title>Foam Blizzard - Schaumkanonenseife - Gliptone Europe<\/title>\n<meta name=\"description\" content=\"Foam Blizard ist ein speziell entwickeltes Schaumkanonen-Reinigungsmittel, das eine gleichm\u00e4\u00dfige &quot;schaumige&quot; Schaumschicht abgibt, die auf allen lackierten, Glas- und Kunststoffoberfl\u00e4chen sicher ist.\" \/>\n<meta name=\"robots\" content=\"index, follow, max-snippet:-1, max-image-preview:large, max-video-preview:-1\" \/>\n<link rel=\"canonical\" href=\"https:\/\/gliptoneeurope.com\/de\/produkt\/schaum-blizzard-schaum-kanonen-seife\/\" \/>\n<meta property=\"og:locale\" content=\"de_DE\" \/>\n<meta property=\"og:type\" content=\"article\" \/>\n<meta property=\"og:title\" content=\"Foam Blizzard - Schaumkanonenseife\" \/>\n<meta property=\"og:description\" content=\"Foam Blizard ist ein speziell entwickeltes Schaumkanonen-Reinigungsmittel, das eine gleichm\u00e4\u00dfige &quot;schaumige&quot; Schaumschicht abgibt, die auf allen\" \/>\n<meta property=\"og:url\" content=\"https:\/\/gliptoneeurope.com\/de\/produkt\/schaum-blizzard-schaum-kanonen-seife\/\" \/>\n<meta property=\"og:site_name\" content=\"Gliptone Europe\" \/>\n<meta property=\"article:publisher\" content=\"https:\/\/www.facebook.com\/gliptoneeurope\/\" \/>\n<meta property=\"article:modified_time\" content=\"2021-12-01T10:25:16+00:00\" \/>\n<meta property=\"og:image\" content=\"https:\/\/gliptoneeurope.com\/wp-content\/uploads\/Foam-Blizzard-470ml-16oz.jpg\" \/>\n\t<meta property=\"og:image:width\" content=\"1407\" \/>\n\t<meta property=\"og:image:height\" content=\"1407\" \/>\n\t<meta property=\"og:image:type\" content=\"image\/jpeg\" \/>\n<meta name=\"twitter:card\" content=\"summary_large_image\" \/>\n<script type=\"application\/ld+json\" class=\"yoast-schema-graph\">{\"@context\":\"https:\\\/\\\/schema.org\",\"@graph\":[{\"@type\":\"WebPage\",\"@id\":\"https:\\\/\\\/gliptoneeurope.com\\\/de\\\/produkt\\\/schaum-blizzard-schaum-kanonen-seife\\\/\",\"url\":\"https:\\\/\\\/gliptoneeurope.com\\\/de\\\/produkt\\\/schaum-blizzard-schaum-kanonen-seife\\\/\",\"name\":\"Foam Blizzard - Schaumkanonenseife - Gliptone Europe\",\"isPartOf\":{\"@id\":\"https:\\\/\\\/gliptoneeurope.com\\\/#website\"},\"primaryImageOfPage\":{\"@id\":\"https:\\\/\\\/gliptoneeurope.com\\\/de\\\/produkt\\\/schaum-blizzard-schaum-kanonen-seife\\\/#primaryimage\"},\"image\":{\"@id\":\"https:\\\/\\\/gliptoneeurope.com\\\/de\\\/produkt\\\/schaum-blizzard-schaum-kanonen-seife\\\/#primaryimage\"},\"thumbnailUrl\":\"https:\\\/\\\/gliptoneeurope.com\\\/wp-content\\\/uploads\\\/Foam-Blizzard-470ml-16oz.jpg\",\"datePublished\":\"2021-12-01T10:25:01+00:00\",\"dateModified\":\"2021-12-01T10:25:16+00:00\",\"description\":\"Foam Blizard ist ein speziell entwickeltes Schaumkanonen-Reinigungsmittel, das eine gleichm\u00e4\u00dfige \\\"schaumige\\\" Schaumschicht abgibt, die auf allen lackierten, Glas- und Kunststoffoberfl\u00e4chen sicher ist.\",\"breadcrumb\":{\"@id\":\"https:\\\/\\\/gliptoneeurope.com\\\/de\\\/produkt\\\/schaum-blizzard-schaum-kanonen-seife\\\/#breadcrumb\"},\"inLanguage\":\"de\",\"potentialAction\":[{\"@type\":\"ReadAction\",\"target\":[\"https:\\\/\\\/gliptoneeurope.com\\\/de\\\/produkt\\\/schaum-blizzard-schaum-kanonen-seife\\\/\"]}]},{\"@type\":\"ImageObject\",\"inLanguage\":\"de\",\"@id\":\"https:\\\/\\\/gliptoneeurope.com\\\/de\\\/produkt\\\/schaum-blizzard-schaum-kanonen-seife\\\/#primaryimage\",\"url\":\"https:\\\/\\\/gliptoneeurope.com\\\/wp-content\\\/uploads\\\/Foam-Blizzard-470ml-16oz.jpg\",\"contentUrl\":\"https:\\\/\\\/gliptoneeurope.com\\\/wp-content\\\/uploads\\\/Foam-Blizzard-470ml-16oz.jpg\",\"width\":1407,\"height\":1407},{\"@type\":\"BreadcrumbList\",\"@id\":\"https:\\\/\\\/gliptoneeurope.com\\\/de\\\/produkt\\\/schaum-blizzard-schaum-kanonen-seife\\\/#breadcrumb\",\"itemListElement\":[{\"@type\":\"ListItem\",\"position\":1,\"name\":\"Home\",\"item\":\"https:\\\/\\\/gliptoneeurope.com\\\/\"},{\"@type\":\"ListItem\",\"position\":2,\"name\":\"Shop\",\"item\":\"https:\\\/\\\/gliptoneeurope.com\\\/de\\\/shop-2\\\/\"},{\"@type\":\"ListItem\",\"position\":3,\"name\":\"Foam Blizzard &#8211; Schaumkanonenseife\"}]},{\"@type\":\"WebSite\",\"@id\":\"https:\\\/\\\/gliptoneeurope.com\\\/#website\",\"url\":\"https:\\\/\\\/gliptoneeurope.com\\\/\",\"name\":\"Gliptone Europe\",\"description\":\"Professional Car Detailing Products\",\"publisher\":{\"@id\":\"https:\\\/\\\/gliptoneeurope.com\\\/#organization\"},\"potentialAction\":[{\"@type\":\"SearchAction\",\"target\":{\"@type\":\"EntryPoint\",\"urlTemplate\":\"https:\\\/\\\/gliptoneeurope.com\\\/?s={search_term_string}\"},\"query-input\":{\"@type\":\"PropertyValueSpecification\",\"valueRequired\":true,\"valueName\":\"search_term_string\"}}],\"inLanguage\":\"de\"},{\"@type\":\"Organization\",\"@id\":\"https:\\\/\\\/gliptoneeurope.com\\\/#organization\",\"name\":\"Gliptone Europe\",\"url\":\"https:\\\/\\\/gliptoneeurope.com\\\/\",\"logo\":{\"@type\":\"ImageObject\",\"inLanguage\":\"de\",\"@id\":\"https:\\\/\\\/gliptoneeurope.com\\\/#\\\/schema\\\/logo\\\/image\\\/\",\"url\":\"https:\\\/\\\/gliptoneeurope.com\\\/wp-content\\\/uploads\\\/Gliptone_Logo.png\",\"contentUrl\":\"https:\\\/\\\/gliptoneeurope.com\\\/wp-content\\\/uploads\\\/Gliptone_Logo.png\",\"width\":1472,\"height\":607,\"caption\":\"Gliptone Europe\"},\"image\":{\"@id\":\"https:\\\/\\\/gliptoneeurope.com\\\/#\\\/schema\\\/logo\\\/image\\\/\"},\"sameAs\":[\"https:\\\/\\\/www.facebook.com\\\/gliptoneeurope\\\/\",\"https:\\\/\\\/www.instagram.com\\\/gliptoneeurope\\\/\",\"https:\\\/\\\/www.pinterest.co.uk\\\/GliptoneEurope\\\/\"]}]}<\/script>\n<!-- \/ Yoast SEO Premium plugin. -->","yoast_head_json":{"title":"Foam Blizzard - Schaumkanonenseife - Gliptone Europe","description":"Foam Blizard ist ein speziell entwickeltes Schaumkanonen-Reinigungsmittel, das eine gleichm\u00e4\u00dfige \"schaumige\" Schaumschicht abgibt, die auf allen lackierten, Glas- und Kunststoffoberfl\u00e4chen sicher ist.","robots":{"index":"index","follow":"follow","max-snippet":"max-snippet:-1","max-image-preview":"max-image-preview:large","max-video-preview":"max-video-preview:-1"},"canonical":"https:\/\/gliptoneeurope.com\/de\/produkt\/schaum-blizzard-schaum-kanonen-seife\/","og_locale":"de_DE","og_type":"article","og_title":"Foam Blizzard - Schaumkanonenseife","og_description":"Foam Blizard ist ein speziell entwickeltes Schaumkanonen-Reinigungsmittel, das eine gleichm\u00e4\u00dfige \"schaumige\" Schaumschicht abgibt, die auf allen","og_url":"https:\/\/gliptoneeurope.com\/de\/produkt\/schaum-blizzard-schaum-kanonen-seife\/","og_site_name":"Gliptone Europe","article_publisher":"https:\/\/www.facebook.com\/gliptoneeurope\/","article_modified_time":"2021-12-01T10:25:16+00:00","og_image":[{"width":1407,"height":1407,"url":"https:\/\/gliptoneeurope.com\/wp-content\/uploads\/Foam-Blizzard-470ml-16oz.jpg","type":"image\/jpeg"}],"twitter_card":"summary_large_image","schema":{"@context":"https:\/\/schema.org","@graph":[{"@type":"WebPage","@id":"https:\/\/gliptoneeurope.com\/de\/produkt\/schaum-blizzard-schaum-kanonen-seife\/","url":"https:\/\/gliptoneeurope.com\/de\/produkt\/schaum-blizzard-schaum-kanonen-seife\/","name":"Foam Blizzard - Schaumkanonenseife - Gliptone Europe","isPartOf":{"@id":"https:\/\/gliptoneeurope.com\/#website"},"primaryImageOfPage":{"@id":"https:\/\/gliptoneeurope.com\/de\/produkt\/schaum-blizzard-schaum-kanonen-seife\/#primaryimage"},"image":{"@id":"https:\/\/gliptoneeurope.com\/de\/produkt\/schaum-blizzard-schaum-kanonen-seife\/#primaryimage"},"thumbnailUrl":"https:\/\/gliptoneeurope.com\/wp-content\/uploads\/Foam-Blizzard-470ml-16oz.jpg","datePublished":"2021-12-01T10:25:01+00:00","dateModified":"2021-12-01T10:25:16+00:00","description":"Foam Blizard ist ein speziell entwickeltes Schaumkanonen-Reinigungsmittel, das eine gleichm\u00e4\u00dfige \"schaumige\" Schaumschicht abgibt, die auf allen lackierten, Glas- und Kunststoffoberfl\u00e4chen sicher ist.","breadcrumb":{"@id":"https:\/\/gliptoneeurope.com\/de\/produkt\/schaum-blizzard-schaum-kanonen-seife\/#breadcrumb"},"inLanguage":"de","potentialAction":[{"@type":"ReadAction","target":["https:\/\/gliptoneeurope.com\/de\/produkt\/schaum-blizzard-schaum-kanonen-seife\/"]}]},{"@type":"ImageObject","inLanguage":"de","@id":"https:\/\/gliptoneeurope.com\/de\/produkt\/schaum-blizzard-schaum-kanonen-seife\/#primaryimage","url":"https:\/\/gliptoneeurope.com\/wp-content\/uploads\/Foam-Blizzard-470ml-16oz.jpg","contentUrl":"https:\/\/gliptoneeurope.com\/wp-content\/uploads\/Foam-Blizzard-470ml-16oz.jpg","width":1407,"height":1407},{"@type":"BreadcrumbList","@id":"https:\/\/gliptoneeurope.com\/de\/produkt\/schaum-blizzard-schaum-kanonen-seife\/#breadcrumb","itemListElement":[{"@type":"ListItem","position":1,"name":"Home","item":"https:\/\/gliptoneeurope.com\/"},{"@type":"ListItem","position":2,"name":"Shop","item":"https:\/\/gliptoneeurope.com\/de\/shop-2\/"},{"@type":"ListItem","position":3,"name":"Foam Blizzard &#8211; Schaumkanonenseife"}]},{"@type":"WebSite","@id":"https:\/\/gliptoneeurope.com\/#website","url":"https:\/\/gliptoneeurope.com\/","name":"Gliptone Europe","description":"Professional Car Detailing Products","publisher":{"@id":"https:\/\/gliptoneeurope.com\/#organization"},"potentialAction":[{"@type":"SearchAction","target":{"@type":"EntryPoint","urlTemplate":"https:\/\/gliptoneeurope.com\/?s={search_term_string}"},"query-input":{"@type":"PropertyValueSpecification","valueRequired":true,"valueName":"search_term_string"}}],"inLanguage":"de"},{"@type":"Organization","@id":"https:\/\/gliptoneeurope.com\/#organization","name":"Gliptone Europe","url":"https:\/\/gliptoneeurope.com\/","logo":{"@type":"ImageObject","inLanguage":"de","@id":"https:\/\/gliptoneeurope.com\/#\/schema\/logo\/image\/","url":"https:\/\/gliptoneeurope.com\/wp-content\/uploads\/Gliptone_Logo.png","contentUrl":"https:\/\/gliptoneeurope.com\/wp-content\/uploads\/Gliptone_Logo.png","width":1472,"height":607,"caption":"Gliptone Europe"},"image":{"@id":"https:\/\/gliptoneeurope.com\/#\/schema\/logo\/image\/"},"sameAs":["https:\/\/www.facebook.com\/gliptoneeurope\/","https:\/\/www.instagram.com\/gliptoneeurope\/","https:\/\/www.pinterest.co.uk\/GliptoneEurope\/"]}]}},"wcpa_form_fields":null,"_links":{"self":[{"href":"https:\/\/gliptoneeurope.com\/de\/wp-json\/wp\/v2\/product\/12253","targetHints":{"allow":["GET"]}}],"collection":[{"href":"https:\/\/gliptoneeurope.com\/de\/wp-json\/wp\/v2\/product"}],"about":[{"href":"https:\/\/gliptoneeurope.com\/de\/wp-json\/wp\/v2\/types\/product"}],"wp:featuredmedia":[{"embeddable":true,"href":"https:\/\/gliptoneeurope.com\/de\/wp-json\/wp\/v2\/media\/10639"}],"wp:attachment":[{"href":"https:\/\/gliptoneeurope.com\/de\/wp-json\/wp\/v2\/media?parent=12253"}],"wp:term":[{"taxonomy":"product_brand","embeddable":true,"href":"https:\/\/gliptoneeurope.com\/de\/wp-json\/wp\/v2\/product_brand?post=12253"},{"taxonomy":"product_cat","embeddable":true,"href":"https:\/\/gliptoneeurope.com\/de\/wp-json\/wp\/v2\/product_cat?post=12253"},{"taxonomy":"product_tag","embeddable":true,"href":"https:\/\/gliptoneeurope.com\/de\/wp-json\/wp\/v2\/product_tag?post=12253"}],"curies":[{"name":"wp","href":"https:\/\/api.w.org\/{rel}","templated":true}]}}