{"id":12250,"date":"2020-03-17T22:33:16","date_gmt":"2021-11-30T11:49:17","guid":{"rendered":"https:\/\/gliptoneeurope.com\/product\/foam-blizzard-plus-schaumkanonenseife\/"},"modified":"2021-11-30T11:49:17","modified_gmt":"2021-11-30T11:49:17","slug":"schaum-blizzard-plus-schaum-kanonen-seife","status":"publish","type":"product","link":"https:\/\/gliptoneeurope.com\/de\/produkt\/schaum-blizzard-plus-schaum-kanonen-seife\/","title":{"rendered":"Foam Blizzard Plus Schaumkanonenseife"},"content":{"rendered":"<p>Foam Blizzard Plus ist ein speziell entwickeltes Reinigungsmittel f\u00fcr unsere Schaumkanone mit Glanzverst\u00e4rkern, das eine gleichm\u00e4\u00dfige &#8220;schaumige&#8221; Schaumschicht abgibt, die auf allen lackierten, Glas- und Kunststoffoberfl\u00e4chen sicher ist. In Kombination mit <a href=\"https:\/\/gliptoneeurope.com\/product\/softouch-premium-microfiber-wash-mitt\/\">dem Softtouch Wash Mitt von Gliptone<\/a> ist dies ein hochwirksames und sanftes Reinigungssystem, das die meisten Formen von Stra\u00dfenbelag und Schmutz anheben und entfernen kann.<\/p>\n<p>16 Unzen.<\/p>\n","protected":false},"excerpt":{"rendered":"<p>Foam Blizzard Plus ist ein speziell entwickeltes Reinigungsmittel f\u00fcr unsere Schaumkanone mit Glanzverst\u00e4rkern, das eine gleichm\u00e4\u00dfige &#8220;schaumige&#8221; Schaumschicht abgibt, die auf allen lackierten, Glas- und Kunststoffoberfl\u00e4chen sicher ist. In Kombination mit dem Softtouch Wash Mitt von Gliptone ist dies ein hochwirksames und sanftes Reinigungssystem, das die meisten Formen von Stra\u00dfenbelag und Schmutz anheben und entfernen [&hellip;]<\/p>\n","protected":false},"featured_media":10643,"template":"","meta":[],"product_brand":[],"product_cat":[119],"product_tag":[],"class_list":{"0":"post-12250","1":"product","2":"type-product","3":"status-publish","4":"has-post-thumbnail","6":"product_cat-vorbereitung-reinigung","8":"first","9":"instock","10":"taxable","11":"shipping-taxable","12":"purchasable","13":"product-type-variable"},"yoast_head":"<!-- This site is optimized with the Yoast SEO Premium plugin v21.4 (Yoast SEO v27.5) - https:\/\/yoast.com\/product\/yoast-seo-premium-wordpress\/ -->\n<title>Foam Blizzard Plus Schaumkanonenseife - Gliptone Europe<\/title>\n<meta name=\"description\" content=\"Foam Blizzard Plus ist ein speziell entwickeltes Reinigungsmittel f\u00fcr Foam Cannon mit Glanzverst\u00e4rkern, das eine gleichm\u00e4\u00dfige \u201eschaumige\u201c Schaumschicht abgibt, die auf allen lackierten, Glas- und Kunststoffoberfl\u00e4chen sicher ist.\" \/>\n<meta name=\"robots\" content=\"index, follow, max-snippet:-1, max-image-preview:large, max-video-preview:-1\" \/>\n<link rel=\"canonical\" href=\"https:\/\/gliptoneeurope.com\/de\/produkt\/schaum-blizzard-plus-schaum-kanonen-seife\/\" \/>\n<meta property=\"og:locale\" content=\"de_DE\" \/>\n<meta property=\"og:type\" content=\"article\" \/>\n<meta property=\"og:title\" content=\"Foam Blizzard Plus Schaumkanonenseife\" \/>\n<meta property=\"og:description\" content=\"Foam Blizzard Plus ist ein speziell entwickeltes Reinigungsmittel f\u00fcr unsere Schaumkanone mit Glanzverst\u00e4rkern, das eine gleichm\u00e4\u00dfige &quot;schaumige&quot;\" \/>\n<meta property=\"og:url\" content=\"https:\/\/gliptoneeurope.com\/de\/produkt\/schaum-blizzard-plus-schaum-kanonen-seife\/\" \/>\n<meta property=\"og:site_name\" content=\"Gliptone Europe\" \/>\n<meta property=\"article:publisher\" content=\"https:\/\/www.facebook.com\/gliptoneeurope\/\" \/>\n<meta property=\"og:image\" content=\"https:\/\/gliptoneeurope.com\/wp-content\/uploads\/Foam-Blizzard-Plus-470ml-16oz.jpg\" \/>\n\t<meta property=\"og:image:width\" content=\"1413\" \/>\n\t<meta property=\"og:image:height\" content=\"1414\" \/>\n\t<meta property=\"og:image:type\" content=\"image\/jpeg\" \/>\n<meta name=\"twitter:card\" content=\"summary_large_image\" \/>\n<script type=\"application\/ld+json\" class=\"yoast-schema-graph\">{\"@context\":\"https:\\\/\\\/schema.org\",\"@graph\":[{\"@type\":\"WebPage\",\"@id\":\"https:\\\/\\\/gliptoneeurope.com\\\/de\\\/produkt\\\/schaum-blizzard-plus-schaum-kanonen-seife\\\/\",\"url\":\"https:\\\/\\\/gliptoneeurope.com\\\/de\\\/produkt\\\/schaum-blizzard-plus-schaum-kanonen-seife\\\/\",\"name\":\"Foam Blizzard Plus Schaumkanonenseife - Gliptone Europe\",\"isPartOf\":{\"@id\":\"https:\\\/\\\/gliptoneeurope.com\\\/#website\"},\"primaryImageOfPage\":{\"@id\":\"https:\\\/\\\/gliptoneeurope.com\\\/de\\\/produkt\\\/schaum-blizzard-plus-schaum-kanonen-seife\\\/#primaryimage\"},\"image\":{\"@id\":\"https:\\\/\\\/gliptoneeurope.com\\\/de\\\/produkt\\\/schaum-blizzard-plus-schaum-kanonen-seife\\\/#primaryimage\"},\"thumbnailUrl\":\"https:\\\/\\\/gliptoneeurope.com\\\/wp-content\\\/uploads\\\/Foam-Blizzard-Plus-470ml-16oz.jpg\",\"datePublished\":\"2021-11-30T11:49:17+00:00\",\"description\":\"Foam Blizzard Plus ist ein speziell entwickeltes Reinigungsmittel f\u00fcr Foam Cannon mit Glanzverst\u00e4rkern, das eine gleichm\u00e4\u00dfige \u201eschaumige\u201c Schaumschicht abgibt, die auf allen lackierten, Glas- und Kunststoffoberfl\u00e4chen sicher ist.\",\"breadcrumb\":{\"@id\":\"https:\\\/\\\/gliptoneeurope.com\\\/de\\\/produkt\\\/schaum-blizzard-plus-schaum-kanonen-seife\\\/#breadcrumb\"},\"inLanguage\":\"de\",\"potentialAction\":[{\"@type\":\"ReadAction\",\"target\":[\"https:\\\/\\\/gliptoneeurope.com\\\/de\\\/produkt\\\/schaum-blizzard-plus-schaum-kanonen-seife\\\/\"]}]},{\"@type\":\"ImageObject\",\"inLanguage\":\"de\",\"@id\":\"https:\\\/\\\/gliptoneeurope.com\\\/de\\\/produkt\\\/schaum-blizzard-plus-schaum-kanonen-seife\\\/#primaryimage\",\"url\":\"https:\\\/\\\/gliptoneeurope.com\\\/wp-content\\\/uploads\\\/Foam-Blizzard-Plus-470ml-16oz.jpg\",\"contentUrl\":\"https:\\\/\\\/gliptoneeurope.com\\\/wp-content\\\/uploads\\\/Foam-Blizzard-Plus-470ml-16oz.jpg\",\"width\":1413,\"height\":1414},{\"@type\":\"BreadcrumbList\",\"@id\":\"https:\\\/\\\/gliptoneeurope.com\\\/de\\\/produkt\\\/schaum-blizzard-plus-schaum-kanonen-seife\\\/#breadcrumb\",\"itemListElement\":[{\"@type\":\"ListItem\",\"position\":1,\"name\":\"Home\",\"item\":\"https:\\\/\\\/gliptoneeurope.com\\\/\"},{\"@type\":\"ListItem\",\"position\":2,\"name\":\"Shop\",\"item\":\"https:\\\/\\\/gliptoneeurope.com\\\/de\\\/shop-2\\\/\"},{\"@type\":\"ListItem\",\"position\":3,\"name\":\"Foam Blizzard Plus Schaumkanonenseife\"}]},{\"@type\":\"WebSite\",\"@id\":\"https:\\\/\\\/gliptoneeurope.com\\\/#website\",\"url\":\"https:\\\/\\\/gliptoneeurope.com\\\/\",\"name\":\"Gliptone Europe\",\"description\":\"Professional Car Detailing Products\",\"publisher\":{\"@id\":\"https:\\\/\\\/gliptoneeurope.com\\\/#organization\"},\"potentialAction\":[{\"@type\":\"SearchAction\",\"target\":{\"@type\":\"EntryPoint\",\"urlTemplate\":\"https:\\\/\\\/gliptoneeurope.com\\\/?s={search_term_string}\"},\"query-input\":{\"@type\":\"PropertyValueSpecification\",\"valueRequired\":true,\"valueName\":\"search_term_string\"}}],\"inLanguage\":\"de\"},{\"@type\":\"Organization\",\"@id\":\"https:\\\/\\\/gliptoneeurope.com\\\/#organization\",\"name\":\"Gliptone Europe\",\"url\":\"https:\\\/\\\/gliptoneeurope.com\\\/\",\"logo\":{\"@type\":\"ImageObject\",\"inLanguage\":\"de\",\"@id\":\"https:\\\/\\\/gliptoneeurope.com\\\/#\\\/schema\\\/logo\\\/image\\\/\",\"url\":\"https:\\\/\\\/gliptoneeurope.com\\\/wp-content\\\/uploads\\\/Gliptone_Logo.png\",\"contentUrl\":\"https:\\\/\\\/gliptoneeurope.com\\\/wp-content\\\/uploads\\\/Gliptone_Logo.png\",\"width\":1472,\"height\":607,\"caption\":\"Gliptone Europe\"},\"image\":{\"@id\":\"https:\\\/\\\/gliptoneeurope.com\\\/#\\\/schema\\\/logo\\\/image\\\/\"},\"sameAs\":[\"https:\\\/\\\/www.facebook.com\\\/gliptoneeurope\\\/\",\"https:\\\/\\\/www.instagram.com\\\/gliptoneeurope\\\/\",\"https:\\\/\\\/www.pinterest.co.uk\\\/GliptoneEurope\\\/\"]}]}<\/script>\n<!-- \/ Yoast SEO Premium plugin. -->","yoast_head_json":{"title":"Foam Blizzard Plus Schaumkanonenseife - Gliptone Europe","description":"Foam Blizzard Plus ist ein speziell entwickeltes Reinigungsmittel f\u00fcr Foam Cannon mit Glanzverst\u00e4rkern, das eine gleichm\u00e4\u00dfige \u201eschaumige\u201c Schaumschicht abgibt, die auf allen lackierten, Glas- und Kunststoffoberfl\u00e4chen sicher ist.","robots":{"index":"index","follow":"follow","max-snippet":"max-snippet:-1","max-image-preview":"max-image-preview:large","max-video-preview":"max-video-preview:-1"},"canonical":"https:\/\/gliptoneeurope.com\/de\/produkt\/schaum-blizzard-plus-schaum-kanonen-seife\/","og_locale":"de_DE","og_type":"article","og_title":"Foam Blizzard Plus Schaumkanonenseife","og_description":"Foam Blizzard Plus ist ein speziell entwickeltes Reinigungsmittel f\u00fcr unsere Schaumkanone mit Glanzverst\u00e4rkern, das eine gleichm\u00e4\u00dfige \"schaumige\"","og_url":"https:\/\/gliptoneeurope.com\/de\/produkt\/schaum-blizzard-plus-schaum-kanonen-seife\/","og_site_name":"Gliptone Europe","article_publisher":"https:\/\/www.facebook.com\/gliptoneeurope\/","og_image":[{"width":1413,"height":1414,"url":"https:\/\/gliptoneeurope.com\/wp-content\/uploads\/Foam-Blizzard-Plus-470ml-16oz.jpg","type":"image\/jpeg"}],"twitter_card":"summary_large_image","schema":{"@context":"https:\/\/schema.org","@graph":[{"@type":"WebPage","@id":"https:\/\/gliptoneeurope.com\/de\/produkt\/schaum-blizzard-plus-schaum-kanonen-seife\/","url":"https:\/\/gliptoneeurope.com\/de\/produkt\/schaum-blizzard-plus-schaum-kanonen-seife\/","name":"Foam Blizzard Plus Schaumkanonenseife - Gliptone Europe","isPartOf":{"@id":"https:\/\/gliptoneeurope.com\/#website"},"primaryImageOfPage":{"@id":"https:\/\/gliptoneeurope.com\/de\/produkt\/schaum-blizzard-plus-schaum-kanonen-seife\/#primaryimage"},"image":{"@id":"https:\/\/gliptoneeurope.com\/de\/produkt\/schaum-blizzard-plus-schaum-kanonen-seife\/#primaryimage"},"thumbnailUrl":"https:\/\/gliptoneeurope.com\/wp-content\/uploads\/Foam-Blizzard-Plus-470ml-16oz.jpg","datePublished":"2021-11-30T11:49:17+00:00","description":"Foam Blizzard Plus ist ein speziell entwickeltes Reinigungsmittel f\u00fcr Foam Cannon mit Glanzverst\u00e4rkern, das eine gleichm\u00e4\u00dfige \u201eschaumige\u201c Schaumschicht abgibt, die auf allen lackierten, Glas- und Kunststoffoberfl\u00e4chen sicher ist.","breadcrumb":{"@id":"https:\/\/gliptoneeurope.com\/de\/produkt\/schaum-blizzard-plus-schaum-kanonen-seife\/#breadcrumb"},"inLanguage":"de","potentialAction":[{"@type":"ReadAction","target":["https:\/\/gliptoneeurope.com\/de\/produkt\/schaum-blizzard-plus-schaum-kanonen-seife\/"]}]},{"@type":"ImageObject","inLanguage":"de","@id":"https:\/\/gliptoneeurope.com\/de\/produkt\/schaum-blizzard-plus-schaum-kanonen-seife\/#primaryimage","url":"https:\/\/gliptoneeurope.com\/wp-content\/uploads\/Foam-Blizzard-Plus-470ml-16oz.jpg","contentUrl":"https:\/\/gliptoneeurope.com\/wp-content\/uploads\/Foam-Blizzard-Plus-470ml-16oz.jpg","width":1413,"height":1414},{"@type":"BreadcrumbList","@id":"https:\/\/gliptoneeurope.com\/de\/produkt\/schaum-blizzard-plus-schaum-kanonen-seife\/#breadcrumb","itemListElement":[{"@type":"ListItem","position":1,"name":"Home","item":"https:\/\/gliptoneeurope.com\/"},{"@type":"ListItem","position":2,"name":"Shop","item":"https:\/\/gliptoneeurope.com\/de\/shop-2\/"},{"@type":"ListItem","position":3,"name":"Foam Blizzard Plus Schaumkanonenseife"}]},{"@type":"WebSite","@id":"https:\/\/gliptoneeurope.com\/#website","url":"https:\/\/gliptoneeurope.com\/","name":"Gliptone Europe","description":"Professional Car Detailing Products","publisher":{"@id":"https:\/\/gliptoneeurope.com\/#organization"},"potentialAction":[{"@type":"SearchAction","target":{"@type":"EntryPoint","urlTemplate":"https:\/\/gliptoneeurope.com\/?s={search_term_string}"},"query-input":{"@type":"PropertyValueSpecification","valueRequired":true,"valueName":"search_term_string"}}],"inLanguage":"de"},{"@type":"Organization","@id":"https:\/\/gliptoneeurope.com\/#organization","name":"Gliptone Europe","url":"https:\/\/gliptoneeurope.com\/","logo":{"@type":"ImageObject","inLanguage":"de","@id":"https:\/\/gliptoneeurope.com\/#\/schema\/logo\/image\/","url":"https:\/\/gliptoneeurope.com\/wp-content\/uploads\/Gliptone_Logo.png","contentUrl":"https:\/\/gliptoneeurope.com\/wp-content\/uploads\/Gliptone_Logo.png","width":1472,"height":607,"caption":"Gliptone Europe"},"image":{"@id":"https:\/\/gliptoneeurope.com\/#\/schema\/logo\/image\/"},"sameAs":["https:\/\/www.facebook.com\/gliptoneeurope\/","https:\/\/www.instagram.com\/gliptoneeurope\/","https:\/\/www.pinterest.co.uk\/GliptoneEurope\/"]}]}},"wcpa_form_fields":null,"_links":{"self":[{"href":"https:\/\/gliptoneeurope.com\/de\/wp-json\/wp\/v2\/product\/12250","targetHints":{"allow":["GET"]}}],"collection":[{"href":"https:\/\/gliptoneeurope.com\/de\/wp-json\/wp\/v2\/product"}],"about":[{"href":"https:\/\/gliptoneeurope.com\/de\/wp-json\/wp\/v2\/types\/product"}],"wp:featuredmedia":[{"embeddable":true,"href":"https:\/\/gliptoneeurope.com\/de\/wp-json\/wp\/v2\/media\/10643"}],"wp:attachment":[{"href":"https:\/\/gliptoneeurope.com\/de\/wp-json\/wp\/v2\/media?parent=12250"}],"wp:term":[{"taxonomy":"product_brand","embeddable":true,"href":"https:\/\/gliptoneeurope.com\/de\/wp-json\/wp\/v2\/product_brand?post=12250"},{"taxonomy":"product_cat","embeddable":true,"href":"https:\/\/gliptoneeurope.com\/de\/wp-json\/wp\/v2\/product_cat?post=12250"},{"taxonomy":"product_tag","embeddable":true,"href":"https:\/\/gliptoneeurope.com\/de\/wp-json\/wp\/v2\/product_tag?post=12250"}],"curies":[{"name":"wp","href":"https:\/\/api.w.org\/{rel}","templated":true}]}}