{"id":12244,"date":"2020-03-17T22:59:09","date_gmt":"2021-11-30T11:48:24","guid":{"rendered":"https:\/\/gliptoneeurope.com\/product\/emerald-clean-entfetter-mehrzweckreiniger\/"},"modified":"2021-11-30T11:48:24","modified_gmt":"2021-11-30T11:48:24","slug":"smaragd-sauber-entfetter-mehrzweckreiniger","status":"publish","type":"product","link":"https:\/\/gliptoneeurope.com\/de\/produkt\/smaragd-sauber-entfetter-mehrzweckreiniger\/","title":{"rendered":"Emerald Clean &#8211; Entfetter\/Mehrzweckreiniger"},"content":{"rendered":"<p>Emerald Clean wirkt als Entfetter, aber auch als Mehrzweckreiniger mit einer umweltfreundlichen Formel und dennoch \u00e4u\u00dferst kraftvoll. Die Formel kann bis zu 10:1 verd\u00fcnnt werden oder f\u00fcr z\u00e4hes Fett in voller St\u00e4rke.<\/p>\n<p>Es eignet sich hervorragend zum Reinigen und Entfetten von Motoren, Kotfl\u00fcgelmulden, Schwellern, T\u00fcrpfosten, Fettflecken von Teppichen und Polstern, Stra\u00dfenfilm und Teer von lackierten Oberfl\u00e4chen, Einfahrten und Garagenb\u00f6den.<\/p>\n<p><a href=\"https:\/\/gliptoneeurope.com\/product\/purple-maxx-1-gall-3-8l\/\">Purple Maxx<\/a> Allzweckreiniger und -entfetter und <a href=\"https:\/\/gliptoneeurope.com\/product\/mighty-blue-1-gall-3-8l\/\">Mighty Blue<\/a> Emulgator sind beides gro\u00dfartige Alternativen f\u00fcr den professionellen Gebrauch, erh\u00e4ltlich in einer 3,8-Liter-Flasche.<\/p>\n<p>22 Unzen.<br \/>\n64 Unzen.<\/p>\n","protected":false},"excerpt":{"rendered":"<p>Emerald Clean wirkt als Entfetter, aber auch als Mehrzweckreiniger mit einer umweltfreundlichen Formel und dennoch \u00e4u\u00dferst kraftvoll. Die Formel kann bis zu 10:1 verd\u00fcnnt werden oder f\u00fcr z\u00e4hes Fett in voller St\u00e4rke. Es eignet sich hervorragend zum Reinigen und Entfetten von Motoren, Kotfl\u00fcgelmulden, Schwellern, T\u00fcrpfosten, Fettflecken von Teppichen und Polstern, Stra\u00dfenfilm und Teer von lackierten [&hellip;]<\/p>\n","protected":false},"featured_media":18521,"template":"","meta":[],"product_brand":[],"product_cat":[156,119],"product_tag":[],"class_list":{"0":"post-12244","1":"product","2":"type-product","3":"status-publish","4":"has-post-thumbnail","6":"product_cat-motor","7":"product_cat-vorbereitung-reinigung","9":"first","10":"instock","11":"featured","12":"taxable","13":"shipping-taxable","14":"purchasable","15":"product-type-variable"},"yoast_head":"<!-- This site is optimized with the Yoast SEO Premium plugin v21.4 (Yoast SEO v27.4) - https:\/\/yoast.com\/product\/yoast-seo-premium-wordpress\/ -->\n<title>Emerald Clean - Entfetter\/Mehrzweckreiniger - Gliptone Europe<\/title>\n<meta name=\"description\" content=\"Emerald Clean wirkt als Entfetter, aber auch als Mehrzweckreiniger mit einer umweltfreundlichen Formel und dennoch \u00e4u\u00dferst kraftvoll.\" \/>\n<meta name=\"robots\" content=\"index, follow, max-snippet:-1, max-image-preview:large, max-video-preview:-1\" \/>\n<link rel=\"canonical\" href=\"https:\/\/gliptoneeurope.com\/de\/produkt\/smaragd-sauber-entfetter-mehrzweckreiniger\/\" \/>\n<meta property=\"og:locale\" content=\"de_DE\" \/>\n<meta property=\"og:type\" content=\"article\" \/>\n<meta property=\"og:title\" content=\"Emerald Clean - Entfetter\/Mehrzweckreiniger\" \/>\n<meta property=\"og:description\" content=\"Emerald Clean wirkt als Entfetter, aber auch als Mehrzweckreiniger mit einer umweltfreundlichen Formel und dennoch \u00e4u\u00dferst kraftvoll. Die Formel kann bis\" \/>\n<meta property=\"og:url\" content=\"https:\/\/gliptoneeurope.com\/de\/produkt\/smaragd-sauber-entfetter-mehrzweckreiniger\/\" \/>\n<meta property=\"og:site_name\" content=\"Gliptone Europe\" \/>\n<meta property=\"article:publisher\" content=\"https:\/\/www.facebook.com\/gliptoneeurope\/\" \/>\n<meta property=\"og:image\" content=\"https:\/\/gliptoneeurope.com\/wp-content\/uploads\/Emerald-Clean-1.jpg\" \/>\n\t<meta property=\"og:image:width\" content=\"1654\" \/>\n\t<meta property=\"og:image:height\" content=\"1621\" \/>\n\t<meta property=\"og:image:type\" content=\"image\/jpeg\" \/>\n<meta name=\"twitter:card\" content=\"summary_large_image\" \/>\n<script type=\"application\/ld+json\" class=\"yoast-schema-graph\">{\"@context\":\"https:\\\/\\\/schema.org\",\"@graph\":[{\"@type\":\"WebPage\",\"@id\":\"https:\\\/\\\/gliptoneeurope.com\\\/de\\\/produkt\\\/smaragd-sauber-entfetter-mehrzweckreiniger\\\/\",\"url\":\"https:\\\/\\\/gliptoneeurope.com\\\/de\\\/produkt\\\/smaragd-sauber-entfetter-mehrzweckreiniger\\\/\",\"name\":\"Emerald Clean - Entfetter\\\/Mehrzweckreiniger - Gliptone Europe\",\"isPartOf\":{\"@id\":\"https:\\\/\\\/gliptoneeurope.com\\\/#website\"},\"primaryImageOfPage\":{\"@id\":\"https:\\\/\\\/gliptoneeurope.com\\\/de\\\/produkt\\\/smaragd-sauber-entfetter-mehrzweckreiniger\\\/#primaryimage\"},\"image\":{\"@id\":\"https:\\\/\\\/gliptoneeurope.com\\\/de\\\/produkt\\\/smaragd-sauber-entfetter-mehrzweckreiniger\\\/#primaryimage\"},\"thumbnailUrl\":\"https:\\\/\\\/gliptoneeurope.com\\\/wp-content\\\/uploads\\\/Emerald-Clean-1.jpg\",\"datePublished\":\"2021-11-30T11:48:24+00:00\",\"description\":\"Emerald Clean wirkt als Entfetter, aber auch als Mehrzweckreiniger mit einer umweltfreundlichen Formel und dennoch \u00e4u\u00dferst kraftvoll.\",\"breadcrumb\":{\"@id\":\"https:\\\/\\\/gliptoneeurope.com\\\/de\\\/produkt\\\/smaragd-sauber-entfetter-mehrzweckreiniger\\\/#breadcrumb\"},\"inLanguage\":\"de\",\"potentialAction\":[{\"@type\":\"ReadAction\",\"target\":[\"https:\\\/\\\/gliptoneeurope.com\\\/de\\\/produkt\\\/smaragd-sauber-entfetter-mehrzweckreiniger\\\/\"]}]},{\"@type\":\"ImageObject\",\"inLanguage\":\"de\",\"@id\":\"https:\\\/\\\/gliptoneeurope.com\\\/de\\\/produkt\\\/smaragd-sauber-entfetter-mehrzweckreiniger\\\/#primaryimage\",\"url\":\"https:\\\/\\\/gliptoneeurope.com\\\/wp-content\\\/uploads\\\/Emerald-Clean-1.jpg\",\"contentUrl\":\"https:\\\/\\\/gliptoneeurope.com\\\/wp-content\\\/uploads\\\/Emerald-Clean-1.jpg\",\"width\":1654,\"height\":1621},{\"@type\":\"BreadcrumbList\",\"@id\":\"https:\\\/\\\/gliptoneeurope.com\\\/de\\\/produkt\\\/smaragd-sauber-entfetter-mehrzweckreiniger\\\/#breadcrumb\",\"itemListElement\":[{\"@type\":\"ListItem\",\"position\":1,\"name\":\"Home\",\"item\":\"https:\\\/\\\/gliptoneeurope.com\\\/\"},{\"@type\":\"ListItem\",\"position\":2,\"name\":\"Shop\",\"item\":\"https:\\\/\\\/gliptoneeurope.com\\\/de\\\/shop-2\\\/\"},{\"@type\":\"ListItem\",\"position\":3,\"name\":\"Emerald Clean &#8211; Entfetter\\\/Mehrzweckreiniger\"}]},{\"@type\":\"WebSite\",\"@id\":\"https:\\\/\\\/gliptoneeurope.com\\\/#website\",\"url\":\"https:\\\/\\\/gliptoneeurope.com\\\/\",\"name\":\"Gliptone Europe\",\"description\":\"Professional Car Detailing Products\",\"publisher\":{\"@id\":\"https:\\\/\\\/gliptoneeurope.com\\\/#organization\"},\"potentialAction\":[{\"@type\":\"SearchAction\",\"target\":{\"@type\":\"EntryPoint\",\"urlTemplate\":\"https:\\\/\\\/gliptoneeurope.com\\\/?s={search_term_string}\"},\"query-input\":{\"@type\":\"PropertyValueSpecification\",\"valueRequired\":true,\"valueName\":\"search_term_string\"}}],\"inLanguage\":\"de\"},{\"@type\":\"Organization\",\"@id\":\"https:\\\/\\\/gliptoneeurope.com\\\/#organization\",\"name\":\"Gliptone Europe\",\"url\":\"https:\\\/\\\/gliptoneeurope.com\\\/\",\"logo\":{\"@type\":\"ImageObject\",\"inLanguage\":\"de\",\"@id\":\"https:\\\/\\\/gliptoneeurope.com\\\/#\\\/schema\\\/logo\\\/image\\\/\",\"url\":\"https:\\\/\\\/gliptoneeurope.com\\\/wp-content\\\/uploads\\\/Gliptone_Logo.png\",\"contentUrl\":\"https:\\\/\\\/gliptoneeurope.com\\\/wp-content\\\/uploads\\\/Gliptone_Logo.png\",\"width\":1472,\"height\":607,\"caption\":\"Gliptone Europe\"},\"image\":{\"@id\":\"https:\\\/\\\/gliptoneeurope.com\\\/#\\\/schema\\\/logo\\\/image\\\/\"},\"sameAs\":[\"https:\\\/\\\/www.facebook.com\\\/gliptoneeurope\\\/\",\"https:\\\/\\\/www.instagram.com\\\/gliptoneeurope\\\/\",\"https:\\\/\\\/www.pinterest.co.uk\\\/GliptoneEurope\\\/\"]}]}<\/script>\n<!-- \/ Yoast SEO Premium plugin. -->","yoast_head_json":{"title":"Emerald Clean - Entfetter\/Mehrzweckreiniger - Gliptone Europe","description":"Emerald Clean wirkt als Entfetter, aber auch als Mehrzweckreiniger mit einer umweltfreundlichen Formel und dennoch \u00e4u\u00dferst kraftvoll.","robots":{"index":"index","follow":"follow","max-snippet":"max-snippet:-1","max-image-preview":"max-image-preview:large","max-video-preview":"max-video-preview:-1"},"canonical":"https:\/\/gliptoneeurope.com\/de\/produkt\/smaragd-sauber-entfetter-mehrzweckreiniger\/","og_locale":"de_DE","og_type":"article","og_title":"Emerald Clean - Entfetter\/Mehrzweckreiniger","og_description":"Emerald Clean wirkt als Entfetter, aber auch als Mehrzweckreiniger mit einer umweltfreundlichen Formel und dennoch \u00e4u\u00dferst kraftvoll. Die Formel kann bis","og_url":"https:\/\/gliptoneeurope.com\/de\/produkt\/smaragd-sauber-entfetter-mehrzweckreiniger\/","og_site_name":"Gliptone Europe","article_publisher":"https:\/\/www.facebook.com\/gliptoneeurope\/","og_image":[{"width":1654,"height":1621,"url":"https:\/\/gliptoneeurope.com\/wp-content\/uploads\/Emerald-Clean-1.jpg","type":"image\/jpeg"}],"twitter_card":"summary_large_image","schema":{"@context":"https:\/\/schema.org","@graph":[{"@type":"WebPage","@id":"https:\/\/gliptoneeurope.com\/de\/produkt\/smaragd-sauber-entfetter-mehrzweckreiniger\/","url":"https:\/\/gliptoneeurope.com\/de\/produkt\/smaragd-sauber-entfetter-mehrzweckreiniger\/","name":"Emerald Clean - Entfetter\/Mehrzweckreiniger - Gliptone Europe","isPartOf":{"@id":"https:\/\/gliptoneeurope.com\/#website"},"primaryImageOfPage":{"@id":"https:\/\/gliptoneeurope.com\/de\/produkt\/smaragd-sauber-entfetter-mehrzweckreiniger\/#primaryimage"},"image":{"@id":"https:\/\/gliptoneeurope.com\/de\/produkt\/smaragd-sauber-entfetter-mehrzweckreiniger\/#primaryimage"},"thumbnailUrl":"https:\/\/gliptoneeurope.com\/wp-content\/uploads\/Emerald-Clean-1.jpg","datePublished":"2021-11-30T11:48:24+00:00","description":"Emerald Clean wirkt als Entfetter, aber auch als Mehrzweckreiniger mit einer umweltfreundlichen Formel und dennoch \u00e4u\u00dferst kraftvoll.","breadcrumb":{"@id":"https:\/\/gliptoneeurope.com\/de\/produkt\/smaragd-sauber-entfetter-mehrzweckreiniger\/#breadcrumb"},"inLanguage":"de","potentialAction":[{"@type":"ReadAction","target":["https:\/\/gliptoneeurope.com\/de\/produkt\/smaragd-sauber-entfetter-mehrzweckreiniger\/"]}]},{"@type":"ImageObject","inLanguage":"de","@id":"https:\/\/gliptoneeurope.com\/de\/produkt\/smaragd-sauber-entfetter-mehrzweckreiniger\/#primaryimage","url":"https:\/\/gliptoneeurope.com\/wp-content\/uploads\/Emerald-Clean-1.jpg","contentUrl":"https:\/\/gliptoneeurope.com\/wp-content\/uploads\/Emerald-Clean-1.jpg","width":1654,"height":1621},{"@type":"BreadcrumbList","@id":"https:\/\/gliptoneeurope.com\/de\/produkt\/smaragd-sauber-entfetter-mehrzweckreiniger\/#breadcrumb","itemListElement":[{"@type":"ListItem","position":1,"name":"Home","item":"https:\/\/gliptoneeurope.com\/"},{"@type":"ListItem","position":2,"name":"Shop","item":"https:\/\/gliptoneeurope.com\/de\/shop-2\/"},{"@type":"ListItem","position":3,"name":"Emerald Clean &#8211; Entfetter\/Mehrzweckreiniger"}]},{"@type":"WebSite","@id":"https:\/\/gliptoneeurope.com\/#website","url":"https:\/\/gliptoneeurope.com\/","name":"Gliptone Europe","description":"Professional Car Detailing Products","publisher":{"@id":"https:\/\/gliptoneeurope.com\/#organization"},"potentialAction":[{"@type":"SearchAction","target":{"@type":"EntryPoint","urlTemplate":"https:\/\/gliptoneeurope.com\/?s={search_term_string}"},"query-input":{"@type":"PropertyValueSpecification","valueRequired":true,"valueName":"search_term_string"}}],"inLanguage":"de"},{"@type":"Organization","@id":"https:\/\/gliptoneeurope.com\/#organization","name":"Gliptone Europe","url":"https:\/\/gliptoneeurope.com\/","logo":{"@type":"ImageObject","inLanguage":"de","@id":"https:\/\/gliptoneeurope.com\/#\/schema\/logo\/image\/","url":"https:\/\/gliptoneeurope.com\/wp-content\/uploads\/Gliptone_Logo.png","contentUrl":"https:\/\/gliptoneeurope.com\/wp-content\/uploads\/Gliptone_Logo.png","width":1472,"height":607,"caption":"Gliptone Europe"},"image":{"@id":"https:\/\/gliptoneeurope.com\/#\/schema\/logo\/image\/"},"sameAs":["https:\/\/www.facebook.com\/gliptoneeurope\/","https:\/\/www.instagram.com\/gliptoneeurope\/","https:\/\/www.pinterest.co.uk\/GliptoneEurope\/"]}]}},"wcpa_form_fields":null,"_links":{"self":[{"href":"https:\/\/gliptoneeurope.com\/de\/wp-json\/wp\/v2\/product\/12244","targetHints":{"allow":["GET"]}}],"collection":[{"href":"https:\/\/gliptoneeurope.com\/de\/wp-json\/wp\/v2\/product"}],"about":[{"href":"https:\/\/gliptoneeurope.com\/de\/wp-json\/wp\/v2\/types\/product"}],"wp:featuredmedia":[{"embeddable":true,"href":"https:\/\/gliptoneeurope.com\/de\/wp-json\/wp\/v2\/media\/18521"}],"wp:attachment":[{"href":"https:\/\/gliptoneeurope.com\/de\/wp-json\/wp\/v2\/media?parent=12244"}],"wp:term":[{"taxonomy":"product_brand","embeddable":true,"href":"https:\/\/gliptoneeurope.com\/de\/wp-json\/wp\/v2\/product_brand?post=12244"},{"taxonomy":"product_cat","embeddable":true,"href":"https:\/\/gliptoneeurope.com\/de\/wp-json\/wp\/v2\/product_cat?post=12244"},{"taxonomy":"product_tag","embeddable":true,"href":"https:\/\/gliptoneeurope.com\/de\/wp-json\/wp\/v2\/product_tag?post=12244"}],"curies":[{"name":"wp","href":"https:\/\/api.w.org\/{rel}","templated":true}]}}