{"id":12232,"date":"2020-03-17T23:04:23","date_gmt":"2021-11-30T11:48:19","guid":{"rendered":"https:\/\/gliptoneeurope.com\/product\/total-reifen-und-felgenreiniger\/"},"modified":"2021-11-30T11:48:19","modified_gmt":"2021-11-30T11:48:19","slug":"total-reifen-felgen-reiniger","status":"publish","type":"product","link":"https:\/\/gliptoneeurope.com\/de\/produkt\/total-reifen-felgen-reiniger\/","title":{"rendered":"Total Reifen- und Felgenreiniger"},"content":{"rendered":"<p>Unser Total Tire and Rim Cleaner ist eine professionelle Formel, die bei Wei\u00df- und Schwarzwandreifen \u00e4u\u00dferst effektiv ist.<\/p>\n<p>Zur Anwendung einfach auf die Reifen spr\u00fchen, mit einem Schwamm oder einer weichen B\u00fcrste aufr\u00fchren, um die beste Wirkung zu erzielen und abspritzen.<\/p>\n<p>Auch sehr effektiv auf heutigen Klarlack &amp; lackierten Felgen. Vor dem Reifenglanz verwenden, um den Glanz zu verbessern. Angenehmer Zitronenduft.<\/p>\n<p>Ausgezeichnete Wahl, wenn Sie ein Produkt f\u00fcr Reifen- und Felgenreinigungsanwendungen suchen.<\/p>\n<p>Unser <a href=\"https:\/\/gliptoneeurope.com\/product\/tyre-wash-1-gall-3-8l\/\">Reifenwaschkonzentrat<\/a> ist eine gro\u00dfartige Alternative f\u00fcr den professionellen Gebrauch, erh\u00e4ltlich in einer 3,8-Liter-Flasche (1 Gall).<\/p>\n<p>22 Unzen.<\/p>\n","protected":false},"excerpt":{"rendered":"<p>Unser Total Tire and Rim Cleaner ist eine professionelle Formel, die bei Wei\u00df- und Schwarzwandreifen \u00e4u\u00dferst effektiv ist. Zur Anwendung einfach auf die Reifen spr\u00fchen, mit einem Schwamm oder einer weichen B\u00fcrste aufr\u00fchren, um die beste Wirkung zu erzielen und abspritzen. Auch sehr effektiv auf heutigen Klarlack &amp; lackierten Felgen. Vor dem Reifenglanz verwenden, um [&hellip;]<\/p>\n","protected":false},"featured_media":18530,"template":"","meta":[],"product_brand":[],"product_cat":[110,119],"product_tag":[],"class_list":{"0":"post-12232","1":"product","2":"type-product","3":"status-publish","4":"has-post-thumbnail","6":"product_cat-rader","7":"product_cat-vorbereitung-reinigung","9":"first","10":"outofstock","11":"taxable","12":"shipping-taxable","13":"purchasable","14":"product-type-variable"},"yoast_head":"<!-- This site is optimized with the Yoast SEO Premium plugin v21.4 (Yoast SEO v27.4) - https:\/\/yoast.com\/product\/yoast-seo-premium-wordpress\/ -->\n<title>Total Reifen- und Felgenreiniger - Gliptone Europe<\/title>\n<meta name=\"description\" content=\"Unser Total Tire and Rim Cleaner ist eine professionelle Formel, die bei Wei\u00df- und Schwarzwandreifen \u00e4u\u00dferst effektiv ist.\" \/>\n<meta name=\"robots\" content=\"index, follow, max-snippet:-1, max-image-preview:large, max-video-preview:-1\" \/>\n<link rel=\"canonical\" href=\"https:\/\/gliptoneeurope.com\/de\/produkt\/total-reifen-felgen-reiniger\/\" \/>\n<meta property=\"og:locale\" content=\"de_DE\" \/>\n<meta property=\"og:type\" content=\"article\" \/>\n<meta property=\"og:title\" content=\"Total Reifen- und Felgenreiniger\" \/>\n<meta property=\"og:description\" content=\"Unser Total Tire and Rim Cleaner ist eine professionelle Formel, die bei Wei\u00df- und Schwarzwandreifen \u00e4u\u00dferst effektiv ist. Zur Anwendung einfach auf die\" \/>\n<meta property=\"og:url\" content=\"https:\/\/gliptoneeurope.com\/de\/produkt\/total-reifen-felgen-reiniger\/\" \/>\n<meta property=\"og:site_name\" content=\"Gliptone Europe\" \/>\n<meta property=\"article:publisher\" content=\"https:\/\/www.facebook.com\/gliptoneeurope\/\" \/>\n<meta property=\"og:image\" content=\"https:\/\/gliptoneeurope.com\/wp-content\/uploads\/TireRim.jpg\" \/>\n\t<meta property=\"og:image:width\" content=\"1654\" \/>\n\t<meta property=\"og:image:height\" content=\"1621\" \/>\n\t<meta property=\"og:image:type\" content=\"image\/jpeg\" \/>\n<meta name=\"twitter:card\" content=\"summary_large_image\" \/>\n<script type=\"application\/ld+json\" class=\"yoast-schema-graph\">{\"@context\":\"https:\\\/\\\/schema.org\",\"@graph\":[{\"@type\":\"WebPage\",\"@id\":\"https:\\\/\\\/gliptoneeurope.com\\\/de\\\/produkt\\\/total-reifen-felgen-reiniger\\\/\",\"url\":\"https:\\\/\\\/gliptoneeurope.com\\\/de\\\/produkt\\\/total-reifen-felgen-reiniger\\\/\",\"name\":\"Total Reifen- und Felgenreiniger - Gliptone Europe\",\"isPartOf\":{\"@id\":\"https:\\\/\\\/gliptoneeurope.com\\\/#website\"},\"primaryImageOfPage\":{\"@id\":\"https:\\\/\\\/gliptoneeurope.com\\\/de\\\/produkt\\\/total-reifen-felgen-reiniger\\\/#primaryimage\"},\"image\":{\"@id\":\"https:\\\/\\\/gliptoneeurope.com\\\/de\\\/produkt\\\/total-reifen-felgen-reiniger\\\/#primaryimage\"},\"thumbnailUrl\":\"https:\\\/\\\/gliptoneeurope.com\\\/wp-content\\\/uploads\\\/TireRim.jpg\",\"datePublished\":\"2021-11-30T11:48:19+00:00\",\"description\":\"Unser Total Tire and Rim Cleaner ist eine professionelle Formel, die bei Wei\u00df- und Schwarzwandreifen \u00e4u\u00dferst effektiv ist.\",\"breadcrumb\":{\"@id\":\"https:\\\/\\\/gliptoneeurope.com\\\/de\\\/produkt\\\/total-reifen-felgen-reiniger\\\/#breadcrumb\"},\"inLanguage\":\"de\",\"potentialAction\":[{\"@type\":\"ReadAction\",\"target\":[\"https:\\\/\\\/gliptoneeurope.com\\\/de\\\/produkt\\\/total-reifen-felgen-reiniger\\\/\"]}]},{\"@type\":\"ImageObject\",\"inLanguage\":\"de\",\"@id\":\"https:\\\/\\\/gliptoneeurope.com\\\/de\\\/produkt\\\/total-reifen-felgen-reiniger\\\/#primaryimage\",\"url\":\"https:\\\/\\\/gliptoneeurope.com\\\/wp-content\\\/uploads\\\/TireRim.jpg\",\"contentUrl\":\"https:\\\/\\\/gliptoneeurope.com\\\/wp-content\\\/uploads\\\/TireRim.jpg\",\"width\":1654,\"height\":1621},{\"@type\":\"BreadcrumbList\",\"@id\":\"https:\\\/\\\/gliptoneeurope.com\\\/de\\\/produkt\\\/total-reifen-felgen-reiniger\\\/#breadcrumb\",\"itemListElement\":[{\"@type\":\"ListItem\",\"position\":1,\"name\":\"Home\",\"item\":\"https:\\\/\\\/gliptoneeurope.com\\\/\"},{\"@type\":\"ListItem\",\"position\":2,\"name\":\"Shop\",\"item\":\"https:\\\/\\\/gliptoneeurope.com\\\/de\\\/shop-2\\\/\"},{\"@type\":\"ListItem\",\"position\":3,\"name\":\"Total Reifen- und Felgenreiniger\"}]},{\"@type\":\"WebSite\",\"@id\":\"https:\\\/\\\/gliptoneeurope.com\\\/#website\",\"url\":\"https:\\\/\\\/gliptoneeurope.com\\\/\",\"name\":\"Gliptone Europe\",\"description\":\"Professional Car Detailing Products\",\"publisher\":{\"@id\":\"https:\\\/\\\/gliptoneeurope.com\\\/#organization\"},\"potentialAction\":[{\"@type\":\"SearchAction\",\"target\":{\"@type\":\"EntryPoint\",\"urlTemplate\":\"https:\\\/\\\/gliptoneeurope.com\\\/?s={search_term_string}\"},\"query-input\":{\"@type\":\"PropertyValueSpecification\",\"valueRequired\":true,\"valueName\":\"search_term_string\"}}],\"inLanguage\":\"de\"},{\"@type\":\"Organization\",\"@id\":\"https:\\\/\\\/gliptoneeurope.com\\\/#organization\",\"name\":\"Gliptone Europe\",\"url\":\"https:\\\/\\\/gliptoneeurope.com\\\/\",\"logo\":{\"@type\":\"ImageObject\",\"inLanguage\":\"de\",\"@id\":\"https:\\\/\\\/gliptoneeurope.com\\\/#\\\/schema\\\/logo\\\/image\\\/\",\"url\":\"https:\\\/\\\/gliptoneeurope.com\\\/wp-content\\\/uploads\\\/Gliptone_Logo.png\",\"contentUrl\":\"https:\\\/\\\/gliptoneeurope.com\\\/wp-content\\\/uploads\\\/Gliptone_Logo.png\",\"width\":1472,\"height\":607,\"caption\":\"Gliptone Europe\"},\"image\":{\"@id\":\"https:\\\/\\\/gliptoneeurope.com\\\/#\\\/schema\\\/logo\\\/image\\\/\"},\"sameAs\":[\"https:\\\/\\\/www.facebook.com\\\/gliptoneeurope\\\/\",\"https:\\\/\\\/www.instagram.com\\\/gliptoneeurope\\\/\",\"https:\\\/\\\/www.pinterest.co.uk\\\/GliptoneEurope\\\/\"]}]}<\/script>\n<!-- \/ Yoast SEO Premium plugin. -->","yoast_head_json":{"title":"Total Reifen- und Felgenreiniger - Gliptone Europe","description":"Unser Total Tire and Rim Cleaner ist eine professionelle Formel, die bei Wei\u00df- und Schwarzwandreifen \u00e4u\u00dferst effektiv ist.","robots":{"index":"index","follow":"follow","max-snippet":"max-snippet:-1","max-image-preview":"max-image-preview:large","max-video-preview":"max-video-preview:-1"},"canonical":"https:\/\/gliptoneeurope.com\/de\/produkt\/total-reifen-felgen-reiniger\/","og_locale":"de_DE","og_type":"article","og_title":"Total Reifen- und Felgenreiniger","og_description":"Unser Total Tire and Rim Cleaner ist eine professionelle Formel, die bei Wei\u00df- und Schwarzwandreifen \u00e4u\u00dferst effektiv ist. Zur Anwendung einfach auf die","og_url":"https:\/\/gliptoneeurope.com\/de\/produkt\/total-reifen-felgen-reiniger\/","og_site_name":"Gliptone Europe","article_publisher":"https:\/\/www.facebook.com\/gliptoneeurope\/","og_image":[{"width":1654,"height":1621,"url":"https:\/\/gliptoneeurope.com\/wp-content\/uploads\/TireRim.jpg","type":"image\/jpeg"}],"twitter_card":"summary_large_image","schema":{"@context":"https:\/\/schema.org","@graph":[{"@type":"WebPage","@id":"https:\/\/gliptoneeurope.com\/de\/produkt\/total-reifen-felgen-reiniger\/","url":"https:\/\/gliptoneeurope.com\/de\/produkt\/total-reifen-felgen-reiniger\/","name":"Total Reifen- und Felgenreiniger - Gliptone Europe","isPartOf":{"@id":"https:\/\/gliptoneeurope.com\/#website"},"primaryImageOfPage":{"@id":"https:\/\/gliptoneeurope.com\/de\/produkt\/total-reifen-felgen-reiniger\/#primaryimage"},"image":{"@id":"https:\/\/gliptoneeurope.com\/de\/produkt\/total-reifen-felgen-reiniger\/#primaryimage"},"thumbnailUrl":"https:\/\/gliptoneeurope.com\/wp-content\/uploads\/TireRim.jpg","datePublished":"2021-11-30T11:48:19+00:00","description":"Unser Total Tire and Rim Cleaner ist eine professionelle Formel, die bei Wei\u00df- und Schwarzwandreifen \u00e4u\u00dferst effektiv ist.","breadcrumb":{"@id":"https:\/\/gliptoneeurope.com\/de\/produkt\/total-reifen-felgen-reiniger\/#breadcrumb"},"inLanguage":"de","potentialAction":[{"@type":"ReadAction","target":["https:\/\/gliptoneeurope.com\/de\/produkt\/total-reifen-felgen-reiniger\/"]}]},{"@type":"ImageObject","inLanguage":"de","@id":"https:\/\/gliptoneeurope.com\/de\/produkt\/total-reifen-felgen-reiniger\/#primaryimage","url":"https:\/\/gliptoneeurope.com\/wp-content\/uploads\/TireRim.jpg","contentUrl":"https:\/\/gliptoneeurope.com\/wp-content\/uploads\/TireRim.jpg","width":1654,"height":1621},{"@type":"BreadcrumbList","@id":"https:\/\/gliptoneeurope.com\/de\/produkt\/total-reifen-felgen-reiniger\/#breadcrumb","itemListElement":[{"@type":"ListItem","position":1,"name":"Home","item":"https:\/\/gliptoneeurope.com\/"},{"@type":"ListItem","position":2,"name":"Shop","item":"https:\/\/gliptoneeurope.com\/de\/shop-2\/"},{"@type":"ListItem","position":3,"name":"Total Reifen- und Felgenreiniger"}]},{"@type":"WebSite","@id":"https:\/\/gliptoneeurope.com\/#website","url":"https:\/\/gliptoneeurope.com\/","name":"Gliptone Europe","description":"Professional Car Detailing Products","publisher":{"@id":"https:\/\/gliptoneeurope.com\/#organization"},"potentialAction":[{"@type":"SearchAction","target":{"@type":"EntryPoint","urlTemplate":"https:\/\/gliptoneeurope.com\/?s={search_term_string}"},"query-input":{"@type":"PropertyValueSpecification","valueRequired":true,"valueName":"search_term_string"}}],"inLanguage":"de"},{"@type":"Organization","@id":"https:\/\/gliptoneeurope.com\/#organization","name":"Gliptone Europe","url":"https:\/\/gliptoneeurope.com\/","logo":{"@type":"ImageObject","inLanguage":"de","@id":"https:\/\/gliptoneeurope.com\/#\/schema\/logo\/image\/","url":"https:\/\/gliptoneeurope.com\/wp-content\/uploads\/Gliptone_Logo.png","contentUrl":"https:\/\/gliptoneeurope.com\/wp-content\/uploads\/Gliptone_Logo.png","width":1472,"height":607,"caption":"Gliptone Europe"},"image":{"@id":"https:\/\/gliptoneeurope.com\/#\/schema\/logo\/image\/"},"sameAs":["https:\/\/www.facebook.com\/gliptoneeurope\/","https:\/\/www.instagram.com\/gliptoneeurope\/","https:\/\/www.pinterest.co.uk\/GliptoneEurope\/"]}]}},"wcpa_form_fields":null,"_links":{"self":[{"href":"https:\/\/gliptoneeurope.com\/de\/wp-json\/wp\/v2\/product\/12232","targetHints":{"allow":["GET"]}}],"collection":[{"href":"https:\/\/gliptoneeurope.com\/de\/wp-json\/wp\/v2\/product"}],"about":[{"href":"https:\/\/gliptoneeurope.com\/de\/wp-json\/wp\/v2\/types\/product"}],"wp:featuredmedia":[{"embeddable":true,"href":"https:\/\/gliptoneeurope.com\/de\/wp-json\/wp\/v2\/media\/18530"}],"wp:attachment":[{"href":"https:\/\/gliptoneeurope.com\/de\/wp-json\/wp\/v2\/media?parent=12232"}],"wp:term":[{"taxonomy":"product_brand","embeddable":true,"href":"https:\/\/gliptoneeurope.com\/de\/wp-json\/wp\/v2\/product_brand?post=12232"},{"taxonomy":"product_cat","embeddable":true,"href":"https:\/\/gliptoneeurope.com\/de\/wp-json\/wp\/v2\/product_cat?post=12232"},{"taxonomy":"product_tag","embeddable":true,"href":"https:\/\/gliptoneeurope.com\/de\/wp-json\/wp\/v2\/product_tag?post=12232"}],"curies":[{"name":"wp","href":"https:\/\/api.w.org\/{rel}","templated":true}]}}