{"id":12230,"date":"2020-04-06T17:30:58","date_gmt":"2021-11-30T11:48:17","guid":{"rendered":"https:\/\/gliptoneeurope.com\/product\/magtastik-felgenreiniger\/"},"modified":"2021-11-30T11:48:17","modified_gmt":"2021-11-30T11:48:17","slug":"magtastik-felgenreiniger","status":"publish","type":"product","link":"https:\/\/gliptoneeurope.com\/de\/produkt\/magtastik-felgenreiniger\/","title":{"rendered":"Magtastik &#8211; Felgenreiniger"},"content":{"rendered":"<p>Mit Magtastik Felgen-\/Felgenreiniger k\u00f6nnen Bremsstaub, Stra\u00dfenschmutz und Oberfl\u00e4chenrost sicher und effektiv entfernt werden, w\u00e4hrend eine hitzebest\u00e4ndige Polymerbeschichtung zum Schutz vor zuk\u00fcnftigen Schmutzablagerungen zur\u00fcckbleibt.<\/p>\n<p>Hinterl\u00e4sst R\u00e4der\/Felgen sauber und gl\u00e4nzend. Mit einer 2-Tuch-Methode auftragen, 1 an und 1 aus. Nicht aush\u00e4rten\/trocknen lassen. Spray-on, Rins-off-Formel, beseitigt das Schrubben. Professioneller Grad.<\/p>\n<p>Wird von Detaillierungstechnikern in den USA und auf der ganzen Welt verwendet. Zur Verwendung auf Werksr\u00e4dern.<\/p>\n<p>Hinweis: F\u00fcr unbeschichtete oder polierte Aluminiumfelgen GT15922 Metal Wash verwenden.<\/p>\n<p>Dieses Produkt finden Sie in unserem <a href=\"https:\/\/gliptoneeurope.com\/product\/wheel-wash-protect-kit\/\">Wheel Wash &amp; Protect Kit<\/a> , das alles enth\u00e4lt, was Sie brauchen, um Ihre Reifen und Felgen sicher zu reinigen und sie gleichzeitig vor Bremsstaub, Stra\u00dfenschmutz und Oberfl\u00e4chenrost zu sch\u00fctzen.<\/p>\n<p>Dieses Produkt ist auch als <a href=\"https:\/\/gliptoneeurope.com\/product\/magtastik-plus-1-gall-3-8l\/\">Magtastik Plus<\/a> in einem gr\u00f6\u00dferen Volumen von 3,8 Liter (1 Gal) erh\u00e4ltlich. F\u00fcr eine Felgenreinigungsalternative f\u00fcr den professionellen Gebrauch ist <a href=\"https:\/\/gliptoneeurope.com\/product\/dust-off-1-gall-3-8l\/\">Dust Off<\/a> auch in einem gr\u00f6\u00dferen Volumen einer 3,8 (1 Gall) Flasche erh\u00e4ltlich.<\/p>\n<p>22oz 650ml.<\/p>\n","protected":false},"excerpt":{"rendered":"<p>Mit Magtastik Felgen-\/Felgenreiniger k\u00f6nnen Bremsstaub, Stra\u00dfenschmutz und Oberfl\u00e4chenrost sicher und effektiv entfernt werden, w\u00e4hrend eine hitzebest\u00e4ndige Polymerbeschichtung zum Schutz vor zuk\u00fcnftigen Schmutzablagerungen zur\u00fcckbleibt. Hinterl\u00e4sst R\u00e4der\/Felgen sauber und gl\u00e4nzend. Mit einer 2-Tuch-Methode auftragen, 1 an und 1 aus. Nicht aush\u00e4rten\/trocknen lassen. Spray-on, Rins-off-Formel, beseitigt das Schrubben. Professioneller Grad. Wird von Detaillierungstechnikern in den USA und auf [&hellip;]<\/p>\n","protected":false},"featured_media":18536,"template":"","meta":[],"product_brand":[],"product_cat":[110],"product_tag":[],"class_list":{"0":"post-12230","1":"product","2":"type-product","3":"status-publish","4":"has-post-thumbnail","6":"product_cat-rader","8":"first","9":"instock","10":"taxable","11":"shipping-taxable","12":"purchasable","13":"product-type-variable"},"yoast_head":"<!-- This site is optimized with the Yoast SEO Premium plugin v21.4 (Yoast SEO v27.4) - https:\/\/yoast.com\/product\/yoast-seo-premium-wordpress\/ -->\n<title>Magtastik - Felgenreiniger - Gliptone Europe<\/title>\n<meta name=\"description\" content=\"Mit Magtastik Felgen-\/Felgenreiniger k\u00f6nnen Sie Bremsstaub, Stra\u00dfenschmutz und Oberfl\u00e4chenrost sicher und effektiv entfernen.\" \/>\n<meta name=\"robots\" content=\"index, follow, max-snippet:-1, max-image-preview:large, max-video-preview:-1\" \/>\n<link rel=\"canonical\" href=\"https:\/\/gliptoneeurope.com\/de\/produkt\/magtastik-felgenreiniger\/\" \/>\n<meta property=\"og:locale\" content=\"de_DE\" \/>\n<meta property=\"og:type\" content=\"article\" \/>\n<meta property=\"og:title\" content=\"Magtastik - Felgenreiniger\" \/>\n<meta property=\"og:description\" content=\"Mit Magtastik Felgen-\/Felgenreiniger k\u00f6nnen Bremsstaub, Stra\u00dfenschmutz und Oberfl\u00e4chenrost sicher und effektiv entfernt werden, w\u00e4hrend eine\" \/>\n<meta property=\"og:url\" content=\"https:\/\/gliptoneeurope.com\/de\/produkt\/magtastik-felgenreiniger\/\" \/>\n<meta property=\"og:site_name\" content=\"Gliptone Europe\" \/>\n<meta property=\"article:publisher\" content=\"https:\/\/www.facebook.com\/gliptoneeurope\/\" \/>\n<meta property=\"og:image\" content=\"https:\/\/gliptoneeurope.com\/wp-content\/uploads\/Wheel-Rim-1.jpg\" \/>\n\t<meta property=\"og:image:width\" content=\"1654\" \/>\n\t<meta property=\"og:image:height\" content=\"1621\" \/>\n\t<meta property=\"og:image:type\" content=\"image\/jpeg\" \/>\n<meta name=\"twitter:card\" content=\"summary_large_image\" \/>\n<meta name=\"twitter:label1\" content=\"Gesch\u00e4tzte Lesezeit\" \/>\n\t<meta name=\"twitter:data1\" content=\"1\u00a0Minute\" \/>\n<script type=\"application\/ld+json\" class=\"yoast-schema-graph\">{\"@context\":\"https:\\\/\\\/schema.org\",\"@graph\":[{\"@type\":\"WebPage\",\"@id\":\"https:\\\/\\\/gliptoneeurope.com\\\/de\\\/produkt\\\/magtastik-felgenreiniger\\\/\",\"url\":\"https:\\\/\\\/gliptoneeurope.com\\\/de\\\/produkt\\\/magtastik-felgenreiniger\\\/\",\"name\":\"Magtastik - Felgenreiniger - Gliptone Europe\",\"isPartOf\":{\"@id\":\"https:\\\/\\\/gliptoneeurope.com\\\/#website\"},\"primaryImageOfPage\":{\"@id\":\"https:\\\/\\\/gliptoneeurope.com\\\/de\\\/produkt\\\/magtastik-felgenreiniger\\\/#primaryimage\"},\"image\":{\"@id\":\"https:\\\/\\\/gliptoneeurope.com\\\/de\\\/produkt\\\/magtastik-felgenreiniger\\\/#primaryimage\"},\"thumbnailUrl\":\"https:\\\/\\\/gliptoneeurope.com\\\/wp-content\\\/uploads\\\/Wheel-Rim-1.jpg\",\"datePublished\":\"2021-11-30T11:48:17+00:00\",\"description\":\"Mit Magtastik Felgen-\\\/Felgenreiniger k\u00f6nnen Sie Bremsstaub, Stra\u00dfenschmutz und Oberfl\u00e4chenrost sicher und effektiv entfernen.\",\"breadcrumb\":{\"@id\":\"https:\\\/\\\/gliptoneeurope.com\\\/de\\\/produkt\\\/magtastik-felgenreiniger\\\/#breadcrumb\"},\"inLanguage\":\"de\",\"potentialAction\":[{\"@type\":\"ReadAction\",\"target\":[\"https:\\\/\\\/gliptoneeurope.com\\\/de\\\/produkt\\\/magtastik-felgenreiniger\\\/\"]}]},{\"@type\":\"ImageObject\",\"inLanguage\":\"de\",\"@id\":\"https:\\\/\\\/gliptoneeurope.com\\\/de\\\/produkt\\\/magtastik-felgenreiniger\\\/#primaryimage\",\"url\":\"https:\\\/\\\/gliptoneeurope.com\\\/wp-content\\\/uploads\\\/Wheel-Rim-1.jpg\",\"contentUrl\":\"https:\\\/\\\/gliptoneeurope.com\\\/wp-content\\\/uploads\\\/Wheel-Rim-1.jpg\",\"width\":1654,\"height\":1621},{\"@type\":\"BreadcrumbList\",\"@id\":\"https:\\\/\\\/gliptoneeurope.com\\\/de\\\/produkt\\\/magtastik-felgenreiniger\\\/#breadcrumb\",\"itemListElement\":[{\"@type\":\"ListItem\",\"position\":1,\"name\":\"Home\",\"item\":\"https:\\\/\\\/gliptoneeurope.com\\\/\"},{\"@type\":\"ListItem\",\"position\":2,\"name\":\"Shop\",\"item\":\"https:\\\/\\\/gliptoneeurope.com\\\/de\\\/shop-2\\\/\"},{\"@type\":\"ListItem\",\"position\":3,\"name\":\"Magtastik &#8211; Felgenreiniger\"}]},{\"@type\":\"WebSite\",\"@id\":\"https:\\\/\\\/gliptoneeurope.com\\\/#website\",\"url\":\"https:\\\/\\\/gliptoneeurope.com\\\/\",\"name\":\"Gliptone Europe\",\"description\":\"Professional Car Detailing Products\",\"publisher\":{\"@id\":\"https:\\\/\\\/gliptoneeurope.com\\\/#organization\"},\"potentialAction\":[{\"@type\":\"SearchAction\",\"target\":{\"@type\":\"EntryPoint\",\"urlTemplate\":\"https:\\\/\\\/gliptoneeurope.com\\\/?s={search_term_string}\"},\"query-input\":{\"@type\":\"PropertyValueSpecification\",\"valueRequired\":true,\"valueName\":\"search_term_string\"}}],\"inLanguage\":\"de\"},{\"@type\":\"Organization\",\"@id\":\"https:\\\/\\\/gliptoneeurope.com\\\/#organization\",\"name\":\"Gliptone Europe\",\"url\":\"https:\\\/\\\/gliptoneeurope.com\\\/\",\"logo\":{\"@type\":\"ImageObject\",\"inLanguage\":\"de\",\"@id\":\"https:\\\/\\\/gliptoneeurope.com\\\/#\\\/schema\\\/logo\\\/image\\\/\",\"url\":\"https:\\\/\\\/gliptoneeurope.com\\\/wp-content\\\/uploads\\\/Gliptone_Logo.png\",\"contentUrl\":\"https:\\\/\\\/gliptoneeurope.com\\\/wp-content\\\/uploads\\\/Gliptone_Logo.png\",\"width\":1472,\"height\":607,\"caption\":\"Gliptone Europe\"},\"image\":{\"@id\":\"https:\\\/\\\/gliptoneeurope.com\\\/#\\\/schema\\\/logo\\\/image\\\/\"},\"sameAs\":[\"https:\\\/\\\/www.facebook.com\\\/gliptoneeurope\\\/\",\"https:\\\/\\\/www.instagram.com\\\/gliptoneeurope\\\/\",\"https:\\\/\\\/www.pinterest.co.uk\\\/GliptoneEurope\\\/\"]}]}<\/script>\n<!-- \/ Yoast SEO Premium plugin. -->","yoast_head_json":{"title":"Magtastik - Felgenreiniger - Gliptone Europe","description":"Mit Magtastik Felgen-\/Felgenreiniger k\u00f6nnen Sie Bremsstaub, Stra\u00dfenschmutz und Oberfl\u00e4chenrost sicher und effektiv entfernen.","robots":{"index":"index","follow":"follow","max-snippet":"max-snippet:-1","max-image-preview":"max-image-preview:large","max-video-preview":"max-video-preview:-1"},"canonical":"https:\/\/gliptoneeurope.com\/de\/produkt\/magtastik-felgenreiniger\/","og_locale":"de_DE","og_type":"article","og_title":"Magtastik - Felgenreiniger","og_description":"Mit Magtastik Felgen-\/Felgenreiniger k\u00f6nnen Bremsstaub, Stra\u00dfenschmutz und Oberfl\u00e4chenrost sicher und effektiv entfernt werden, w\u00e4hrend eine","og_url":"https:\/\/gliptoneeurope.com\/de\/produkt\/magtastik-felgenreiniger\/","og_site_name":"Gliptone Europe","article_publisher":"https:\/\/www.facebook.com\/gliptoneeurope\/","og_image":[{"width":1654,"height":1621,"url":"https:\/\/gliptoneeurope.com\/wp-content\/uploads\/Wheel-Rim-1.jpg","type":"image\/jpeg"}],"twitter_card":"summary_large_image","twitter_misc":{"Gesch\u00e4tzte Lesezeit":"1\u00a0Minute"},"schema":{"@context":"https:\/\/schema.org","@graph":[{"@type":"WebPage","@id":"https:\/\/gliptoneeurope.com\/de\/produkt\/magtastik-felgenreiniger\/","url":"https:\/\/gliptoneeurope.com\/de\/produkt\/magtastik-felgenreiniger\/","name":"Magtastik - Felgenreiniger - Gliptone Europe","isPartOf":{"@id":"https:\/\/gliptoneeurope.com\/#website"},"primaryImageOfPage":{"@id":"https:\/\/gliptoneeurope.com\/de\/produkt\/magtastik-felgenreiniger\/#primaryimage"},"image":{"@id":"https:\/\/gliptoneeurope.com\/de\/produkt\/magtastik-felgenreiniger\/#primaryimage"},"thumbnailUrl":"https:\/\/gliptoneeurope.com\/wp-content\/uploads\/Wheel-Rim-1.jpg","datePublished":"2021-11-30T11:48:17+00:00","description":"Mit Magtastik Felgen-\/Felgenreiniger k\u00f6nnen Sie Bremsstaub, Stra\u00dfenschmutz und Oberfl\u00e4chenrost sicher und effektiv entfernen.","breadcrumb":{"@id":"https:\/\/gliptoneeurope.com\/de\/produkt\/magtastik-felgenreiniger\/#breadcrumb"},"inLanguage":"de","potentialAction":[{"@type":"ReadAction","target":["https:\/\/gliptoneeurope.com\/de\/produkt\/magtastik-felgenreiniger\/"]}]},{"@type":"ImageObject","inLanguage":"de","@id":"https:\/\/gliptoneeurope.com\/de\/produkt\/magtastik-felgenreiniger\/#primaryimage","url":"https:\/\/gliptoneeurope.com\/wp-content\/uploads\/Wheel-Rim-1.jpg","contentUrl":"https:\/\/gliptoneeurope.com\/wp-content\/uploads\/Wheel-Rim-1.jpg","width":1654,"height":1621},{"@type":"BreadcrumbList","@id":"https:\/\/gliptoneeurope.com\/de\/produkt\/magtastik-felgenreiniger\/#breadcrumb","itemListElement":[{"@type":"ListItem","position":1,"name":"Home","item":"https:\/\/gliptoneeurope.com\/"},{"@type":"ListItem","position":2,"name":"Shop","item":"https:\/\/gliptoneeurope.com\/de\/shop-2\/"},{"@type":"ListItem","position":3,"name":"Magtastik &#8211; Felgenreiniger"}]},{"@type":"WebSite","@id":"https:\/\/gliptoneeurope.com\/#website","url":"https:\/\/gliptoneeurope.com\/","name":"Gliptone Europe","description":"Professional Car Detailing Products","publisher":{"@id":"https:\/\/gliptoneeurope.com\/#organization"},"potentialAction":[{"@type":"SearchAction","target":{"@type":"EntryPoint","urlTemplate":"https:\/\/gliptoneeurope.com\/?s={search_term_string}"},"query-input":{"@type":"PropertyValueSpecification","valueRequired":true,"valueName":"search_term_string"}}],"inLanguage":"de"},{"@type":"Organization","@id":"https:\/\/gliptoneeurope.com\/#organization","name":"Gliptone Europe","url":"https:\/\/gliptoneeurope.com\/","logo":{"@type":"ImageObject","inLanguage":"de","@id":"https:\/\/gliptoneeurope.com\/#\/schema\/logo\/image\/","url":"https:\/\/gliptoneeurope.com\/wp-content\/uploads\/Gliptone_Logo.png","contentUrl":"https:\/\/gliptoneeurope.com\/wp-content\/uploads\/Gliptone_Logo.png","width":1472,"height":607,"caption":"Gliptone Europe"},"image":{"@id":"https:\/\/gliptoneeurope.com\/#\/schema\/logo\/image\/"},"sameAs":["https:\/\/www.facebook.com\/gliptoneeurope\/","https:\/\/www.instagram.com\/gliptoneeurope\/","https:\/\/www.pinterest.co.uk\/GliptoneEurope\/"]}]}},"wcpa_form_fields":null,"_links":{"self":[{"href":"https:\/\/gliptoneeurope.com\/de\/wp-json\/wp\/v2\/product\/12230","targetHints":{"allow":["GET"]}}],"collection":[{"href":"https:\/\/gliptoneeurope.com\/de\/wp-json\/wp\/v2\/product"}],"about":[{"href":"https:\/\/gliptoneeurope.com\/de\/wp-json\/wp\/v2\/types\/product"}],"wp:featuredmedia":[{"embeddable":true,"href":"https:\/\/gliptoneeurope.com\/de\/wp-json\/wp\/v2\/media\/18536"}],"wp:attachment":[{"href":"https:\/\/gliptoneeurope.com\/de\/wp-json\/wp\/v2\/media?parent=12230"}],"wp:term":[{"taxonomy":"product_brand","embeddable":true,"href":"https:\/\/gliptoneeurope.com\/de\/wp-json\/wp\/v2\/product_brand?post=12230"},{"taxonomy":"product_cat","embeddable":true,"href":"https:\/\/gliptoneeurope.com\/de\/wp-json\/wp\/v2\/product_cat?post=12230"},{"taxonomy":"product_tag","embeddable":true,"href":"https:\/\/gliptoneeurope.com\/de\/wp-json\/wp\/v2\/product_tag?post=12230"}],"curies":[{"name":"wp","href":"https:\/\/api.w.org\/{rel}","templated":true}]}}