{"id":12221,"date":"2020-03-17T23:15:57","date_gmt":"2021-11-30T11:48:14","guid":{"rendered":"https:\/\/gliptoneeurope.com\/product\/abspritzspray\/"},"modified":"2021-11-30T11:48:14","modified_gmt":"2021-11-30T11:48:14","slug":"sap-off-spray-2","status":"publish","type":"product","link":"https:\/\/gliptoneeurope.com\/de\/produkt\/sap-off-spray-2\/","title":{"rendered":"Abspritzspray"},"content":{"rendered":"<p>Gliptones Sap Off bietet hervorragende und sofortige Ergebnisse bei der Entfernung von frischem und angetrocknetem Saft, Teer und Insektenr\u00fcckst\u00e4nden. Speziell entwickelt, um hartn\u00e4ckigen Baumsaft und Kiefernpech schnell zu durchdringen und aufzul\u00f6sen, ohne Farbe, Glas oder Kunststoffoberfl\u00e4che zu besch\u00e4digen. Die Wirksamkeit wird erh\u00f6ht, wenn mit warmem Wasser abgesp\u00fclt wird. Etwa 2 Minuten einwirken lassen.<\/p>\n<p><a href=\"https:\/\/gliptoneeurope.com\/product\/bug-remover-1-gall-3-8l\/\">Insektenentferner<\/a> und <a href=\"https:\/\/gliptoneeurope.com\/product\/adhesive-remover-1-gall-3-8l\/\">Klebstoffentferner<\/a> sind beides gro\u00dfartige Alternativen f\u00fcr den professionellen Gebrauch, erh\u00e4ltlich in 3,8-Liter-Flaschen.<\/p>\n<p>22 Unzen.<\/p>\n","protected":false},"excerpt":{"rendered":"<p>Gliptones Sap Off bietet hervorragende und sofortige Ergebnisse bei der Entfernung von frischem und angetrocknetem Saft, Teer und Insektenr\u00fcckst\u00e4nden. Speziell entwickelt, um hartn\u00e4ckigen Baumsaft und Kiefernpech schnell zu durchdringen und aufzul\u00f6sen, ohne Farbe, Glas oder Kunststoffoberfl\u00e4che zu besch\u00e4digen. Die Wirksamkeit wird erh\u00f6ht, wenn mit warmem Wasser abgesp\u00fclt wird. Etwa 2 Minuten einwirken lassen. Insektenentferner und [&hellip;]<\/p>\n","protected":false},"featured_media":18556,"template":"","meta":[],"product_brand":[],"product_cat":[119],"product_tag":[],"class_list":{"0":"post-12221","1":"product","2":"type-product","3":"status-publish","4":"has-post-thumbnail","6":"product_cat-vorbereitung-reinigung","8":"first","9":"instock","10":"sale","11":"taxable","12":"shipping-taxable","13":"purchasable","14":"product-type-variable"},"yoast_head":"<!-- This site is optimized with the Yoast SEO Premium plugin v21.4 (Yoast SEO v27.4) - https:\/\/yoast.com\/product\/yoast-seo-premium-wordpress\/ -->\n<title>Abspritzspray - Gliptone Europe<\/title>\n<meta name=\"description\" content=\"Gliptones Sap Off bietet hervorragende und sofortige Ergebnisse bei der Entfernung von frischem und angetrocknetem Saft, Teer und Insektenr\u00fcckst\u00e4nden.\" \/>\n<meta name=\"robots\" content=\"index, follow, max-snippet:-1, max-image-preview:large, max-video-preview:-1\" \/>\n<link rel=\"canonical\" href=\"https:\/\/gliptoneeurope.com\/de\/produkt\/sap-off-spray-2\/\" \/>\n<meta property=\"og:locale\" content=\"de_DE\" \/>\n<meta property=\"og:type\" content=\"article\" \/>\n<meta property=\"og:title\" content=\"Abspritzspray\" \/>\n<meta property=\"og:description\" content=\"Gliptones Sap Off bietet hervorragende und sofortige Ergebnisse bei der Entfernung von frischem und angetrocknetem Saft, Teer und Insektenr\u00fcckst\u00e4nden.\" \/>\n<meta property=\"og:url\" content=\"https:\/\/gliptoneeurope.com\/de\/produkt\/sap-off-spray-2\/\" \/>\n<meta property=\"og:site_name\" content=\"Gliptone Europe\" \/>\n<meta property=\"article:publisher\" content=\"https:\/\/www.facebook.com\/gliptoneeurope\/\" \/>\n<meta property=\"og:image\" content=\"https:\/\/gliptoneeurope.com\/wp-content\/uploads\/Sap-Off-1.jpg\" \/>\n\t<meta property=\"og:image:width\" content=\"1654\" \/>\n\t<meta property=\"og:image:height\" content=\"1621\" \/>\n\t<meta property=\"og:image:type\" content=\"image\/jpeg\" \/>\n<meta name=\"twitter:card\" content=\"summary_large_image\" \/>\n<script type=\"application\/ld+json\" class=\"yoast-schema-graph\">{\"@context\":\"https:\\\/\\\/schema.org\",\"@graph\":[{\"@type\":\"WebPage\",\"@id\":\"https:\\\/\\\/gliptoneeurope.com\\\/de\\\/produkt\\\/sap-off-spray-2\\\/\",\"url\":\"https:\\\/\\\/gliptoneeurope.com\\\/de\\\/produkt\\\/sap-off-spray-2\\\/\",\"name\":\"Abspritzspray - Gliptone Europe\",\"isPartOf\":{\"@id\":\"https:\\\/\\\/gliptoneeurope.com\\\/#website\"},\"primaryImageOfPage\":{\"@id\":\"https:\\\/\\\/gliptoneeurope.com\\\/de\\\/produkt\\\/sap-off-spray-2\\\/#primaryimage\"},\"image\":{\"@id\":\"https:\\\/\\\/gliptoneeurope.com\\\/de\\\/produkt\\\/sap-off-spray-2\\\/#primaryimage\"},\"thumbnailUrl\":\"https:\\\/\\\/gliptoneeurope.com\\\/wp-content\\\/uploads\\\/Sap-Off-1.jpg\",\"datePublished\":\"2021-11-30T11:48:14+00:00\",\"description\":\"Gliptones Sap Off bietet hervorragende und sofortige Ergebnisse bei der Entfernung von frischem und angetrocknetem Saft, Teer und Insektenr\u00fcckst\u00e4nden.\",\"breadcrumb\":{\"@id\":\"https:\\\/\\\/gliptoneeurope.com\\\/de\\\/produkt\\\/sap-off-spray-2\\\/#breadcrumb\"},\"inLanguage\":\"de\",\"potentialAction\":[{\"@type\":\"ReadAction\",\"target\":[\"https:\\\/\\\/gliptoneeurope.com\\\/de\\\/produkt\\\/sap-off-spray-2\\\/\"]}]},{\"@type\":\"ImageObject\",\"inLanguage\":\"de\",\"@id\":\"https:\\\/\\\/gliptoneeurope.com\\\/de\\\/produkt\\\/sap-off-spray-2\\\/#primaryimage\",\"url\":\"https:\\\/\\\/gliptoneeurope.com\\\/wp-content\\\/uploads\\\/Sap-Off-1.jpg\",\"contentUrl\":\"https:\\\/\\\/gliptoneeurope.com\\\/wp-content\\\/uploads\\\/Sap-Off-1.jpg\",\"width\":1654,\"height\":1621},{\"@type\":\"BreadcrumbList\",\"@id\":\"https:\\\/\\\/gliptoneeurope.com\\\/de\\\/produkt\\\/sap-off-spray-2\\\/#breadcrumb\",\"itemListElement\":[{\"@type\":\"ListItem\",\"position\":1,\"name\":\"Home\",\"item\":\"https:\\\/\\\/gliptoneeurope.com\\\/\"},{\"@type\":\"ListItem\",\"position\":2,\"name\":\"Shop\",\"item\":\"https:\\\/\\\/gliptoneeurope.com\\\/de\\\/shop-2\\\/\"},{\"@type\":\"ListItem\",\"position\":3,\"name\":\"Abspritzspray\"}]},{\"@type\":\"WebSite\",\"@id\":\"https:\\\/\\\/gliptoneeurope.com\\\/#website\",\"url\":\"https:\\\/\\\/gliptoneeurope.com\\\/\",\"name\":\"Gliptone Europe\",\"description\":\"Professional Car Detailing Products\",\"publisher\":{\"@id\":\"https:\\\/\\\/gliptoneeurope.com\\\/#organization\"},\"potentialAction\":[{\"@type\":\"SearchAction\",\"target\":{\"@type\":\"EntryPoint\",\"urlTemplate\":\"https:\\\/\\\/gliptoneeurope.com\\\/?s={search_term_string}\"},\"query-input\":{\"@type\":\"PropertyValueSpecification\",\"valueRequired\":true,\"valueName\":\"search_term_string\"}}],\"inLanguage\":\"de\"},{\"@type\":\"Organization\",\"@id\":\"https:\\\/\\\/gliptoneeurope.com\\\/#organization\",\"name\":\"Gliptone Europe\",\"url\":\"https:\\\/\\\/gliptoneeurope.com\\\/\",\"logo\":{\"@type\":\"ImageObject\",\"inLanguage\":\"de\",\"@id\":\"https:\\\/\\\/gliptoneeurope.com\\\/#\\\/schema\\\/logo\\\/image\\\/\",\"url\":\"https:\\\/\\\/gliptoneeurope.com\\\/wp-content\\\/uploads\\\/Gliptone_Logo.png\",\"contentUrl\":\"https:\\\/\\\/gliptoneeurope.com\\\/wp-content\\\/uploads\\\/Gliptone_Logo.png\",\"width\":1472,\"height\":607,\"caption\":\"Gliptone Europe\"},\"image\":{\"@id\":\"https:\\\/\\\/gliptoneeurope.com\\\/#\\\/schema\\\/logo\\\/image\\\/\"},\"sameAs\":[\"https:\\\/\\\/www.facebook.com\\\/gliptoneeurope\\\/\",\"https:\\\/\\\/www.instagram.com\\\/gliptoneeurope\\\/\",\"https:\\\/\\\/www.pinterest.co.uk\\\/GliptoneEurope\\\/\"]}]}<\/script>\n<!-- \/ Yoast SEO Premium plugin. -->","yoast_head_json":{"title":"Abspritzspray - Gliptone Europe","description":"Gliptones Sap Off bietet hervorragende und sofortige Ergebnisse bei der Entfernung von frischem und angetrocknetem Saft, Teer und Insektenr\u00fcckst\u00e4nden.","robots":{"index":"index","follow":"follow","max-snippet":"max-snippet:-1","max-image-preview":"max-image-preview:large","max-video-preview":"max-video-preview:-1"},"canonical":"https:\/\/gliptoneeurope.com\/de\/produkt\/sap-off-spray-2\/","og_locale":"de_DE","og_type":"article","og_title":"Abspritzspray","og_description":"Gliptones Sap Off bietet hervorragende und sofortige Ergebnisse bei der Entfernung von frischem und angetrocknetem Saft, Teer und Insektenr\u00fcckst\u00e4nden.","og_url":"https:\/\/gliptoneeurope.com\/de\/produkt\/sap-off-spray-2\/","og_site_name":"Gliptone Europe","article_publisher":"https:\/\/www.facebook.com\/gliptoneeurope\/","og_image":[{"width":1654,"height":1621,"url":"https:\/\/gliptoneeurope.com\/wp-content\/uploads\/Sap-Off-1.jpg","type":"image\/jpeg"}],"twitter_card":"summary_large_image","schema":{"@context":"https:\/\/schema.org","@graph":[{"@type":"WebPage","@id":"https:\/\/gliptoneeurope.com\/de\/produkt\/sap-off-spray-2\/","url":"https:\/\/gliptoneeurope.com\/de\/produkt\/sap-off-spray-2\/","name":"Abspritzspray - Gliptone Europe","isPartOf":{"@id":"https:\/\/gliptoneeurope.com\/#website"},"primaryImageOfPage":{"@id":"https:\/\/gliptoneeurope.com\/de\/produkt\/sap-off-spray-2\/#primaryimage"},"image":{"@id":"https:\/\/gliptoneeurope.com\/de\/produkt\/sap-off-spray-2\/#primaryimage"},"thumbnailUrl":"https:\/\/gliptoneeurope.com\/wp-content\/uploads\/Sap-Off-1.jpg","datePublished":"2021-11-30T11:48:14+00:00","description":"Gliptones Sap Off bietet hervorragende und sofortige Ergebnisse bei der Entfernung von frischem und angetrocknetem Saft, Teer und Insektenr\u00fcckst\u00e4nden.","breadcrumb":{"@id":"https:\/\/gliptoneeurope.com\/de\/produkt\/sap-off-spray-2\/#breadcrumb"},"inLanguage":"de","potentialAction":[{"@type":"ReadAction","target":["https:\/\/gliptoneeurope.com\/de\/produkt\/sap-off-spray-2\/"]}]},{"@type":"ImageObject","inLanguage":"de","@id":"https:\/\/gliptoneeurope.com\/de\/produkt\/sap-off-spray-2\/#primaryimage","url":"https:\/\/gliptoneeurope.com\/wp-content\/uploads\/Sap-Off-1.jpg","contentUrl":"https:\/\/gliptoneeurope.com\/wp-content\/uploads\/Sap-Off-1.jpg","width":1654,"height":1621},{"@type":"BreadcrumbList","@id":"https:\/\/gliptoneeurope.com\/de\/produkt\/sap-off-spray-2\/#breadcrumb","itemListElement":[{"@type":"ListItem","position":1,"name":"Home","item":"https:\/\/gliptoneeurope.com\/"},{"@type":"ListItem","position":2,"name":"Shop","item":"https:\/\/gliptoneeurope.com\/de\/shop-2\/"},{"@type":"ListItem","position":3,"name":"Abspritzspray"}]},{"@type":"WebSite","@id":"https:\/\/gliptoneeurope.com\/#website","url":"https:\/\/gliptoneeurope.com\/","name":"Gliptone Europe","description":"Professional Car Detailing Products","publisher":{"@id":"https:\/\/gliptoneeurope.com\/#organization"},"potentialAction":[{"@type":"SearchAction","target":{"@type":"EntryPoint","urlTemplate":"https:\/\/gliptoneeurope.com\/?s={search_term_string}"},"query-input":{"@type":"PropertyValueSpecification","valueRequired":true,"valueName":"search_term_string"}}],"inLanguage":"de"},{"@type":"Organization","@id":"https:\/\/gliptoneeurope.com\/#organization","name":"Gliptone Europe","url":"https:\/\/gliptoneeurope.com\/","logo":{"@type":"ImageObject","inLanguage":"de","@id":"https:\/\/gliptoneeurope.com\/#\/schema\/logo\/image\/","url":"https:\/\/gliptoneeurope.com\/wp-content\/uploads\/Gliptone_Logo.png","contentUrl":"https:\/\/gliptoneeurope.com\/wp-content\/uploads\/Gliptone_Logo.png","width":1472,"height":607,"caption":"Gliptone Europe"},"image":{"@id":"https:\/\/gliptoneeurope.com\/#\/schema\/logo\/image\/"},"sameAs":["https:\/\/www.facebook.com\/gliptoneeurope\/","https:\/\/www.instagram.com\/gliptoneeurope\/","https:\/\/www.pinterest.co.uk\/GliptoneEurope\/"]}]}},"wcpa_form_fields":null,"_links":{"self":[{"href":"https:\/\/gliptoneeurope.com\/de\/wp-json\/wp\/v2\/product\/12221","targetHints":{"allow":["GET"]}}],"collection":[{"href":"https:\/\/gliptoneeurope.com\/de\/wp-json\/wp\/v2\/product"}],"about":[{"href":"https:\/\/gliptoneeurope.com\/de\/wp-json\/wp\/v2\/types\/product"}],"wp:featuredmedia":[{"embeddable":true,"href":"https:\/\/gliptoneeurope.com\/de\/wp-json\/wp\/v2\/media\/18556"}],"wp:attachment":[{"href":"https:\/\/gliptoneeurope.com\/de\/wp-json\/wp\/v2\/media?parent=12221"}],"wp:term":[{"taxonomy":"product_brand","embeddable":true,"href":"https:\/\/gliptoneeurope.com\/de\/wp-json\/wp\/v2\/product_brand?post=12221"},{"taxonomy":"product_cat","embeddable":true,"href":"https:\/\/gliptoneeurope.com\/de\/wp-json\/wp\/v2\/product_cat?post=12221"},{"taxonomy":"product_tag","embeddable":true,"href":"https:\/\/gliptoneeurope.com\/de\/wp-json\/wp\/v2\/product_tag?post=12221"}],"curies":[{"name":"wp","href":"https:\/\/api.w.org\/{rel}","templated":true}]}}