{"id":12212,"date":"2020-04-06T17:38:50","date_gmt":"2021-11-30T11:48:11","guid":{"rendered":"https:\/\/gliptoneeurope.com\/product\/express-exterieur-detailer\/"},"modified":"2021-11-30T11:48:11","modified_gmt":"2021-11-30T11:48:11","slug":"express-exterieur-detailer","status":"publish","type":"product","link":"https:\/\/gliptoneeurope.com\/de\/produkt\/express-exterieur-detailer\/","title":{"rendered":"Express Exterieur Detailer"},"content":{"rendered":"<p>Unser Express-Exterieur-Detailer ist eine professionelle, streifenfreie &#8220;Spray-n-Wisch&#8221;-Detailformel, die eine leichte Reinigung bietet und alle Au\u00dfenfl\u00e4chen im Automobilbereich zum Gl\u00e4nzen bringt.<\/p>\n<p>Verwenden Sie die Methode 1 Tuch an und 1 Tuch polieren und lassen Sie es nicht zu lange einwirken. Sicher auf allen Arten von Lackoberfl\u00e4chen und Vinyl-\/Kunststoff-\/Gummiverkleidungen.<\/p>\n<p>Die einfach zu verwendende Formel eignet sich hervorragend als Schmiermittel auf Tonbasis. Wir empfehlen Express Interior Detailer w\u00e4rmstens als eine unserer Top-Optionen f\u00fcr das Auftragen von Clay-Schmiermitteln, kombiniert mit unserem <a href=\"https:\/\/gliptoneeurope.com\/product\/body-bar-clay-bar\/\">Body Bar, Clay Bar<\/a> .<\/p>\n<p>Dieselbe Formel wird im professionellen Angebot von Gliptone von Lackier- und Karosseriewerkst\u00e4tten, Autowaschanlagen und Detailverarbeitern verwendet.<\/p>\n<p>Dieses Produkt ist auch als <a href=\"https:\/\/gliptoneeurope.com\/product\/body-lube-1-gall-3-8l\/\">Body Lube<\/a> in einem gr\u00f6\u00dferen Volumen von 3,8 Liter (1 Gal) erh\u00e4ltlich.<\/p>\n","protected":false},"excerpt":{"rendered":"<p>Unser Express-Exterieur-Detailer ist eine professionelle, streifenfreie &#8220;Spray-n-Wisch&#8221;-Detailformel, die eine leichte Reinigung bietet und alle Au\u00dfenfl\u00e4chen im Automobilbereich zum Gl\u00e4nzen bringt. Verwenden Sie die Methode 1 Tuch an und 1 Tuch polieren und lassen Sie es nicht zu lange einwirken. Sicher auf allen Arten von Lackoberfl\u00e4chen und Vinyl-\/Kunststoff-\/Gummiverkleidungen. Die einfach zu verwendende Formel eignet sich hervorragend [&hellip;]<\/p>\n","protected":false},"featured_media":18503,"template":"","meta":[],"product_brand":[],"product_cat":[149,119],"product_tag":[],"class_list":{"0":"post-12212","1":"product","2":"type-product","3":"status-publish","4":"has-post-thumbnail","6":"product_cat-lackvorbereitung","7":"product_cat-vorbereitung-reinigung","9":"first","10":"instock","11":"taxable","12":"shipping-taxable","13":"purchasable","14":"product-type-variable"},"yoast_head":"<!-- This site is optimized with the Yoast SEO Premium plugin v21.4 (Yoast SEO v27.5) - https:\/\/yoast.com\/product\/yoast-seo-premium-wordpress\/ -->\n<title>Express Exterieur Detailer - Gliptone Europe<\/title>\n<meta name=\"description\" content=\"Unser Express Exterior Detailer ist eine professionelle, streifenfreie &quot;Spray-n-Wisch&quot;-Detailformel, die eine leichte Reinigung erm\u00f6glicht\" \/>\n<meta name=\"robots\" content=\"index, follow, max-snippet:-1, max-image-preview:large, max-video-preview:-1\" \/>\n<link rel=\"canonical\" href=\"https:\/\/gliptoneeurope.com\/de\/produkt\/express-exterieur-detailer\/\" \/>\n<meta property=\"og:locale\" content=\"de_DE\" \/>\n<meta property=\"og:type\" content=\"article\" \/>\n<meta property=\"og:title\" content=\"Express Exterieur Detailer\" \/>\n<meta property=\"og:description\" content=\"Unser Express-Exterieur-Detailer ist eine professionelle, streifenfreie &quot;Spray-n-Wisch&quot;-Detailformel, die eine leichte Reinigung bietet und alle\" \/>\n<meta property=\"og:url\" content=\"https:\/\/gliptoneeurope.com\/de\/produkt\/express-exterieur-detailer\/\" \/>\n<meta property=\"og:site_name\" content=\"Gliptone Europe\" \/>\n<meta property=\"article:publisher\" content=\"https:\/\/www.facebook.com\/gliptoneeurope\/\" \/>\n<meta property=\"og:image\" content=\"https:\/\/gliptoneeurope.com\/wp-content\/uploads\/Exterior-Detailer-1.jpg\" \/>\n\t<meta property=\"og:image:width\" content=\"1654\" \/>\n\t<meta property=\"og:image:height\" content=\"1621\" \/>\n\t<meta property=\"og:image:type\" content=\"image\/jpeg\" \/>\n<meta name=\"twitter:card\" content=\"summary_large_image\" \/>\n<meta name=\"twitter:label1\" content=\"Gesch\u00e4tzte Lesezeit\" \/>\n\t<meta name=\"twitter:data1\" content=\"1\u00a0Minute\" \/>\n<script type=\"application\/ld+json\" class=\"yoast-schema-graph\">{\"@context\":\"https:\\\/\\\/schema.org\",\"@graph\":[{\"@type\":\"WebPage\",\"@id\":\"https:\\\/\\\/gliptoneeurope.com\\\/de\\\/produkt\\\/express-exterieur-detailer\\\/\",\"url\":\"https:\\\/\\\/gliptoneeurope.com\\\/de\\\/produkt\\\/express-exterieur-detailer\\\/\",\"name\":\"Express Exterieur Detailer - Gliptone Europe\",\"isPartOf\":{\"@id\":\"https:\\\/\\\/gliptoneeurope.com\\\/#website\"},\"primaryImageOfPage\":{\"@id\":\"https:\\\/\\\/gliptoneeurope.com\\\/de\\\/produkt\\\/express-exterieur-detailer\\\/#primaryimage\"},\"image\":{\"@id\":\"https:\\\/\\\/gliptoneeurope.com\\\/de\\\/produkt\\\/express-exterieur-detailer\\\/#primaryimage\"},\"thumbnailUrl\":\"https:\\\/\\\/gliptoneeurope.com\\\/wp-content\\\/uploads\\\/Exterior-Detailer-1.jpg\",\"datePublished\":\"2021-11-30T11:48:11+00:00\",\"description\":\"Unser Express Exterior Detailer ist eine professionelle, streifenfreie \\\"Spray-n-Wisch\\\"-Detailformel, die eine leichte Reinigung erm\u00f6glicht\",\"breadcrumb\":{\"@id\":\"https:\\\/\\\/gliptoneeurope.com\\\/de\\\/produkt\\\/express-exterieur-detailer\\\/#breadcrumb\"},\"inLanguage\":\"de\",\"potentialAction\":[{\"@type\":\"ReadAction\",\"target\":[\"https:\\\/\\\/gliptoneeurope.com\\\/de\\\/produkt\\\/express-exterieur-detailer\\\/\"]}]},{\"@type\":\"ImageObject\",\"inLanguage\":\"de\",\"@id\":\"https:\\\/\\\/gliptoneeurope.com\\\/de\\\/produkt\\\/express-exterieur-detailer\\\/#primaryimage\",\"url\":\"https:\\\/\\\/gliptoneeurope.com\\\/wp-content\\\/uploads\\\/Exterior-Detailer-1.jpg\",\"contentUrl\":\"https:\\\/\\\/gliptoneeurope.com\\\/wp-content\\\/uploads\\\/Exterior-Detailer-1.jpg\",\"width\":1654,\"height\":1621},{\"@type\":\"BreadcrumbList\",\"@id\":\"https:\\\/\\\/gliptoneeurope.com\\\/de\\\/produkt\\\/express-exterieur-detailer\\\/#breadcrumb\",\"itemListElement\":[{\"@type\":\"ListItem\",\"position\":1,\"name\":\"Home\",\"item\":\"https:\\\/\\\/gliptoneeurope.com\\\/\"},{\"@type\":\"ListItem\",\"position\":2,\"name\":\"Shop\",\"item\":\"https:\\\/\\\/gliptoneeurope.com\\\/de\\\/shop-2\\\/\"},{\"@type\":\"ListItem\",\"position\":3,\"name\":\"Express Exterieur Detailer\"}]},{\"@type\":\"WebSite\",\"@id\":\"https:\\\/\\\/gliptoneeurope.com\\\/#website\",\"url\":\"https:\\\/\\\/gliptoneeurope.com\\\/\",\"name\":\"Gliptone Europe\",\"description\":\"Professional Car Detailing Products\",\"publisher\":{\"@id\":\"https:\\\/\\\/gliptoneeurope.com\\\/#organization\"},\"potentialAction\":[{\"@type\":\"SearchAction\",\"target\":{\"@type\":\"EntryPoint\",\"urlTemplate\":\"https:\\\/\\\/gliptoneeurope.com\\\/?s={search_term_string}\"},\"query-input\":{\"@type\":\"PropertyValueSpecification\",\"valueRequired\":true,\"valueName\":\"search_term_string\"}}],\"inLanguage\":\"de\"},{\"@type\":\"Organization\",\"@id\":\"https:\\\/\\\/gliptoneeurope.com\\\/#organization\",\"name\":\"Gliptone Europe\",\"url\":\"https:\\\/\\\/gliptoneeurope.com\\\/\",\"logo\":{\"@type\":\"ImageObject\",\"inLanguage\":\"de\",\"@id\":\"https:\\\/\\\/gliptoneeurope.com\\\/#\\\/schema\\\/logo\\\/image\\\/\",\"url\":\"https:\\\/\\\/gliptoneeurope.com\\\/wp-content\\\/uploads\\\/Gliptone_Logo.png\",\"contentUrl\":\"https:\\\/\\\/gliptoneeurope.com\\\/wp-content\\\/uploads\\\/Gliptone_Logo.png\",\"width\":1472,\"height\":607,\"caption\":\"Gliptone Europe\"},\"image\":{\"@id\":\"https:\\\/\\\/gliptoneeurope.com\\\/#\\\/schema\\\/logo\\\/image\\\/\"},\"sameAs\":[\"https:\\\/\\\/www.facebook.com\\\/gliptoneeurope\\\/\",\"https:\\\/\\\/www.instagram.com\\\/gliptoneeurope\\\/\",\"https:\\\/\\\/www.pinterest.co.uk\\\/GliptoneEurope\\\/\"]}]}<\/script>\n<!-- \/ Yoast SEO Premium plugin. -->","yoast_head_json":{"title":"Express Exterieur Detailer - Gliptone Europe","description":"Unser Express Exterior Detailer ist eine professionelle, streifenfreie \"Spray-n-Wisch\"-Detailformel, die eine leichte Reinigung erm\u00f6glicht","robots":{"index":"index","follow":"follow","max-snippet":"max-snippet:-1","max-image-preview":"max-image-preview:large","max-video-preview":"max-video-preview:-1"},"canonical":"https:\/\/gliptoneeurope.com\/de\/produkt\/express-exterieur-detailer\/","og_locale":"de_DE","og_type":"article","og_title":"Express Exterieur Detailer","og_description":"Unser Express-Exterieur-Detailer ist eine professionelle, streifenfreie \"Spray-n-Wisch\"-Detailformel, die eine leichte Reinigung bietet und alle","og_url":"https:\/\/gliptoneeurope.com\/de\/produkt\/express-exterieur-detailer\/","og_site_name":"Gliptone Europe","article_publisher":"https:\/\/www.facebook.com\/gliptoneeurope\/","og_image":[{"width":1654,"height":1621,"url":"https:\/\/gliptoneeurope.com\/wp-content\/uploads\/Exterior-Detailer-1.jpg","type":"image\/jpeg"}],"twitter_card":"summary_large_image","twitter_misc":{"Gesch\u00e4tzte Lesezeit":"1\u00a0Minute"},"schema":{"@context":"https:\/\/schema.org","@graph":[{"@type":"WebPage","@id":"https:\/\/gliptoneeurope.com\/de\/produkt\/express-exterieur-detailer\/","url":"https:\/\/gliptoneeurope.com\/de\/produkt\/express-exterieur-detailer\/","name":"Express Exterieur Detailer - Gliptone Europe","isPartOf":{"@id":"https:\/\/gliptoneeurope.com\/#website"},"primaryImageOfPage":{"@id":"https:\/\/gliptoneeurope.com\/de\/produkt\/express-exterieur-detailer\/#primaryimage"},"image":{"@id":"https:\/\/gliptoneeurope.com\/de\/produkt\/express-exterieur-detailer\/#primaryimage"},"thumbnailUrl":"https:\/\/gliptoneeurope.com\/wp-content\/uploads\/Exterior-Detailer-1.jpg","datePublished":"2021-11-30T11:48:11+00:00","description":"Unser Express Exterior Detailer ist eine professionelle, streifenfreie \"Spray-n-Wisch\"-Detailformel, die eine leichte Reinigung erm\u00f6glicht","breadcrumb":{"@id":"https:\/\/gliptoneeurope.com\/de\/produkt\/express-exterieur-detailer\/#breadcrumb"},"inLanguage":"de","potentialAction":[{"@type":"ReadAction","target":["https:\/\/gliptoneeurope.com\/de\/produkt\/express-exterieur-detailer\/"]}]},{"@type":"ImageObject","inLanguage":"de","@id":"https:\/\/gliptoneeurope.com\/de\/produkt\/express-exterieur-detailer\/#primaryimage","url":"https:\/\/gliptoneeurope.com\/wp-content\/uploads\/Exterior-Detailer-1.jpg","contentUrl":"https:\/\/gliptoneeurope.com\/wp-content\/uploads\/Exterior-Detailer-1.jpg","width":1654,"height":1621},{"@type":"BreadcrumbList","@id":"https:\/\/gliptoneeurope.com\/de\/produkt\/express-exterieur-detailer\/#breadcrumb","itemListElement":[{"@type":"ListItem","position":1,"name":"Home","item":"https:\/\/gliptoneeurope.com\/"},{"@type":"ListItem","position":2,"name":"Shop","item":"https:\/\/gliptoneeurope.com\/de\/shop-2\/"},{"@type":"ListItem","position":3,"name":"Express Exterieur Detailer"}]},{"@type":"WebSite","@id":"https:\/\/gliptoneeurope.com\/#website","url":"https:\/\/gliptoneeurope.com\/","name":"Gliptone Europe","description":"Professional Car Detailing Products","publisher":{"@id":"https:\/\/gliptoneeurope.com\/#organization"},"potentialAction":[{"@type":"SearchAction","target":{"@type":"EntryPoint","urlTemplate":"https:\/\/gliptoneeurope.com\/?s={search_term_string}"},"query-input":{"@type":"PropertyValueSpecification","valueRequired":true,"valueName":"search_term_string"}}],"inLanguage":"de"},{"@type":"Organization","@id":"https:\/\/gliptoneeurope.com\/#organization","name":"Gliptone Europe","url":"https:\/\/gliptoneeurope.com\/","logo":{"@type":"ImageObject","inLanguage":"de","@id":"https:\/\/gliptoneeurope.com\/#\/schema\/logo\/image\/","url":"https:\/\/gliptoneeurope.com\/wp-content\/uploads\/Gliptone_Logo.png","contentUrl":"https:\/\/gliptoneeurope.com\/wp-content\/uploads\/Gliptone_Logo.png","width":1472,"height":607,"caption":"Gliptone Europe"},"image":{"@id":"https:\/\/gliptoneeurope.com\/#\/schema\/logo\/image\/"},"sameAs":["https:\/\/www.facebook.com\/gliptoneeurope\/","https:\/\/www.instagram.com\/gliptoneeurope\/","https:\/\/www.pinterest.co.uk\/GliptoneEurope\/"]}]}},"wcpa_form_fields":null,"_links":{"self":[{"href":"https:\/\/gliptoneeurope.com\/de\/wp-json\/wp\/v2\/product\/12212","targetHints":{"allow":["GET"]}}],"collection":[{"href":"https:\/\/gliptoneeurope.com\/de\/wp-json\/wp\/v2\/product"}],"about":[{"href":"https:\/\/gliptoneeurope.com\/de\/wp-json\/wp\/v2\/types\/product"}],"wp:featuredmedia":[{"embeddable":true,"href":"https:\/\/gliptoneeurope.com\/de\/wp-json\/wp\/v2\/media\/18503"}],"wp:attachment":[{"href":"https:\/\/gliptoneeurope.com\/de\/wp-json\/wp\/v2\/media?parent=12212"}],"wp:term":[{"taxonomy":"product_brand","embeddable":true,"href":"https:\/\/gliptoneeurope.com\/de\/wp-json\/wp\/v2\/product_brand?post=12212"},{"taxonomy":"product_cat","embeddable":true,"href":"https:\/\/gliptoneeurope.com\/de\/wp-json\/wp\/v2\/product_cat?post=12212"},{"taxonomy":"product_tag","embeddable":true,"href":"https:\/\/gliptoneeurope.com\/de\/wp-json\/wp\/v2\/product_tag?post=12212"}],"curies":[{"name":"wp","href":"https:\/\/api.w.org\/{rel}","templated":true}]}}