{"id":12211,"date":"2020-04-06T17:26:46","date_gmt":"2021-11-30T11:48:11","guid":{"rendered":"https:\/\/gliptoneeurope.com\/product\/gt-iron-eater-fallout-entferner\/"},"modified":"2021-11-30T11:48:11","modified_gmt":"2021-11-30T11:48:11","slug":"gt-eisenfresser-bremsstaub-entferner","status":"publish","type":"product","link":"https:\/\/gliptoneeurope.com\/de\/produkt\/gt-eisenfresser-bremsstaub-entferner\/","title":{"rendered":"GT Iron Eater &#8211; Fallout-Entferner"},"content":{"rendered":"<p>GT Iron Eater\u00ae von Gliptone ist eine schnell wirkende, pH-neutrale Gelformel, die als Fallout-Entferner wirkt, an Oberfl\u00e4chen haftet und f\u00fcr zus\u00e4tzliche Verweilzeit und au\u00dfergew\u00f6hnliche Reinigungswirkung sorgt.<\/p>\n<p>Funktioniert am besten, wenn es mit warmem Wasser im Verh\u00e4ltnis 5:1 verd\u00fcnnt wird. Die pH-neutrale Formulierung macht dieses Produkt zu einer viel sichereren Alternative als s\u00e4urebasierte Felgenreiniger und Oberfl\u00e4chenverunreinigungen.<\/p>\n<p>Gliptones oberste Priorit\u00e4t bei der Entwicklung dieses Produkts war es, eine sichere, leistungsstarke und kosteng\u00fcnstige L\u00f6sung mit dem geringstm\u00f6glichen Geruchsgehalt bereitzustellen. Der Farbindikator ist ein zus\u00e4tzlicher Touch, der hilft, die Reinigungsaktion zu visualisieren.<\/p>\n<p>Dieses Produkt finden Sie in unserem <a href=\"https:\/\/gliptoneeurope.com\/product\/decontamination-kit\/\">Dekontaminations-Kit<\/a> , das alles enth\u00e4lt, was Sie zur sicheren Entfernung von Verunreinigungen aus Ihrem Lack ben\u00f6tigen.<\/p>\n<p>32oz. 900ml.<\/p>\n<hr>\n<div class='avia-iframe-wrap'><iframe loading=\"lazy\" title=\"Iron Eater Demo\" width=\"1500\" height=\"844\" src=\"https:\/\/www.youtube.com\/embed\/whlmAOhCm-g?feature=oembed\" frameborder=\"0\" allow=\"accelerometer; autoplay; clipboard-write; encrypted-media; gyroscope; picture-in-picture\" allowfullscreen><\/iframe><\/div>\n<p>&nbsp;<\/p>\n","protected":false},"excerpt":{"rendered":"<p>GT Iron Eater\u00ae von Gliptone ist eine schnell wirkende, pH-neutrale Gelformel, die als Fallout-Entferner wirkt, an Oberfl\u00e4chen haftet und f\u00fcr zus\u00e4tzliche Verweilzeit und au\u00dfergew\u00f6hnliche Reinigungswirkung sorgt. Funktioniert am besten, wenn es mit warmem Wasser im Verh\u00e4ltnis 5:1 verd\u00fcnnt wird. Die pH-neutrale Formulierung macht dieses Produkt zu einer viel sichereren Alternative als s\u00e4urebasierte Felgenreiniger und Oberfl\u00e4chenverunreinigungen. [&hellip;]<\/p>\n","protected":false},"featured_media":10665,"template":"","meta":[],"product_brand":[],"product_cat":[156,110,119],"product_tag":[],"class_list":{"0":"post-12211","1":"product","2":"type-product","3":"status-publish","4":"has-post-thumbnail","6":"product_cat-motor","7":"product_cat-rader","8":"product_cat-vorbereitung-reinigung","10":"first","11":"instock","12":"featured","13":"taxable","14":"shipping-taxable","15":"purchasable","16":"product-type-simple"},"yoast_head":"<!-- This site is optimized with the Yoast SEO Premium plugin v21.4 (Yoast SEO v27.4) - https:\/\/yoast.com\/product\/yoast-seo-premium-wordpress\/ -->\n<title>GT Iron Eater - Fallout-Entferner - Gliptone Europe<\/title>\n<meta name=\"description\" content=\"GT Iron Eater\u00ae von Gliptone ist eine schnell wirkende, pH-neutrale Gelformel, die als Fallout-Entferner wirkt, an Oberfl\u00e4chen haftet und f\u00fcr zus\u00e4tzliche Verweilzeit und au\u00dfergew\u00f6hnliche Reinigungswirkung sorgt.\" \/>\n<meta name=\"robots\" content=\"index, follow, max-snippet:-1, max-image-preview:large, max-video-preview:-1\" \/>\n<link rel=\"canonical\" href=\"https:\/\/gliptoneeurope.com\/de\/produkt\/gt-eisenfresser-bremsstaub-entferner\/\" \/>\n<meta property=\"og:locale\" content=\"de_DE\" \/>\n<meta property=\"og:type\" content=\"article\" \/>\n<meta property=\"og:title\" content=\"GT Iron Eater - Fallout-Entferner\" \/>\n<meta property=\"og:description\" content=\"GT Iron Eater\u00ae von Gliptone ist eine schnell wirkende, pH-neutrale Gelformel, die als Fallout-Entferner wirkt, an Oberfl\u00e4chen haftet und f\u00fcr zus\u00e4tzliche\" \/>\n<meta property=\"og:url\" content=\"https:\/\/gliptoneeurope.com\/de\/produkt\/gt-eisenfresser-bremsstaub-entferner\/\" \/>\n<meta property=\"og:site_name\" content=\"Gliptone Europe\" \/>\n<meta property=\"article:publisher\" content=\"https:\/\/www.facebook.com\/gliptoneeurope\/\" \/>\n<meta property=\"og:image\" content=\"https:\/\/gliptoneeurope.com\/wp-content\/uploads\/GT-Iron-Eater-950ml-32oz.jpg\" \/>\n\t<meta property=\"og:image:width\" content=\"1407\" \/>\n\t<meta property=\"og:image:height\" content=\"1408\" \/>\n\t<meta property=\"og:image:type\" content=\"image\/jpeg\" \/>\n<meta name=\"twitter:card\" content=\"summary_large_image\" \/>\n<meta name=\"twitter:label1\" content=\"Gesch\u00e4tzte Lesezeit\" \/>\n\t<meta name=\"twitter:data1\" content=\"1\u00a0Minute\" \/>\n<script type=\"application\/ld+json\" class=\"yoast-schema-graph\">{\"@context\":\"https:\\\/\\\/schema.org\",\"@graph\":[{\"@type\":\"WebPage\",\"@id\":\"https:\\\/\\\/gliptoneeurope.com\\\/de\\\/produkt\\\/gt-eisenfresser-bremsstaub-entferner\\\/\",\"url\":\"https:\\\/\\\/gliptoneeurope.com\\\/de\\\/produkt\\\/gt-eisenfresser-bremsstaub-entferner\\\/\",\"name\":\"GT Iron Eater - Fallout-Entferner - Gliptone Europe\",\"isPartOf\":{\"@id\":\"https:\\\/\\\/gliptoneeurope.com\\\/#website\"},\"primaryImageOfPage\":{\"@id\":\"https:\\\/\\\/gliptoneeurope.com\\\/de\\\/produkt\\\/gt-eisenfresser-bremsstaub-entferner\\\/#primaryimage\"},\"image\":{\"@id\":\"https:\\\/\\\/gliptoneeurope.com\\\/de\\\/produkt\\\/gt-eisenfresser-bremsstaub-entferner\\\/#primaryimage\"},\"thumbnailUrl\":\"https:\\\/\\\/gliptoneeurope.com\\\/wp-content\\\/uploads\\\/GT-Iron-Eater-950ml-32oz.jpg\",\"datePublished\":\"2021-11-30T11:48:11+00:00\",\"description\":\"GT Iron Eater\u00ae von Gliptone ist eine schnell wirkende, pH-neutrale Gelformel, die als Fallout-Entferner wirkt, an Oberfl\u00e4chen haftet und f\u00fcr zus\u00e4tzliche Verweilzeit und au\u00dfergew\u00f6hnliche Reinigungswirkung sorgt.\",\"breadcrumb\":{\"@id\":\"https:\\\/\\\/gliptoneeurope.com\\\/de\\\/produkt\\\/gt-eisenfresser-bremsstaub-entferner\\\/#breadcrumb\"},\"inLanguage\":\"de\",\"potentialAction\":[{\"@type\":\"ReadAction\",\"target\":[\"https:\\\/\\\/gliptoneeurope.com\\\/de\\\/produkt\\\/gt-eisenfresser-bremsstaub-entferner\\\/\"]}]},{\"@type\":\"ImageObject\",\"inLanguage\":\"de\",\"@id\":\"https:\\\/\\\/gliptoneeurope.com\\\/de\\\/produkt\\\/gt-eisenfresser-bremsstaub-entferner\\\/#primaryimage\",\"url\":\"https:\\\/\\\/gliptoneeurope.com\\\/wp-content\\\/uploads\\\/GT-Iron-Eater-950ml-32oz.jpg\",\"contentUrl\":\"https:\\\/\\\/gliptoneeurope.com\\\/wp-content\\\/uploads\\\/GT-Iron-Eater-950ml-32oz.jpg\",\"width\":1407,\"height\":1408},{\"@type\":\"BreadcrumbList\",\"@id\":\"https:\\\/\\\/gliptoneeurope.com\\\/de\\\/produkt\\\/gt-eisenfresser-bremsstaub-entferner\\\/#breadcrumb\",\"itemListElement\":[{\"@type\":\"ListItem\",\"position\":1,\"name\":\"Home\",\"item\":\"https:\\\/\\\/gliptoneeurope.com\\\/\"},{\"@type\":\"ListItem\",\"position\":2,\"name\":\"Shop\",\"item\":\"https:\\\/\\\/gliptoneeurope.com\\\/de\\\/shop-2\\\/\"},{\"@type\":\"ListItem\",\"position\":3,\"name\":\"GT Iron Eater &#8211; Fallout-Entferner\"}]},{\"@type\":\"WebSite\",\"@id\":\"https:\\\/\\\/gliptoneeurope.com\\\/#website\",\"url\":\"https:\\\/\\\/gliptoneeurope.com\\\/\",\"name\":\"Gliptone Europe\",\"description\":\"Professional Car Detailing Products\",\"publisher\":{\"@id\":\"https:\\\/\\\/gliptoneeurope.com\\\/#organization\"},\"potentialAction\":[{\"@type\":\"SearchAction\",\"target\":{\"@type\":\"EntryPoint\",\"urlTemplate\":\"https:\\\/\\\/gliptoneeurope.com\\\/?s={search_term_string}\"},\"query-input\":{\"@type\":\"PropertyValueSpecification\",\"valueRequired\":true,\"valueName\":\"search_term_string\"}}],\"inLanguage\":\"de\"},{\"@type\":\"Organization\",\"@id\":\"https:\\\/\\\/gliptoneeurope.com\\\/#organization\",\"name\":\"Gliptone Europe\",\"url\":\"https:\\\/\\\/gliptoneeurope.com\\\/\",\"logo\":{\"@type\":\"ImageObject\",\"inLanguage\":\"de\",\"@id\":\"https:\\\/\\\/gliptoneeurope.com\\\/#\\\/schema\\\/logo\\\/image\\\/\",\"url\":\"https:\\\/\\\/gliptoneeurope.com\\\/wp-content\\\/uploads\\\/Gliptone_Logo.png\",\"contentUrl\":\"https:\\\/\\\/gliptoneeurope.com\\\/wp-content\\\/uploads\\\/Gliptone_Logo.png\",\"width\":1472,\"height\":607,\"caption\":\"Gliptone Europe\"},\"image\":{\"@id\":\"https:\\\/\\\/gliptoneeurope.com\\\/#\\\/schema\\\/logo\\\/image\\\/\"},\"sameAs\":[\"https:\\\/\\\/www.facebook.com\\\/gliptoneeurope\\\/\",\"https:\\\/\\\/www.instagram.com\\\/gliptoneeurope\\\/\",\"https:\\\/\\\/www.pinterest.co.uk\\\/GliptoneEurope\\\/\"]}]}<\/script>\n<!-- \/ Yoast SEO Premium plugin. -->","yoast_head_json":{"title":"GT Iron Eater - Fallout-Entferner - Gliptone Europe","description":"GT Iron Eater\u00ae von Gliptone ist eine schnell wirkende, pH-neutrale Gelformel, die als Fallout-Entferner wirkt, an Oberfl\u00e4chen haftet und f\u00fcr zus\u00e4tzliche Verweilzeit und au\u00dfergew\u00f6hnliche Reinigungswirkung sorgt.","robots":{"index":"index","follow":"follow","max-snippet":"max-snippet:-1","max-image-preview":"max-image-preview:large","max-video-preview":"max-video-preview:-1"},"canonical":"https:\/\/gliptoneeurope.com\/de\/produkt\/gt-eisenfresser-bremsstaub-entferner\/","og_locale":"de_DE","og_type":"article","og_title":"GT Iron Eater - Fallout-Entferner","og_description":"GT Iron Eater\u00ae von Gliptone ist eine schnell wirkende, pH-neutrale Gelformel, die als Fallout-Entferner wirkt, an Oberfl\u00e4chen haftet und f\u00fcr zus\u00e4tzliche","og_url":"https:\/\/gliptoneeurope.com\/de\/produkt\/gt-eisenfresser-bremsstaub-entferner\/","og_site_name":"Gliptone Europe","article_publisher":"https:\/\/www.facebook.com\/gliptoneeurope\/","og_image":[{"width":1407,"height":1408,"url":"https:\/\/gliptoneeurope.com\/wp-content\/uploads\/GT-Iron-Eater-950ml-32oz.jpg","type":"image\/jpeg"}],"twitter_card":"summary_large_image","twitter_misc":{"Gesch\u00e4tzte Lesezeit":"1\u00a0Minute"},"schema":{"@context":"https:\/\/schema.org","@graph":[{"@type":"WebPage","@id":"https:\/\/gliptoneeurope.com\/de\/produkt\/gt-eisenfresser-bremsstaub-entferner\/","url":"https:\/\/gliptoneeurope.com\/de\/produkt\/gt-eisenfresser-bremsstaub-entferner\/","name":"GT Iron Eater - Fallout-Entferner - Gliptone Europe","isPartOf":{"@id":"https:\/\/gliptoneeurope.com\/#website"},"primaryImageOfPage":{"@id":"https:\/\/gliptoneeurope.com\/de\/produkt\/gt-eisenfresser-bremsstaub-entferner\/#primaryimage"},"image":{"@id":"https:\/\/gliptoneeurope.com\/de\/produkt\/gt-eisenfresser-bremsstaub-entferner\/#primaryimage"},"thumbnailUrl":"https:\/\/gliptoneeurope.com\/wp-content\/uploads\/GT-Iron-Eater-950ml-32oz.jpg","datePublished":"2021-11-30T11:48:11+00:00","description":"GT Iron Eater\u00ae von Gliptone ist eine schnell wirkende, pH-neutrale Gelformel, die als Fallout-Entferner wirkt, an Oberfl\u00e4chen haftet und f\u00fcr zus\u00e4tzliche Verweilzeit und au\u00dfergew\u00f6hnliche Reinigungswirkung sorgt.","breadcrumb":{"@id":"https:\/\/gliptoneeurope.com\/de\/produkt\/gt-eisenfresser-bremsstaub-entferner\/#breadcrumb"},"inLanguage":"de","potentialAction":[{"@type":"ReadAction","target":["https:\/\/gliptoneeurope.com\/de\/produkt\/gt-eisenfresser-bremsstaub-entferner\/"]}]},{"@type":"ImageObject","inLanguage":"de","@id":"https:\/\/gliptoneeurope.com\/de\/produkt\/gt-eisenfresser-bremsstaub-entferner\/#primaryimage","url":"https:\/\/gliptoneeurope.com\/wp-content\/uploads\/GT-Iron-Eater-950ml-32oz.jpg","contentUrl":"https:\/\/gliptoneeurope.com\/wp-content\/uploads\/GT-Iron-Eater-950ml-32oz.jpg","width":1407,"height":1408},{"@type":"BreadcrumbList","@id":"https:\/\/gliptoneeurope.com\/de\/produkt\/gt-eisenfresser-bremsstaub-entferner\/#breadcrumb","itemListElement":[{"@type":"ListItem","position":1,"name":"Home","item":"https:\/\/gliptoneeurope.com\/"},{"@type":"ListItem","position":2,"name":"Shop","item":"https:\/\/gliptoneeurope.com\/de\/shop-2\/"},{"@type":"ListItem","position":3,"name":"GT Iron Eater &#8211; Fallout-Entferner"}]},{"@type":"WebSite","@id":"https:\/\/gliptoneeurope.com\/#website","url":"https:\/\/gliptoneeurope.com\/","name":"Gliptone Europe","description":"Professional Car Detailing Products","publisher":{"@id":"https:\/\/gliptoneeurope.com\/#organization"},"potentialAction":[{"@type":"SearchAction","target":{"@type":"EntryPoint","urlTemplate":"https:\/\/gliptoneeurope.com\/?s={search_term_string}"},"query-input":{"@type":"PropertyValueSpecification","valueRequired":true,"valueName":"search_term_string"}}],"inLanguage":"de"},{"@type":"Organization","@id":"https:\/\/gliptoneeurope.com\/#organization","name":"Gliptone Europe","url":"https:\/\/gliptoneeurope.com\/","logo":{"@type":"ImageObject","inLanguage":"de","@id":"https:\/\/gliptoneeurope.com\/#\/schema\/logo\/image\/","url":"https:\/\/gliptoneeurope.com\/wp-content\/uploads\/Gliptone_Logo.png","contentUrl":"https:\/\/gliptoneeurope.com\/wp-content\/uploads\/Gliptone_Logo.png","width":1472,"height":607,"caption":"Gliptone Europe"},"image":{"@id":"https:\/\/gliptoneeurope.com\/#\/schema\/logo\/image\/"},"sameAs":["https:\/\/www.facebook.com\/gliptoneeurope\/","https:\/\/www.instagram.com\/gliptoneeurope\/","https:\/\/www.pinterest.co.uk\/GliptoneEurope\/"]}]}},"wcpa_form_fields":null,"_links":{"self":[{"href":"https:\/\/gliptoneeurope.com\/de\/wp-json\/wp\/v2\/product\/12211","targetHints":{"allow":["GET"]}}],"collection":[{"href":"https:\/\/gliptoneeurope.com\/de\/wp-json\/wp\/v2\/product"}],"about":[{"href":"https:\/\/gliptoneeurope.com\/de\/wp-json\/wp\/v2\/types\/product"}],"wp:featuredmedia":[{"embeddable":true,"href":"https:\/\/gliptoneeurope.com\/de\/wp-json\/wp\/v2\/media\/10665"}],"wp:attachment":[{"href":"https:\/\/gliptoneeurope.com\/de\/wp-json\/wp\/v2\/media?parent=12211"}],"wp:term":[{"taxonomy":"product_brand","embeddable":true,"href":"https:\/\/gliptoneeurope.com\/de\/wp-json\/wp\/v2\/product_brand?post=12211"},{"taxonomy":"product_cat","embeddable":true,"href":"https:\/\/gliptoneeurope.com\/de\/wp-json\/wp\/v2\/product_cat?post=12211"},{"taxonomy":"product_tag","embeddable":true,"href":"https:\/\/gliptoneeurope.com\/de\/wp-json\/wp\/v2\/product_tag?post=12211"}],"curies":[{"name":"wp","href":"https:\/\/api.w.org\/{rel}","templated":true}]}}