{"id":12202,"date":"2020-04-06T19:24:50","date_gmt":"2021-11-30T11:48:05","guid":{"rendered":"https:\/\/gliptoneeurope.com\/product\/praezisionsschnitt-hd\/"},"modified":"2021-11-30T11:48:05","modified_gmt":"2021-11-30T11:48:05","slug":"prazisionsschnitt-hd","status":"publish","type":"product","link":"https:\/\/gliptoneeurope.com\/de\/produkt\/prazisionsschnitt-hd\/","title":{"rendered":"Pr\u00e4zisionsschnitt HD"},"content":{"rendered":"<p>Precision Cut HD kann mehr als 1500 Sandspuren von frischer und werkseitig ausgeh\u00e4rteter Farbe effektiv entfernen. \u00c4u\u00dferst effektiv im Lackkorrekturprozess zur Entfernung von starken Kratzern, Lackfehlern und Oxidation. Hervorragende Ergebnisse werden durch Rotationspuffer oder Dual-Action-Polierer erzielt. Entwickelt f\u00fcr die Verwendung mit Woll-, Schaumstoff- oder Mikrofaser-Pads. Nur eine geringe Produktmenge ist erforderlich, um hervorragende Ergebnisse zu erzielen.<\/p>\n<p>8 Unzen. 235ml.<br \/>\n32oz. 900ml.<br \/>\nGallone. 3800ml.<\/p>\n","protected":false},"excerpt":{"rendered":"<p>Precision Cut HD kann mehr als 1500 Sandspuren von frischer und werkseitig ausgeh\u00e4rteter Farbe effektiv entfernen. \u00c4u\u00dferst effektiv im Lackkorrekturprozess zur Entfernung von starken Kratzern, Lackfehlern und Oxidation. Hervorragende Ergebnisse werden durch Rotationspuffer oder Dual-Action-Polierer erzielt. Entwickelt f\u00fcr die Verwendung mit Woll-, Schaumstoff- oder Mikrofaser-Pads. Nur eine geringe Produktmenge ist erforderlich, um hervorragende Ergebnisse zu [&hellip;]<\/p>\n","protected":false},"featured_media":10711,"template":"","meta":[],"product_brand":[],"product_cat":[149,119],"product_tag":[],"class_list":{"0":"post-12202","1":"product","2":"type-product","3":"status-publish","4":"has-post-thumbnail","6":"product_cat-lackvorbereitung","7":"product_cat-vorbereitung-reinigung","9":"first","10":"instock","11":"taxable","12":"shipping-taxable","13":"purchasable","14":"product-type-variable"},"yoast_head":"<!-- This site is optimized with the Yoast SEO Premium plugin v21.4 (Yoast SEO v27.4) - https:\/\/yoast.com\/product\/yoast-seo-premium-wordpress\/ -->\n<title>Pr\u00e4zisionsschnitt HD - Gliptone Europe<\/title>\n<meta name=\"description\" content=\"Precision Cut HD kann mehr als 1500 Sandspuren von frischer und werkseitig ausgeh\u00e4rteter Farbe effektiv entfernen.\" \/>\n<meta name=\"robots\" content=\"index, follow, max-snippet:-1, max-image-preview:large, max-video-preview:-1\" \/>\n<link rel=\"canonical\" href=\"https:\/\/gliptoneeurope.com\/de\/produkt\/prazisionsschnitt-hd\/\" \/>\n<meta property=\"og:locale\" content=\"de_DE\" \/>\n<meta property=\"og:type\" content=\"article\" \/>\n<meta property=\"og:title\" content=\"Pr\u00e4zisionsschnitt HD\" \/>\n<meta property=\"og:description\" content=\"Precision Cut HD kann mehr als 1500 Sandspuren von frischer und werkseitig ausgeh\u00e4rteter Farbe effektiv entfernen. \u00c4u\u00dferst effektiv im\" \/>\n<meta property=\"og:url\" content=\"https:\/\/gliptoneeurope.com\/de\/produkt\/prazisionsschnitt-hd\/\" \/>\n<meta property=\"og:site_name\" content=\"Gliptone Europe\" \/>\n<meta property=\"article:publisher\" content=\"https:\/\/www.facebook.com\/gliptoneeurope\/\" \/>\n<meta property=\"og:image\" content=\"https:\/\/gliptoneeurope.com\/wp-content\/uploads\/Precision-Cut-HD-950ml-32oz.jpg\" \/>\n\t<meta property=\"og:image:width\" content=\"1463\" \/>\n\t<meta property=\"og:image:height\" content=\"1463\" \/>\n\t<meta property=\"og:image:type\" content=\"image\/jpeg\" \/>\n<meta name=\"twitter:card\" content=\"summary_large_image\" \/>\n<script type=\"application\/ld+json\" class=\"yoast-schema-graph\">{\"@context\":\"https:\\\/\\\/schema.org\",\"@graph\":[{\"@type\":\"WebPage\",\"@id\":\"https:\\\/\\\/gliptoneeurope.com\\\/de\\\/produkt\\\/prazisionsschnitt-hd\\\/\",\"url\":\"https:\\\/\\\/gliptoneeurope.com\\\/de\\\/produkt\\\/prazisionsschnitt-hd\\\/\",\"name\":\"Pr\u00e4zisionsschnitt HD - Gliptone Europe\",\"isPartOf\":{\"@id\":\"https:\\\/\\\/gliptoneeurope.com\\\/#website\"},\"primaryImageOfPage\":{\"@id\":\"https:\\\/\\\/gliptoneeurope.com\\\/de\\\/produkt\\\/prazisionsschnitt-hd\\\/#primaryimage\"},\"image\":{\"@id\":\"https:\\\/\\\/gliptoneeurope.com\\\/de\\\/produkt\\\/prazisionsschnitt-hd\\\/#primaryimage\"},\"thumbnailUrl\":\"https:\\\/\\\/gliptoneeurope.com\\\/wp-content\\\/uploads\\\/Precision-Cut-HD-950ml-32oz.jpg\",\"datePublished\":\"2021-11-30T11:48:05+00:00\",\"description\":\"Precision Cut HD kann mehr als 1500 Sandspuren von frischer und werkseitig ausgeh\u00e4rteter Farbe effektiv entfernen.\",\"breadcrumb\":{\"@id\":\"https:\\\/\\\/gliptoneeurope.com\\\/de\\\/produkt\\\/prazisionsschnitt-hd\\\/#breadcrumb\"},\"inLanguage\":\"de\",\"potentialAction\":[{\"@type\":\"ReadAction\",\"target\":[\"https:\\\/\\\/gliptoneeurope.com\\\/de\\\/produkt\\\/prazisionsschnitt-hd\\\/\"]}]},{\"@type\":\"ImageObject\",\"inLanguage\":\"de\",\"@id\":\"https:\\\/\\\/gliptoneeurope.com\\\/de\\\/produkt\\\/prazisionsschnitt-hd\\\/#primaryimage\",\"url\":\"https:\\\/\\\/gliptoneeurope.com\\\/wp-content\\\/uploads\\\/Precision-Cut-HD-950ml-32oz.jpg\",\"contentUrl\":\"https:\\\/\\\/gliptoneeurope.com\\\/wp-content\\\/uploads\\\/Precision-Cut-HD-950ml-32oz.jpg\",\"width\":1463,\"height\":1463},{\"@type\":\"BreadcrumbList\",\"@id\":\"https:\\\/\\\/gliptoneeurope.com\\\/de\\\/produkt\\\/prazisionsschnitt-hd\\\/#breadcrumb\",\"itemListElement\":[{\"@type\":\"ListItem\",\"position\":1,\"name\":\"Home\",\"item\":\"https:\\\/\\\/gliptoneeurope.com\\\/\"},{\"@type\":\"ListItem\",\"position\":2,\"name\":\"Shop\",\"item\":\"https:\\\/\\\/gliptoneeurope.com\\\/de\\\/shop-2\\\/\"},{\"@type\":\"ListItem\",\"position\":3,\"name\":\"Pr\u00e4zisionsschnitt HD\"}]},{\"@type\":\"WebSite\",\"@id\":\"https:\\\/\\\/gliptoneeurope.com\\\/#website\",\"url\":\"https:\\\/\\\/gliptoneeurope.com\\\/\",\"name\":\"Gliptone Europe\",\"description\":\"Professional Car Detailing Products\",\"publisher\":{\"@id\":\"https:\\\/\\\/gliptoneeurope.com\\\/#organization\"},\"potentialAction\":[{\"@type\":\"SearchAction\",\"target\":{\"@type\":\"EntryPoint\",\"urlTemplate\":\"https:\\\/\\\/gliptoneeurope.com\\\/?s={search_term_string}\"},\"query-input\":{\"@type\":\"PropertyValueSpecification\",\"valueRequired\":true,\"valueName\":\"search_term_string\"}}],\"inLanguage\":\"de\"},{\"@type\":\"Organization\",\"@id\":\"https:\\\/\\\/gliptoneeurope.com\\\/#organization\",\"name\":\"Gliptone Europe\",\"url\":\"https:\\\/\\\/gliptoneeurope.com\\\/\",\"logo\":{\"@type\":\"ImageObject\",\"inLanguage\":\"de\",\"@id\":\"https:\\\/\\\/gliptoneeurope.com\\\/#\\\/schema\\\/logo\\\/image\\\/\",\"url\":\"https:\\\/\\\/gliptoneeurope.com\\\/wp-content\\\/uploads\\\/Gliptone_Logo.png\",\"contentUrl\":\"https:\\\/\\\/gliptoneeurope.com\\\/wp-content\\\/uploads\\\/Gliptone_Logo.png\",\"width\":1472,\"height\":607,\"caption\":\"Gliptone Europe\"},\"image\":{\"@id\":\"https:\\\/\\\/gliptoneeurope.com\\\/#\\\/schema\\\/logo\\\/image\\\/\"},\"sameAs\":[\"https:\\\/\\\/www.facebook.com\\\/gliptoneeurope\\\/\",\"https:\\\/\\\/www.instagram.com\\\/gliptoneeurope\\\/\",\"https:\\\/\\\/www.pinterest.co.uk\\\/GliptoneEurope\\\/\"]}]}<\/script>\n<!-- \/ Yoast SEO Premium plugin. -->","yoast_head_json":{"title":"Pr\u00e4zisionsschnitt HD - Gliptone Europe","description":"Precision Cut HD kann mehr als 1500 Sandspuren von frischer und werkseitig ausgeh\u00e4rteter Farbe effektiv entfernen.","robots":{"index":"index","follow":"follow","max-snippet":"max-snippet:-1","max-image-preview":"max-image-preview:large","max-video-preview":"max-video-preview:-1"},"canonical":"https:\/\/gliptoneeurope.com\/de\/produkt\/prazisionsschnitt-hd\/","og_locale":"de_DE","og_type":"article","og_title":"Pr\u00e4zisionsschnitt HD","og_description":"Precision Cut HD kann mehr als 1500 Sandspuren von frischer und werkseitig ausgeh\u00e4rteter Farbe effektiv entfernen. \u00c4u\u00dferst effektiv im","og_url":"https:\/\/gliptoneeurope.com\/de\/produkt\/prazisionsschnitt-hd\/","og_site_name":"Gliptone Europe","article_publisher":"https:\/\/www.facebook.com\/gliptoneeurope\/","og_image":[{"width":1463,"height":1463,"url":"https:\/\/gliptoneeurope.com\/wp-content\/uploads\/Precision-Cut-HD-950ml-32oz.jpg","type":"image\/jpeg"}],"twitter_card":"summary_large_image","schema":{"@context":"https:\/\/schema.org","@graph":[{"@type":"WebPage","@id":"https:\/\/gliptoneeurope.com\/de\/produkt\/prazisionsschnitt-hd\/","url":"https:\/\/gliptoneeurope.com\/de\/produkt\/prazisionsschnitt-hd\/","name":"Pr\u00e4zisionsschnitt HD - Gliptone Europe","isPartOf":{"@id":"https:\/\/gliptoneeurope.com\/#website"},"primaryImageOfPage":{"@id":"https:\/\/gliptoneeurope.com\/de\/produkt\/prazisionsschnitt-hd\/#primaryimage"},"image":{"@id":"https:\/\/gliptoneeurope.com\/de\/produkt\/prazisionsschnitt-hd\/#primaryimage"},"thumbnailUrl":"https:\/\/gliptoneeurope.com\/wp-content\/uploads\/Precision-Cut-HD-950ml-32oz.jpg","datePublished":"2021-11-30T11:48:05+00:00","description":"Precision Cut HD kann mehr als 1500 Sandspuren von frischer und werkseitig ausgeh\u00e4rteter Farbe effektiv entfernen.","breadcrumb":{"@id":"https:\/\/gliptoneeurope.com\/de\/produkt\/prazisionsschnitt-hd\/#breadcrumb"},"inLanguage":"de","potentialAction":[{"@type":"ReadAction","target":["https:\/\/gliptoneeurope.com\/de\/produkt\/prazisionsschnitt-hd\/"]}]},{"@type":"ImageObject","inLanguage":"de","@id":"https:\/\/gliptoneeurope.com\/de\/produkt\/prazisionsschnitt-hd\/#primaryimage","url":"https:\/\/gliptoneeurope.com\/wp-content\/uploads\/Precision-Cut-HD-950ml-32oz.jpg","contentUrl":"https:\/\/gliptoneeurope.com\/wp-content\/uploads\/Precision-Cut-HD-950ml-32oz.jpg","width":1463,"height":1463},{"@type":"BreadcrumbList","@id":"https:\/\/gliptoneeurope.com\/de\/produkt\/prazisionsschnitt-hd\/#breadcrumb","itemListElement":[{"@type":"ListItem","position":1,"name":"Home","item":"https:\/\/gliptoneeurope.com\/"},{"@type":"ListItem","position":2,"name":"Shop","item":"https:\/\/gliptoneeurope.com\/de\/shop-2\/"},{"@type":"ListItem","position":3,"name":"Pr\u00e4zisionsschnitt HD"}]},{"@type":"WebSite","@id":"https:\/\/gliptoneeurope.com\/#website","url":"https:\/\/gliptoneeurope.com\/","name":"Gliptone Europe","description":"Professional Car Detailing Products","publisher":{"@id":"https:\/\/gliptoneeurope.com\/#organization"},"potentialAction":[{"@type":"SearchAction","target":{"@type":"EntryPoint","urlTemplate":"https:\/\/gliptoneeurope.com\/?s={search_term_string}"},"query-input":{"@type":"PropertyValueSpecification","valueRequired":true,"valueName":"search_term_string"}}],"inLanguage":"de"},{"@type":"Organization","@id":"https:\/\/gliptoneeurope.com\/#organization","name":"Gliptone Europe","url":"https:\/\/gliptoneeurope.com\/","logo":{"@type":"ImageObject","inLanguage":"de","@id":"https:\/\/gliptoneeurope.com\/#\/schema\/logo\/image\/","url":"https:\/\/gliptoneeurope.com\/wp-content\/uploads\/Gliptone_Logo.png","contentUrl":"https:\/\/gliptoneeurope.com\/wp-content\/uploads\/Gliptone_Logo.png","width":1472,"height":607,"caption":"Gliptone Europe"},"image":{"@id":"https:\/\/gliptoneeurope.com\/#\/schema\/logo\/image\/"},"sameAs":["https:\/\/www.facebook.com\/gliptoneeurope\/","https:\/\/www.instagram.com\/gliptoneeurope\/","https:\/\/www.pinterest.co.uk\/GliptoneEurope\/"]}]}},"wcpa_form_fields":null,"_links":{"self":[{"href":"https:\/\/gliptoneeurope.com\/de\/wp-json\/wp\/v2\/product\/12202","targetHints":{"allow":["GET"]}}],"collection":[{"href":"https:\/\/gliptoneeurope.com\/de\/wp-json\/wp\/v2\/product"}],"about":[{"href":"https:\/\/gliptoneeurope.com\/de\/wp-json\/wp\/v2\/types\/product"}],"wp:featuredmedia":[{"embeddable":true,"href":"https:\/\/gliptoneeurope.com\/de\/wp-json\/wp\/v2\/media\/10711"}],"wp:attachment":[{"href":"https:\/\/gliptoneeurope.com\/de\/wp-json\/wp\/v2\/media?parent=12202"}],"wp:term":[{"taxonomy":"product_brand","embeddable":true,"href":"https:\/\/gliptoneeurope.com\/de\/wp-json\/wp\/v2\/product_brand?post=12202"},{"taxonomy":"product_cat","embeddable":true,"href":"https:\/\/gliptoneeurope.com\/de\/wp-json\/wp\/v2\/product_cat?post=12202"},{"taxonomy":"product_tag","embeddable":true,"href":"https:\/\/gliptoneeurope.com\/de\/wp-json\/wp\/v2\/product_tag?post=12202"}],"curies":[{"name":"wp","href":"https:\/\/api.w.org\/{rel}","templated":true}]}}