{"id":12195,"date":"2020-04-06T18:20:21","date_gmt":"2021-11-30T11:48:03","guid":{"rendered":"https:\/\/gliptoneeurope.com\/product\/mehrzweck-reinigungsschwaemme-glipscrub\/"},"modified":"2021-11-30T11:48:03","modified_gmt":"2021-11-30T11:48:03","slug":"mehrzweckreinigungsschwamme-glipscrub","status":"publish","type":"product","link":"https:\/\/gliptoneeurope.com\/de\/produkt\/mehrzweckreinigungsschwamme-glipscrub\/","title":{"rendered":"Mehrzweck-Reinigungsschw\u00e4mme Glipscrub"},"content":{"rendered":"<p>Behebt verblasste und wachsfleckige Formteile und Zierleisten. Hervorragend geeignet f\u00fcr T\u00fcrverkleidungen, Armaturenbretter, Innen- und Au\u00dfenverkleidungen. 12 Schw\u00e4mme\/Tasche. Der aus einem innovativen Reinigungsmaterial (Melamin) hergestellte Gliptone Glipscrub\u00ae Mehrzweck-Reinigungsschwamm dringt in die Oberfl\u00e4che ein und entfernt Schmutz, Oxidation und Ablagerungen von einer Vielzahl von Oberfl\u00e4chen wie Vinyl, Kunststoff, Gummi, Leder, Glas, Stoff\/Stoff und vielem mehr. Behebt verblasste und wachsfleckige Formen und Zierleisten. Hervorragend geeignet f\u00fcr T\u00fcrverkleidungen, Armaturenbretter, Innen- und Au\u00dfenverkleidungen. Vermeiden Sie die Reinigung mit kreisf\u00f6rmigen Bewegungen, versuchen Sie, die Reinigung in geraden Linien zu halten.<\/p>\n","protected":false},"excerpt":{"rendered":"<p>Behebt verblasste und wachsfleckige Formteile und Zierleisten. Hervorragend geeignet f\u00fcr T\u00fcrverkleidungen, Armaturenbretter, Innen- und Au\u00dfenverkleidungen. 12 Schw\u00e4mme\/Tasche. Der aus einem innovativen Reinigungsmaterial (Melamin) hergestellte Gliptone Glipscrub\u00ae Mehrzweck-Reinigungsschwamm dringt in die Oberfl\u00e4che ein und entfernt Schmutz, Oxidation und Ablagerungen von einer Vielzahl von Oberfl\u00e4chen wie Vinyl, Kunststoff, Gummi, Leder, Glas, Stoff\/Stoff und vielem mehr. Behebt verblasste [&hellip;]<\/p>\n","protected":false},"featured_media":10697,"template":"","meta":[],"product_brand":[],"product_cat":[106,156,119],"product_tag":[],"class_list":{"0":"post-12195","1":"product","2":"type-product","3":"status-publish","4":"has-post-thumbnail","6":"product_cat-ausendetailer-polituren","7":"product_cat-motor","8":"product_cat-vorbereitung-reinigung","10":"first","11":"instock","12":"taxable","13":"shipping-taxable","14":"purchasable","15":"product-type-simple"},"yoast_head":"<!-- This site is optimized with the Yoast SEO Premium plugin v21.4 (Yoast SEO v27.4) - https:\/\/yoast.com\/product\/yoast-seo-premium-wordpress\/ -->\n<title>Mehrzweck-Reinigungsschw\u00e4mme Glipscrub - Gliptone Europe<\/title>\n<meta name=\"description\" content=\"Behebt verblasste und wachsfleckige Formteile und Zierleisten. Hervorragend geeignet f\u00fcr T\u00fcrverkleidungen, Armaturenbretter, Innen- und Au\u00dfenverkleidungen. 12 Schw\u00e4mme\/Tasche. Der aus einem innovativen Reinigungsmaterial (Melamin) hergestellte Gliptone Glipscrub\u00ae Mehrzweck-Reinigungsschwamm dringt in die Oberfl\u00e4che ein und entfernt Schmutz, Oxidation und Ablagerungen von einer Vielzahl von Oberfl\u00e4chen wie Vinyl, Kunststoff, Gummi, Leder, Glas, Stoff\/Stoff und vielem mehr.\" \/>\n<meta name=\"robots\" content=\"index, follow, max-snippet:-1, max-image-preview:large, max-video-preview:-1\" \/>\n<link rel=\"canonical\" href=\"https:\/\/gliptoneeurope.com\/de\/produkt\/mehrzweckreinigungsschwamme-glipscrub\/\" \/>\n<meta property=\"og:locale\" content=\"de_DE\" \/>\n<meta property=\"og:type\" content=\"article\" \/>\n<meta property=\"og:title\" content=\"Mehrzweck-Reinigungsschw\u00e4mme Glipscrub\" \/>\n<meta property=\"og:description\" content=\"Behebt verblasste und wachsfleckige Formteile und Zierleisten. Hervorragend geeignet f\u00fcr T\u00fcrverkleidungen, Armaturenbretter, Innen- und\" \/>\n<meta property=\"og:url\" content=\"https:\/\/gliptoneeurope.com\/de\/produkt\/mehrzweckreinigungsschwamme-glipscrub\/\" \/>\n<meta property=\"og:site_name\" content=\"Gliptone Europe\" \/>\n<meta property=\"article:publisher\" content=\"https:\/\/www.facebook.com\/gliptoneeurope\/\" \/>\n<meta property=\"og:image\" content=\"https:\/\/gliptoneeurope.com\/wp-content\/uploads\/Multi-Purpose-Cleaning-Sponges.jpg\" \/>\n\t<meta property=\"og:image:width\" content=\"1321\" \/>\n\t<meta property=\"og:image:height\" content=\"1321\" \/>\n\t<meta property=\"og:image:type\" content=\"image\/jpeg\" \/>\n<meta name=\"twitter:card\" content=\"summary_large_image\" \/>\n<script type=\"application\/ld+json\" class=\"yoast-schema-graph\">{\"@context\":\"https:\\\/\\\/schema.org\",\"@graph\":[{\"@type\":\"WebPage\",\"@id\":\"https:\\\/\\\/gliptoneeurope.com\\\/de\\\/produkt\\\/mehrzweckreinigungsschwamme-glipscrub\\\/\",\"url\":\"https:\\\/\\\/gliptoneeurope.com\\\/de\\\/produkt\\\/mehrzweckreinigungsschwamme-glipscrub\\\/\",\"name\":\"Mehrzweck-Reinigungsschw\u00e4mme Glipscrub - Gliptone Europe\",\"isPartOf\":{\"@id\":\"https:\\\/\\\/gliptoneeurope.com\\\/#website\"},\"primaryImageOfPage\":{\"@id\":\"https:\\\/\\\/gliptoneeurope.com\\\/de\\\/produkt\\\/mehrzweckreinigungsschwamme-glipscrub\\\/#primaryimage\"},\"image\":{\"@id\":\"https:\\\/\\\/gliptoneeurope.com\\\/de\\\/produkt\\\/mehrzweckreinigungsschwamme-glipscrub\\\/#primaryimage\"},\"thumbnailUrl\":\"https:\\\/\\\/gliptoneeurope.com\\\/wp-content\\\/uploads\\\/Multi-Purpose-Cleaning-Sponges.jpg\",\"datePublished\":\"2021-11-30T11:48:03+00:00\",\"description\":\"Behebt verblasste und wachsfleckige Formteile und Zierleisten. Hervorragend geeignet f\u00fcr T\u00fcrverkleidungen, Armaturenbretter, Innen- und Au\u00dfenverkleidungen. 12 Schw\u00e4mme\\\/Tasche. Der aus einem innovativen Reinigungsmaterial (Melamin) hergestellte Gliptone Glipscrub\u00ae Mehrzweck-Reinigungsschwamm dringt in die Oberfl\u00e4che ein und entfernt Schmutz, Oxidation und Ablagerungen von einer Vielzahl von Oberfl\u00e4chen wie Vinyl, Kunststoff, Gummi, Leder, Glas, Stoff\\\/Stoff und vielem mehr.\",\"breadcrumb\":{\"@id\":\"https:\\\/\\\/gliptoneeurope.com\\\/de\\\/produkt\\\/mehrzweckreinigungsschwamme-glipscrub\\\/#breadcrumb\"},\"inLanguage\":\"de\",\"potentialAction\":[{\"@type\":\"ReadAction\",\"target\":[\"https:\\\/\\\/gliptoneeurope.com\\\/de\\\/produkt\\\/mehrzweckreinigungsschwamme-glipscrub\\\/\"]}]},{\"@type\":\"ImageObject\",\"inLanguage\":\"de\",\"@id\":\"https:\\\/\\\/gliptoneeurope.com\\\/de\\\/produkt\\\/mehrzweckreinigungsschwamme-glipscrub\\\/#primaryimage\",\"url\":\"https:\\\/\\\/gliptoneeurope.com\\\/wp-content\\\/uploads\\\/Multi-Purpose-Cleaning-Sponges.jpg\",\"contentUrl\":\"https:\\\/\\\/gliptoneeurope.com\\\/wp-content\\\/uploads\\\/Multi-Purpose-Cleaning-Sponges.jpg\",\"width\":1321,\"height\":1321},{\"@type\":\"BreadcrumbList\",\"@id\":\"https:\\\/\\\/gliptoneeurope.com\\\/de\\\/produkt\\\/mehrzweckreinigungsschwamme-glipscrub\\\/#breadcrumb\",\"itemListElement\":[{\"@type\":\"ListItem\",\"position\":1,\"name\":\"Home\",\"item\":\"https:\\\/\\\/gliptoneeurope.com\\\/\"},{\"@type\":\"ListItem\",\"position\":2,\"name\":\"Shop\",\"item\":\"https:\\\/\\\/gliptoneeurope.com\\\/de\\\/shop-2\\\/\"},{\"@type\":\"ListItem\",\"position\":3,\"name\":\"Mehrzweck-Reinigungsschw\u00e4mme Glipscrub\"}]},{\"@type\":\"WebSite\",\"@id\":\"https:\\\/\\\/gliptoneeurope.com\\\/#website\",\"url\":\"https:\\\/\\\/gliptoneeurope.com\\\/\",\"name\":\"Gliptone Europe\",\"description\":\"Professional Car Detailing Products\",\"publisher\":{\"@id\":\"https:\\\/\\\/gliptoneeurope.com\\\/#organization\"},\"potentialAction\":[{\"@type\":\"SearchAction\",\"target\":{\"@type\":\"EntryPoint\",\"urlTemplate\":\"https:\\\/\\\/gliptoneeurope.com\\\/?s={search_term_string}\"},\"query-input\":{\"@type\":\"PropertyValueSpecification\",\"valueRequired\":true,\"valueName\":\"search_term_string\"}}],\"inLanguage\":\"de\"},{\"@type\":\"Organization\",\"@id\":\"https:\\\/\\\/gliptoneeurope.com\\\/#organization\",\"name\":\"Gliptone Europe\",\"url\":\"https:\\\/\\\/gliptoneeurope.com\\\/\",\"logo\":{\"@type\":\"ImageObject\",\"inLanguage\":\"de\",\"@id\":\"https:\\\/\\\/gliptoneeurope.com\\\/#\\\/schema\\\/logo\\\/image\\\/\",\"url\":\"https:\\\/\\\/gliptoneeurope.com\\\/wp-content\\\/uploads\\\/Gliptone_Logo.png\",\"contentUrl\":\"https:\\\/\\\/gliptoneeurope.com\\\/wp-content\\\/uploads\\\/Gliptone_Logo.png\",\"width\":1472,\"height\":607,\"caption\":\"Gliptone Europe\"},\"image\":{\"@id\":\"https:\\\/\\\/gliptoneeurope.com\\\/#\\\/schema\\\/logo\\\/image\\\/\"},\"sameAs\":[\"https:\\\/\\\/www.facebook.com\\\/gliptoneeurope\\\/\",\"https:\\\/\\\/www.instagram.com\\\/gliptoneeurope\\\/\",\"https:\\\/\\\/www.pinterest.co.uk\\\/GliptoneEurope\\\/\"]}]}<\/script>\n<!-- \/ Yoast SEO Premium plugin. -->","yoast_head_json":{"title":"Mehrzweck-Reinigungsschw\u00e4mme Glipscrub - Gliptone Europe","description":"Behebt verblasste und wachsfleckige Formteile und Zierleisten. Hervorragend geeignet f\u00fcr T\u00fcrverkleidungen, Armaturenbretter, Innen- und Au\u00dfenverkleidungen. 12 Schw\u00e4mme\/Tasche. Der aus einem innovativen Reinigungsmaterial (Melamin) hergestellte Gliptone Glipscrub\u00ae Mehrzweck-Reinigungsschwamm dringt in die Oberfl\u00e4che ein und entfernt Schmutz, Oxidation und Ablagerungen von einer Vielzahl von Oberfl\u00e4chen wie Vinyl, Kunststoff, Gummi, Leder, Glas, Stoff\/Stoff und vielem mehr.","robots":{"index":"index","follow":"follow","max-snippet":"max-snippet:-1","max-image-preview":"max-image-preview:large","max-video-preview":"max-video-preview:-1"},"canonical":"https:\/\/gliptoneeurope.com\/de\/produkt\/mehrzweckreinigungsschwamme-glipscrub\/","og_locale":"de_DE","og_type":"article","og_title":"Mehrzweck-Reinigungsschw\u00e4mme Glipscrub","og_description":"Behebt verblasste und wachsfleckige Formteile und Zierleisten. Hervorragend geeignet f\u00fcr T\u00fcrverkleidungen, Armaturenbretter, Innen- und","og_url":"https:\/\/gliptoneeurope.com\/de\/produkt\/mehrzweckreinigungsschwamme-glipscrub\/","og_site_name":"Gliptone Europe","article_publisher":"https:\/\/www.facebook.com\/gliptoneeurope\/","og_image":[{"width":1321,"height":1321,"url":"https:\/\/gliptoneeurope.com\/wp-content\/uploads\/Multi-Purpose-Cleaning-Sponges.jpg","type":"image\/jpeg"}],"twitter_card":"summary_large_image","schema":{"@context":"https:\/\/schema.org","@graph":[{"@type":"WebPage","@id":"https:\/\/gliptoneeurope.com\/de\/produkt\/mehrzweckreinigungsschwamme-glipscrub\/","url":"https:\/\/gliptoneeurope.com\/de\/produkt\/mehrzweckreinigungsschwamme-glipscrub\/","name":"Mehrzweck-Reinigungsschw\u00e4mme Glipscrub - Gliptone Europe","isPartOf":{"@id":"https:\/\/gliptoneeurope.com\/#website"},"primaryImageOfPage":{"@id":"https:\/\/gliptoneeurope.com\/de\/produkt\/mehrzweckreinigungsschwamme-glipscrub\/#primaryimage"},"image":{"@id":"https:\/\/gliptoneeurope.com\/de\/produkt\/mehrzweckreinigungsschwamme-glipscrub\/#primaryimage"},"thumbnailUrl":"https:\/\/gliptoneeurope.com\/wp-content\/uploads\/Multi-Purpose-Cleaning-Sponges.jpg","datePublished":"2021-11-30T11:48:03+00:00","description":"Behebt verblasste und wachsfleckige Formteile und Zierleisten. Hervorragend geeignet f\u00fcr T\u00fcrverkleidungen, Armaturenbretter, Innen- und Au\u00dfenverkleidungen. 12 Schw\u00e4mme\/Tasche. Der aus einem innovativen Reinigungsmaterial (Melamin) hergestellte Gliptone Glipscrub\u00ae Mehrzweck-Reinigungsschwamm dringt in die Oberfl\u00e4che ein und entfernt Schmutz, Oxidation und Ablagerungen von einer Vielzahl von Oberfl\u00e4chen wie Vinyl, Kunststoff, Gummi, Leder, Glas, Stoff\/Stoff und vielem mehr.","breadcrumb":{"@id":"https:\/\/gliptoneeurope.com\/de\/produkt\/mehrzweckreinigungsschwamme-glipscrub\/#breadcrumb"},"inLanguage":"de","potentialAction":[{"@type":"ReadAction","target":["https:\/\/gliptoneeurope.com\/de\/produkt\/mehrzweckreinigungsschwamme-glipscrub\/"]}]},{"@type":"ImageObject","inLanguage":"de","@id":"https:\/\/gliptoneeurope.com\/de\/produkt\/mehrzweckreinigungsschwamme-glipscrub\/#primaryimage","url":"https:\/\/gliptoneeurope.com\/wp-content\/uploads\/Multi-Purpose-Cleaning-Sponges.jpg","contentUrl":"https:\/\/gliptoneeurope.com\/wp-content\/uploads\/Multi-Purpose-Cleaning-Sponges.jpg","width":1321,"height":1321},{"@type":"BreadcrumbList","@id":"https:\/\/gliptoneeurope.com\/de\/produkt\/mehrzweckreinigungsschwamme-glipscrub\/#breadcrumb","itemListElement":[{"@type":"ListItem","position":1,"name":"Home","item":"https:\/\/gliptoneeurope.com\/"},{"@type":"ListItem","position":2,"name":"Shop","item":"https:\/\/gliptoneeurope.com\/de\/shop-2\/"},{"@type":"ListItem","position":3,"name":"Mehrzweck-Reinigungsschw\u00e4mme Glipscrub"}]},{"@type":"WebSite","@id":"https:\/\/gliptoneeurope.com\/#website","url":"https:\/\/gliptoneeurope.com\/","name":"Gliptone Europe","description":"Professional Car Detailing Products","publisher":{"@id":"https:\/\/gliptoneeurope.com\/#organization"},"potentialAction":[{"@type":"SearchAction","target":{"@type":"EntryPoint","urlTemplate":"https:\/\/gliptoneeurope.com\/?s={search_term_string}"},"query-input":{"@type":"PropertyValueSpecification","valueRequired":true,"valueName":"search_term_string"}}],"inLanguage":"de"},{"@type":"Organization","@id":"https:\/\/gliptoneeurope.com\/#organization","name":"Gliptone Europe","url":"https:\/\/gliptoneeurope.com\/","logo":{"@type":"ImageObject","inLanguage":"de","@id":"https:\/\/gliptoneeurope.com\/#\/schema\/logo\/image\/","url":"https:\/\/gliptoneeurope.com\/wp-content\/uploads\/Gliptone_Logo.png","contentUrl":"https:\/\/gliptoneeurope.com\/wp-content\/uploads\/Gliptone_Logo.png","width":1472,"height":607,"caption":"Gliptone Europe"},"image":{"@id":"https:\/\/gliptoneeurope.com\/#\/schema\/logo\/image\/"},"sameAs":["https:\/\/www.facebook.com\/gliptoneeurope\/","https:\/\/www.instagram.com\/gliptoneeurope\/","https:\/\/www.pinterest.co.uk\/GliptoneEurope\/"]}]}},"wcpa_form_fields":null,"_links":{"self":[{"href":"https:\/\/gliptoneeurope.com\/de\/wp-json\/wp\/v2\/product\/12195","targetHints":{"allow":["GET"]}}],"collection":[{"href":"https:\/\/gliptoneeurope.com\/de\/wp-json\/wp\/v2\/product"}],"about":[{"href":"https:\/\/gliptoneeurope.com\/de\/wp-json\/wp\/v2\/types\/product"}],"wp:featuredmedia":[{"embeddable":true,"href":"https:\/\/gliptoneeurope.com\/de\/wp-json\/wp\/v2\/media\/10697"}],"wp:attachment":[{"href":"https:\/\/gliptoneeurope.com\/de\/wp-json\/wp\/v2\/media?parent=12195"}],"wp:term":[{"taxonomy":"product_brand","embeddable":true,"href":"https:\/\/gliptoneeurope.com\/de\/wp-json\/wp\/v2\/product_brand?post=12195"},{"taxonomy":"product_cat","embeddable":true,"href":"https:\/\/gliptoneeurope.com\/de\/wp-json\/wp\/v2\/product_cat?post=12195"},{"taxonomy":"product_tag","embeddable":true,"href":"https:\/\/gliptoneeurope.com\/de\/wp-json\/wp\/v2\/product_tag?post=12195"}],"curies":[{"name":"wp","href":"https:\/\/api.w.org\/{rel}","templated":true}]}}