{"id":12192,"date":"2020-04-06T19:12:44","date_gmt":"2021-11-30T11:48:01","guid":{"rendered":"https:\/\/gliptoneeurope.com\/product\/klarlack-politur\/"},"modified":"2021-11-30T11:48:01","modified_gmt":"2021-11-30T11:48:01","slug":"klarlack-politur","status":"publish","type":"product","link":"https:\/\/gliptoneeurope.com\/de\/produkt\/klarlack-politur\/","title":{"rendered":"Klarlack Politur"},"content":{"rendered":"<p>Entwickelt f\u00fcr Lackoberfl\u00e4chen, die relativ neu, sauber und gut gepflegt sind. Poliert und sch\u00fctzt alle Klarlackoberfl\u00e4chen mit modernster In-Car-Pflegetechnologie.<\/p>\n<p>Arbeiten Sie in kleinen kontrollierten Abschnitten. Kann unabh\u00e4ngig vom 3-Stufen-System verwendet werden. Bietet dauerhaften Hochglanzschutz.<\/p>\n<p>Dieses Produkt finden Sie in unserem <a href=\"https:\/\/gliptoneeurope.com\/product\/decontamination-kit\/\">Dekontaminations-Kit<\/a> , das alles enth\u00e4lt, was Sie zur sicheren Entfernung von Verunreinigungen aus Ihrem Lack ben\u00f6tigen.<\/p>\n<p>Unsere nicht scheuernde Autopolitur <a href=\"https:\/\/gliptoneeurope.com\/product\/stage-2-glaze-1-gall-3-8l\/\">Stage 2 Glaze<\/a> ist eine gro\u00dfartige Alternative f\u00fcr den professionellen Gebrauch, erh\u00e4ltlich in einer 3,8-Liter-Flasche (1 Gall).<\/p>\n<p>16 Unzen. 470ml.<\/p>\n","protected":false},"excerpt":{"rendered":"<p>Entwickelt f\u00fcr Lackoberfl\u00e4chen, die relativ neu, sauber und gut gepflegt sind. Poliert und sch\u00fctzt alle Klarlackoberfl\u00e4chen mit modernster In-Car-Pflegetechnologie. Arbeiten Sie in kleinen kontrollierten Abschnitten. Kann unabh\u00e4ngig vom 3-Stufen-System verwendet werden. Bietet dauerhaften Hochglanzschutz. Dieses Produkt finden Sie in unserem Dekontaminations-Kit , das alles enth\u00e4lt, was Sie zur sicheren Entfernung von Verunreinigungen aus Ihrem Lack [&hellip;]<\/p>\n","protected":false},"featured_media":10251,"template":"","meta":[],"product_brand":[],"product_cat":[106,149],"product_tag":[],"class_list":{"0":"post-12192","1":"product","2":"type-product","3":"status-publish","4":"has-post-thumbnail","6":"product_cat-ausendetailer-polituren","7":"product_cat-lackvorbereitung","9":"first","10":"instock","11":"taxable","12":"shipping-taxable","13":"purchasable","14":"product-type-simple"},"yoast_head":"<!-- This site is optimized with the Yoast SEO Premium plugin v21.4 (Yoast SEO v27.4) - https:\/\/yoast.com\/product\/yoast-seo-premium-wordpress\/ -->\n<title>Klarlack Politur - Gliptone Europe<\/title>\n<meta name=\"description\" content=\"Entwickelt f\u00fcr Lackoberfl\u00e4chen, die relativ neu, sauber und gut gepflegt sind. Poliert und sch\u00fctzt alle Klarlackoberfl\u00e4chen.\" \/>\n<meta name=\"robots\" content=\"index, follow, max-snippet:-1, max-image-preview:large, max-video-preview:-1\" \/>\n<link rel=\"canonical\" href=\"https:\/\/gliptoneeurope.com\/de\/produkt\/klarlack-politur\/\" \/>\n<meta property=\"og:locale\" content=\"de_DE\" \/>\n<meta property=\"og:type\" content=\"article\" \/>\n<meta property=\"og:title\" content=\"Klarlack Politur\" \/>\n<meta property=\"og:description\" content=\"Entwickelt f\u00fcr Lackoberfl\u00e4chen, die relativ neu, sauber und gut gepflegt sind. Poliert und sch\u00fctzt alle Klarlackoberfl\u00e4chen mit modernster\" \/>\n<meta property=\"og:url\" content=\"https:\/\/gliptoneeurope.com\/de\/produkt\/klarlack-politur\/\" \/>\n<meta property=\"og:site_name\" content=\"Gliptone Europe\" \/>\n<meta property=\"article:publisher\" content=\"https:\/\/www.facebook.com\/gliptoneeurope\/\" \/>\n<meta property=\"og:image\" content=\"https:\/\/gliptoneeurope.com\/wp-content\/uploads\/Clearcoat-Polish.jpg\" \/>\n\t<meta property=\"og:image:width\" content=\"1772\" \/>\n\t<meta property=\"og:image:height\" content=\"1772\" \/>\n\t<meta property=\"og:image:type\" content=\"image\/jpeg\" \/>\n<meta name=\"twitter:card\" content=\"summary_large_image\" \/>\n<script type=\"application\/ld+json\" class=\"yoast-schema-graph\">{\"@context\":\"https:\\\/\\\/schema.org\",\"@graph\":[{\"@type\":\"WebPage\",\"@id\":\"https:\\\/\\\/gliptoneeurope.com\\\/de\\\/produkt\\\/klarlack-politur\\\/\",\"url\":\"https:\\\/\\\/gliptoneeurope.com\\\/de\\\/produkt\\\/klarlack-politur\\\/\",\"name\":\"Klarlack Politur - Gliptone Europe\",\"isPartOf\":{\"@id\":\"https:\\\/\\\/gliptoneeurope.com\\\/#website\"},\"primaryImageOfPage\":{\"@id\":\"https:\\\/\\\/gliptoneeurope.com\\\/de\\\/produkt\\\/klarlack-politur\\\/#primaryimage\"},\"image\":{\"@id\":\"https:\\\/\\\/gliptoneeurope.com\\\/de\\\/produkt\\\/klarlack-politur\\\/#primaryimage\"},\"thumbnailUrl\":\"https:\\\/\\\/gliptoneeurope.com\\\/wp-content\\\/uploads\\\/Clearcoat-Polish.jpg\",\"datePublished\":\"2021-11-30T11:48:01+00:00\",\"description\":\"Entwickelt f\u00fcr Lackoberfl\u00e4chen, die relativ neu, sauber und gut gepflegt sind. Poliert und sch\u00fctzt alle Klarlackoberfl\u00e4chen.\",\"breadcrumb\":{\"@id\":\"https:\\\/\\\/gliptoneeurope.com\\\/de\\\/produkt\\\/klarlack-politur\\\/#breadcrumb\"},\"inLanguage\":\"de\",\"potentialAction\":[{\"@type\":\"ReadAction\",\"target\":[\"https:\\\/\\\/gliptoneeurope.com\\\/de\\\/produkt\\\/klarlack-politur\\\/\"]}]},{\"@type\":\"ImageObject\",\"inLanguage\":\"de\",\"@id\":\"https:\\\/\\\/gliptoneeurope.com\\\/de\\\/produkt\\\/klarlack-politur\\\/#primaryimage\",\"url\":\"https:\\\/\\\/gliptoneeurope.com\\\/wp-content\\\/uploads\\\/Clearcoat-Polish.jpg\",\"contentUrl\":\"https:\\\/\\\/gliptoneeurope.com\\\/wp-content\\\/uploads\\\/Clearcoat-Polish.jpg\",\"width\":1772,\"height\":1772,\"caption\":\"Klarlack Politur\"},{\"@type\":\"BreadcrumbList\",\"@id\":\"https:\\\/\\\/gliptoneeurope.com\\\/de\\\/produkt\\\/klarlack-politur\\\/#breadcrumb\",\"itemListElement\":[{\"@type\":\"ListItem\",\"position\":1,\"name\":\"Home\",\"item\":\"https:\\\/\\\/gliptoneeurope.com\\\/\"},{\"@type\":\"ListItem\",\"position\":2,\"name\":\"Shop\",\"item\":\"https:\\\/\\\/gliptoneeurope.com\\\/de\\\/shop-2\\\/\"},{\"@type\":\"ListItem\",\"position\":3,\"name\":\"Klarlack Politur\"}]},{\"@type\":\"WebSite\",\"@id\":\"https:\\\/\\\/gliptoneeurope.com\\\/#website\",\"url\":\"https:\\\/\\\/gliptoneeurope.com\\\/\",\"name\":\"Gliptone Europe\",\"description\":\"Professional Car Detailing Products\",\"publisher\":{\"@id\":\"https:\\\/\\\/gliptoneeurope.com\\\/#organization\"},\"potentialAction\":[{\"@type\":\"SearchAction\",\"target\":{\"@type\":\"EntryPoint\",\"urlTemplate\":\"https:\\\/\\\/gliptoneeurope.com\\\/?s={search_term_string}\"},\"query-input\":{\"@type\":\"PropertyValueSpecification\",\"valueRequired\":true,\"valueName\":\"search_term_string\"}}],\"inLanguage\":\"de\"},{\"@type\":\"Organization\",\"@id\":\"https:\\\/\\\/gliptoneeurope.com\\\/#organization\",\"name\":\"Gliptone Europe\",\"url\":\"https:\\\/\\\/gliptoneeurope.com\\\/\",\"logo\":{\"@type\":\"ImageObject\",\"inLanguage\":\"de\",\"@id\":\"https:\\\/\\\/gliptoneeurope.com\\\/#\\\/schema\\\/logo\\\/image\\\/\",\"url\":\"https:\\\/\\\/gliptoneeurope.com\\\/wp-content\\\/uploads\\\/Gliptone_Logo.png\",\"contentUrl\":\"https:\\\/\\\/gliptoneeurope.com\\\/wp-content\\\/uploads\\\/Gliptone_Logo.png\",\"width\":1472,\"height\":607,\"caption\":\"Gliptone Europe\"},\"image\":{\"@id\":\"https:\\\/\\\/gliptoneeurope.com\\\/#\\\/schema\\\/logo\\\/image\\\/\"},\"sameAs\":[\"https:\\\/\\\/www.facebook.com\\\/gliptoneeurope\\\/\",\"https:\\\/\\\/www.instagram.com\\\/gliptoneeurope\\\/\",\"https:\\\/\\\/www.pinterest.co.uk\\\/GliptoneEurope\\\/\"]}]}<\/script>\n<!-- \/ Yoast SEO Premium plugin. -->","yoast_head_json":{"title":"Klarlack Politur - Gliptone Europe","description":"Entwickelt f\u00fcr Lackoberfl\u00e4chen, die relativ neu, sauber und gut gepflegt sind. Poliert und sch\u00fctzt alle Klarlackoberfl\u00e4chen.","robots":{"index":"index","follow":"follow","max-snippet":"max-snippet:-1","max-image-preview":"max-image-preview:large","max-video-preview":"max-video-preview:-1"},"canonical":"https:\/\/gliptoneeurope.com\/de\/produkt\/klarlack-politur\/","og_locale":"de_DE","og_type":"article","og_title":"Klarlack Politur","og_description":"Entwickelt f\u00fcr Lackoberfl\u00e4chen, die relativ neu, sauber und gut gepflegt sind. Poliert und sch\u00fctzt alle Klarlackoberfl\u00e4chen mit modernster","og_url":"https:\/\/gliptoneeurope.com\/de\/produkt\/klarlack-politur\/","og_site_name":"Gliptone Europe","article_publisher":"https:\/\/www.facebook.com\/gliptoneeurope\/","og_image":[{"width":1772,"height":1772,"url":"https:\/\/gliptoneeurope.com\/wp-content\/uploads\/Clearcoat-Polish.jpg","type":"image\/jpeg"}],"twitter_card":"summary_large_image","schema":{"@context":"https:\/\/schema.org","@graph":[{"@type":"WebPage","@id":"https:\/\/gliptoneeurope.com\/de\/produkt\/klarlack-politur\/","url":"https:\/\/gliptoneeurope.com\/de\/produkt\/klarlack-politur\/","name":"Klarlack Politur - Gliptone Europe","isPartOf":{"@id":"https:\/\/gliptoneeurope.com\/#website"},"primaryImageOfPage":{"@id":"https:\/\/gliptoneeurope.com\/de\/produkt\/klarlack-politur\/#primaryimage"},"image":{"@id":"https:\/\/gliptoneeurope.com\/de\/produkt\/klarlack-politur\/#primaryimage"},"thumbnailUrl":"https:\/\/gliptoneeurope.com\/wp-content\/uploads\/Clearcoat-Polish.jpg","datePublished":"2021-11-30T11:48:01+00:00","description":"Entwickelt f\u00fcr Lackoberfl\u00e4chen, die relativ neu, sauber und gut gepflegt sind. Poliert und sch\u00fctzt alle Klarlackoberfl\u00e4chen.","breadcrumb":{"@id":"https:\/\/gliptoneeurope.com\/de\/produkt\/klarlack-politur\/#breadcrumb"},"inLanguage":"de","potentialAction":[{"@type":"ReadAction","target":["https:\/\/gliptoneeurope.com\/de\/produkt\/klarlack-politur\/"]}]},{"@type":"ImageObject","inLanguage":"de","@id":"https:\/\/gliptoneeurope.com\/de\/produkt\/klarlack-politur\/#primaryimage","url":"https:\/\/gliptoneeurope.com\/wp-content\/uploads\/Clearcoat-Polish.jpg","contentUrl":"https:\/\/gliptoneeurope.com\/wp-content\/uploads\/Clearcoat-Polish.jpg","width":1772,"height":1772,"caption":"Klarlack Politur"},{"@type":"BreadcrumbList","@id":"https:\/\/gliptoneeurope.com\/de\/produkt\/klarlack-politur\/#breadcrumb","itemListElement":[{"@type":"ListItem","position":1,"name":"Home","item":"https:\/\/gliptoneeurope.com\/"},{"@type":"ListItem","position":2,"name":"Shop","item":"https:\/\/gliptoneeurope.com\/de\/shop-2\/"},{"@type":"ListItem","position":3,"name":"Klarlack Politur"}]},{"@type":"WebSite","@id":"https:\/\/gliptoneeurope.com\/#website","url":"https:\/\/gliptoneeurope.com\/","name":"Gliptone Europe","description":"Professional Car Detailing Products","publisher":{"@id":"https:\/\/gliptoneeurope.com\/#organization"},"potentialAction":[{"@type":"SearchAction","target":{"@type":"EntryPoint","urlTemplate":"https:\/\/gliptoneeurope.com\/?s={search_term_string}"},"query-input":{"@type":"PropertyValueSpecification","valueRequired":true,"valueName":"search_term_string"}}],"inLanguage":"de"},{"@type":"Organization","@id":"https:\/\/gliptoneeurope.com\/#organization","name":"Gliptone Europe","url":"https:\/\/gliptoneeurope.com\/","logo":{"@type":"ImageObject","inLanguage":"de","@id":"https:\/\/gliptoneeurope.com\/#\/schema\/logo\/image\/","url":"https:\/\/gliptoneeurope.com\/wp-content\/uploads\/Gliptone_Logo.png","contentUrl":"https:\/\/gliptoneeurope.com\/wp-content\/uploads\/Gliptone_Logo.png","width":1472,"height":607,"caption":"Gliptone Europe"},"image":{"@id":"https:\/\/gliptoneeurope.com\/#\/schema\/logo\/image\/"},"sameAs":["https:\/\/www.facebook.com\/gliptoneeurope\/","https:\/\/www.instagram.com\/gliptoneeurope\/","https:\/\/www.pinterest.co.uk\/GliptoneEurope\/"]}]}},"wcpa_form_fields":null,"_links":{"self":[{"href":"https:\/\/gliptoneeurope.com\/de\/wp-json\/wp\/v2\/product\/12192","targetHints":{"allow":["GET"]}}],"collection":[{"href":"https:\/\/gliptoneeurope.com\/de\/wp-json\/wp\/v2\/product"}],"about":[{"href":"https:\/\/gliptoneeurope.com\/de\/wp-json\/wp\/v2\/types\/product"}],"wp:featuredmedia":[{"embeddable":true,"href":"https:\/\/gliptoneeurope.com\/de\/wp-json\/wp\/v2\/media\/10251"}],"wp:attachment":[{"href":"https:\/\/gliptoneeurope.com\/de\/wp-json\/wp\/v2\/media?parent=12192"}],"wp:term":[{"taxonomy":"product_brand","embeddable":true,"href":"https:\/\/gliptoneeurope.com\/de\/wp-json\/wp\/v2\/product_brand?post=12192"},{"taxonomy":"product_cat","embeddable":true,"href":"https:\/\/gliptoneeurope.com\/de\/wp-json\/wp\/v2\/product_cat?post=12192"},{"taxonomy":"product_tag","embeddable":true,"href":"https:\/\/gliptoneeurope.com\/de\/wp-json\/wp\/v2\/product_tag?post=12192"}],"curies":[{"name":"wp","href":"https:\/\/api.w.org\/{rel}","templated":true}]}}