{"id":12156,"date":"2020-04-07T21:47:40","date_gmt":"2021-11-30T11:46:16","guid":{"rendered":"https:\/\/gliptoneeurope.com\/product\/glanz-anzeigen\/"},"modified":"2021-11-30T11:46:16","modified_gmt":"2021-11-30T11:46:16","slug":"show-glanz","status":"publish","type":"product","link":"https:\/\/gliptoneeurope.com\/de\/produkt\/show-glanz\/","title":{"rendered":"Glanz anzeigen"},"content":{"rendered":"<p>Show Gloss ist unsere fl\u00fcssige, gl\u00e4nzende Wachsformel mit Carnaubawachs, die schnell und einfach aufgetragen werden kann, um ein erstklassiges Wachs-Finish zu erzielen.<\/p>\n<p>Nach dem Auftragen l\u00f6st es sanft Teer, Saft und Stra\u00dfenfilm auf der Karosserie.<\/p>\n<p>Nach dem Trocknen hinterl\u00e4sst es eine reichhaltige, sch\u00fctzende Schicht aus Carnaubawachs in einem brillanten, lang anhaltenden Glanz. Ausgezeichnetes \u201eTop Coat\u201c oder Pflegewachs.<\/p>\n<p><a href=\"https:\/\/gliptoneeurope.com\/product\/clearcoat-wax-1-gall-3-8l\/\">Clearcoat Wax<\/a> und <a href=\"https:\/\/gliptoneeurope.com\/product\/yellow-cream-wax-1-gall-3-8l\/\">Yellow Cream Wax<\/a> sind beides gro\u00dfartige Alternativen f\u00fcr den professionellen Gebrauch, erh\u00e4ltlich in einer 3,8-Liter-Flasche.<\/p>\n<p>16 Unzen. 470ml.<\/p>\n","protected":false},"excerpt":{"rendered":"<p>Show Gloss ist unsere fl\u00fcssige, gl\u00e4nzende Wachsformel mit Carnaubawachs, die schnell und einfach aufgetragen werden kann, um ein erstklassiges Wachs-Finish zu erzielen. Nach dem Auftragen l\u00f6st es sanft Teer, Saft und Stra\u00dfenfilm auf der Karosserie. Nach dem Trocknen hinterl\u00e4sst es eine reichhaltige, sch\u00fctzende Schicht aus Carnaubawachs in einem brillanten, lang anhaltenden Glanz. Ausgezeichnetes \u201eTop Coat\u201c [&hellip;]<\/p>\n","protected":false},"featured_media":10261,"template":"","meta":[],"product_brand":[],"product_cat":[106],"product_tag":[],"class_list":{"0":"post-12156","1":"product","2":"type-product","3":"status-publish","4":"has-post-thumbnail","6":"product_cat-ausendetailer-polituren","8":"first","9":"instock","10":"taxable","11":"shipping-taxable","12":"purchasable","13":"product-type-simple"},"yoast_head":"<!-- This site is optimized with the Yoast SEO Premium plugin v21.4 (Yoast SEO v27.4) - https:\/\/yoast.com\/product\/yoast-seo-premium-wordpress\/ -->\n<title>Glanz anzeigen - Gliptone Europe<\/title>\n<meta name=\"description\" content=\"Show Gloss ist unsere fl\u00fcssige, gl\u00e4nzende Wachsformel mit Carnaubawachs, die schnell und einfach aufgetragen werden kann, um ein erstklassiges Wachs-Finish zu erzielen.\" \/>\n<meta name=\"robots\" content=\"index, follow, max-snippet:-1, max-image-preview:large, max-video-preview:-1\" \/>\n<link rel=\"canonical\" href=\"https:\/\/gliptoneeurope.com\/de\/produkt\/show-glanz\/\" \/>\n<meta property=\"og:locale\" content=\"de_DE\" \/>\n<meta property=\"og:type\" content=\"article\" \/>\n<meta property=\"og:title\" content=\"Glanz anzeigen\" \/>\n<meta property=\"og:description\" content=\"Show Gloss ist unsere fl\u00fcssige, gl\u00e4nzende Wachsformel mit Carnaubawachs, die schnell und einfach aufgetragen werden kann, um ein erstklassiges\" \/>\n<meta property=\"og:url\" content=\"https:\/\/gliptoneeurope.com\/de\/produkt\/show-glanz\/\" \/>\n<meta property=\"og:site_name\" content=\"Gliptone Europe\" \/>\n<meta property=\"article:publisher\" content=\"https:\/\/www.facebook.com\/gliptoneeurope\/\" \/>\n<meta property=\"og:image\" content=\"https:\/\/gliptoneeurope.com\/wp-content\/uploads\/Show-Gloss.jpg\" \/>\n\t<meta property=\"og:image:width\" content=\"1772\" \/>\n\t<meta property=\"og:image:height\" content=\"1772\" \/>\n\t<meta property=\"og:image:type\" content=\"image\/jpeg\" \/>\n<meta name=\"twitter:card\" content=\"summary_large_image\" \/>\n<script type=\"application\/ld+json\" class=\"yoast-schema-graph\">{\"@context\":\"https:\\\/\\\/schema.org\",\"@graph\":[{\"@type\":\"WebPage\",\"@id\":\"https:\\\/\\\/gliptoneeurope.com\\\/de\\\/produkt\\\/show-glanz\\\/\",\"url\":\"https:\\\/\\\/gliptoneeurope.com\\\/de\\\/produkt\\\/show-glanz\\\/\",\"name\":\"Glanz anzeigen - Gliptone Europe\",\"isPartOf\":{\"@id\":\"https:\\\/\\\/gliptoneeurope.com\\\/#website\"},\"primaryImageOfPage\":{\"@id\":\"https:\\\/\\\/gliptoneeurope.com\\\/de\\\/produkt\\\/show-glanz\\\/#primaryimage\"},\"image\":{\"@id\":\"https:\\\/\\\/gliptoneeurope.com\\\/de\\\/produkt\\\/show-glanz\\\/#primaryimage\"},\"thumbnailUrl\":\"https:\\\/\\\/gliptoneeurope.com\\\/wp-content\\\/uploads\\\/Show-Gloss.jpg\",\"datePublished\":\"2021-11-30T11:46:16+00:00\",\"description\":\"Show Gloss ist unsere fl\u00fcssige, gl\u00e4nzende Wachsformel mit Carnaubawachs, die schnell und einfach aufgetragen werden kann, um ein erstklassiges Wachs-Finish zu erzielen.\",\"breadcrumb\":{\"@id\":\"https:\\\/\\\/gliptoneeurope.com\\\/de\\\/produkt\\\/show-glanz\\\/#breadcrumb\"},\"inLanguage\":\"de\",\"potentialAction\":[{\"@type\":\"ReadAction\",\"target\":[\"https:\\\/\\\/gliptoneeurope.com\\\/de\\\/produkt\\\/show-glanz\\\/\"]}]},{\"@type\":\"ImageObject\",\"inLanguage\":\"de\",\"@id\":\"https:\\\/\\\/gliptoneeurope.com\\\/de\\\/produkt\\\/show-glanz\\\/#primaryimage\",\"url\":\"https:\\\/\\\/gliptoneeurope.com\\\/wp-content\\\/uploads\\\/Show-Gloss.jpg\",\"contentUrl\":\"https:\\\/\\\/gliptoneeurope.com\\\/wp-content\\\/uploads\\\/Show-Gloss.jpg\",\"width\":1772,\"height\":1772,\"caption\":\"Glanz anzeigen\"},{\"@type\":\"BreadcrumbList\",\"@id\":\"https:\\\/\\\/gliptoneeurope.com\\\/de\\\/produkt\\\/show-glanz\\\/#breadcrumb\",\"itemListElement\":[{\"@type\":\"ListItem\",\"position\":1,\"name\":\"Home\",\"item\":\"https:\\\/\\\/gliptoneeurope.com\\\/\"},{\"@type\":\"ListItem\",\"position\":2,\"name\":\"Shop\",\"item\":\"https:\\\/\\\/gliptoneeurope.com\\\/de\\\/shop-2\\\/\"},{\"@type\":\"ListItem\",\"position\":3,\"name\":\"Glanz anzeigen\"}]},{\"@type\":\"WebSite\",\"@id\":\"https:\\\/\\\/gliptoneeurope.com\\\/#website\",\"url\":\"https:\\\/\\\/gliptoneeurope.com\\\/\",\"name\":\"Gliptone Europe\",\"description\":\"Professional Car Detailing Products\",\"publisher\":{\"@id\":\"https:\\\/\\\/gliptoneeurope.com\\\/#organization\"},\"potentialAction\":[{\"@type\":\"SearchAction\",\"target\":{\"@type\":\"EntryPoint\",\"urlTemplate\":\"https:\\\/\\\/gliptoneeurope.com\\\/?s={search_term_string}\"},\"query-input\":{\"@type\":\"PropertyValueSpecification\",\"valueRequired\":true,\"valueName\":\"search_term_string\"}}],\"inLanguage\":\"de\"},{\"@type\":\"Organization\",\"@id\":\"https:\\\/\\\/gliptoneeurope.com\\\/#organization\",\"name\":\"Gliptone Europe\",\"url\":\"https:\\\/\\\/gliptoneeurope.com\\\/\",\"logo\":{\"@type\":\"ImageObject\",\"inLanguage\":\"de\",\"@id\":\"https:\\\/\\\/gliptoneeurope.com\\\/#\\\/schema\\\/logo\\\/image\\\/\",\"url\":\"https:\\\/\\\/gliptoneeurope.com\\\/wp-content\\\/uploads\\\/Gliptone_Logo.png\",\"contentUrl\":\"https:\\\/\\\/gliptoneeurope.com\\\/wp-content\\\/uploads\\\/Gliptone_Logo.png\",\"width\":1472,\"height\":607,\"caption\":\"Gliptone Europe\"},\"image\":{\"@id\":\"https:\\\/\\\/gliptoneeurope.com\\\/#\\\/schema\\\/logo\\\/image\\\/\"},\"sameAs\":[\"https:\\\/\\\/www.facebook.com\\\/gliptoneeurope\\\/\",\"https:\\\/\\\/www.instagram.com\\\/gliptoneeurope\\\/\",\"https:\\\/\\\/www.pinterest.co.uk\\\/GliptoneEurope\\\/\"]}]}<\/script>\n<!-- \/ Yoast SEO Premium plugin. -->","yoast_head_json":{"title":"Glanz anzeigen - Gliptone Europe","description":"Show Gloss ist unsere fl\u00fcssige, gl\u00e4nzende Wachsformel mit Carnaubawachs, die schnell und einfach aufgetragen werden kann, um ein erstklassiges Wachs-Finish zu erzielen.","robots":{"index":"index","follow":"follow","max-snippet":"max-snippet:-1","max-image-preview":"max-image-preview:large","max-video-preview":"max-video-preview:-1"},"canonical":"https:\/\/gliptoneeurope.com\/de\/produkt\/show-glanz\/","og_locale":"de_DE","og_type":"article","og_title":"Glanz anzeigen","og_description":"Show Gloss ist unsere fl\u00fcssige, gl\u00e4nzende Wachsformel mit Carnaubawachs, die schnell und einfach aufgetragen werden kann, um ein erstklassiges","og_url":"https:\/\/gliptoneeurope.com\/de\/produkt\/show-glanz\/","og_site_name":"Gliptone Europe","article_publisher":"https:\/\/www.facebook.com\/gliptoneeurope\/","og_image":[{"width":1772,"height":1772,"url":"https:\/\/gliptoneeurope.com\/wp-content\/uploads\/Show-Gloss.jpg","type":"image\/jpeg"}],"twitter_card":"summary_large_image","schema":{"@context":"https:\/\/schema.org","@graph":[{"@type":"WebPage","@id":"https:\/\/gliptoneeurope.com\/de\/produkt\/show-glanz\/","url":"https:\/\/gliptoneeurope.com\/de\/produkt\/show-glanz\/","name":"Glanz anzeigen - Gliptone Europe","isPartOf":{"@id":"https:\/\/gliptoneeurope.com\/#website"},"primaryImageOfPage":{"@id":"https:\/\/gliptoneeurope.com\/de\/produkt\/show-glanz\/#primaryimage"},"image":{"@id":"https:\/\/gliptoneeurope.com\/de\/produkt\/show-glanz\/#primaryimage"},"thumbnailUrl":"https:\/\/gliptoneeurope.com\/wp-content\/uploads\/Show-Gloss.jpg","datePublished":"2021-11-30T11:46:16+00:00","description":"Show Gloss ist unsere fl\u00fcssige, gl\u00e4nzende Wachsformel mit Carnaubawachs, die schnell und einfach aufgetragen werden kann, um ein erstklassiges Wachs-Finish zu erzielen.","breadcrumb":{"@id":"https:\/\/gliptoneeurope.com\/de\/produkt\/show-glanz\/#breadcrumb"},"inLanguage":"de","potentialAction":[{"@type":"ReadAction","target":["https:\/\/gliptoneeurope.com\/de\/produkt\/show-glanz\/"]}]},{"@type":"ImageObject","inLanguage":"de","@id":"https:\/\/gliptoneeurope.com\/de\/produkt\/show-glanz\/#primaryimage","url":"https:\/\/gliptoneeurope.com\/wp-content\/uploads\/Show-Gloss.jpg","contentUrl":"https:\/\/gliptoneeurope.com\/wp-content\/uploads\/Show-Gloss.jpg","width":1772,"height":1772,"caption":"Glanz anzeigen"},{"@type":"BreadcrumbList","@id":"https:\/\/gliptoneeurope.com\/de\/produkt\/show-glanz\/#breadcrumb","itemListElement":[{"@type":"ListItem","position":1,"name":"Home","item":"https:\/\/gliptoneeurope.com\/"},{"@type":"ListItem","position":2,"name":"Shop","item":"https:\/\/gliptoneeurope.com\/de\/shop-2\/"},{"@type":"ListItem","position":3,"name":"Glanz anzeigen"}]},{"@type":"WebSite","@id":"https:\/\/gliptoneeurope.com\/#website","url":"https:\/\/gliptoneeurope.com\/","name":"Gliptone Europe","description":"Professional Car Detailing Products","publisher":{"@id":"https:\/\/gliptoneeurope.com\/#organization"},"potentialAction":[{"@type":"SearchAction","target":{"@type":"EntryPoint","urlTemplate":"https:\/\/gliptoneeurope.com\/?s={search_term_string}"},"query-input":{"@type":"PropertyValueSpecification","valueRequired":true,"valueName":"search_term_string"}}],"inLanguage":"de"},{"@type":"Organization","@id":"https:\/\/gliptoneeurope.com\/#organization","name":"Gliptone Europe","url":"https:\/\/gliptoneeurope.com\/","logo":{"@type":"ImageObject","inLanguage":"de","@id":"https:\/\/gliptoneeurope.com\/#\/schema\/logo\/image\/","url":"https:\/\/gliptoneeurope.com\/wp-content\/uploads\/Gliptone_Logo.png","contentUrl":"https:\/\/gliptoneeurope.com\/wp-content\/uploads\/Gliptone_Logo.png","width":1472,"height":607,"caption":"Gliptone Europe"},"image":{"@id":"https:\/\/gliptoneeurope.com\/#\/schema\/logo\/image\/"},"sameAs":["https:\/\/www.facebook.com\/gliptoneeurope\/","https:\/\/www.instagram.com\/gliptoneeurope\/","https:\/\/www.pinterest.co.uk\/GliptoneEurope\/"]}]}},"wcpa_form_fields":null,"_links":{"self":[{"href":"https:\/\/gliptoneeurope.com\/de\/wp-json\/wp\/v2\/product\/12156","targetHints":{"allow":["GET"]}}],"collection":[{"href":"https:\/\/gliptoneeurope.com\/de\/wp-json\/wp\/v2\/product"}],"about":[{"href":"https:\/\/gliptoneeurope.com\/de\/wp-json\/wp\/v2\/types\/product"}],"wp:featuredmedia":[{"embeddable":true,"href":"https:\/\/gliptoneeurope.com\/de\/wp-json\/wp\/v2\/media\/10261"}],"wp:attachment":[{"href":"https:\/\/gliptoneeurope.com\/de\/wp-json\/wp\/v2\/media?parent=12156"}],"wp:term":[{"taxonomy":"product_brand","embeddable":true,"href":"https:\/\/gliptoneeurope.com\/de\/wp-json\/wp\/v2\/product_brand?post=12156"},{"taxonomy":"product_cat","embeddable":true,"href":"https:\/\/gliptoneeurope.com\/de\/wp-json\/wp\/v2\/product_cat?post=12156"},{"taxonomy":"product_tag","embeddable":true,"href":"https:\/\/gliptoneeurope.com\/de\/wp-json\/wp\/v2\/product_tag?post=12156"}],"curies":[{"name":"wp","href":"https:\/\/api.w.org\/{rel}","templated":true}]}}