{"id":12155,"date":"2020-04-07T23:12:15","date_gmt":"2021-11-30T11:46:16","guid":{"rendered":"https:\/\/gliptoneeurope.com\/product\/glasreiniger-mit-antistatik\/"},"modified":"2021-11-30T11:46:16","modified_gmt":"2021-11-30T11:46:16","slug":"glasreiniger-mit-antistatik","status":"publish","type":"product","link":"https:\/\/gliptoneeurope.com\/de\/produkt\/glasreiniger-mit-antistatik\/","title":{"rendered":"Glasreiniger mit Antistatik"},"content":{"rendered":"<p>Der Glasreiniger von GLIPTONE ist eine streifenfreie Formulierung, die keine Verd\u00fcnnung erfordert. Dieser Glasreiniger weist Staub und Schmutz ab und h\u00e4lt das Glas l\u00e4nger sauber. Perfekt f\u00fcr alle Reinigungsanwendungen von Glas und harten Oberfl\u00e4chen. F\u00fcr beste Ergebnisse mit Gliptone Soft-Touch-Fenstertuch oder Waffeltuch verwenden. Verwenden Sie nicht zu viel Produkt \u2013 weniger ist mehr! Bei Bedarf 2 Bewerbungen machen. Sch\u00e4digt nicht die Fenstert\u00f6nungsfolie.<\/p>\n<p>22oz. 470ml.<\/p>\n","protected":false},"excerpt":{"rendered":"<p>Der Glasreiniger von GLIPTONE ist eine streifenfreie Formulierung, die keine Verd\u00fcnnung erfordert. Dieser Glasreiniger weist Staub und Schmutz ab und h\u00e4lt das Glas l\u00e4nger sauber. Perfekt f\u00fcr alle Reinigungsanwendungen von Glas und harten Oberfl\u00e4chen. F\u00fcr beste Ergebnisse mit Gliptone Soft-Touch-Fenstertuch oder Waffeltuch verwenden. Verwenden Sie nicht zu viel Produkt \u2013 weniger ist mehr! Bei Bedarf [&hellip;]<\/p>\n","protected":false},"featured_media":18506,"template":"","meta":[],"product_brand":[],"product_cat":[150],"product_tag":[],"class_list":{"0":"post-12155","1":"product","2":"type-product","3":"status-publish","4":"has-post-thumbnail","6":"product_cat-ausere-verbande","8":"first","9":"instock","10":"taxable","11":"shipping-taxable","12":"purchasable","13":"product-type-variable"},"yoast_head":"<!-- This site is optimized with the Yoast SEO Premium plugin v21.4 (Yoast SEO v27.5) - https:\/\/yoast.com\/product\/yoast-seo-premium-wordpress\/ -->\n<title>Glasreiniger mit Antistatik - Gliptone Europe<\/title>\n<meta name=\"description\" content=\"Unser Glasreiniger ist eine streifenfreie Formulierung, die keine Verd\u00fcnnung erfordert. Wirkt gut bei der Abwehr von Staub und Schmutz und h\u00e4lt das Glas sauber.\" \/>\n<meta name=\"robots\" content=\"index, follow, max-snippet:-1, max-image-preview:large, max-video-preview:-1\" \/>\n<link rel=\"canonical\" href=\"https:\/\/gliptoneeurope.com\/de\/produkt\/glasreiniger-mit-antistatik\/\" \/>\n<meta property=\"og:locale\" content=\"de_DE\" \/>\n<meta property=\"og:type\" content=\"article\" \/>\n<meta property=\"og:title\" content=\"Glasreiniger mit Antistatik\" \/>\n<meta property=\"og:description\" content=\"Der Glasreiniger von GLIPTONE ist eine streifenfreie Formulierung, die keine Verd\u00fcnnung erfordert. Dieser Glasreiniger weist Staub und Schmutz ab und h\u00e4lt\" \/>\n<meta property=\"og:url\" content=\"https:\/\/gliptoneeurope.com\/de\/produkt\/glasreiniger-mit-antistatik\/\" \/>\n<meta property=\"og:site_name\" content=\"Gliptone Europe\" \/>\n<meta property=\"article:publisher\" content=\"https:\/\/www.facebook.com\/gliptoneeurope\/\" \/>\n<meta property=\"og:image\" content=\"https:\/\/gliptoneeurope.com\/wp-content\/uploads\/Glass-Cleaner-1.jpg\" \/>\n\t<meta property=\"og:image:width\" content=\"1654\" \/>\n\t<meta property=\"og:image:height\" content=\"1621\" \/>\n\t<meta property=\"og:image:type\" content=\"image\/jpeg\" \/>\n<meta name=\"twitter:card\" content=\"summary_large_image\" \/>\n<script type=\"application\/ld+json\" class=\"yoast-schema-graph\">{\"@context\":\"https:\\\/\\\/schema.org\",\"@graph\":[{\"@type\":\"WebPage\",\"@id\":\"https:\\\/\\\/gliptoneeurope.com\\\/de\\\/produkt\\\/glasreiniger-mit-antistatik\\\/\",\"url\":\"https:\\\/\\\/gliptoneeurope.com\\\/de\\\/produkt\\\/glasreiniger-mit-antistatik\\\/\",\"name\":\"Glasreiniger mit Antistatik - Gliptone Europe\",\"isPartOf\":{\"@id\":\"https:\\\/\\\/gliptoneeurope.com\\\/#website\"},\"primaryImageOfPage\":{\"@id\":\"https:\\\/\\\/gliptoneeurope.com\\\/de\\\/produkt\\\/glasreiniger-mit-antistatik\\\/#primaryimage\"},\"image\":{\"@id\":\"https:\\\/\\\/gliptoneeurope.com\\\/de\\\/produkt\\\/glasreiniger-mit-antistatik\\\/#primaryimage\"},\"thumbnailUrl\":\"https:\\\/\\\/gliptoneeurope.com\\\/wp-content\\\/uploads\\\/Glass-Cleaner-1.jpg\",\"datePublished\":\"2021-11-30T11:46:16+00:00\",\"description\":\"Unser Glasreiniger ist eine streifenfreie Formulierung, die keine Verd\u00fcnnung erfordert. Wirkt gut bei der Abwehr von Staub und Schmutz und h\u00e4lt das Glas sauber.\",\"breadcrumb\":{\"@id\":\"https:\\\/\\\/gliptoneeurope.com\\\/de\\\/produkt\\\/glasreiniger-mit-antistatik\\\/#breadcrumb\"},\"inLanguage\":\"de\",\"potentialAction\":[{\"@type\":\"ReadAction\",\"target\":[\"https:\\\/\\\/gliptoneeurope.com\\\/de\\\/produkt\\\/glasreiniger-mit-antistatik\\\/\"]}]},{\"@type\":\"ImageObject\",\"inLanguage\":\"de\",\"@id\":\"https:\\\/\\\/gliptoneeurope.com\\\/de\\\/produkt\\\/glasreiniger-mit-antistatik\\\/#primaryimage\",\"url\":\"https:\\\/\\\/gliptoneeurope.com\\\/wp-content\\\/uploads\\\/Glass-Cleaner-1.jpg\",\"contentUrl\":\"https:\\\/\\\/gliptoneeurope.com\\\/wp-content\\\/uploads\\\/Glass-Cleaner-1.jpg\",\"width\":1654,\"height\":1621},{\"@type\":\"BreadcrumbList\",\"@id\":\"https:\\\/\\\/gliptoneeurope.com\\\/de\\\/produkt\\\/glasreiniger-mit-antistatik\\\/#breadcrumb\",\"itemListElement\":[{\"@type\":\"ListItem\",\"position\":1,\"name\":\"Home\",\"item\":\"https:\\\/\\\/gliptoneeurope.com\\\/\"},{\"@type\":\"ListItem\",\"position\":2,\"name\":\"Shop\",\"item\":\"https:\\\/\\\/gliptoneeurope.com\\\/de\\\/shop-2\\\/\"},{\"@type\":\"ListItem\",\"position\":3,\"name\":\"Glasreiniger mit Antistatik\"}]},{\"@type\":\"WebSite\",\"@id\":\"https:\\\/\\\/gliptoneeurope.com\\\/#website\",\"url\":\"https:\\\/\\\/gliptoneeurope.com\\\/\",\"name\":\"Gliptone Europe\",\"description\":\"Professional Car Detailing Products\",\"publisher\":{\"@id\":\"https:\\\/\\\/gliptoneeurope.com\\\/#organization\"},\"potentialAction\":[{\"@type\":\"SearchAction\",\"target\":{\"@type\":\"EntryPoint\",\"urlTemplate\":\"https:\\\/\\\/gliptoneeurope.com\\\/?s={search_term_string}\"},\"query-input\":{\"@type\":\"PropertyValueSpecification\",\"valueRequired\":true,\"valueName\":\"search_term_string\"}}],\"inLanguage\":\"de\"},{\"@type\":\"Organization\",\"@id\":\"https:\\\/\\\/gliptoneeurope.com\\\/#organization\",\"name\":\"Gliptone Europe\",\"url\":\"https:\\\/\\\/gliptoneeurope.com\\\/\",\"logo\":{\"@type\":\"ImageObject\",\"inLanguage\":\"de\",\"@id\":\"https:\\\/\\\/gliptoneeurope.com\\\/#\\\/schema\\\/logo\\\/image\\\/\",\"url\":\"https:\\\/\\\/gliptoneeurope.com\\\/wp-content\\\/uploads\\\/Gliptone_Logo.png\",\"contentUrl\":\"https:\\\/\\\/gliptoneeurope.com\\\/wp-content\\\/uploads\\\/Gliptone_Logo.png\",\"width\":1472,\"height\":607,\"caption\":\"Gliptone Europe\"},\"image\":{\"@id\":\"https:\\\/\\\/gliptoneeurope.com\\\/#\\\/schema\\\/logo\\\/image\\\/\"},\"sameAs\":[\"https:\\\/\\\/www.facebook.com\\\/gliptoneeurope\\\/\",\"https:\\\/\\\/www.instagram.com\\\/gliptoneeurope\\\/\",\"https:\\\/\\\/www.pinterest.co.uk\\\/GliptoneEurope\\\/\"]}]}<\/script>\n<!-- \/ Yoast SEO Premium plugin. -->","yoast_head_json":{"title":"Glasreiniger mit Antistatik - Gliptone Europe","description":"Unser Glasreiniger ist eine streifenfreie Formulierung, die keine Verd\u00fcnnung erfordert. Wirkt gut bei der Abwehr von Staub und Schmutz und h\u00e4lt das Glas sauber.","robots":{"index":"index","follow":"follow","max-snippet":"max-snippet:-1","max-image-preview":"max-image-preview:large","max-video-preview":"max-video-preview:-1"},"canonical":"https:\/\/gliptoneeurope.com\/de\/produkt\/glasreiniger-mit-antistatik\/","og_locale":"de_DE","og_type":"article","og_title":"Glasreiniger mit Antistatik","og_description":"Der Glasreiniger von GLIPTONE ist eine streifenfreie Formulierung, die keine Verd\u00fcnnung erfordert. Dieser Glasreiniger weist Staub und Schmutz ab und h\u00e4lt","og_url":"https:\/\/gliptoneeurope.com\/de\/produkt\/glasreiniger-mit-antistatik\/","og_site_name":"Gliptone Europe","article_publisher":"https:\/\/www.facebook.com\/gliptoneeurope\/","og_image":[{"width":1654,"height":1621,"url":"https:\/\/gliptoneeurope.com\/wp-content\/uploads\/Glass-Cleaner-1.jpg","type":"image\/jpeg"}],"twitter_card":"summary_large_image","schema":{"@context":"https:\/\/schema.org","@graph":[{"@type":"WebPage","@id":"https:\/\/gliptoneeurope.com\/de\/produkt\/glasreiniger-mit-antistatik\/","url":"https:\/\/gliptoneeurope.com\/de\/produkt\/glasreiniger-mit-antistatik\/","name":"Glasreiniger mit Antistatik - Gliptone Europe","isPartOf":{"@id":"https:\/\/gliptoneeurope.com\/#website"},"primaryImageOfPage":{"@id":"https:\/\/gliptoneeurope.com\/de\/produkt\/glasreiniger-mit-antistatik\/#primaryimage"},"image":{"@id":"https:\/\/gliptoneeurope.com\/de\/produkt\/glasreiniger-mit-antistatik\/#primaryimage"},"thumbnailUrl":"https:\/\/gliptoneeurope.com\/wp-content\/uploads\/Glass-Cleaner-1.jpg","datePublished":"2021-11-30T11:46:16+00:00","description":"Unser Glasreiniger ist eine streifenfreie Formulierung, die keine Verd\u00fcnnung erfordert. Wirkt gut bei der Abwehr von Staub und Schmutz und h\u00e4lt das Glas sauber.","breadcrumb":{"@id":"https:\/\/gliptoneeurope.com\/de\/produkt\/glasreiniger-mit-antistatik\/#breadcrumb"},"inLanguage":"de","potentialAction":[{"@type":"ReadAction","target":["https:\/\/gliptoneeurope.com\/de\/produkt\/glasreiniger-mit-antistatik\/"]}]},{"@type":"ImageObject","inLanguage":"de","@id":"https:\/\/gliptoneeurope.com\/de\/produkt\/glasreiniger-mit-antistatik\/#primaryimage","url":"https:\/\/gliptoneeurope.com\/wp-content\/uploads\/Glass-Cleaner-1.jpg","contentUrl":"https:\/\/gliptoneeurope.com\/wp-content\/uploads\/Glass-Cleaner-1.jpg","width":1654,"height":1621},{"@type":"BreadcrumbList","@id":"https:\/\/gliptoneeurope.com\/de\/produkt\/glasreiniger-mit-antistatik\/#breadcrumb","itemListElement":[{"@type":"ListItem","position":1,"name":"Home","item":"https:\/\/gliptoneeurope.com\/"},{"@type":"ListItem","position":2,"name":"Shop","item":"https:\/\/gliptoneeurope.com\/de\/shop-2\/"},{"@type":"ListItem","position":3,"name":"Glasreiniger mit Antistatik"}]},{"@type":"WebSite","@id":"https:\/\/gliptoneeurope.com\/#website","url":"https:\/\/gliptoneeurope.com\/","name":"Gliptone Europe","description":"Professional Car Detailing Products","publisher":{"@id":"https:\/\/gliptoneeurope.com\/#organization"},"potentialAction":[{"@type":"SearchAction","target":{"@type":"EntryPoint","urlTemplate":"https:\/\/gliptoneeurope.com\/?s={search_term_string}"},"query-input":{"@type":"PropertyValueSpecification","valueRequired":true,"valueName":"search_term_string"}}],"inLanguage":"de"},{"@type":"Organization","@id":"https:\/\/gliptoneeurope.com\/#organization","name":"Gliptone Europe","url":"https:\/\/gliptoneeurope.com\/","logo":{"@type":"ImageObject","inLanguage":"de","@id":"https:\/\/gliptoneeurope.com\/#\/schema\/logo\/image\/","url":"https:\/\/gliptoneeurope.com\/wp-content\/uploads\/Gliptone_Logo.png","contentUrl":"https:\/\/gliptoneeurope.com\/wp-content\/uploads\/Gliptone_Logo.png","width":1472,"height":607,"caption":"Gliptone Europe"},"image":{"@id":"https:\/\/gliptoneeurope.com\/#\/schema\/logo\/image\/"},"sameAs":["https:\/\/www.facebook.com\/gliptoneeurope\/","https:\/\/www.instagram.com\/gliptoneeurope\/","https:\/\/www.pinterest.co.uk\/GliptoneEurope\/"]}]}},"wcpa_form_fields":null,"_links":{"self":[{"href":"https:\/\/gliptoneeurope.com\/de\/wp-json\/wp\/v2\/product\/12155","targetHints":{"allow":["GET"]}}],"collection":[{"href":"https:\/\/gliptoneeurope.com\/de\/wp-json\/wp\/v2\/product"}],"about":[{"href":"https:\/\/gliptoneeurope.com\/de\/wp-json\/wp\/v2\/types\/product"}],"wp:featuredmedia":[{"embeddable":true,"href":"https:\/\/gliptoneeurope.com\/de\/wp-json\/wp\/v2\/media\/18506"}],"wp:attachment":[{"href":"https:\/\/gliptoneeurope.com\/de\/wp-json\/wp\/v2\/media?parent=12155"}],"wp:term":[{"taxonomy":"product_brand","embeddable":true,"href":"https:\/\/gliptoneeurope.com\/de\/wp-json\/wp\/v2\/product_brand?post=12155"},{"taxonomy":"product_cat","embeddable":true,"href":"https:\/\/gliptoneeurope.com\/de\/wp-json\/wp\/v2\/product_cat?post=12155"},{"taxonomy":"product_tag","embeddable":true,"href":"https:\/\/gliptoneeurope.com\/de\/wp-json\/wp\/v2\/product_tag?post=12155"}],"curies":[{"name":"wp","href":"https:\/\/api.w.org\/{rel}","templated":true}]}}